{"id":78073,"date":"2024-12-13T16:43:41","date_gmt":"2024-12-13T15:43:41","guid":{"rendered":"https:\/\/www.hoogstra-autosport.nl\/?post_type=product&#038;p=78073"},"modified":"2025-09-16T12:25:48","modified_gmt":"2025-09-16T10:25:48","slug":"swift-clean-foam-spray","status":"publish","type":"product","link":"https:\/\/www.hoogstra-autosport.nl\/de\/produkt\/swift-clean-foam-spray\/","title":{"rendered":"Swift Clean Foam Spray"},"content":{"rendered":"<p>Eurol Swift Clean Foam Spray ist ein vielseitiger Schaumreiniger, der speziell f\u00fcr die Reinigung und Entfettung verschiedener Oberfl\u00e4chen entwickelt wurde. Es ist wirksam f\u00fcr Glas, Kunststoff, Metall und andere wasserfest beschichtete Oberfl\u00e4chen. Das Produkt verspricht eine streifenfreie und r\u00fcckstandslose Reinigung.<\/p>\n<p>Der Schaumreiniger eignet sich besonders f\u00fcr die Entfernung verschiedener Verschmutzungen wie Staub, Nikotin, eingetrocknete Insektenreste und fettige Verunreinigungen. Sie k\u00f6nnen ihn auf Fenstern, Spiegeln, Teppichen, M\u00f6beln, T\u00fcren, Autoinnenr\u00e4umen und anderen \u00e4hnlichen Oberfl\u00e4chen verwenden.<\/p>\n<p>Dar\u00fcber hinaus ist dieser Schaumreiniger auch zur Entfernung von Fingerabdr\u00fccken auf elektronischen Ger\u00e4ten wie Fernsehern, Smartphones, Tablets, Laptops und anderen Bildschirmen geeignet. Er kann helfen, Bildschirme sauber und wischfest zu halten.<\/p>\n<p>Es ist immer ratsam, die Anweisungen auf der Produktverpackung zu befolgen, um beste Ergebnisse zu erzielen und m\u00f6gliche Sch\u00e4den an Oberfl\u00e4chen zu vermeiden.<\/p>","protected":false},"excerpt":{"rendered":"<p>Eurol Swift Clean Foam Spray is een veelzijdige schuimreiniger die speciaal is ontworpen voor het reinigen en ontvetten van verschillende oppervlakken. Het is effectief voor glas, plastic, metaal en andere waterbestendige gecoate oppervlakken. Het product belooft streeploos en residuvrij schoon te maken. De schuimreiniger is bijzonder geschikt voor het verwijderen van diverse soorten vervuiling, zoals [&hellip;]<\/p>\n","protected":false},"featured_media":78076,"template":"","meta":{"_acf_changed":false},"product_brand":[],"product_cat":[4008],"product_tag":[],"class_list":{"0":"post-78073","1":"product","2":"type-product","3":"status-publish","4":"has-post-thumbnail","6":"product_cat-werkplaats-vloeistoffen","8":"first","9":"instock","10":"taxable","11":"shipping-taxable","12":"purchasable","13":"product-type-simple"},"acf":[],"yoast_head":"<!-- This site is optimized with the Yoast SEO plugin v27.1.1 - https:\/\/yoast.com\/product\/yoast-seo-wordpress\/ -->\n<title>Swift Clean Foam Spray - Hoogstra Autosport<\/title>\n<meta name=\"robots\" content=\"index, follow, max-snippet:-1, max-image-preview:large, max-video-preview:-1\" \/>\n<link rel=\"canonical\" href=\"https:\/\/www.hoogstra-autosport.nl\/de\/produkt\/swift-clean-foam-spray\/\" \/>\n<meta property=\"og:locale\" content=\"de_DE\" \/>\n<meta property=\"og:type\" content=\"article\" \/>\n<meta property=\"og:title\" content=\"Swift Clean Foam Spray - Hoogstra Autosport\" \/>\n<meta property=\"og:description\" content=\"Eurol Swift Clean Foam Spray is een veelzijdige schuimreiniger die speciaal is ontworpen voor het reinigen en ontvetten van verschillende oppervlakken. Het is effectief voor glas, plastic, metaal en andere waterbestendige gecoate oppervlakken. Het product belooft streeploos en residuvrij schoon te maken. De schuimreiniger is bijzonder geschikt voor het verwijderen van diverse soorten vervuiling, zoals [&hellip;]\" \/>\n<meta property=\"og:url\" content=\"https:\/\/www.hoogstra-autosport.nl\/de\/produkt\/swift-clean-foam-spray\/\" \/>\n<meta property=\"og:site_name\" content=\"Hoogstra Autosport\" \/>\n<meta property=\"article:modified_time\" content=\"2025-09-16T10:25:48+00:00\" \/>\n<meta property=\"og:image\" content=\"https:\/\/www.hoogstra-autosport.nl\/teamkoen\/wp-content\/uploads\/2024\/12\/foam-1.jpg\" \/>\n\t<meta property=\"og:image:width\" content=\"986\" \/>\n\t<meta property=\"og:image:height\" content=\"986\" \/>\n\t<meta property=\"og:image:type\" content=\"image\/jpeg\" \/>\n<meta name=\"twitter:card\" content=\"summary_large_image\" \/>\n<meta name=\"twitter:label1\" content=\"Gesch\u00e4tzte Lesezeit\" \/>\n\t<meta name=\"twitter:data1\" content=\"1\u00a0Minute\" \/>\n<script type=\"application\/ld+json\" class=\"yoast-schema-graph\">{\"@context\":\"https:\/\/schema.org\",\"@graph\":[{\"@type\":\"WebPage\",\"@id\":\"https:\/\/www.hoogstra-autosport.nl\/product\/swift-clean-foam-spray\/\",\"url\":\"https:\/\/www.hoogstra-autosport.nl\/product\/swift-clean-foam-spray\/\",\"name\":\"Swift Clean Foam Spray - Hoogstra Autosport\",\"isPartOf\":{\"@id\":\"https:\/\/www.hoogstra-autosport.nl\/#website\"},\"primaryImageOfPage\":{\"@id\":\"https:\/\/www.hoogstra-autosport.nl\/product\/swift-clean-foam-spray\/#primaryimage\"},\"image\":{\"@id\":\"https:\/\/www.hoogstra-autosport.nl\/product\/swift-clean-foam-spray\/#primaryimage\"},\"thumbnailUrl\":\"https:\/\/www.hoogstra-autosport.nl\/teamkoen\/wp-content\/uploads\/2024\/12\/foam-1.jpg\",\"datePublished\":\"2024-12-13T15:43:41+00:00\",\"dateModified\":\"2025-09-16T10:25:48+00:00\",\"breadcrumb\":{\"@id\":\"https:\/\/www.hoogstra-autosport.nl\/product\/swift-clean-foam-spray\/#breadcrumb\"},\"inLanguage\":\"de\",\"potentialAction\":[{\"@type\":\"ReadAction\",\"target\":[\"https:\/\/www.hoogstra-autosport.nl\/product\/swift-clean-foam-spray\/\"]}]},{\"@type\":\"ImageObject\",\"inLanguage\":\"de\",\"@id\":\"https:\/\/www.hoogstra-autosport.nl\/product\/swift-clean-foam-spray\/#primaryimage\",\"url\":\"https:\/\/www.hoogstra-autosport.nl\/teamkoen\/wp-content\/uploads\/2024\/12\/foam-1.jpg\",\"contentUrl\":\"https:\/\/www.hoogstra-autosport.nl\/teamkoen\/wp-content\/uploads\/2024\/12\/foam-1.jpg\",\"width\":986,\"height\":986},{\"@type\":\"BreadcrumbList\",\"@id\":\"https:\/\/www.hoogstra-autosport.nl\/product\/swift-clean-foam-spray\/#breadcrumb\",\"itemListElement\":[{\"@type\":\"ListItem\",\"position\":1,\"name\":\"Home\",\"item\":\"https:\/\/www.hoogstra-autosport.nl\/\"},{\"@type\":\"ListItem\",\"position\":2,\"name\":\"Werkplaats\",\"item\":\"https:\/\/www.hoogstra-autosport.nl\/product-categorie\/garage-werkplaats-onderhoud\/\"},{\"@type\":\"ListItem\",\"position\":3,\"name\":\"Werkplaats Vloeistoffen\",\"item\":\"https:\/\/www.hoogstra-autosport.nl\/product-categorie\/garage-werkplaats-onderhoud\/werkplaats-vloeistoffen\/\"},{\"@type\":\"ListItem\",\"position\":4,\"name\":\"Swift Clean Foam Spray\"}]},{\"@type\":\"WebSite\",\"@id\":\"https:\/\/www.hoogstra-autosport.nl\/#website\",\"url\":\"https:\/\/www.hoogstra-autosport.nl\/\",\"name\":\"Hoogstra Autosport\",\"description\":\"Performance Autosport Parts!\",\"potentialAction\":[{\"@type\":\"SearchAction\",\"target\":{\"@type\":\"EntryPoint\",\"urlTemplate\":\"https:\/\/www.hoogstra-autosport.nl\/?s={search_term_string}\"},\"query-input\":{\"@type\":\"PropertyValueSpecification\",\"valueRequired\":true,\"valueName\":\"search_term_string\"}}],\"inLanguage\":\"de\"}]}<\/script>\n<!-- \/ Yoast SEO plugin. -->","yoast_head_json":{"title":"Swift Clean Foam Spray - Hoogstra Autosport","robots":{"index":"index","follow":"follow","max-snippet":"max-snippet:-1","max-image-preview":"max-image-preview:large","max-video-preview":"max-video-preview:-1"},"canonical":"https:\/\/www.hoogstra-autosport.nl\/de\/produkt\/swift-clean-foam-spray\/","og_locale":"de_DE","og_type":"article","og_title":"Swift Clean Foam Spray - Hoogstra Autosport","og_description":"Eurol Swift Clean Foam Spray is een veelzijdige schuimreiniger die speciaal is ontworpen voor het reinigen en ontvetten van verschillende oppervlakken. Het is effectief voor glas, plastic, metaal en andere waterbestendige gecoate oppervlakken. Het product belooft streeploos en residuvrij schoon te maken. De schuimreiniger is bijzonder geschikt voor het verwijderen van diverse soorten vervuiling, zoals [&hellip;]","og_url":"https:\/\/www.hoogstra-autosport.nl\/de\/produkt\/swift-clean-foam-spray\/","og_site_name":"Hoogstra Autosport","article_modified_time":"2025-09-16T10:25:48+00:00","og_image":[{"width":986,"height":986,"url":"https:\/\/www.hoogstra-autosport.nl\/teamkoen\/wp-content\/uploads\/2024\/12\/foam-1.jpg","type":"image\/jpeg"}],"twitter_card":"summary_large_image","twitter_misc":{"Gesch\u00e4tzte Lesezeit":"1\u00a0Minute"},"schema":{"@context":"https:\/\/schema.org","@graph":[{"@type":"WebPage","@id":"https:\/\/www.hoogstra-autosport.nl\/product\/swift-clean-foam-spray\/","url":"https:\/\/www.hoogstra-autosport.nl\/product\/swift-clean-foam-spray\/","name":"Swift Clean Foam Spray - Hoogstra Autosport","isPartOf":{"@id":"https:\/\/www.hoogstra-autosport.nl\/#website"},"primaryImageOfPage":{"@id":"https:\/\/www.hoogstra-autosport.nl\/product\/swift-clean-foam-spray\/#primaryimage"},"image":{"@id":"https:\/\/www.hoogstra-autosport.nl\/product\/swift-clean-foam-spray\/#primaryimage"},"thumbnailUrl":"https:\/\/www.hoogstra-autosport.nl\/teamkoen\/wp-content\/uploads\/2024\/12\/foam-1.jpg","datePublished":"2024-12-13T15:43:41+00:00","dateModified":"2025-09-16T10:25:48+00:00","breadcrumb":{"@id":"https:\/\/www.hoogstra-autosport.nl\/product\/swift-clean-foam-spray\/#breadcrumb"},"inLanguage":"de","potentialAction":[{"@type":"ReadAction","target":["https:\/\/www.hoogstra-autosport.nl\/product\/swift-clean-foam-spray\/"]}]},{"@type":"ImageObject","inLanguage":"de","@id":"https:\/\/www.hoogstra-autosport.nl\/product\/swift-clean-foam-spray\/#primaryimage","url":"https:\/\/www.hoogstra-autosport.nl\/teamkoen\/wp-content\/uploads\/2024\/12\/foam-1.jpg","contentUrl":"https:\/\/www.hoogstra-autosport.nl\/teamkoen\/wp-content\/uploads\/2024\/12\/foam-1.jpg","width":986,"height":986},{"@type":"BreadcrumbList","@id":"https:\/\/www.hoogstra-autosport.nl\/product\/swift-clean-foam-spray\/#breadcrumb","itemListElement":[{"@type":"ListItem","position":1,"name":"Home","item":"https:\/\/www.hoogstra-autosport.nl\/"},{"@type":"ListItem","position":2,"name":"Werkplaats","item":"https:\/\/www.hoogstra-autosport.nl\/product-categorie\/garage-werkplaats-onderhoud\/"},{"@type":"ListItem","position":3,"name":"Werkplaats Vloeistoffen","item":"https:\/\/www.hoogstra-autosport.nl\/product-categorie\/garage-werkplaats-onderhoud\/werkplaats-vloeistoffen\/"},{"@type":"ListItem","position":4,"name":"Swift Clean Foam Spray"}]},{"@type":"WebSite","@id":"https:\/\/www.hoogstra-autosport.nl\/#website","url":"https:\/\/www.hoogstra-autosport.nl\/","name":"Hoogstra Autosport","description":"Performance Autosport Parts!","potentialAction":[{"@type":"SearchAction","target":{"@type":"EntryPoint","urlTemplate":"https:\/\/www.hoogstra-autosport.nl\/?s={search_term_string}"},"query-input":{"@type":"PropertyValueSpecification","valueRequired":true,"valueName":"search_term_string"}}],"inLanguage":"de"}]}},"tiered_pricing_type":"fixed","tiered_pricing_fixed_rules":[],"tiered_pricing_product_settings":{"layout":"default","base_unit_name":{"singular":null,"plural":null},"default_variation":null},"tiered_pricing_minimum_quantity":null,"tiered_pricing_roles_data":[],"tiered_pricing_percentage_rules":[],"tiered_pricing_maximum_quantity":null,"tiered_pricing_quantity_step":null,"_links":{"self":[{"href":"https:\/\/www.hoogstra-autosport.nl\/de\/wp-json\/wp\/v2\/product\/78073","targetHints":{"allow":["GET"]}}],"collection":[{"href":"https:\/\/www.hoogstra-autosport.nl\/de\/wp-json\/wp\/v2\/product"}],"about":[{"href":"https:\/\/www.hoogstra-autosport.nl\/de\/wp-json\/wp\/v2\/types\/product"}],"wp:featuredmedia":[{"embeddable":true,"href":"https:\/\/www.hoogstra-autosport.nl\/de\/wp-json\/wp\/v2\/media\/78076"}],"wp:attachment":[{"href":"https:\/\/www.hoogstra-autosport.nl\/de\/wp-json\/wp\/v2\/media?parent=78073"}],"wp:term":[{"taxonomy":"product_brand","embeddable":true,"href":"https:\/\/www.hoogstra-autosport.nl\/de\/wp-json\/wp\/v2\/product_brand?post=78073"},{"taxonomy":"product_cat","embeddable":true,"href":"https:\/\/www.hoogstra-autosport.nl\/de\/wp-json\/wp\/v2\/product_cat?post=78073"},{"taxonomy":"product_tag","embeddable":true,"href":"https:\/\/www.hoogstra-autosport.nl\/de\/wp-json\/wp\/v2\/product_tag?post=78073"}],"curies":[{"name":"wp","href":"https:\/\/api.w.org\/{rel}","templated":true}]}}