{"id":77904,"date":"2024-12-10T14:03:30","date_gmt":"2024-12-10T13:03:30","guid":{"rendered":"https:\/\/www.hoogstra-autosport.nl\/?post_type=product&#038;p=77904"},"modified":"2024-12-10T14:03:30","modified_gmt":"2024-12-10T13:03:30","slug":"olietemperatuurmeter-adapter-met-push-on-tails","status":"publish","type":"product","link":"https:\/\/www.hoogstra-autosport.nl\/de\/produkt\/olietemperatuurmeter-adapter-met-push-on-tails\/","title":{"rendered":"Adapter f\u00fcr \u00d6ltemperaturmessger\u00e4t mit Stecknippeln"},"content":{"rendered":"<p>Adapter f\u00fcr Mocal-Temperaturmesser. Passt in die \u00d6lleitung, die zum K\u00fchler oder Au\u00dfenfilterkopf f\u00fchrt, um die Montage eines \u00d6ltemperaturgebers\/-sensors zu erm\u00f6glichen.<\/p>\n<p>Gewindetyp f\u00fcr Sensor 3\/8 BSP<\/p>\n<p>Dicke Aufgeschobener Schwanz 22mm<\/p>\n<p>Das Geh\u00e4use ist 55 mm breit (von links nach rechts im Bild), 52 mm tief (von vorne nach hinten im Bild) und 52 mm hoch.<\/p>\n<p>&nbsp;<\/p>","protected":false},"excerpt":{"rendered":"<p>Mocal temperatuurmeter adapter. Past in de olieleiding die leidt tot de koeler of externe filter hoofd naar de montage van een olietemperatuur zender \/ sensor in te schakelen. Draadsoort voor sensor 3\/8 BSP Dikte Push on tail 22mm De belangrijkste lichaam meet 55mm breed (van links naar rechts in de afbeelding), 52mm diep (voor naar [&hellip;]<\/p>\n","protected":false},"featured_media":77906,"template":"","meta":{"_acf_changed":false},"product_brand":[],"product_cat":[2705],"product_tag":[],"class_list":{"0":"post-77904","1":"product","2":"type-product","3":"status-publish","4":"has-post-thumbnail","6":"product_cat-adapterplaten","7":"product_shipping_class-4016","9":"first","10":"instock","11":"taxable","12":"shipping-taxable","13":"purchasable","14":"product-type-simple"},"acf":[],"yoast_head":"<!-- This site is optimized with the Yoast SEO plugin v27.1.1 - https:\/\/yoast.com\/product\/yoast-seo-wordpress\/ -->\n<title>Olietemperatuurmeter Adapter met Push-On Tails - Hoogstra Autosport<\/title>\n<meta name=\"robots\" content=\"index, follow, max-snippet:-1, max-image-preview:large, max-video-preview:-1\" \/>\n<link rel=\"canonical\" href=\"https:\/\/www.hoogstra-autosport.nl\/de\/produkt\/olietemperatuurmeter-adapter-met-push-on-tails\/\" \/>\n<meta property=\"og:locale\" content=\"de_DE\" \/>\n<meta property=\"og:type\" content=\"article\" \/>\n<meta property=\"og:title\" content=\"Olietemperatuurmeter Adapter met Push-On Tails - Hoogstra Autosport\" \/>\n<meta property=\"og:description\" content=\"Mocal temperatuurmeter adapter. Past in de olieleiding die leidt tot de koeler of externe filter hoofd naar de montage van een olietemperatuur zender \/ sensor in te schakelen. Draadsoort voor sensor 3\/8 BSP Dikte Push on tail 22mm De belangrijkste lichaam meet 55mm breed (van links naar rechts in de afbeelding), 52mm diep (voor naar [&hellip;]\" \/>\n<meta property=\"og:url\" content=\"https:\/\/www.hoogstra-autosport.nl\/de\/produkt\/olietemperatuurmeter-adapter-met-push-on-tails\/\" \/>\n<meta property=\"og:site_name\" content=\"Hoogstra Autosport\" \/>\n<meta property=\"og:image\" content=\"https:\/\/www.hoogstra-autosport.nl\/teamkoen\/content\/uploads\/2024\/12\/m_tga_po_1.jpg\" \/>\n\t<meta property=\"og:image:width\" content=\"400\" \/>\n\t<meta property=\"og:image:height\" content=\"400\" \/>\n\t<meta property=\"og:image:type\" content=\"image\/jpeg\" \/>\n<meta name=\"twitter:card\" content=\"summary_large_image\" \/>\n<meta name=\"twitter:label1\" content=\"Gesch\u00e4tzte Lesezeit\" \/>\n\t<meta name=\"twitter:data1\" content=\"1\u00a0Minute\" \/>\n<script type=\"application\/ld+json\" class=\"yoast-schema-graph\">{\"@context\":\"https:\/\/schema.org\",\"@graph\":[{\"@type\":\"WebPage\",\"@id\":\"https:\/\/www.hoogstra-autosport.nl\/product\/olietemperatuurmeter-adapter-met-push-on-tails\/\",\"url\":\"https:\/\/www.hoogstra-autosport.nl\/product\/olietemperatuurmeter-adapter-met-push-on-tails\/\",\"name\":\"Olietemperatuurmeter Adapter met Push-On Tails - Hoogstra Autosport\",\"isPartOf\":{\"@id\":\"https:\/\/www.hoogstra-autosport.nl\/#website\"},\"primaryImageOfPage\":{\"@id\":\"https:\/\/www.hoogstra-autosport.nl\/product\/olietemperatuurmeter-adapter-met-push-on-tails\/#primaryimage\"},\"image\":{\"@id\":\"https:\/\/www.hoogstra-autosport.nl\/product\/olietemperatuurmeter-adapter-met-push-on-tails\/#primaryimage\"},\"thumbnailUrl\":\"https:\/\/www.hoogstra-autosport.nl\/teamkoen\/wp-content\/uploads\/2024\/12\/m_tga_po_1.jpg\",\"datePublished\":\"2024-12-10T13:03:30+00:00\",\"breadcrumb\":{\"@id\":\"https:\/\/www.hoogstra-autosport.nl\/product\/olietemperatuurmeter-adapter-met-push-on-tails\/#breadcrumb\"},\"inLanguage\":\"de\",\"potentialAction\":[{\"@type\":\"ReadAction\",\"target\":[\"https:\/\/www.hoogstra-autosport.nl\/product\/olietemperatuurmeter-adapter-met-push-on-tails\/\"]}]},{\"@type\":\"ImageObject\",\"inLanguage\":\"de\",\"@id\":\"https:\/\/www.hoogstra-autosport.nl\/product\/olietemperatuurmeter-adapter-met-push-on-tails\/#primaryimage\",\"url\":\"https:\/\/www.hoogstra-autosport.nl\/teamkoen\/wp-content\/uploads\/2024\/12\/m_tga_po_1.jpg\",\"contentUrl\":\"https:\/\/www.hoogstra-autosport.nl\/teamkoen\/wp-content\/uploads\/2024\/12\/m_tga_po_1.jpg\",\"width\":400,\"height\":400},{\"@type\":\"BreadcrumbList\",\"@id\":\"https:\/\/www.hoogstra-autosport.nl\/product\/olietemperatuurmeter-adapter-met-push-on-tails\/#breadcrumb\",\"itemListElement\":[{\"@type\":\"ListItem\",\"position\":1,\"name\":\"Home\",\"item\":\"https:\/\/www.hoogstra-autosport.nl\/\"},{\"@type\":\"ListItem\",\"position\":2,\"name\":\"Motorisch\",\"item\":\"https:\/\/www.hoogstra-autosport.nl\/product-categorie\/auto-techniek\/\"},{\"@type\":\"ListItem\",\"position\":3,\"name\":\"Olie Koelers &amp; Adapters\",\"item\":\"https:\/\/www.hoogstra-autosport.nl\/product-categorie\/auto-techniek\/motor-compartiment\/\"},{\"@type\":\"ListItem\",\"position\":4,\"name\":\"Adapterplaten &amp; Externe Oliefilterhuizen\",\"item\":\"https:\/\/www.hoogstra-autosport.nl\/product-categorie\/auto-techniek\/motor-compartiment\/adapterplaten\/\"},{\"@type\":\"ListItem\",\"position\":5,\"name\":\"Olietemperatuurmeter Adapter met Push-On Tails\"}]},{\"@type\":\"WebSite\",\"@id\":\"https:\/\/www.hoogstra-autosport.nl\/#website\",\"url\":\"https:\/\/www.hoogstra-autosport.nl\/\",\"name\":\"Hoogstra Autosport\",\"description\":\"Performance Autosport Parts!\",\"potentialAction\":[{\"@type\":\"SearchAction\",\"target\":{\"@type\":\"EntryPoint\",\"urlTemplate\":\"https:\/\/www.hoogstra-autosport.nl\/?s={search_term_string}\"},\"query-input\":{\"@type\":\"PropertyValueSpecification\",\"valueRequired\":true,\"valueName\":\"search_term_string\"}}],\"inLanguage\":\"de\"}]}<\/script>\n<!-- \/ Yoast SEO plugin. -->","yoast_head_json":{"title":"Olietemperatuurmeter Adapter met Push-On Tails - Hoogstra Autosport","robots":{"index":"index","follow":"follow","max-snippet":"max-snippet:-1","max-image-preview":"max-image-preview:large","max-video-preview":"max-video-preview:-1"},"canonical":"https:\/\/www.hoogstra-autosport.nl\/de\/produkt\/olietemperatuurmeter-adapter-met-push-on-tails\/","og_locale":"de_DE","og_type":"article","og_title":"Olietemperatuurmeter Adapter met Push-On Tails - Hoogstra Autosport","og_description":"Mocal temperatuurmeter adapter. Past in de olieleiding die leidt tot de koeler of externe filter hoofd naar de montage van een olietemperatuur zender \/ sensor in te schakelen. Draadsoort voor sensor 3\/8 BSP Dikte Push on tail 22mm De belangrijkste lichaam meet 55mm breed (van links naar rechts in de afbeelding), 52mm diep (voor naar [&hellip;]","og_url":"https:\/\/www.hoogstra-autosport.nl\/de\/produkt\/olietemperatuurmeter-adapter-met-push-on-tails\/","og_site_name":"Hoogstra Autosport","og_image":[{"width":400,"height":400,"url":"https:\/\/www.hoogstra-autosport.nl\/teamkoen\/content\/uploads\/2024\/12\/m_tga_po_1.jpg","type":"image\/jpeg"}],"twitter_card":"summary_large_image","twitter_misc":{"Gesch\u00e4tzte Lesezeit":"1\u00a0Minute"},"schema":{"@context":"https:\/\/schema.org","@graph":[{"@type":"WebPage","@id":"https:\/\/www.hoogstra-autosport.nl\/product\/olietemperatuurmeter-adapter-met-push-on-tails\/","url":"https:\/\/www.hoogstra-autosport.nl\/product\/olietemperatuurmeter-adapter-met-push-on-tails\/","name":"Olietemperatuurmeter Adapter met Push-On Tails - Hoogstra Autosport","isPartOf":{"@id":"https:\/\/www.hoogstra-autosport.nl\/#website"},"primaryImageOfPage":{"@id":"https:\/\/www.hoogstra-autosport.nl\/product\/olietemperatuurmeter-adapter-met-push-on-tails\/#primaryimage"},"image":{"@id":"https:\/\/www.hoogstra-autosport.nl\/product\/olietemperatuurmeter-adapter-met-push-on-tails\/#primaryimage"},"thumbnailUrl":"https:\/\/www.hoogstra-autosport.nl\/teamkoen\/wp-content\/uploads\/2024\/12\/m_tga_po_1.jpg","datePublished":"2024-12-10T13:03:30+00:00","breadcrumb":{"@id":"https:\/\/www.hoogstra-autosport.nl\/product\/olietemperatuurmeter-adapter-met-push-on-tails\/#breadcrumb"},"inLanguage":"de","potentialAction":[{"@type":"ReadAction","target":["https:\/\/www.hoogstra-autosport.nl\/product\/olietemperatuurmeter-adapter-met-push-on-tails\/"]}]},{"@type":"ImageObject","inLanguage":"de","@id":"https:\/\/www.hoogstra-autosport.nl\/product\/olietemperatuurmeter-adapter-met-push-on-tails\/#primaryimage","url":"https:\/\/www.hoogstra-autosport.nl\/teamkoen\/wp-content\/uploads\/2024\/12\/m_tga_po_1.jpg","contentUrl":"https:\/\/www.hoogstra-autosport.nl\/teamkoen\/wp-content\/uploads\/2024\/12\/m_tga_po_1.jpg","width":400,"height":400},{"@type":"BreadcrumbList","@id":"https:\/\/www.hoogstra-autosport.nl\/product\/olietemperatuurmeter-adapter-met-push-on-tails\/#breadcrumb","itemListElement":[{"@type":"ListItem","position":1,"name":"Home","item":"https:\/\/www.hoogstra-autosport.nl\/"},{"@type":"ListItem","position":2,"name":"Motorisch","item":"https:\/\/www.hoogstra-autosport.nl\/product-categorie\/auto-techniek\/"},{"@type":"ListItem","position":3,"name":"Olie Koelers &amp; Adapters","item":"https:\/\/www.hoogstra-autosport.nl\/product-categorie\/auto-techniek\/motor-compartiment\/"},{"@type":"ListItem","position":4,"name":"Adapterplaten &amp; Externe Oliefilterhuizen","item":"https:\/\/www.hoogstra-autosport.nl\/product-categorie\/auto-techniek\/motor-compartiment\/adapterplaten\/"},{"@type":"ListItem","position":5,"name":"Olietemperatuurmeter Adapter met Push-On Tails"}]},{"@type":"WebSite","@id":"https:\/\/www.hoogstra-autosport.nl\/#website","url":"https:\/\/www.hoogstra-autosport.nl\/","name":"Hoogstra Autosport","description":"Performance Autosport Parts!","potentialAction":[{"@type":"SearchAction","target":{"@type":"EntryPoint","urlTemplate":"https:\/\/www.hoogstra-autosport.nl\/?s={search_term_string}"},"query-input":{"@type":"PropertyValueSpecification","valueRequired":true,"valueName":"search_term_string"}}],"inLanguage":"de"}]}},"tiered_pricing_type":"fixed","tiered_pricing_fixed_rules":[],"tiered_pricing_product_settings":{"layout":"default","base_unit_name":{"singular":null,"plural":null},"default_variation":null},"tiered_pricing_minimum_quantity":null,"tiered_pricing_roles_data":[],"tiered_pricing_percentage_rules":[],"tiered_pricing_maximum_quantity":null,"tiered_pricing_quantity_step":null,"_links":{"self":[{"href":"https:\/\/www.hoogstra-autosport.nl\/de\/wp-json\/wp\/v2\/product\/77904","targetHints":{"allow":["GET"]}}],"collection":[{"href":"https:\/\/www.hoogstra-autosport.nl\/de\/wp-json\/wp\/v2\/product"}],"about":[{"href":"https:\/\/www.hoogstra-autosport.nl\/de\/wp-json\/wp\/v2\/types\/product"}],"wp:featuredmedia":[{"embeddable":true,"href":"https:\/\/www.hoogstra-autosport.nl\/de\/wp-json\/wp\/v2\/media\/77906"}],"wp:attachment":[{"href":"https:\/\/www.hoogstra-autosport.nl\/de\/wp-json\/wp\/v2\/media?parent=77904"}],"wp:term":[{"taxonomy":"product_brand","embeddable":true,"href":"https:\/\/www.hoogstra-autosport.nl\/de\/wp-json\/wp\/v2\/product_brand?post=77904"},{"taxonomy":"product_cat","embeddable":true,"href":"https:\/\/www.hoogstra-autosport.nl\/de\/wp-json\/wp\/v2\/product_cat?post=77904"},{"taxonomy":"product_tag","embeddable":true,"href":"https:\/\/www.hoogstra-autosport.nl\/de\/wp-json\/wp\/v2\/product_tag?post=77904"}],"curies":[{"name":"wp","href":"https:\/\/api.w.org\/{rel}","templated":true}]}}