{"id":75417,"date":"2024-09-06T11:18:19","date_gmt":"2024-09-06T09:18:19","guid":{"rendered":"https:\/\/www.hoogstra-autosport.nl\/?post_type=product&#038;p=75417"},"modified":"2024-09-06T11:18:20","modified_gmt":"2024-09-06T09:18:20","slug":"inuteq-cooling-towel-verkoelende-handdoek-grijs","status":"publish","type":"product","link":"https:\/\/www.hoogstra-autosport.nl\/de\/produkt\/inuteq-cooling-towel-verkoelende-handdoek-grijs\/","title":{"rendered":"Inuteq Cooling Towel K\u00fchlhandtuch - grau"},"content":{"rendered":"<p>Bei manchen Aktivit\u00e4ten m\u00fcssen Sie W\u00e4rme mitbringen. Deshalb sollten Sie auch Ihr INUTEQ Body Cooling Towel mitnehmen. Es dauert nur eine Minute, um es vorzubereiten, aber es wird dich stundenlang k\u00fchl halten.<\/p>\n<p>Produktvorteile<\/p>\n<ul>\n<li>Ausgestattet mit INUTEQ-PVA\u00ae Verdunstungsk\u00fchlungstechnologie<\/li>\n<li>Hergestellt aus 100% hochabsorbierendem Polyvinylalkohol-Gewebe<\/li>\n<li>1 Minute Vorbereitung entspricht Stunden der Abk\u00fchlung<\/li>\n<li>Nur in 1 Gr\u00f6\u00dfe erh\u00e4ltlich: 78 cm x 32 cm<\/li>\n<li>Erh\u00e4ltlich in Blau, Gr\u00fcn, Grau, Orange, Rosa und Gelb<\/li>\n<\/ul>\n<h3>Die Hitze besiegen<\/h3>\n<p>Das INUTEQ Body Cooling Towel bietet eine schnelle und m\u00fchelose L\u00f6sung, um k\u00fchl und erfrischt zu bleiben. Es besteht aus einem sehr saugf\u00e4higen Polyvinylalkohol-Gewebe, das aktiviert wird, indem das K\u00fchlhandtuch eine Minute lang in Wasser getaucht wird. Nachdem Sie das \u00fcbersch\u00fcssige Wasser ausgepresst haben, ist Ihr K\u00fchlhandtuch bereit, Sie stundenlang zu k\u00fchlen.<\/p>\n<h3>Bereit f\u00fcr alles<\/h3>\n<p>Dank der perfekten Gr\u00f6\u00dfe k\u00f6nnen Sie Ihr k\u00fchlendes Handtuch jederzeit und \u00fcberall verwenden. Halten Sie Ihren Kopf k\u00fchl und bleiben Sie beim Training konzentriert, bleiben Sie bei der Arbeit konzentriert, oder entspannen Sie sich einfach, w\u00e4hrend Sie zu Hause oder im Garten einen k\u00fchlen Kopf bewahren.<\/p>\n<p>\u00dcber INUTEQ<\/p>\n<p>INUTEQ ist das weltweit f\u00fchrende Unternehmen in der Entwicklung und Herstellung innovativer Technologien und Produkte f\u00fcr die pers\u00f6nliche K\u00fchlung. Unser Ziel ist es, die bestm\u00f6glichen L\u00f6sungen zu entwickeln, um Menschen und Tiere angenehm k\u00fchl zu halten und Hitzestress-Symptome in jeder Situation zu vermeiden, sei es bei der Arbeit, beim Sport oder im Alltag. Wir arbeiten mit hochwertigen Marken, innovativen Unternehmen und f\u00fchrenden medizinischen und technischen Universit\u00e4ten zusammen. Wir sind stolzer Lieferant mehrerer ProCycling- und Formel-1-Teams sowie zahlreicher prominenter Olympioniken. INUTEQ bedient mehrere M\u00e4rkte, darunter Arbeitsschutz, Sport, Gesundheitswesen, Motorradfahren, Milit\u00e4r, Outdoor-Freizeit und Tierpflege.<\/p>\n<p>Mit dem INUTEQ Body Cooling Towel behalten Sie einen k\u00fchlen Kopf und bleiben im Spiel.<\/p>","protected":false},"excerpt":{"rendered":"<p>Sommige activiteiten vereisen dat je warmte meebrengt, en daarom moet je ook je INUTEQ Body Cooling Towel meebrengen. Het kost \u00e9\u00e9n minuut om voor te bereiden, maar het houdt je urenlang koel. Product Voordelen Voorzien van INUTEQ-PVA\u00ae verdampingskoeltechnologie Gemaakt van 100% zeer absorberende Polyvinylalcoholstof 1 minuut voorbereiding staat gelijk aan urenlang koelen Beschikbaar in slechts [&hellip;]<\/p>\n","protected":false},"featured_media":75419,"template":"","meta":{"_acf_changed":false},"product_brand":[],"product_cat":[4245],"product_tag":[],"class_list":{"0":"post-75417","1":"product","2":"type-product","3":"status-publish","4":"has-post-thumbnail","6":"product_cat-koelvesten-en-accessoires","7":"product_shipping_class-4016","9":"first","10":"instock","11":"taxable","12":"shipping-taxable","13":"purchasable","14":"product-type-simple"},"acf":[],"yoast_head":"<!-- This site is optimized with the Yoast SEO plugin v27.1.1 - https:\/\/yoast.com\/product\/yoast-seo-wordpress\/ -->\n<title>Inuteq Cooling Towel verkoelende handdoek - grijs - Hoogstra Autosport<\/title>\n<meta name=\"robots\" content=\"index, follow, max-snippet:-1, max-image-preview:large, max-video-preview:-1\" \/>\n<link rel=\"canonical\" href=\"https:\/\/www.hoogstra-autosport.nl\/de\/produkt\/inuteq-cooling-towel-verkoelende-handdoek-grijs\/\" \/>\n<meta property=\"og:locale\" content=\"de_DE\" \/>\n<meta property=\"og:type\" content=\"article\" \/>\n<meta property=\"og:title\" content=\"Inuteq Cooling Towel verkoelende handdoek - grijs - Hoogstra Autosport\" \/>\n<meta property=\"og:description\" content=\"Sommige activiteiten vereisen dat je warmte meebrengt, en daarom moet je ook je INUTEQ Body Cooling Towel meebrengen. Het kost \u00e9\u00e9n minuut om voor te bereiden, maar het houdt je urenlang koel. Product Voordelen Voorzien van INUTEQ-PVA\u00ae verdampingskoeltechnologie Gemaakt van 100% zeer absorberende Polyvinylalcoholstof 1 minuut voorbereiding staat gelijk aan urenlang koelen Beschikbaar in slechts [&hellip;]\" \/>\n<meta property=\"og:url\" content=\"https:\/\/www.hoogstra-autosport.nl\/de\/produkt\/inuteq-cooling-towel-verkoelende-handdoek-grijs\/\" \/>\n<meta property=\"og:site_name\" content=\"Hoogstra Autosport\" \/>\n<meta property=\"article:modified_time\" content=\"2024-09-06T09:18:20+00:00\" \/>\n<meta property=\"og:image\" content=\"https:\/\/hoogstra-autosport.nl\/teamkoen\/content\/uploads\/2024\/09\/handoek.jpg\" \/>\n\t<meta property=\"og:image:width\" content=\"986\" \/>\n\t<meta property=\"og:image:height\" content=\"986\" \/>\n\t<meta property=\"og:image:type\" content=\"image\/jpeg\" \/>\n<meta name=\"twitter:card\" content=\"summary_large_image\" \/>\n<meta name=\"twitter:label1\" content=\"Gesch\u00e4tzte Lesezeit\" \/>\n\t<meta name=\"twitter:data1\" content=\"2\u00a0Minuten\" \/>\n<script type=\"application\/ld+json\" class=\"yoast-schema-graph\">{\"@context\":\"https:\/\/schema.org\",\"@graph\":[{\"@type\":\"WebPage\",\"@id\":\"https:\/\/www.hoogstra-autosport.nl\/product\/inuteq-cooling-towel-verkoelende-handdoek-grijs\/\",\"url\":\"https:\/\/www.hoogstra-autosport.nl\/product\/inuteq-cooling-towel-verkoelende-handdoek-grijs\/\",\"name\":\"Inuteq Cooling Towel verkoelende handdoek - grijs - Hoogstra Autosport\",\"isPartOf\":{\"@id\":\"https:\/\/www.hoogstra-autosport.nl\/#website\"},\"primaryImageOfPage\":{\"@id\":\"https:\/\/www.hoogstra-autosport.nl\/product\/inuteq-cooling-towel-verkoelende-handdoek-grijs\/#primaryimage\"},\"image\":{\"@id\":\"https:\/\/www.hoogstra-autosport.nl\/product\/inuteq-cooling-towel-verkoelende-handdoek-grijs\/#primaryimage\"},\"thumbnailUrl\":\"https:\/\/www.hoogstra-autosport.nl\/teamkoen\/wp-content\/uploads\/2024\/09\/handoek.jpg\",\"datePublished\":\"2024-09-06T09:18:19+00:00\",\"dateModified\":\"2024-09-06T09:18:20+00:00\",\"breadcrumb\":{\"@id\":\"https:\/\/www.hoogstra-autosport.nl\/product\/inuteq-cooling-towel-verkoelende-handdoek-grijs\/#breadcrumb\"},\"inLanguage\":\"de\",\"potentialAction\":[{\"@type\":\"ReadAction\",\"target\":[\"https:\/\/www.hoogstra-autosport.nl\/product\/inuteq-cooling-towel-verkoelende-handdoek-grijs\/\"]}]},{\"@type\":\"ImageObject\",\"inLanguage\":\"de\",\"@id\":\"https:\/\/www.hoogstra-autosport.nl\/product\/inuteq-cooling-towel-verkoelende-handdoek-grijs\/#primaryimage\",\"url\":\"https:\/\/www.hoogstra-autosport.nl\/teamkoen\/wp-content\/uploads\/2024\/09\/handoek.jpg\",\"contentUrl\":\"https:\/\/www.hoogstra-autosport.nl\/teamkoen\/wp-content\/uploads\/2024\/09\/handoek.jpg\",\"width\":986,\"height\":986},{\"@type\":\"BreadcrumbList\",\"@id\":\"https:\/\/www.hoogstra-autosport.nl\/product\/inuteq-cooling-towel-verkoelende-handdoek-grijs\/#breadcrumb\",\"itemListElement\":[{\"@type\":\"ListItem\",\"position\":1,\"name\":\"Home\",\"item\":\"https:\/\/www.hoogstra-autosport.nl\/\"},{\"@type\":\"ListItem\",\"position\":2,\"name\":\"Uitrusting\",\"item\":\"https:\/\/www.hoogstra-autosport.nl\/product-categorie\/autosport-kleding-helmen\/\"},{\"@type\":\"ListItem\",\"position\":3,\"name\":\"Autosport Kleding\",\"item\":\"https:\/\/www.hoogstra-autosport.nl\/product-categorie\/autosport-kleding-helmen\/autosport-kleding\/\"},{\"@type\":\"ListItem\",\"position\":4,\"name\":\"Koelvesten en Accessoires\",\"item\":\"https:\/\/www.hoogstra-autosport.nl\/product-categorie\/autosport-kleding-helmen\/autosport-kleding\/koelvesten-en-accessoires\/\"},{\"@type\":\"ListItem\",\"position\":5,\"name\":\"Inuteq Cooling Towel verkoelende handdoek &#8211; grijs\"}]},{\"@type\":\"WebSite\",\"@id\":\"https:\/\/www.hoogstra-autosport.nl\/#website\",\"url\":\"https:\/\/www.hoogstra-autosport.nl\/\",\"name\":\"Hoogstra Autosport\",\"description\":\"Performance Autosport Parts!\",\"potentialAction\":[{\"@type\":\"SearchAction\",\"target\":{\"@type\":\"EntryPoint\",\"urlTemplate\":\"https:\/\/www.hoogstra-autosport.nl\/?s={search_term_string}\"},\"query-input\":{\"@type\":\"PropertyValueSpecification\",\"valueRequired\":true,\"valueName\":\"search_term_string\"}}],\"inLanguage\":\"de\"}]}<\/script>\n<!-- \/ Yoast SEO plugin. -->","yoast_head_json":{"title":"Inuteq Cooling Towel verkoelende handdoek - grijs - Hoogstra Autosport","robots":{"index":"index","follow":"follow","max-snippet":"max-snippet:-1","max-image-preview":"max-image-preview:large","max-video-preview":"max-video-preview:-1"},"canonical":"https:\/\/www.hoogstra-autosport.nl\/de\/produkt\/inuteq-cooling-towel-verkoelende-handdoek-grijs\/","og_locale":"de_DE","og_type":"article","og_title":"Inuteq Cooling Towel verkoelende handdoek - grijs - Hoogstra Autosport","og_description":"Sommige activiteiten vereisen dat je warmte meebrengt, en daarom moet je ook je INUTEQ Body Cooling Towel meebrengen. Het kost \u00e9\u00e9n minuut om voor te bereiden, maar het houdt je urenlang koel. Product Voordelen Voorzien van INUTEQ-PVA\u00ae verdampingskoeltechnologie Gemaakt van 100% zeer absorberende Polyvinylalcoholstof 1 minuut voorbereiding staat gelijk aan urenlang koelen Beschikbaar in slechts [&hellip;]","og_url":"https:\/\/www.hoogstra-autosport.nl\/de\/produkt\/inuteq-cooling-towel-verkoelende-handdoek-grijs\/","og_site_name":"Hoogstra Autosport","article_modified_time":"2024-09-06T09:18:20+00:00","og_image":[{"width":986,"height":986,"url":"https:\/\/hoogstra-autosport.nl\/teamkoen\/content\/uploads\/2024\/09\/handoek.jpg","type":"image\/jpeg"}],"twitter_card":"summary_large_image","twitter_misc":{"Gesch\u00e4tzte Lesezeit":"2\u00a0Minuten"},"schema":{"@context":"https:\/\/schema.org","@graph":[{"@type":"WebPage","@id":"https:\/\/www.hoogstra-autosport.nl\/product\/inuteq-cooling-towel-verkoelende-handdoek-grijs\/","url":"https:\/\/www.hoogstra-autosport.nl\/product\/inuteq-cooling-towel-verkoelende-handdoek-grijs\/","name":"Inuteq Cooling Towel verkoelende handdoek - grijs - Hoogstra Autosport","isPartOf":{"@id":"https:\/\/www.hoogstra-autosport.nl\/#website"},"primaryImageOfPage":{"@id":"https:\/\/www.hoogstra-autosport.nl\/product\/inuteq-cooling-towel-verkoelende-handdoek-grijs\/#primaryimage"},"image":{"@id":"https:\/\/www.hoogstra-autosport.nl\/product\/inuteq-cooling-towel-verkoelende-handdoek-grijs\/#primaryimage"},"thumbnailUrl":"https:\/\/www.hoogstra-autosport.nl\/teamkoen\/wp-content\/uploads\/2024\/09\/handoek.jpg","datePublished":"2024-09-06T09:18:19+00:00","dateModified":"2024-09-06T09:18:20+00:00","breadcrumb":{"@id":"https:\/\/www.hoogstra-autosport.nl\/product\/inuteq-cooling-towel-verkoelende-handdoek-grijs\/#breadcrumb"},"inLanguage":"de","potentialAction":[{"@type":"ReadAction","target":["https:\/\/www.hoogstra-autosport.nl\/product\/inuteq-cooling-towel-verkoelende-handdoek-grijs\/"]}]},{"@type":"ImageObject","inLanguage":"de","@id":"https:\/\/www.hoogstra-autosport.nl\/product\/inuteq-cooling-towel-verkoelende-handdoek-grijs\/#primaryimage","url":"https:\/\/www.hoogstra-autosport.nl\/teamkoen\/wp-content\/uploads\/2024\/09\/handoek.jpg","contentUrl":"https:\/\/www.hoogstra-autosport.nl\/teamkoen\/wp-content\/uploads\/2024\/09\/handoek.jpg","width":986,"height":986},{"@type":"BreadcrumbList","@id":"https:\/\/www.hoogstra-autosport.nl\/product\/inuteq-cooling-towel-verkoelende-handdoek-grijs\/#breadcrumb","itemListElement":[{"@type":"ListItem","position":1,"name":"Home","item":"https:\/\/www.hoogstra-autosport.nl\/"},{"@type":"ListItem","position":2,"name":"Uitrusting","item":"https:\/\/www.hoogstra-autosport.nl\/product-categorie\/autosport-kleding-helmen\/"},{"@type":"ListItem","position":3,"name":"Autosport Kleding","item":"https:\/\/www.hoogstra-autosport.nl\/product-categorie\/autosport-kleding-helmen\/autosport-kleding\/"},{"@type":"ListItem","position":4,"name":"Koelvesten en Accessoires","item":"https:\/\/www.hoogstra-autosport.nl\/product-categorie\/autosport-kleding-helmen\/autosport-kleding\/koelvesten-en-accessoires\/"},{"@type":"ListItem","position":5,"name":"Inuteq Cooling Towel verkoelende handdoek &#8211; grijs"}]},{"@type":"WebSite","@id":"https:\/\/www.hoogstra-autosport.nl\/#website","url":"https:\/\/www.hoogstra-autosport.nl\/","name":"Hoogstra Autosport","description":"Performance Autosport Parts!","potentialAction":[{"@type":"SearchAction","target":{"@type":"EntryPoint","urlTemplate":"https:\/\/www.hoogstra-autosport.nl\/?s={search_term_string}"},"query-input":{"@type":"PropertyValueSpecification","valueRequired":true,"valueName":"search_term_string"}}],"inLanguage":"de"}]}},"tiered_pricing_type":"fixed","tiered_pricing_fixed_rules":[],"tiered_pricing_product_settings":{"layout":"default","base_unit_name":{"singular":null,"plural":null},"default_variation":null},"tiered_pricing_minimum_quantity":null,"tiered_pricing_roles_data":[],"tiered_pricing_percentage_rules":[],"tiered_pricing_maximum_quantity":null,"tiered_pricing_quantity_step":null,"_links":{"self":[{"href":"https:\/\/www.hoogstra-autosport.nl\/de\/wp-json\/wp\/v2\/product\/75417","targetHints":{"allow":["GET"]}}],"collection":[{"href":"https:\/\/www.hoogstra-autosport.nl\/de\/wp-json\/wp\/v2\/product"}],"about":[{"href":"https:\/\/www.hoogstra-autosport.nl\/de\/wp-json\/wp\/v2\/types\/product"}],"wp:featuredmedia":[{"embeddable":true,"href":"https:\/\/www.hoogstra-autosport.nl\/de\/wp-json\/wp\/v2\/media\/75419"}],"wp:attachment":[{"href":"https:\/\/www.hoogstra-autosport.nl\/de\/wp-json\/wp\/v2\/media?parent=75417"}],"wp:term":[{"taxonomy":"product_brand","embeddable":true,"href":"https:\/\/www.hoogstra-autosport.nl\/de\/wp-json\/wp\/v2\/product_brand?post=75417"},{"taxonomy":"product_cat","embeddable":true,"href":"https:\/\/www.hoogstra-autosport.nl\/de\/wp-json\/wp\/v2\/product_cat?post=75417"},{"taxonomy":"product_tag","embeddable":true,"href":"https:\/\/www.hoogstra-autosport.nl\/de\/wp-json\/wp\/v2\/product_tag?post=75417"}],"curies":[{"name":"wp","href":"https:\/\/api.w.org\/{rel}","templated":true}]}}