{"id":72769,"date":"2024-06-24T11:00:38","date_gmt":"2024-06-24T09:00:38","guid":{"rendered":"https:\/\/www.hoogstra-autosport.nl\/?post_type=product&#038;p=72769"},"modified":"2024-09-26T11:27:55","modified_gmt":"2024-09-26T09:27:55","slug":"just1-goggle-vitro","status":"publish","type":"product","link":"https:\/\/www.hoogstra-autosport.nl\/de\/produkt\/just1-goggle-vitro\/","title":{"rendered":"JUST1 Schutzbrille Vitro"},"content":{"rendered":"<p><span class=\"jCAhz JxVs2d ChMk0b\"><span class=\"ryNqvb\">JUST1 Vitro kommt aus der Rennerfahrung in einem der anspruchsvollsten Offroad-Umgebungen.<\/span><\/span> <span class=\"jCAhz JxVs2d ChMk0b\"><span class=\"ryNqvb\">Unser Ziel ist es, eine Maske mit einem fortschrittlichen Design zu schaffen.<\/span><\/span> <span class=\"jCAhz JxVs2d ChMk0b\"><span class=\"ryNqvb\">Genaue Integration der Augen\u00f6ffnungen und technische Spezifikationen.<\/span><\/span> <span class=\"jCAhz JxVs2d ChMk0b\"><span class=\"ryNqvb\">Technische Merkmale;<\/span><\/span> <span class=\"jCAhz JxVs2d ChMk0b\"><span class=\"ryNqvb\">- Entwickelt, um sich an alle Helmformen und -gr\u00f6\u00dfen anzupassen.<\/span><\/span> <span class=\"jCAhz JxVs2d ChMk0b\"><span class=\"ryNqvb\">- Die Stanzsysteme von Just1 verteilen den Druck gleichm\u00e4\u00dfig und sorgen so f\u00fcr eine bestm\u00f6gliche Passform.<\/span><\/span> <span class=\"jCAhz JxVs2d ChMk0b\"><span class=\"ryNqvb\">Der Gesichtsschaum mit variabler Dichte von Just1 besteht aus feuchtigkeitsableitendem Vlies, das f\u00fcr eine perfekte Passform zwischen Brille und Gesicht sorgt.<\/span><\/span> <span class=\"jCAhz JxVs2d ChMk0b\"><span class=\"ryNqvb\">Sie sch\u00fctzt vor Wind und Wetter und sorgt f\u00fcr stundenlangen Fahrkomfort.<\/span><\/span> <span class=\"jCAhz JxVs2d ChMk0b\"><span class=\"ryNqvb\">- Schutz und perfekte Passform f\u00fcr Brillentr\u00e4ger.<\/span><\/span> <span class=\"jCAhz JxVs2d ChMk0b\"><span class=\"ryNqvb\">- Abnehmbarer Nasenschutz, der in den Rahmen integriert ist, um Stabilit\u00e4t und Schutz unter allen Bedingungen zu gew\u00e4hrleisten.<\/span><\/span> <span class=\"jCAhz JxVs2d ChMk0b\"><span class=\"ryNqvb\">- Antibeschlag-, ANti-UV- und kratzfeste Gl\u00e4ser f\u00fcr eine hervorragende Optik.<\/span><\/span> <span class=\"jCAhz JxVs2d ChMk0b\"><span class=\"ryNqvb\">- Schnelles und einfaches Auswechseln des Objektivs.<\/span><\/span><\/p>","protected":false},"excerpt":{"rendered":"<p>JUST1 Vitro komt voort uit race-ervaring in een van de meest uitdagende offroad-omgevingen. Het is onze bedoeling om een \u200b\u200bmasker te cre\u00ebren met een geavanceerd ontwerp. Nauwkeurige oogpoortintegratie en technische specificaties. Technische kenmerken; &#8211; Ontworpen om zich aan te passen aan alle vormen en maten van helmen. &#8211; De stempelsystemen van Just1 verdelen de druk [&hellip;]<\/p>\n","protected":false},"featured_media":72775,"template":"","meta":{"_acf_changed":false},"product_brand":[],"product_cat":[2595,4243],"product_tag":[],"class_list":{"0":"post-72769","1":"product","2":"type-product","3":"status-publish","4":"has-post-thumbnail","6":"product_cat-crossbrillen","7":"product_cat-just1-brillen-delen","8":"product_shipping_class-4016","10":"first","11":"instock","12":"taxable","13":"shipping-taxable","14":"purchasable","15":"product-type-variable"},"acf":[],"yoast_head":"<!-- This site is optimized with the Yoast SEO plugin v27.1.1 - https:\/\/yoast.com\/product\/yoast-seo-wordpress\/ -->\n<title>JUST1 Goggle Vitro - Hoogstra Autosport<\/title>\n<meta name=\"robots\" content=\"index, follow, max-snippet:-1, max-image-preview:large, max-video-preview:-1\" \/>\n<link rel=\"canonical\" href=\"https:\/\/www.hoogstra-autosport.nl\/de\/produkt\/just1-goggle-vitro\/\" \/>\n<meta property=\"og:locale\" content=\"de_DE\" \/>\n<meta property=\"og:type\" content=\"article\" \/>\n<meta property=\"og:title\" content=\"JUST1 Goggle Vitro - Hoogstra Autosport\" \/>\n<meta property=\"og:description\" content=\"JUST1 Vitro komt voort uit race-ervaring in een van de meest uitdagende offroad-omgevingen. Het is onze bedoeling om een \u200b\u200bmasker te cre\u00ebren met een geavanceerd ontwerp. Nauwkeurige oogpoortintegratie en technische specificaties. Technische kenmerken; &#8211; Ontworpen om zich aan te passen aan alle vormen en maten van helmen. &#8211; De stempelsystemen van Just1 verdelen de druk [&hellip;]\" \/>\n<meta property=\"og:url\" content=\"https:\/\/www.hoogstra-autosport.nl\/de\/produkt\/just1-goggle-vitro\/\" \/>\n<meta property=\"og:site_name\" content=\"Hoogstra Autosport\" \/>\n<meta property=\"article:modified_time\" content=\"2024-09-26T09:27:55+00:00\" \/>\n<meta property=\"og:image\" content=\"https:\/\/hoogstra-autosport.nl\/teamkoen\/content\/uploads\/2024\/06\/just-1.jpg\" \/>\n\t<meta property=\"og:image:width\" content=\"986\" \/>\n\t<meta property=\"og:image:height\" content=\"986\" \/>\n\t<meta property=\"og:image:type\" content=\"image\/jpeg\" \/>\n<meta name=\"twitter:card\" content=\"summary_large_image\" \/>\n<meta name=\"twitter:label1\" content=\"Gesch\u00e4tzte Lesezeit\" \/>\n\t<meta name=\"twitter:data1\" content=\"1\u00a0Minute\" \/>\n<script type=\"application\/ld+json\" class=\"yoast-schema-graph\">{\"@context\":\"https:\/\/schema.org\",\"@graph\":[{\"@type\":\"WebPage\",\"@id\":\"https:\/\/www.hoogstra-autosport.nl\/product\/just1-goggle-vitro\/\",\"url\":\"https:\/\/www.hoogstra-autosport.nl\/product\/just1-goggle-vitro\/\",\"name\":\"JUST1 Goggle Vitro - Hoogstra Autosport\",\"isPartOf\":{\"@id\":\"https:\/\/www.hoogstra-autosport.nl\/#website\"},\"primaryImageOfPage\":{\"@id\":\"https:\/\/www.hoogstra-autosport.nl\/product\/just1-goggle-vitro\/#primaryimage\"},\"image\":{\"@id\":\"https:\/\/www.hoogstra-autosport.nl\/product\/just1-goggle-vitro\/#primaryimage\"},\"thumbnailUrl\":\"https:\/\/www.hoogstra-autosport.nl\/teamkoen\/wp-content\/uploads\/2024\/06\/just-1.jpg\",\"datePublished\":\"2024-06-24T09:00:38+00:00\",\"dateModified\":\"2024-09-26T09:27:55+00:00\",\"breadcrumb\":{\"@id\":\"https:\/\/www.hoogstra-autosport.nl\/product\/just1-goggle-vitro\/#breadcrumb\"},\"inLanguage\":\"de\",\"potentialAction\":[{\"@type\":\"ReadAction\",\"target\":[\"https:\/\/www.hoogstra-autosport.nl\/product\/just1-goggle-vitro\/\"]}]},{\"@type\":\"ImageObject\",\"inLanguage\":\"de\",\"@id\":\"https:\/\/www.hoogstra-autosport.nl\/product\/just1-goggle-vitro\/#primaryimage\",\"url\":\"https:\/\/www.hoogstra-autosport.nl\/teamkoen\/wp-content\/uploads\/2024\/06\/just-1.jpg\",\"contentUrl\":\"https:\/\/www.hoogstra-autosport.nl\/teamkoen\/wp-content\/uploads\/2024\/06\/just-1.jpg\",\"width\":986,\"height\":986},{\"@type\":\"BreadcrumbList\",\"@id\":\"https:\/\/www.hoogstra-autosport.nl\/product\/just1-goggle-vitro\/#breadcrumb\",\"itemListElement\":[{\"@type\":\"ListItem\",\"position\":1,\"name\":\"Home\",\"item\":\"https:\/\/www.hoogstra-autosport.nl\/\"},{\"@type\":\"ListItem\",\"position\":2,\"name\":\"Uitrusting\",\"item\":\"https:\/\/www.hoogstra-autosport.nl\/product-categorie\/autosport-kleding-helmen\/\"},{\"@type\":\"ListItem\",\"position\":3,\"name\":\"Crossbrillen\",\"item\":\"https:\/\/www.hoogstra-autosport.nl\/product-categorie\/autosport-kleding-helmen\/crossbrillen\/\"},{\"@type\":\"ListItem\",\"position\":4,\"name\":\"JUST1 Goggle Vitro\"}]},{\"@type\":\"WebSite\",\"@id\":\"https:\/\/www.hoogstra-autosport.nl\/#website\",\"url\":\"https:\/\/www.hoogstra-autosport.nl\/\",\"name\":\"Hoogstra Autosport\",\"description\":\"Performance Autosport Parts!\",\"potentialAction\":[{\"@type\":\"SearchAction\",\"target\":{\"@type\":\"EntryPoint\",\"urlTemplate\":\"https:\/\/www.hoogstra-autosport.nl\/?s={search_term_string}\"},\"query-input\":{\"@type\":\"PropertyValueSpecification\",\"valueRequired\":true,\"valueName\":\"search_term_string\"}}],\"inLanguage\":\"de\"}]}<\/script>\n<!-- \/ Yoast SEO plugin. -->","yoast_head_json":{"title":"JUST1 Goggle Vitro - Hoogstra Autosport","robots":{"index":"index","follow":"follow","max-snippet":"max-snippet:-1","max-image-preview":"max-image-preview:large","max-video-preview":"max-video-preview:-1"},"canonical":"https:\/\/www.hoogstra-autosport.nl\/de\/produkt\/just1-goggle-vitro\/","og_locale":"de_DE","og_type":"article","og_title":"JUST1 Goggle Vitro - Hoogstra Autosport","og_description":"JUST1 Vitro komt voort uit race-ervaring in een van de meest uitdagende offroad-omgevingen. Het is onze bedoeling om een \u200b\u200bmasker te cre\u00ebren met een geavanceerd ontwerp. Nauwkeurige oogpoortintegratie en technische specificaties. Technische kenmerken; &#8211; Ontworpen om zich aan te passen aan alle vormen en maten van helmen. &#8211; De stempelsystemen van Just1 verdelen de druk [&hellip;]","og_url":"https:\/\/www.hoogstra-autosport.nl\/de\/produkt\/just1-goggle-vitro\/","og_site_name":"Hoogstra Autosport","article_modified_time":"2024-09-26T09:27:55+00:00","og_image":[{"width":986,"height":986,"url":"https:\/\/hoogstra-autosport.nl\/teamkoen\/content\/uploads\/2024\/06\/just-1.jpg","type":"image\/jpeg"}],"twitter_card":"summary_large_image","twitter_misc":{"Gesch\u00e4tzte Lesezeit":"1\u00a0Minute"},"schema":{"@context":"https:\/\/schema.org","@graph":[{"@type":"WebPage","@id":"https:\/\/www.hoogstra-autosport.nl\/product\/just1-goggle-vitro\/","url":"https:\/\/www.hoogstra-autosport.nl\/product\/just1-goggle-vitro\/","name":"JUST1 Goggle Vitro - Hoogstra Autosport","isPartOf":{"@id":"https:\/\/www.hoogstra-autosport.nl\/#website"},"primaryImageOfPage":{"@id":"https:\/\/www.hoogstra-autosport.nl\/product\/just1-goggle-vitro\/#primaryimage"},"image":{"@id":"https:\/\/www.hoogstra-autosport.nl\/product\/just1-goggle-vitro\/#primaryimage"},"thumbnailUrl":"https:\/\/www.hoogstra-autosport.nl\/teamkoen\/wp-content\/uploads\/2024\/06\/just-1.jpg","datePublished":"2024-06-24T09:00:38+00:00","dateModified":"2024-09-26T09:27:55+00:00","breadcrumb":{"@id":"https:\/\/www.hoogstra-autosport.nl\/product\/just1-goggle-vitro\/#breadcrumb"},"inLanguage":"de","potentialAction":[{"@type":"ReadAction","target":["https:\/\/www.hoogstra-autosport.nl\/product\/just1-goggle-vitro\/"]}]},{"@type":"ImageObject","inLanguage":"de","@id":"https:\/\/www.hoogstra-autosport.nl\/product\/just1-goggle-vitro\/#primaryimage","url":"https:\/\/www.hoogstra-autosport.nl\/teamkoen\/wp-content\/uploads\/2024\/06\/just-1.jpg","contentUrl":"https:\/\/www.hoogstra-autosport.nl\/teamkoen\/wp-content\/uploads\/2024\/06\/just-1.jpg","width":986,"height":986},{"@type":"BreadcrumbList","@id":"https:\/\/www.hoogstra-autosport.nl\/product\/just1-goggle-vitro\/#breadcrumb","itemListElement":[{"@type":"ListItem","position":1,"name":"Home","item":"https:\/\/www.hoogstra-autosport.nl\/"},{"@type":"ListItem","position":2,"name":"Uitrusting","item":"https:\/\/www.hoogstra-autosport.nl\/product-categorie\/autosport-kleding-helmen\/"},{"@type":"ListItem","position":3,"name":"Crossbrillen","item":"https:\/\/www.hoogstra-autosport.nl\/product-categorie\/autosport-kleding-helmen\/crossbrillen\/"},{"@type":"ListItem","position":4,"name":"JUST1 Goggle Vitro"}]},{"@type":"WebSite","@id":"https:\/\/www.hoogstra-autosport.nl\/#website","url":"https:\/\/www.hoogstra-autosport.nl\/","name":"Hoogstra Autosport","description":"Performance Autosport Parts!","potentialAction":[{"@type":"SearchAction","target":{"@type":"EntryPoint","urlTemplate":"https:\/\/www.hoogstra-autosport.nl\/?s={search_term_string}"},"query-input":{"@type":"PropertyValueSpecification","valueRequired":true,"valueName":"search_term_string"}}],"inLanguage":"de"}]}},"tiered_pricing_type":"fixed","tiered_pricing_fixed_rules":[],"tiered_pricing_product_settings":{"layout":"default","base_unit_name":{"singular":null,"plural":null},"default_variation":null},"tiered_pricing_minimum_quantity":null,"tiered_pricing_roles_data":[],"tiered_pricing_percentage_rules":[],"tiered_pricing_maximum_quantity":null,"tiered_pricing_quantity_step":null,"_links":{"self":[{"href":"https:\/\/www.hoogstra-autosport.nl\/de\/wp-json\/wp\/v2\/product\/72769","targetHints":{"allow":["GET"]}}],"collection":[{"href":"https:\/\/www.hoogstra-autosport.nl\/de\/wp-json\/wp\/v2\/product"}],"about":[{"href":"https:\/\/www.hoogstra-autosport.nl\/de\/wp-json\/wp\/v2\/types\/product"}],"wp:featuredmedia":[{"embeddable":true,"href":"https:\/\/www.hoogstra-autosport.nl\/de\/wp-json\/wp\/v2\/media\/72775"}],"wp:attachment":[{"href":"https:\/\/www.hoogstra-autosport.nl\/de\/wp-json\/wp\/v2\/media?parent=72769"}],"wp:term":[{"taxonomy":"product_brand","embeddable":true,"href":"https:\/\/www.hoogstra-autosport.nl\/de\/wp-json\/wp\/v2\/product_brand?post=72769"},{"taxonomy":"product_cat","embeddable":true,"href":"https:\/\/www.hoogstra-autosport.nl\/de\/wp-json\/wp\/v2\/product_cat?post=72769"},{"taxonomy":"product_tag","embeddable":true,"href":"https:\/\/www.hoogstra-autosport.nl\/de\/wp-json\/wp\/v2\/product_tag?post=72769"}],"curies":[{"name":"wp","href":"https:\/\/api.w.org\/{rel}","templated":true}]}}