{"id":72419,"date":"2024-06-15T10:08:49","date_gmt":"2024-06-15T08:08:49","guid":{"rendered":"https:\/\/www.hoogstra-autosport.nl\/?post_type=product&#038;p=72419"},"modified":"2024-06-15T10:11:55","modified_gmt":"2024-06-15T08:11:55","slug":"sw777rfx-draadloos-professioneel-weegschaalsysteem","status":"publish","type":"product","link":"https:\/\/www.hoogstra-autosport.nl\/de\/produkt\/sw777rfx-draadloos-professioneel-weegschaalsysteem\/","title":{"rendered":"SW777RFX\u2122 KABELLOSES PROFESSIONELLES WIEGESYSTEM"},"content":{"rendered":"<p><span class=\"jCAhz JxVs2d ChMk0b\"><span class=\"ryNqvb\">Vollst\u00e4ndig integriertes RFX\u2122 <\/span><\/span><\/p>\n<p><span class=\"jCAhz JxVs2d ChMk0b\"><span class=\"ryNqvb\">drahtlose W\u00e4getechnik <\/span><\/span><\/p>\n<p><span class=\"jCAhz JxVs2d ChMk0b\"><span class=\"ryNqvb\">Senden von Gewichtsdaten vom Anzeigeger\u00e4t an ein mobiles Ger\u00e4t \u00fcber Bluetooth\u00ae-Technologie <\/span><\/span><span class=\"jCAhz JxVs2d ChMk0b\"><span class=\"ryNqvb\">USB- und RS232-Ausgang <\/span><\/span><span class=\"jCAhz JxVs2d ChMk0b\"><span class=\"ryNqvb\">Kissenkapazit\u00e4t von 700 kg (1.500 lb). <\/span><\/span><\/p>\n<p><span class=\"jCAhz JxVs2d ChMk0b\"><span class=\"ryNqvb\">Systemkapazit\u00e4t von 2.800 kg (6.000 lb).<\/span><\/span><\/p>\n<div class=\"lRu31\" dir=\"ltr\">\n<div class=\"OvtS8d\"><span class=\"jCAhz JxVs2d ChMk0b\"><span class=\"ryNqvb\">15\u2033 x 15\u2033 x 2,5\u2033 (381 x 381 x 64 mm) drahtloses RFX\u2122 <\/span><\/span><\/div>\n<div><\/div>\n<div class=\"OvtS8d\"><span class=\"jCAhz JxVs2d ChMk0b\"><span class=\"ryNqvb\">Billet-Pads <\/span><\/span><span class=\"jCAhz JxVs2d ChMk0b\"><span class=\"ryNqvb\">Kabellose One-Touch-Anzeige mit wiederaufladbaren Batterien<\/span><\/span><\/div>\n<div><\/div>\n<div class=\"OvtS8d\"><span class=\"jCAhz JxVs2d ChMk0b\"><span class=\"ryNqvb\">Batterieladeger\u00e4t und Tasche <\/span><\/span><span class=\"jCAhz JxVs2d ChMk0b\"><span class=\"ryNqvb\">Zwei AA-Alkalibatterien pro Skalenblock<\/span><\/span><\/div>\n<div id=\"ow1405\"><\/div>\n<\/div>\n<div class=\"UdTY9 WdefRb\" aria-hidden=\"true\" data-location=\"2\"><\/div>","protected":false},"excerpt":{"rendered":"<p>Volledig ge\u00efntegreerde RFX\u2122 draadloze weegtechnologie Verzend gewichtsgegevens van de indicator naar een mobiel apparaat met behulp van Bluetooth\u00ae-technologie USB- en RS232-uitgang Padcapaciteit van 700 kg (1.500 lb). Systeemcapaciteit van 2.800 kg (6.000 lb). 15&#8243; x 15&#8243; x 2,5&#8243; (381 x 381 x 64 mm) draadloze RFX\u2122 billet-pads Draadloze one-touch-indicator met oplaadbare batterijen batterijlader en tas [&hellip;]<\/p>\n","protected":false},"featured_media":72420,"template":"","meta":{"_acf_changed":false},"product_brand":[],"product_cat":[3810],"product_tag":[],"class_list":{"0":"post-72419","1":"product","2":"type-product","3":"status-publish","4":"has-post-thumbnail","6":"product_cat-digitale-weegschalen","7":"product_shipping_class-4017","9":"first","10":"instock","11":"taxable","12":"shipping-taxable","13":"purchasable","14":"product-type-simple"},"acf":[],"yoast_head":"<!-- This site is optimized with the Yoast SEO plugin v27.1.1 - https:\/\/yoast.com\/product\/yoast-seo-wordpress\/ -->\n<title>SW777RFX\u2122 DRAADLOOS PROFESSIONEEL WEEGSCHAALSYSTEEM - Hoogstra Autosport<\/title>\n<meta name=\"robots\" content=\"index, follow, max-snippet:-1, max-image-preview:large, max-video-preview:-1\" \/>\n<link rel=\"canonical\" href=\"https:\/\/www.hoogstra-autosport.nl\/de\/produkt\/sw777rfx-draadloos-professioneel-weegschaalsysteem\/\" \/>\n<meta property=\"og:locale\" content=\"de_DE\" \/>\n<meta property=\"og:type\" content=\"article\" \/>\n<meta property=\"og:title\" content=\"SW777RFX\u2122 DRAADLOOS PROFESSIONEEL WEEGSCHAALSYSTEEM - Hoogstra Autosport\" \/>\n<meta property=\"og:description\" content=\"Volledig ge\u00efntegreerde RFX\u2122 draadloze weegtechnologie Verzend gewichtsgegevens van de indicator naar een mobiel apparaat met behulp van Bluetooth\u00ae-technologie USB- en RS232-uitgang Padcapaciteit van 700 kg (1.500 lb). Systeemcapaciteit van 2.800 kg (6.000 lb). 15&#8243; x 15&#8243; x 2,5&#8243; (381 x 381 x 64 mm) draadloze RFX\u2122 billet-pads Draadloze one-touch-indicator met oplaadbare batterijen batterijlader en tas [&hellip;]\" \/>\n<meta property=\"og:url\" content=\"https:\/\/www.hoogstra-autosport.nl\/de\/produkt\/sw777rfx-draadloos-professioneel-weegschaalsysteem\/\" \/>\n<meta property=\"og:site_name\" content=\"Hoogstra Autosport\" \/>\n<meta property=\"article:modified_time\" content=\"2024-06-15T08:11:55+00:00\" \/>\n<meta property=\"og:image\" content=\"https:\/\/hoogstra-autosport.nl\/teamkoen\/content\/uploads\/2024\/06\/777.jpg\" \/>\n\t<meta property=\"og:image:width\" content=\"986\" \/>\n\t<meta property=\"og:image:height\" content=\"986\" \/>\n\t<meta property=\"og:image:type\" content=\"image\/jpeg\" \/>\n<meta name=\"twitter:card\" content=\"summary_large_image\" \/>\n<meta name=\"twitter:label1\" content=\"Gesch\u00e4tzte Lesezeit\" \/>\n\t<meta name=\"twitter:data1\" content=\"1\u00a0Minute\" \/>\n<script type=\"application\/ld+json\" class=\"yoast-schema-graph\">{\"@context\":\"https:\/\/schema.org\",\"@graph\":[{\"@type\":\"WebPage\",\"@id\":\"https:\/\/www.hoogstra-autosport.nl\/product\/sw777rfx-draadloos-professioneel-weegschaalsysteem\/\",\"url\":\"https:\/\/www.hoogstra-autosport.nl\/product\/sw777rfx-draadloos-professioneel-weegschaalsysteem\/\",\"name\":\"SW777RFX\u2122 DRAADLOOS PROFESSIONEEL WEEGSCHAALSYSTEEM - Hoogstra Autosport\",\"isPartOf\":{\"@id\":\"https:\/\/www.hoogstra-autosport.nl\/#website\"},\"primaryImageOfPage\":{\"@id\":\"https:\/\/www.hoogstra-autosport.nl\/product\/sw777rfx-draadloos-professioneel-weegschaalsysteem\/#primaryimage\"},\"image\":{\"@id\":\"https:\/\/www.hoogstra-autosport.nl\/product\/sw777rfx-draadloos-professioneel-weegschaalsysteem\/#primaryimage\"},\"thumbnailUrl\":\"https:\/\/www.hoogstra-autosport.nl\/teamkoen\/wp-content\/uploads\/2024\/06\/777.jpg\",\"datePublished\":\"2024-06-15T08:08:49+00:00\",\"dateModified\":\"2024-06-15T08:11:55+00:00\",\"breadcrumb\":{\"@id\":\"https:\/\/www.hoogstra-autosport.nl\/product\/sw777rfx-draadloos-professioneel-weegschaalsysteem\/#breadcrumb\"},\"inLanguage\":\"de\",\"potentialAction\":[{\"@type\":\"ReadAction\",\"target\":[\"https:\/\/www.hoogstra-autosport.nl\/product\/sw777rfx-draadloos-professioneel-weegschaalsysteem\/\"]}]},{\"@type\":\"ImageObject\",\"inLanguage\":\"de\",\"@id\":\"https:\/\/www.hoogstra-autosport.nl\/product\/sw777rfx-draadloos-professioneel-weegschaalsysteem\/#primaryimage\",\"url\":\"https:\/\/www.hoogstra-autosport.nl\/teamkoen\/wp-content\/uploads\/2024\/06\/777.jpg\",\"contentUrl\":\"https:\/\/www.hoogstra-autosport.nl\/teamkoen\/wp-content\/uploads\/2024\/06\/777.jpg\",\"width\":986,\"height\":986},{\"@type\":\"BreadcrumbList\",\"@id\":\"https:\/\/www.hoogstra-autosport.nl\/product\/sw777rfx-draadloos-professioneel-weegschaalsysteem\/#breadcrumb\",\"itemListElement\":[{\"@type\":\"ListItem\",\"position\":1,\"name\":\"Home\",\"item\":\"https:\/\/www.hoogstra-autosport.nl\/\"},{\"@type\":\"ListItem\",\"position\":2,\"name\":\"Werkplaats\",\"item\":\"https:\/\/www.hoogstra-autosport.nl\/product-categorie\/garage-werkplaats-onderhoud\/\"},{\"@type\":\"ListItem\",\"position\":3,\"name\":\"Digitale Weegschalen\",\"item\":\"https:\/\/www.hoogstra-autosport.nl\/product-categorie\/garage-werkplaats-onderhoud\/digitale-weegschalen\/\"},{\"@type\":\"ListItem\",\"position\":4,\"name\":\"SW777RFX\u2122 DRAADLOOS PROFESSIONEEL WEEGSCHAALSYSTEEM\"}]},{\"@type\":\"WebSite\",\"@id\":\"https:\/\/www.hoogstra-autosport.nl\/#website\",\"url\":\"https:\/\/www.hoogstra-autosport.nl\/\",\"name\":\"Hoogstra Autosport\",\"description\":\"Performance Autosport Parts!\",\"potentialAction\":[{\"@type\":\"SearchAction\",\"target\":{\"@type\":\"EntryPoint\",\"urlTemplate\":\"https:\/\/www.hoogstra-autosport.nl\/?s={search_term_string}\"},\"query-input\":{\"@type\":\"PropertyValueSpecification\",\"valueRequired\":true,\"valueName\":\"search_term_string\"}}],\"inLanguage\":\"de\"}]}<\/script>\n<!-- \/ Yoast SEO plugin. -->","yoast_head_json":{"title":"SW777RFX\u2122 DRAADLOOS PROFESSIONEEL WEEGSCHAALSYSTEEM - Hoogstra Autosport","robots":{"index":"index","follow":"follow","max-snippet":"max-snippet:-1","max-image-preview":"max-image-preview:large","max-video-preview":"max-video-preview:-1"},"canonical":"https:\/\/www.hoogstra-autosport.nl\/de\/produkt\/sw777rfx-draadloos-professioneel-weegschaalsysteem\/","og_locale":"de_DE","og_type":"article","og_title":"SW777RFX\u2122 DRAADLOOS PROFESSIONEEL WEEGSCHAALSYSTEEM - Hoogstra Autosport","og_description":"Volledig ge\u00efntegreerde RFX\u2122 draadloze weegtechnologie Verzend gewichtsgegevens van de indicator naar een mobiel apparaat met behulp van Bluetooth\u00ae-technologie USB- en RS232-uitgang Padcapaciteit van 700 kg (1.500 lb). Systeemcapaciteit van 2.800 kg (6.000 lb). 15&#8243; x 15&#8243; x 2,5&#8243; (381 x 381 x 64 mm) draadloze RFX\u2122 billet-pads Draadloze one-touch-indicator met oplaadbare batterijen batterijlader en tas [&hellip;]","og_url":"https:\/\/www.hoogstra-autosport.nl\/de\/produkt\/sw777rfx-draadloos-professioneel-weegschaalsysteem\/","og_site_name":"Hoogstra Autosport","article_modified_time":"2024-06-15T08:11:55+00:00","og_image":[{"width":986,"height":986,"url":"https:\/\/hoogstra-autosport.nl\/teamkoen\/content\/uploads\/2024\/06\/777.jpg","type":"image\/jpeg"}],"twitter_card":"summary_large_image","twitter_misc":{"Gesch\u00e4tzte Lesezeit":"1\u00a0Minute"},"schema":{"@context":"https:\/\/schema.org","@graph":[{"@type":"WebPage","@id":"https:\/\/www.hoogstra-autosport.nl\/product\/sw777rfx-draadloos-professioneel-weegschaalsysteem\/","url":"https:\/\/www.hoogstra-autosport.nl\/product\/sw777rfx-draadloos-professioneel-weegschaalsysteem\/","name":"SW777RFX\u2122 DRAADLOOS PROFESSIONEEL WEEGSCHAALSYSTEEM - Hoogstra Autosport","isPartOf":{"@id":"https:\/\/www.hoogstra-autosport.nl\/#website"},"primaryImageOfPage":{"@id":"https:\/\/www.hoogstra-autosport.nl\/product\/sw777rfx-draadloos-professioneel-weegschaalsysteem\/#primaryimage"},"image":{"@id":"https:\/\/www.hoogstra-autosport.nl\/product\/sw777rfx-draadloos-professioneel-weegschaalsysteem\/#primaryimage"},"thumbnailUrl":"https:\/\/www.hoogstra-autosport.nl\/teamkoen\/wp-content\/uploads\/2024\/06\/777.jpg","datePublished":"2024-06-15T08:08:49+00:00","dateModified":"2024-06-15T08:11:55+00:00","breadcrumb":{"@id":"https:\/\/www.hoogstra-autosport.nl\/product\/sw777rfx-draadloos-professioneel-weegschaalsysteem\/#breadcrumb"},"inLanguage":"de","potentialAction":[{"@type":"ReadAction","target":["https:\/\/www.hoogstra-autosport.nl\/product\/sw777rfx-draadloos-professioneel-weegschaalsysteem\/"]}]},{"@type":"ImageObject","inLanguage":"de","@id":"https:\/\/www.hoogstra-autosport.nl\/product\/sw777rfx-draadloos-professioneel-weegschaalsysteem\/#primaryimage","url":"https:\/\/www.hoogstra-autosport.nl\/teamkoen\/wp-content\/uploads\/2024\/06\/777.jpg","contentUrl":"https:\/\/www.hoogstra-autosport.nl\/teamkoen\/wp-content\/uploads\/2024\/06\/777.jpg","width":986,"height":986},{"@type":"BreadcrumbList","@id":"https:\/\/www.hoogstra-autosport.nl\/product\/sw777rfx-draadloos-professioneel-weegschaalsysteem\/#breadcrumb","itemListElement":[{"@type":"ListItem","position":1,"name":"Home","item":"https:\/\/www.hoogstra-autosport.nl\/"},{"@type":"ListItem","position":2,"name":"Werkplaats","item":"https:\/\/www.hoogstra-autosport.nl\/product-categorie\/garage-werkplaats-onderhoud\/"},{"@type":"ListItem","position":3,"name":"Digitale Weegschalen","item":"https:\/\/www.hoogstra-autosport.nl\/product-categorie\/garage-werkplaats-onderhoud\/digitale-weegschalen\/"},{"@type":"ListItem","position":4,"name":"SW777RFX\u2122 DRAADLOOS PROFESSIONEEL WEEGSCHAALSYSTEEM"}]},{"@type":"WebSite","@id":"https:\/\/www.hoogstra-autosport.nl\/#website","url":"https:\/\/www.hoogstra-autosport.nl\/","name":"Hoogstra Autosport","description":"Performance Autosport Parts!","potentialAction":[{"@type":"SearchAction","target":{"@type":"EntryPoint","urlTemplate":"https:\/\/www.hoogstra-autosport.nl\/?s={search_term_string}"},"query-input":{"@type":"PropertyValueSpecification","valueRequired":true,"valueName":"search_term_string"}}],"inLanguage":"de"}]}},"tiered_pricing_type":"fixed","tiered_pricing_fixed_rules":[],"tiered_pricing_product_settings":{"layout":"default","base_unit_name":{"singular":null,"plural":null},"default_variation":null},"tiered_pricing_minimum_quantity":null,"tiered_pricing_roles_data":[],"tiered_pricing_percentage_rules":[],"tiered_pricing_maximum_quantity":null,"tiered_pricing_quantity_step":null,"_links":{"self":[{"href":"https:\/\/www.hoogstra-autosport.nl\/de\/wp-json\/wp\/v2\/product\/72419","targetHints":{"allow":["GET"]}}],"collection":[{"href":"https:\/\/www.hoogstra-autosport.nl\/de\/wp-json\/wp\/v2\/product"}],"about":[{"href":"https:\/\/www.hoogstra-autosport.nl\/de\/wp-json\/wp\/v2\/types\/product"}],"wp:featuredmedia":[{"embeddable":true,"href":"https:\/\/www.hoogstra-autosport.nl\/de\/wp-json\/wp\/v2\/media\/72420"}],"wp:attachment":[{"href":"https:\/\/www.hoogstra-autosport.nl\/de\/wp-json\/wp\/v2\/media?parent=72419"}],"wp:term":[{"taxonomy":"product_brand","embeddable":true,"href":"https:\/\/www.hoogstra-autosport.nl\/de\/wp-json\/wp\/v2\/product_brand?post=72419"},{"taxonomy":"product_cat","embeddable":true,"href":"https:\/\/www.hoogstra-autosport.nl\/de\/wp-json\/wp\/v2\/product_cat?post=72419"},{"taxonomy":"product_tag","embeddable":true,"href":"https:\/\/www.hoogstra-autosport.nl\/de\/wp-json\/wp\/v2\/product_tag?post=72419"}],"curies":[{"name":"wp","href":"https:\/\/api.w.org\/{rel}","templated":true}]}}