{"id":71056,"date":"2024-05-06T10:47:56","date_gmt":"2024-05-06T08:47:56","guid":{"rendered":"https:\/\/www.hoogstra-autosport.nl\/?post_type=product&#038;p=71056"},"modified":"2024-07-05T14:41:01","modified_gmt":"2024-07-05T12:41:01","slug":"fly-mx-bril-kids-grijs-oranje-clear-lens","status":"publish","type":"product","link":"https:\/\/www.hoogstra-autosport.nl\/de\/produkt\/fly-mx-bril-kids-grijs-oranje-clear-lens\/","title":{"rendered":"Fly MX-Bril Kinder Grau-Orange (Klare Linse)"},"content":{"rendered":"<p><span class=\"jCAhz ChMk0b\"><span class=\"ryNqvb\">Die Focus-Brille von Fly Racing besteht aus einem leichten und robusten Polyurethan-Rahmen und einer Polycarbonat-Scheibe mit hochwertiger Anti-Scratch- und Anti-Fog-Beschichtung.<\/span><\/span> <span class=\"jCAhz ChMk0b\"><span class=\"ryNqvb\">Das spezielle Rahmendesign vergr\u00f6\u00dfert Ihr Sichtfeld, und das rutschfeste Silikon an der Innenseite des Brillenbandes sorgt f\u00fcr einen sicheren Sitz auf dem Helm.<\/span><\/span> <span class=\"jCAhz ChMk0b\"><span class=\"ryNqvb\">Der zweilagige Schaumstoff sorgt zudem f\u00fcr eine optimale Abdichtung zwischen Gesicht und Brille.<\/span><\/span> <span class=\"jCAhz ChMk0b\"><span class=\"ryNqvb\">Details: Leichter und robuster Polyurethan-Rahmen Polycarbonat-Glas mit hochwertiger Anti-Kratz- und Anti-Beschlag-Beschichtung Rahmendesign vergr\u00f6\u00dfert das Sichtfeld Schnell austauschbare Ersatzringe mit vorinstallierten Abrei\u00dfstiften Zweilagiger Schaumstoff f\u00fcr eine gute Abdichtung zwischen<\/span><\/span> <span class=\"jCAhz ChMk0b\"><span class=\"ryNqvb\">Gesicht und Brille Kompatibel mit Fly Racing Nasenschutz Anti-Rutsch-Silikon auf der Innenseite des Brillenbandes f\u00fcr einen sicheren Sitz auf dem Helm.<\/span><\/span><\/p>\n<p>&nbsp;<\/p>\n<p>&nbsp;<\/p>","protected":false},"excerpt":{"rendered":"<p>De Focus-bril van Fly Racing bestaat uit een licht en robuust polyurethaanframe en een polycarbonaatlens met hoogwaardige antikras- en anticondenscoatings. Door het speciale frameontwerp wordt je gezichtsveld vergroot en de antislip siliconen aan de binnenkant van de brilband zorgt voor een veilige pasvorm op de helm. Het tweelaagse schuim zorgt bovendien voor een optimale afdichting [&hellip;]<\/p>\n","protected":false},"featured_media":71057,"template":"","meta":{"_acf_changed":false},"product_brand":[],"product_cat":[2865,2864,4049],"product_tag":[],"class_list":{"0":"post-71056","1":"product","2":"type-product","3":"status-publish","4":"has-post-thumbnail","6":"product_cat-kinder-crossbrillen","7":"product_cat-kinder-crosshelmen-brillen","8":"product_cat-mini-kleding","9":"product_shipping_class-4016","11":"first","12":"instock","13":"taxable","14":"shipping-taxable","15":"purchasable","16":"product-type-simple"},"acf":[],"yoast_head":"<!-- This site is optimized with the Yoast SEO plugin v27.1.1 - https:\/\/yoast.com\/product\/yoast-seo-wordpress\/ -->\n<title>Fly MX-Bril Kids Grijs-Oranje  (Clear Lens) - Hoogstra Autosport<\/title>\n<meta name=\"robots\" content=\"index, follow, max-snippet:-1, max-image-preview:large, max-video-preview:-1\" \/>\n<link rel=\"canonical\" href=\"https:\/\/www.hoogstra-autosport.nl\/de\/produkt\/fly-mx-bril-kids-grijs-oranje-clear-lens\/\" \/>\n<meta property=\"og:locale\" content=\"de_DE\" \/>\n<meta property=\"og:type\" content=\"article\" \/>\n<meta property=\"og:title\" content=\"Fly MX-Bril Kids Grijs-Oranje  (Clear Lens) - Hoogstra Autosport\" \/>\n<meta property=\"og:description\" content=\"De Focus-bril van Fly Racing bestaat uit een licht en robuust polyurethaanframe en een polycarbonaatlens met hoogwaardige antikras- en anticondenscoatings. Door het speciale frameontwerp wordt je gezichtsveld vergroot en de antislip siliconen aan de binnenkant van de brilband zorgt voor een veilige pasvorm op de helm. Het tweelaagse schuim zorgt bovendien voor een optimale afdichting [&hellip;]\" \/>\n<meta property=\"og:url\" content=\"https:\/\/www.hoogstra-autosport.nl\/de\/produkt\/fly-mx-bril-kids-grijs-oranje-clear-lens\/\" \/>\n<meta property=\"og:site_name\" content=\"Hoogstra Autosport\" \/>\n<meta property=\"article:modified_time\" content=\"2024-07-05T12:41:01+00:00\" \/>\n<meta property=\"og:image\" content=\"https:\/\/hoogstra-autosport.nl\/teamkoen\/content\/uploads\/2024\/05\/fly-Oranje.jpg\" \/>\n\t<meta property=\"og:image:width\" content=\"986\" \/>\n\t<meta property=\"og:image:height\" content=\"986\" \/>\n\t<meta property=\"og:image:type\" content=\"image\/jpeg\" \/>\n<meta name=\"twitter:card\" content=\"summary_large_image\" \/>\n<meta name=\"twitter:label1\" content=\"Gesch\u00e4tzte Lesezeit\" \/>\n\t<meta name=\"twitter:data1\" content=\"1\u00a0Minute\" \/>\n<script type=\"application\/ld+json\" class=\"yoast-schema-graph\">{\"@context\":\"https:\/\/schema.org\",\"@graph\":[{\"@type\":\"WebPage\",\"@id\":\"https:\/\/www.hoogstra-autosport.nl\/product\/fly-mx-bril-kids-grijs-oranje-clear-lens\/\",\"url\":\"https:\/\/www.hoogstra-autosport.nl\/product\/fly-mx-bril-kids-grijs-oranje-clear-lens\/\",\"name\":\"Fly MX-Bril Kids Grijs-Oranje (Clear Lens) - Hoogstra Autosport\",\"isPartOf\":{\"@id\":\"https:\/\/www.hoogstra-autosport.nl\/#website\"},\"primaryImageOfPage\":{\"@id\":\"https:\/\/www.hoogstra-autosport.nl\/product\/fly-mx-bril-kids-grijs-oranje-clear-lens\/#primaryimage\"},\"image\":{\"@id\":\"https:\/\/www.hoogstra-autosport.nl\/product\/fly-mx-bril-kids-grijs-oranje-clear-lens\/#primaryimage\"},\"thumbnailUrl\":\"https:\/\/www.hoogstra-autosport.nl\/teamkoen\/wp-content\/uploads\/2024\/05\/fly-Oranje.jpg\",\"datePublished\":\"2024-05-06T08:47:56+00:00\",\"dateModified\":\"2024-07-05T12:41:01+00:00\",\"breadcrumb\":{\"@id\":\"https:\/\/www.hoogstra-autosport.nl\/product\/fly-mx-bril-kids-grijs-oranje-clear-lens\/#breadcrumb\"},\"inLanguage\":\"de\",\"potentialAction\":[{\"@type\":\"ReadAction\",\"target\":[\"https:\/\/www.hoogstra-autosport.nl\/product\/fly-mx-bril-kids-grijs-oranje-clear-lens\/\"]}]},{\"@type\":\"ImageObject\",\"inLanguage\":\"de\",\"@id\":\"https:\/\/www.hoogstra-autosport.nl\/product\/fly-mx-bril-kids-grijs-oranje-clear-lens\/#primaryimage\",\"url\":\"https:\/\/www.hoogstra-autosport.nl\/teamkoen\/wp-content\/uploads\/2024\/05\/fly-Oranje.jpg\",\"contentUrl\":\"https:\/\/www.hoogstra-autosport.nl\/teamkoen\/wp-content\/uploads\/2024\/05\/fly-Oranje.jpg\",\"width\":986,\"height\":986},{\"@type\":\"BreadcrumbList\",\"@id\":\"https:\/\/www.hoogstra-autosport.nl\/product\/fly-mx-bril-kids-grijs-oranje-clear-lens\/#breadcrumb\",\"itemListElement\":[{\"@type\":\"ListItem\",\"position\":1,\"name\":\"Home\",\"item\":\"https:\/\/www.hoogstra-autosport.nl\/\"},{\"@type\":\"ListItem\",\"position\":2,\"name\":\"Carrosserie\",\"item\":\"https:\/\/www.hoogstra-autosport.nl\/product-categorie\/carroserie-bevestiging\/\"},{\"@type\":\"ListItem\",\"position\":3,\"name\":\"MINI BUGGY PARTS\",\"item\":\"https:\/\/www.hoogstra-autosport.nl\/product-categorie\/carroserie-bevestiging\/v-buggy-parts\/\"},{\"@type\":\"ListItem\",\"position\":4,\"name\":\"Mini Buggy Uitrusting\",\"item\":\"https:\/\/www.hoogstra-autosport.nl\/product-categorie\/carroserie-bevestiging\/v-buggy-parts\/mini-kleding\/\"},{\"@type\":\"ListItem\",\"position\":5,\"name\":\"Fly MX-Bril Kids Grijs-Oranje (Clear Lens)\"}]},{\"@type\":\"WebSite\",\"@id\":\"https:\/\/www.hoogstra-autosport.nl\/#website\",\"url\":\"https:\/\/www.hoogstra-autosport.nl\/\",\"name\":\"Hoogstra Autosport\",\"description\":\"Performance Autosport Parts!\",\"potentialAction\":[{\"@type\":\"SearchAction\",\"target\":{\"@type\":\"EntryPoint\",\"urlTemplate\":\"https:\/\/www.hoogstra-autosport.nl\/?s={search_term_string}\"},\"query-input\":{\"@type\":\"PropertyValueSpecification\",\"valueRequired\":true,\"valueName\":\"search_term_string\"}}],\"inLanguage\":\"de\"}]}<\/script>\n<!-- \/ Yoast SEO plugin. -->","yoast_head_json":{"title":"Fly MX-Bril Kids Grijs-Oranje  (Clear Lens) - Hoogstra Autosport","robots":{"index":"index","follow":"follow","max-snippet":"max-snippet:-1","max-image-preview":"max-image-preview:large","max-video-preview":"max-video-preview:-1"},"canonical":"https:\/\/www.hoogstra-autosport.nl\/de\/produkt\/fly-mx-bril-kids-grijs-oranje-clear-lens\/","og_locale":"de_DE","og_type":"article","og_title":"Fly MX-Bril Kids Grijs-Oranje  (Clear Lens) - Hoogstra Autosport","og_description":"De Focus-bril van Fly Racing bestaat uit een licht en robuust polyurethaanframe en een polycarbonaatlens met hoogwaardige antikras- en anticondenscoatings. Door het speciale frameontwerp wordt je gezichtsveld vergroot en de antislip siliconen aan de binnenkant van de brilband zorgt voor een veilige pasvorm op de helm. Het tweelaagse schuim zorgt bovendien voor een optimale afdichting [&hellip;]","og_url":"https:\/\/www.hoogstra-autosport.nl\/de\/produkt\/fly-mx-bril-kids-grijs-oranje-clear-lens\/","og_site_name":"Hoogstra Autosport","article_modified_time":"2024-07-05T12:41:01+00:00","og_image":[{"width":986,"height":986,"url":"https:\/\/hoogstra-autosport.nl\/teamkoen\/content\/uploads\/2024\/05\/fly-Oranje.jpg","type":"image\/jpeg"}],"twitter_card":"summary_large_image","twitter_misc":{"Gesch\u00e4tzte Lesezeit":"1\u00a0Minute"},"schema":{"@context":"https:\/\/schema.org","@graph":[{"@type":"WebPage","@id":"https:\/\/www.hoogstra-autosport.nl\/product\/fly-mx-bril-kids-grijs-oranje-clear-lens\/","url":"https:\/\/www.hoogstra-autosport.nl\/product\/fly-mx-bril-kids-grijs-oranje-clear-lens\/","name":"Fly MX-Bril Kids Grijs-Oranje (Clear Lens) - Hoogstra Autosport","isPartOf":{"@id":"https:\/\/www.hoogstra-autosport.nl\/#website"},"primaryImageOfPage":{"@id":"https:\/\/www.hoogstra-autosport.nl\/product\/fly-mx-bril-kids-grijs-oranje-clear-lens\/#primaryimage"},"image":{"@id":"https:\/\/www.hoogstra-autosport.nl\/product\/fly-mx-bril-kids-grijs-oranje-clear-lens\/#primaryimage"},"thumbnailUrl":"https:\/\/www.hoogstra-autosport.nl\/teamkoen\/wp-content\/uploads\/2024\/05\/fly-Oranje.jpg","datePublished":"2024-05-06T08:47:56+00:00","dateModified":"2024-07-05T12:41:01+00:00","breadcrumb":{"@id":"https:\/\/www.hoogstra-autosport.nl\/product\/fly-mx-bril-kids-grijs-oranje-clear-lens\/#breadcrumb"},"inLanguage":"de","potentialAction":[{"@type":"ReadAction","target":["https:\/\/www.hoogstra-autosport.nl\/product\/fly-mx-bril-kids-grijs-oranje-clear-lens\/"]}]},{"@type":"ImageObject","inLanguage":"de","@id":"https:\/\/www.hoogstra-autosport.nl\/product\/fly-mx-bril-kids-grijs-oranje-clear-lens\/#primaryimage","url":"https:\/\/www.hoogstra-autosport.nl\/teamkoen\/wp-content\/uploads\/2024\/05\/fly-Oranje.jpg","contentUrl":"https:\/\/www.hoogstra-autosport.nl\/teamkoen\/wp-content\/uploads\/2024\/05\/fly-Oranje.jpg","width":986,"height":986},{"@type":"BreadcrumbList","@id":"https:\/\/www.hoogstra-autosport.nl\/product\/fly-mx-bril-kids-grijs-oranje-clear-lens\/#breadcrumb","itemListElement":[{"@type":"ListItem","position":1,"name":"Home","item":"https:\/\/www.hoogstra-autosport.nl\/"},{"@type":"ListItem","position":2,"name":"Carrosserie","item":"https:\/\/www.hoogstra-autosport.nl\/product-categorie\/carroserie-bevestiging\/"},{"@type":"ListItem","position":3,"name":"MINI BUGGY PARTS","item":"https:\/\/www.hoogstra-autosport.nl\/product-categorie\/carroserie-bevestiging\/v-buggy-parts\/"},{"@type":"ListItem","position":4,"name":"Mini Buggy Uitrusting","item":"https:\/\/www.hoogstra-autosport.nl\/product-categorie\/carroserie-bevestiging\/v-buggy-parts\/mini-kleding\/"},{"@type":"ListItem","position":5,"name":"Fly MX-Bril Kids Grijs-Oranje (Clear Lens)"}]},{"@type":"WebSite","@id":"https:\/\/www.hoogstra-autosport.nl\/#website","url":"https:\/\/www.hoogstra-autosport.nl\/","name":"Hoogstra Autosport","description":"Performance Autosport Parts!","potentialAction":[{"@type":"SearchAction","target":{"@type":"EntryPoint","urlTemplate":"https:\/\/www.hoogstra-autosport.nl\/?s={search_term_string}"},"query-input":{"@type":"PropertyValueSpecification","valueRequired":true,"valueName":"search_term_string"}}],"inLanguage":"de"}]}},"tiered_pricing_type":"fixed","tiered_pricing_fixed_rules":[],"tiered_pricing_product_settings":{"layout":"default","base_unit_name":{"singular":null,"plural":null},"default_variation":null},"tiered_pricing_minimum_quantity":null,"tiered_pricing_roles_data":[],"tiered_pricing_percentage_rules":[],"tiered_pricing_maximum_quantity":null,"tiered_pricing_quantity_step":null,"_links":{"self":[{"href":"https:\/\/www.hoogstra-autosport.nl\/de\/wp-json\/wp\/v2\/product\/71056","targetHints":{"allow":["GET"]}}],"collection":[{"href":"https:\/\/www.hoogstra-autosport.nl\/de\/wp-json\/wp\/v2\/product"}],"about":[{"href":"https:\/\/www.hoogstra-autosport.nl\/de\/wp-json\/wp\/v2\/types\/product"}],"wp:featuredmedia":[{"embeddable":true,"href":"https:\/\/www.hoogstra-autosport.nl\/de\/wp-json\/wp\/v2\/media\/71057"}],"wp:attachment":[{"href":"https:\/\/www.hoogstra-autosport.nl\/de\/wp-json\/wp\/v2\/media?parent=71056"}],"wp:term":[{"taxonomy":"product_brand","embeddable":true,"href":"https:\/\/www.hoogstra-autosport.nl\/de\/wp-json\/wp\/v2\/product_brand?post=71056"},{"taxonomy":"product_cat","embeddable":true,"href":"https:\/\/www.hoogstra-autosport.nl\/de\/wp-json\/wp\/v2\/product_cat?post=71056"},{"taxonomy":"product_tag","embeddable":true,"href":"https:\/\/www.hoogstra-autosport.nl\/de\/wp-json\/wp\/v2\/product_tag?post=71056"}],"curies":[{"name":"wp","href":"https:\/\/api.w.org\/{rel}","templated":true}]}}