{"id":70049,"date":"2024-04-16T09:36:34","date_gmt":"2024-04-16T07:36:34","guid":{"rendered":"https:\/\/www.hoogstra-autosport.nl\/?post_type=product&#038;p=70049"},"modified":"2024-12-18T16:23:24","modified_gmt":"2024-12-18T15:23:24","slug":"alpinestars-karthandschoen-tech-1k-v3","status":"publish","type":"product","link":"https:\/\/www.hoogstra-autosport.nl\/de\/produkt\/alpinestars-karthandschoen-tech-1k-v3\/","title":{"rendered":"Alpinestars Karth Handschuh Tech 1K v3 FIA 8877-2022"},"content":{"rendered":"<p>Alpinestars Kart Glove Tech 1K v3Der Alpinestars TECH 1K v3 wurde speziell entwickelt, um Kartfahrern einen au\u00dfergew\u00f6hnlich leichten und stromlinienf\u00f6rmigen Handschuh mit au\u00dfergew\u00f6hnlichen Eigenschaften in Bezug auf Komfort und Fahrerlebnis zu bieten.<\/p>\n<p>Das Design des Handschuhs beeindruckt vor allem durch seine auff\u00e4llige, sublimierte Grafik. Mit doppellagigem, gebondetem 4-Wege-Stretch-Gewebe und einer ergonomisch geschnittenen Silikon-Griffbehandlung garantiert er h\u00f6chsten Komfort.<\/p>\n<p>Homologiert nach der neuesten Sicherheitsnorm FIA8877-2022 f\u00fcr den Kartsport.<\/p>\n<p>&nbsp;<\/p>\n<p>&nbsp;<\/p>\n<p>&nbsp;<\/p>","protected":false},"excerpt":{"rendered":"<p>Alpinestars Kart Glove Tech 1K v3De Alpinestars TECH 1K v3 is speciaal ontwikkeld om kartrijders te voorzien van een bijzonder lichte en gestroomlijnde handschoen met uitzonderlijke eigenschappen op het gebied van comfort en rijbeleving. Het handschoenontwerp maakt vooral indruk met zijn opvallende, gesublimeerde graphics. Met dubbellaagse, gebonden 4-way stretchstof en een ergonomisch gesneden siliconen gripbehandeling [&hellip;]<\/p>\n","protected":false},"featured_media":70056,"template":"","meta":{"_acf_changed":false},"product_brand":[],"product_cat":[2594,4193],"product_tag":[],"class_list":{"0":"post-70049","1":"product","2":"type-product","3":"status-publish","4":"has-post-thumbnail","6":"product_cat-handschoenen-2","7":"product_cat-alpinestar-handschoenen-fia","8":"product_shipping_class-4016","10":"first","11":"instock","12":"taxable","13":"shipping-taxable","14":"purchasable","15":"product-type-variable"},"acf":[],"yoast_head":"<!-- This site is optimized with the Yoast SEO plugin v27.1.1 - https:\/\/yoast.com\/product\/yoast-seo-wordpress\/ -->\n<title>Alpinestars Karthandschoen Tech 1K v3 FIA 8877-2022 - Hoogstra Autosport<\/title>\n<meta name=\"robots\" content=\"index, follow, max-snippet:-1, max-image-preview:large, max-video-preview:-1\" \/>\n<link rel=\"canonical\" href=\"https:\/\/www.hoogstra-autosport.nl\/de\/produkt\/alpinestars-karthandschoen-tech-1k-v3\/\" \/>\n<meta property=\"og:locale\" content=\"de_DE\" \/>\n<meta property=\"og:type\" content=\"article\" \/>\n<meta property=\"og:title\" content=\"Alpinestars Karthandschoen Tech 1K v3 FIA 8877-2022 - Hoogstra Autosport\" \/>\n<meta property=\"og:description\" content=\"Alpinestars Kart Glove Tech 1K v3De Alpinestars TECH 1K v3 is speciaal ontwikkeld om kartrijders te voorzien van een bijzonder lichte en gestroomlijnde handschoen met uitzonderlijke eigenschappen op het gebied van comfort en rijbeleving. Het handschoenontwerp maakt vooral indruk met zijn opvallende, gesublimeerde graphics. Met dubbellaagse, gebonden 4-way stretchstof en een ergonomisch gesneden siliconen gripbehandeling [&hellip;]\" \/>\n<meta property=\"og:url\" content=\"https:\/\/www.hoogstra-autosport.nl\/de\/produkt\/alpinestars-karthandschoen-tech-1k-v3\/\" \/>\n<meta property=\"og:site_name\" content=\"Hoogstra Autosport\" \/>\n<meta property=\"article:modified_time\" content=\"2024-12-18T15:23:24+00:00\" \/>\n<meta property=\"og:image\" content=\"https:\/\/hoogstra-autosport.nl\/teamkoen\/content\/uploads\/2024\/04\/alpine-star-zwart.jpg\" \/>\n\t<meta property=\"og:image:width\" content=\"986\" \/>\n\t<meta property=\"og:image:height\" content=\"986\" \/>\n\t<meta property=\"og:image:type\" content=\"image\/jpeg\" \/>\n<meta name=\"twitter:card\" content=\"summary_large_image\" \/>\n<meta name=\"twitter:label1\" content=\"Gesch\u00e4tzte Lesezeit\" \/>\n\t<meta name=\"twitter:data1\" content=\"1\u00a0Minute\" \/>\n<script type=\"application\/ld+json\" class=\"yoast-schema-graph\">{\"@context\":\"https:\/\/schema.org\",\"@graph\":[{\"@type\":\"WebPage\",\"@id\":\"https:\/\/www.hoogstra-autosport.nl\/product\/alpinestars-karthandschoen-tech-1k-v3\/\",\"url\":\"https:\/\/www.hoogstra-autosport.nl\/product\/alpinestars-karthandschoen-tech-1k-v3\/\",\"name\":\"Alpinestars Karthandschoen Tech 1K v3 FIA 8877-2022 - Hoogstra Autosport\",\"isPartOf\":{\"@id\":\"https:\/\/www.hoogstra-autosport.nl\/#website\"},\"primaryImageOfPage\":{\"@id\":\"https:\/\/www.hoogstra-autosport.nl\/product\/alpinestars-karthandschoen-tech-1k-v3\/#primaryimage\"},\"image\":{\"@id\":\"https:\/\/www.hoogstra-autosport.nl\/product\/alpinestars-karthandschoen-tech-1k-v3\/#primaryimage\"},\"thumbnailUrl\":\"https:\/\/www.hoogstra-autosport.nl\/teamkoen\/wp-content\/uploads\/2024\/04\/alpine-star-zwart.jpg\",\"datePublished\":\"2024-04-16T07:36:34+00:00\",\"dateModified\":\"2024-12-18T15:23:24+00:00\",\"breadcrumb\":{\"@id\":\"https:\/\/www.hoogstra-autosport.nl\/product\/alpinestars-karthandschoen-tech-1k-v3\/#breadcrumb\"},\"inLanguage\":\"de\",\"potentialAction\":[{\"@type\":\"ReadAction\",\"target\":[\"https:\/\/www.hoogstra-autosport.nl\/product\/alpinestars-karthandschoen-tech-1k-v3\/\"]}]},{\"@type\":\"ImageObject\",\"inLanguage\":\"de\",\"@id\":\"https:\/\/www.hoogstra-autosport.nl\/product\/alpinestars-karthandschoen-tech-1k-v3\/#primaryimage\",\"url\":\"https:\/\/www.hoogstra-autosport.nl\/teamkoen\/wp-content\/uploads\/2024\/04\/alpine-star-zwart.jpg\",\"contentUrl\":\"https:\/\/www.hoogstra-autosport.nl\/teamkoen\/wp-content\/uploads\/2024\/04\/alpine-star-zwart.jpg\",\"width\":986,\"height\":986,\"caption\":\"Alpinestars Karthandschoen Tech 1K v3 9852\"},{\"@type\":\"BreadcrumbList\",\"@id\":\"https:\/\/www.hoogstra-autosport.nl\/product\/alpinestars-karthandschoen-tech-1k-v3\/#breadcrumb\",\"itemListElement\":[{\"@type\":\"ListItem\",\"position\":1,\"name\":\"Home\",\"item\":\"https:\/\/www.hoogstra-autosport.nl\/\"},{\"@type\":\"ListItem\",\"position\":2,\"name\":\"Uitrusting\",\"item\":\"https:\/\/www.hoogstra-autosport.nl\/product-categorie\/autosport-kleding-helmen\/\"},{\"@type\":\"ListItem\",\"position\":3,\"name\":\"Autosport Kleding\",\"item\":\"https:\/\/www.hoogstra-autosport.nl\/product-categorie\/autosport-kleding-helmen\/autosport-kleding\/\"},{\"@type\":\"ListItem\",\"position\":4,\"name\":\"Handschoenen\",\"item\":\"https:\/\/www.hoogstra-autosport.nl\/product-categorie\/autosport-kleding-helmen\/autosport-kleding\/handschoenen-2\/\"},{\"@type\":\"ListItem\",\"position\":5,\"name\":\"Alpinestars Karthandschoen Tech 1K v3 FIA 8877-2022\"}]},{\"@type\":\"WebSite\",\"@id\":\"https:\/\/www.hoogstra-autosport.nl\/#website\",\"url\":\"https:\/\/www.hoogstra-autosport.nl\/\",\"name\":\"Hoogstra Autosport\",\"description\":\"Performance Autosport Parts!\",\"potentialAction\":[{\"@type\":\"SearchAction\",\"target\":{\"@type\":\"EntryPoint\",\"urlTemplate\":\"https:\/\/www.hoogstra-autosport.nl\/?s={search_term_string}\"},\"query-input\":{\"@type\":\"PropertyValueSpecification\",\"valueRequired\":true,\"valueName\":\"search_term_string\"}}],\"inLanguage\":\"de\"}]}<\/script>\n<!-- \/ Yoast SEO plugin. -->","yoast_head_json":{"title":"Alpinestars Karthandschoen Tech 1K v3 FIA 8877-2022 - Hoogstra Autosport","robots":{"index":"index","follow":"follow","max-snippet":"max-snippet:-1","max-image-preview":"max-image-preview:large","max-video-preview":"max-video-preview:-1"},"canonical":"https:\/\/www.hoogstra-autosport.nl\/de\/produkt\/alpinestars-karthandschoen-tech-1k-v3\/","og_locale":"de_DE","og_type":"article","og_title":"Alpinestars Karthandschoen Tech 1K v3 FIA 8877-2022 - Hoogstra Autosport","og_description":"Alpinestars Kart Glove Tech 1K v3De Alpinestars TECH 1K v3 is speciaal ontwikkeld om kartrijders te voorzien van een bijzonder lichte en gestroomlijnde handschoen met uitzonderlijke eigenschappen op het gebied van comfort en rijbeleving. Het handschoenontwerp maakt vooral indruk met zijn opvallende, gesublimeerde graphics. Met dubbellaagse, gebonden 4-way stretchstof en een ergonomisch gesneden siliconen gripbehandeling [&hellip;]","og_url":"https:\/\/www.hoogstra-autosport.nl\/de\/produkt\/alpinestars-karthandschoen-tech-1k-v3\/","og_site_name":"Hoogstra Autosport","article_modified_time":"2024-12-18T15:23:24+00:00","og_image":[{"width":986,"height":986,"url":"https:\/\/hoogstra-autosport.nl\/teamkoen\/content\/uploads\/2024\/04\/alpine-star-zwart.jpg","type":"image\/jpeg"}],"twitter_card":"summary_large_image","twitter_misc":{"Gesch\u00e4tzte Lesezeit":"1\u00a0Minute"},"schema":{"@context":"https:\/\/schema.org","@graph":[{"@type":"WebPage","@id":"https:\/\/www.hoogstra-autosport.nl\/product\/alpinestars-karthandschoen-tech-1k-v3\/","url":"https:\/\/www.hoogstra-autosport.nl\/product\/alpinestars-karthandschoen-tech-1k-v3\/","name":"Alpinestars Karthandschoen Tech 1K v3 FIA 8877-2022 - Hoogstra Autosport","isPartOf":{"@id":"https:\/\/www.hoogstra-autosport.nl\/#website"},"primaryImageOfPage":{"@id":"https:\/\/www.hoogstra-autosport.nl\/product\/alpinestars-karthandschoen-tech-1k-v3\/#primaryimage"},"image":{"@id":"https:\/\/www.hoogstra-autosport.nl\/product\/alpinestars-karthandschoen-tech-1k-v3\/#primaryimage"},"thumbnailUrl":"https:\/\/www.hoogstra-autosport.nl\/teamkoen\/wp-content\/uploads\/2024\/04\/alpine-star-zwart.jpg","datePublished":"2024-04-16T07:36:34+00:00","dateModified":"2024-12-18T15:23:24+00:00","breadcrumb":{"@id":"https:\/\/www.hoogstra-autosport.nl\/product\/alpinestars-karthandschoen-tech-1k-v3\/#breadcrumb"},"inLanguage":"de","potentialAction":[{"@type":"ReadAction","target":["https:\/\/www.hoogstra-autosport.nl\/product\/alpinestars-karthandschoen-tech-1k-v3\/"]}]},{"@type":"ImageObject","inLanguage":"de","@id":"https:\/\/www.hoogstra-autosport.nl\/product\/alpinestars-karthandschoen-tech-1k-v3\/#primaryimage","url":"https:\/\/www.hoogstra-autosport.nl\/teamkoen\/wp-content\/uploads\/2024\/04\/alpine-star-zwart.jpg","contentUrl":"https:\/\/www.hoogstra-autosport.nl\/teamkoen\/wp-content\/uploads\/2024\/04\/alpine-star-zwart.jpg","width":986,"height":986,"caption":"Alpinestars Karthandschoen Tech 1K v3 9852"},{"@type":"BreadcrumbList","@id":"https:\/\/www.hoogstra-autosport.nl\/product\/alpinestars-karthandschoen-tech-1k-v3\/#breadcrumb","itemListElement":[{"@type":"ListItem","position":1,"name":"Home","item":"https:\/\/www.hoogstra-autosport.nl\/"},{"@type":"ListItem","position":2,"name":"Uitrusting","item":"https:\/\/www.hoogstra-autosport.nl\/product-categorie\/autosport-kleding-helmen\/"},{"@type":"ListItem","position":3,"name":"Autosport Kleding","item":"https:\/\/www.hoogstra-autosport.nl\/product-categorie\/autosport-kleding-helmen\/autosport-kleding\/"},{"@type":"ListItem","position":4,"name":"Handschoenen","item":"https:\/\/www.hoogstra-autosport.nl\/product-categorie\/autosport-kleding-helmen\/autosport-kleding\/handschoenen-2\/"},{"@type":"ListItem","position":5,"name":"Alpinestars Karthandschoen Tech 1K v3 FIA 8877-2022"}]},{"@type":"WebSite","@id":"https:\/\/www.hoogstra-autosport.nl\/#website","url":"https:\/\/www.hoogstra-autosport.nl\/","name":"Hoogstra Autosport","description":"Performance Autosport Parts!","potentialAction":[{"@type":"SearchAction","target":{"@type":"EntryPoint","urlTemplate":"https:\/\/www.hoogstra-autosport.nl\/?s={search_term_string}"},"query-input":{"@type":"PropertyValueSpecification","valueRequired":true,"valueName":"search_term_string"}}],"inLanguage":"de"}]}},"tiered_pricing_type":"fixed","tiered_pricing_fixed_rules":[],"tiered_pricing_product_settings":{"layout":"default","base_unit_name":{"singular":null,"plural":null},"default_variation":null},"tiered_pricing_minimum_quantity":null,"tiered_pricing_roles_data":[],"tiered_pricing_percentage_rules":[],"tiered_pricing_maximum_quantity":null,"tiered_pricing_quantity_step":null,"_links":{"self":[{"href":"https:\/\/www.hoogstra-autosport.nl\/de\/wp-json\/wp\/v2\/product\/70049","targetHints":{"allow":["GET"]}}],"collection":[{"href":"https:\/\/www.hoogstra-autosport.nl\/de\/wp-json\/wp\/v2\/product"}],"about":[{"href":"https:\/\/www.hoogstra-autosport.nl\/de\/wp-json\/wp\/v2\/types\/product"}],"wp:featuredmedia":[{"embeddable":true,"href":"https:\/\/www.hoogstra-autosport.nl\/de\/wp-json\/wp\/v2\/media\/70056"}],"wp:attachment":[{"href":"https:\/\/www.hoogstra-autosport.nl\/de\/wp-json\/wp\/v2\/media?parent=70049"}],"wp:term":[{"taxonomy":"product_brand","embeddable":true,"href":"https:\/\/www.hoogstra-autosport.nl\/de\/wp-json\/wp\/v2\/product_brand?post=70049"},{"taxonomy":"product_cat","embeddable":true,"href":"https:\/\/www.hoogstra-autosport.nl\/de\/wp-json\/wp\/v2\/product_cat?post=70049"},{"taxonomy":"product_tag","embeddable":true,"href":"https:\/\/www.hoogstra-autosport.nl\/de\/wp-json\/wp\/v2\/product_tag?post=70049"}],"curies":[{"name":"wp","href":"https:\/\/api.w.org\/{rel}","templated":true}]}}