{"id":69419,"date":"2024-04-02T09:22:50","date_gmt":"2024-04-02T07:22:50","guid":{"rendered":"https:\/\/www.hoogstra-autosport.nl\/?post_type=product&#038;p=69419"},"modified":"2025-12-18T20:49:52","modified_gmt":"2025-12-18T19:49:52","slug":"sparco-kartoverall-kerb-kids-rood","status":"publish","type":"product","link":"https:\/\/www.hoogstra-autosport.nl\/de\/produkt\/sparco-kartoverall-kerb-kids-rood\/","title":{"rendered":"Sparco Kartoverall KERB (kids) Rood\/Wit"},"content":{"rendered":"<p><span class=\"jCAhz ChMk0b\"><span class=\"ryNqvb\">Sparco Kartoverall KERB\"<\/span><\/span> <span class=\"jCAhz ChMk0b\"><span class=\"ryNqvb\">Der neue Sparco Kartoverall Curb besticht durch seinen hohen Tragekomfort und seine neue Passform, vor allem aber durch sein frisches Design.<\/span><\/span> <span class=\"jCAhz ChMk0b\"><span class=\"ryNqvb\">Bew\u00e4hrte Oberschenkelbel\u00fcftungen sorgen gezielt f\u00fcr eine gute Bel\u00fcftung und angenehmen Tragekomfort - auch bei sommerlichen Temperaturen.<\/span><\/span> <span class=\"jCAhz ChMk0b\"><span class=\"ryNqvb\">Gro\u00dfe, elastische Eins\u00e4tze unter den Armen und im R\u00fcckenbereich sorgen f\u00fcr maximale Bewegungsfreiheit in jeder Sitzposition.<\/span><\/span> <span class=\"jCAhz ChMk0b\"><span class=\"ryNqvb\">Zur individuellen Weitenregulierung sind im Taillenbereich seitlich verstellbare Laschen integriert.<\/span><\/span> <span class=\"jCAhz ChMk0b\"><span class=\"ryNqvb\">Die farblich abgesetzten Applikationen, kombiniert mit den diagonalen Kontrastn\u00e4hten, verleihen ihm einen modernen und sportlichen Look.<\/span><\/span> <span class=\"jCAhz ChMk0b\"><span class=\"ryNqvb\">Sein sportliches Design und seine ergonomische Gesamtform machen den Sparco Curb zu einem Spitzenmodell seiner Klasse, sowohl optisch als auch in Bezug auf den Komfort.<\/span><\/span><\/p>\n<p>&nbsp;<\/p>\n<p>CIK-FIA 2013-1 Stufe 2 homologiert.<\/p>","protected":false},"excerpt":{"rendered":"<p>Sparco Kartoverall KERB&#8221; De nieuwe Sparco Kartoverall Curb overtuigt door zijn geweldige draagcomfort en nieuwe pasvorm, vooral door zijn frisse design. De beproefde ventilatieopeningen in het dijbeen zorgen voor gerichte goede ventilatie voor een aangenaam comfort &#8211; zelfs bij zomerse temperaturen. Grote, elastische inzetstukken onder de armen en in het ruggedeelte zorgen voor maximale bewegingsvrijheid [&hellip;]<\/p>\n","protected":false},"featured_media":95654,"template":"","meta":{"_acf_changed":false},"product_brand":[],"product_cat":[2700,4049],"product_tag":[],"class_list":{"0":"post-69419","1":"product","2":"type-product","3":"status-publish","4":"has-post-thumbnail","6":"product_cat-kart-monteurs-overalls","7":"product_cat-mini-kleding","8":"product_shipping_class-4016","10":"first","11":"instock","12":"taxable","13":"shipping-taxable","14":"purchasable","15":"product-type-variable"},"acf":[],"yoast_head":"<!-- This site is optimized with the Yoast SEO plugin v27.1.1 - https:\/\/yoast.com\/product\/yoast-seo-wordpress\/ -->\n<title>Sparco Kartoverall KERB (kids) Rood\/Wit - Hoogstra Autosport<\/title>\n<meta name=\"robots\" content=\"index, follow, max-snippet:-1, max-image-preview:large, max-video-preview:-1\" \/>\n<link rel=\"canonical\" href=\"https:\/\/www.hoogstra-autosport.nl\/de\/produkt\/sparco-kartoverall-kerb-kids-rood\/\" \/>\n<meta property=\"og:locale\" content=\"de_DE\" \/>\n<meta property=\"og:type\" content=\"article\" \/>\n<meta property=\"og:title\" content=\"Sparco Kartoverall KERB (kids) Rood\/Wit - Hoogstra Autosport\" \/>\n<meta property=\"og:description\" content=\"Sparco Kartoverall KERB&#8221; De nieuwe Sparco Kartoverall Curb overtuigt door zijn geweldige draagcomfort en nieuwe pasvorm, vooral door zijn frisse design. De beproefde ventilatieopeningen in het dijbeen zorgen voor gerichte goede ventilatie voor een aangenaam comfort &#8211; zelfs bij zomerse temperaturen. Grote, elastische inzetstukken onder de armen en in het ruggedeelte zorgen voor maximale bewegingsvrijheid [&hellip;]\" \/>\n<meta property=\"og:url\" content=\"https:\/\/www.hoogstra-autosport.nl\/de\/produkt\/sparco-kartoverall-kerb-kids-rood\/\" \/>\n<meta property=\"og:site_name\" content=\"Hoogstra Autosport\" \/>\n<meta property=\"article:modified_time\" content=\"2025-12-18T19:49:52+00:00\" \/>\n<meta property=\"og:image\" content=\"https:\/\/www.hoogstra-autosport.nl\/teamkoen\/wp-content\/uploads\/2024\/04\/Sparco-Kerb-rood-wit-voorkant.jpg\" \/>\n\t<meta property=\"og:image:width\" content=\"1080\" \/>\n\t<meta property=\"og:image:height\" content=\"1080\" \/>\n\t<meta property=\"og:image:type\" content=\"image\/jpeg\" \/>\n<meta name=\"twitter:card\" content=\"summary_large_image\" \/>\n<meta name=\"twitter:label1\" content=\"Gesch\u00e4tzte Lesezeit\" \/>\n\t<meta name=\"twitter:data1\" content=\"1\u00a0Minute\" \/>\n<script type=\"application\/ld+json\" class=\"yoast-schema-graph\">{\"@context\":\"https:\/\/schema.org\",\"@graph\":[{\"@type\":\"WebPage\",\"@id\":\"https:\/\/www.hoogstra-autosport.nl\/product\/sparco-kartoverall-kerb-kids-rood\/\",\"url\":\"https:\/\/www.hoogstra-autosport.nl\/product\/sparco-kartoverall-kerb-kids-rood\/\",\"name\":\"Sparco Kartoverall KERB (kids) Rood\/Wit - Hoogstra Autosport\",\"isPartOf\":{\"@id\":\"https:\/\/www.hoogstra-autosport.nl\/#website\"},\"primaryImageOfPage\":{\"@id\":\"https:\/\/www.hoogstra-autosport.nl\/product\/sparco-kartoverall-kerb-kids-rood\/#primaryimage\"},\"image\":{\"@id\":\"https:\/\/www.hoogstra-autosport.nl\/product\/sparco-kartoverall-kerb-kids-rood\/#primaryimage\"},\"thumbnailUrl\":\"https:\/\/www.hoogstra-autosport.nl\/teamkoen\/wp-content\/uploads\/2024\/04\/Sparco-Kerb-rood-wit-voorkant.jpg\",\"datePublished\":\"2024-04-02T07:22:50+00:00\",\"dateModified\":\"2025-12-18T19:49:52+00:00\",\"breadcrumb\":{\"@id\":\"https:\/\/www.hoogstra-autosport.nl\/product\/sparco-kartoverall-kerb-kids-rood\/#breadcrumb\"},\"inLanguage\":\"de\",\"potentialAction\":[{\"@type\":\"ReadAction\",\"target\":[\"https:\/\/www.hoogstra-autosport.nl\/product\/sparco-kartoverall-kerb-kids-rood\/\"]}]},{\"@type\":\"ImageObject\",\"inLanguage\":\"de\",\"@id\":\"https:\/\/www.hoogstra-autosport.nl\/product\/sparco-kartoverall-kerb-kids-rood\/#primaryimage\",\"url\":\"https:\/\/www.hoogstra-autosport.nl\/teamkoen\/wp-content\/uploads\/2024\/04\/Sparco-Kerb-rood-wit-voorkant.jpg\",\"contentUrl\":\"https:\/\/www.hoogstra-autosport.nl\/teamkoen\/wp-content\/uploads\/2024\/04\/Sparco-Kerb-rood-wit-voorkant.jpg\",\"width\":1080,\"height\":1080},{\"@type\":\"BreadcrumbList\",\"@id\":\"https:\/\/www.hoogstra-autosport.nl\/product\/sparco-kartoverall-kerb-kids-rood\/#breadcrumb\",\"itemListElement\":[{\"@type\":\"ListItem\",\"position\":1,\"name\":\"Home\",\"item\":\"https:\/\/www.hoogstra-autosport.nl\/\"},{\"@type\":\"ListItem\",\"position\":2,\"name\":\"Uitrusting\",\"item\":\"https:\/\/www.hoogstra-autosport.nl\/product-categorie\/autosport-kleding-helmen\/\"},{\"@type\":\"ListItem\",\"position\":3,\"name\":\"Autosport Kleding\",\"item\":\"https:\/\/www.hoogstra-autosport.nl\/product-categorie\/autosport-kleding-helmen\/autosport-kleding\/\"},{\"@type\":\"ListItem\",\"position\":4,\"name\":\"Overalls\",\"item\":\"https:\/\/www.hoogstra-autosport.nl\/product-categorie\/autosport-kleding-helmen\/autosport-kleding\/overalls\/\"},{\"@type\":\"ListItem\",\"position\":5,\"name\":\"Kart \/ Monteurs Overalls\",\"item\":\"https:\/\/www.hoogstra-autosport.nl\/product-categorie\/autosport-kleding-helmen\/autosport-kleding\/overalls\/kart-monteurs-overalls\/\"},{\"@type\":\"ListItem\",\"position\":6,\"name\":\"Sparco Kartoverall KERB (kids) Rood\/Wit\"}]},{\"@type\":\"WebSite\",\"@id\":\"https:\/\/www.hoogstra-autosport.nl\/#website\",\"url\":\"https:\/\/www.hoogstra-autosport.nl\/\",\"name\":\"Hoogstra Autosport\",\"description\":\"Performance Autosport Parts!\",\"potentialAction\":[{\"@type\":\"SearchAction\",\"target\":{\"@type\":\"EntryPoint\",\"urlTemplate\":\"https:\/\/www.hoogstra-autosport.nl\/?s={search_term_string}\"},\"query-input\":{\"@type\":\"PropertyValueSpecification\",\"valueRequired\":true,\"valueName\":\"search_term_string\"}}],\"inLanguage\":\"de\"}]}<\/script>\n<!-- \/ Yoast SEO plugin. -->","yoast_head_json":{"title":"Sparco Kartoverall KERB (kids) Rood\/Wit - Hoogstra Autosport","robots":{"index":"index","follow":"follow","max-snippet":"max-snippet:-1","max-image-preview":"max-image-preview:large","max-video-preview":"max-video-preview:-1"},"canonical":"https:\/\/www.hoogstra-autosport.nl\/de\/produkt\/sparco-kartoverall-kerb-kids-rood\/","og_locale":"de_DE","og_type":"article","og_title":"Sparco Kartoverall KERB (kids) Rood\/Wit - Hoogstra Autosport","og_description":"Sparco Kartoverall KERB&#8221; De nieuwe Sparco Kartoverall Curb overtuigt door zijn geweldige draagcomfort en nieuwe pasvorm, vooral door zijn frisse design. De beproefde ventilatieopeningen in het dijbeen zorgen voor gerichte goede ventilatie voor een aangenaam comfort &#8211; zelfs bij zomerse temperaturen. Grote, elastische inzetstukken onder de armen en in het ruggedeelte zorgen voor maximale bewegingsvrijheid [&hellip;]","og_url":"https:\/\/www.hoogstra-autosport.nl\/de\/produkt\/sparco-kartoverall-kerb-kids-rood\/","og_site_name":"Hoogstra Autosport","article_modified_time":"2025-12-18T19:49:52+00:00","og_image":[{"width":1080,"height":1080,"url":"https:\/\/www.hoogstra-autosport.nl\/teamkoen\/wp-content\/uploads\/2024\/04\/Sparco-Kerb-rood-wit-voorkant.jpg","type":"image\/jpeg"}],"twitter_card":"summary_large_image","twitter_misc":{"Gesch\u00e4tzte Lesezeit":"1\u00a0Minute"},"schema":{"@context":"https:\/\/schema.org","@graph":[{"@type":"WebPage","@id":"https:\/\/www.hoogstra-autosport.nl\/product\/sparco-kartoverall-kerb-kids-rood\/","url":"https:\/\/www.hoogstra-autosport.nl\/product\/sparco-kartoverall-kerb-kids-rood\/","name":"Sparco Kartoverall KERB (kids) Rood\/Wit - Hoogstra Autosport","isPartOf":{"@id":"https:\/\/www.hoogstra-autosport.nl\/#website"},"primaryImageOfPage":{"@id":"https:\/\/www.hoogstra-autosport.nl\/product\/sparco-kartoverall-kerb-kids-rood\/#primaryimage"},"image":{"@id":"https:\/\/www.hoogstra-autosport.nl\/product\/sparco-kartoverall-kerb-kids-rood\/#primaryimage"},"thumbnailUrl":"https:\/\/www.hoogstra-autosport.nl\/teamkoen\/wp-content\/uploads\/2024\/04\/Sparco-Kerb-rood-wit-voorkant.jpg","datePublished":"2024-04-02T07:22:50+00:00","dateModified":"2025-12-18T19:49:52+00:00","breadcrumb":{"@id":"https:\/\/www.hoogstra-autosport.nl\/product\/sparco-kartoverall-kerb-kids-rood\/#breadcrumb"},"inLanguage":"de","potentialAction":[{"@type":"ReadAction","target":["https:\/\/www.hoogstra-autosport.nl\/product\/sparco-kartoverall-kerb-kids-rood\/"]}]},{"@type":"ImageObject","inLanguage":"de","@id":"https:\/\/www.hoogstra-autosport.nl\/product\/sparco-kartoverall-kerb-kids-rood\/#primaryimage","url":"https:\/\/www.hoogstra-autosport.nl\/teamkoen\/wp-content\/uploads\/2024\/04\/Sparco-Kerb-rood-wit-voorkant.jpg","contentUrl":"https:\/\/www.hoogstra-autosport.nl\/teamkoen\/wp-content\/uploads\/2024\/04\/Sparco-Kerb-rood-wit-voorkant.jpg","width":1080,"height":1080},{"@type":"BreadcrumbList","@id":"https:\/\/www.hoogstra-autosport.nl\/product\/sparco-kartoverall-kerb-kids-rood\/#breadcrumb","itemListElement":[{"@type":"ListItem","position":1,"name":"Home","item":"https:\/\/www.hoogstra-autosport.nl\/"},{"@type":"ListItem","position":2,"name":"Uitrusting","item":"https:\/\/www.hoogstra-autosport.nl\/product-categorie\/autosport-kleding-helmen\/"},{"@type":"ListItem","position":3,"name":"Autosport Kleding","item":"https:\/\/www.hoogstra-autosport.nl\/product-categorie\/autosport-kleding-helmen\/autosport-kleding\/"},{"@type":"ListItem","position":4,"name":"Overalls","item":"https:\/\/www.hoogstra-autosport.nl\/product-categorie\/autosport-kleding-helmen\/autosport-kleding\/overalls\/"},{"@type":"ListItem","position":5,"name":"Kart \/ Monteurs Overalls","item":"https:\/\/www.hoogstra-autosport.nl\/product-categorie\/autosport-kleding-helmen\/autosport-kleding\/overalls\/kart-monteurs-overalls\/"},{"@type":"ListItem","position":6,"name":"Sparco Kartoverall KERB (kids) Rood\/Wit"}]},{"@type":"WebSite","@id":"https:\/\/www.hoogstra-autosport.nl\/#website","url":"https:\/\/www.hoogstra-autosport.nl\/","name":"Hoogstra Autosport","description":"Performance Autosport Parts!","potentialAction":[{"@type":"SearchAction","target":{"@type":"EntryPoint","urlTemplate":"https:\/\/www.hoogstra-autosport.nl\/?s={search_term_string}"},"query-input":{"@type":"PropertyValueSpecification","valueRequired":true,"valueName":"search_term_string"}}],"inLanguage":"de"}]}},"tiered_pricing_type":"fixed","tiered_pricing_fixed_rules":[],"tiered_pricing_product_settings":{"layout":"default","base_unit_name":{"singular":null,"plural":null},"default_variation":null},"tiered_pricing_minimum_quantity":null,"tiered_pricing_roles_data":[],"tiered_pricing_percentage_rules":[],"tiered_pricing_maximum_quantity":null,"tiered_pricing_quantity_step":null,"_links":{"self":[{"href":"https:\/\/www.hoogstra-autosport.nl\/de\/wp-json\/wp\/v2\/product\/69419","targetHints":{"allow":["GET"]}}],"collection":[{"href":"https:\/\/www.hoogstra-autosport.nl\/de\/wp-json\/wp\/v2\/product"}],"about":[{"href":"https:\/\/www.hoogstra-autosport.nl\/de\/wp-json\/wp\/v2\/types\/product"}],"wp:featuredmedia":[{"embeddable":true,"href":"https:\/\/www.hoogstra-autosport.nl\/de\/wp-json\/wp\/v2\/media\/95654"}],"wp:attachment":[{"href":"https:\/\/www.hoogstra-autosport.nl\/de\/wp-json\/wp\/v2\/media?parent=69419"}],"wp:term":[{"taxonomy":"product_brand","embeddable":true,"href":"https:\/\/www.hoogstra-autosport.nl\/de\/wp-json\/wp\/v2\/product_brand?post=69419"},{"taxonomy":"product_cat","embeddable":true,"href":"https:\/\/www.hoogstra-autosport.nl\/de\/wp-json\/wp\/v2\/product_cat?post=69419"},{"taxonomy":"product_tag","embeddable":true,"href":"https:\/\/www.hoogstra-autosport.nl\/de\/wp-json\/wp\/v2\/product_tag?post=69419"}],"curies":[{"name":"wp","href":"https:\/\/api.w.org\/{rel}","templated":true}]}}