{"id":68825,"date":"2024-03-21T10:02:02","date_gmt":"2024-03-21T09:02:02","guid":{"rendered":"https:\/\/www.hoogstra-autosport.nl\/?post_type=product&#038;p=68825"},"modified":"2025-12-02T16:52:11","modified_gmt":"2025-12-02T15:52:11","slug":"catch-tank-aluminium-ch777","status":"publish","type":"product","link":"https:\/\/www.hoogstra-autosport.nl\/de\/produkt\/catch-tank-aluminium-ch777\/","title":{"rendered":"Auffangbeh\u00e4lter Aluminium CH777"},"content":{"rendered":"<p>Leichter und kompakter \u00d6lauffangbeh\u00e4lter.<\/p>\n<p>mehrere Zubeh\u00f6rteile enthalten.<\/p>\n<p>einfach an der Halterung aufzuh\u00e4ngen.<\/p>\n<p>einfache \u00d6lpfeilkontrolle mit dem Pfeilstab.<\/p>\n<p>leicht zu entleeren durch den drehbaren Beh\u00e4lter.<\/p>\n<p>&nbsp;<\/p>","protected":false},"excerpt":{"rendered":"<p>licht gewicht en compacte olie catch tank. meerdere accessoires bij geleverd. makkelijk op te hangen aan de montage beugel. makkelijk olie pijl checken met de pijl stok. makkelijk te legen met het draaibare reservoir. &nbsp;<\/p>","protected":false},"featured_media":94409,"template":"","meta":{"_acf_changed":false},"product_brand":[],"product_cat":[2747],"product_tag":[],"class_list":{"0":"post-68825","1":"product","2":"type-product","3":"status-publish","4":"has-post-thumbnail","6":"product_cat-carter-ontluchting-tanks","7":"product_shipping_class-4016","9":"first","10":"instock","11":"taxable","12":"shipping-taxable","13":"purchasable","14":"product-type-simple"},"acf":[],"yoast_head":"<!-- This site is optimized with the Yoast SEO plugin v27.1.1 - https:\/\/yoast.com\/product\/yoast-seo-wordpress\/ -->\n<title>Catch Tank Aluminium CH777 - Hoogstra Autosport<\/title>\n<meta name=\"robots\" content=\"index, follow, max-snippet:-1, max-image-preview:large, max-video-preview:-1\" \/>\n<link rel=\"canonical\" href=\"https:\/\/www.hoogstra-autosport.nl\/de\/produkt\/catch-tank-aluminium-ch777\/\" \/>\n<meta property=\"og:locale\" content=\"de_DE\" \/>\n<meta property=\"og:type\" content=\"article\" \/>\n<meta property=\"og:title\" content=\"Catch Tank Aluminium CH777 - Hoogstra Autosport\" \/>\n<meta property=\"og:description\" content=\"licht gewicht en compacte olie catch tank. meerdere accessoires bij geleverd. makkelijk op te hangen aan de montage beugel. makkelijk olie pijl checken met de pijl stok. makkelijk te legen met het draaibare reservoir. &nbsp;\" \/>\n<meta property=\"og:url\" content=\"https:\/\/www.hoogstra-autosport.nl\/de\/produkt\/catch-tank-aluminium-ch777\/\" \/>\n<meta property=\"og:site_name\" content=\"Hoogstra Autosport\" \/>\n<meta property=\"article:modified_time\" content=\"2025-12-02T15:52:11+00:00\" \/>\n<meta property=\"og:image\" content=\"https:\/\/www.hoogstra-autosport.nl\/teamkoen\/wp-content\/uploads\/2024\/03\/Untitled-Project-2025-12-02T165121.952.jpg\" \/>\n\t<meta property=\"og:image:width\" content=\"1080\" \/>\n\t<meta property=\"og:image:height\" content=\"1080\" \/>\n\t<meta property=\"og:image:type\" content=\"image\/jpeg\" \/>\n<meta name=\"twitter:card\" content=\"summary_large_image\" \/>\n<meta name=\"twitter:label1\" content=\"Gesch\u00e4tzte Lesezeit\" \/>\n\t<meta name=\"twitter:data1\" content=\"1\u00a0Minute\" \/>\n<script type=\"application\/ld+json\" class=\"yoast-schema-graph\">{\"@context\":\"https:\/\/schema.org\",\"@graph\":[{\"@type\":\"WebPage\",\"@id\":\"https:\/\/www.hoogstra-autosport.nl\/product\/catch-tank-aluminium-ch777\/\",\"url\":\"https:\/\/www.hoogstra-autosport.nl\/product\/catch-tank-aluminium-ch777\/\",\"name\":\"Catch Tank Aluminium CH777 - Hoogstra Autosport\",\"isPartOf\":{\"@id\":\"https:\/\/www.hoogstra-autosport.nl\/#website\"},\"primaryImageOfPage\":{\"@id\":\"https:\/\/www.hoogstra-autosport.nl\/product\/catch-tank-aluminium-ch777\/#primaryimage\"},\"image\":{\"@id\":\"https:\/\/www.hoogstra-autosport.nl\/product\/catch-tank-aluminium-ch777\/#primaryimage\"},\"thumbnailUrl\":\"https:\/\/www.hoogstra-autosport.nl\/teamkoen\/wp-content\/uploads\/2024\/03\/Untitled-Project-2025-12-02T165121.952.jpg\",\"datePublished\":\"2024-03-21T09:02:02+00:00\",\"dateModified\":\"2025-12-02T15:52:11+00:00\",\"breadcrumb\":{\"@id\":\"https:\/\/www.hoogstra-autosport.nl\/product\/catch-tank-aluminium-ch777\/#breadcrumb\"},\"inLanguage\":\"de\",\"potentialAction\":[{\"@type\":\"ReadAction\",\"target\":[\"https:\/\/www.hoogstra-autosport.nl\/product\/catch-tank-aluminium-ch777\/\"]}]},{\"@type\":\"ImageObject\",\"inLanguage\":\"de\",\"@id\":\"https:\/\/www.hoogstra-autosport.nl\/product\/catch-tank-aluminium-ch777\/#primaryimage\",\"url\":\"https:\/\/www.hoogstra-autosport.nl\/teamkoen\/wp-content\/uploads\/2024\/03\/Untitled-Project-2025-12-02T165121.952.jpg\",\"contentUrl\":\"https:\/\/www.hoogstra-autosport.nl\/teamkoen\/wp-content\/uploads\/2024\/03\/Untitled-Project-2025-12-02T165121.952.jpg\",\"width\":1080,\"height\":1080},{\"@type\":\"BreadcrumbList\",\"@id\":\"https:\/\/www.hoogstra-autosport.nl\/product\/catch-tank-aluminium-ch777\/#breadcrumb\",\"itemListElement\":[{\"@type\":\"ListItem\",\"position\":1,\"name\":\"Home\",\"item\":\"https:\/\/www.hoogstra-autosport.nl\/\"},{\"@type\":\"ListItem\",\"position\":2,\"name\":\"Motorisch\",\"item\":\"https:\/\/www.hoogstra-autosport.nl\/product-categorie\/auto-techniek\/\"},{\"@type\":\"ListItem\",\"position\":3,\"name\":\"Uitlaten &amp; Isolatie &amp; Motor\",\"item\":\"https:\/\/www.hoogstra-autosport.nl\/product-categorie\/auto-techniek\/motoren-techniek-inlaat-uitlaat\/\"},{\"@type\":\"ListItem\",\"position\":4,\"name\":\"Carter Ontluchting\",\"item\":\"https:\/\/www.hoogstra-autosport.nl\/product-categorie\/auto-techniek\/motoren-techniek-inlaat-uitlaat\/carter-ontluchting-tanks\/\"},{\"@type\":\"ListItem\",\"position\":5,\"name\":\"Catch Tank Aluminium CH777\"}]},{\"@type\":\"WebSite\",\"@id\":\"https:\/\/www.hoogstra-autosport.nl\/#website\",\"url\":\"https:\/\/www.hoogstra-autosport.nl\/\",\"name\":\"Hoogstra Autosport\",\"description\":\"Performance Autosport Parts!\",\"potentialAction\":[{\"@type\":\"SearchAction\",\"target\":{\"@type\":\"EntryPoint\",\"urlTemplate\":\"https:\/\/www.hoogstra-autosport.nl\/?s={search_term_string}\"},\"query-input\":{\"@type\":\"PropertyValueSpecification\",\"valueRequired\":true,\"valueName\":\"search_term_string\"}}],\"inLanguage\":\"de\"}]}<\/script>\n<!-- \/ Yoast SEO plugin. -->","yoast_head_json":{"title":"Catch Tank Aluminium CH777 - Hoogstra Autosport","robots":{"index":"index","follow":"follow","max-snippet":"max-snippet:-1","max-image-preview":"max-image-preview:large","max-video-preview":"max-video-preview:-1"},"canonical":"https:\/\/www.hoogstra-autosport.nl\/de\/produkt\/catch-tank-aluminium-ch777\/","og_locale":"de_DE","og_type":"article","og_title":"Catch Tank Aluminium CH777 - Hoogstra Autosport","og_description":"licht gewicht en compacte olie catch tank. meerdere accessoires bij geleverd. makkelijk op te hangen aan de montage beugel. makkelijk olie pijl checken met de pijl stok. makkelijk te legen met het draaibare reservoir. &nbsp;","og_url":"https:\/\/www.hoogstra-autosport.nl\/de\/produkt\/catch-tank-aluminium-ch777\/","og_site_name":"Hoogstra Autosport","article_modified_time":"2025-12-02T15:52:11+00:00","og_image":[{"width":1080,"height":1080,"url":"https:\/\/www.hoogstra-autosport.nl\/teamkoen\/wp-content\/uploads\/2024\/03\/Untitled-Project-2025-12-02T165121.952.jpg","type":"image\/jpeg"}],"twitter_card":"summary_large_image","twitter_misc":{"Gesch\u00e4tzte Lesezeit":"1\u00a0Minute"},"schema":{"@context":"https:\/\/schema.org","@graph":[{"@type":"WebPage","@id":"https:\/\/www.hoogstra-autosport.nl\/product\/catch-tank-aluminium-ch777\/","url":"https:\/\/www.hoogstra-autosport.nl\/product\/catch-tank-aluminium-ch777\/","name":"Catch Tank Aluminium CH777 - Hoogstra Autosport","isPartOf":{"@id":"https:\/\/www.hoogstra-autosport.nl\/#website"},"primaryImageOfPage":{"@id":"https:\/\/www.hoogstra-autosport.nl\/product\/catch-tank-aluminium-ch777\/#primaryimage"},"image":{"@id":"https:\/\/www.hoogstra-autosport.nl\/product\/catch-tank-aluminium-ch777\/#primaryimage"},"thumbnailUrl":"https:\/\/www.hoogstra-autosport.nl\/teamkoen\/wp-content\/uploads\/2024\/03\/Untitled-Project-2025-12-02T165121.952.jpg","datePublished":"2024-03-21T09:02:02+00:00","dateModified":"2025-12-02T15:52:11+00:00","breadcrumb":{"@id":"https:\/\/www.hoogstra-autosport.nl\/product\/catch-tank-aluminium-ch777\/#breadcrumb"},"inLanguage":"de","potentialAction":[{"@type":"ReadAction","target":["https:\/\/www.hoogstra-autosport.nl\/product\/catch-tank-aluminium-ch777\/"]}]},{"@type":"ImageObject","inLanguage":"de","@id":"https:\/\/www.hoogstra-autosport.nl\/product\/catch-tank-aluminium-ch777\/#primaryimage","url":"https:\/\/www.hoogstra-autosport.nl\/teamkoen\/wp-content\/uploads\/2024\/03\/Untitled-Project-2025-12-02T165121.952.jpg","contentUrl":"https:\/\/www.hoogstra-autosport.nl\/teamkoen\/wp-content\/uploads\/2024\/03\/Untitled-Project-2025-12-02T165121.952.jpg","width":1080,"height":1080},{"@type":"BreadcrumbList","@id":"https:\/\/www.hoogstra-autosport.nl\/product\/catch-tank-aluminium-ch777\/#breadcrumb","itemListElement":[{"@type":"ListItem","position":1,"name":"Home","item":"https:\/\/www.hoogstra-autosport.nl\/"},{"@type":"ListItem","position":2,"name":"Motorisch","item":"https:\/\/www.hoogstra-autosport.nl\/product-categorie\/auto-techniek\/"},{"@type":"ListItem","position":3,"name":"Uitlaten &amp; Isolatie &amp; Motor","item":"https:\/\/www.hoogstra-autosport.nl\/product-categorie\/auto-techniek\/motoren-techniek-inlaat-uitlaat\/"},{"@type":"ListItem","position":4,"name":"Carter Ontluchting","item":"https:\/\/www.hoogstra-autosport.nl\/product-categorie\/auto-techniek\/motoren-techniek-inlaat-uitlaat\/carter-ontluchting-tanks\/"},{"@type":"ListItem","position":5,"name":"Catch Tank Aluminium CH777"}]},{"@type":"WebSite","@id":"https:\/\/www.hoogstra-autosport.nl\/#website","url":"https:\/\/www.hoogstra-autosport.nl\/","name":"Hoogstra Autosport","description":"Performance Autosport Parts!","potentialAction":[{"@type":"SearchAction","target":{"@type":"EntryPoint","urlTemplate":"https:\/\/www.hoogstra-autosport.nl\/?s={search_term_string}"},"query-input":{"@type":"PropertyValueSpecification","valueRequired":true,"valueName":"search_term_string"}}],"inLanguage":"de"}]}},"tiered_pricing_type":"fixed","tiered_pricing_fixed_rules":[],"tiered_pricing_product_settings":{"layout":"default","base_unit_name":{"singular":null,"plural":null},"default_variation":null},"tiered_pricing_minimum_quantity":null,"tiered_pricing_roles_data":[],"tiered_pricing_percentage_rules":[],"tiered_pricing_maximum_quantity":null,"tiered_pricing_quantity_step":null,"_links":{"self":[{"href":"https:\/\/www.hoogstra-autosport.nl\/de\/wp-json\/wp\/v2\/product\/68825","targetHints":{"allow":["GET"]}}],"collection":[{"href":"https:\/\/www.hoogstra-autosport.nl\/de\/wp-json\/wp\/v2\/product"}],"about":[{"href":"https:\/\/www.hoogstra-autosport.nl\/de\/wp-json\/wp\/v2\/types\/product"}],"wp:featuredmedia":[{"embeddable":true,"href":"https:\/\/www.hoogstra-autosport.nl\/de\/wp-json\/wp\/v2\/media\/94409"}],"wp:attachment":[{"href":"https:\/\/www.hoogstra-autosport.nl\/de\/wp-json\/wp\/v2\/media?parent=68825"}],"wp:term":[{"taxonomy":"product_brand","embeddable":true,"href":"https:\/\/www.hoogstra-autosport.nl\/de\/wp-json\/wp\/v2\/product_brand?post=68825"},{"taxonomy":"product_cat","embeddable":true,"href":"https:\/\/www.hoogstra-autosport.nl\/de\/wp-json\/wp\/v2\/product_cat?post=68825"},{"taxonomy":"product_tag","embeddable":true,"href":"https:\/\/www.hoogstra-autosport.nl\/de\/wp-json\/wp\/v2\/product_tag?post=68825"}],"curies":[{"name":"wp","href":"https:\/\/api.w.org\/{rel}","templated":true}]}}