{"id":68810,"date":"2024-03-21T09:26:51","date_gmt":"2024-03-21T08:26:51","guid":{"rendered":"https:\/\/www.hoogstra-autosport.nl\/?post_type=product&#038;p=68810"},"modified":"2025-11-07T10:38:35","modified_gmt":"2025-11-07T09:38:35","slug":"oliekoeler-kap-25-rij","status":"publish","type":"product","link":"https:\/\/www.hoogstra-autosport.nl\/de\/produkt\/oliekoeler-kap-25-rij\/","title":{"rendered":"\u00d6lk\u00fchlerdeckel 25 Reihe"},"content":{"rendered":"<p>Aluminium-K\u00fchldeckel f\u00fcr Mocal \u00d6lk\u00fchler von 25row.<\/p>\n<p>Kappe passend f\u00fcr Spalflosse 12S144579 oder 12B144520.<\/p>\n<p>&nbsp;<\/p>\n<p>empfehlen wir die Verwendung der Saugschiene.<\/p>\n<p>&nbsp;<\/p>\n<p>coole Kapuze passt auch auf Setrab und Beltenick<\/p>","protected":false},"excerpt":{"rendered":"<p>aluminium koel kap voor Mocal olie koelers van 25rijen. kap geschikt voor spal vin 12S144579 of 12B144520. &nbsp; we raden aan om de zuigende spal te gebruiken. &nbsp; koel kap past ook op Setrab en Beltenick<\/p>","protected":false},"featured_media":92486,"template":"","meta":{"_acf_changed":false},"product_brand":[],"product_cat":[2741,2713,2848,2742,2872],"product_tag":[],"class_list":{"0":"post-68810","1":"product","2":"type-product","3":"status-publish","4":"has-post-thumbnail","6":"product_cat-beltenick-oliekoelers","7":"product_cat-d144-d130-b","8":"product_cat-d144-d130-z","9":"product_cat-mocal-oliekoelers","10":"product_cat-setrab-oliekoelers","12":"first","13":"instock","14":"taxable","15":"shipping-taxable","16":"purchasable","17":"product-type-variable"},"acf":[],"yoast_head":"<!-- This site is optimized with the Yoast SEO plugin v27.1.1 - https:\/\/yoast.com\/product\/yoast-seo-wordpress\/ -->\n<title>Oliekoeler Kap 25 Rij - Hoogstra Autosport<\/title>\n<meta name=\"robots\" content=\"index, follow, max-snippet:-1, max-image-preview:large, max-video-preview:-1\" \/>\n<link rel=\"canonical\" href=\"https:\/\/www.hoogstra-autosport.nl\/de\/produkt\/oliekoeler-kap-25-rij\/\" \/>\n<meta property=\"og:locale\" content=\"de_DE\" \/>\n<meta property=\"og:type\" content=\"article\" \/>\n<meta property=\"og:title\" content=\"Oliekoeler Kap 25 Rij - Hoogstra Autosport\" \/>\n<meta property=\"og:description\" content=\"aluminium koel kap voor Mocal olie koelers van 25rijen. kap geschikt voor spal vin 12S144579 of 12B144520. &nbsp; we raden aan om de zuigende spal te gebruiken. &nbsp; koel kap past ook op Setrab en Beltenick\" \/>\n<meta property=\"og:url\" content=\"https:\/\/www.hoogstra-autosport.nl\/de\/produkt\/oliekoeler-kap-25-rij\/\" \/>\n<meta property=\"og:site_name\" content=\"Hoogstra Autosport\" \/>\n<meta property=\"article:modified_time\" content=\"2025-11-07T09:38:35+00:00\" \/>\n<meta property=\"og:image\" content=\"https:\/\/www.hoogstra-autosport.nl\/teamkoen\/wp-content\/uploads\/2024\/03\/foto1oliekoelertje.jpg\" \/>\n\t<meta property=\"og:image:width\" content=\"1080\" \/>\n\t<meta property=\"og:image:height\" content=\"1080\" \/>\n\t<meta property=\"og:image:type\" content=\"image\/jpeg\" \/>\n<meta name=\"twitter:card\" content=\"summary_large_image\" \/>\n<meta name=\"twitter:label1\" content=\"Gesch\u00e4tzte Lesezeit\" \/>\n\t<meta name=\"twitter:data1\" content=\"1\u00a0Minute\" \/>\n<script type=\"application\/ld+json\" class=\"yoast-schema-graph\">{\"@context\":\"https:\/\/schema.org\",\"@graph\":[{\"@type\":\"WebPage\",\"@id\":\"https:\/\/www.hoogstra-autosport.nl\/product\/oliekoeler-kap-25-rij\/\",\"url\":\"https:\/\/www.hoogstra-autosport.nl\/product\/oliekoeler-kap-25-rij\/\",\"name\":\"Oliekoeler Kap 25 Rij - Hoogstra Autosport\",\"isPartOf\":{\"@id\":\"https:\/\/www.hoogstra-autosport.nl\/#website\"},\"primaryImageOfPage\":{\"@id\":\"https:\/\/www.hoogstra-autosport.nl\/product\/oliekoeler-kap-25-rij\/#primaryimage\"},\"image\":{\"@id\":\"https:\/\/www.hoogstra-autosport.nl\/product\/oliekoeler-kap-25-rij\/#primaryimage\"},\"thumbnailUrl\":\"https:\/\/www.hoogstra-autosport.nl\/teamkoen\/wp-content\/uploads\/2024\/03\/foto1oliekoelertje.jpg\",\"datePublished\":\"2024-03-21T08:26:51+00:00\",\"dateModified\":\"2025-11-07T09:38:35+00:00\",\"breadcrumb\":{\"@id\":\"https:\/\/www.hoogstra-autosport.nl\/product\/oliekoeler-kap-25-rij\/#breadcrumb\"},\"inLanguage\":\"de\",\"potentialAction\":[{\"@type\":\"ReadAction\",\"target\":[\"https:\/\/www.hoogstra-autosport.nl\/product\/oliekoeler-kap-25-rij\/\"]}]},{\"@type\":\"ImageObject\",\"inLanguage\":\"de\",\"@id\":\"https:\/\/www.hoogstra-autosport.nl\/product\/oliekoeler-kap-25-rij\/#primaryimage\",\"url\":\"https:\/\/www.hoogstra-autosport.nl\/teamkoen\/wp-content\/uploads\/2024\/03\/foto1oliekoelertje.jpg\",\"contentUrl\":\"https:\/\/www.hoogstra-autosport.nl\/teamkoen\/wp-content\/uploads\/2024\/03\/foto1oliekoelertje.jpg\",\"width\":1080,\"height\":1080},{\"@type\":\"BreadcrumbList\",\"@id\":\"https:\/\/www.hoogstra-autosport.nl\/product\/oliekoeler-kap-25-rij\/#breadcrumb\",\"itemListElement\":[{\"@type\":\"ListItem\",\"position\":1,\"name\":\"Home\",\"item\":\"https:\/\/www.hoogstra-autosport.nl\/\"},{\"@type\":\"ListItem\",\"position\":2,\"name\":\"Motorisch\",\"item\":\"https:\/\/www.hoogstra-autosport.nl\/product-categorie\/auto-techniek\/\"},{\"@type\":\"ListItem\",\"position\":3,\"name\":\"Olie Koelers &amp; Adapters\",\"item\":\"https:\/\/www.hoogstra-autosport.nl\/product-categorie\/auto-techniek\/motor-compartiment\/\"},{\"@type\":\"ListItem\",\"position\":4,\"name\":\"Mocal Oliekoelers\",\"item\":\"https:\/\/www.hoogstra-autosport.nl\/product-categorie\/auto-techniek\/motor-compartiment\/mocal-oliekoelers\/\"},{\"@type\":\"ListItem\",\"position\":5,\"name\":\"Oliekoeler Kap 25 Rij\"}]},{\"@type\":\"WebSite\",\"@id\":\"https:\/\/www.hoogstra-autosport.nl\/#website\",\"url\":\"https:\/\/www.hoogstra-autosport.nl\/\",\"name\":\"Hoogstra Autosport\",\"description\":\"Performance Autosport Parts!\",\"potentialAction\":[{\"@type\":\"SearchAction\",\"target\":{\"@type\":\"EntryPoint\",\"urlTemplate\":\"https:\/\/www.hoogstra-autosport.nl\/?s={search_term_string}\"},\"query-input\":{\"@type\":\"PropertyValueSpecification\",\"valueRequired\":true,\"valueName\":\"search_term_string\"}}],\"inLanguage\":\"de\"}]}<\/script>\n<!-- \/ Yoast SEO plugin. -->","yoast_head_json":{"title":"Oliekoeler Kap 25 Rij - Hoogstra Autosport","robots":{"index":"index","follow":"follow","max-snippet":"max-snippet:-1","max-image-preview":"max-image-preview:large","max-video-preview":"max-video-preview:-1"},"canonical":"https:\/\/www.hoogstra-autosport.nl\/de\/produkt\/oliekoeler-kap-25-rij\/","og_locale":"de_DE","og_type":"article","og_title":"Oliekoeler Kap 25 Rij - Hoogstra Autosport","og_description":"aluminium koel kap voor Mocal olie koelers van 25rijen. kap geschikt voor spal vin 12S144579 of 12B144520. &nbsp; we raden aan om de zuigende spal te gebruiken. &nbsp; koel kap past ook op Setrab en Beltenick","og_url":"https:\/\/www.hoogstra-autosport.nl\/de\/produkt\/oliekoeler-kap-25-rij\/","og_site_name":"Hoogstra Autosport","article_modified_time":"2025-11-07T09:38:35+00:00","og_image":[{"width":1080,"height":1080,"url":"https:\/\/www.hoogstra-autosport.nl\/teamkoen\/wp-content\/uploads\/2024\/03\/foto1oliekoelertje.jpg","type":"image\/jpeg"}],"twitter_card":"summary_large_image","twitter_misc":{"Gesch\u00e4tzte Lesezeit":"1\u00a0Minute"},"schema":{"@context":"https:\/\/schema.org","@graph":[{"@type":"WebPage","@id":"https:\/\/www.hoogstra-autosport.nl\/product\/oliekoeler-kap-25-rij\/","url":"https:\/\/www.hoogstra-autosport.nl\/product\/oliekoeler-kap-25-rij\/","name":"Oliekoeler Kap 25 Rij - Hoogstra Autosport","isPartOf":{"@id":"https:\/\/www.hoogstra-autosport.nl\/#website"},"primaryImageOfPage":{"@id":"https:\/\/www.hoogstra-autosport.nl\/product\/oliekoeler-kap-25-rij\/#primaryimage"},"image":{"@id":"https:\/\/www.hoogstra-autosport.nl\/product\/oliekoeler-kap-25-rij\/#primaryimage"},"thumbnailUrl":"https:\/\/www.hoogstra-autosport.nl\/teamkoen\/wp-content\/uploads\/2024\/03\/foto1oliekoelertje.jpg","datePublished":"2024-03-21T08:26:51+00:00","dateModified":"2025-11-07T09:38:35+00:00","breadcrumb":{"@id":"https:\/\/www.hoogstra-autosport.nl\/product\/oliekoeler-kap-25-rij\/#breadcrumb"},"inLanguage":"de","potentialAction":[{"@type":"ReadAction","target":["https:\/\/www.hoogstra-autosport.nl\/product\/oliekoeler-kap-25-rij\/"]}]},{"@type":"ImageObject","inLanguage":"de","@id":"https:\/\/www.hoogstra-autosport.nl\/product\/oliekoeler-kap-25-rij\/#primaryimage","url":"https:\/\/www.hoogstra-autosport.nl\/teamkoen\/wp-content\/uploads\/2024\/03\/foto1oliekoelertje.jpg","contentUrl":"https:\/\/www.hoogstra-autosport.nl\/teamkoen\/wp-content\/uploads\/2024\/03\/foto1oliekoelertje.jpg","width":1080,"height":1080},{"@type":"BreadcrumbList","@id":"https:\/\/www.hoogstra-autosport.nl\/product\/oliekoeler-kap-25-rij\/#breadcrumb","itemListElement":[{"@type":"ListItem","position":1,"name":"Home","item":"https:\/\/www.hoogstra-autosport.nl\/"},{"@type":"ListItem","position":2,"name":"Motorisch","item":"https:\/\/www.hoogstra-autosport.nl\/product-categorie\/auto-techniek\/"},{"@type":"ListItem","position":3,"name":"Olie Koelers &amp; Adapters","item":"https:\/\/www.hoogstra-autosport.nl\/product-categorie\/auto-techniek\/motor-compartiment\/"},{"@type":"ListItem","position":4,"name":"Mocal Oliekoelers","item":"https:\/\/www.hoogstra-autosport.nl\/product-categorie\/auto-techniek\/motor-compartiment\/mocal-oliekoelers\/"},{"@type":"ListItem","position":5,"name":"Oliekoeler Kap 25 Rij"}]},{"@type":"WebSite","@id":"https:\/\/www.hoogstra-autosport.nl\/#website","url":"https:\/\/www.hoogstra-autosport.nl\/","name":"Hoogstra Autosport","description":"Performance Autosport Parts!","potentialAction":[{"@type":"SearchAction","target":{"@type":"EntryPoint","urlTemplate":"https:\/\/www.hoogstra-autosport.nl\/?s={search_term_string}"},"query-input":{"@type":"PropertyValueSpecification","valueRequired":true,"valueName":"search_term_string"}}],"inLanguage":"de"}]}},"tiered_pricing_type":"fixed","tiered_pricing_fixed_rules":[],"tiered_pricing_product_settings":{"layout":"default","base_unit_name":{"singular":null,"plural":null},"default_variation":null},"tiered_pricing_minimum_quantity":null,"tiered_pricing_roles_data":[],"tiered_pricing_percentage_rules":[],"tiered_pricing_maximum_quantity":null,"tiered_pricing_quantity_step":null,"_links":{"self":[{"href":"https:\/\/www.hoogstra-autosport.nl\/de\/wp-json\/wp\/v2\/product\/68810","targetHints":{"allow":["GET"]}}],"collection":[{"href":"https:\/\/www.hoogstra-autosport.nl\/de\/wp-json\/wp\/v2\/product"}],"about":[{"href":"https:\/\/www.hoogstra-autosport.nl\/de\/wp-json\/wp\/v2\/types\/product"}],"wp:featuredmedia":[{"embeddable":true,"href":"https:\/\/www.hoogstra-autosport.nl\/de\/wp-json\/wp\/v2\/media\/92486"}],"wp:attachment":[{"href":"https:\/\/www.hoogstra-autosport.nl\/de\/wp-json\/wp\/v2\/media?parent=68810"}],"wp:term":[{"taxonomy":"product_brand","embeddable":true,"href":"https:\/\/www.hoogstra-autosport.nl\/de\/wp-json\/wp\/v2\/product_brand?post=68810"},{"taxonomy":"product_cat","embeddable":true,"href":"https:\/\/www.hoogstra-autosport.nl\/de\/wp-json\/wp\/v2\/product_cat?post=68810"},{"taxonomy":"product_tag","embeddable":true,"href":"https:\/\/www.hoogstra-autosport.nl\/de\/wp-json\/wp\/v2\/product_tag?post=68810"}],"curies":[{"name":"wp","href":"https:\/\/api.w.org\/{rel}","templated":true}]}}