{"id":67842,"date":"2024-02-29T14:41:24","date_gmt":"2024-02-29T13:41:24","guid":{"rendered":"https:\/\/www.hoogstra-autosport.nl\/?post_type=product&#038;p=67842"},"modified":"2024-02-29T16:04:59","modified_gmt":"2024-02-29T15:04:59","slug":"alu-container-voor-benzinetank-100-liter-sa-aa-110","status":"publish","type":"product","link":"https:\/\/www.hoogstra-autosport.nl\/de\/produkt\/alu-container-voor-benzinetank-100-liter-sa-aa-110\/","title":{"rendered":"Alu-Beh\u00e4lter f\u00fcr Benzintank 100 Liter SA-AA-110"},"content":{"rendered":"<p>Alu-Beh\u00e4lter zur Aufnahme des Saver Cell Tanks (SA-AA-110) 100L.<\/p>\n<p>Beh\u00e4lter komplett mit Deckel und Schnellverschl\u00fcssen<\/p>\n<p>Aluminium 1,6 mm dick<\/p>\n<p>Bitte beachten Sie dies:<br \/>\nUm der FIA-Norm zu entsprechen, m\u00fcssen die Racells in einem Aluminiumbeh\u00e4lter installiert werden.<br \/>\nEs ist nicht ratsam, dass Kunden ihre eigenen Container ohne R\u00fccksprache mit AT bauen, um die Garantiebedingungen von ATL einzuhalten.<\/p>\n<p>Abmessungen: 777 x 461 x 375 mm<\/p>\n<p>Inspektion: FIA<\/p>","protected":false},"excerpt":{"rendered":"<p>Alu container om Saver Cell tank (SA-AA-110) 100L in te plaatsen. Container\u00a0compleet met deksel en snelsluitclips Aluminium 1,6 mm dik Houd er rekening mee dat: Om te voldoen aan FIA norm, moeten Racells binnen een aluminium container worden ge\u00efnstalleerd. Het is niet aan te raden voor klanten om hun eigen containers te bouwen zonder overleg [&hellip;]<\/p>\n","protected":false},"featured_media":67863,"template":"","meta":{"_acf_changed":false},"product_brand":[],"product_cat":[2749],"product_tag":[],"class_list":{"0":"post-67842","1":"product","2":"type-product","3":"status-publish","4":"has-post-thumbnail","6":"product_cat-atl-tank-jaz-kunststof-tank","7":"product_shipping_class-4016","9":"first","10":"instock","11":"taxable","12":"shipping-taxable","13":"purchasable","14":"product-type-simple"},"acf":[],"yoast_head":"<!-- This site is optimized with the Yoast SEO plugin v27.1.1 - https:\/\/yoast.com\/product\/yoast-seo-wordpress\/ -->\n<title>Alu container voor benzinetank 100 Liter SA-AA-110 - Hoogstra Autosport<\/title>\n<meta name=\"robots\" content=\"index, follow, max-snippet:-1, max-image-preview:large, max-video-preview:-1\" \/>\n<link rel=\"canonical\" href=\"https:\/\/www.hoogstra-autosport.nl\/de\/produkt\/alu-container-voor-benzinetank-100-liter-sa-aa-110\/\" \/>\n<meta property=\"og:locale\" content=\"de_DE\" \/>\n<meta property=\"og:type\" content=\"article\" \/>\n<meta property=\"og:title\" content=\"Alu container voor benzinetank 100 Liter SA-AA-110 - Hoogstra Autosport\" \/>\n<meta property=\"og:description\" content=\"Alu container om Saver Cell tank (SA-AA-110) 100L in te plaatsen. Container\u00a0compleet met deksel en snelsluitclips Aluminium 1,6 mm dik Houd er rekening mee dat: Om te voldoen aan FIA norm, moeten Racells binnen een aluminium container worden ge\u00efnstalleerd. Het is niet aan te raden voor klanten om hun eigen containers te bouwen zonder overleg [&hellip;]\" \/>\n<meta property=\"og:url\" content=\"https:\/\/www.hoogstra-autosport.nl\/de\/produkt\/alu-container-voor-benzinetank-100-liter-sa-aa-110\/\" \/>\n<meta property=\"og:site_name\" content=\"Hoogstra Autosport\" \/>\n<meta property=\"article:modified_time\" content=\"2024-02-29T15:04:59+00:00\" \/>\n<meta property=\"og:image\" content=\"https:\/\/hoogstra-autosport.nl\/teamkoen\/content\/uploads\/2024\/02\/alu-tank.jpg\" \/>\n\t<meta property=\"og:image:width\" content=\"986\" \/>\n\t<meta property=\"og:image:height\" content=\"986\" \/>\n\t<meta property=\"og:image:type\" content=\"image\/jpeg\" \/>\n<meta name=\"twitter:card\" content=\"summary_large_image\" \/>\n<meta name=\"twitter:label1\" content=\"Gesch\u00e4tzte Lesezeit\" \/>\n\t<meta name=\"twitter:data1\" content=\"1\u00a0Minute\" \/>\n<script type=\"application\/ld+json\" class=\"yoast-schema-graph\">{\"@context\":\"https:\/\/schema.org\",\"@graph\":[{\"@type\":\"WebPage\",\"@id\":\"https:\/\/www.hoogstra-autosport.nl\/product\/alu-container-voor-benzinetank-100-liter-sa-aa-110\/\",\"url\":\"https:\/\/www.hoogstra-autosport.nl\/product\/alu-container-voor-benzinetank-100-liter-sa-aa-110\/\",\"name\":\"Alu container voor benzinetank 100 Liter SA-AA-110 - Hoogstra Autosport\",\"isPartOf\":{\"@id\":\"https:\/\/www.hoogstra-autosport.nl\/#website\"},\"primaryImageOfPage\":{\"@id\":\"https:\/\/www.hoogstra-autosport.nl\/product\/alu-container-voor-benzinetank-100-liter-sa-aa-110\/#primaryimage\"},\"image\":{\"@id\":\"https:\/\/www.hoogstra-autosport.nl\/product\/alu-container-voor-benzinetank-100-liter-sa-aa-110\/#primaryimage\"},\"thumbnailUrl\":\"https:\/\/www.hoogstra-autosport.nl\/teamkoen\/wp-content\/uploads\/2024\/02\/alu-tank.jpg\",\"datePublished\":\"2024-02-29T13:41:24+00:00\",\"dateModified\":\"2024-02-29T15:04:59+00:00\",\"breadcrumb\":{\"@id\":\"https:\/\/www.hoogstra-autosport.nl\/product\/alu-container-voor-benzinetank-100-liter-sa-aa-110\/#breadcrumb\"},\"inLanguage\":\"de\",\"potentialAction\":[{\"@type\":\"ReadAction\",\"target\":[\"https:\/\/www.hoogstra-autosport.nl\/product\/alu-container-voor-benzinetank-100-liter-sa-aa-110\/\"]}]},{\"@type\":\"ImageObject\",\"inLanguage\":\"de\",\"@id\":\"https:\/\/www.hoogstra-autosport.nl\/product\/alu-container-voor-benzinetank-100-liter-sa-aa-110\/#primaryimage\",\"url\":\"https:\/\/www.hoogstra-autosport.nl\/teamkoen\/wp-content\/uploads\/2024\/02\/alu-tank.jpg\",\"contentUrl\":\"https:\/\/www.hoogstra-autosport.nl\/teamkoen\/wp-content\/uploads\/2024\/02\/alu-tank.jpg\",\"width\":986,\"height\":986},{\"@type\":\"BreadcrumbList\",\"@id\":\"https:\/\/www.hoogstra-autosport.nl\/product\/alu-container-voor-benzinetank-100-liter-sa-aa-110\/#breadcrumb\",\"itemListElement\":[{\"@type\":\"ListItem\",\"position\":1,\"name\":\"Home\",\"item\":\"https:\/\/www.hoogstra-autosport.nl\/\"},{\"@type\":\"ListItem\",\"position\":2,\"name\":\"Brandstof Systeem\",\"item\":\"https:\/\/www.hoogstra-autosport.nl\/product-categorie\/brandstof-systeem-2\/\"},{\"@type\":\"ListItem\",\"position\":3,\"name\":\"Brandstoftanken\",\"item\":\"https:\/\/www.hoogstra-autosport.nl\/product-categorie\/brandstof-systeem-2\/brandstoftanken\/\"},{\"@type\":\"ListItem\",\"position\":4,\"name\":\"ATL TANK \/ JAZ kunststof tank\",\"item\":\"https:\/\/www.hoogstra-autosport.nl\/product-categorie\/brandstof-systeem-2\/brandstoftanken\/atl-tank-jaz-kunststof-tank\/\"},{\"@type\":\"ListItem\",\"position\":5,\"name\":\"Alu container voor benzinetank 100 Liter SA-AA-110\"}]},{\"@type\":\"WebSite\",\"@id\":\"https:\/\/www.hoogstra-autosport.nl\/#website\",\"url\":\"https:\/\/www.hoogstra-autosport.nl\/\",\"name\":\"Hoogstra Autosport\",\"description\":\"Performance Autosport Parts!\",\"potentialAction\":[{\"@type\":\"SearchAction\",\"target\":{\"@type\":\"EntryPoint\",\"urlTemplate\":\"https:\/\/www.hoogstra-autosport.nl\/?s={search_term_string}\"},\"query-input\":{\"@type\":\"PropertyValueSpecification\",\"valueRequired\":true,\"valueName\":\"search_term_string\"}}],\"inLanguage\":\"de\"}]}<\/script>\n<!-- \/ Yoast SEO plugin. -->","yoast_head_json":{"title":"Alu container voor benzinetank 100 Liter SA-AA-110 - Hoogstra Autosport","robots":{"index":"index","follow":"follow","max-snippet":"max-snippet:-1","max-image-preview":"max-image-preview:large","max-video-preview":"max-video-preview:-1"},"canonical":"https:\/\/www.hoogstra-autosport.nl\/de\/produkt\/alu-container-voor-benzinetank-100-liter-sa-aa-110\/","og_locale":"de_DE","og_type":"article","og_title":"Alu container voor benzinetank 100 Liter SA-AA-110 - Hoogstra Autosport","og_description":"Alu container om Saver Cell tank (SA-AA-110) 100L in te plaatsen. Container\u00a0compleet met deksel en snelsluitclips Aluminium 1,6 mm dik Houd er rekening mee dat: Om te voldoen aan FIA norm, moeten Racells binnen een aluminium container worden ge\u00efnstalleerd. Het is niet aan te raden voor klanten om hun eigen containers te bouwen zonder overleg [&hellip;]","og_url":"https:\/\/www.hoogstra-autosport.nl\/de\/produkt\/alu-container-voor-benzinetank-100-liter-sa-aa-110\/","og_site_name":"Hoogstra Autosport","article_modified_time":"2024-02-29T15:04:59+00:00","og_image":[{"width":986,"height":986,"url":"https:\/\/hoogstra-autosport.nl\/teamkoen\/content\/uploads\/2024\/02\/alu-tank.jpg","type":"image\/jpeg"}],"twitter_card":"summary_large_image","twitter_misc":{"Gesch\u00e4tzte Lesezeit":"1\u00a0Minute"},"schema":{"@context":"https:\/\/schema.org","@graph":[{"@type":"WebPage","@id":"https:\/\/www.hoogstra-autosport.nl\/product\/alu-container-voor-benzinetank-100-liter-sa-aa-110\/","url":"https:\/\/www.hoogstra-autosport.nl\/product\/alu-container-voor-benzinetank-100-liter-sa-aa-110\/","name":"Alu container voor benzinetank 100 Liter SA-AA-110 - Hoogstra Autosport","isPartOf":{"@id":"https:\/\/www.hoogstra-autosport.nl\/#website"},"primaryImageOfPage":{"@id":"https:\/\/www.hoogstra-autosport.nl\/product\/alu-container-voor-benzinetank-100-liter-sa-aa-110\/#primaryimage"},"image":{"@id":"https:\/\/www.hoogstra-autosport.nl\/product\/alu-container-voor-benzinetank-100-liter-sa-aa-110\/#primaryimage"},"thumbnailUrl":"https:\/\/www.hoogstra-autosport.nl\/teamkoen\/wp-content\/uploads\/2024\/02\/alu-tank.jpg","datePublished":"2024-02-29T13:41:24+00:00","dateModified":"2024-02-29T15:04:59+00:00","breadcrumb":{"@id":"https:\/\/www.hoogstra-autosport.nl\/product\/alu-container-voor-benzinetank-100-liter-sa-aa-110\/#breadcrumb"},"inLanguage":"de","potentialAction":[{"@type":"ReadAction","target":["https:\/\/www.hoogstra-autosport.nl\/product\/alu-container-voor-benzinetank-100-liter-sa-aa-110\/"]}]},{"@type":"ImageObject","inLanguage":"de","@id":"https:\/\/www.hoogstra-autosport.nl\/product\/alu-container-voor-benzinetank-100-liter-sa-aa-110\/#primaryimage","url":"https:\/\/www.hoogstra-autosport.nl\/teamkoen\/wp-content\/uploads\/2024\/02\/alu-tank.jpg","contentUrl":"https:\/\/www.hoogstra-autosport.nl\/teamkoen\/wp-content\/uploads\/2024\/02\/alu-tank.jpg","width":986,"height":986},{"@type":"BreadcrumbList","@id":"https:\/\/www.hoogstra-autosport.nl\/product\/alu-container-voor-benzinetank-100-liter-sa-aa-110\/#breadcrumb","itemListElement":[{"@type":"ListItem","position":1,"name":"Home","item":"https:\/\/www.hoogstra-autosport.nl\/"},{"@type":"ListItem","position":2,"name":"Brandstof Systeem","item":"https:\/\/www.hoogstra-autosport.nl\/product-categorie\/brandstof-systeem-2\/"},{"@type":"ListItem","position":3,"name":"Brandstoftanken","item":"https:\/\/www.hoogstra-autosport.nl\/product-categorie\/brandstof-systeem-2\/brandstoftanken\/"},{"@type":"ListItem","position":4,"name":"ATL TANK \/ JAZ kunststof tank","item":"https:\/\/www.hoogstra-autosport.nl\/product-categorie\/brandstof-systeem-2\/brandstoftanken\/atl-tank-jaz-kunststof-tank\/"},{"@type":"ListItem","position":5,"name":"Alu container voor benzinetank 100 Liter SA-AA-110"}]},{"@type":"WebSite","@id":"https:\/\/www.hoogstra-autosport.nl\/#website","url":"https:\/\/www.hoogstra-autosport.nl\/","name":"Hoogstra Autosport","description":"Performance Autosport Parts!","potentialAction":[{"@type":"SearchAction","target":{"@type":"EntryPoint","urlTemplate":"https:\/\/www.hoogstra-autosport.nl\/?s={search_term_string}"},"query-input":{"@type":"PropertyValueSpecification","valueRequired":true,"valueName":"search_term_string"}}],"inLanguage":"de"}]}},"tiered_pricing_type":"fixed","tiered_pricing_fixed_rules":[],"tiered_pricing_product_settings":{"layout":"default","base_unit_name":{"singular":null,"plural":null},"default_variation":null},"tiered_pricing_minimum_quantity":null,"tiered_pricing_roles_data":[],"tiered_pricing_percentage_rules":[],"tiered_pricing_maximum_quantity":null,"tiered_pricing_quantity_step":null,"_links":{"self":[{"href":"https:\/\/www.hoogstra-autosport.nl\/de\/wp-json\/wp\/v2\/product\/67842","targetHints":{"allow":["GET"]}}],"collection":[{"href":"https:\/\/www.hoogstra-autosport.nl\/de\/wp-json\/wp\/v2\/product"}],"about":[{"href":"https:\/\/www.hoogstra-autosport.nl\/de\/wp-json\/wp\/v2\/types\/product"}],"wp:featuredmedia":[{"embeddable":true,"href":"https:\/\/www.hoogstra-autosport.nl\/de\/wp-json\/wp\/v2\/media\/67863"}],"wp:attachment":[{"href":"https:\/\/www.hoogstra-autosport.nl\/de\/wp-json\/wp\/v2\/media?parent=67842"}],"wp:term":[{"taxonomy":"product_brand","embeddable":true,"href":"https:\/\/www.hoogstra-autosport.nl\/de\/wp-json\/wp\/v2\/product_brand?post=67842"},{"taxonomy":"product_cat","embeddable":true,"href":"https:\/\/www.hoogstra-autosport.nl\/de\/wp-json\/wp\/v2\/product_cat?post=67842"},{"taxonomy":"product_tag","embeddable":true,"href":"https:\/\/www.hoogstra-autosport.nl\/de\/wp-json\/wp\/v2\/product_tag?post=67842"}],"curies":[{"name":"wp","href":"https:\/\/api.w.org\/{rel}","templated":true}]}}