{"id":6773,"date":"2012-07-22T17:05:53","date_gmt":"2012-07-22T17:05:53","guid":{"rendered":"http:\/\/hoogstra-autosport.nl\/?product=arm-houder-bk-met-sfi-3-3"},"modified":"2025-04-02T13:16:53","modified_gmt":"2025-04-02T11:16:53","slug":"arm-houder-bk-met-sfi-3-3","status":"publish","type":"product","link":"https:\/\/www.hoogstra-autosport.nl\/de\/produkt\/arm-houder-bk-met-sfi-3-3\/","title":{"rendered":"Armhalter BK mit SFI 3.3"},"content":{"rendered":"<p>Armhalterung<\/p>\n<p>Wenn man kopf\u00fcber fliegt, sieht man oft, dass sich die Gep\u00e4cktr\u00e4ger l\u00f6sen. Wenn Sie die Armhalterungen tragen, bleiben Ihre Arme im Cockpit.<\/p>\n<p>Sie haben keine Probleme mit der Lenkung !!!<\/p>\n<p>Erh\u00e4ltlich in Rot, Schwarz und Blau<\/p>\n<p>Freigabe SFI 3.3<\/p>","protected":false},"excerpt":{"rendered":"<p>Armhouder Vaak zie je bij het over de kop vliegen dat de rekjes los gaan. Bij het dragen van de armhouders blijven je armen in de cockpit. Je ondervind geen last van het sturen !! Te verkrijgen in Rood , Zwart en Blauw Homologation SFI 3.3<\/p>","protected":false},"featured_media":6774,"template":"","meta":{"_acf_changed":false},"product_brand":[],"product_cat":[2669],"product_tag":[],"class_list":{"0":"post-6773","1":"product","2":"type-product","3":"status-publish","4":"has-post-thumbnail","6":"product_cat-gordel-onderdelen","7":"product_shipping_class-4016","9":"first","10":"instock","11":"taxable","12":"shipping-taxable","13":"purchasable","14":"product-type-variable"},"acf":[],"yoast_head":"<!-- This site is optimized with the Yoast SEO plugin v27.1.1 - https:\/\/yoast.com\/product\/yoast-seo-wordpress\/ -->\n<title>Arm houder BK met SFI 3.3 - Hoogstra Autosport<\/title>\n<meta name=\"robots\" content=\"index, follow, max-snippet:-1, max-image-preview:large, max-video-preview:-1\" \/>\n<link rel=\"canonical\" href=\"https:\/\/www.hoogstra-autosport.nl\/de\/produkt\/arm-houder-bk-met-sfi-3-3\/\" \/>\n<meta property=\"og:locale\" content=\"de_DE\" \/>\n<meta property=\"og:type\" content=\"article\" \/>\n<meta property=\"og:title\" content=\"Arm houder BK met SFI 3.3 - Hoogstra Autosport\" \/>\n<meta property=\"og:description\" content=\"Armhouder Vaak zie je bij het over de kop vliegen dat de rekjes los gaan. Bij het dragen van de armhouders blijven je armen in de cockpit. Je ondervind geen last van het sturen !! Te verkrijgen in Rood , Zwart en Blauw Homologation SFI 3.3\" \/>\n<meta property=\"og:url\" content=\"https:\/\/www.hoogstra-autosport.nl\/de\/produkt\/arm-houder-bk-met-sfi-3-3\/\" \/>\n<meta property=\"og:site_name\" content=\"Hoogstra Autosport\" \/>\n<meta property=\"article:modified_time\" content=\"2025-04-02T11:16:53+00:00\" \/>\n<meta property=\"og:image\" content=\"https:\/\/www.hoogstra-autosport.nl\/teamkoen\/content\/uploads\/catalog\/product\/268BAR01RD.jpg\" \/>\n\t<meta property=\"og:image:width\" content=\"300\" \/>\n\t<meta property=\"og:image:height\" content=\"211\" \/>\n\t<meta property=\"og:image:type\" content=\"image\/jpeg\" \/>\n<meta name=\"twitter:card\" content=\"summary_large_image\" \/>\n<meta name=\"twitter:label1\" content=\"Gesch\u00e4tzte Lesezeit\" \/>\n\t<meta name=\"twitter:data1\" content=\"1\u00a0Minute\" \/>\n<script type=\"application\/ld+json\" class=\"yoast-schema-graph\">{\"@context\":\"https:\/\/schema.org\",\"@graph\":[{\"@type\":\"WebPage\",\"@id\":\"https:\/\/www.hoogstra-autosport.nl\/product\/arm-houder-bk-met-sfi-3-3\/\",\"url\":\"https:\/\/www.hoogstra-autosport.nl\/product\/arm-houder-bk-met-sfi-3-3\/\",\"name\":\"Arm houder BK met SFI 3.3 - Hoogstra Autosport\",\"isPartOf\":{\"@id\":\"https:\/\/www.hoogstra-autosport.nl\/#website\"},\"primaryImageOfPage\":{\"@id\":\"https:\/\/www.hoogstra-autosport.nl\/product\/arm-houder-bk-met-sfi-3-3\/#primaryimage\"},\"image\":{\"@id\":\"https:\/\/www.hoogstra-autosport.nl\/product\/arm-houder-bk-met-sfi-3-3\/#primaryimage\"},\"thumbnailUrl\":\"https:\/\/www.hoogstra-autosport.nl\/teamkoen\/wp-content\/uploads\/catalog\/product\/268BAR01RD.jpg\",\"datePublished\":\"2012-07-22T17:05:53+00:00\",\"dateModified\":\"2025-04-02T11:16:53+00:00\",\"breadcrumb\":{\"@id\":\"https:\/\/www.hoogstra-autosport.nl\/product\/arm-houder-bk-met-sfi-3-3\/#breadcrumb\"},\"inLanguage\":\"de\",\"potentialAction\":[{\"@type\":\"ReadAction\",\"target\":[\"https:\/\/www.hoogstra-autosport.nl\/product\/arm-houder-bk-met-sfi-3-3\/\"]}]},{\"@type\":\"ImageObject\",\"inLanguage\":\"de\",\"@id\":\"https:\/\/www.hoogstra-autosport.nl\/product\/arm-houder-bk-met-sfi-3-3\/#primaryimage\",\"url\":\"https:\/\/www.hoogstra-autosport.nl\/teamkoen\/wp-content\/uploads\/catalog\/product\/268BAR01RD.jpg\",\"contentUrl\":\"https:\/\/www.hoogstra-autosport.nl\/teamkoen\/wp-content\/uploads\/catalog\/product\/268BAR01RD.jpg\",\"width\":300,\"height\":211},{\"@type\":\"BreadcrumbList\",\"@id\":\"https:\/\/www.hoogstra-autosport.nl\/product\/arm-houder-bk-met-sfi-3-3\/#breadcrumb\",\"itemListElement\":[{\"@type\":\"ListItem\",\"position\":1,\"name\":\"Home\",\"item\":\"https:\/\/www.hoogstra-autosport.nl\/\"},{\"@type\":\"ListItem\",\"position\":2,\"name\":\"Interieur\",\"item\":\"https:\/\/www.hoogstra-autosport.nl\/product-categorie\/remmen-brandstof-tanken\/\"},{\"@type\":\"ListItem\",\"position\":3,\"name\":\"Gordels\",\"item\":\"https:\/\/www.hoogstra-autosport.nl\/product-categorie\/remmen-brandstof-tanken\/gordel-autosport\/\"},{\"@type\":\"ListItem\",\"position\":4,\"name\":\"Gordel Onderdelen\",\"item\":\"https:\/\/www.hoogstra-autosport.nl\/product-categorie\/remmen-brandstof-tanken\/gordel-autosport\/gordel-onderdelen\/\"},{\"@type\":\"ListItem\",\"position\":5,\"name\":\"Arm houder BK met SFI 3.3\"}]},{\"@type\":\"WebSite\",\"@id\":\"https:\/\/www.hoogstra-autosport.nl\/#website\",\"url\":\"https:\/\/www.hoogstra-autosport.nl\/\",\"name\":\"Hoogstra Autosport\",\"description\":\"Performance Autosport Parts!\",\"potentialAction\":[{\"@type\":\"SearchAction\",\"target\":{\"@type\":\"EntryPoint\",\"urlTemplate\":\"https:\/\/www.hoogstra-autosport.nl\/?s={search_term_string}\"},\"query-input\":{\"@type\":\"PropertyValueSpecification\",\"valueRequired\":true,\"valueName\":\"search_term_string\"}}],\"inLanguage\":\"de\"}]}<\/script>\n<!-- \/ Yoast SEO plugin. -->","yoast_head_json":{"title":"Arm houder BK met SFI 3.3 - Hoogstra Autosport","robots":{"index":"index","follow":"follow","max-snippet":"max-snippet:-1","max-image-preview":"max-image-preview:large","max-video-preview":"max-video-preview:-1"},"canonical":"https:\/\/www.hoogstra-autosport.nl\/de\/produkt\/arm-houder-bk-met-sfi-3-3\/","og_locale":"de_DE","og_type":"article","og_title":"Arm houder BK met SFI 3.3 - Hoogstra Autosport","og_description":"Armhouder Vaak zie je bij het over de kop vliegen dat de rekjes los gaan. Bij het dragen van de armhouders blijven je armen in de cockpit. Je ondervind geen last van het sturen !! Te verkrijgen in Rood , Zwart en Blauw Homologation SFI 3.3","og_url":"https:\/\/www.hoogstra-autosport.nl\/de\/produkt\/arm-houder-bk-met-sfi-3-3\/","og_site_name":"Hoogstra Autosport","article_modified_time":"2025-04-02T11:16:53+00:00","og_image":[{"width":300,"height":211,"url":"https:\/\/www.hoogstra-autosport.nl\/teamkoen\/content\/uploads\/catalog\/product\/268BAR01RD.jpg","type":"image\/jpeg"}],"twitter_card":"summary_large_image","twitter_misc":{"Gesch\u00e4tzte Lesezeit":"1\u00a0Minute"},"schema":{"@context":"https:\/\/schema.org","@graph":[{"@type":"WebPage","@id":"https:\/\/www.hoogstra-autosport.nl\/product\/arm-houder-bk-met-sfi-3-3\/","url":"https:\/\/www.hoogstra-autosport.nl\/product\/arm-houder-bk-met-sfi-3-3\/","name":"Arm houder BK met SFI 3.3 - Hoogstra Autosport","isPartOf":{"@id":"https:\/\/www.hoogstra-autosport.nl\/#website"},"primaryImageOfPage":{"@id":"https:\/\/www.hoogstra-autosport.nl\/product\/arm-houder-bk-met-sfi-3-3\/#primaryimage"},"image":{"@id":"https:\/\/www.hoogstra-autosport.nl\/product\/arm-houder-bk-met-sfi-3-3\/#primaryimage"},"thumbnailUrl":"https:\/\/www.hoogstra-autosport.nl\/teamkoen\/wp-content\/uploads\/catalog\/product\/268BAR01RD.jpg","datePublished":"2012-07-22T17:05:53+00:00","dateModified":"2025-04-02T11:16:53+00:00","breadcrumb":{"@id":"https:\/\/www.hoogstra-autosport.nl\/product\/arm-houder-bk-met-sfi-3-3\/#breadcrumb"},"inLanguage":"de","potentialAction":[{"@type":"ReadAction","target":["https:\/\/www.hoogstra-autosport.nl\/product\/arm-houder-bk-met-sfi-3-3\/"]}]},{"@type":"ImageObject","inLanguage":"de","@id":"https:\/\/www.hoogstra-autosport.nl\/product\/arm-houder-bk-met-sfi-3-3\/#primaryimage","url":"https:\/\/www.hoogstra-autosport.nl\/teamkoen\/wp-content\/uploads\/catalog\/product\/268BAR01RD.jpg","contentUrl":"https:\/\/www.hoogstra-autosport.nl\/teamkoen\/wp-content\/uploads\/catalog\/product\/268BAR01RD.jpg","width":300,"height":211},{"@type":"BreadcrumbList","@id":"https:\/\/www.hoogstra-autosport.nl\/product\/arm-houder-bk-met-sfi-3-3\/#breadcrumb","itemListElement":[{"@type":"ListItem","position":1,"name":"Home","item":"https:\/\/www.hoogstra-autosport.nl\/"},{"@type":"ListItem","position":2,"name":"Interieur","item":"https:\/\/www.hoogstra-autosport.nl\/product-categorie\/remmen-brandstof-tanken\/"},{"@type":"ListItem","position":3,"name":"Gordels","item":"https:\/\/www.hoogstra-autosport.nl\/product-categorie\/remmen-brandstof-tanken\/gordel-autosport\/"},{"@type":"ListItem","position":4,"name":"Gordel Onderdelen","item":"https:\/\/www.hoogstra-autosport.nl\/product-categorie\/remmen-brandstof-tanken\/gordel-autosport\/gordel-onderdelen\/"},{"@type":"ListItem","position":5,"name":"Arm houder BK met SFI 3.3"}]},{"@type":"WebSite","@id":"https:\/\/www.hoogstra-autosport.nl\/#website","url":"https:\/\/www.hoogstra-autosport.nl\/","name":"Hoogstra Autosport","description":"Performance Autosport Parts!","potentialAction":[{"@type":"SearchAction","target":{"@type":"EntryPoint","urlTemplate":"https:\/\/www.hoogstra-autosport.nl\/?s={search_term_string}"},"query-input":{"@type":"PropertyValueSpecification","valueRequired":true,"valueName":"search_term_string"}}],"inLanguage":"de"}]}},"tiered_pricing_type":"fixed","tiered_pricing_fixed_rules":[],"tiered_pricing_product_settings":{"layout":"default","base_unit_name":{"singular":null,"plural":null},"default_variation":null},"tiered_pricing_minimum_quantity":null,"tiered_pricing_roles_data":[],"tiered_pricing_percentage_rules":[],"tiered_pricing_maximum_quantity":null,"tiered_pricing_quantity_step":null,"_links":{"self":[{"href":"https:\/\/www.hoogstra-autosport.nl\/de\/wp-json\/wp\/v2\/product\/6773","targetHints":{"allow":["GET"]}}],"collection":[{"href":"https:\/\/www.hoogstra-autosport.nl\/de\/wp-json\/wp\/v2\/product"}],"about":[{"href":"https:\/\/www.hoogstra-autosport.nl\/de\/wp-json\/wp\/v2\/types\/product"}],"wp:featuredmedia":[{"embeddable":true,"href":"https:\/\/www.hoogstra-autosport.nl\/de\/wp-json\/wp\/v2\/media\/6774"}],"wp:attachment":[{"href":"https:\/\/www.hoogstra-autosport.nl\/de\/wp-json\/wp\/v2\/media?parent=6773"}],"wp:term":[{"taxonomy":"product_brand","embeddable":true,"href":"https:\/\/www.hoogstra-autosport.nl\/de\/wp-json\/wp\/v2\/product_brand?post=6773"},{"taxonomy":"product_cat","embeddable":true,"href":"https:\/\/www.hoogstra-autosport.nl\/de\/wp-json\/wp\/v2\/product_cat?post=6773"},{"taxonomy":"product_tag","embeddable":true,"href":"https:\/\/www.hoogstra-autosport.nl\/de\/wp-json\/wp\/v2\/product_tag?post=6773"}],"curies":[{"name":"wp","href":"https:\/\/api.w.org\/{rel}","templated":true}]}}