{"id":67666,"date":"2024-02-26T10:58:13","date_gmt":"2024-02-26T09:58:13","guid":{"rendered":"https:\/\/www.hoogstra-autosport.nl\/?post_type=product&#038;p=67666"},"modified":"2025-04-26T10:36:27","modified_gmt":"2025-04-26T08:36:27","slug":"bimarco-hamer-pro-fia-2024-black","status":"publish","type":"product","link":"https:\/\/www.hoogstra-autosport.nl\/de\/produkt\/bimarco-hamer-pro-fia-2024-black\/","title":{"rendered":"DGP-HAMER Pro FIA Vorsitz"},"content":{"rendered":"<p>Lernen Sie den Hammer Pro kennen, einen mittelgro\u00dfen Rennschalensitz, der sorgf\u00e4ltig f\u00fcr professionelle Fahrer entwickelt wurde und die strengen Standards der FIA-Homologation 8855-1999 erf\u00fcllt.<br \/>\nDieser aus hochwertigem Fiberglas gefertigte Sitz zeichnet sich nicht nur durch seine au\u00dfergew\u00f6hnliche Haltbarkeit aus, sondern auch durch sein geringes Gewicht, das f\u00fcr mehr Komfort und Sicherheit auf der Strecke sorgt.<\/p>\n<p>Der aus hochwertigem Fiberglas gefertigte Hammer Pro zeichnet sich nicht nur durch seine au\u00dfergew\u00f6hnliche Widerstandsf\u00e4higkeit, sondern auch durch seine Leichtigkeit aus. Diese Kombination garantiert mehr Komfort und Sicherheit beim Befahren von Rennstrecken. Dieser Sitz mit seiner charakteristischen Schalenform bietet maximalen Seitenhalt und reduziert die Verschiebung bei dynamischen Fahrten. Ein wesentliches Merkmal, das diesen Sitz von anderen abhebt, ist das spezielle \"Halo\"-Design oder die \"Ohren\", die den Kopf zus\u00e4tzlich st\u00fctzen und vor Seitenaufprall sch\u00fctzen. Diese Konturen sind speziell profiliert, um zus\u00e4tzlichen Komfort und Sicherheit zu bieten.<\/p>\n<p>Der Bezug des Hammer Pro besteht aus einem hochwertigen Veloursmaterial, das ein ausgewogenes Verh\u00e4ltnis zwischen Weichheit und Abriebfestigkeit bietet. Dies sorgt f\u00fcr hervorragenden Komfort bei langen Trainingseinheiten. Au\u00dferdem l\u00e4sst sich der tadellose Zustand des Stuhls dank der pflegeleichten Eigenschaft des Materials m\u00fchelos aufrechterhalten.<\/p>\n<p>Technische Highlights:<br \/>\n- FIA-zugelassen: entspricht der FIA-Homologation 8855-1999<br \/>\n- Geeignet f\u00fcr 5- und 6-Punkt-G\u00fcrtel<br \/>\n- Montageseitige Befestigung<br \/>\n- abnehmbare R\u00fccken-, Sitz- und Beinpolster<br \/>\n- Gewicht: 10,25 kg.<\/p>\n<p>Geeignet f\u00fcr Fahrer mit einem Gewicht von bis zu 85 kg und einer K\u00f6rpergr\u00f6\u00dfe von 170-185 cm<\/p>","protected":false},"excerpt":{"rendered":"<p>Maak kennis met de\u00a0 Hamer Pro, een middelgrote racekuipstoel die zorgvuldig is ontworpen voor professionele coureurs en voldoet aan de strenge normen van FIA Homologation 8855-1999. Deze stoel is gemaakt van de hoogste kwaliteit glasvezel en valt niet alleen op door zijn uitzonderlijke duurzaamheid, maar ook door zijn lichte gewicht, wat zorgt voor meer comfort [&hellip;]<\/p>\n","protected":false},"featured_media":84509,"template":"","meta":{"_acf_changed":false},"product_brand":[],"product_cat":[4176],"product_tag":[],"class_list":{"0":"post-67666","1":"product","2":"type-product","3":"status-publish","4":"has-post-thumbnail","6":"product_cat-dgp-stoelen-fia","7":"product_shipping_class-4018","9":"first","10":"instock","11":"taxable","12":"shipping-taxable","13":"purchasable","14":"product-type-simple"},"acf":[],"yoast_head":"<!-- This site is optimized with the Yoast SEO plugin v27.1.1 - https:\/\/yoast.com\/product\/yoast-seo-wordpress\/ -->\n<title>DGP-HAMER Pro FIA stoel - Hoogstra Autosport<\/title>\n<meta name=\"robots\" content=\"index, follow, max-snippet:-1, max-image-preview:large, max-video-preview:-1\" \/>\n<link rel=\"canonical\" href=\"https:\/\/www.hoogstra-autosport.nl\/de\/produkt\/bimarco-hamer-pro-fia-2024-black\/\" \/>\n<meta property=\"og:locale\" content=\"de_DE\" \/>\n<meta property=\"og:type\" content=\"article\" \/>\n<meta property=\"og:title\" content=\"DGP-HAMER Pro FIA stoel - Hoogstra Autosport\" \/>\n<meta property=\"og:description\" content=\"Maak kennis met de\u00a0 Hamer Pro, een middelgrote racekuipstoel die zorgvuldig is ontworpen voor professionele coureurs en voldoet aan de strenge normen van FIA Homologation 8855-1999. Deze stoel is gemaakt van de hoogste kwaliteit glasvezel en valt niet alleen op door zijn uitzonderlijke duurzaamheid, maar ook door zijn lichte gewicht, wat zorgt voor meer comfort [&hellip;]\" \/>\n<meta property=\"og:url\" content=\"https:\/\/www.hoogstra-autosport.nl\/de\/produkt\/bimarco-hamer-pro-fia-2024-black\/\" \/>\n<meta property=\"og:site_name\" content=\"Hoogstra Autosport\" \/>\n<meta property=\"article:modified_time\" content=\"2025-04-26T08:36:27+00:00\" \/>\n<meta property=\"og:image\" content=\"https:\/\/www.hoogstra-autosport.nl\/teamkoen\/content\/uploads\/2024\/02\/DGP_HamerPro_1.jpg\" \/>\n\t<meta property=\"og:image:width\" content=\"1080\" \/>\n\t<meta property=\"og:image:height\" content=\"1080\" \/>\n\t<meta property=\"og:image:type\" content=\"image\/jpeg\" \/>\n<meta name=\"twitter:card\" content=\"summary_large_image\" \/>\n<script type=\"application\/ld+json\" class=\"yoast-schema-graph\">{\"@context\":\"https:\/\/schema.org\",\"@graph\":[{\"@type\":\"WebPage\",\"@id\":\"https:\/\/www.hoogstra-autosport.nl\/product\/bimarco-hamer-pro-fia-2024-black\/\",\"url\":\"https:\/\/www.hoogstra-autosport.nl\/product\/bimarco-hamer-pro-fia-2024-black\/\",\"name\":\"DGP-HAMER Pro FIA stoel - Hoogstra Autosport\",\"isPartOf\":{\"@id\":\"https:\/\/www.hoogstra-autosport.nl\/#website\"},\"primaryImageOfPage\":{\"@id\":\"https:\/\/www.hoogstra-autosport.nl\/product\/bimarco-hamer-pro-fia-2024-black\/#primaryimage\"},\"image\":{\"@id\":\"https:\/\/www.hoogstra-autosport.nl\/product\/bimarco-hamer-pro-fia-2024-black\/#primaryimage\"},\"thumbnailUrl\":\"https:\/\/www.hoogstra-autosport.nl\/teamkoen\/wp-content\/uploads\/2024\/02\/DGP_HamerPro_1.jpg\",\"datePublished\":\"2024-02-26T09:58:13+00:00\",\"dateModified\":\"2025-04-26T08:36:27+00:00\",\"breadcrumb\":{\"@id\":\"https:\/\/www.hoogstra-autosport.nl\/product\/bimarco-hamer-pro-fia-2024-black\/#breadcrumb\"},\"inLanguage\":\"de\",\"potentialAction\":[{\"@type\":\"ReadAction\",\"target\":[\"https:\/\/www.hoogstra-autosport.nl\/product\/bimarco-hamer-pro-fia-2024-black\/\"]}]},{\"@type\":\"ImageObject\",\"inLanguage\":\"de\",\"@id\":\"https:\/\/www.hoogstra-autosport.nl\/product\/bimarco-hamer-pro-fia-2024-black\/#primaryimage\",\"url\":\"https:\/\/www.hoogstra-autosport.nl\/teamkoen\/wp-content\/uploads\/2024\/02\/DGP_HamerPro_1.jpg\",\"contentUrl\":\"https:\/\/www.hoogstra-autosport.nl\/teamkoen\/wp-content\/uploads\/2024\/02\/DGP_HamerPro_1.jpg\",\"width\":1080,\"height\":1080},{\"@type\":\"BreadcrumbList\",\"@id\":\"https:\/\/www.hoogstra-autosport.nl\/product\/bimarco-hamer-pro-fia-2024-black\/#breadcrumb\",\"itemListElement\":[{\"@type\":\"ListItem\",\"position\":1,\"name\":\"Home\",\"item\":\"https:\/\/www.hoogstra-autosport.nl\/\"},{\"@type\":\"ListItem\",\"position\":2,\"name\":\"Interieur\",\"item\":\"https:\/\/www.hoogstra-autosport.nl\/product-categorie\/remmen-brandstof-tanken\/\"},{\"@type\":\"ListItem\",\"position\":3,\"name\":\"Stoelen\",\"item\":\"https:\/\/www.hoogstra-autosport.nl\/product-categorie\/remmen-brandstof-tanken\/stoelen\/\"},{\"@type\":\"ListItem\",\"position\":4,\"name\":\"DGP stoelen FIA\",\"item\":\"https:\/\/www.hoogstra-autosport.nl\/product-categorie\/remmen-brandstof-tanken\/stoelen\/dgp-stoelen-fia\/\"},{\"@type\":\"ListItem\",\"position\":5,\"name\":\"DGP-HAMER Pro FIA stoel\"}]},{\"@type\":\"WebSite\",\"@id\":\"https:\/\/www.hoogstra-autosport.nl\/#website\",\"url\":\"https:\/\/www.hoogstra-autosport.nl\/\",\"name\":\"Hoogstra Autosport\",\"description\":\"Performance Autosport Parts!\",\"potentialAction\":[{\"@type\":\"SearchAction\",\"target\":{\"@type\":\"EntryPoint\",\"urlTemplate\":\"https:\/\/www.hoogstra-autosport.nl\/?s={search_term_string}\"},\"query-input\":{\"@type\":\"PropertyValueSpecification\",\"valueRequired\":true,\"valueName\":\"search_term_string\"}}],\"inLanguage\":\"de\"}]}<\/script>\n<!-- \/ Yoast SEO plugin. -->","yoast_head_json":{"title":"DGP-HAMER Pro FIA stoel - Hoogstra Autosport","robots":{"index":"index","follow":"follow","max-snippet":"max-snippet:-1","max-image-preview":"max-image-preview:large","max-video-preview":"max-video-preview:-1"},"canonical":"https:\/\/www.hoogstra-autosport.nl\/de\/produkt\/bimarco-hamer-pro-fia-2024-black\/","og_locale":"de_DE","og_type":"article","og_title":"DGP-HAMER Pro FIA stoel - Hoogstra Autosport","og_description":"Maak kennis met de\u00a0 Hamer Pro, een middelgrote racekuipstoel die zorgvuldig is ontworpen voor professionele coureurs en voldoet aan de strenge normen van FIA Homologation 8855-1999. Deze stoel is gemaakt van de hoogste kwaliteit glasvezel en valt niet alleen op door zijn uitzonderlijke duurzaamheid, maar ook door zijn lichte gewicht, wat zorgt voor meer comfort [&hellip;]","og_url":"https:\/\/www.hoogstra-autosport.nl\/de\/produkt\/bimarco-hamer-pro-fia-2024-black\/","og_site_name":"Hoogstra Autosport","article_modified_time":"2025-04-26T08:36:27+00:00","og_image":[{"width":1080,"height":1080,"url":"https:\/\/www.hoogstra-autosport.nl\/teamkoen\/content\/uploads\/2024\/02\/DGP_HamerPro_1.jpg","type":"image\/jpeg"}],"twitter_card":"summary_large_image","schema":{"@context":"https:\/\/schema.org","@graph":[{"@type":"WebPage","@id":"https:\/\/www.hoogstra-autosport.nl\/product\/bimarco-hamer-pro-fia-2024-black\/","url":"https:\/\/www.hoogstra-autosport.nl\/product\/bimarco-hamer-pro-fia-2024-black\/","name":"DGP-HAMER Pro FIA stoel - Hoogstra Autosport","isPartOf":{"@id":"https:\/\/www.hoogstra-autosport.nl\/#website"},"primaryImageOfPage":{"@id":"https:\/\/www.hoogstra-autosport.nl\/product\/bimarco-hamer-pro-fia-2024-black\/#primaryimage"},"image":{"@id":"https:\/\/www.hoogstra-autosport.nl\/product\/bimarco-hamer-pro-fia-2024-black\/#primaryimage"},"thumbnailUrl":"https:\/\/www.hoogstra-autosport.nl\/teamkoen\/wp-content\/uploads\/2024\/02\/DGP_HamerPro_1.jpg","datePublished":"2024-02-26T09:58:13+00:00","dateModified":"2025-04-26T08:36:27+00:00","breadcrumb":{"@id":"https:\/\/www.hoogstra-autosport.nl\/product\/bimarco-hamer-pro-fia-2024-black\/#breadcrumb"},"inLanguage":"de","potentialAction":[{"@type":"ReadAction","target":["https:\/\/www.hoogstra-autosport.nl\/product\/bimarco-hamer-pro-fia-2024-black\/"]}]},{"@type":"ImageObject","inLanguage":"de","@id":"https:\/\/www.hoogstra-autosport.nl\/product\/bimarco-hamer-pro-fia-2024-black\/#primaryimage","url":"https:\/\/www.hoogstra-autosport.nl\/teamkoen\/wp-content\/uploads\/2024\/02\/DGP_HamerPro_1.jpg","contentUrl":"https:\/\/www.hoogstra-autosport.nl\/teamkoen\/wp-content\/uploads\/2024\/02\/DGP_HamerPro_1.jpg","width":1080,"height":1080},{"@type":"BreadcrumbList","@id":"https:\/\/www.hoogstra-autosport.nl\/product\/bimarco-hamer-pro-fia-2024-black\/#breadcrumb","itemListElement":[{"@type":"ListItem","position":1,"name":"Home","item":"https:\/\/www.hoogstra-autosport.nl\/"},{"@type":"ListItem","position":2,"name":"Interieur","item":"https:\/\/www.hoogstra-autosport.nl\/product-categorie\/remmen-brandstof-tanken\/"},{"@type":"ListItem","position":3,"name":"Stoelen","item":"https:\/\/www.hoogstra-autosport.nl\/product-categorie\/remmen-brandstof-tanken\/stoelen\/"},{"@type":"ListItem","position":4,"name":"DGP stoelen FIA","item":"https:\/\/www.hoogstra-autosport.nl\/product-categorie\/remmen-brandstof-tanken\/stoelen\/dgp-stoelen-fia\/"},{"@type":"ListItem","position":5,"name":"DGP-HAMER Pro FIA stoel"}]},{"@type":"WebSite","@id":"https:\/\/www.hoogstra-autosport.nl\/#website","url":"https:\/\/www.hoogstra-autosport.nl\/","name":"Hoogstra Autosport","description":"Performance Autosport Parts!","potentialAction":[{"@type":"SearchAction","target":{"@type":"EntryPoint","urlTemplate":"https:\/\/www.hoogstra-autosport.nl\/?s={search_term_string}"},"query-input":{"@type":"PropertyValueSpecification","valueRequired":true,"valueName":"search_term_string"}}],"inLanguage":"de"}]}},"tiered_pricing_type":"fixed","tiered_pricing_fixed_rules":[],"tiered_pricing_product_settings":{"layout":"default","base_unit_name":{"singular":null,"plural":null},"default_variation":null},"tiered_pricing_minimum_quantity":null,"tiered_pricing_roles_data":[],"tiered_pricing_percentage_rules":[],"tiered_pricing_maximum_quantity":null,"tiered_pricing_quantity_step":null,"_links":{"self":[{"href":"https:\/\/www.hoogstra-autosport.nl\/de\/wp-json\/wp\/v2\/product\/67666","targetHints":{"allow":["GET"]}}],"collection":[{"href":"https:\/\/www.hoogstra-autosport.nl\/de\/wp-json\/wp\/v2\/product"}],"about":[{"href":"https:\/\/www.hoogstra-autosport.nl\/de\/wp-json\/wp\/v2\/types\/product"}],"wp:featuredmedia":[{"embeddable":true,"href":"https:\/\/www.hoogstra-autosport.nl\/de\/wp-json\/wp\/v2\/media\/84509"}],"wp:attachment":[{"href":"https:\/\/www.hoogstra-autosport.nl\/de\/wp-json\/wp\/v2\/media?parent=67666"}],"wp:term":[{"taxonomy":"product_brand","embeddable":true,"href":"https:\/\/www.hoogstra-autosport.nl\/de\/wp-json\/wp\/v2\/product_brand?post=67666"},{"taxonomy":"product_cat","embeddable":true,"href":"https:\/\/www.hoogstra-autosport.nl\/de\/wp-json\/wp\/v2\/product_cat?post=67666"},{"taxonomy":"product_tag","embeddable":true,"href":"https:\/\/www.hoogstra-autosport.nl\/de\/wp-json\/wp\/v2\/product_tag?post=67666"}],"curies":[{"name":"wp","href":"https:\/\/api.w.org\/{rel}","templated":true}]}}