{"id":67525,"date":"2024-02-22T16:13:30","date_gmt":"2024-02-22T15:13:30","guid":{"rendered":"https:\/\/www.hoogstra-autosport.nl\/?post_type=product&#038;p=67525"},"modified":"2026-03-23T10:21:41","modified_gmt":"2026-03-23T09:21:41","slug":"100-armega-forecast-bril-blauw-neon","status":"publish","type":"product","link":"https:\/\/www.hoogstra-autosport.nl\/de\/produkt\/100-armega-forecast-bril-blauw-neon\/","title":{"rendered":"100% Armega ForeCast Brille Blau\/Neon"},"content":{"rendered":"<p>Das ULTRA HD-Glas bietet eine unvergleichliche optische Klarheit<\/p>\n<p>Schnellwechselsystem f\u00fcr einen einfachen Objektivwechsel<\/p>\n<p>6-Punkt-Verriegelungslaschen mit integriertem Schnellwechselsystem, das den Halt der Linse maximiert<\/p>\n<p>Spritzgegossene 2 mm starke, sto\u00dffeste und bruchsichere Linse<\/p>\n<p>Verleimte, doppelt gespritzte Rahmenkonstruktion f\u00fcr maximale Festigkeit und Haltbarkeit<\/p>\n<p>Forcierte Lufteinlass\u00f6ffnungen erh\u00f6hen die Zirkulation und maximieren den Feuchtigkeitsabtransport<\/p>\n<p>Konturierende Kompressionsdichtungstechnologie, die die Brille an ihrem Platz h\u00e4lt<\/p>\n<p>&nbsp;<\/p>\n<p>Die n\u00e4chste Generation der Verwaltung von Abwassersammel- und Entw\u00e4sserungssystemen<\/p>\n<p>Perforierter dreilagiger Gesichtsschaum h\u00e4lt Schwei\u00df unter Kontrolle und erh\u00f6ht die Bel\u00fcftung<\/p>\n<p>Ultrabreites 48-mm-Band mit dickem Silikonwulst f\u00fcr maximalen Halt<\/p>\n<p>Abnehmbarer Nasenschutz f\u00fcr zus\u00e4tzlichen Schutz vor \u00c4sten und Schmutz<\/p>","protected":false},"excerpt":{"rendered":"<p>Categoriebepalende ULTRA HD-lens biedt onge\u00ebvenaarde optische helderheid Quick-release-systeem biedt eenvoudige mogelijkheid om de lens te verwisselen 6-punts vergrendelingslipjes integreren met snelwisselsysteem dat het vasthouden van de lens maximaliseert Spuitgegoten 2 mm slagvaste, breukvaste lens Gelijmde, dubbel ge\u00efnjecteerde frameconstructie maximaliseert sterkte en duurzaamheid Forceer luchtinlaatpoorten verhogen de circulatie en maximaliseren de afvoer van vocht Contouring compressie [&hellip;]<\/p>\n","protected":false},"featured_media":67526,"template":"","meta":{"_acf_changed":false},"product_brand":[],"product_cat":[4180],"product_tag":[],"class_list":{"0":"post-67525","1":"product","2":"type-product","3":"status-publish","4":"has-post-thumbnail","6":"product_cat-100-brillen-delen","7":"product_shipping_class-4016","9":"first","10":"instock","11":"taxable","12":"shipping-taxable","13":"purchasable","14":"product-type-simple"},"acf":[],"yoast_head":"<!-- This site is optimized with the Yoast SEO plugin v27.1.1 - https:\/\/yoast.com\/product\/yoast-seo-wordpress\/ -->\n<title>100% Armega ForeCast Bril Blauw\/Neon - Hoogstra Autosport<\/title>\n<meta name=\"robots\" content=\"index, follow, max-snippet:-1, max-image-preview:large, max-video-preview:-1\" \/>\n<link rel=\"canonical\" href=\"https:\/\/www.hoogstra-autosport.nl\/de\/produkt\/100-armega-forecast-bril-blauw-neon\/\" \/>\n<meta property=\"og:locale\" content=\"de_DE\" \/>\n<meta property=\"og:type\" content=\"article\" \/>\n<meta property=\"og:title\" content=\"100% Armega ForeCast Bril Blauw\/Neon - Hoogstra Autosport\" \/>\n<meta property=\"og:description\" content=\"Categoriebepalende ULTRA HD-lens biedt onge\u00ebvenaarde optische helderheid Quick-release-systeem biedt eenvoudige mogelijkheid om de lens te verwisselen 6-punts vergrendelingslipjes integreren met snelwisselsysteem dat het vasthouden van de lens maximaliseert Spuitgegoten 2 mm slagvaste, breukvaste lens Gelijmde, dubbel ge\u00efnjecteerde frameconstructie maximaliseert sterkte en duurzaamheid Forceer luchtinlaatpoorten verhogen de circulatie en maximaliseren de afvoer van vocht Contouring compressie [&hellip;]\" \/>\n<meta property=\"og:url\" content=\"https:\/\/www.hoogstra-autosport.nl\/de\/produkt\/100-armega-forecast-bril-blauw-neon\/\" \/>\n<meta property=\"og:site_name\" content=\"Hoogstra Autosport\" \/>\n<meta property=\"article:modified_time\" content=\"2026-03-23T09:21:41+00:00\" \/>\n<meta property=\"og:image\" content=\"https:\/\/www.hoogstra-autosport.nl\/teamkoen\/wp-content\/uploads\/2024\/02\/100-blauw.jpg\" \/>\n\t<meta property=\"og:image:width\" content=\"986\" \/>\n\t<meta property=\"og:image:height\" content=\"986\" \/>\n\t<meta property=\"og:image:type\" content=\"image\/jpeg\" \/>\n<meta name=\"twitter:card\" content=\"summary_large_image\" \/>\n<meta name=\"twitter:label1\" content=\"Gesch\u00e4tzte Lesezeit\" \/>\n\t<meta name=\"twitter:data1\" content=\"1\u00a0Minute\" \/>\n<script type=\"application\/ld+json\" class=\"yoast-schema-graph\">{\"@context\":\"https:\/\/schema.org\",\"@graph\":[{\"@type\":\"WebPage\",\"@id\":\"https:\/\/www.hoogstra-autosport.nl\/product\/100-armega-forecast-bril-blauw-neon\/\",\"url\":\"https:\/\/www.hoogstra-autosport.nl\/product\/100-armega-forecast-bril-blauw-neon\/\",\"name\":\"100% Armega ForeCast Bril Blauw\/Neon - Hoogstra Autosport\",\"isPartOf\":{\"@id\":\"https:\/\/www.hoogstra-autosport.nl\/#website\"},\"primaryImageOfPage\":{\"@id\":\"https:\/\/www.hoogstra-autosport.nl\/product\/100-armega-forecast-bril-blauw-neon\/#primaryimage\"},\"image\":{\"@id\":\"https:\/\/www.hoogstra-autosport.nl\/product\/100-armega-forecast-bril-blauw-neon\/#primaryimage\"},\"thumbnailUrl\":\"https:\/\/www.hoogstra-autosport.nl\/teamkoen\/wp-content\/uploads\/2024\/02\/100-blauw.jpg\",\"datePublished\":\"2024-02-22T15:13:30+00:00\",\"dateModified\":\"2026-03-23T09:21:41+00:00\",\"breadcrumb\":{\"@id\":\"https:\/\/www.hoogstra-autosport.nl\/product\/100-armega-forecast-bril-blauw-neon\/#breadcrumb\"},\"inLanguage\":\"de\",\"potentialAction\":[{\"@type\":\"ReadAction\",\"target\":[\"https:\/\/www.hoogstra-autosport.nl\/product\/100-armega-forecast-bril-blauw-neon\/\"]}]},{\"@type\":\"ImageObject\",\"inLanguage\":\"de\",\"@id\":\"https:\/\/www.hoogstra-autosport.nl\/product\/100-armega-forecast-bril-blauw-neon\/#primaryimage\",\"url\":\"https:\/\/www.hoogstra-autosport.nl\/teamkoen\/wp-content\/uploads\/2024\/02\/100-blauw.jpg\",\"contentUrl\":\"https:\/\/www.hoogstra-autosport.nl\/teamkoen\/wp-content\/uploads\/2024\/02\/100-blauw.jpg\",\"width\":986,\"height\":986},{\"@type\":\"BreadcrumbList\",\"@id\":\"https:\/\/www.hoogstra-autosport.nl\/product\/100-armega-forecast-bril-blauw-neon\/#breadcrumb\",\"itemListElement\":[{\"@type\":\"ListItem\",\"position\":1,\"name\":\"Home\",\"item\":\"https:\/\/www.hoogstra-autosport.nl\/\"},{\"@type\":\"ListItem\",\"position\":2,\"name\":\"Uitrusting\",\"item\":\"https:\/\/www.hoogstra-autosport.nl\/product-categorie\/autosport-kleding-helmen\/\"},{\"@type\":\"ListItem\",\"position\":3,\"name\":\"Crossbrillen\",\"item\":\"https:\/\/www.hoogstra-autosport.nl\/product-categorie\/autosport-kleding-helmen\/crossbrillen\/\"},{\"@type\":\"ListItem\",\"position\":4,\"name\":\"100% Brillen &amp; Delen\",\"item\":\"https:\/\/www.hoogstra-autosport.nl\/product-categorie\/autosport-kleding-helmen\/crossbrillen\/100-brillen-delen\/\"},{\"@type\":\"ListItem\",\"position\":5,\"name\":\"100% Armega ForeCast Bril Blauw\/Neon\"}]},{\"@type\":\"WebSite\",\"@id\":\"https:\/\/www.hoogstra-autosport.nl\/#website\",\"url\":\"https:\/\/www.hoogstra-autosport.nl\/\",\"name\":\"Hoogstra Autosport\",\"description\":\"Performance Autosport Parts!\",\"potentialAction\":[{\"@type\":\"SearchAction\",\"target\":{\"@type\":\"EntryPoint\",\"urlTemplate\":\"https:\/\/www.hoogstra-autosport.nl\/?s={search_term_string}\"},\"query-input\":{\"@type\":\"PropertyValueSpecification\",\"valueRequired\":true,\"valueName\":\"search_term_string\"}}],\"inLanguage\":\"de\"}]}<\/script>\n<!-- \/ Yoast SEO plugin. -->","yoast_head_json":{"title":"100% Armega ForeCast Bril Blauw\/Neon - Hoogstra Autosport","robots":{"index":"index","follow":"follow","max-snippet":"max-snippet:-1","max-image-preview":"max-image-preview:large","max-video-preview":"max-video-preview:-1"},"canonical":"https:\/\/www.hoogstra-autosport.nl\/de\/produkt\/100-armega-forecast-bril-blauw-neon\/","og_locale":"de_DE","og_type":"article","og_title":"100% Armega ForeCast Bril Blauw\/Neon - Hoogstra Autosport","og_description":"Categoriebepalende ULTRA HD-lens biedt onge\u00ebvenaarde optische helderheid Quick-release-systeem biedt eenvoudige mogelijkheid om de lens te verwisselen 6-punts vergrendelingslipjes integreren met snelwisselsysteem dat het vasthouden van de lens maximaliseert Spuitgegoten 2 mm slagvaste, breukvaste lens Gelijmde, dubbel ge\u00efnjecteerde frameconstructie maximaliseert sterkte en duurzaamheid Forceer luchtinlaatpoorten verhogen de circulatie en maximaliseren de afvoer van vocht Contouring compressie [&hellip;]","og_url":"https:\/\/www.hoogstra-autosport.nl\/de\/produkt\/100-armega-forecast-bril-blauw-neon\/","og_site_name":"Hoogstra Autosport","article_modified_time":"2026-03-23T09:21:41+00:00","og_image":[{"width":986,"height":986,"url":"https:\/\/www.hoogstra-autosport.nl\/teamkoen\/wp-content\/uploads\/2024\/02\/100-blauw.jpg","type":"image\/jpeg"}],"twitter_card":"summary_large_image","twitter_misc":{"Gesch\u00e4tzte Lesezeit":"1\u00a0Minute"},"schema":{"@context":"https:\/\/schema.org","@graph":[{"@type":"WebPage","@id":"https:\/\/www.hoogstra-autosport.nl\/product\/100-armega-forecast-bril-blauw-neon\/","url":"https:\/\/www.hoogstra-autosport.nl\/product\/100-armega-forecast-bril-blauw-neon\/","name":"100% Armega ForeCast Bril Blauw\/Neon - Hoogstra Autosport","isPartOf":{"@id":"https:\/\/www.hoogstra-autosport.nl\/#website"},"primaryImageOfPage":{"@id":"https:\/\/www.hoogstra-autosport.nl\/product\/100-armega-forecast-bril-blauw-neon\/#primaryimage"},"image":{"@id":"https:\/\/www.hoogstra-autosport.nl\/product\/100-armega-forecast-bril-blauw-neon\/#primaryimage"},"thumbnailUrl":"https:\/\/www.hoogstra-autosport.nl\/teamkoen\/wp-content\/uploads\/2024\/02\/100-blauw.jpg","datePublished":"2024-02-22T15:13:30+00:00","dateModified":"2026-03-23T09:21:41+00:00","breadcrumb":{"@id":"https:\/\/www.hoogstra-autosport.nl\/product\/100-armega-forecast-bril-blauw-neon\/#breadcrumb"},"inLanguage":"de","potentialAction":[{"@type":"ReadAction","target":["https:\/\/www.hoogstra-autosport.nl\/product\/100-armega-forecast-bril-blauw-neon\/"]}]},{"@type":"ImageObject","inLanguage":"de","@id":"https:\/\/www.hoogstra-autosport.nl\/product\/100-armega-forecast-bril-blauw-neon\/#primaryimage","url":"https:\/\/www.hoogstra-autosport.nl\/teamkoen\/wp-content\/uploads\/2024\/02\/100-blauw.jpg","contentUrl":"https:\/\/www.hoogstra-autosport.nl\/teamkoen\/wp-content\/uploads\/2024\/02\/100-blauw.jpg","width":986,"height":986},{"@type":"BreadcrumbList","@id":"https:\/\/www.hoogstra-autosport.nl\/product\/100-armega-forecast-bril-blauw-neon\/#breadcrumb","itemListElement":[{"@type":"ListItem","position":1,"name":"Home","item":"https:\/\/www.hoogstra-autosport.nl\/"},{"@type":"ListItem","position":2,"name":"Uitrusting","item":"https:\/\/www.hoogstra-autosport.nl\/product-categorie\/autosport-kleding-helmen\/"},{"@type":"ListItem","position":3,"name":"Crossbrillen","item":"https:\/\/www.hoogstra-autosport.nl\/product-categorie\/autosport-kleding-helmen\/crossbrillen\/"},{"@type":"ListItem","position":4,"name":"100% Brillen &amp; Delen","item":"https:\/\/www.hoogstra-autosport.nl\/product-categorie\/autosport-kleding-helmen\/crossbrillen\/100-brillen-delen\/"},{"@type":"ListItem","position":5,"name":"100% Armega ForeCast Bril Blauw\/Neon"}]},{"@type":"WebSite","@id":"https:\/\/www.hoogstra-autosport.nl\/#website","url":"https:\/\/www.hoogstra-autosport.nl\/","name":"Hoogstra Autosport","description":"Performance Autosport Parts!","potentialAction":[{"@type":"SearchAction","target":{"@type":"EntryPoint","urlTemplate":"https:\/\/www.hoogstra-autosport.nl\/?s={search_term_string}"},"query-input":{"@type":"PropertyValueSpecification","valueRequired":true,"valueName":"search_term_string"}}],"inLanguage":"de"}]}},"tiered_pricing_type":"fixed","tiered_pricing_fixed_rules":[],"tiered_pricing_product_settings":{"layout":"default","base_unit_name":{"singular":null,"plural":null},"default_variation":null},"tiered_pricing_minimum_quantity":null,"tiered_pricing_roles_data":[],"tiered_pricing_percentage_rules":[],"tiered_pricing_maximum_quantity":null,"tiered_pricing_quantity_step":null,"_links":{"self":[{"href":"https:\/\/www.hoogstra-autosport.nl\/de\/wp-json\/wp\/v2\/product\/67525","targetHints":{"allow":["GET"]}}],"collection":[{"href":"https:\/\/www.hoogstra-autosport.nl\/de\/wp-json\/wp\/v2\/product"}],"about":[{"href":"https:\/\/www.hoogstra-autosport.nl\/de\/wp-json\/wp\/v2\/types\/product"}],"wp:featuredmedia":[{"embeddable":true,"href":"https:\/\/www.hoogstra-autosport.nl\/de\/wp-json\/wp\/v2\/media\/67526"}],"wp:attachment":[{"href":"https:\/\/www.hoogstra-autosport.nl\/de\/wp-json\/wp\/v2\/media?parent=67525"}],"wp:term":[{"taxonomy":"product_brand","embeddable":true,"href":"https:\/\/www.hoogstra-autosport.nl\/de\/wp-json\/wp\/v2\/product_brand?post=67525"},{"taxonomy":"product_cat","embeddable":true,"href":"https:\/\/www.hoogstra-autosport.nl\/de\/wp-json\/wp\/v2\/product_cat?post=67525"},{"taxonomy":"product_tag","embeddable":true,"href":"https:\/\/www.hoogstra-autosport.nl\/de\/wp-json\/wp\/v2\/product_tag?post=67525"}],"curies":[{"name":"wp","href":"https:\/\/api.w.org\/{rel}","templated":true}]}}