{"id":64926,"date":"2023-12-09T16:01:21","date_gmt":"2023-12-09T15:01:21","guid":{"rendered":"https:\/\/www.hoogstra-autosport.nl\/?post_type=product&#038;p=64926"},"modified":"2024-02-13T14:34:13","modified_gmt":"2024-02-13T13:34:13","slug":"aim-mxs-strada-light-race-dash-5","status":"publish","type":"product","link":"https:\/\/www.hoogstra-autosport.nl\/de\/produkt\/aim-mxs-strada-light-race-dash-5\/","title":{"rendered":"AIM MXS Strada Light Race Dash 5\""},"content":{"rendered":"<p>Das AIM MXS Strada Light ist ein neues Armaturenbrett von AIM und ist ein sehr robustes Armaturenbrett mit einem 5\u2033 TFT-Bildschirm und Aluminiumgeh\u00e4use.<\/p>\n<p>Der MXS Strada Light ist fast derselbe wie der regul\u00e4re MXS Strada, nur leicht vereinfacht. Der Unterschied zum MXS Strada 1.3 ist: 4 statt 8 analoge Eing\u00e4nge, kein digitaler Drehzahl- und Geschwindigkeitseingang, kein digitaler Ausgang und keine RS232-ECU-Kommunikation. Und 1 statt 2 Anschl\u00fcsse auf der R\u00fcckseite.<\/p>\n<p>Das AIM MXS Strada Light verf\u00fcgt \u00fcber die folgenden Kan\u00e4le:<br \/>\n-4 x frei konfigurierbarer Analogkanal<br \/>\n-3x CAN-Bus (1x f\u00fcr Erweiterungsmodule und 2x f\u00fcr ECU)<br \/>\nECU-Anschluss-Eing\u00e4nge: CAN-Bus und K-Leitung\/OBDII<\/p>\n<p>Sonstige technische Daten System AIM MXS Strada:<br \/>\n-keine Datenspeicherung<br \/>\n-Ausgestattet mit 1 Mehrfachstecker f\u00fcr Kabelbaum<br \/>\n-6 frei programmierbare Alarm-LEDs oder Symbole (mehrfarbig)<br \/>\n-10 frei programmierbare Schaltlichter (mehrfarbig)<br \/>\n-2 (R\u00fcck-)Kameraeing\u00e4nge<br \/>\n-eingebauter Helligkeitssensor<br \/>\n-Gr\u00f6\u00dfen: 169,4x97x23 mm<br \/>\n-Gewicht: 460 Gramm<br \/>\n-Witterungsbest\u00e4ndigkeit: IP65<\/p>\n<p>Der MXS Strada Light wird standardm\u00e4\u00dfig mit einem AIM MXS Armaturenbrett, einem 23-poligen Kabelbaum (Anschl\u00fcsse: CAN-Bus, USB-Download, 12V-Stromversorgung, ECU-Anschluss \u00fcber K-Line und CAN), USB-Kabel und Race Studio-Software.\u00a0<strong>Optional<\/strong>\u00a0ist der 23p Kabelbaum mit den 4 analogen Eingangsanschl\u00fcssen (Binder 719 4p female) zus\u00e4tzlich.<\/p>\n<p>Der Steuerger\u00e4teanschluss erm\u00f6glicht den einfachen Anschluss von mehr als 1.000 (programmierbaren und OEM-) Steuerger\u00e4ten, so dass viele zus\u00e4tzliche Kan\u00e4le aufgezeichnet werden k\u00f6nnen.\u00a0<a href=\"https:\/\/www.aim-sportline.com\/en\/documentation.htm\" target=\"_blank\" rel=\"noopener\">Pr\u00fcfen Sie hier die Kompatibilit\u00e4t des Steuerger\u00e4ts.<\/a><\/p>\n<p>Das AIM MXS Strada Light bietet au\u00dferdem die M\u00f6glichkeit, Kan\u00e4le zu erweitern und CAN-Module anzuschlie\u00dfen, wie z. B. eine AIM-Breitband-Lambdasonde, Kanalerweiterung, GPS-Modul, SmartyCam HD-Videokamera, Thermoelement-Hub usw. Mehrere Layouts und Alarme programmierbar.<\/p>\n<p>Wahlm\u00f6glichkeit zwischen den LED-Symbolen \"Rennen\" und \"Stra\u00dfe\".<\/p>","protected":false},"excerpt":{"rendered":"<p>De AIM MXS Strada Light is een nieuw dash van AIM en is een zeer robuust dash met een 5\u2033 TFT scherm en aluminium behuizing. De MXS Strada Light is bijna hetzelfde als de gewone MXS Strada, alleen iets vereenvoudigd. Verschil met de MXS Strada 1.3 is: 4 ipv 8 analoge inputs, geen digitale rpm [&hellip;]<\/p>\n","protected":false},"featured_media":64930,"template":"","meta":{"_acf_changed":false},"product_brand":[],"product_cat":[3927,4142],"product_tag":[],"class_list":{"0":"post-64926","1":"product","2":"type-product","3":"status-publish","4":"has-post-thumbnail","6":"product_cat-aim-displays","7":"product_cat-aim-solo","8":"product_shipping_class-4016","10":"first","11":"instock","12":"taxable","13":"shipping-taxable","14":"purchasable","15":"product-type-variable"},"acf":[],"yoast_head":"<!-- This site is optimized with the Yoast SEO plugin v27.1.1 - https:\/\/yoast.com\/product\/yoast-seo-wordpress\/ -->\n<title>AIM MXS Strada Light Race Dash 5&#039;&#039; - Hoogstra Autosport<\/title>\n<meta name=\"robots\" content=\"index, follow, max-snippet:-1, max-image-preview:large, max-video-preview:-1\" \/>\n<link rel=\"canonical\" href=\"https:\/\/www.hoogstra-autosport.nl\/de\/produkt\/aim-mxs-strada-light-race-dash-5\/\" \/>\n<meta property=\"og:locale\" content=\"de_DE\" \/>\n<meta property=\"og:type\" content=\"article\" \/>\n<meta property=\"og:title\" content=\"AIM MXS Strada Light Race Dash 5&#039;&#039; - Hoogstra Autosport\" \/>\n<meta property=\"og:description\" content=\"De AIM MXS Strada Light is een nieuw dash van AIM en is een zeer robuust dash met een 5\u2033 TFT scherm en aluminium behuizing. De MXS Strada Light is bijna hetzelfde als de gewone MXS Strada, alleen iets vereenvoudigd. Verschil met de MXS Strada 1.3 is: 4 ipv 8 analoge inputs, geen digitale rpm [&hellip;]\" \/>\n<meta property=\"og:url\" content=\"https:\/\/www.hoogstra-autosport.nl\/de\/produkt\/aim-mxs-strada-light-race-dash-5\/\" \/>\n<meta property=\"og:site_name\" content=\"Hoogstra Autosport\" \/>\n<meta property=\"article:modified_time\" content=\"2024-02-13T13:34:13+00:00\" \/>\n<meta property=\"og:image\" content=\"https:\/\/www.hoogstra-autosport.nl\/teamkoen\/content\/uploads\/2023\/12\/AiM-MXS-official-photo-2.jpg\" \/>\n\t<meta property=\"og:image:width\" content=\"1500\" \/>\n\t<meta property=\"og:image:height\" content=\"1000\" \/>\n\t<meta property=\"og:image:type\" content=\"image\/jpeg\" \/>\n<meta name=\"twitter:card\" content=\"summary_large_image\" \/>\n<meta name=\"twitter:label1\" content=\"Gesch\u00e4tzte Lesezeit\" \/>\n\t<meta name=\"twitter:data1\" content=\"2\u00a0Minuten\" \/>\n<script type=\"application\/ld+json\" class=\"yoast-schema-graph\">{\"@context\":\"https:\/\/schema.org\",\"@graph\":[{\"@type\":\"WebPage\",\"@id\":\"https:\/\/www.hoogstra-autosport.nl\/product\/aim-mxs-strada-light-race-dash-5\/\",\"url\":\"https:\/\/www.hoogstra-autosport.nl\/product\/aim-mxs-strada-light-race-dash-5\/\",\"name\":\"AIM MXS Strada Light Race Dash 5'' - Hoogstra Autosport\",\"isPartOf\":{\"@id\":\"https:\/\/www.hoogstra-autosport.nl\/#website\"},\"primaryImageOfPage\":{\"@id\":\"https:\/\/www.hoogstra-autosport.nl\/product\/aim-mxs-strada-light-race-dash-5\/#primaryimage\"},\"image\":{\"@id\":\"https:\/\/www.hoogstra-autosport.nl\/product\/aim-mxs-strada-light-race-dash-5\/#primaryimage\"},\"thumbnailUrl\":\"https:\/\/www.hoogstra-autosport.nl\/teamkoen\/wp-content\/uploads\/2023\/12\/AiM-MXS-official-photo-2.jpg\",\"datePublished\":\"2023-12-09T15:01:21+00:00\",\"dateModified\":\"2024-02-13T13:34:13+00:00\",\"breadcrumb\":{\"@id\":\"https:\/\/www.hoogstra-autosport.nl\/product\/aim-mxs-strada-light-race-dash-5\/#breadcrumb\"},\"inLanguage\":\"de\",\"potentialAction\":[{\"@type\":\"ReadAction\",\"target\":[\"https:\/\/www.hoogstra-autosport.nl\/product\/aim-mxs-strada-light-race-dash-5\/\"]}]},{\"@type\":\"ImageObject\",\"inLanguage\":\"de\",\"@id\":\"https:\/\/www.hoogstra-autosport.nl\/product\/aim-mxs-strada-light-race-dash-5\/#primaryimage\",\"url\":\"https:\/\/www.hoogstra-autosport.nl\/teamkoen\/wp-content\/uploads\/2023\/12\/AiM-MXS-official-photo-2.jpg\",\"contentUrl\":\"https:\/\/www.hoogstra-autosport.nl\/teamkoen\/wp-content\/uploads\/2023\/12\/AiM-MXS-official-photo-2.jpg\",\"width\":1500,\"height\":1000},{\"@type\":\"BreadcrumbList\",\"@id\":\"https:\/\/www.hoogstra-autosport.nl\/product\/aim-mxs-strada-light-race-dash-5\/#breadcrumb\",\"itemListElement\":[{\"@type\":\"ListItem\",\"position\":1,\"name\":\"Home\",\"item\":\"https:\/\/www.hoogstra-autosport.nl\/\"},{\"@type\":\"ListItem\",\"position\":2,\"name\":\"Elektriciteit\",\"item\":\"https:\/\/www.hoogstra-autosport.nl\/product-categorie\/elektriciteit\/\"},{\"@type\":\"ListItem\",\"position\":3,\"name\":\"AIM Displays\",\"item\":\"https:\/\/www.hoogstra-autosport.nl\/product-categorie\/elektriciteit\/aim-displays\/\"},{\"@type\":\"ListItem\",\"position\":4,\"name\":\"AIM MXS Strada Light Race Dash 5&#8221;\"}]},{\"@type\":\"WebSite\",\"@id\":\"https:\/\/www.hoogstra-autosport.nl\/#website\",\"url\":\"https:\/\/www.hoogstra-autosport.nl\/\",\"name\":\"Hoogstra Autosport\",\"description\":\"Performance Autosport Parts!\",\"potentialAction\":[{\"@type\":\"SearchAction\",\"target\":{\"@type\":\"EntryPoint\",\"urlTemplate\":\"https:\/\/www.hoogstra-autosport.nl\/?s={search_term_string}\"},\"query-input\":{\"@type\":\"PropertyValueSpecification\",\"valueRequired\":true,\"valueName\":\"search_term_string\"}}],\"inLanguage\":\"de\"}]}<\/script>\n<!-- \/ Yoast SEO plugin. -->","yoast_head_json":{"title":"AIM MXS Strada Light Race Dash 5'' - Hoogstra Autosport","robots":{"index":"index","follow":"follow","max-snippet":"max-snippet:-1","max-image-preview":"max-image-preview:large","max-video-preview":"max-video-preview:-1"},"canonical":"https:\/\/www.hoogstra-autosport.nl\/de\/produkt\/aim-mxs-strada-light-race-dash-5\/","og_locale":"de_DE","og_type":"article","og_title":"AIM MXS Strada Light Race Dash 5'' - Hoogstra Autosport","og_description":"De AIM MXS Strada Light is een nieuw dash van AIM en is een zeer robuust dash met een 5\u2033 TFT scherm en aluminium behuizing. De MXS Strada Light is bijna hetzelfde als de gewone MXS Strada, alleen iets vereenvoudigd. Verschil met de MXS Strada 1.3 is: 4 ipv 8 analoge inputs, geen digitale rpm [&hellip;]","og_url":"https:\/\/www.hoogstra-autosport.nl\/de\/produkt\/aim-mxs-strada-light-race-dash-5\/","og_site_name":"Hoogstra Autosport","article_modified_time":"2024-02-13T13:34:13+00:00","og_image":[{"width":1500,"height":1000,"url":"https:\/\/www.hoogstra-autosport.nl\/teamkoen\/content\/uploads\/2023\/12\/AiM-MXS-official-photo-2.jpg","type":"image\/jpeg"}],"twitter_card":"summary_large_image","twitter_misc":{"Gesch\u00e4tzte Lesezeit":"2\u00a0Minuten"},"schema":{"@context":"https:\/\/schema.org","@graph":[{"@type":"WebPage","@id":"https:\/\/www.hoogstra-autosport.nl\/product\/aim-mxs-strada-light-race-dash-5\/","url":"https:\/\/www.hoogstra-autosport.nl\/product\/aim-mxs-strada-light-race-dash-5\/","name":"AIM MXS Strada Light Race Dash 5'' - Hoogstra Autosport","isPartOf":{"@id":"https:\/\/www.hoogstra-autosport.nl\/#website"},"primaryImageOfPage":{"@id":"https:\/\/www.hoogstra-autosport.nl\/product\/aim-mxs-strada-light-race-dash-5\/#primaryimage"},"image":{"@id":"https:\/\/www.hoogstra-autosport.nl\/product\/aim-mxs-strada-light-race-dash-5\/#primaryimage"},"thumbnailUrl":"https:\/\/www.hoogstra-autosport.nl\/teamkoen\/wp-content\/uploads\/2023\/12\/AiM-MXS-official-photo-2.jpg","datePublished":"2023-12-09T15:01:21+00:00","dateModified":"2024-02-13T13:34:13+00:00","breadcrumb":{"@id":"https:\/\/www.hoogstra-autosport.nl\/product\/aim-mxs-strada-light-race-dash-5\/#breadcrumb"},"inLanguage":"de","potentialAction":[{"@type":"ReadAction","target":["https:\/\/www.hoogstra-autosport.nl\/product\/aim-mxs-strada-light-race-dash-5\/"]}]},{"@type":"ImageObject","inLanguage":"de","@id":"https:\/\/www.hoogstra-autosport.nl\/product\/aim-mxs-strada-light-race-dash-5\/#primaryimage","url":"https:\/\/www.hoogstra-autosport.nl\/teamkoen\/wp-content\/uploads\/2023\/12\/AiM-MXS-official-photo-2.jpg","contentUrl":"https:\/\/www.hoogstra-autosport.nl\/teamkoen\/wp-content\/uploads\/2023\/12\/AiM-MXS-official-photo-2.jpg","width":1500,"height":1000},{"@type":"BreadcrumbList","@id":"https:\/\/www.hoogstra-autosport.nl\/product\/aim-mxs-strada-light-race-dash-5\/#breadcrumb","itemListElement":[{"@type":"ListItem","position":1,"name":"Home","item":"https:\/\/www.hoogstra-autosport.nl\/"},{"@type":"ListItem","position":2,"name":"Elektriciteit","item":"https:\/\/www.hoogstra-autosport.nl\/product-categorie\/elektriciteit\/"},{"@type":"ListItem","position":3,"name":"AIM Displays","item":"https:\/\/www.hoogstra-autosport.nl\/product-categorie\/elektriciteit\/aim-displays\/"},{"@type":"ListItem","position":4,"name":"AIM MXS Strada Light Race Dash 5&#8221;"}]},{"@type":"WebSite","@id":"https:\/\/www.hoogstra-autosport.nl\/#website","url":"https:\/\/www.hoogstra-autosport.nl\/","name":"Hoogstra Autosport","description":"Performance Autosport Parts!","potentialAction":[{"@type":"SearchAction","target":{"@type":"EntryPoint","urlTemplate":"https:\/\/www.hoogstra-autosport.nl\/?s={search_term_string}"},"query-input":{"@type":"PropertyValueSpecification","valueRequired":true,"valueName":"search_term_string"}}],"inLanguage":"de"}]}},"tiered_pricing_type":"fixed","tiered_pricing_fixed_rules":[],"tiered_pricing_product_settings":{"layout":"default","base_unit_name":{"singular":null,"plural":null},"default_variation":null},"tiered_pricing_minimum_quantity":null,"tiered_pricing_roles_data":[],"tiered_pricing_percentage_rules":[],"tiered_pricing_maximum_quantity":null,"tiered_pricing_quantity_step":null,"_links":{"self":[{"href":"https:\/\/www.hoogstra-autosport.nl\/de\/wp-json\/wp\/v2\/product\/64926","targetHints":{"allow":["GET"]}}],"collection":[{"href":"https:\/\/www.hoogstra-autosport.nl\/de\/wp-json\/wp\/v2\/product"}],"about":[{"href":"https:\/\/www.hoogstra-autosport.nl\/de\/wp-json\/wp\/v2\/types\/product"}],"wp:featuredmedia":[{"embeddable":true,"href":"https:\/\/www.hoogstra-autosport.nl\/de\/wp-json\/wp\/v2\/media\/64930"}],"wp:attachment":[{"href":"https:\/\/www.hoogstra-autosport.nl\/de\/wp-json\/wp\/v2\/media?parent=64926"}],"wp:term":[{"taxonomy":"product_brand","embeddable":true,"href":"https:\/\/www.hoogstra-autosport.nl\/de\/wp-json\/wp\/v2\/product_brand?post=64926"},{"taxonomy":"product_cat","embeddable":true,"href":"https:\/\/www.hoogstra-autosport.nl\/de\/wp-json\/wp\/v2\/product_cat?post=64926"},{"taxonomy":"product_tag","embeddable":true,"href":"https:\/\/www.hoogstra-autosport.nl\/de\/wp-json\/wp\/v2\/product_tag?post=64926"}],"curies":[{"name":"wp","href":"https:\/\/api.w.org\/{rel}","templated":true}]}}