{"id":64899,"date":"2023-12-09T14:35:23","date_gmt":"2023-12-09T13:35:23","guid":{"rendered":"https:\/\/www.hoogstra-autosport.nl\/?post_type=product&#038;p=64899"},"modified":"2025-11-14T11:32:43","modified_gmt":"2025-11-14T10:32:43","slug":"omp-sport-schoenen-fia-blauw-zwart","status":"publish","type":"product","link":"https:\/\/www.hoogstra-autosport.nl\/de\/produkt\/omp-sport-schoenen-fia-blauw-zwart\/","title":{"rendered":"OMP Sport Schoen Blauw\/Zwart"},"content":{"rendered":"<p>OMP-Schuhe<\/p>\n<p>Gr\u00f6\u00dfen von 36-47 verf\u00fcgbar<\/p>\n<p>Solider Slipper von OMP SPORT mit FIA-Zulassung. Qualit\u00e4t und Leistung reduziert auf das Wesentliche. Das Obermaterial ist aus feinem, weichem und leichtem Mikrofasermaterial gefertigt. Dank der halbhohen Passform und der hochgezogenen Schn\u00fcrung wird der Kn\u00f6chel optimal umschlossen.<\/p>","protected":false},"excerpt":{"rendered":"<p>OMP Schoenen Maten van 36-47 leverbaar Solide instapschoen OMP SPORT\u00a0 FIA gekeurd. Kwaliteit en prestaties teruggebracht tot de essentie. Het bovenwerk is gemaakt van fijn, zacht en lichtgewicht microvezelmateriaal. Dankzij de middelhoge pasvorm en de hooggesloten vetersluiting wordt de enkel optimaal omsloten.<\/p>","protected":false},"featured_media":93107,"template":"","meta":{"_acf_changed":false},"product_brand":[],"product_cat":[3785],"product_tag":[],"class_list":{"0":"post-64899","1":"product","2":"type-product","3":"status-publish","4":"has-post-thumbnail","6":"product_cat-omp-schoenen-fia","7":"product_shipping_class-4016","9":"first","10":"instock","11":"taxable","12":"shipping-taxable","13":"purchasable","14":"product-type-variable"},"acf":[],"yoast_head":"<!-- This site is optimized with the Yoast SEO plugin v27.1.1 - https:\/\/yoast.com\/product\/yoast-seo-wordpress\/ -->\n<title>OMP Sport Schoen Blauw\/Zwart - Hoogstra Autosport<\/title>\n<meta name=\"robots\" content=\"index, follow, max-snippet:-1, max-image-preview:large, max-video-preview:-1\" \/>\n<link rel=\"canonical\" href=\"https:\/\/www.hoogstra-autosport.nl\/de\/produkt\/omp-sport-schoenen-fia-blauw-zwart\/\" \/>\n<meta property=\"og:locale\" content=\"de_DE\" \/>\n<meta property=\"og:type\" content=\"article\" \/>\n<meta property=\"og:title\" content=\"OMP Sport Schoen Blauw\/Zwart - Hoogstra Autosport\" \/>\n<meta property=\"og:description\" content=\"OMP Schoenen Maten van 36-47 leverbaar Solide instapschoen OMP SPORT\u00a0 FIA gekeurd. Kwaliteit en prestaties teruggebracht tot de essentie. Het bovenwerk is gemaakt van fijn, zacht en lichtgewicht microvezelmateriaal. Dankzij de middelhoge pasvorm en de hooggesloten vetersluiting wordt de enkel optimaal omsloten.\" \/>\n<meta property=\"og:url\" content=\"https:\/\/www.hoogstra-autosport.nl\/de\/produkt\/omp-sport-schoenen-fia-blauw-zwart\/\" \/>\n<meta property=\"og:site_name\" content=\"Hoogstra Autosport\" \/>\n<meta property=\"article:modified_time\" content=\"2025-11-14T10:32:43+00:00\" \/>\n<meta property=\"og:image\" content=\"https:\/\/www.hoogstra-autosport.nl\/teamkoen\/wp-content\/uploads\/2023\/12\/OMP-sport-schoenen-blauw-1.jpg\" \/>\n\t<meta property=\"og:image:width\" content=\"1080\" \/>\n\t<meta property=\"og:image:height\" content=\"1080\" \/>\n\t<meta property=\"og:image:type\" content=\"image\/jpeg\" \/>\n<meta name=\"twitter:card\" content=\"summary_large_image\" \/>\n<meta name=\"twitter:label1\" content=\"Gesch\u00e4tzte Lesezeit\" \/>\n\t<meta name=\"twitter:data1\" content=\"1\u00a0Minute\" \/>\n<script type=\"application\/ld+json\" class=\"yoast-schema-graph\">{\"@context\":\"https:\/\/schema.org\",\"@graph\":[{\"@type\":\"WebPage\",\"@id\":\"https:\/\/www.hoogstra-autosport.nl\/product\/omp-sport-schoenen-fia-blauw-zwart\/\",\"url\":\"https:\/\/www.hoogstra-autosport.nl\/product\/omp-sport-schoenen-fia-blauw-zwart\/\",\"name\":\"OMP Sport Schoen Blauw\/Zwart - Hoogstra Autosport\",\"isPartOf\":{\"@id\":\"https:\/\/www.hoogstra-autosport.nl\/#website\"},\"primaryImageOfPage\":{\"@id\":\"https:\/\/www.hoogstra-autosport.nl\/product\/omp-sport-schoenen-fia-blauw-zwart\/#primaryimage\"},\"image\":{\"@id\":\"https:\/\/www.hoogstra-autosport.nl\/product\/omp-sport-schoenen-fia-blauw-zwart\/#primaryimage\"},\"thumbnailUrl\":\"https:\/\/www.hoogstra-autosport.nl\/teamkoen\/wp-content\/uploads\/2023\/12\/OMP-sport-schoenen-blauw-1.jpg\",\"datePublished\":\"2023-12-09T13:35:23+00:00\",\"dateModified\":\"2025-11-14T10:32:43+00:00\",\"breadcrumb\":{\"@id\":\"https:\/\/www.hoogstra-autosport.nl\/product\/omp-sport-schoenen-fia-blauw-zwart\/#breadcrumb\"},\"inLanguage\":\"de\",\"potentialAction\":[{\"@type\":\"ReadAction\",\"target\":[\"https:\/\/www.hoogstra-autosport.nl\/product\/omp-sport-schoenen-fia-blauw-zwart\/\"]}]},{\"@type\":\"ImageObject\",\"inLanguage\":\"de\",\"@id\":\"https:\/\/www.hoogstra-autosport.nl\/product\/omp-sport-schoenen-fia-blauw-zwart\/#primaryimage\",\"url\":\"https:\/\/www.hoogstra-autosport.nl\/teamkoen\/wp-content\/uploads\/2023\/12\/OMP-sport-schoenen-blauw-1.jpg\",\"contentUrl\":\"https:\/\/www.hoogstra-autosport.nl\/teamkoen\/wp-content\/uploads\/2023\/12\/OMP-sport-schoenen-blauw-1.jpg\",\"width\":1080,\"height\":1080},{\"@type\":\"BreadcrumbList\",\"@id\":\"https:\/\/www.hoogstra-autosport.nl\/product\/omp-sport-schoenen-fia-blauw-zwart\/#breadcrumb\",\"itemListElement\":[{\"@type\":\"ListItem\",\"position\":1,\"name\":\"Home\",\"item\":\"https:\/\/www.hoogstra-autosport.nl\/\"},{\"@type\":\"ListItem\",\"position\":2,\"name\":\"Uitrusting\",\"item\":\"https:\/\/www.hoogstra-autosport.nl\/product-categorie\/autosport-kleding-helmen\/\"},{\"@type\":\"ListItem\",\"position\":3,\"name\":\"Autosport Kleding\",\"item\":\"https:\/\/www.hoogstra-autosport.nl\/product-categorie\/autosport-kleding-helmen\/autosport-kleding\/\"},{\"@type\":\"ListItem\",\"position\":4,\"name\":\"Schoenen\",\"item\":\"https:\/\/www.hoogstra-autosport.nl\/product-categorie\/autosport-kleding-helmen\/autosport-kleding\/schoenen\/\"},{\"@type\":\"ListItem\",\"position\":5,\"name\":\"OMP Schoenen\",\"item\":\"https:\/\/www.hoogstra-autosport.nl\/product-categorie\/autosport-kleding-helmen\/autosport-kleding\/schoenen\/omp-schoenen\/\"},{\"@type\":\"ListItem\",\"position\":6,\"name\":\"OMP Schoenen FIA\",\"item\":\"https:\/\/www.hoogstra-autosport.nl\/product-categorie\/autosport-kleding-helmen\/autosport-kleding\/schoenen\/omp-schoenen\/omp-schoenen-fia\/\"},{\"@type\":\"ListItem\",\"position\":7,\"name\":\"OMP Sport Schoen Blauw\/Zwart\"}]},{\"@type\":\"WebSite\",\"@id\":\"https:\/\/www.hoogstra-autosport.nl\/#website\",\"url\":\"https:\/\/www.hoogstra-autosport.nl\/\",\"name\":\"Hoogstra Autosport\",\"description\":\"Performance Autosport Parts!\",\"potentialAction\":[{\"@type\":\"SearchAction\",\"target\":{\"@type\":\"EntryPoint\",\"urlTemplate\":\"https:\/\/www.hoogstra-autosport.nl\/?s={search_term_string}\"},\"query-input\":{\"@type\":\"PropertyValueSpecification\",\"valueRequired\":true,\"valueName\":\"search_term_string\"}}],\"inLanguage\":\"de\"}]}<\/script>\n<!-- \/ Yoast SEO plugin. -->","yoast_head_json":{"title":"OMP Sport Schoen Blauw\/Zwart - Hoogstra Autosport","robots":{"index":"index","follow":"follow","max-snippet":"max-snippet:-1","max-image-preview":"max-image-preview:large","max-video-preview":"max-video-preview:-1"},"canonical":"https:\/\/www.hoogstra-autosport.nl\/de\/produkt\/omp-sport-schoenen-fia-blauw-zwart\/","og_locale":"de_DE","og_type":"article","og_title":"OMP Sport Schoen Blauw\/Zwart - Hoogstra Autosport","og_description":"OMP Schoenen Maten van 36-47 leverbaar Solide instapschoen OMP SPORT\u00a0 FIA gekeurd. Kwaliteit en prestaties teruggebracht tot de essentie. Het bovenwerk is gemaakt van fijn, zacht en lichtgewicht microvezelmateriaal. Dankzij de middelhoge pasvorm en de hooggesloten vetersluiting wordt de enkel optimaal omsloten.","og_url":"https:\/\/www.hoogstra-autosport.nl\/de\/produkt\/omp-sport-schoenen-fia-blauw-zwart\/","og_site_name":"Hoogstra Autosport","article_modified_time":"2025-11-14T10:32:43+00:00","og_image":[{"width":1080,"height":1080,"url":"https:\/\/www.hoogstra-autosport.nl\/teamkoen\/wp-content\/uploads\/2023\/12\/OMP-sport-schoenen-blauw-1.jpg","type":"image\/jpeg"}],"twitter_card":"summary_large_image","twitter_misc":{"Gesch\u00e4tzte Lesezeit":"1\u00a0Minute"},"schema":{"@context":"https:\/\/schema.org","@graph":[{"@type":"WebPage","@id":"https:\/\/www.hoogstra-autosport.nl\/product\/omp-sport-schoenen-fia-blauw-zwart\/","url":"https:\/\/www.hoogstra-autosport.nl\/product\/omp-sport-schoenen-fia-blauw-zwart\/","name":"OMP Sport Schoen Blauw\/Zwart - Hoogstra Autosport","isPartOf":{"@id":"https:\/\/www.hoogstra-autosport.nl\/#website"},"primaryImageOfPage":{"@id":"https:\/\/www.hoogstra-autosport.nl\/product\/omp-sport-schoenen-fia-blauw-zwart\/#primaryimage"},"image":{"@id":"https:\/\/www.hoogstra-autosport.nl\/product\/omp-sport-schoenen-fia-blauw-zwart\/#primaryimage"},"thumbnailUrl":"https:\/\/www.hoogstra-autosport.nl\/teamkoen\/wp-content\/uploads\/2023\/12\/OMP-sport-schoenen-blauw-1.jpg","datePublished":"2023-12-09T13:35:23+00:00","dateModified":"2025-11-14T10:32:43+00:00","breadcrumb":{"@id":"https:\/\/www.hoogstra-autosport.nl\/product\/omp-sport-schoenen-fia-blauw-zwart\/#breadcrumb"},"inLanguage":"de","potentialAction":[{"@type":"ReadAction","target":["https:\/\/www.hoogstra-autosport.nl\/product\/omp-sport-schoenen-fia-blauw-zwart\/"]}]},{"@type":"ImageObject","inLanguage":"de","@id":"https:\/\/www.hoogstra-autosport.nl\/product\/omp-sport-schoenen-fia-blauw-zwart\/#primaryimage","url":"https:\/\/www.hoogstra-autosport.nl\/teamkoen\/wp-content\/uploads\/2023\/12\/OMP-sport-schoenen-blauw-1.jpg","contentUrl":"https:\/\/www.hoogstra-autosport.nl\/teamkoen\/wp-content\/uploads\/2023\/12\/OMP-sport-schoenen-blauw-1.jpg","width":1080,"height":1080},{"@type":"BreadcrumbList","@id":"https:\/\/www.hoogstra-autosport.nl\/product\/omp-sport-schoenen-fia-blauw-zwart\/#breadcrumb","itemListElement":[{"@type":"ListItem","position":1,"name":"Home","item":"https:\/\/www.hoogstra-autosport.nl\/"},{"@type":"ListItem","position":2,"name":"Uitrusting","item":"https:\/\/www.hoogstra-autosport.nl\/product-categorie\/autosport-kleding-helmen\/"},{"@type":"ListItem","position":3,"name":"Autosport Kleding","item":"https:\/\/www.hoogstra-autosport.nl\/product-categorie\/autosport-kleding-helmen\/autosport-kleding\/"},{"@type":"ListItem","position":4,"name":"Schoenen","item":"https:\/\/www.hoogstra-autosport.nl\/product-categorie\/autosport-kleding-helmen\/autosport-kleding\/schoenen\/"},{"@type":"ListItem","position":5,"name":"OMP Schoenen","item":"https:\/\/www.hoogstra-autosport.nl\/product-categorie\/autosport-kleding-helmen\/autosport-kleding\/schoenen\/omp-schoenen\/"},{"@type":"ListItem","position":6,"name":"OMP Schoenen FIA","item":"https:\/\/www.hoogstra-autosport.nl\/product-categorie\/autosport-kleding-helmen\/autosport-kleding\/schoenen\/omp-schoenen\/omp-schoenen-fia\/"},{"@type":"ListItem","position":7,"name":"OMP Sport Schoen Blauw\/Zwart"}]},{"@type":"WebSite","@id":"https:\/\/www.hoogstra-autosport.nl\/#website","url":"https:\/\/www.hoogstra-autosport.nl\/","name":"Hoogstra Autosport","description":"Performance Autosport Parts!","potentialAction":[{"@type":"SearchAction","target":{"@type":"EntryPoint","urlTemplate":"https:\/\/www.hoogstra-autosport.nl\/?s={search_term_string}"},"query-input":{"@type":"PropertyValueSpecification","valueRequired":true,"valueName":"search_term_string"}}],"inLanguage":"de"}]}},"tiered_pricing_type":"fixed","tiered_pricing_fixed_rules":[],"tiered_pricing_product_settings":{"layout":"default","base_unit_name":{"singular":null,"plural":null},"default_variation":null},"tiered_pricing_minimum_quantity":null,"tiered_pricing_roles_data":[],"tiered_pricing_percentage_rules":[],"tiered_pricing_maximum_quantity":null,"tiered_pricing_quantity_step":null,"_links":{"self":[{"href":"https:\/\/www.hoogstra-autosport.nl\/de\/wp-json\/wp\/v2\/product\/64899","targetHints":{"allow":["GET"]}}],"collection":[{"href":"https:\/\/www.hoogstra-autosport.nl\/de\/wp-json\/wp\/v2\/product"}],"about":[{"href":"https:\/\/www.hoogstra-autosport.nl\/de\/wp-json\/wp\/v2\/types\/product"}],"wp:featuredmedia":[{"embeddable":true,"href":"https:\/\/www.hoogstra-autosport.nl\/de\/wp-json\/wp\/v2\/media\/93107"}],"wp:attachment":[{"href":"https:\/\/www.hoogstra-autosport.nl\/de\/wp-json\/wp\/v2\/media?parent=64899"}],"wp:term":[{"taxonomy":"product_brand","embeddable":true,"href":"https:\/\/www.hoogstra-autosport.nl\/de\/wp-json\/wp\/v2\/product_brand?post=64899"},{"taxonomy":"product_cat","embeddable":true,"href":"https:\/\/www.hoogstra-autosport.nl\/de\/wp-json\/wp\/v2\/product_cat?post=64899"},{"taxonomy":"product_tag","embeddable":true,"href":"https:\/\/www.hoogstra-autosport.nl\/de\/wp-json\/wp\/v2\/product_tag?post=64899"}],"curies":[{"name":"wp","href":"https:\/\/api.w.org\/{rel}","templated":true}]}}