{"id":63741,"date":"2023-11-08T10:21:52","date_gmt":"2023-11-08T09:21:52","guid":{"rendered":"https:\/\/www.hoogstra-autosport.nl\/?post_type=product&#038;p=63741"},"modified":"2025-12-01T09:57:16","modified_gmt":"2025-12-01T08:57:16","slug":"ebc-rp1-remblokset-voorzijde-e46-m3","status":"publish","type":"product","link":"https:\/\/www.hoogstra-autosport.nl\/de\/produkt\/ebc-rp1-remblokset-voorzijde-e46-m3\/","title":{"rendered":"EBC RP1 Bremsbelagsatz vorne E46 M3"},"content":{"rendered":"<p>Die RP-1-Mischung von EBC Racing ist ein Ultra-Hochleistungsbelag f\u00fcr Rennstrecken und Rennen, der f\u00fcr Hochleistungsfahrzeuge entwickelt wurde, die hart auf der Rennstrecke fahren. Der RP-1 wurde f\u00fcr Fahrzeuge entwickelt, die hart auf der Rennstrecke fahren, und weist einen durchschnittlich hohen Reibwert von 0,45 zwischen 100 und 750\u00b0C auf. Die progressivere Ansprechcharakteristik des RP-1 eignet sich gut f\u00fcr Fahrzeuge, die von Natur aus \"\u00fcberversorgt\" sind und bei denen ein weicheres Belagmaterial w\u00fcnschenswert ist, um mehr Finesse beim Bremsen zu erm\u00f6glichen. RP-1-Bremsbel\u00e4ge bieten eine hervorragende Modulation und bieten eine beispiellose Kontrolle und ein hervorragendes Gef\u00fchl. Sie sind thermisch eingebettet, verhindern ein fr\u00fches Fading und haben eine extrem niedrige Verschlei\u00dfrate, was sie zu einem echten \"Plug-and-Play\"-Bremsbelag macht.<\/p>\n<p>&nbsp;<\/p>\n<table id=\"product-attribute-specs-table\" class=\"data table additional-attributes\">\n<tbody>\n<tr>\n<th class=\"col label\" scope=\"row\">Blok &#8211; Dikte Binnenzijde(mm)<\/th>\n<td class=\"col data\" data-th=\"Blok - Dikte Binnenzijde(mm)\">19<\/td>\n<\/tr>\n<tr>\n<th class=\"col label\" scope=\"row\">Blok &#8211; Hoogte Binnenzijde(mm)<\/th>\n<td class=\"col data\" data-th=\"Blok - Hoogte Binnenzijde(mm)\">63<\/td>\n<\/tr>\n<tr>\n<th class=\"col label\" scope=\"row\">Blok &#8211; Breedte Binnenzijde(mm)<\/th>\n<td class=\"col data\" data-th=\"Blok - Breedte Binnenzijde(mm)\">156<\/td>\n<\/tr>\n<tr>\n<th class=\"col label\" scope=\"row\">Blok &#8211; Hoogte Buitenzijde(mm)<\/th>\n<td class=\"col data\" data-th=\"Blok - Hoogte Buitenzijde(mm)\">63<\/td>\n<\/tr>\n<tr>\n<th class=\"col label\" scope=\"row\">Blok &#8211; Dikte Buitenzijde(mm)<\/th>\n<td class=\"col data\" data-th=\"Blok - Dikte Buitenzijde(mm)\">19<\/td>\n<\/tr>\n<tr>\n<th class=\"col label\" scope=\"row\">Blok &#8211; Breedte Buitenzijde(mm)<\/th>\n<td class=\"col data\" data-th=\"Blok - Breedte Buitenzijde(mm)\">156<\/td>\n<\/tr>\n<\/tbody>\n<\/table>","protected":false},"excerpt":{"rendered":"<p>De RP\u20111-compound van EBC Racing is een circuit- en racepad met ultrahoge prestaties, ontworpen voor krachtige voertuigen die hard op het circuit rijden. RP-1 is ontworpen voor voertuigen die hard op het circuit rijden en beschikt over een gemiddeld hoog wrijvingsniveau van 0,45 tussen 100 \u2013 750\u00b0C. De meer progressieve responskarakteristiek van de RP-1 maakt [&hellip;]<\/p>\n","protected":false},"featured_media":94095,"template":"","meta":{"_acf_changed":false},"product_brand":[],"product_cat":[4061],"product_tag":[],"class_list":{"0":"post-63741","1":"product","2":"type-product","3":"status-publish","4":"has-post-thumbnail","6":"product_cat-bmw-e46","7":"product_shipping_class-4016","9":"first","10":"instock","11":"sale","12":"taxable","13":"shipping-taxable","14":"purchasable","15":"product-type-simple"},"acf":[],"yoast_head":"<!-- This site is optimized with the Yoast SEO plugin v27.1.1 - https:\/\/yoast.com\/product\/yoast-seo-wordpress\/ -->\n<title>EBC RP1 Remblokset Voorzijde E46 M3 - Hoogstra Autosport<\/title>\n<meta name=\"robots\" content=\"index, follow, max-snippet:-1, max-image-preview:large, max-video-preview:-1\" \/>\n<link rel=\"canonical\" href=\"https:\/\/www.hoogstra-autosport.nl\/de\/produkt\/ebc-rp1-remblokset-voorzijde-e46-m3\/\" \/>\n<meta property=\"og:locale\" content=\"de_DE\" \/>\n<meta property=\"og:type\" content=\"article\" \/>\n<meta property=\"og:title\" content=\"EBC RP1 Remblokset Voorzijde E46 M3 - Hoogstra Autosport\" \/>\n<meta property=\"og:description\" content=\"De RP\u20111-compound van EBC Racing is een circuit- en racepad met ultrahoge prestaties, ontworpen voor krachtige voertuigen die hard op het circuit rijden. RP-1 is ontworpen voor voertuigen die hard op het circuit rijden en beschikt over een gemiddeld hoog wrijvingsniveau van 0,45 tussen 100 \u2013 750\u00b0C. De meer progressieve responskarakteristiek van de RP-1 maakt [&hellip;]\" \/>\n<meta property=\"og:url\" content=\"https:\/\/www.hoogstra-autosport.nl\/de\/produkt\/ebc-rp1-remblokset-voorzijde-e46-m3\/\" \/>\n<meta property=\"og:site_name\" content=\"Hoogstra Autosport\" \/>\n<meta property=\"article:modified_time\" content=\"2025-12-01T08:57:16+00:00\" \/>\n<meta property=\"og:image\" content=\"https:\/\/www.hoogstra-autosport.nl\/teamkoen\/wp-content\/uploads\/2023\/11\/Untitled-Project-61.jpg\" \/>\n\t<meta property=\"og:image:width\" content=\"1080\" \/>\n\t<meta property=\"og:image:height\" content=\"1080\" \/>\n\t<meta property=\"og:image:type\" content=\"image\/jpeg\" \/>\n<meta name=\"twitter:card\" content=\"summary_large_image\" \/>\n<meta name=\"twitter:label1\" content=\"Gesch\u00e4tzte Lesezeit\" \/>\n\t<meta name=\"twitter:data1\" content=\"1\u00a0Minute\" \/>\n<script type=\"application\/ld+json\" class=\"yoast-schema-graph\">{\"@context\":\"https:\/\/schema.org\",\"@graph\":[{\"@type\":\"WebPage\",\"@id\":\"https:\/\/www.hoogstra-autosport.nl\/product\/ebc-rp1-remblokset-voorzijde-e46-m3\/\",\"url\":\"https:\/\/www.hoogstra-autosport.nl\/product\/ebc-rp1-remblokset-voorzijde-e46-m3\/\",\"name\":\"EBC RP1 Remblokset Voorzijde E46 M3 - Hoogstra Autosport\",\"isPartOf\":{\"@id\":\"https:\/\/www.hoogstra-autosport.nl\/#website\"},\"primaryImageOfPage\":{\"@id\":\"https:\/\/www.hoogstra-autosport.nl\/product\/ebc-rp1-remblokset-voorzijde-e46-m3\/#primaryimage\"},\"image\":{\"@id\":\"https:\/\/www.hoogstra-autosport.nl\/product\/ebc-rp1-remblokset-voorzijde-e46-m3\/#primaryimage\"},\"thumbnailUrl\":\"https:\/\/www.hoogstra-autosport.nl\/teamkoen\/wp-content\/uploads\/2023\/11\/Untitled-Project-61.jpg\",\"datePublished\":\"2023-11-08T09:21:52+00:00\",\"dateModified\":\"2025-12-01T08:57:16+00:00\",\"breadcrumb\":{\"@id\":\"https:\/\/www.hoogstra-autosport.nl\/product\/ebc-rp1-remblokset-voorzijde-e46-m3\/#breadcrumb\"},\"inLanguage\":\"de\",\"potentialAction\":[{\"@type\":\"ReadAction\",\"target\":[\"https:\/\/www.hoogstra-autosport.nl\/product\/ebc-rp1-remblokset-voorzijde-e46-m3\/\"]}]},{\"@type\":\"ImageObject\",\"inLanguage\":\"de\",\"@id\":\"https:\/\/www.hoogstra-autosport.nl\/product\/ebc-rp1-remblokset-voorzijde-e46-m3\/#primaryimage\",\"url\":\"https:\/\/www.hoogstra-autosport.nl\/teamkoen\/wp-content\/uploads\/2023\/11\/Untitled-Project-61.jpg\",\"contentUrl\":\"https:\/\/www.hoogstra-autosport.nl\/teamkoen\/wp-content\/uploads\/2023\/11\/Untitled-Project-61.jpg\",\"width\":1080,\"height\":1080},{\"@type\":\"BreadcrumbList\",\"@id\":\"https:\/\/www.hoogstra-autosport.nl\/product\/ebc-rp1-remblokset-voorzijde-e46-m3\/#breadcrumb\",\"itemListElement\":[{\"@type\":\"ListItem\",\"position\":1,\"name\":\"Home\",\"item\":\"https:\/\/www.hoogstra-autosport.nl\/\"},{\"@type\":\"ListItem\",\"position\":2,\"name\":\"Remmen\",\"item\":\"https:\/\/www.hoogstra-autosport.nl\/product-categorie\/remmen-2\/\"},{\"@type\":\"ListItem\",\"position\":3,\"name\":\"EBC Remmen\",\"item\":\"https:\/\/www.hoogstra-autosport.nl\/product-categorie\/remmen-2\/ebc-remmen\/\"},{\"@type\":\"ListItem\",\"position\":4,\"name\":\"BMW E46\",\"item\":\"https:\/\/www.hoogstra-autosport.nl\/product-categorie\/remmen-2\/ebc-remmen\/bmw-e46\/\"},{\"@type\":\"ListItem\",\"position\":5,\"name\":\"EBC RP1 Remblokset Voorzijde E46 M3\"}]},{\"@type\":\"WebSite\",\"@id\":\"https:\/\/www.hoogstra-autosport.nl\/#website\",\"url\":\"https:\/\/www.hoogstra-autosport.nl\/\",\"name\":\"Hoogstra Autosport\",\"description\":\"Performance Autosport Parts!\",\"potentialAction\":[{\"@type\":\"SearchAction\",\"target\":{\"@type\":\"EntryPoint\",\"urlTemplate\":\"https:\/\/www.hoogstra-autosport.nl\/?s={search_term_string}\"},\"query-input\":{\"@type\":\"PropertyValueSpecification\",\"valueRequired\":true,\"valueName\":\"search_term_string\"}}],\"inLanguage\":\"de\"}]}<\/script>\n<!-- \/ Yoast SEO plugin. -->","yoast_head_json":{"title":"EBC RP1 Remblokset Voorzijde E46 M3 - Hoogstra Autosport","robots":{"index":"index","follow":"follow","max-snippet":"max-snippet:-1","max-image-preview":"max-image-preview:large","max-video-preview":"max-video-preview:-1"},"canonical":"https:\/\/www.hoogstra-autosport.nl\/de\/produkt\/ebc-rp1-remblokset-voorzijde-e46-m3\/","og_locale":"de_DE","og_type":"article","og_title":"EBC RP1 Remblokset Voorzijde E46 M3 - Hoogstra Autosport","og_description":"De RP\u20111-compound van EBC Racing is een circuit- en racepad met ultrahoge prestaties, ontworpen voor krachtige voertuigen die hard op het circuit rijden. RP-1 is ontworpen voor voertuigen die hard op het circuit rijden en beschikt over een gemiddeld hoog wrijvingsniveau van 0,45 tussen 100 \u2013 750\u00b0C. De meer progressieve responskarakteristiek van de RP-1 maakt [&hellip;]","og_url":"https:\/\/www.hoogstra-autosport.nl\/de\/produkt\/ebc-rp1-remblokset-voorzijde-e46-m3\/","og_site_name":"Hoogstra Autosport","article_modified_time":"2025-12-01T08:57:16+00:00","og_image":[{"width":1080,"height":1080,"url":"https:\/\/www.hoogstra-autosport.nl\/teamkoen\/wp-content\/uploads\/2023\/11\/Untitled-Project-61.jpg","type":"image\/jpeg"}],"twitter_card":"summary_large_image","twitter_misc":{"Gesch\u00e4tzte Lesezeit":"1\u00a0Minute"},"schema":{"@context":"https:\/\/schema.org","@graph":[{"@type":"WebPage","@id":"https:\/\/www.hoogstra-autosport.nl\/product\/ebc-rp1-remblokset-voorzijde-e46-m3\/","url":"https:\/\/www.hoogstra-autosport.nl\/product\/ebc-rp1-remblokset-voorzijde-e46-m3\/","name":"EBC RP1 Remblokset Voorzijde E46 M3 - Hoogstra Autosport","isPartOf":{"@id":"https:\/\/www.hoogstra-autosport.nl\/#website"},"primaryImageOfPage":{"@id":"https:\/\/www.hoogstra-autosport.nl\/product\/ebc-rp1-remblokset-voorzijde-e46-m3\/#primaryimage"},"image":{"@id":"https:\/\/www.hoogstra-autosport.nl\/product\/ebc-rp1-remblokset-voorzijde-e46-m3\/#primaryimage"},"thumbnailUrl":"https:\/\/www.hoogstra-autosport.nl\/teamkoen\/wp-content\/uploads\/2023\/11\/Untitled-Project-61.jpg","datePublished":"2023-11-08T09:21:52+00:00","dateModified":"2025-12-01T08:57:16+00:00","breadcrumb":{"@id":"https:\/\/www.hoogstra-autosport.nl\/product\/ebc-rp1-remblokset-voorzijde-e46-m3\/#breadcrumb"},"inLanguage":"de","potentialAction":[{"@type":"ReadAction","target":["https:\/\/www.hoogstra-autosport.nl\/product\/ebc-rp1-remblokset-voorzijde-e46-m3\/"]}]},{"@type":"ImageObject","inLanguage":"de","@id":"https:\/\/www.hoogstra-autosport.nl\/product\/ebc-rp1-remblokset-voorzijde-e46-m3\/#primaryimage","url":"https:\/\/www.hoogstra-autosport.nl\/teamkoen\/wp-content\/uploads\/2023\/11\/Untitled-Project-61.jpg","contentUrl":"https:\/\/www.hoogstra-autosport.nl\/teamkoen\/wp-content\/uploads\/2023\/11\/Untitled-Project-61.jpg","width":1080,"height":1080},{"@type":"BreadcrumbList","@id":"https:\/\/www.hoogstra-autosport.nl\/product\/ebc-rp1-remblokset-voorzijde-e46-m3\/#breadcrumb","itemListElement":[{"@type":"ListItem","position":1,"name":"Home","item":"https:\/\/www.hoogstra-autosport.nl\/"},{"@type":"ListItem","position":2,"name":"Remmen","item":"https:\/\/www.hoogstra-autosport.nl\/product-categorie\/remmen-2\/"},{"@type":"ListItem","position":3,"name":"EBC Remmen","item":"https:\/\/www.hoogstra-autosport.nl\/product-categorie\/remmen-2\/ebc-remmen\/"},{"@type":"ListItem","position":4,"name":"BMW E46","item":"https:\/\/www.hoogstra-autosport.nl\/product-categorie\/remmen-2\/ebc-remmen\/bmw-e46\/"},{"@type":"ListItem","position":5,"name":"EBC RP1 Remblokset Voorzijde E46 M3"}]},{"@type":"WebSite","@id":"https:\/\/www.hoogstra-autosport.nl\/#website","url":"https:\/\/www.hoogstra-autosport.nl\/","name":"Hoogstra Autosport","description":"Performance Autosport Parts!","potentialAction":[{"@type":"SearchAction","target":{"@type":"EntryPoint","urlTemplate":"https:\/\/www.hoogstra-autosport.nl\/?s={search_term_string}"},"query-input":{"@type":"PropertyValueSpecification","valueRequired":true,"valueName":"search_term_string"}}],"inLanguage":"de"}]}},"tiered_pricing_type":"fixed","tiered_pricing_fixed_rules":[],"tiered_pricing_product_settings":{"layout":"default","base_unit_name":{"singular":null,"plural":null},"default_variation":null},"tiered_pricing_minimum_quantity":null,"tiered_pricing_roles_data":[],"tiered_pricing_percentage_rules":[],"tiered_pricing_maximum_quantity":null,"tiered_pricing_quantity_step":null,"_links":{"self":[{"href":"https:\/\/www.hoogstra-autosport.nl\/de\/wp-json\/wp\/v2\/product\/63741","targetHints":{"allow":["GET"]}}],"collection":[{"href":"https:\/\/www.hoogstra-autosport.nl\/de\/wp-json\/wp\/v2\/product"}],"about":[{"href":"https:\/\/www.hoogstra-autosport.nl\/de\/wp-json\/wp\/v2\/types\/product"}],"wp:featuredmedia":[{"embeddable":true,"href":"https:\/\/www.hoogstra-autosport.nl\/de\/wp-json\/wp\/v2\/media\/94095"}],"wp:attachment":[{"href":"https:\/\/www.hoogstra-autosport.nl\/de\/wp-json\/wp\/v2\/media?parent=63741"}],"wp:term":[{"taxonomy":"product_brand","embeddable":true,"href":"https:\/\/www.hoogstra-autosport.nl\/de\/wp-json\/wp\/v2\/product_brand?post=63741"},{"taxonomy":"product_cat","embeddable":true,"href":"https:\/\/www.hoogstra-autosport.nl\/de\/wp-json\/wp\/v2\/product_cat?post=63741"},{"taxonomy":"product_tag","embeddable":true,"href":"https:\/\/www.hoogstra-autosport.nl\/de\/wp-json\/wp\/v2\/product_tag?post=63741"}],"curies":[{"name":"wp","href":"https:\/\/api.w.org\/{rel}","templated":true}]}}