{"id":63734,"date":"2023-11-08T10:11:25","date_gmt":"2023-11-08T09:11:25","guid":{"rendered":"https:\/\/www.hoogstra-autosport.nl\/?post_type=product&#038;p=63734"},"modified":"2025-12-01T09:45:20","modified_gmt":"2025-12-01T08:45:20","slug":"ebc-ultimax-remschijf-achterzijde-e46","status":"publish","type":"product","link":"https:\/\/www.hoogstra-autosport.nl\/de\/produkt\/ebc-ultimax-remschijf-achterzijde-e46\/","title":{"rendered":"EBC Ultimax-Bremsscheibe hinten E46"},"content":{"rendered":"<p>Diese Bremsscheiben der englischen Firma EBC sind ganz auf eine optimale Bremsleistung im sportlichen Einsatz ausgelegt!<\/p>\n<p>Das Set enth\u00e4lt 2 Discs, links hinten und rechts hinten.<\/p>\n<p>Die Scheiben sind so konzipiert, dass sie keine zus\u00e4tzlichen Ger\u00e4usche entwickeln wie die meisten bel\u00fcfteten und sportlichen Bremsscheiben.<\/p>\n<p>&nbsp;<\/p>\n<table id=\"product-attribute-specs-table\" class=\"data table additional-attributes\">\n<tbody>\n<tr>\n<th class=\"col label\" scope=\"row\">Schijf &#8211; Aantal Boutgaten<\/th>\n<td class=\"col data\" data-th=\"Schijf - Aantal Boutgaten\">5,00<\/td>\n<\/tr>\n<tr>\n<th class=\"col label\" scope=\"row\">Schijf &#8211; Diameter(mm)<\/th>\n<td class=\"col data\" data-th=\"Schijf - Diameter(mm)\">294<\/td>\n<\/tr>\n<tr>\n<th class=\"col label\" scope=\"row\">Schijf &#8211; Oppervlakte Afwerking<\/th>\n<td class=\"col data\" data-th=\"Schijf - Oppervlakte Afwerking\">Recht Gegroefd<\/td>\n<\/tr>\n<tr>\n<th class=\"col label\" scope=\"row\">Schijf &#8211; Hoogte(mm)<\/th>\n<td class=\"col data\" data-th=\"Schijf - Hoogte(mm)\">60<\/td>\n<\/tr>\n<tr>\n<th class=\"col label\" scope=\"row\">Schijf &#8211; Constructie<\/th>\n<td class=\"col data\" data-th=\"Schijf - Constructie\">1-Delig<\/td>\n<\/tr>\n<tr>\n<th class=\"col label\" scope=\"row\">Schijf &#8211; Zijde<\/th>\n<td class=\"col data\" data-th=\"Schijf - Zijde\">Links\/Rechts<\/td>\n<\/tr>\n<tr>\n<th class=\"col label\" scope=\"row\">Schijf &#8211; Maximale Dikte<\/th>\n<td class=\"col data\" data-th=\"Schijf - Maximale Dikte\">19<\/td>\n<\/tr>\n<tr>\n<th class=\"col label\" scope=\"row\">Schijf &#8211; Minimale Dikte<\/th>\n<td class=\"col data\" data-th=\"Schijf - Minimale Dikte\">17<\/td>\n<\/tr>\n<tr>\n<th class=\"col label\" scope=\"row\">Schijf &#8211; Ventilatietype<\/th>\n<td class=\"col data\" data-th=\"Schijf - Ventilatietype\">Rechte Koelvin<\/td>\n<\/tr>\n<tr>\n<th class=\"col label\" scope=\"row\">Schijf &#8211; Type<\/th>\n<td class=\"col data\" data-th=\"Schijf - Type\">Geventileerd<\/td>\n<\/tr>\n<tr>\n<th class=\"col label\" scope=\"row\">Schijf &#8211; Kwaliteitsklasse<\/th>\n<td class=\"col data\" data-th=\"Schijf - Kwaliteitsklasse\">Pr\u00e4mie<\/td>\n<\/tr>\n<tr>\n<th class=\"col label\" scope=\"row\">Material<\/th>\n<td class=\"col data\" data-th=\"Materiaal\">Gietijzer<\/td>\n<\/tr>\n<tr>\n<th class=\"col label\" scope=\"row\">Verpakking &#8211; Inhoud<\/th>\n<td class=\"col data\" data-th=\"Verpakking - Inhoud\">2 Remschijven<\/td>\n<\/tr>\n<\/tbody>\n<\/table>","protected":false},"excerpt":{"rendered":"<p>Deze remschijven van het Engels EBC zijn geheel ontworpen om een optimale remkracht te verzekeren tijdens sportief gebruik! De set bevat 2 schijven, Links achter en Rechts achter. De schijven zijn zo ontwikkeld dat deze geen extra geluid ontwikkelen zoals de meeste geventileerde en sportieve remschijven. &nbsp; Schijf &#8211; Aantal Boutgaten 5,00 Schijf &#8211; Diameter(mm) [&hellip;]<\/p>\n","protected":false},"featured_media":94088,"template":"","meta":{"_acf_changed":false},"product_brand":[],"product_cat":[4061],"product_tag":[],"class_list":{"0":"post-63734","1":"product","2":"type-product","3":"status-publish","4":"has-post-thumbnail","6":"product_cat-bmw-e46","7":"product_shipping_class-4016","9":"first","10":"instock","11":"taxable","12":"shipping-taxable","13":"purchasable","14":"product-type-simple"},"acf":[],"yoast_head":"<!-- This site is optimized with the Yoast SEO plugin v27.1.1 - https:\/\/yoast.com\/product\/yoast-seo-wordpress\/ -->\n<title>EBC Ultimax Remschijf Achterzijde E46 - Hoogstra Autosport<\/title>\n<meta name=\"robots\" content=\"index, follow, max-snippet:-1, max-image-preview:large, max-video-preview:-1\" \/>\n<link rel=\"canonical\" href=\"https:\/\/www.hoogstra-autosport.nl\/de\/produkt\/ebc-ultimax-remschijf-achterzijde-e46\/\" \/>\n<meta property=\"og:locale\" content=\"de_DE\" \/>\n<meta property=\"og:type\" content=\"article\" \/>\n<meta property=\"og:title\" content=\"EBC Ultimax Remschijf Achterzijde E46 - Hoogstra Autosport\" \/>\n<meta property=\"og:description\" content=\"Deze remschijven van het Engels EBC zijn geheel ontworpen om een optimale remkracht te verzekeren tijdens sportief gebruik! De set bevat 2 schijven, Links achter en Rechts achter. De schijven zijn zo ontwikkeld dat deze geen extra geluid ontwikkelen zoals de meeste geventileerde en sportieve remschijven. &nbsp; Schijf &#8211; Aantal Boutgaten 5,00 Schijf &#8211; Diameter(mm) [&hellip;]\" \/>\n<meta property=\"og:url\" content=\"https:\/\/www.hoogstra-autosport.nl\/de\/produkt\/ebc-ultimax-remschijf-achterzijde-e46\/\" \/>\n<meta property=\"og:site_name\" content=\"Hoogstra Autosport\" \/>\n<meta property=\"article:modified_time\" content=\"2025-12-01T08:45:20+00:00\" \/>\n<meta property=\"og:image\" content=\"https:\/\/www.hoogstra-autosport.nl\/teamkoen\/wp-content\/uploads\/2023\/11\/Untitled-Project-58.jpg\" \/>\n\t<meta property=\"og:image:width\" content=\"1080\" \/>\n\t<meta property=\"og:image:height\" content=\"1080\" \/>\n\t<meta property=\"og:image:type\" content=\"image\/jpeg\" \/>\n<meta name=\"twitter:card\" content=\"summary_large_image\" \/>\n<meta name=\"twitter:label1\" content=\"Gesch\u00e4tzte Lesezeit\" \/>\n\t<meta name=\"twitter:data1\" content=\"1\u00a0Minute\" \/>\n<script type=\"application\/ld+json\" class=\"yoast-schema-graph\">{\"@context\":\"https:\/\/schema.org\",\"@graph\":[{\"@type\":\"WebPage\",\"@id\":\"https:\/\/www.hoogstra-autosport.nl\/product\/ebc-ultimax-remschijf-achterzijde-e46\/\",\"url\":\"https:\/\/www.hoogstra-autosport.nl\/product\/ebc-ultimax-remschijf-achterzijde-e46\/\",\"name\":\"EBC Ultimax Remschijf Achterzijde E46 - Hoogstra Autosport\",\"isPartOf\":{\"@id\":\"https:\/\/www.hoogstra-autosport.nl\/#website\"},\"primaryImageOfPage\":{\"@id\":\"https:\/\/www.hoogstra-autosport.nl\/product\/ebc-ultimax-remschijf-achterzijde-e46\/#primaryimage\"},\"image\":{\"@id\":\"https:\/\/www.hoogstra-autosport.nl\/product\/ebc-ultimax-remschijf-achterzijde-e46\/#primaryimage\"},\"thumbnailUrl\":\"https:\/\/www.hoogstra-autosport.nl\/teamkoen\/wp-content\/uploads\/2023\/11\/Untitled-Project-58.jpg\",\"datePublished\":\"2023-11-08T09:11:25+00:00\",\"dateModified\":\"2025-12-01T08:45:20+00:00\",\"breadcrumb\":{\"@id\":\"https:\/\/www.hoogstra-autosport.nl\/product\/ebc-ultimax-remschijf-achterzijde-e46\/#breadcrumb\"},\"inLanguage\":\"de\",\"potentialAction\":[{\"@type\":\"ReadAction\",\"target\":[\"https:\/\/www.hoogstra-autosport.nl\/product\/ebc-ultimax-remschijf-achterzijde-e46\/\"]}]},{\"@type\":\"ImageObject\",\"inLanguage\":\"de\",\"@id\":\"https:\/\/www.hoogstra-autosport.nl\/product\/ebc-ultimax-remschijf-achterzijde-e46\/#primaryimage\",\"url\":\"https:\/\/www.hoogstra-autosport.nl\/teamkoen\/wp-content\/uploads\/2023\/11\/Untitled-Project-58.jpg\",\"contentUrl\":\"https:\/\/www.hoogstra-autosport.nl\/teamkoen\/wp-content\/uploads\/2023\/11\/Untitled-Project-58.jpg\",\"width\":1080,\"height\":1080},{\"@type\":\"BreadcrumbList\",\"@id\":\"https:\/\/www.hoogstra-autosport.nl\/product\/ebc-ultimax-remschijf-achterzijde-e46\/#breadcrumb\",\"itemListElement\":[{\"@type\":\"ListItem\",\"position\":1,\"name\":\"Home\",\"item\":\"https:\/\/www.hoogstra-autosport.nl\/\"},{\"@type\":\"ListItem\",\"position\":2,\"name\":\"Remmen\",\"item\":\"https:\/\/www.hoogstra-autosport.nl\/product-categorie\/remmen-2\/\"},{\"@type\":\"ListItem\",\"position\":3,\"name\":\"EBC Remmen\",\"item\":\"https:\/\/www.hoogstra-autosport.nl\/product-categorie\/remmen-2\/ebc-remmen\/\"},{\"@type\":\"ListItem\",\"position\":4,\"name\":\"BMW E46\",\"item\":\"https:\/\/www.hoogstra-autosport.nl\/product-categorie\/remmen-2\/ebc-remmen\/bmw-e46\/\"},{\"@type\":\"ListItem\",\"position\":5,\"name\":\"EBC Ultimax Remschijf Achterzijde E46\"}]},{\"@type\":\"WebSite\",\"@id\":\"https:\/\/www.hoogstra-autosport.nl\/#website\",\"url\":\"https:\/\/www.hoogstra-autosport.nl\/\",\"name\":\"Hoogstra Autosport\",\"description\":\"Performance Autosport Parts!\",\"potentialAction\":[{\"@type\":\"SearchAction\",\"target\":{\"@type\":\"EntryPoint\",\"urlTemplate\":\"https:\/\/www.hoogstra-autosport.nl\/?s={search_term_string}\"},\"query-input\":{\"@type\":\"PropertyValueSpecification\",\"valueRequired\":true,\"valueName\":\"search_term_string\"}}],\"inLanguage\":\"de\"}]}<\/script>\n<!-- \/ Yoast SEO plugin. -->","yoast_head_json":{"title":"EBC Ultimax Remschijf Achterzijde E46 - Hoogstra Autosport","robots":{"index":"index","follow":"follow","max-snippet":"max-snippet:-1","max-image-preview":"max-image-preview:large","max-video-preview":"max-video-preview:-1"},"canonical":"https:\/\/www.hoogstra-autosport.nl\/de\/produkt\/ebc-ultimax-remschijf-achterzijde-e46\/","og_locale":"de_DE","og_type":"article","og_title":"EBC Ultimax Remschijf Achterzijde E46 - Hoogstra Autosport","og_description":"Deze remschijven van het Engels EBC zijn geheel ontworpen om een optimale remkracht te verzekeren tijdens sportief gebruik! De set bevat 2 schijven, Links achter en Rechts achter. De schijven zijn zo ontwikkeld dat deze geen extra geluid ontwikkelen zoals de meeste geventileerde en sportieve remschijven. &nbsp; Schijf &#8211; Aantal Boutgaten 5,00 Schijf &#8211; Diameter(mm) [&hellip;]","og_url":"https:\/\/www.hoogstra-autosport.nl\/de\/produkt\/ebc-ultimax-remschijf-achterzijde-e46\/","og_site_name":"Hoogstra Autosport","article_modified_time":"2025-12-01T08:45:20+00:00","og_image":[{"width":1080,"height":1080,"url":"https:\/\/www.hoogstra-autosport.nl\/teamkoen\/wp-content\/uploads\/2023\/11\/Untitled-Project-58.jpg","type":"image\/jpeg"}],"twitter_card":"summary_large_image","twitter_misc":{"Gesch\u00e4tzte Lesezeit":"1\u00a0Minute"},"schema":{"@context":"https:\/\/schema.org","@graph":[{"@type":"WebPage","@id":"https:\/\/www.hoogstra-autosport.nl\/product\/ebc-ultimax-remschijf-achterzijde-e46\/","url":"https:\/\/www.hoogstra-autosport.nl\/product\/ebc-ultimax-remschijf-achterzijde-e46\/","name":"EBC Ultimax Remschijf Achterzijde E46 - Hoogstra Autosport","isPartOf":{"@id":"https:\/\/www.hoogstra-autosport.nl\/#website"},"primaryImageOfPage":{"@id":"https:\/\/www.hoogstra-autosport.nl\/product\/ebc-ultimax-remschijf-achterzijde-e46\/#primaryimage"},"image":{"@id":"https:\/\/www.hoogstra-autosport.nl\/product\/ebc-ultimax-remschijf-achterzijde-e46\/#primaryimage"},"thumbnailUrl":"https:\/\/www.hoogstra-autosport.nl\/teamkoen\/wp-content\/uploads\/2023\/11\/Untitled-Project-58.jpg","datePublished":"2023-11-08T09:11:25+00:00","dateModified":"2025-12-01T08:45:20+00:00","breadcrumb":{"@id":"https:\/\/www.hoogstra-autosport.nl\/product\/ebc-ultimax-remschijf-achterzijde-e46\/#breadcrumb"},"inLanguage":"de","potentialAction":[{"@type":"ReadAction","target":["https:\/\/www.hoogstra-autosport.nl\/product\/ebc-ultimax-remschijf-achterzijde-e46\/"]}]},{"@type":"ImageObject","inLanguage":"de","@id":"https:\/\/www.hoogstra-autosport.nl\/product\/ebc-ultimax-remschijf-achterzijde-e46\/#primaryimage","url":"https:\/\/www.hoogstra-autosport.nl\/teamkoen\/wp-content\/uploads\/2023\/11\/Untitled-Project-58.jpg","contentUrl":"https:\/\/www.hoogstra-autosport.nl\/teamkoen\/wp-content\/uploads\/2023\/11\/Untitled-Project-58.jpg","width":1080,"height":1080},{"@type":"BreadcrumbList","@id":"https:\/\/www.hoogstra-autosport.nl\/product\/ebc-ultimax-remschijf-achterzijde-e46\/#breadcrumb","itemListElement":[{"@type":"ListItem","position":1,"name":"Home","item":"https:\/\/www.hoogstra-autosport.nl\/"},{"@type":"ListItem","position":2,"name":"Remmen","item":"https:\/\/www.hoogstra-autosport.nl\/product-categorie\/remmen-2\/"},{"@type":"ListItem","position":3,"name":"EBC Remmen","item":"https:\/\/www.hoogstra-autosport.nl\/product-categorie\/remmen-2\/ebc-remmen\/"},{"@type":"ListItem","position":4,"name":"BMW E46","item":"https:\/\/www.hoogstra-autosport.nl\/product-categorie\/remmen-2\/ebc-remmen\/bmw-e46\/"},{"@type":"ListItem","position":5,"name":"EBC Ultimax Remschijf Achterzijde E46"}]},{"@type":"WebSite","@id":"https:\/\/www.hoogstra-autosport.nl\/#website","url":"https:\/\/www.hoogstra-autosport.nl\/","name":"Hoogstra Autosport","description":"Performance Autosport Parts!","potentialAction":[{"@type":"SearchAction","target":{"@type":"EntryPoint","urlTemplate":"https:\/\/www.hoogstra-autosport.nl\/?s={search_term_string}"},"query-input":{"@type":"PropertyValueSpecification","valueRequired":true,"valueName":"search_term_string"}}],"inLanguage":"de"}]}},"tiered_pricing_type":"fixed","tiered_pricing_fixed_rules":[],"tiered_pricing_product_settings":{"layout":"default","base_unit_name":{"singular":null,"plural":null},"default_variation":null},"tiered_pricing_minimum_quantity":null,"tiered_pricing_roles_data":[],"tiered_pricing_percentage_rules":[],"tiered_pricing_maximum_quantity":null,"tiered_pricing_quantity_step":null,"_links":{"self":[{"href":"https:\/\/www.hoogstra-autosport.nl\/de\/wp-json\/wp\/v2\/product\/63734","targetHints":{"allow":["GET"]}}],"collection":[{"href":"https:\/\/www.hoogstra-autosport.nl\/de\/wp-json\/wp\/v2\/product"}],"about":[{"href":"https:\/\/www.hoogstra-autosport.nl\/de\/wp-json\/wp\/v2\/types\/product"}],"wp:featuredmedia":[{"embeddable":true,"href":"https:\/\/www.hoogstra-autosport.nl\/de\/wp-json\/wp\/v2\/media\/94088"}],"wp:attachment":[{"href":"https:\/\/www.hoogstra-autosport.nl\/de\/wp-json\/wp\/v2\/media?parent=63734"}],"wp:term":[{"taxonomy":"product_brand","embeddable":true,"href":"https:\/\/www.hoogstra-autosport.nl\/de\/wp-json\/wp\/v2\/product_brand?post=63734"},{"taxonomy":"product_cat","embeddable":true,"href":"https:\/\/www.hoogstra-autosport.nl\/de\/wp-json\/wp\/v2\/product_cat?post=63734"},{"taxonomy":"product_tag","embeddable":true,"href":"https:\/\/www.hoogstra-autosport.nl\/de\/wp-json\/wp\/v2\/product_tag?post=63734"}],"curies":[{"name":"wp","href":"https:\/\/api.w.org\/{rel}","templated":true}]}}