{"id":63705,"date":"2023-11-08T09:14:49","date_gmt":"2023-11-08T08:14:49","guid":{"rendered":"https:\/\/www.hoogstra-autosport.nl\/?post_type=product&#038;p=63705"},"modified":"2025-12-01T09:59:45","modified_gmt":"2025-12-01T08:59:45","slug":"ebc-bluestuff-remblokset-achterzijde-e30","status":"publish","type":"product","link":"https:\/\/www.hoogstra-autosport.nl\/de\/produkt\/ebc-bluestuff-remblokset-achterzijde-e30\/","title":{"rendered":"EBC Bluestuff Bremsbelagsatz hinten E30"},"content":{"rendered":"<p>Bluestuff Bremsbel\u00e4ge - Hinterachse<\/p>\n<p>&nbsp;<\/p>\n<p>EBC-Bel\u00e4ge mit hoher Reibung f\u00fcr den harten Einsatz auf der Stra\u00dfe und im Rallye-\/Rennsportbereich<\/p>\n<p>Maximale Arbeitstemperatur h\u00f6her als bei Yellowstuff<\/p>\n<p>Kein Reibungsverlust bei wiederholtem starkem Bremsen<\/p>\n<p>Leicht zu dosieren, ohne Tendenz zur Verstopfung<\/p>\n<p>R90 f\u00fcr den Stra\u00dfenverkehr zugelassen (nicht alle Arten von Bremsbel\u00e4gen)<\/p>\n<table id=\"product-attribute-specs-table\" class=\"data table additional-attributes\">\n<tbody>\n<tr>\n<th class=\"col label\" scope=\"row\">Blok &#8211; Dikte Binnenzijde(mm)<\/th>\n<td class=\"col data\" data-th=\"Blok - Dikte Binnenzijde(mm)\">16<\/td>\n<\/tr>\n<tr>\n<th class=\"col label\" scope=\"row\">Blok &#8211; Hoogte Binnenzijde(mm)<\/th>\n<td class=\"col data\" data-th=\"Blok - Hoogte Binnenzijde(mm)\">38<\/td>\n<\/tr>\n<tr>\n<th class=\"col label\" scope=\"row\">Blok &#8211; Breedte Binnenzijde(mm)<\/th>\n<td class=\"col data\" data-th=\"Blok - Breedte Binnenzijde(mm)\">125<\/td>\n<\/tr>\n<tr>\n<th class=\"col label\" scope=\"row\">Blok &#8211; Hoogte Buitenzijde(mm)<\/th>\n<td class=\"col data\" data-th=\"Blok - Hoogte Buitenzijde(mm)\">38<\/td>\n<\/tr>\n<tr>\n<th class=\"col label\" scope=\"row\">Blok &#8211; Dikte Buitenzijde(mm)<\/th>\n<td class=\"col data\" data-th=\"Blok - Dikte Buitenzijde(mm)\">16<\/td>\n<\/tr>\n<tr>\n<th class=\"col label\" scope=\"row\">Blok &#8211; Breedte Buitenzijde(mm)<\/th>\n<td class=\"col data\" data-th=\"Blok - Breedte Buitenzijde(mm)\">125<\/td>\n<\/tr>\n<\/tbody>\n<\/table>","protected":false},"excerpt":{"rendered":"<p>Bluestuff remblokken \u2013 Achteras &nbsp; EBC-pad met hoge wrijving voor zwaar gebruik op straat en in rally\u2019s \/ races Maximale werktemperatuur hoger dan Yellowstuff Geen wrijvingsverlies bij herhaaldelijk hard remmen Makkelijk te doseren, zonder neiging tot blokkeren R90 goedgekeurd voor gebruik op de weg (niet alle soorten remblokken) Blok &#8211; Dikte Binnenzijde(mm) 16 Blok &#8211; [&hellip;]<\/p>\n","protected":false},"featured_media":94093,"template":"","meta":{"_acf_changed":false},"product_brand":[],"product_cat":[4059],"product_tag":[],"class_list":{"0":"post-63705","1":"product","2":"type-product","3":"status-publish","4":"has-post-thumbnail","6":"product_cat-bmw-e30","7":"product_shipping_class-4016","9":"first","10":"instock","11":"sale","12":"taxable","13":"shipping-taxable","14":"purchasable","15":"product-type-simple"},"acf":[],"yoast_head":"<!-- This site is optimized with the Yoast SEO plugin v27.1.1 - https:\/\/yoast.com\/product\/yoast-seo-wordpress\/ -->\n<title>EBC Bluestuff Remblokset Achterzijde E30 - Hoogstra Autosport<\/title>\n<meta name=\"robots\" content=\"index, follow, max-snippet:-1, max-image-preview:large, max-video-preview:-1\" \/>\n<link rel=\"canonical\" href=\"https:\/\/www.hoogstra-autosport.nl\/de\/produkt\/ebc-bluestuff-remblokset-achterzijde-e30\/\" \/>\n<meta property=\"og:locale\" content=\"de_DE\" \/>\n<meta property=\"og:type\" content=\"article\" \/>\n<meta property=\"og:title\" content=\"EBC Bluestuff Remblokset Achterzijde E30 - Hoogstra Autosport\" \/>\n<meta property=\"og:description\" content=\"Bluestuff remblokken \u2013 Achteras &nbsp; EBC-pad met hoge wrijving voor zwaar gebruik op straat en in rally\u2019s \/ races Maximale werktemperatuur hoger dan Yellowstuff Geen wrijvingsverlies bij herhaaldelijk hard remmen Makkelijk te doseren, zonder neiging tot blokkeren R90 goedgekeurd voor gebruik op de weg (niet alle soorten remblokken) Blok &#8211; Dikte Binnenzijde(mm) 16 Blok &#8211; [&hellip;]\" \/>\n<meta property=\"og:url\" content=\"https:\/\/www.hoogstra-autosport.nl\/de\/produkt\/ebc-bluestuff-remblokset-achterzijde-e30\/\" \/>\n<meta property=\"og:site_name\" content=\"Hoogstra Autosport\" \/>\n<meta property=\"article:modified_time\" content=\"2025-12-01T08:59:45+00:00\" \/>\n<meta property=\"og:image\" content=\"https:\/\/www.hoogstra-autosport.nl\/teamkoen\/wp-content\/uploads\/2023\/11\/Untitled-Project-59.jpg\" \/>\n\t<meta property=\"og:image:width\" content=\"1080\" \/>\n\t<meta property=\"og:image:height\" content=\"1080\" \/>\n\t<meta property=\"og:image:type\" content=\"image\/jpeg\" \/>\n<meta name=\"twitter:card\" content=\"summary_large_image\" \/>\n<meta name=\"twitter:label1\" content=\"Gesch\u00e4tzte Lesezeit\" \/>\n\t<meta name=\"twitter:data1\" content=\"1\u00a0Minute\" \/>\n<script type=\"application\/ld+json\" class=\"yoast-schema-graph\">{\"@context\":\"https:\/\/schema.org\",\"@graph\":[{\"@type\":\"WebPage\",\"@id\":\"https:\/\/www.hoogstra-autosport.nl\/product\/ebc-bluestuff-remblokset-achterzijde-e30\/\",\"url\":\"https:\/\/www.hoogstra-autosport.nl\/product\/ebc-bluestuff-remblokset-achterzijde-e30\/\",\"name\":\"EBC Bluestuff Remblokset Achterzijde E30 - Hoogstra Autosport\",\"isPartOf\":{\"@id\":\"https:\/\/www.hoogstra-autosport.nl\/#website\"},\"primaryImageOfPage\":{\"@id\":\"https:\/\/www.hoogstra-autosport.nl\/product\/ebc-bluestuff-remblokset-achterzijde-e30\/#primaryimage\"},\"image\":{\"@id\":\"https:\/\/www.hoogstra-autosport.nl\/product\/ebc-bluestuff-remblokset-achterzijde-e30\/#primaryimage\"},\"thumbnailUrl\":\"https:\/\/www.hoogstra-autosport.nl\/teamkoen\/wp-content\/uploads\/2023\/11\/Untitled-Project-59.jpg\",\"datePublished\":\"2023-11-08T08:14:49+00:00\",\"dateModified\":\"2025-12-01T08:59:45+00:00\",\"breadcrumb\":{\"@id\":\"https:\/\/www.hoogstra-autosport.nl\/product\/ebc-bluestuff-remblokset-achterzijde-e30\/#breadcrumb\"},\"inLanguage\":\"de\",\"potentialAction\":[{\"@type\":\"ReadAction\",\"target\":[\"https:\/\/www.hoogstra-autosport.nl\/product\/ebc-bluestuff-remblokset-achterzijde-e30\/\"]}]},{\"@type\":\"ImageObject\",\"inLanguage\":\"de\",\"@id\":\"https:\/\/www.hoogstra-autosport.nl\/product\/ebc-bluestuff-remblokset-achterzijde-e30\/#primaryimage\",\"url\":\"https:\/\/www.hoogstra-autosport.nl\/teamkoen\/wp-content\/uploads\/2023\/11\/Untitled-Project-59.jpg\",\"contentUrl\":\"https:\/\/www.hoogstra-autosport.nl\/teamkoen\/wp-content\/uploads\/2023\/11\/Untitled-Project-59.jpg\",\"width\":1080,\"height\":1080},{\"@type\":\"BreadcrumbList\",\"@id\":\"https:\/\/www.hoogstra-autosport.nl\/product\/ebc-bluestuff-remblokset-achterzijde-e30\/#breadcrumb\",\"itemListElement\":[{\"@type\":\"ListItem\",\"position\":1,\"name\":\"Home\",\"item\":\"https:\/\/www.hoogstra-autosport.nl\/\"},{\"@type\":\"ListItem\",\"position\":2,\"name\":\"Remmen\",\"item\":\"https:\/\/www.hoogstra-autosport.nl\/product-categorie\/remmen-2\/\"},{\"@type\":\"ListItem\",\"position\":3,\"name\":\"EBC Remmen\",\"item\":\"https:\/\/www.hoogstra-autosport.nl\/product-categorie\/remmen-2\/ebc-remmen\/\"},{\"@type\":\"ListItem\",\"position\":4,\"name\":\"BMW E30\",\"item\":\"https:\/\/www.hoogstra-autosport.nl\/product-categorie\/remmen-2\/ebc-remmen\/bmw-e30\/\"},{\"@type\":\"ListItem\",\"position\":5,\"name\":\"EBC Bluestuff Remblokset Achterzijde E30\"}]},{\"@type\":\"WebSite\",\"@id\":\"https:\/\/www.hoogstra-autosport.nl\/#website\",\"url\":\"https:\/\/www.hoogstra-autosport.nl\/\",\"name\":\"Hoogstra Autosport\",\"description\":\"Performance Autosport Parts!\",\"potentialAction\":[{\"@type\":\"SearchAction\",\"target\":{\"@type\":\"EntryPoint\",\"urlTemplate\":\"https:\/\/www.hoogstra-autosport.nl\/?s={search_term_string}\"},\"query-input\":{\"@type\":\"PropertyValueSpecification\",\"valueRequired\":true,\"valueName\":\"search_term_string\"}}],\"inLanguage\":\"de\"}]}<\/script>\n<!-- \/ Yoast SEO plugin. -->","yoast_head_json":{"title":"EBC Bluestuff Remblokset Achterzijde E30 - Hoogstra Autosport","robots":{"index":"index","follow":"follow","max-snippet":"max-snippet:-1","max-image-preview":"max-image-preview:large","max-video-preview":"max-video-preview:-1"},"canonical":"https:\/\/www.hoogstra-autosport.nl\/de\/produkt\/ebc-bluestuff-remblokset-achterzijde-e30\/","og_locale":"de_DE","og_type":"article","og_title":"EBC Bluestuff Remblokset Achterzijde E30 - Hoogstra Autosport","og_description":"Bluestuff remblokken \u2013 Achteras &nbsp; EBC-pad met hoge wrijving voor zwaar gebruik op straat en in rally\u2019s \/ races Maximale werktemperatuur hoger dan Yellowstuff Geen wrijvingsverlies bij herhaaldelijk hard remmen Makkelijk te doseren, zonder neiging tot blokkeren R90 goedgekeurd voor gebruik op de weg (niet alle soorten remblokken) Blok &#8211; Dikte Binnenzijde(mm) 16 Blok &#8211; [&hellip;]","og_url":"https:\/\/www.hoogstra-autosport.nl\/de\/produkt\/ebc-bluestuff-remblokset-achterzijde-e30\/","og_site_name":"Hoogstra Autosport","article_modified_time":"2025-12-01T08:59:45+00:00","og_image":[{"width":1080,"height":1080,"url":"https:\/\/www.hoogstra-autosport.nl\/teamkoen\/wp-content\/uploads\/2023\/11\/Untitled-Project-59.jpg","type":"image\/jpeg"}],"twitter_card":"summary_large_image","twitter_misc":{"Gesch\u00e4tzte Lesezeit":"1\u00a0Minute"},"schema":{"@context":"https:\/\/schema.org","@graph":[{"@type":"WebPage","@id":"https:\/\/www.hoogstra-autosport.nl\/product\/ebc-bluestuff-remblokset-achterzijde-e30\/","url":"https:\/\/www.hoogstra-autosport.nl\/product\/ebc-bluestuff-remblokset-achterzijde-e30\/","name":"EBC Bluestuff Remblokset Achterzijde E30 - Hoogstra Autosport","isPartOf":{"@id":"https:\/\/www.hoogstra-autosport.nl\/#website"},"primaryImageOfPage":{"@id":"https:\/\/www.hoogstra-autosport.nl\/product\/ebc-bluestuff-remblokset-achterzijde-e30\/#primaryimage"},"image":{"@id":"https:\/\/www.hoogstra-autosport.nl\/product\/ebc-bluestuff-remblokset-achterzijde-e30\/#primaryimage"},"thumbnailUrl":"https:\/\/www.hoogstra-autosport.nl\/teamkoen\/wp-content\/uploads\/2023\/11\/Untitled-Project-59.jpg","datePublished":"2023-11-08T08:14:49+00:00","dateModified":"2025-12-01T08:59:45+00:00","breadcrumb":{"@id":"https:\/\/www.hoogstra-autosport.nl\/product\/ebc-bluestuff-remblokset-achterzijde-e30\/#breadcrumb"},"inLanguage":"de","potentialAction":[{"@type":"ReadAction","target":["https:\/\/www.hoogstra-autosport.nl\/product\/ebc-bluestuff-remblokset-achterzijde-e30\/"]}]},{"@type":"ImageObject","inLanguage":"de","@id":"https:\/\/www.hoogstra-autosport.nl\/product\/ebc-bluestuff-remblokset-achterzijde-e30\/#primaryimage","url":"https:\/\/www.hoogstra-autosport.nl\/teamkoen\/wp-content\/uploads\/2023\/11\/Untitled-Project-59.jpg","contentUrl":"https:\/\/www.hoogstra-autosport.nl\/teamkoen\/wp-content\/uploads\/2023\/11\/Untitled-Project-59.jpg","width":1080,"height":1080},{"@type":"BreadcrumbList","@id":"https:\/\/www.hoogstra-autosport.nl\/product\/ebc-bluestuff-remblokset-achterzijde-e30\/#breadcrumb","itemListElement":[{"@type":"ListItem","position":1,"name":"Home","item":"https:\/\/www.hoogstra-autosport.nl\/"},{"@type":"ListItem","position":2,"name":"Remmen","item":"https:\/\/www.hoogstra-autosport.nl\/product-categorie\/remmen-2\/"},{"@type":"ListItem","position":3,"name":"EBC Remmen","item":"https:\/\/www.hoogstra-autosport.nl\/product-categorie\/remmen-2\/ebc-remmen\/"},{"@type":"ListItem","position":4,"name":"BMW E30","item":"https:\/\/www.hoogstra-autosport.nl\/product-categorie\/remmen-2\/ebc-remmen\/bmw-e30\/"},{"@type":"ListItem","position":5,"name":"EBC Bluestuff Remblokset Achterzijde E30"}]},{"@type":"WebSite","@id":"https:\/\/www.hoogstra-autosport.nl\/#website","url":"https:\/\/www.hoogstra-autosport.nl\/","name":"Hoogstra Autosport","description":"Performance Autosport Parts!","potentialAction":[{"@type":"SearchAction","target":{"@type":"EntryPoint","urlTemplate":"https:\/\/www.hoogstra-autosport.nl\/?s={search_term_string}"},"query-input":{"@type":"PropertyValueSpecification","valueRequired":true,"valueName":"search_term_string"}}],"inLanguage":"de"}]}},"tiered_pricing_type":"fixed","tiered_pricing_fixed_rules":[],"tiered_pricing_product_settings":{"layout":"default","base_unit_name":{"singular":null,"plural":null},"default_variation":null},"tiered_pricing_minimum_quantity":null,"tiered_pricing_roles_data":[],"tiered_pricing_percentage_rules":[],"tiered_pricing_maximum_quantity":null,"tiered_pricing_quantity_step":null,"_links":{"self":[{"href":"https:\/\/www.hoogstra-autosport.nl\/de\/wp-json\/wp\/v2\/product\/63705","targetHints":{"allow":["GET"]}}],"collection":[{"href":"https:\/\/www.hoogstra-autosport.nl\/de\/wp-json\/wp\/v2\/product"}],"about":[{"href":"https:\/\/www.hoogstra-autosport.nl\/de\/wp-json\/wp\/v2\/types\/product"}],"wp:featuredmedia":[{"embeddable":true,"href":"https:\/\/www.hoogstra-autosport.nl\/de\/wp-json\/wp\/v2\/media\/94093"}],"wp:attachment":[{"href":"https:\/\/www.hoogstra-autosport.nl\/de\/wp-json\/wp\/v2\/media?parent=63705"}],"wp:term":[{"taxonomy":"product_brand","embeddable":true,"href":"https:\/\/www.hoogstra-autosport.nl\/de\/wp-json\/wp\/v2\/product_brand?post=63705"},{"taxonomy":"product_cat","embeddable":true,"href":"https:\/\/www.hoogstra-autosport.nl\/de\/wp-json\/wp\/v2\/product_cat?post=63705"},{"taxonomy":"product_tag","embeddable":true,"href":"https:\/\/www.hoogstra-autosport.nl\/de\/wp-json\/wp\/v2\/product_tag?post=63705"}],"curies":[{"name":"wp","href":"https:\/\/api.w.org\/{rel}","templated":true}]}}