{"id":63454,"date":"2023-11-02T09:35:15","date_gmt":"2023-11-02T08:35:15","guid":{"rendered":"https:\/\/www.hoogstra-autosport.nl\/?post_type=product&#038;p=63454"},"modified":"2025-04-17T09:07:26","modified_gmt":"2025-04-17T07:07:26","slug":"100-armega-forecast-kit","status":"publish","type":"product","link":"https:\/\/www.hoogstra-autosport.nl\/de\/produkt\/100-armega-forecast-kit\/","title":{"rendered":"100% Armega ForeCast Bausatz"},"content":{"rendered":"<p><strong>100% Armega Abrollsystem Technische Merkmale:<\/strong><\/p>\n<ul>\n<li>50-mm-Ultraweitwinkel-Film bietet maximales vertikales Sichtfeld<\/li>\n<li>Transparentes Schlammvisier verhindert das Durchsickern hinter der Folie<\/li>\n<li>Mehrere Kanisterabstreifer reinigen den Film und reduzieren den Schlammverbrauch<\/li>\n<li>Transluzente hintere Halterungen erm\u00f6glichen einen einfachen Blick auf die verbleibende Folie<\/li>\n<li>Leichtg\u00e4ngiger Folienabzieher sorgt f\u00fcr schnelle Reinigung des gesamten Sichtfeldes<\/li>\n<li>Der \u00dcberdrehungsbegrenzer h\u00e4lt die Folie jederzeit straff, um turbulenten Winden zu widerstehen<\/li>\n<li>Verwendet das bew\u00e4hrte ARMEGA-Schnellwechsel- und Verriegelungssystem f\u00fcr Objektive<\/li>\n<li>Beinhaltet das Forecast Shield, das die Folie unter rauen Bedingungen l\u00e4nger in Position h\u00e4lt<\/li>\n<li>Unterst\u00fctzt mehrere Abrei\u00dfoptionen, wie z. B. auslaufsichere laminierte Abrei\u00dfetiketten (separat erh\u00e4ltlich)<\/li>\n<\/ul>","protected":false},"excerpt":{"rendered":"<p>100% Armega roll-off systeem technische kenmerken: 50mm ultra-brede folie biedt het maximale verticale gezichtsveld Transparant moddervizier voorkomt doorsijpeling achter de folie Meerdere canisterschrapers reinigen de film om modderverbruik te verminderen Doorzichtige achterste houders bieden gemakkelijk zicht op de resterende folie Soepel werkende folietrekker zorgt voor een snelle reiniging van het gehele gezichtsveld Overspinbegrenzer houdt de [&hellip;]<\/p>\n","protected":false},"featured_media":63455,"template":"","meta":{"_acf_changed":false},"product_brand":[],"product_cat":[4180],"product_tag":[],"class_list":{"0":"post-63454","1":"product","2":"type-product","3":"status-publish","4":"has-post-thumbnail","6":"product_cat-100-brillen-delen","7":"product_shipping_class-4016","9":"first","10":"instock","11":"taxable","12":"shipping-taxable","13":"purchasable","14":"product-type-simple"},"acf":[],"yoast_head":"<!-- This site is optimized with the Yoast SEO plugin v27.1.1 - https:\/\/yoast.com\/product\/yoast-seo-wordpress\/ -->\n<title>100% Armega ForeCast Kit - Hoogstra Autosport<\/title>\n<meta name=\"robots\" content=\"index, follow, max-snippet:-1, max-image-preview:large, max-video-preview:-1\" \/>\n<link rel=\"canonical\" href=\"https:\/\/www.hoogstra-autosport.nl\/de\/produkt\/100-armega-forecast-kit\/\" \/>\n<meta property=\"og:locale\" content=\"de_DE\" \/>\n<meta property=\"og:type\" content=\"article\" \/>\n<meta property=\"og:title\" content=\"100% Armega ForeCast Kit - Hoogstra Autosport\" \/>\n<meta property=\"og:description\" content=\"100% Armega roll-off systeem technische kenmerken: 50mm ultra-brede folie biedt het maximale verticale gezichtsveld Transparant moddervizier voorkomt doorsijpeling achter de folie Meerdere canisterschrapers reinigen de film om modderverbruik te verminderen Doorzichtige achterste houders bieden gemakkelijk zicht op de resterende folie Soepel werkende folietrekker zorgt voor een snelle reiniging van het gehele gezichtsveld Overspinbegrenzer houdt de [&hellip;]\" \/>\n<meta property=\"og:url\" content=\"https:\/\/www.hoogstra-autosport.nl\/de\/produkt\/100-armega-forecast-kit\/\" \/>\n<meta property=\"og:site_name\" content=\"Hoogstra Autosport\" \/>\n<meta property=\"article:modified_time\" content=\"2025-04-17T07:07:26+00:00\" \/>\n<meta property=\"og:image\" content=\"https:\/\/www.hoogstra-autosport.nl\/teamkoen\/content\/uploads\/2023\/11\/armega-forecast-films-systeme-100.jpg\" \/>\n\t<meta property=\"og:image:width\" content=\"880\" \/>\n\t<meta property=\"og:image:height\" content=\"880\" \/>\n\t<meta property=\"og:image:type\" content=\"image\/jpeg\" \/>\n<meta name=\"twitter:card\" content=\"summary_large_image\" \/>\n<meta name=\"twitter:label1\" content=\"Gesch\u00e4tzte Lesezeit\" \/>\n\t<meta name=\"twitter:data1\" content=\"1\u00a0Minute\" \/>\n<script type=\"application\/ld+json\" class=\"yoast-schema-graph\">{\"@context\":\"https:\/\/schema.org\",\"@graph\":[{\"@type\":\"WebPage\",\"@id\":\"https:\/\/www.hoogstra-autosport.nl\/product\/100-armega-forecast-kit\/\",\"url\":\"https:\/\/www.hoogstra-autosport.nl\/product\/100-armega-forecast-kit\/\",\"name\":\"100% Armega ForeCast Kit - Hoogstra Autosport\",\"isPartOf\":{\"@id\":\"https:\/\/www.hoogstra-autosport.nl\/#website\"},\"primaryImageOfPage\":{\"@id\":\"https:\/\/www.hoogstra-autosport.nl\/product\/100-armega-forecast-kit\/#primaryimage\"},\"image\":{\"@id\":\"https:\/\/www.hoogstra-autosport.nl\/product\/100-armega-forecast-kit\/#primaryimage\"},\"thumbnailUrl\":\"https:\/\/www.hoogstra-autosport.nl\/teamkoen\/wp-content\/uploads\/2023\/11\/armega-forecast-films-systeme-100.jpg\",\"datePublished\":\"2023-11-02T08:35:15+00:00\",\"dateModified\":\"2025-04-17T07:07:26+00:00\",\"breadcrumb\":{\"@id\":\"https:\/\/www.hoogstra-autosport.nl\/product\/100-armega-forecast-kit\/#breadcrumb\"},\"inLanguage\":\"de\",\"potentialAction\":[{\"@type\":\"ReadAction\",\"target\":[\"https:\/\/www.hoogstra-autosport.nl\/product\/100-armega-forecast-kit\/\"]}]},{\"@type\":\"ImageObject\",\"inLanguage\":\"de\",\"@id\":\"https:\/\/www.hoogstra-autosport.nl\/product\/100-armega-forecast-kit\/#primaryimage\",\"url\":\"https:\/\/www.hoogstra-autosport.nl\/teamkoen\/wp-content\/uploads\/2023\/11\/armega-forecast-films-systeme-100.jpg\",\"contentUrl\":\"https:\/\/www.hoogstra-autosport.nl\/teamkoen\/wp-content\/uploads\/2023\/11\/armega-forecast-films-systeme-100.jpg\",\"width\":880,\"height\":880},{\"@type\":\"BreadcrumbList\",\"@id\":\"https:\/\/www.hoogstra-autosport.nl\/product\/100-armega-forecast-kit\/#breadcrumb\",\"itemListElement\":[{\"@type\":\"ListItem\",\"position\":1,\"name\":\"Home\",\"item\":\"https:\/\/www.hoogstra-autosport.nl\/\"},{\"@type\":\"ListItem\",\"position\":2,\"name\":\"Uitrusting\",\"item\":\"https:\/\/www.hoogstra-autosport.nl\/product-categorie\/autosport-kleding-helmen\/\"},{\"@type\":\"ListItem\",\"position\":3,\"name\":\"Crossbrillen\",\"item\":\"https:\/\/www.hoogstra-autosport.nl\/product-categorie\/autosport-kleding-helmen\/crossbrillen\/\"},{\"@type\":\"ListItem\",\"position\":4,\"name\":\"100% Brillen &amp; Delen\",\"item\":\"https:\/\/www.hoogstra-autosport.nl\/product-categorie\/autosport-kleding-helmen\/crossbrillen\/100-brillen-delen\/\"},{\"@type\":\"ListItem\",\"position\":5,\"name\":\"100% Armega ForeCast Kit\"}]},{\"@type\":\"WebSite\",\"@id\":\"https:\/\/www.hoogstra-autosport.nl\/#website\",\"url\":\"https:\/\/www.hoogstra-autosport.nl\/\",\"name\":\"Hoogstra Autosport\",\"description\":\"Performance Autosport Parts!\",\"potentialAction\":[{\"@type\":\"SearchAction\",\"target\":{\"@type\":\"EntryPoint\",\"urlTemplate\":\"https:\/\/www.hoogstra-autosport.nl\/?s={search_term_string}\"},\"query-input\":{\"@type\":\"PropertyValueSpecification\",\"valueRequired\":true,\"valueName\":\"search_term_string\"}}],\"inLanguage\":\"de\"}]}<\/script>\n<!-- \/ Yoast SEO plugin. -->","yoast_head_json":{"title":"100% Armega ForeCast Kit - Hoogstra Autosport","robots":{"index":"index","follow":"follow","max-snippet":"max-snippet:-1","max-image-preview":"max-image-preview:large","max-video-preview":"max-video-preview:-1"},"canonical":"https:\/\/www.hoogstra-autosport.nl\/de\/produkt\/100-armega-forecast-kit\/","og_locale":"de_DE","og_type":"article","og_title":"100% Armega ForeCast Kit - Hoogstra Autosport","og_description":"100% Armega roll-off systeem technische kenmerken: 50mm ultra-brede folie biedt het maximale verticale gezichtsveld Transparant moddervizier voorkomt doorsijpeling achter de folie Meerdere canisterschrapers reinigen de film om modderverbruik te verminderen Doorzichtige achterste houders bieden gemakkelijk zicht op de resterende folie Soepel werkende folietrekker zorgt voor een snelle reiniging van het gehele gezichtsveld Overspinbegrenzer houdt de [&hellip;]","og_url":"https:\/\/www.hoogstra-autosport.nl\/de\/produkt\/100-armega-forecast-kit\/","og_site_name":"Hoogstra Autosport","article_modified_time":"2025-04-17T07:07:26+00:00","og_image":[{"width":880,"height":880,"url":"https:\/\/www.hoogstra-autosport.nl\/teamkoen\/content\/uploads\/2023\/11\/armega-forecast-films-systeme-100.jpg","type":"image\/jpeg"}],"twitter_card":"summary_large_image","twitter_misc":{"Gesch\u00e4tzte Lesezeit":"1\u00a0Minute"},"schema":{"@context":"https:\/\/schema.org","@graph":[{"@type":"WebPage","@id":"https:\/\/www.hoogstra-autosport.nl\/product\/100-armega-forecast-kit\/","url":"https:\/\/www.hoogstra-autosport.nl\/product\/100-armega-forecast-kit\/","name":"100% Armega ForeCast Kit - Hoogstra Autosport","isPartOf":{"@id":"https:\/\/www.hoogstra-autosport.nl\/#website"},"primaryImageOfPage":{"@id":"https:\/\/www.hoogstra-autosport.nl\/product\/100-armega-forecast-kit\/#primaryimage"},"image":{"@id":"https:\/\/www.hoogstra-autosport.nl\/product\/100-armega-forecast-kit\/#primaryimage"},"thumbnailUrl":"https:\/\/www.hoogstra-autosport.nl\/teamkoen\/wp-content\/uploads\/2023\/11\/armega-forecast-films-systeme-100.jpg","datePublished":"2023-11-02T08:35:15+00:00","dateModified":"2025-04-17T07:07:26+00:00","breadcrumb":{"@id":"https:\/\/www.hoogstra-autosport.nl\/product\/100-armega-forecast-kit\/#breadcrumb"},"inLanguage":"de","potentialAction":[{"@type":"ReadAction","target":["https:\/\/www.hoogstra-autosport.nl\/product\/100-armega-forecast-kit\/"]}]},{"@type":"ImageObject","inLanguage":"de","@id":"https:\/\/www.hoogstra-autosport.nl\/product\/100-armega-forecast-kit\/#primaryimage","url":"https:\/\/www.hoogstra-autosport.nl\/teamkoen\/wp-content\/uploads\/2023\/11\/armega-forecast-films-systeme-100.jpg","contentUrl":"https:\/\/www.hoogstra-autosport.nl\/teamkoen\/wp-content\/uploads\/2023\/11\/armega-forecast-films-systeme-100.jpg","width":880,"height":880},{"@type":"BreadcrumbList","@id":"https:\/\/www.hoogstra-autosport.nl\/product\/100-armega-forecast-kit\/#breadcrumb","itemListElement":[{"@type":"ListItem","position":1,"name":"Home","item":"https:\/\/www.hoogstra-autosport.nl\/"},{"@type":"ListItem","position":2,"name":"Uitrusting","item":"https:\/\/www.hoogstra-autosport.nl\/product-categorie\/autosport-kleding-helmen\/"},{"@type":"ListItem","position":3,"name":"Crossbrillen","item":"https:\/\/www.hoogstra-autosport.nl\/product-categorie\/autosport-kleding-helmen\/crossbrillen\/"},{"@type":"ListItem","position":4,"name":"100% Brillen &amp; Delen","item":"https:\/\/www.hoogstra-autosport.nl\/product-categorie\/autosport-kleding-helmen\/crossbrillen\/100-brillen-delen\/"},{"@type":"ListItem","position":5,"name":"100% Armega ForeCast Kit"}]},{"@type":"WebSite","@id":"https:\/\/www.hoogstra-autosport.nl\/#website","url":"https:\/\/www.hoogstra-autosport.nl\/","name":"Hoogstra Autosport","description":"Performance Autosport Parts!","potentialAction":[{"@type":"SearchAction","target":{"@type":"EntryPoint","urlTemplate":"https:\/\/www.hoogstra-autosport.nl\/?s={search_term_string}"},"query-input":{"@type":"PropertyValueSpecification","valueRequired":true,"valueName":"search_term_string"}}],"inLanguage":"de"}]}},"tiered_pricing_type":"fixed","tiered_pricing_fixed_rules":[],"tiered_pricing_product_settings":{"layout":"default","base_unit_name":{"singular":null,"plural":null},"default_variation":null},"tiered_pricing_minimum_quantity":null,"tiered_pricing_roles_data":[],"tiered_pricing_percentage_rules":[],"tiered_pricing_maximum_quantity":null,"tiered_pricing_quantity_step":null,"_links":{"self":[{"href":"https:\/\/www.hoogstra-autosport.nl\/de\/wp-json\/wp\/v2\/product\/63454","targetHints":{"allow":["GET"]}}],"collection":[{"href":"https:\/\/www.hoogstra-autosport.nl\/de\/wp-json\/wp\/v2\/product"}],"about":[{"href":"https:\/\/www.hoogstra-autosport.nl\/de\/wp-json\/wp\/v2\/types\/product"}],"wp:featuredmedia":[{"embeddable":true,"href":"https:\/\/www.hoogstra-autosport.nl\/de\/wp-json\/wp\/v2\/media\/63455"}],"wp:attachment":[{"href":"https:\/\/www.hoogstra-autosport.nl\/de\/wp-json\/wp\/v2\/media?parent=63454"}],"wp:term":[{"taxonomy":"product_brand","embeddable":true,"href":"https:\/\/www.hoogstra-autosport.nl\/de\/wp-json\/wp\/v2\/product_brand?post=63454"},{"taxonomy":"product_cat","embeddable":true,"href":"https:\/\/www.hoogstra-autosport.nl\/de\/wp-json\/wp\/v2\/product_cat?post=63454"},{"taxonomy":"product_tag","embeddable":true,"href":"https:\/\/www.hoogstra-autosport.nl\/de\/wp-json\/wp\/v2\/product_tag?post=63454"}],"curies":[{"name":"wp","href":"https:\/\/api.w.org\/{rel}","templated":true}]}}