{"id":63261,"date":"2023-10-28T10:39:51","date_gmt":"2023-10-28T08:39:51","guid":{"rendered":"https:\/\/www.hoogstra-autosport.nl\/?post_type=product&#038;p=63261"},"modified":"2025-06-23T11:37:57","modified_gmt":"2025-06-23T09:37:57","slug":"scott-fury-wfs-blue-black","status":"publish","type":"product","link":"https:\/\/www.hoogstra-autosport.nl\/de\/produkt\/scott-fury-wfs-blue-black\/","title":{"rendered":"Scott Fury WFS Blau\/Schwarz"},"content":{"rendered":"<p>Der SCOTT Fury WFS ist mit denselben gro\u00dfartigen Funktionen ausgestattet wie der Standard-Fury. Diese aufger\u00fcstete Version kommt mit einem vorinstallierten WFS50 Abrollsystem, das ein gro\u00dfes, klares Sichtfeld auch unter den schlammigsten Bedingungen bietet. Die Buchsen k\u00f6nnen direkt auf die WORKS Stifte der Scheibe geklickt werden, was die Montage wesentlich einfacher und weniger zeitaufw\u00e4ndig macht. Die Montage ist nahezu m\u00fchelos, da kein Werkzeug erforderlich ist. Auch der Wechsel vom Abroll- zum Abrei\u00dfglas ist so einfach und schnell m\u00f6glich.<\/p>\n<p>inkl.: 2 Rollen<\/p>","protected":false},"excerpt":{"rendered":"<p>De SCOTT Fury WFS is uitgerust met dezelfde geweldige functies als de standaard Fury. Deze verbeterde versie wordt geleverd met een vooraf ge\u00efnstalleerd WFS50 roll-off-systeem, dat een groot, helder gezichtsveld biedt, zelfs in de meest modderige omstandigheden. De bussen kunnen direct op de WORKS-pinnen van de lens worden geklikt, wat de installatie ervan veel eenvoudiger [&hellip;]<\/p>\n","protected":false},"featured_media":63267,"template":"","meta":{"_acf_changed":false},"product_brand":[],"product_cat":[4183,4283],"product_tag":[],"class_list":{"0":"post-63261","1":"product","2":"type-product","3":"status-publish","4":"has-post-thumbnail","6":"product_cat-scott-brillen-delen","7":"product_cat-scott-goggle-fury","8":"product_shipping_class-4016","10":"first","11":"instock","12":"taxable","13":"shipping-taxable","14":"purchasable","15":"product-type-simple"},"acf":[],"yoast_head":"<!-- This site is optimized with the Yoast SEO plugin v27.1.1 - https:\/\/yoast.com\/product\/yoast-seo-wordpress\/ -->\n<title>Scott Fury WFS Blue\/Black - Hoogstra Autosport<\/title>\n<meta name=\"robots\" content=\"index, follow, max-snippet:-1, max-image-preview:large, max-video-preview:-1\" \/>\n<link rel=\"canonical\" href=\"https:\/\/www.hoogstra-autosport.nl\/de\/produkt\/scott-fury-wfs-blue-black\/\" \/>\n<meta property=\"og:locale\" content=\"de_DE\" \/>\n<meta property=\"og:type\" content=\"article\" \/>\n<meta property=\"og:title\" content=\"Scott Fury WFS Blue\/Black - Hoogstra Autosport\" \/>\n<meta property=\"og:description\" content=\"De SCOTT Fury WFS is uitgerust met dezelfde geweldige functies als de standaard Fury. Deze verbeterde versie wordt geleverd met een vooraf ge\u00efnstalleerd WFS50 roll-off-systeem, dat een groot, helder gezichtsveld biedt, zelfs in de meest modderige omstandigheden. De bussen kunnen direct op de WORKS-pinnen van de lens worden geklikt, wat de installatie ervan veel eenvoudiger [&hellip;]\" \/>\n<meta property=\"og:url\" content=\"https:\/\/www.hoogstra-autosport.nl\/de\/produkt\/scott-fury-wfs-blue-black\/\" \/>\n<meta property=\"og:site_name\" content=\"Hoogstra Autosport\" \/>\n<meta property=\"article:modified_time\" content=\"2025-06-23T09:37:57+00:00\" \/>\n<meta property=\"og:image\" content=\"https:\/\/www.hoogstra-autosport.nl\/teamkoen\/content\/uploads\/2023\/10\/fury-wfs-2.jpg\" \/>\n\t<meta property=\"og:image:width\" content=\"986\" \/>\n\t<meta property=\"og:image:height\" content=\"986\" \/>\n\t<meta property=\"og:image:type\" content=\"image\/jpeg\" \/>\n<meta name=\"twitter:card\" content=\"summary_large_image\" \/>\n<meta name=\"twitter:label1\" content=\"Gesch\u00e4tzte Lesezeit\" \/>\n\t<meta name=\"twitter:data1\" content=\"1\u00a0Minute\" \/>\n<script type=\"application\/ld+json\" class=\"yoast-schema-graph\">{\"@context\":\"https:\/\/schema.org\",\"@graph\":[{\"@type\":\"WebPage\",\"@id\":\"https:\/\/www.hoogstra-autosport.nl\/product\/scott-fury-wfs-blue-black\/\",\"url\":\"https:\/\/www.hoogstra-autosport.nl\/product\/scott-fury-wfs-blue-black\/\",\"name\":\"Scott Fury WFS Blue\/Black - Hoogstra Autosport\",\"isPartOf\":{\"@id\":\"https:\/\/www.hoogstra-autosport.nl\/#website\"},\"primaryImageOfPage\":{\"@id\":\"https:\/\/www.hoogstra-autosport.nl\/product\/scott-fury-wfs-blue-black\/#primaryimage\"},\"image\":{\"@id\":\"https:\/\/www.hoogstra-autosport.nl\/product\/scott-fury-wfs-blue-black\/#primaryimage\"},\"thumbnailUrl\":\"https:\/\/www.hoogstra-autosport.nl\/teamkoen\/wp-content\/uploads\/2023\/10\/fury-wfs-2.jpg\",\"datePublished\":\"2023-10-28T08:39:51+00:00\",\"dateModified\":\"2025-06-23T09:37:57+00:00\",\"breadcrumb\":{\"@id\":\"https:\/\/www.hoogstra-autosport.nl\/product\/scott-fury-wfs-blue-black\/#breadcrumb\"},\"inLanguage\":\"de\",\"potentialAction\":[{\"@type\":\"ReadAction\",\"target\":[\"https:\/\/www.hoogstra-autosport.nl\/product\/scott-fury-wfs-blue-black\/\"]}]},{\"@type\":\"ImageObject\",\"inLanguage\":\"de\",\"@id\":\"https:\/\/www.hoogstra-autosport.nl\/product\/scott-fury-wfs-blue-black\/#primaryimage\",\"url\":\"https:\/\/www.hoogstra-autosport.nl\/teamkoen\/wp-content\/uploads\/2023\/10\/fury-wfs-2.jpg\",\"contentUrl\":\"https:\/\/www.hoogstra-autosport.nl\/teamkoen\/wp-content\/uploads\/2023\/10\/fury-wfs-2.jpg\",\"width\":986,\"height\":986},{\"@type\":\"BreadcrumbList\",\"@id\":\"https:\/\/www.hoogstra-autosport.nl\/product\/scott-fury-wfs-blue-black\/#breadcrumb\",\"itemListElement\":[{\"@type\":\"ListItem\",\"position\":1,\"name\":\"Home\",\"item\":\"https:\/\/www.hoogstra-autosport.nl\/\"},{\"@type\":\"ListItem\",\"position\":2,\"name\":\"Uitrusting\",\"item\":\"https:\/\/www.hoogstra-autosport.nl\/product-categorie\/autosport-kleding-helmen\/\"},{\"@type\":\"ListItem\",\"position\":3,\"name\":\"Crossbrillen\",\"item\":\"https:\/\/www.hoogstra-autosport.nl\/product-categorie\/autosport-kleding-helmen\/crossbrillen\/\"},{\"@type\":\"ListItem\",\"position\":4,\"name\":\"Scott Brillen &amp; Delen\",\"item\":\"https:\/\/www.hoogstra-autosport.nl\/product-categorie\/autosport-kleding-helmen\/crossbrillen\/scott-brillen-delen\/\"},{\"@type\":\"ListItem\",\"position\":5,\"name\":\"Scott Goggle Fury\",\"item\":\"https:\/\/www.hoogstra-autosport.nl\/product-categorie\/autosport-kleding-helmen\/crossbrillen\/scott-brillen-delen\/scott-goggle-fury\/\"},{\"@type\":\"ListItem\",\"position\":6,\"name\":\"Scott Fury WFS Blue\/Black\"}]},{\"@type\":\"WebSite\",\"@id\":\"https:\/\/www.hoogstra-autosport.nl\/#website\",\"url\":\"https:\/\/www.hoogstra-autosport.nl\/\",\"name\":\"Hoogstra Autosport\",\"description\":\"Performance Autosport Parts!\",\"potentialAction\":[{\"@type\":\"SearchAction\",\"target\":{\"@type\":\"EntryPoint\",\"urlTemplate\":\"https:\/\/www.hoogstra-autosport.nl\/?s={search_term_string}\"},\"query-input\":{\"@type\":\"PropertyValueSpecification\",\"valueRequired\":true,\"valueName\":\"search_term_string\"}}],\"inLanguage\":\"de\"}]}<\/script>\n<!-- \/ Yoast SEO plugin. -->","yoast_head_json":{"title":"Scott Fury WFS Blue\/Black - Hoogstra Autosport","robots":{"index":"index","follow":"follow","max-snippet":"max-snippet:-1","max-image-preview":"max-image-preview:large","max-video-preview":"max-video-preview:-1"},"canonical":"https:\/\/www.hoogstra-autosport.nl\/de\/produkt\/scott-fury-wfs-blue-black\/","og_locale":"de_DE","og_type":"article","og_title":"Scott Fury WFS Blue\/Black - Hoogstra Autosport","og_description":"De SCOTT Fury WFS is uitgerust met dezelfde geweldige functies als de standaard Fury. Deze verbeterde versie wordt geleverd met een vooraf ge\u00efnstalleerd WFS50 roll-off-systeem, dat een groot, helder gezichtsveld biedt, zelfs in de meest modderige omstandigheden. De bussen kunnen direct op de WORKS-pinnen van de lens worden geklikt, wat de installatie ervan veel eenvoudiger [&hellip;]","og_url":"https:\/\/www.hoogstra-autosport.nl\/de\/produkt\/scott-fury-wfs-blue-black\/","og_site_name":"Hoogstra Autosport","article_modified_time":"2025-06-23T09:37:57+00:00","og_image":[{"width":986,"height":986,"url":"https:\/\/www.hoogstra-autosport.nl\/teamkoen\/content\/uploads\/2023\/10\/fury-wfs-2.jpg","type":"image\/jpeg"}],"twitter_card":"summary_large_image","twitter_misc":{"Gesch\u00e4tzte Lesezeit":"1\u00a0Minute"},"schema":{"@context":"https:\/\/schema.org","@graph":[{"@type":"WebPage","@id":"https:\/\/www.hoogstra-autosport.nl\/product\/scott-fury-wfs-blue-black\/","url":"https:\/\/www.hoogstra-autosport.nl\/product\/scott-fury-wfs-blue-black\/","name":"Scott Fury WFS Blue\/Black - Hoogstra Autosport","isPartOf":{"@id":"https:\/\/www.hoogstra-autosport.nl\/#website"},"primaryImageOfPage":{"@id":"https:\/\/www.hoogstra-autosport.nl\/product\/scott-fury-wfs-blue-black\/#primaryimage"},"image":{"@id":"https:\/\/www.hoogstra-autosport.nl\/product\/scott-fury-wfs-blue-black\/#primaryimage"},"thumbnailUrl":"https:\/\/www.hoogstra-autosport.nl\/teamkoen\/wp-content\/uploads\/2023\/10\/fury-wfs-2.jpg","datePublished":"2023-10-28T08:39:51+00:00","dateModified":"2025-06-23T09:37:57+00:00","breadcrumb":{"@id":"https:\/\/www.hoogstra-autosport.nl\/product\/scott-fury-wfs-blue-black\/#breadcrumb"},"inLanguage":"de","potentialAction":[{"@type":"ReadAction","target":["https:\/\/www.hoogstra-autosport.nl\/product\/scott-fury-wfs-blue-black\/"]}]},{"@type":"ImageObject","inLanguage":"de","@id":"https:\/\/www.hoogstra-autosport.nl\/product\/scott-fury-wfs-blue-black\/#primaryimage","url":"https:\/\/www.hoogstra-autosport.nl\/teamkoen\/wp-content\/uploads\/2023\/10\/fury-wfs-2.jpg","contentUrl":"https:\/\/www.hoogstra-autosport.nl\/teamkoen\/wp-content\/uploads\/2023\/10\/fury-wfs-2.jpg","width":986,"height":986},{"@type":"BreadcrumbList","@id":"https:\/\/www.hoogstra-autosport.nl\/product\/scott-fury-wfs-blue-black\/#breadcrumb","itemListElement":[{"@type":"ListItem","position":1,"name":"Home","item":"https:\/\/www.hoogstra-autosport.nl\/"},{"@type":"ListItem","position":2,"name":"Uitrusting","item":"https:\/\/www.hoogstra-autosport.nl\/product-categorie\/autosport-kleding-helmen\/"},{"@type":"ListItem","position":3,"name":"Crossbrillen","item":"https:\/\/www.hoogstra-autosport.nl\/product-categorie\/autosport-kleding-helmen\/crossbrillen\/"},{"@type":"ListItem","position":4,"name":"Scott Brillen &amp; Delen","item":"https:\/\/www.hoogstra-autosport.nl\/product-categorie\/autosport-kleding-helmen\/crossbrillen\/scott-brillen-delen\/"},{"@type":"ListItem","position":5,"name":"Scott Goggle Fury","item":"https:\/\/www.hoogstra-autosport.nl\/product-categorie\/autosport-kleding-helmen\/crossbrillen\/scott-brillen-delen\/scott-goggle-fury\/"},{"@type":"ListItem","position":6,"name":"Scott Fury WFS Blue\/Black"}]},{"@type":"WebSite","@id":"https:\/\/www.hoogstra-autosport.nl\/#website","url":"https:\/\/www.hoogstra-autosport.nl\/","name":"Hoogstra Autosport","description":"Performance Autosport Parts!","potentialAction":[{"@type":"SearchAction","target":{"@type":"EntryPoint","urlTemplate":"https:\/\/www.hoogstra-autosport.nl\/?s={search_term_string}"},"query-input":{"@type":"PropertyValueSpecification","valueRequired":true,"valueName":"search_term_string"}}],"inLanguage":"de"}]}},"tiered_pricing_type":"fixed","tiered_pricing_fixed_rules":[],"tiered_pricing_product_settings":{"layout":"default","base_unit_name":{"singular":null,"plural":null},"default_variation":null},"tiered_pricing_minimum_quantity":null,"tiered_pricing_roles_data":[],"tiered_pricing_percentage_rules":[],"tiered_pricing_maximum_quantity":null,"tiered_pricing_quantity_step":null,"_links":{"self":[{"href":"https:\/\/www.hoogstra-autosport.nl\/de\/wp-json\/wp\/v2\/product\/63261","targetHints":{"allow":["GET"]}}],"collection":[{"href":"https:\/\/www.hoogstra-autosport.nl\/de\/wp-json\/wp\/v2\/product"}],"about":[{"href":"https:\/\/www.hoogstra-autosport.nl\/de\/wp-json\/wp\/v2\/types\/product"}],"wp:featuredmedia":[{"embeddable":true,"href":"https:\/\/www.hoogstra-autosport.nl\/de\/wp-json\/wp\/v2\/media\/63267"}],"wp:attachment":[{"href":"https:\/\/www.hoogstra-autosport.nl\/de\/wp-json\/wp\/v2\/media?parent=63261"}],"wp:term":[{"taxonomy":"product_brand","embeddable":true,"href":"https:\/\/www.hoogstra-autosport.nl\/de\/wp-json\/wp\/v2\/product_brand?post=63261"},{"taxonomy":"product_cat","embeddable":true,"href":"https:\/\/www.hoogstra-autosport.nl\/de\/wp-json\/wp\/v2\/product_cat?post=63261"},{"taxonomy":"product_tag","embeddable":true,"href":"https:\/\/www.hoogstra-autosport.nl\/de\/wp-json\/wp\/v2\/product_tag?post=63261"}],"curies":[{"name":"wp","href":"https:\/\/api.w.org\/{rel}","templated":true}]}}