{"id":62498,"date":"2023-10-11T09:19:16","date_gmt":"2023-10-11T07:19:16","guid":{"rendered":"https:\/\/www.hoogstra-autosport.nl\/?post_type=product&#038;p=62498"},"modified":"2024-01-20T13:20:44","modified_gmt":"2024-01-20T12:20:44","slug":"verloopnippel-m18-m14","status":"publish","type":"product","link":"https:\/\/www.hoogstra-autosport.nl\/de\/produkt\/verloopnippel-m18-m14\/","title":{"rendered":"Reduziernippel M18 - M14"},"content":{"rendered":"<p>Reduziernippel M18 auf M14<\/p>\n<p>&nbsp;<\/p>\n<p>L\u00e4nge : 33mm<\/p>\n<p>metrisches Gewinde<\/p>\n<p>verzinkt<\/p>\n<p>280 bar<\/p>\n<p>Abdichtung durch Ring oder Kegel<\/p>\n<p>Schraubenschl\u00fcssel Gr\u00f6\u00dfe 24mm<\/p>\n<p>&nbsp;<\/p>","protected":false},"excerpt":{"rendered":"<p>Verloop nippel M18 naar M14 &nbsp; lengte : 33mm metrisch draad verzinkt 280 bar afdichting door ring of conus sleutelwijdte 24mm &nbsp;<\/p>","protected":false},"featured_media":62492,"template":"","meta":{"_acf_changed":false},"product_brand":[],"product_cat":[3846,4235],"product_tag":[],"class_list":{"0":"post-62498","1":"product","2":"type-product","3":"status-publish","4":"has-post-thumbnail","6":"product_cat-brandstof-pompen-toebehoren","7":"product_cat-schmitter","8":"product_shipping_class-4016","10":"first","11":"instock","12":"taxable","13":"shipping-taxable","14":"purchasable","15":"product-type-simple"},"acf":[],"yoast_head":"<!-- This site is optimized with the Yoast SEO plugin v27.1.1 - https:\/\/yoast.com\/product\/yoast-seo-wordpress\/ -->\n<title>Verloopnippel M18 - M14 - Hoogstra Autosport<\/title>\n<meta name=\"robots\" content=\"index, follow, max-snippet:-1, max-image-preview:large, max-video-preview:-1\" \/>\n<link rel=\"canonical\" href=\"https:\/\/www.hoogstra-autosport.nl\/de\/produkt\/verloopnippel-m18-m14\/\" \/>\n<meta property=\"og:locale\" content=\"de_DE\" \/>\n<meta property=\"og:type\" content=\"article\" \/>\n<meta property=\"og:title\" content=\"Verloopnippel M18 - M14 - Hoogstra Autosport\" \/>\n<meta property=\"og:description\" content=\"Verloop nippel M18 naar M14 &nbsp; lengte : 33mm metrisch draad verzinkt 280 bar afdichting door ring of conus sleutelwijdte 24mm &nbsp;\" \/>\n<meta property=\"og:url\" content=\"https:\/\/www.hoogstra-autosport.nl\/de\/produkt\/verloopnippel-m18-m14\/\" \/>\n<meta property=\"og:site_name\" content=\"Hoogstra Autosport\" \/>\n<meta property=\"article:modified_time\" content=\"2024-01-20T12:20:44+00:00\" \/>\n<meta property=\"og:image\" content=\"https:\/\/www.hoogstra-autosport.nl\/teamkoen\/content\/uploads\/2023\/10\/coupling_vnb1608.jpg\" \/>\n\t<meta property=\"og:image:width\" content=\"300\" \/>\n\t<meta property=\"og:image:height\" content=\"300\" \/>\n\t<meta property=\"og:image:type\" content=\"image\/jpeg\" \/>\n<meta name=\"twitter:card\" content=\"summary_large_image\" \/>\n<meta name=\"twitter:label1\" content=\"Gesch\u00e4tzte Lesezeit\" \/>\n\t<meta name=\"twitter:data1\" content=\"1\u00a0Minute\" \/>\n<script type=\"application\/ld+json\" class=\"yoast-schema-graph\">{\"@context\":\"https:\/\/schema.org\",\"@graph\":[{\"@type\":\"WebPage\",\"@id\":\"https:\/\/www.hoogstra-autosport.nl\/product\/verloopnippel-m18-m14\/\",\"url\":\"https:\/\/www.hoogstra-autosport.nl\/product\/verloopnippel-m18-m14\/\",\"name\":\"Verloopnippel M18 - M14 - Hoogstra Autosport\",\"isPartOf\":{\"@id\":\"https:\/\/www.hoogstra-autosport.nl\/#website\"},\"primaryImageOfPage\":{\"@id\":\"https:\/\/www.hoogstra-autosport.nl\/product\/verloopnippel-m18-m14\/#primaryimage\"},\"image\":{\"@id\":\"https:\/\/www.hoogstra-autosport.nl\/product\/verloopnippel-m18-m14\/#primaryimage\"},\"thumbnailUrl\":\"https:\/\/www.hoogstra-autosport.nl\/teamkoen\/wp-content\/uploads\/2023\/10\/coupling_vnb1608.jpg\",\"datePublished\":\"2023-10-11T07:19:16+00:00\",\"dateModified\":\"2024-01-20T12:20:44+00:00\",\"breadcrumb\":{\"@id\":\"https:\/\/www.hoogstra-autosport.nl\/product\/verloopnippel-m18-m14\/#breadcrumb\"},\"inLanguage\":\"de\",\"potentialAction\":[{\"@type\":\"ReadAction\",\"target\":[\"https:\/\/www.hoogstra-autosport.nl\/product\/verloopnippel-m18-m14\/\"]}]},{\"@type\":\"ImageObject\",\"inLanguage\":\"de\",\"@id\":\"https:\/\/www.hoogstra-autosport.nl\/product\/verloopnippel-m18-m14\/#primaryimage\",\"url\":\"https:\/\/www.hoogstra-autosport.nl\/teamkoen\/wp-content\/uploads\/2023\/10\/coupling_vnb1608.jpg\",\"contentUrl\":\"https:\/\/www.hoogstra-autosport.nl\/teamkoen\/wp-content\/uploads\/2023\/10\/coupling_vnb1608.jpg\",\"width\":300,\"height\":300},{\"@type\":\"BreadcrumbList\",\"@id\":\"https:\/\/www.hoogstra-autosport.nl\/product\/verloopnippel-m18-m14\/#breadcrumb\",\"itemListElement\":[{\"@type\":\"ListItem\",\"position\":1,\"name\":\"Home\",\"item\":\"https:\/\/www.hoogstra-autosport.nl\/\"},{\"@type\":\"ListItem\",\"position\":2,\"name\":\"Brandstof Systeem\",\"item\":\"https:\/\/www.hoogstra-autosport.nl\/product-categorie\/brandstof-systeem-2\/\"},{\"@type\":\"ListItem\",\"position\":3,\"name\":\"Brandstof Nippels &amp; Verlopen\",\"item\":\"https:\/\/www.hoogstra-autosport.nl\/product-categorie\/brandstof-systeem-2\/brandstof-toebehoren\/\"},{\"@type\":\"ListItem\",\"position\":4,\"name\":\"Diverse Nippels &amp; Verbinders\",\"item\":\"https:\/\/www.hoogstra-autosport.nl\/product-categorie\/brandstof-systeem-2\/brandstof-toebehoren\/brandstof-pompen-toebehoren\/\"},{\"@type\":\"ListItem\",\"position\":5,\"name\":\"Verloopnippel M18 &#8211; M14\"}]},{\"@type\":\"WebSite\",\"@id\":\"https:\/\/www.hoogstra-autosport.nl\/#website\",\"url\":\"https:\/\/www.hoogstra-autosport.nl\/\",\"name\":\"Hoogstra Autosport\",\"description\":\"Performance Autosport Parts!\",\"potentialAction\":[{\"@type\":\"SearchAction\",\"target\":{\"@type\":\"EntryPoint\",\"urlTemplate\":\"https:\/\/www.hoogstra-autosport.nl\/?s={search_term_string}\"},\"query-input\":{\"@type\":\"PropertyValueSpecification\",\"valueRequired\":true,\"valueName\":\"search_term_string\"}}],\"inLanguage\":\"de\"}]}<\/script>\n<!-- \/ Yoast SEO plugin. -->","yoast_head_json":{"title":"Verloopnippel M18 - M14 - Hoogstra Autosport","robots":{"index":"index","follow":"follow","max-snippet":"max-snippet:-1","max-image-preview":"max-image-preview:large","max-video-preview":"max-video-preview:-1"},"canonical":"https:\/\/www.hoogstra-autosport.nl\/de\/produkt\/verloopnippel-m18-m14\/","og_locale":"de_DE","og_type":"article","og_title":"Verloopnippel M18 - M14 - Hoogstra Autosport","og_description":"Verloop nippel M18 naar M14 &nbsp; lengte : 33mm metrisch draad verzinkt 280 bar afdichting door ring of conus sleutelwijdte 24mm &nbsp;","og_url":"https:\/\/www.hoogstra-autosport.nl\/de\/produkt\/verloopnippel-m18-m14\/","og_site_name":"Hoogstra Autosport","article_modified_time":"2024-01-20T12:20:44+00:00","og_image":[{"width":300,"height":300,"url":"https:\/\/www.hoogstra-autosport.nl\/teamkoen\/content\/uploads\/2023\/10\/coupling_vnb1608.jpg","type":"image\/jpeg"}],"twitter_card":"summary_large_image","twitter_misc":{"Gesch\u00e4tzte Lesezeit":"1\u00a0Minute"},"schema":{"@context":"https:\/\/schema.org","@graph":[{"@type":"WebPage","@id":"https:\/\/www.hoogstra-autosport.nl\/product\/verloopnippel-m18-m14\/","url":"https:\/\/www.hoogstra-autosport.nl\/product\/verloopnippel-m18-m14\/","name":"Verloopnippel M18 - M14 - Hoogstra Autosport","isPartOf":{"@id":"https:\/\/www.hoogstra-autosport.nl\/#website"},"primaryImageOfPage":{"@id":"https:\/\/www.hoogstra-autosport.nl\/product\/verloopnippel-m18-m14\/#primaryimage"},"image":{"@id":"https:\/\/www.hoogstra-autosport.nl\/product\/verloopnippel-m18-m14\/#primaryimage"},"thumbnailUrl":"https:\/\/www.hoogstra-autosport.nl\/teamkoen\/wp-content\/uploads\/2023\/10\/coupling_vnb1608.jpg","datePublished":"2023-10-11T07:19:16+00:00","dateModified":"2024-01-20T12:20:44+00:00","breadcrumb":{"@id":"https:\/\/www.hoogstra-autosport.nl\/product\/verloopnippel-m18-m14\/#breadcrumb"},"inLanguage":"de","potentialAction":[{"@type":"ReadAction","target":["https:\/\/www.hoogstra-autosport.nl\/product\/verloopnippel-m18-m14\/"]}]},{"@type":"ImageObject","inLanguage":"de","@id":"https:\/\/www.hoogstra-autosport.nl\/product\/verloopnippel-m18-m14\/#primaryimage","url":"https:\/\/www.hoogstra-autosport.nl\/teamkoen\/wp-content\/uploads\/2023\/10\/coupling_vnb1608.jpg","contentUrl":"https:\/\/www.hoogstra-autosport.nl\/teamkoen\/wp-content\/uploads\/2023\/10\/coupling_vnb1608.jpg","width":300,"height":300},{"@type":"BreadcrumbList","@id":"https:\/\/www.hoogstra-autosport.nl\/product\/verloopnippel-m18-m14\/#breadcrumb","itemListElement":[{"@type":"ListItem","position":1,"name":"Home","item":"https:\/\/www.hoogstra-autosport.nl\/"},{"@type":"ListItem","position":2,"name":"Brandstof Systeem","item":"https:\/\/www.hoogstra-autosport.nl\/product-categorie\/brandstof-systeem-2\/"},{"@type":"ListItem","position":3,"name":"Brandstof Nippels &amp; Verlopen","item":"https:\/\/www.hoogstra-autosport.nl\/product-categorie\/brandstof-systeem-2\/brandstof-toebehoren\/"},{"@type":"ListItem","position":4,"name":"Diverse Nippels &amp; Verbinders","item":"https:\/\/www.hoogstra-autosport.nl\/product-categorie\/brandstof-systeem-2\/brandstof-toebehoren\/brandstof-pompen-toebehoren\/"},{"@type":"ListItem","position":5,"name":"Verloopnippel M18 &#8211; M14"}]},{"@type":"WebSite","@id":"https:\/\/www.hoogstra-autosport.nl\/#website","url":"https:\/\/www.hoogstra-autosport.nl\/","name":"Hoogstra Autosport","description":"Performance Autosport Parts!","potentialAction":[{"@type":"SearchAction","target":{"@type":"EntryPoint","urlTemplate":"https:\/\/www.hoogstra-autosport.nl\/?s={search_term_string}"},"query-input":{"@type":"PropertyValueSpecification","valueRequired":true,"valueName":"search_term_string"}}],"inLanguage":"de"}]}},"tiered_pricing_type":"fixed","tiered_pricing_fixed_rules":[],"tiered_pricing_product_settings":{"layout":"default","base_unit_name":{"singular":null,"plural":null},"default_variation":null},"tiered_pricing_minimum_quantity":null,"tiered_pricing_roles_data":[],"tiered_pricing_percentage_rules":[],"tiered_pricing_maximum_quantity":null,"tiered_pricing_quantity_step":null,"_links":{"self":[{"href":"https:\/\/www.hoogstra-autosport.nl\/de\/wp-json\/wp\/v2\/product\/62498","targetHints":{"allow":["GET"]}}],"collection":[{"href":"https:\/\/www.hoogstra-autosport.nl\/de\/wp-json\/wp\/v2\/product"}],"about":[{"href":"https:\/\/www.hoogstra-autosport.nl\/de\/wp-json\/wp\/v2\/types\/product"}],"wp:featuredmedia":[{"embeddable":true,"href":"https:\/\/www.hoogstra-autosport.nl\/de\/wp-json\/wp\/v2\/media\/62492"}],"wp:attachment":[{"href":"https:\/\/www.hoogstra-autosport.nl\/de\/wp-json\/wp\/v2\/media?parent=62498"}],"wp:term":[{"taxonomy":"product_brand","embeddable":true,"href":"https:\/\/www.hoogstra-autosport.nl\/de\/wp-json\/wp\/v2\/product_brand?post=62498"},{"taxonomy":"product_cat","embeddable":true,"href":"https:\/\/www.hoogstra-autosport.nl\/de\/wp-json\/wp\/v2\/product_cat?post=62498"},{"taxonomy":"product_tag","embeddable":true,"href":"https:\/\/www.hoogstra-autosport.nl\/de\/wp-json\/wp\/v2\/product_tag?post=62498"}],"curies":[{"name":"wp","href":"https:\/\/api.w.org\/{rel}","templated":true}]}}