{"id":62361,"date":"2023-10-05T09:31:31","date_gmt":"2023-10-05T07:31:31","guid":{"rendered":"https:\/\/www.hoogstra-autosport.nl\/?post_type=product&#038;p=62361"},"modified":"2024-01-20T13:20:37","modified_gmt":"2024-01-20T12:20:37","slug":"tube-coupler-45-mm","status":"publish","type":"product","link":"https:\/\/www.hoogstra-autosport.nl\/de\/produkt\/tube-coupler-45-mm\/","title":{"rendered":"ROHRKUPPLUNG 45 MM"},"content":{"rendered":"<p>Diese Rohrkupplungen sind f\u00fcr eine starke und perfekte L\u00f6sung in Situationen konzipiert, in denen\u00a0<a title=\"Rohre\" href=\"https:\/\/chassisparts.com\/nl-nl\/buizen\" target=\"_self\" rel=\"noopener\">R\u00f6hren<\/a>\u00a0sollte noch abnehmbar sein. Dieses Produkt wird durch Schwei\u00dfen, beidseitiges Schwei\u00dfen mit MIG oder WIG im Rohr installiert. Eine Kupplung verbindet ein Rohr. Geeignet f\u00fcr Rohr 25\u00d71,5 \/ 30\u00d72,0 \/ 35\u00d72,0 \/ 40\u00d72,0 mm 4 Gr\u00f6\u00dfen zur Auswahl. CNC-gefr\u00e4st. Befestigung mit 2 Schrauben (eine pro Seite).<\/p>","protected":false},"excerpt":{"rendered":"<p>Deze buiskoppelingen zijn ontworpen voor een sterke en perfecte oplossing in situaties waar\u00a0buizen\u00a0nog los te koppelen dienen te zijn. Dit product word door lassen geplaatst, aan beide zijden lassen met MIG of TIG in de buis. E\u00e9n koppeling koppelt \u00e9\u00e9n buis. Geschikt voor buis 25&#215;1,5 \/ 30&#215;2,0 \/ 35&#215;2,0 \/ 40&#215;2,0 mm 4 maten om [&hellip;]<\/p>\n","protected":false},"featured_media":62076,"template":"","meta":{"_acf_changed":false},"product_brand":[],"product_cat":[4208,2694],"product_tag":[],"class_list":{"0":"post-62361","1":"product","2":"type-product","3":"status-publish","4":"has-post-thumbnail","6":"product_cat-chassisparts","7":"product_cat-veiligheidskooi-delen","8":"product_shipping_class-4016","10":"first","11":"instock","12":"taxable","13":"shipping-taxable","14":"purchasable","15":"product-type-simple"},"acf":[],"yoast_head":"<!-- This site is optimized with the Yoast SEO plugin v27.1.1 - https:\/\/yoast.com\/product\/yoast-seo-wordpress\/ -->\n<title>TUBE COUPLER 45 MM - Hoogstra Autosport<\/title>\n<meta name=\"robots\" content=\"index, follow, max-snippet:-1, max-image-preview:large, max-video-preview:-1\" \/>\n<link rel=\"canonical\" href=\"https:\/\/www.hoogstra-autosport.nl\/de\/produkt\/tube-coupler-45-mm\/\" \/>\n<meta property=\"og:locale\" content=\"de_DE\" \/>\n<meta property=\"og:type\" content=\"article\" \/>\n<meta property=\"og:title\" content=\"TUBE COUPLER 45 MM - Hoogstra Autosport\" \/>\n<meta property=\"og:description\" content=\"Deze buiskoppelingen zijn ontworpen voor een sterke en perfecte oplossing in situaties waar\u00a0buizen\u00a0nog los te koppelen dienen te zijn. Dit product word door lassen geplaatst, aan beide zijden lassen met MIG of TIG in de buis. E\u00e9n koppeling koppelt \u00e9\u00e9n buis. Geschikt voor buis 25&#215;1,5 \/ 30&#215;2,0 \/ 35&#215;2,0 \/ 40&#215;2,0 mm 4 maten om [&hellip;]\" \/>\n<meta property=\"og:url\" content=\"https:\/\/www.hoogstra-autosport.nl\/de\/produkt\/tube-coupler-45-mm\/\" \/>\n<meta property=\"og:site_name\" content=\"Hoogstra Autosport\" \/>\n<meta property=\"article:modified_time\" content=\"2024-01-20T12:20:37+00:00\" \/>\n<meta property=\"og:image\" content=\"https:\/\/hoogstra-autosport.nl\/teamkoen\/content\/uploads\/2023\/09\/couler.jpg\" \/>\n\t<meta property=\"og:image:width\" content=\"986\" \/>\n\t<meta property=\"og:image:height\" content=\"986\" \/>\n\t<meta property=\"og:image:type\" content=\"image\/jpeg\" \/>\n<meta name=\"twitter:card\" content=\"summary_large_image\" \/>\n<meta name=\"twitter:label1\" content=\"Gesch\u00e4tzte Lesezeit\" \/>\n\t<meta name=\"twitter:data1\" content=\"1\u00a0Minute\" \/>\n<script type=\"application\/ld+json\" class=\"yoast-schema-graph\">{\"@context\":\"https:\/\/schema.org\",\"@graph\":[{\"@type\":\"WebPage\",\"@id\":\"https:\/\/www.hoogstra-autosport.nl\/product\/tube-coupler-45-mm\/\",\"url\":\"https:\/\/www.hoogstra-autosport.nl\/product\/tube-coupler-45-mm\/\",\"name\":\"TUBE COUPLER 45 MM - Hoogstra Autosport\",\"isPartOf\":{\"@id\":\"https:\/\/www.hoogstra-autosport.nl\/#website\"},\"primaryImageOfPage\":{\"@id\":\"https:\/\/www.hoogstra-autosport.nl\/product\/tube-coupler-45-mm\/#primaryimage\"},\"image\":{\"@id\":\"https:\/\/www.hoogstra-autosport.nl\/product\/tube-coupler-45-mm\/#primaryimage\"},\"thumbnailUrl\":\"https:\/\/www.hoogstra-autosport.nl\/teamkoen\/wp-content\/uploads\/2023\/09\/couler.jpg\",\"datePublished\":\"2023-10-05T07:31:31+00:00\",\"dateModified\":\"2024-01-20T12:20:37+00:00\",\"breadcrumb\":{\"@id\":\"https:\/\/www.hoogstra-autosport.nl\/product\/tube-coupler-45-mm\/#breadcrumb\"},\"inLanguage\":\"de\",\"potentialAction\":[{\"@type\":\"ReadAction\",\"target\":[\"https:\/\/www.hoogstra-autosport.nl\/product\/tube-coupler-45-mm\/\"]}]},{\"@type\":\"ImageObject\",\"inLanguage\":\"de\",\"@id\":\"https:\/\/www.hoogstra-autosport.nl\/product\/tube-coupler-45-mm\/#primaryimage\",\"url\":\"https:\/\/www.hoogstra-autosport.nl\/teamkoen\/wp-content\/uploads\/2023\/09\/couler.jpg\",\"contentUrl\":\"https:\/\/www.hoogstra-autosport.nl\/teamkoen\/wp-content\/uploads\/2023\/09\/couler.jpg\",\"width\":986,\"height\":986},{\"@type\":\"BreadcrumbList\",\"@id\":\"https:\/\/www.hoogstra-autosport.nl\/product\/tube-coupler-45-mm\/#breadcrumb\",\"itemListElement\":[{\"@type\":\"ListItem\",\"position\":1,\"name\":\"Home\",\"item\":\"https:\/\/www.hoogstra-autosport.nl\/\"},{\"@type\":\"ListItem\",\"position\":2,\"name\":\"Carrosserie\",\"item\":\"https:\/\/www.hoogstra-autosport.nl\/product-categorie\/carroserie-bevestiging\/\"},{\"@type\":\"ListItem\",\"position\":3,\"name\":\"Veiligheidskooi delen\",\"item\":\"https:\/\/www.hoogstra-autosport.nl\/product-categorie\/carroserie-bevestiging\/veiligheidskooi-delen\/\"},{\"@type\":\"ListItem\",\"position\":4,\"name\":\"TUBE COUPLER 45 MM\"}]},{\"@type\":\"WebSite\",\"@id\":\"https:\/\/www.hoogstra-autosport.nl\/#website\",\"url\":\"https:\/\/www.hoogstra-autosport.nl\/\",\"name\":\"Hoogstra Autosport\",\"description\":\"Performance Autosport Parts!\",\"potentialAction\":[{\"@type\":\"SearchAction\",\"target\":{\"@type\":\"EntryPoint\",\"urlTemplate\":\"https:\/\/www.hoogstra-autosport.nl\/?s={search_term_string}\"},\"query-input\":{\"@type\":\"PropertyValueSpecification\",\"valueRequired\":true,\"valueName\":\"search_term_string\"}}],\"inLanguage\":\"de\"}]}<\/script>\n<!-- \/ Yoast SEO plugin. -->","yoast_head_json":{"title":"TUBE COUPLER 45 MM - Hoogstra Autosport","robots":{"index":"index","follow":"follow","max-snippet":"max-snippet:-1","max-image-preview":"max-image-preview:large","max-video-preview":"max-video-preview:-1"},"canonical":"https:\/\/www.hoogstra-autosport.nl\/de\/produkt\/tube-coupler-45-mm\/","og_locale":"de_DE","og_type":"article","og_title":"TUBE COUPLER 45 MM - Hoogstra Autosport","og_description":"Deze buiskoppelingen zijn ontworpen voor een sterke en perfecte oplossing in situaties waar\u00a0buizen\u00a0nog los te koppelen dienen te zijn. Dit product word door lassen geplaatst, aan beide zijden lassen met MIG of TIG in de buis. E\u00e9n koppeling koppelt \u00e9\u00e9n buis. Geschikt voor buis 25&#215;1,5 \/ 30&#215;2,0 \/ 35&#215;2,0 \/ 40&#215;2,0 mm 4 maten om [&hellip;]","og_url":"https:\/\/www.hoogstra-autosport.nl\/de\/produkt\/tube-coupler-45-mm\/","og_site_name":"Hoogstra Autosport","article_modified_time":"2024-01-20T12:20:37+00:00","og_image":[{"width":986,"height":986,"url":"https:\/\/hoogstra-autosport.nl\/teamkoen\/content\/uploads\/2023\/09\/couler.jpg","type":"image\/jpeg"}],"twitter_card":"summary_large_image","twitter_misc":{"Gesch\u00e4tzte Lesezeit":"1\u00a0Minute"},"schema":{"@context":"https:\/\/schema.org","@graph":[{"@type":"WebPage","@id":"https:\/\/www.hoogstra-autosport.nl\/product\/tube-coupler-45-mm\/","url":"https:\/\/www.hoogstra-autosport.nl\/product\/tube-coupler-45-mm\/","name":"TUBE COUPLER 45 MM - Hoogstra Autosport","isPartOf":{"@id":"https:\/\/www.hoogstra-autosport.nl\/#website"},"primaryImageOfPage":{"@id":"https:\/\/www.hoogstra-autosport.nl\/product\/tube-coupler-45-mm\/#primaryimage"},"image":{"@id":"https:\/\/www.hoogstra-autosport.nl\/product\/tube-coupler-45-mm\/#primaryimage"},"thumbnailUrl":"https:\/\/www.hoogstra-autosport.nl\/teamkoen\/wp-content\/uploads\/2023\/09\/couler.jpg","datePublished":"2023-10-05T07:31:31+00:00","dateModified":"2024-01-20T12:20:37+00:00","breadcrumb":{"@id":"https:\/\/www.hoogstra-autosport.nl\/product\/tube-coupler-45-mm\/#breadcrumb"},"inLanguage":"de","potentialAction":[{"@type":"ReadAction","target":["https:\/\/www.hoogstra-autosport.nl\/product\/tube-coupler-45-mm\/"]}]},{"@type":"ImageObject","inLanguage":"de","@id":"https:\/\/www.hoogstra-autosport.nl\/product\/tube-coupler-45-mm\/#primaryimage","url":"https:\/\/www.hoogstra-autosport.nl\/teamkoen\/wp-content\/uploads\/2023\/09\/couler.jpg","contentUrl":"https:\/\/www.hoogstra-autosport.nl\/teamkoen\/wp-content\/uploads\/2023\/09\/couler.jpg","width":986,"height":986},{"@type":"BreadcrumbList","@id":"https:\/\/www.hoogstra-autosport.nl\/product\/tube-coupler-45-mm\/#breadcrumb","itemListElement":[{"@type":"ListItem","position":1,"name":"Home","item":"https:\/\/www.hoogstra-autosport.nl\/"},{"@type":"ListItem","position":2,"name":"Carrosserie","item":"https:\/\/www.hoogstra-autosport.nl\/product-categorie\/carroserie-bevestiging\/"},{"@type":"ListItem","position":3,"name":"Veiligheidskooi delen","item":"https:\/\/www.hoogstra-autosport.nl\/product-categorie\/carroserie-bevestiging\/veiligheidskooi-delen\/"},{"@type":"ListItem","position":4,"name":"TUBE COUPLER 45 MM"}]},{"@type":"WebSite","@id":"https:\/\/www.hoogstra-autosport.nl\/#website","url":"https:\/\/www.hoogstra-autosport.nl\/","name":"Hoogstra Autosport","description":"Performance Autosport Parts!","potentialAction":[{"@type":"SearchAction","target":{"@type":"EntryPoint","urlTemplate":"https:\/\/www.hoogstra-autosport.nl\/?s={search_term_string}"},"query-input":{"@type":"PropertyValueSpecification","valueRequired":true,"valueName":"search_term_string"}}],"inLanguage":"de"}]}},"tiered_pricing_type":"fixed","tiered_pricing_fixed_rules":[],"tiered_pricing_product_settings":{"layout":"default","base_unit_name":{"singular":null,"plural":null},"default_variation":null},"tiered_pricing_minimum_quantity":null,"tiered_pricing_roles_data":[],"tiered_pricing_percentage_rules":[],"tiered_pricing_maximum_quantity":null,"tiered_pricing_quantity_step":null,"_links":{"self":[{"href":"https:\/\/www.hoogstra-autosport.nl\/de\/wp-json\/wp\/v2\/product\/62361","targetHints":{"allow":["GET"]}}],"collection":[{"href":"https:\/\/www.hoogstra-autosport.nl\/de\/wp-json\/wp\/v2\/product"}],"about":[{"href":"https:\/\/www.hoogstra-autosport.nl\/de\/wp-json\/wp\/v2\/types\/product"}],"wp:featuredmedia":[{"embeddable":true,"href":"https:\/\/www.hoogstra-autosport.nl\/de\/wp-json\/wp\/v2\/media\/62076"}],"wp:attachment":[{"href":"https:\/\/www.hoogstra-autosport.nl\/de\/wp-json\/wp\/v2\/media?parent=62361"}],"wp:term":[{"taxonomy":"product_brand","embeddable":true,"href":"https:\/\/www.hoogstra-autosport.nl\/de\/wp-json\/wp\/v2\/product_brand?post=62361"},{"taxonomy":"product_cat","embeddable":true,"href":"https:\/\/www.hoogstra-autosport.nl\/de\/wp-json\/wp\/v2\/product_cat?post=62361"},{"taxonomy":"product_tag","embeddable":true,"href":"https:\/\/www.hoogstra-autosport.nl\/de\/wp-json\/wp\/v2\/product_tag?post=62361"}],"curies":[{"name":"wp","href":"https:\/\/api.w.org\/{rel}","templated":true}]}}