{"id":61661,"date":"2023-09-15T09:32:19","date_gmt":"2023-09-15T07:32:19","guid":{"rendered":"https:\/\/www.hoogstra-autosport.nl\/?post_type=product&#038;p=61661"},"modified":"2025-09-02T17:13:11","modified_gmt":"2025-09-02T15:13:11","slug":"koppelingsplaat-gesinterde-ster-6-pad-diameter-240-versnelling-15-16x23-audiseatfordskoda-en-vw","status":"publish","type":"product","link":"https:\/\/www.hoogstra-autosport.nl\/de\/produkt\/koppelingsplaat-gesinterde-ster-6-pad-diameter-240-versnelling-15-16x23-audiseatfordskoda-en-vw\/","title":{"rendered":"Kupplungsscheibe Audi\/Seat\/Ford\/Skoda\/VW Sinter 6 Bel\u00e4ge 240mm"},"content":{"rendered":"<p>Aantal tanden: 23<br \/>\nHub profiel: 15\/16x 23N<br \/>\nParameter: 240S<br \/>\ndiameter (mm): 240<\/p>\n<p>&nbsp;<\/p>\n<p>Koppelingsplaat Gesinterde ster 6-pad Diameter 240 versnelling 15\/16&#215;23 Audi,Seat,Ford,Skoda en VW<\/p>\n<p>Z\u00e4hnezahl: 23<br \/>\nNabenprofil: 21,9&#215;24,3-23N<br \/>\nKenngr\u00f6\u00dfe: 240S<br \/>\nDurchmesser [mm]: 240<\/p>\n<p>&nbsp;<\/p>\n","protected":false},"excerpt":{"rendered":"<p>Aantal tanden: 23 Hub profiel: 15\/16x 23N Parameter: 240S diameter (mm): 240 &nbsp; Koppelingsplaat Gesinterde ster 6-pad Diameter 240 versnelling 15\/16&#215;23 Audi,Seat,Ford,Skoda en VW Z\u00e4hnezahl: 23 Nabenprofil: 21,9&#215;24,3-23N Kenngr\u00f6\u00dfe: 240S Durchmesser [mm]: 240 &nbsp;<\/p>\n","protected":false},"featured_media":90023,"template":"","meta":{"_acf_changed":false},"product_brand":[],"product_cat":[2751],"product_tag":[],"class_list":{"0":"post-61661","1":"product","2":"type-product","3":"status-publish","4":"has-post-thumbnail","6":"product_cat-cinterplaat-6-pads","7":"product_shipping_class-4016","9":"first","10":"instock","11":"taxable","12":"shipping-taxable","13":"purchasable","14":"product-type-simple"},"acf":[],"yoast_head":"<!-- This site is optimized with the Yoast SEO plugin v27.1.1 - https:\/\/yoast.com\/product\/yoast-seo-wordpress\/ -->\n<title>Koppelingsplaat Audi\/Seat\/Ford\/Skoda\/VW Sinter 6 pads 240mm - Hoogstra Autosport<\/title>\n<meta name=\"robots\" content=\"index, follow, max-snippet:-1, max-image-preview:large, max-video-preview:-1\" \/>\n<link rel=\"canonical\" href=\"https:\/\/www.hoogstra-autosport.nl\/de\/produkt\/koppelingsplaat-gesinterde-ster-6-pad-diameter-240-versnelling-15-16x23-audiseatfordskoda-en-vw\/\" \/>\n<meta property=\"og:locale\" content=\"de_DE\" \/>\n<meta property=\"og:type\" content=\"article\" \/>\n<meta property=\"og:title\" content=\"Koppelingsplaat Audi\/Seat\/Ford\/Skoda\/VW Sinter 6 pads 240mm - Hoogstra Autosport\" \/>\n<meta property=\"og:description\" content=\"Aantal tanden: 23 Hub profiel: 15\/16x 23N Parameter: 240S diameter (mm): 240 &nbsp; Koppelingsplaat Gesinterde ster 6-pad Diameter 240 versnelling 15\/16&#215;23 Audi,Seat,Ford,Skoda en VW Z\u00e4hnezahl: 23 Nabenprofil: 21,9&#215;24,3-23N Kenngr\u00f6\u00dfe: 240S Durchmesser [mm]: 240 &nbsp;\" \/>\n<meta property=\"og:url\" content=\"https:\/\/www.hoogstra-autosport.nl\/de\/produkt\/koppelingsplaat-gesinterde-ster-6-pad-diameter-240-versnelling-15-16x23-audiseatfordskoda-en-vw\/\" \/>\n<meta property=\"og:site_name\" content=\"Hoogstra Autosport\" \/>\n<meta property=\"article:modified_time\" content=\"2025-09-02T15:13:11+00:00\" \/>\n<meta property=\"og:image\" content=\"https:\/\/www.hoogstra-autosport.nl\/teamkoen\/content\/uploads\/2012\/08\/sinterplaat-6-pads.jpg\" \/>\n\t<meta property=\"og:image:width\" content=\"1000\" \/>\n\t<meta property=\"og:image:height\" content=\"1000\" \/>\n\t<meta property=\"og:image:type\" content=\"image\/jpeg\" \/>\n<meta name=\"twitter:card\" content=\"summary_large_image\" \/>\n<meta name=\"twitter:label1\" content=\"Gesch\u00e4tzte Lesezeit\" \/>\n\t<meta name=\"twitter:data1\" content=\"1\u00a0Minute\" \/>\n<script type=\"application\/ld+json\" class=\"yoast-schema-graph\">{\"@context\":\"https:\/\/schema.org\",\"@graph\":[{\"@type\":\"WebPage\",\"@id\":\"https:\/\/www.hoogstra-autosport.nl\/product\/koppelingsplaat-gesinterde-ster-6-pad-diameter-240-versnelling-15-16x23-audiseatfordskoda-en-vw\/\",\"url\":\"https:\/\/www.hoogstra-autosport.nl\/product\/koppelingsplaat-gesinterde-ster-6-pad-diameter-240-versnelling-15-16x23-audiseatfordskoda-en-vw\/\",\"name\":\"Koppelingsplaat Audi\/Seat\/Ford\/Skoda\/VW Sinter 6 pads 240mm - Hoogstra Autosport\",\"isPartOf\":{\"@id\":\"https:\/\/www.hoogstra-autosport.nl\/#website\"},\"primaryImageOfPage\":{\"@id\":\"https:\/\/www.hoogstra-autosport.nl\/product\/koppelingsplaat-gesinterde-ster-6-pad-diameter-240-versnelling-15-16x23-audiseatfordskoda-en-vw\/#primaryimage\"},\"image\":{\"@id\":\"https:\/\/www.hoogstra-autosport.nl\/product\/koppelingsplaat-gesinterde-ster-6-pad-diameter-240-versnelling-15-16x23-audiseatfordskoda-en-vw\/#primaryimage\"},\"thumbnailUrl\":\"https:\/\/www.hoogstra-autosport.nl\/teamkoen\/wp-content\/uploads\/2012\/08\/sinterplaat-6-pads.jpg\",\"datePublished\":\"2023-09-15T07:32:19+00:00\",\"dateModified\":\"2025-09-02T15:13:11+00:00\",\"breadcrumb\":{\"@id\":\"https:\/\/www.hoogstra-autosport.nl\/product\/koppelingsplaat-gesinterde-ster-6-pad-diameter-240-versnelling-15-16x23-audiseatfordskoda-en-vw\/#breadcrumb\"},\"inLanguage\":\"de\",\"potentialAction\":[{\"@type\":\"ReadAction\",\"target\":[\"https:\/\/www.hoogstra-autosport.nl\/product\/koppelingsplaat-gesinterde-ster-6-pad-diameter-240-versnelling-15-16x23-audiseatfordskoda-en-vw\/\"]}]},{\"@type\":\"ImageObject\",\"inLanguage\":\"de\",\"@id\":\"https:\/\/www.hoogstra-autosport.nl\/product\/koppelingsplaat-gesinterde-ster-6-pad-diameter-240-versnelling-15-16x23-audiseatfordskoda-en-vw\/#primaryimage\",\"url\":\"https:\/\/www.hoogstra-autosport.nl\/teamkoen\/wp-content\/uploads\/2012\/08\/sinterplaat-6-pads.jpg\",\"contentUrl\":\"https:\/\/www.hoogstra-autosport.nl\/teamkoen\/wp-content\/uploads\/2012\/08\/sinterplaat-6-pads.jpg\",\"width\":1000,\"height\":1000},{\"@type\":\"BreadcrumbList\",\"@id\":\"https:\/\/www.hoogstra-autosport.nl\/product\/koppelingsplaat-gesinterde-ster-6-pad-diameter-240-versnelling-15-16x23-audiseatfordskoda-en-vw\/#breadcrumb\",\"itemListElement\":[{\"@type\":\"ListItem\",\"position\":1,\"name\":\"Home\",\"item\":\"https:\/\/www.hoogstra-autosport.nl\/\"},{\"@type\":\"ListItem\",\"position\":2,\"name\":\"Motorisch\",\"item\":\"https:\/\/www.hoogstra-autosport.nl\/product-categorie\/auto-techniek\/\"},{\"@type\":\"ListItem\",\"position\":3,\"name\":\"Koppeling , Versnellingsbak en Assen\",\"item\":\"https:\/\/www.hoogstra-autosport.nl\/product-categorie\/auto-techniek\/koppeling-versnellingsbak-en-assen\/\"},{\"@type\":\"ListItem\",\"position\":4,\"name\":\"Koppelingsplaten\",\"item\":\"https:\/\/www.hoogstra-autosport.nl\/product-categorie\/auto-techniek\/koppeling-versnellingsbak-en-assen\/cinterplaten\/\"},{\"@type\":\"ListItem\",\"position\":5,\"name\":\"Koppelingsplaat 6 Pad Sinter\",\"item\":\"https:\/\/www.hoogstra-autosport.nl\/product-categorie\/auto-techniek\/koppeling-versnellingsbak-en-assen\/cinterplaten\/cinterplaat-6-pads\/\"},{\"@type\":\"ListItem\",\"position\":6,\"name\":\"Koppelingsplaat Audi\/Seat\/Ford\/Skoda\/VW Sinter 6 pads 240mm\"}]},{\"@type\":\"WebSite\",\"@id\":\"https:\/\/www.hoogstra-autosport.nl\/#website\",\"url\":\"https:\/\/www.hoogstra-autosport.nl\/\",\"name\":\"Hoogstra Autosport\",\"description\":\"Performance Autosport Parts!\",\"potentialAction\":[{\"@type\":\"SearchAction\",\"target\":{\"@type\":\"EntryPoint\",\"urlTemplate\":\"https:\/\/www.hoogstra-autosport.nl\/?s={search_term_string}\"},\"query-input\":{\"@type\":\"PropertyValueSpecification\",\"valueRequired\":true,\"valueName\":\"search_term_string\"}}],\"inLanguage\":\"de\"}]}<\/script>\n<!-- \/ Yoast SEO plugin. -->","yoast_head_json":{"title":"Koppelingsplaat Audi\/Seat\/Ford\/Skoda\/VW Sinter 6 pads 240mm - Hoogstra Autosport","robots":{"index":"index","follow":"follow","max-snippet":"max-snippet:-1","max-image-preview":"max-image-preview:large","max-video-preview":"max-video-preview:-1"},"canonical":"https:\/\/www.hoogstra-autosport.nl\/de\/produkt\/koppelingsplaat-gesinterde-ster-6-pad-diameter-240-versnelling-15-16x23-audiseatfordskoda-en-vw\/","og_locale":"de_DE","og_type":"article","og_title":"Koppelingsplaat Audi\/Seat\/Ford\/Skoda\/VW Sinter 6 pads 240mm - Hoogstra Autosport","og_description":"Aantal tanden: 23 Hub profiel: 15\/16x 23N Parameter: 240S diameter (mm): 240 &nbsp; Koppelingsplaat Gesinterde ster 6-pad Diameter 240 versnelling 15\/16&#215;23 Audi,Seat,Ford,Skoda en VW Z\u00e4hnezahl: 23 Nabenprofil: 21,9&#215;24,3-23N Kenngr\u00f6\u00dfe: 240S Durchmesser [mm]: 240 &nbsp;","og_url":"https:\/\/www.hoogstra-autosport.nl\/de\/produkt\/koppelingsplaat-gesinterde-ster-6-pad-diameter-240-versnelling-15-16x23-audiseatfordskoda-en-vw\/","og_site_name":"Hoogstra Autosport","article_modified_time":"2025-09-02T15:13:11+00:00","og_image":[{"width":1000,"height":1000,"url":"https:\/\/www.hoogstra-autosport.nl\/teamkoen\/content\/uploads\/2012\/08\/sinterplaat-6-pads.jpg","type":"image\/jpeg"}],"twitter_card":"summary_large_image","twitter_misc":{"Gesch\u00e4tzte Lesezeit":"1\u00a0Minute"},"schema":{"@context":"https:\/\/schema.org","@graph":[{"@type":"WebPage","@id":"https:\/\/www.hoogstra-autosport.nl\/product\/koppelingsplaat-gesinterde-ster-6-pad-diameter-240-versnelling-15-16x23-audiseatfordskoda-en-vw\/","url":"https:\/\/www.hoogstra-autosport.nl\/product\/koppelingsplaat-gesinterde-ster-6-pad-diameter-240-versnelling-15-16x23-audiseatfordskoda-en-vw\/","name":"Koppelingsplaat Audi\/Seat\/Ford\/Skoda\/VW Sinter 6 pads 240mm - Hoogstra Autosport","isPartOf":{"@id":"https:\/\/www.hoogstra-autosport.nl\/#website"},"primaryImageOfPage":{"@id":"https:\/\/www.hoogstra-autosport.nl\/product\/koppelingsplaat-gesinterde-ster-6-pad-diameter-240-versnelling-15-16x23-audiseatfordskoda-en-vw\/#primaryimage"},"image":{"@id":"https:\/\/www.hoogstra-autosport.nl\/product\/koppelingsplaat-gesinterde-ster-6-pad-diameter-240-versnelling-15-16x23-audiseatfordskoda-en-vw\/#primaryimage"},"thumbnailUrl":"https:\/\/www.hoogstra-autosport.nl\/teamkoen\/wp-content\/uploads\/2012\/08\/sinterplaat-6-pads.jpg","datePublished":"2023-09-15T07:32:19+00:00","dateModified":"2025-09-02T15:13:11+00:00","breadcrumb":{"@id":"https:\/\/www.hoogstra-autosport.nl\/product\/koppelingsplaat-gesinterde-ster-6-pad-diameter-240-versnelling-15-16x23-audiseatfordskoda-en-vw\/#breadcrumb"},"inLanguage":"de","potentialAction":[{"@type":"ReadAction","target":["https:\/\/www.hoogstra-autosport.nl\/product\/koppelingsplaat-gesinterde-ster-6-pad-diameter-240-versnelling-15-16x23-audiseatfordskoda-en-vw\/"]}]},{"@type":"ImageObject","inLanguage":"de","@id":"https:\/\/www.hoogstra-autosport.nl\/product\/koppelingsplaat-gesinterde-ster-6-pad-diameter-240-versnelling-15-16x23-audiseatfordskoda-en-vw\/#primaryimage","url":"https:\/\/www.hoogstra-autosport.nl\/teamkoen\/wp-content\/uploads\/2012\/08\/sinterplaat-6-pads.jpg","contentUrl":"https:\/\/www.hoogstra-autosport.nl\/teamkoen\/wp-content\/uploads\/2012\/08\/sinterplaat-6-pads.jpg","width":1000,"height":1000},{"@type":"BreadcrumbList","@id":"https:\/\/www.hoogstra-autosport.nl\/product\/koppelingsplaat-gesinterde-ster-6-pad-diameter-240-versnelling-15-16x23-audiseatfordskoda-en-vw\/#breadcrumb","itemListElement":[{"@type":"ListItem","position":1,"name":"Home","item":"https:\/\/www.hoogstra-autosport.nl\/"},{"@type":"ListItem","position":2,"name":"Motorisch","item":"https:\/\/www.hoogstra-autosport.nl\/product-categorie\/auto-techniek\/"},{"@type":"ListItem","position":3,"name":"Koppeling , Versnellingsbak en Assen","item":"https:\/\/www.hoogstra-autosport.nl\/product-categorie\/auto-techniek\/koppeling-versnellingsbak-en-assen\/"},{"@type":"ListItem","position":4,"name":"Koppelingsplaten","item":"https:\/\/www.hoogstra-autosport.nl\/product-categorie\/auto-techniek\/koppeling-versnellingsbak-en-assen\/cinterplaten\/"},{"@type":"ListItem","position":5,"name":"Koppelingsplaat 6 Pad Sinter","item":"https:\/\/www.hoogstra-autosport.nl\/product-categorie\/auto-techniek\/koppeling-versnellingsbak-en-assen\/cinterplaten\/cinterplaat-6-pads\/"},{"@type":"ListItem","position":6,"name":"Koppelingsplaat Audi\/Seat\/Ford\/Skoda\/VW Sinter 6 pads 240mm"}]},{"@type":"WebSite","@id":"https:\/\/www.hoogstra-autosport.nl\/#website","url":"https:\/\/www.hoogstra-autosport.nl\/","name":"Hoogstra Autosport","description":"Performance Autosport Parts!","potentialAction":[{"@type":"SearchAction","target":{"@type":"EntryPoint","urlTemplate":"https:\/\/www.hoogstra-autosport.nl\/?s={search_term_string}"},"query-input":{"@type":"PropertyValueSpecification","valueRequired":true,"valueName":"search_term_string"}}],"inLanguage":"de"}]}},"tiered_pricing_type":"fixed","tiered_pricing_fixed_rules":[],"tiered_pricing_product_settings":{"layout":"default","base_unit_name":{"singular":null,"plural":null},"default_variation":null},"tiered_pricing_minimum_quantity":null,"tiered_pricing_roles_data":[],"tiered_pricing_percentage_rules":[],"tiered_pricing_maximum_quantity":null,"tiered_pricing_quantity_step":null,"_links":{"self":[{"href":"https:\/\/www.hoogstra-autosport.nl\/de\/wp-json\/wp\/v2\/product\/61661","targetHints":{"allow":["GET"]}}],"collection":[{"href":"https:\/\/www.hoogstra-autosport.nl\/de\/wp-json\/wp\/v2\/product"}],"about":[{"href":"https:\/\/www.hoogstra-autosport.nl\/de\/wp-json\/wp\/v2\/types\/product"}],"wp:featuredmedia":[{"embeddable":true,"href":"https:\/\/www.hoogstra-autosport.nl\/de\/wp-json\/wp\/v2\/media\/90023"}],"wp:attachment":[{"href":"https:\/\/www.hoogstra-autosport.nl\/de\/wp-json\/wp\/v2\/media?parent=61661"}],"wp:term":[{"taxonomy":"product_brand","embeddable":true,"href":"https:\/\/www.hoogstra-autosport.nl\/de\/wp-json\/wp\/v2\/product_brand?post=61661"},{"taxonomy":"product_cat","embeddable":true,"href":"https:\/\/www.hoogstra-autosport.nl\/de\/wp-json\/wp\/v2\/product_cat?post=61661"},{"taxonomy":"product_tag","embeddable":true,"href":"https:\/\/www.hoogstra-autosport.nl\/de\/wp-json\/wp\/v2\/product_tag?post=61661"}],"curies":[{"name":"wp","href":"https:\/\/api.w.org\/{rel}","templated":true}]}}