{"id":60619,"date":"2023-08-07T10:32:29","date_gmt":"2023-08-07T08:32:29","guid":{"rendered":"https:\/\/www.hoogstra-autosport.nl\/?post_type=product&#038;p=60619"},"modified":"2025-11-13T15:18:10","modified_gmt":"2025-11-13T14:18:10","slug":"casque-rrs-protect-wrc-avec-bras-fia","status":"publish","type":"product","link":"https:\/\/www.hoogstra-autosport.nl\/de\/produkt\/casque-rrs-protect-wrc-avec-bras-fia\/","title":{"rendered":"RRS SCH\u00dcTZEN WRC FIA"},"content":{"rendered":"<p>Evolution in der Welt der Helme, dieser JET RRS PROTECT WRC Helm mit Arm ist aus Verbundwerkstoff hergestellt und zeigt ein revolution\u00e4res Design!<\/p>\n<p>Der PROTECT WRC Helm wird mit einem montierten und einsatzbereiten Stilo micro WRC Funkger\u00e4t geliefert!<br \/>\nDas Mikrofon ist verstellbar und einstellbar.<br \/>\nDie 2 Ohrh\u00f6rer-Muscheln sind an jede Kopfmorphologie anpassbar.<\/p>\n<p>Er hat eine neue Faserschale und das Visier ist verstellbar.<\/p>\n<p>Er vereint Komfort und optimalen Schutz, da er nach FIA 8859-2015 homologiert ist und die neue Norm SA2020 erf\u00fcllt.<\/p>\n<p>Er ist mit HANS-Clips und eingebauten L\u00e4rmschutzschalen ausgestattet, die eine optimale Schalld\u00e4mmung gew\u00e4hrleisten.<\/p>\n<p>Gewicht (ohne Funkger\u00e4t - Gr\u00f6\u00dfe M): 1.530 g (+-30g)<\/p>\n<p>Fia 8859-2015 und Snell SA2015 genehmigt<\/p>\n<p>Erh\u00e4ltlich in xs,s,m,l,xl und xxl.<\/p>","protected":false},"excerpt":{"rendered":"<p>Evolutie in de wereld van helmen, deze JET RRS PROTECT WRC helm met arm is gemaakt van composiet en demonstreert een revolutionair ontwerp! De PROTECT WRC helm wordt geleverd met een Stilo micro WRC radio kit gemonteerd en klaar voor gebruik! De microfoon is verstelbaar en verstelbaar. De 2 oortelefoonschalen zijn instelbaar aan elke hoofdmorfologie. [&hellip;]<\/p>\n","protected":false},"featured_media":60624,"template":"","meta":{"_acf_changed":false},"product_brand":[],"product_cat":[3976,3883],"product_tag":[],"class_list":{"0":"post-60619","1":"product","2":"type-product","3":"status-publish","4":"has-post-thumbnail","6":"product_cat-beltenick-open-face-fia","7":"product_cat-kart-helmen","8":"product_shipping_class-4016","10":"first","11":"instock","12":"taxable","13":"shipping-taxable","14":"purchasable","15":"product-type-variable"},"acf":[],"yoast_head":"<!-- This site is optimized with the Yoast SEO plugin v27.1.1 - https:\/\/yoast.com\/product\/yoast-seo-wordpress\/ -->\n<title>RRS PROTECT WRC FIA - Hoogstra Autosport<\/title>\n<meta name=\"description\" content=\"helm\" \/>\n<meta name=\"robots\" content=\"index, follow, max-snippet:-1, max-image-preview:large, max-video-preview:-1\" \/>\n<link rel=\"canonical\" href=\"https:\/\/www.hoogstra-autosport.nl\/de\/produkt\/casque-rrs-protect-wrc-avec-bras-fia\/\" \/>\n<meta property=\"og:locale\" content=\"de_DE\" \/>\n<meta property=\"og:type\" content=\"article\" \/>\n<meta property=\"og:title\" content=\"RRS PROTECT WRC FIA - Hoogstra Autosport\" \/>\n<meta property=\"og:description\" content=\"helm\" \/>\n<meta property=\"og:url\" content=\"https:\/\/www.hoogstra-autosport.nl\/de\/produkt\/casque-rrs-protect-wrc-avec-bras-fia\/\" \/>\n<meta property=\"og:site_name\" content=\"Hoogstra Autosport\" \/>\n<meta property=\"article:modified_time\" content=\"2025-11-13T14:18:10+00:00\" \/>\n<meta property=\"og:image\" content=\"https:\/\/www.hoogstra-autosport.nl\/teamkoen\/wp-content\/uploads\/2023\/08\/RRS.jpg\" \/>\n\t<meta property=\"og:image:width\" content=\"986\" \/>\n\t<meta property=\"og:image:height\" content=\"986\" \/>\n\t<meta property=\"og:image:type\" content=\"image\/jpeg\" \/>\n<meta name=\"twitter:card\" content=\"summary_large_image\" \/>\n<meta name=\"twitter:label1\" content=\"Gesch\u00e4tzte Lesezeit\" \/>\n\t<meta name=\"twitter:data1\" content=\"1\u00a0Minute\" \/>\n<script type=\"application\/ld+json\" class=\"yoast-schema-graph\">{\"@context\":\"https:\/\/schema.org\",\"@graph\":[{\"@type\":\"WebPage\",\"@id\":\"https:\/\/www.hoogstra-autosport.nl\/product\/casque-rrs-protect-wrc-avec-bras-fia\/\",\"url\":\"https:\/\/www.hoogstra-autosport.nl\/product\/casque-rrs-protect-wrc-avec-bras-fia\/\",\"name\":\"RRS PROTECT WRC FIA - Hoogstra Autosport\",\"isPartOf\":{\"@id\":\"https:\/\/www.hoogstra-autosport.nl\/#website\"},\"primaryImageOfPage\":{\"@id\":\"https:\/\/www.hoogstra-autosport.nl\/product\/casque-rrs-protect-wrc-avec-bras-fia\/#primaryimage\"},\"image\":{\"@id\":\"https:\/\/www.hoogstra-autosport.nl\/product\/casque-rrs-protect-wrc-avec-bras-fia\/#primaryimage\"},\"thumbnailUrl\":\"https:\/\/www.hoogstra-autosport.nl\/teamkoen\/wp-content\/uploads\/2023\/08\/RRS.jpg\",\"datePublished\":\"2023-08-07T08:32:29+00:00\",\"dateModified\":\"2025-11-13T14:18:10+00:00\",\"description\":\"helm\",\"breadcrumb\":{\"@id\":\"https:\/\/www.hoogstra-autosport.nl\/product\/casque-rrs-protect-wrc-avec-bras-fia\/#breadcrumb\"},\"inLanguage\":\"de\",\"potentialAction\":[{\"@type\":\"ReadAction\",\"target\":[\"https:\/\/www.hoogstra-autosport.nl\/product\/casque-rrs-protect-wrc-avec-bras-fia\/\"]}]},{\"@type\":\"ImageObject\",\"inLanguage\":\"de\",\"@id\":\"https:\/\/www.hoogstra-autosport.nl\/product\/casque-rrs-protect-wrc-avec-bras-fia\/#primaryimage\",\"url\":\"https:\/\/www.hoogstra-autosport.nl\/teamkoen\/wp-content\/uploads\/2023\/08\/RRS.jpg\",\"contentUrl\":\"https:\/\/www.hoogstra-autosport.nl\/teamkoen\/wp-content\/uploads\/2023\/08\/RRS.jpg\",\"width\":986,\"height\":986},{\"@type\":\"BreadcrumbList\",\"@id\":\"https:\/\/www.hoogstra-autosport.nl\/product\/casque-rrs-protect-wrc-avec-bras-fia\/#breadcrumb\",\"itemListElement\":[{\"@type\":\"ListItem\",\"position\":1,\"name\":\"Home\",\"item\":\"https:\/\/www.hoogstra-autosport.nl\/\"},{\"@type\":\"ListItem\",\"position\":2,\"name\":\"Uitrusting\",\"item\":\"https:\/\/www.hoogstra-autosport.nl\/product-categorie\/autosport-kleding-helmen\/\"},{\"@type\":\"ListItem\",\"position\":3,\"name\":\"Helmen\",\"item\":\"https:\/\/www.hoogstra-autosport.nl\/product-categorie\/autosport-kleding-helmen\/helmen\/\"},{\"@type\":\"ListItem\",\"position\":4,\"name\":\"FIA Open Face Helmen\",\"item\":\"https:\/\/www.hoogstra-autosport.nl\/product-categorie\/autosport-kleding-helmen\/helmen\/helmen-open-face-fia-integraal\/\"},{\"@type\":\"ListItem\",\"position\":5,\"name\":\"Beltenick Open face &amp; RRS FIA\",\"item\":\"https:\/\/www.hoogstra-autosport.nl\/product-categorie\/autosport-kleding-helmen\/helmen\/helmen-open-face-fia-integraal\/beltenick-open-face-fia\/\"},{\"@type\":\"ListItem\",\"position\":6,\"name\":\"RRS PROTECT WRC FIA\"}]},{\"@type\":\"WebSite\",\"@id\":\"https:\/\/www.hoogstra-autosport.nl\/#website\",\"url\":\"https:\/\/www.hoogstra-autosport.nl\/\",\"name\":\"Hoogstra Autosport\",\"description\":\"Performance Autosport Parts!\",\"potentialAction\":[{\"@type\":\"SearchAction\",\"target\":{\"@type\":\"EntryPoint\",\"urlTemplate\":\"https:\/\/www.hoogstra-autosport.nl\/?s={search_term_string}\"},\"query-input\":{\"@type\":\"PropertyValueSpecification\",\"valueRequired\":true,\"valueName\":\"search_term_string\"}}],\"inLanguage\":\"de\"}]}<\/script>\n<!-- \/ Yoast SEO plugin. -->","yoast_head_json":{"title":"RRS PROTECT WRC FIA - Hoogstra Autosport","description":"helm","robots":{"index":"index","follow":"follow","max-snippet":"max-snippet:-1","max-image-preview":"max-image-preview:large","max-video-preview":"max-video-preview:-1"},"canonical":"https:\/\/www.hoogstra-autosport.nl\/de\/produkt\/casque-rrs-protect-wrc-avec-bras-fia\/","og_locale":"de_DE","og_type":"article","og_title":"RRS PROTECT WRC FIA - Hoogstra Autosport","og_description":"helm","og_url":"https:\/\/www.hoogstra-autosport.nl\/de\/produkt\/casque-rrs-protect-wrc-avec-bras-fia\/","og_site_name":"Hoogstra Autosport","article_modified_time":"2025-11-13T14:18:10+00:00","og_image":[{"width":986,"height":986,"url":"https:\/\/www.hoogstra-autosport.nl\/teamkoen\/wp-content\/uploads\/2023\/08\/RRS.jpg","type":"image\/jpeg"}],"twitter_card":"summary_large_image","twitter_misc":{"Gesch\u00e4tzte Lesezeit":"1\u00a0Minute"},"schema":{"@context":"https:\/\/schema.org","@graph":[{"@type":"WebPage","@id":"https:\/\/www.hoogstra-autosport.nl\/product\/casque-rrs-protect-wrc-avec-bras-fia\/","url":"https:\/\/www.hoogstra-autosport.nl\/product\/casque-rrs-protect-wrc-avec-bras-fia\/","name":"RRS PROTECT WRC FIA - Hoogstra Autosport","isPartOf":{"@id":"https:\/\/www.hoogstra-autosport.nl\/#website"},"primaryImageOfPage":{"@id":"https:\/\/www.hoogstra-autosport.nl\/product\/casque-rrs-protect-wrc-avec-bras-fia\/#primaryimage"},"image":{"@id":"https:\/\/www.hoogstra-autosport.nl\/product\/casque-rrs-protect-wrc-avec-bras-fia\/#primaryimage"},"thumbnailUrl":"https:\/\/www.hoogstra-autosport.nl\/teamkoen\/wp-content\/uploads\/2023\/08\/RRS.jpg","datePublished":"2023-08-07T08:32:29+00:00","dateModified":"2025-11-13T14:18:10+00:00","description":"helm","breadcrumb":{"@id":"https:\/\/www.hoogstra-autosport.nl\/product\/casque-rrs-protect-wrc-avec-bras-fia\/#breadcrumb"},"inLanguage":"de","potentialAction":[{"@type":"ReadAction","target":["https:\/\/www.hoogstra-autosport.nl\/product\/casque-rrs-protect-wrc-avec-bras-fia\/"]}]},{"@type":"ImageObject","inLanguage":"de","@id":"https:\/\/www.hoogstra-autosport.nl\/product\/casque-rrs-protect-wrc-avec-bras-fia\/#primaryimage","url":"https:\/\/www.hoogstra-autosport.nl\/teamkoen\/wp-content\/uploads\/2023\/08\/RRS.jpg","contentUrl":"https:\/\/www.hoogstra-autosport.nl\/teamkoen\/wp-content\/uploads\/2023\/08\/RRS.jpg","width":986,"height":986},{"@type":"BreadcrumbList","@id":"https:\/\/www.hoogstra-autosport.nl\/product\/casque-rrs-protect-wrc-avec-bras-fia\/#breadcrumb","itemListElement":[{"@type":"ListItem","position":1,"name":"Home","item":"https:\/\/www.hoogstra-autosport.nl\/"},{"@type":"ListItem","position":2,"name":"Uitrusting","item":"https:\/\/www.hoogstra-autosport.nl\/product-categorie\/autosport-kleding-helmen\/"},{"@type":"ListItem","position":3,"name":"Helmen","item":"https:\/\/www.hoogstra-autosport.nl\/product-categorie\/autosport-kleding-helmen\/helmen\/"},{"@type":"ListItem","position":4,"name":"FIA Open Face Helmen","item":"https:\/\/www.hoogstra-autosport.nl\/product-categorie\/autosport-kleding-helmen\/helmen\/helmen-open-face-fia-integraal\/"},{"@type":"ListItem","position":5,"name":"Beltenick Open face &amp; RRS FIA","item":"https:\/\/www.hoogstra-autosport.nl\/product-categorie\/autosport-kleding-helmen\/helmen\/helmen-open-face-fia-integraal\/beltenick-open-face-fia\/"},{"@type":"ListItem","position":6,"name":"RRS PROTECT WRC FIA"}]},{"@type":"WebSite","@id":"https:\/\/www.hoogstra-autosport.nl\/#website","url":"https:\/\/www.hoogstra-autosport.nl\/","name":"Hoogstra Autosport","description":"Performance Autosport Parts!","potentialAction":[{"@type":"SearchAction","target":{"@type":"EntryPoint","urlTemplate":"https:\/\/www.hoogstra-autosport.nl\/?s={search_term_string}"},"query-input":{"@type":"PropertyValueSpecification","valueRequired":true,"valueName":"search_term_string"}}],"inLanguage":"de"}]}},"tiered_pricing_type":"fixed","tiered_pricing_fixed_rules":[],"tiered_pricing_product_settings":{"layout":"default","base_unit_name":{"singular":null,"plural":null},"default_variation":null},"tiered_pricing_minimum_quantity":null,"tiered_pricing_roles_data":[],"tiered_pricing_percentage_rules":[],"tiered_pricing_maximum_quantity":null,"tiered_pricing_quantity_step":null,"_links":{"self":[{"href":"https:\/\/www.hoogstra-autosport.nl\/de\/wp-json\/wp\/v2\/product\/60619","targetHints":{"allow":["GET"]}}],"collection":[{"href":"https:\/\/www.hoogstra-autosport.nl\/de\/wp-json\/wp\/v2\/product"}],"about":[{"href":"https:\/\/www.hoogstra-autosport.nl\/de\/wp-json\/wp\/v2\/types\/product"}],"wp:featuredmedia":[{"embeddable":true,"href":"https:\/\/www.hoogstra-autosport.nl\/de\/wp-json\/wp\/v2\/media\/60624"}],"wp:attachment":[{"href":"https:\/\/www.hoogstra-autosport.nl\/de\/wp-json\/wp\/v2\/media?parent=60619"}],"wp:term":[{"taxonomy":"product_brand","embeddable":true,"href":"https:\/\/www.hoogstra-autosport.nl\/de\/wp-json\/wp\/v2\/product_brand?post=60619"},{"taxonomy":"product_cat","embeddable":true,"href":"https:\/\/www.hoogstra-autosport.nl\/de\/wp-json\/wp\/v2\/product_cat?post=60619"},{"taxonomy":"product_tag","embeddable":true,"href":"https:\/\/www.hoogstra-autosport.nl\/de\/wp-json\/wp\/v2\/product_tag?post=60619"}],"curies":[{"name":"wp","href":"https:\/\/api.w.org\/{rel}","templated":true}]}}