{"id":59767,"date":"2023-07-06T08:24:15","date_gmt":"2023-07-06T06:24:15","guid":{"rendered":"https:\/\/www.hoogstra-autosport.nl\/?post_type=product&#038;p=59767"},"modified":"2025-09-25T10:31:27","modified_gmt":"2025-09-25T08:31:27","slug":"stilo-wrc-koptelefoon","status":"publish","type":"product","link":"https:\/\/www.hoogstra-autosport.nl\/de\/produkt\/stilo-wrc-koptelefoon\/","title":{"rendered":"Stilo WRC Kopfh\u00f6rer"},"content":{"rendered":"<p data-start=\"216\" data-end=\"528\">Das aktualisierte Stilo WRC-\u00dcbungsheadset wurde speziell f\u00fcr den intensiven Einsatz bei langen Stra\u00dfenfahrten entwickelt, selbst in den lautesten Renn- und Rallyefahrzeugen. Dank der verbesserten Ger\u00e4uschisolierung und des komfortablen Designs k\u00f6nnen Sie stundenlang kommunizieren, ohne von Umgebungsger\u00e4uschen oder Druckstellen gest\u00f6rt zu werden.<\/p>\n<p data-start=\"530\" data-end=\"743\">Dieses Headset wurde als ideale Erg\u00e4nzung zum <strong data-start=\"585\" data-end=\"600\">Stilo WRC03<\/strong>, <strong data-start=\"602\" data-end=\"613\">WRC Des<\/strong> und die <strong data-start=\"620\" data-end=\"657\">ST30 Sprechanlagen\/Verst\u00e4rkersysteme<\/strong>Dadurch werden eine klare Sprach\u00fcbertragung und eine zuverl\u00e4ssige Leistung gew\u00e4hrleistet.<\/p>\n<ul data-start=\"745\" data-end=\"1073\">\n<li data-start=\"745\" data-end=\"815\">\n<p data-start=\"747\" data-end=\"815\"><strong data-start=\"747\" data-end=\"780\">Verbesserte Passform und Komfort<\/strong> - geeignet f\u00fcr langfristigen Verschlei\u00df<\/p>\n<\/li>\n<li data-start=\"816\" data-end=\"907\">\n<p data-start=\"818\" data-end=\"907\"><strong data-start=\"818\" data-end=\"860\">Optimiert f\u00fcr L\u00e4rmminderung<\/strong> - klarer Klang auch bei hohen Geschwindigkeiten<\/p>\n<\/li>\n<li data-start=\"908\" data-end=\"966\">\n<p data-start=\"910\" data-end=\"966\"><strong data-start=\"910\" data-end=\"933\">Vollst\u00e4ndig kompatibel<\/strong> mit Stilo WRC-Gegensprechanlagen<\/p>\n<\/li>\n<li data-start=\"967\" data-end=\"1073\">\n<p data-start=\"969\" data-end=\"1073\"><strong data-start=\"969\" data-end=\"996\">Langlebig und zuverl\u00e4ssig<\/strong> - halten intensiver Beanspruchung bei Training und langen Rallye-Etappen stand<\/p>\n<\/li>\n<\/ul>\n<p data-start=\"1075\" data-end=\"1274\">Ob stundenlange Testfahrten auf \u00f6ffentlichen Stra\u00dfen oder Extrakilometer in der Vorbereitung auf eine Rallye: Das Stilo WRC Praxis-Headset sorgt f\u00fcr professionelle Kommunikation und maximalen Komfort.<\/p>","protected":false},"excerpt":{"rendered":"<p>De vernieuwde Stilo WRC oefen-headset is speciaal ontworpen voor intensief gebruik tijdens lange ritten op de weg, zelfs in de meest lawaaierige race- en rallyauto\u2019s. Dankzij de verbeterde geluidsisolatie en het comfortabele ontwerp kun je urenlang communiceren zonder hinder van omgevingsgeluid of drukpunten. Deze headset is ontwikkeld als ideale aanvulling op de Stilo WRC03, WRC [&hellip;]<\/p>\n","protected":false},"featured_media":59770,"template":"","meta":{"_acf_changed":false},"product_brand":[],"product_cat":[4254],"product_tag":[],"class_list":{"0":"post-59767","1":"product","2":"type-product","3":"status-publish","4":"has-post-thumbnail","6":"product_cat-toebehoren","7":"product_shipping_class-4016","9":"first","10":"instock","11":"taxable","12":"shipping-taxable","13":"purchasable","14":"product-type-simple"},"acf":[],"yoast_head":"<!-- This site is optimized with the Yoast SEO plugin v27.1.1 - https:\/\/yoast.com\/product\/yoast-seo-wordpress\/ -->\n<title>Stilo WRC Koptelefoon - Hoogstra Autosport<\/title>\n<meta name=\"robots\" content=\"index, follow, max-snippet:-1, max-image-preview:large, max-video-preview:-1\" \/>\n<link rel=\"canonical\" href=\"https:\/\/www.hoogstra-autosport.nl\/de\/produkt\/stilo-wrc-koptelefoon\/\" \/>\n<meta property=\"og:locale\" content=\"de_DE\" \/>\n<meta property=\"og:type\" content=\"article\" \/>\n<meta property=\"og:title\" content=\"Stilo WRC Koptelefoon - Hoogstra Autosport\" \/>\n<meta property=\"og:description\" content=\"De vernieuwde Stilo WRC oefen-headset is speciaal ontworpen voor intensief gebruik tijdens lange ritten op de weg, zelfs in de meest lawaaierige race- en rallyauto\u2019s. Dankzij de verbeterde geluidsisolatie en het comfortabele ontwerp kun je urenlang communiceren zonder hinder van omgevingsgeluid of drukpunten. Deze headset is ontwikkeld als ideale aanvulling op de Stilo WRC03, WRC [&hellip;]\" \/>\n<meta property=\"og:url\" content=\"https:\/\/www.hoogstra-autosport.nl\/de\/produkt\/stilo-wrc-koptelefoon\/\" \/>\n<meta property=\"og:site_name\" content=\"Hoogstra Autosport\" \/>\n<meta property=\"article:modified_time\" content=\"2025-09-25T08:31:27+00:00\" \/>\n<meta property=\"og:image\" content=\"https:\/\/www.hoogstra-autosport.nl\/teamkoen\/wp-content\/uploads\/2023\/07\/ad0210stiloheadset-df35_1_1.jpg\" \/>\n\t<meta property=\"og:image:width\" content=\"748\" \/>\n\t<meta property=\"og:image:height\" content=\"552\" \/>\n\t<meta property=\"og:image:type\" content=\"image\/jpeg\" \/>\n<meta name=\"twitter:card\" content=\"summary_large_image\" \/>\n<meta name=\"twitter:label1\" content=\"Gesch\u00e4tzte Lesezeit\" \/>\n\t<meta name=\"twitter:data1\" content=\"1\u00a0Minute\" \/>\n<script type=\"application\/ld+json\" class=\"yoast-schema-graph\">{\"@context\":\"https:\/\/schema.org\",\"@graph\":[{\"@type\":\"WebPage\",\"@id\":\"https:\/\/www.hoogstra-autosport.nl\/product\/stilo-wrc-koptelefoon\/\",\"url\":\"https:\/\/www.hoogstra-autosport.nl\/product\/stilo-wrc-koptelefoon\/\",\"name\":\"Stilo WRC Koptelefoon - Hoogstra Autosport\",\"isPartOf\":{\"@id\":\"https:\/\/www.hoogstra-autosport.nl\/#website\"},\"primaryImageOfPage\":{\"@id\":\"https:\/\/www.hoogstra-autosport.nl\/product\/stilo-wrc-koptelefoon\/#primaryimage\"},\"image\":{\"@id\":\"https:\/\/www.hoogstra-autosport.nl\/product\/stilo-wrc-koptelefoon\/#primaryimage\"},\"thumbnailUrl\":\"https:\/\/www.hoogstra-autosport.nl\/teamkoen\/wp-content\/uploads\/2023\/07\/ad0210stiloheadset-df35_1_1.jpg\",\"datePublished\":\"2023-07-06T06:24:15+00:00\",\"dateModified\":\"2025-09-25T08:31:27+00:00\",\"breadcrumb\":{\"@id\":\"https:\/\/www.hoogstra-autosport.nl\/product\/stilo-wrc-koptelefoon\/#breadcrumb\"},\"inLanguage\":\"de\",\"potentialAction\":[{\"@type\":\"ReadAction\",\"target\":[\"https:\/\/www.hoogstra-autosport.nl\/product\/stilo-wrc-koptelefoon\/\"]}]},{\"@type\":\"ImageObject\",\"inLanguage\":\"de\",\"@id\":\"https:\/\/www.hoogstra-autosport.nl\/product\/stilo-wrc-koptelefoon\/#primaryimage\",\"url\":\"https:\/\/www.hoogstra-autosport.nl\/teamkoen\/wp-content\/uploads\/2023\/07\/ad0210stiloheadset-df35_1_1.jpg\",\"contentUrl\":\"https:\/\/www.hoogstra-autosport.nl\/teamkoen\/wp-content\/uploads\/2023\/07\/ad0210stiloheadset-df35_1_1.jpg\",\"width\":748,\"height\":552},{\"@type\":\"BreadcrumbList\",\"@id\":\"https:\/\/www.hoogstra-autosport.nl\/product\/stilo-wrc-koptelefoon\/#breadcrumb\",\"itemListElement\":[{\"@type\":\"ListItem\",\"position\":1,\"name\":\"Home\",\"item\":\"https:\/\/www.hoogstra-autosport.nl\/\"},{\"@type\":\"ListItem\",\"position\":2,\"name\":\"Uitrusting\",\"item\":\"https:\/\/www.hoogstra-autosport.nl\/product-categorie\/autosport-kleding-helmen\/\"},{\"@type\":\"ListItem\",\"position\":3,\"name\":\"Intercoms &amp; Headsets\",\"item\":\"https:\/\/www.hoogstra-autosport.nl\/product-categorie\/autosport-kleding-helmen\/intercoms-heaqsets\/\"},{\"@type\":\"ListItem\",\"position\":4,\"name\":\"Intercom Toebehoren\",\"item\":\"https:\/\/www.hoogstra-autosport.nl\/product-categorie\/autosport-kleding-helmen\/intercoms-heaqsets\/toebehoren\/\"},{\"@type\":\"ListItem\",\"position\":5,\"name\":\"Stilo WRC Koptelefoon\"}]},{\"@type\":\"WebSite\",\"@id\":\"https:\/\/www.hoogstra-autosport.nl\/#website\",\"url\":\"https:\/\/www.hoogstra-autosport.nl\/\",\"name\":\"Hoogstra Autosport\",\"description\":\"Performance Autosport Parts!\",\"potentialAction\":[{\"@type\":\"SearchAction\",\"target\":{\"@type\":\"EntryPoint\",\"urlTemplate\":\"https:\/\/www.hoogstra-autosport.nl\/?s={search_term_string}\"},\"query-input\":{\"@type\":\"PropertyValueSpecification\",\"valueRequired\":true,\"valueName\":\"search_term_string\"}}],\"inLanguage\":\"de\"}]}<\/script>\n<!-- \/ Yoast SEO plugin. -->","yoast_head_json":{"title":"Stilo WRC Koptelefoon - Hoogstra Autosport","robots":{"index":"index","follow":"follow","max-snippet":"max-snippet:-1","max-image-preview":"max-image-preview:large","max-video-preview":"max-video-preview:-1"},"canonical":"https:\/\/www.hoogstra-autosport.nl\/de\/produkt\/stilo-wrc-koptelefoon\/","og_locale":"de_DE","og_type":"article","og_title":"Stilo WRC Koptelefoon - Hoogstra Autosport","og_description":"De vernieuwde Stilo WRC oefen-headset is speciaal ontworpen voor intensief gebruik tijdens lange ritten op de weg, zelfs in de meest lawaaierige race- en rallyauto\u2019s. Dankzij de verbeterde geluidsisolatie en het comfortabele ontwerp kun je urenlang communiceren zonder hinder van omgevingsgeluid of drukpunten. Deze headset is ontwikkeld als ideale aanvulling op de Stilo WRC03, WRC [&hellip;]","og_url":"https:\/\/www.hoogstra-autosport.nl\/de\/produkt\/stilo-wrc-koptelefoon\/","og_site_name":"Hoogstra Autosport","article_modified_time":"2025-09-25T08:31:27+00:00","og_image":[{"width":748,"height":552,"url":"https:\/\/www.hoogstra-autosport.nl\/teamkoen\/wp-content\/uploads\/2023\/07\/ad0210stiloheadset-df35_1_1.jpg","type":"image\/jpeg"}],"twitter_card":"summary_large_image","twitter_misc":{"Gesch\u00e4tzte Lesezeit":"1\u00a0Minute"},"schema":{"@context":"https:\/\/schema.org","@graph":[{"@type":"WebPage","@id":"https:\/\/www.hoogstra-autosport.nl\/product\/stilo-wrc-koptelefoon\/","url":"https:\/\/www.hoogstra-autosport.nl\/product\/stilo-wrc-koptelefoon\/","name":"Stilo WRC Koptelefoon - Hoogstra Autosport","isPartOf":{"@id":"https:\/\/www.hoogstra-autosport.nl\/#website"},"primaryImageOfPage":{"@id":"https:\/\/www.hoogstra-autosport.nl\/product\/stilo-wrc-koptelefoon\/#primaryimage"},"image":{"@id":"https:\/\/www.hoogstra-autosport.nl\/product\/stilo-wrc-koptelefoon\/#primaryimage"},"thumbnailUrl":"https:\/\/www.hoogstra-autosport.nl\/teamkoen\/wp-content\/uploads\/2023\/07\/ad0210stiloheadset-df35_1_1.jpg","datePublished":"2023-07-06T06:24:15+00:00","dateModified":"2025-09-25T08:31:27+00:00","breadcrumb":{"@id":"https:\/\/www.hoogstra-autosport.nl\/product\/stilo-wrc-koptelefoon\/#breadcrumb"},"inLanguage":"de","potentialAction":[{"@type":"ReadAction","target":["https:\/\/www.hoogstra-autosport.nl\/product\/stilo-wrc-koptelefoon\/"]}]},{"@type":"ImageObject","inLanguage":"de","@id":"https:\/\/www.hoogstra-autosport.nl\/product\/stilo-wrc-koptelefoon\/#primaryimage","url":"https:\/\/www.hoogstra-autosport.nl\/teamkoen\/wp-content\/uploads\/2023\/07\/ad0210stiloheadset-df35_1_1.jpg","contentUrl":"https:\/\/www.hoogstra-autosport.nl\/teamkoen\/wp-content\/uploads\/2023\/07\/ad0210stiloheadset-df35_1_1.jpg","width":748,"height":552},{"@type":"BreadcrumbList","@id":"https:\/\/www.hoogstra-autosport.nl\/product\/stilo-wrc-koptelefoon\/#breadcrumb","itemListElement":[{"@type":"ListItem","position":1,"name":"Home","item":"https:\/\/www.hoogstra-autosport.nl\/"},{"@type":"ListItem","position":2,"name":"Uitrusting","item":"https:\/\/www.hoogstra-autosport.nl\/product-categorie\/autosport-kleding-helmen\/"},{"@type":"ListItem","position":3,"name":"Intercoms &amp; Headsets","item":"https:\/\/www.hoogstra-autosport.nl\/product-categorie\/autosport-kleding-helmen\/intercoms-heaqsets\/"},{"@type":"ListItem","position":4,"name":"Intercom Toebehoren","item":"https:\/\/www.hoogstra-autosport.nl\/product-categorie\/autosport-kleding-helmen\/intercoms-heaqsets\/toebehoren\/"},{"@type":"ListItem","position":5,"name":"Stilo WRC Koptelefoon"}]},{"@type":"WebSite","@id":"https:\/\/www.hoogstra-autosport.nl\/#website","url":"https:\/\/www.hoogstra-autosport.nl\/","name":"Hoogstra Autosport","description":"Performance Autosport Parts!","potentialAction":[{"@type":"SearchAction","target":{"@type":"EntryPoint","urlTemplate":"https:\/\/www.hoogstra-autosport.nl\/?s={search_term_string}"},"query-input":{"@type":"PropertyValueSpecification","valueRequired":true,"valueName":"search_term_string"}}],"inLanguage":"de"}]}},"tiered_pricing_type":"fixed","tiered_pricing_fixed_rules":[],"tiered_pricing_product_settings":{"layout":"default","base_unit_name":{"singular":null,"plural":null},"default_variation":null},"tiered_pricing_minimum_quantity":null,"tiered_pricing_roles_data":[],"tiered_pricing_percentage_rules":[],"tiered_pricing_maximum_quantity":null,"tiered_pricing_quantity_step":null,"_links":{"self":[{"href":"https:\/\/www.hoogstra-autosport.nl\/de\/wp-json\/wp\/v2\/product\/59767","targetHints":{"allow":["GET"]}}],"collection":[{"href":"https:\/\/www.hoogstra-autosport.nl\/de\/wp-json\/wp\/v2\/product"}],"about":[{"href":"https:\/\/www.hoogstra-autosport.nl\/de\/wp-json\/wp\/v2\/types\/product"}],"wp:featuredmedia":[{"embeddable":true,"href":"https:\/\/www.hoogstra-autosport.nl\/de\/wp-json\/wp\/v2\/media\/59770"}],"wp:attachment":[{"href":"https:\/\/www.hoogstra-autosport.nl\/de\/wp-json\/wp\/v2\/media?parent=59767"}],"wp:term":[{"taxonomy":"product_brand","embeddable":true,"href":"https:\/\/www.hoogstra-autosport.nl\/de\/wp-json\/wp\/v2\/product_brand?post=59767"},{"taxonomy":"product_cat","embeddable":true,"href":"https:\/\/www.hoogstra-autosport.nl\/de\/wp-json\/wp\/v2\/product_cat?post=59767"},{"taxonomy":"product_tag","embeddable":true,"href":"https:\/\/www.hoogstra-autosport.nl\/de\/wp-json\/wp\/v2\/product_tag?post=59767"}],"curies":[{"name":"wp","href":"https:\/\/api.w.org\/{rel}","templated":true}]}}