{"id":59690,"date":"2023-07-04T13:31:26","date_gmt":"2023-07-04T11:31:26","guid":{"rendered":"https:\/\/www.hoogstra-autosport.nl\/?post_type=product&#038;p=59690"},"modified":"2024-01-20T13:19:41","modified_gmt":"2024-01-20T12:19:41","slug":"oorkleppen-babys","status":"publish","type":"product","link":"https:\/\/www.hoogstra-autosport.nl\/de\/produkt\/oorkleppen-babys\/","title":{"rendered":"Ohrensch\u00fctzer Babies"},"content":{"rendered":"<p>Beschreibung<\/p>\n<p>Der Baby-Ohrst\u00f6psel von EM's for Babies ist daf\u00fcr gedacht, wenn Sie Ihrem Baby etwas mehr Ruhe g\u00f6nnen m\u00f6chten, damit auch die Eltern mehr Ruhe haben. So kann Ihr Baby friedlich schlafen und wird nicht durch unerwartete laute Ger\u00e4usche aufgeschreckt. Babyohren sind in st\u00e4ndiger Entwicklung und daher empfindlicher f\u00fcr laute Ger\u00e4usche. Auch die Ohren des Babys haben noch einen langen Weg vor sich, also sch\u00fctzen Sie die Ohren Ihres Babys mit den EMs for Baby.<\/p>\n<p>Der Gurt ist verstellbar und f\u00fcr Babys von 3 Monaten bis 24 Monaten geeignet.<\/p>\n<h4>Eigenschaften<\/h4>\n<ul>\n<li>Das Baby erschrickt nicht mehr durch laute, unerwartete Ger\u00e4usche<\/li>\n<li>Der verstellbare Riemen erm\u00f6glicht es jedem Baby, die Ohrensch\u00fctzer anzupassen.<\/li>\n<li>Der verstellbare Gurt sorgt f\u00fcr gleichm\u00e4\u00dfigen Druck auf den Kopf Ihres Babys<\/li>\n<li>Speziell f\u00fcr Babys entwickelt und getestet<\/li>\n<li>EN-352-1:2002 CE-Zertifizierung<\/li>\n<\/ul>\n<h4>Zur Verwendung in<\/h4>\n<ul>\n<li>Verwenden Sie es \u00fcberall dort, wo Ihr Kind mehr Ruhe braucht.<\/li>\n<li>Umgebung mit lauten Ger\u00e4uschen<\/li>\n<li>Musikveranstaltungen<\/li>\n<li>Rennveranstaltungen<\/li>\n<\/ul>","protected":false},"excerpt":{"rendered":"<p>beschrijving De baby oorkap van EM\u2019s voor Baby\u2019s is bedoeld voor wanneer je je baby wat meer rust wilt geven, hiermee heeft de ouder natuurlijk ook meer rust. Hierdoor kan je baby rustig slapen en schrikt hij\/zij niet wakker van onverwacht harde geluiden. Baby oortjes zijn in constante ontwikkeling en daardoor gevoeliger voor harde geluiden. [&hellip;]<\/p>\n","protected":false},"featured_media":59691,"template":"","meta":{"_acf_changed":false},"product_brand":[],"product_cat":[4201,3968],"product_tag":[],"class_list":{"0":"post-59690","1":"product","2":"type-product","3":"status-publish","4":"has-post-thumbnail","6":"product_cat-3m","7":"product_cat-bescherming-veiligheid","8":"product_shipping_class-4016","10":"first","11":"instock","12":"taxable","13":"shipping-taxable","14":"purchasable","15":"product-type-simple"},"acf":[],"yoast_head":"<!-- This site is optimized with the Yoast SEO plugin v27.1.1 - https:\/\/yoast.com\/product\/yoast-seo-wordpress\/ -->\n<title>Oorkleppen Baby&#039;s - Hoogstra Autosport<\/title>\n<meta name=\"robots\" content=\"index, follow, max-snippet:-1, max-image-preview:large, max-video-preview:-1\" \/>\n<link rel=\"canonical\" href=\"https:\/\/www.hoogstra-autosport.nl\/de\/produkt\/oorkleppen-babys\/\" \/>\n<meta property=\"og:locale\" content=\"de_DE\" \/>\n<meta property=\"og:type\" content=\"article\" \/>\n<meta property=\"og:title\" content=\"Oorkleppen Baby&#039;s - Hoogstra Autosport\" \/>\n<meta property=\"og:description\" content=\"beschrijving De baby oorkap van EM\u2019s voor Baby\u2019s is bedoeld voor wanneer je je baby wat meer rust wilt geven, hiermee heeft de ouder natuurlijk ook meer rust. Hierdoor kan je baby rustig slapen en schrikt hij\/zij niet wakker van onverwacht harde geluiden. Baby oortjes zijn in constante ontwikkeling en daardoor gevoeliger voor harde geluiden. [&hellip;]\" \/>\n<meta property=\"og:url\" content=\"https:\/\/www.hoogstra-autosport.nl\/de\/produkt\/oorkleppen-babys\/\" \/>\n<meta property=\"og:site_name\" content=\"Hoogstra Autosport\" \/>\n<meta property=\"article:modified_time\" content=\"2024-01-20T12:19:41+00:00\" \/>\n<meta property=\"og:image\" content=\"https:\/\/www.hoogstra-autosport.nl\/teamkoen\/content\/uploads\/2023\/07\/gehoor-bescherming-baby.jpg\" \/>\n\t<meta property=\"og:image:width\" content=\"986\" \/>\n\t<meta property=\"og:image:height\" content=\"986\" \/>\n\t<meta property=\"og:image:type\" content=\"image\/jpeg\" \/>\n<meta name=\"twitter:card\" content=\"summary_large_image\" \/>\n<meta name=\"twitter:label1\" content=\"Gesch\u00e4tzte Lesezeit\" \/>\n\t<meta name=\"twitter:data1\" content=\"1\u00a0Minute\" \/>\n<script type=\"application\/ld+json\" class=\"yoast-schema-graph\">{\"@context\":\"https:\/\/schema.org\",\"@graph\":[{\"@type\":\"WebPage\",\"@id\":\"https:\/\/www.hoogstra-autosport.nl\/product\/oorkleppen-babys\/\",\"url\":\"https:\/\/www.hoogstra-autosport.nl\/product\/oorkleppen-babys\/\",\"name\":\"Oorkleppen Baby's - Hoogstra Autosport\",\"isPartOf\":{\"@id\":\"https:\/\/www.hoogstra-autosport.nl\/#website\"},\"primaryImageOfPage\":{\"@id\":\"https:\/\/www.hoogstra-autosport.nl\/product\/oorkleppen-babys\/#primaryimage\"},\"image\":{\"@id\":\"https:\/\/www.hoogstra-autosport.nl\/product\/oorkleppen-babys\/#primaryimage\"},\"thumbnailUrl\":\"https:\/\/www.hoogstra-autosport.nl\/teamkoen\/wp-content\/uploads\/2023\/07\/gehoor-bescherming-baby.jpg\",\"datePublished\":\"2023-07-04T11:31:26+00:00\",\"dateModified\":\"2024-01-20T12:19:41+00:00\",\"breadcrumb\":{\"@id\":\"https:\/\/www.hoogstra-autosport.nl\/product\/oorkleppen-babys\/#breadcrumb\"},\"inLanguage\":\"de\",\"potentialAction\":[{\"@type\":\"ReadAction\",\"target\":[\"https:\/\/www.hoogstra-autosport.nl\/product\/oorkleppen-babys\/\"]}]},{\"@type\":\"ImageObject\",\"inLanguage\":\"de\",\"@id\":\"https:\/\/www.hoogstra-autosport.nl\/product\/oorkleppen-babys\/#primaryimage\",\"url\":\"https:\/\/www.hoogstra-autosport.nl\/teamkoen\/wp-content\/uploads\/2023\/07\/gehoor-bescherming-baby.jpg\",\"contentUrl\":\"https:\/\/www.hoogstra-autosport.nl\/teamkoen\/wp-content\/uploads\/2023\/07\/gehoor-bescherming-baby.jpg\",\"width\":986,\"height\":986},{\"@type\":\"BreadcrumbList\",\"@id\":\"https:\/\/www.hoogstra-autosport.nl\/product\/oorkleppen-babys\/#breadcrumb\",\"itemListElement\":[{\"@type\":\"ListItem\",\"position\":1,\"name\":\"Home\",\"item\":\"https:\/\/www.hoogstra-autosport.nl\/\"},{\"@type\":\"ListItem\",\"position\":2,\"name\":\"Werkplaats\",\"item\":\"https:\/\/www.hoogstra-autosport.nl\/product-categorie\/garage-werkplaats-onderhoud\/\"},{\"@type\":\"ListItem\",\"position\":3,\"name\":\"Bescherming &amp; Veiligheid\",\"item\":\"https:\/\/www.hoogstra-autosport.nl\/product-categorie\/garage-werkplaats-onderhoud\/bescherming-veiligheid\/\"},{\"@type\":\"ListItem\",\"position\":4,\"name\":\"Oorkleppen Baby&#8217;s\"}]},{\"@type\":\"WebSite\",\"@id\":\"https:\/\/www.hoogstra-autosport.nl\/#website\",\"url\":\"https:\/\/www.hoogstra-autosport.nl\/\",\"name\":\"Hoogstra Autosport\",\"description\":\"Performance Autosport Parts!\",\"potentialAction\":[{\"@type\":\"SearchAction\",\"target\":{\"@type\":\"EntryPoint\",\"urlTemplate\":\"https:\/\/www.hoogstra-autosport.nl\/?s={search_term_string}\"},\"query-input\":{\"@type\":\"PropertyValueSpecification\",\"valueRequired\":true,\"valueName\":\"search_term_string\"}}],\"inLanguage\":\"de\"}]}<\/script>\n<!-- \/ Yoast SEO plugin. -->","yoast_head_json":{"title":"Oorkleppen Baby's - Hoogstra Autosport","robots":{"index":"index","follow":"follow","max-snippet":"max-snippet:-1","max-image-preview":"max-image-preview:large","max-video-preview":"max-video-preview:-1"},"canonical":"https:\/\/www.hoogstra-autosport.nl\/de\/produkt\/oorkleppen-babys\/","og_locale":"de_DE","og_type":"article","og_title":"Oorkleppen Baby's - Hoogstra Autosport","og_description":"beschrijving De baby oorkap van EM\u2019s voor Baby\u2019s is bedoeld voor wanneer je je baby wat meer rust wilt geven, hiermee heeft de ouder natuurlijk ook meer rust. Hierdoor kan je baby rustig slapen en schrikt hij\/zij niet wakker van onverwacht harde geluiden. Baby oortjes zijn in constante ontwikkeling en daardoor gevoeliger voor harde geluiden. [&hellip;]","og_url":"https:\/\/www.hoogstra-autosport.nl\/de\/produkt\/oorkleppen-babys\/","og_site_name":"Hoogstra Autosport","article_modified_time":"2024-01-20T12:19:41+00:00","og_image":[{"width":986,"height":986,"url":"https:\/\/www.hoogstra-autosport.nl\/teamkoen\/content\/uploads\/2023\/07\/gehoor-bescherming-baby.jpg","type":"image\/jpeg"}],"twitter_card":"summary_large_image","twitter_misc":{"Gesch\u00e4tzte Lesezeit":"1\u00a0Minute"},"schema":{"@context":"https:\/\/schema.org","@graph":[{"@type":"WebPage","@id":"https:\/\/www.hoogstra-autosport.nl\/product\/oorkleppen-babys\/","url":"https:\/\/www.hoogstra-autosport.nl\/product\/oorkleppen-babys\/","name":"Oorkleppen Baby's - Hoogstra Autosport","isPartOf":{"@id":"https:\/\/www.hoogstra-autosport.nl\/#website"},"primaryImageOfPage":{"@id":"https:\/\/www.hoogstra-autosport.nl\/product\/oorkleppen-babys\/#primaryimage"},"image":{"@id":"https:\/\/www.hoogstra-autosport.nl\/product\/oorkleppen-babys\/#primaryimage"},"thumbnailUrl":"https:\/\/www.hoogstra-autosport.nl\/teamkoen\/wp-content\/uploads\/2023\/07\/gehoor-bescherming-baby.jpg","datePublished":"2023-07-04T11:31:26+00:00","dateModified":"2024-01-20T12:19:41+00:00","breadcrumb":{"@id":"https:\/\/www.hoogstra-autosport.nl\/product\/oorkleppen-babys\/#breadcrumb"},"inLanguage":"de","potentialAction":[{"@type":"ReadAction","target":["https:\/\/www.hoogstra-autosport.nl\/product\/oorkleppen-babys\/"]}]},{"@type":"ImageObject","inLanguage":"de","@id":"https:\/\/www.hoogstra-autosport.nl\/product\/oorkleppen-babys\/#primaryimage","url":"https:\/\/www.hoogstra-autosport.nl\/teamkoen\/wp-content\/uploads\/2023\/07\/gehoor-bescherming-baby.jpg","contentUrl":"https:\/\/www.hoogstra-autosport.nl\/teamkoen\/wp-content\/uploads\/2023\/07\/gehoor-bescherming-baby.jpg","width":986,"height":986},{"@type":"BreadcrumbList","@id":"https:\/\/www.hoogstra-autosport.nl\/product\/oorkleppen-babys\/#breadcrumb","itemListElement":[{"@type":"ListItem","position":1,"name":"Home","item":"https:\/\/www.hoogstra-autosport.nl\/"},{"@type":"ListItem","position":2,"name":"Werkplaats","item":"https:\/\/www.hoogstra-autosport.nl\/product-categorie\/garage-werkplaats-onderhoud\/"},{"@type":"ListItem","position":3,"name":"Bescherming &amp; Veiligheid","item":"https:\/\/www.hoogstra-autosport.nl\/product-categorie\/garage-werkplaats-onderhoud\/bescherming-veiligheid\/"},{"@type":"ListItem","position":4,"name":"Oorkleppen Baby&#8217;s"}]},{"@type":"WebSite","@id":"https:\/\/www.hoogstra-autosport.nl\/#website","url":"https:\/\/www.hoogstra-autosport.nl\/","name":"Hoogstra Autosport","description":"Performance Autosport Parts!","potentialAction":[{"@type":"SearchAction","target":{"@type":"EntryPoint","urlTemplate":"https:\/\/www.hoogstra-autosport.nl\/?s={search_term_string}"},"query-input":{"@type":"PropertyValueSpecification","valueRequired":true,"valueName":"search_term_string"}}],"inLanguage":"de"}]}},"tiered_pricing_type":"fixed","tiered_pricing_fixed_rules":[],"tiered_pricing_product_settings":{"layout":"default","base_unit_name":{"singular":null,"plural":null},"default_variation":null},"tiered_pricing_minimum_quantity":null,"tiered_pricing_roles_data":[],"tiered_pricing_percentage_rules":[],"tiered_pricing_maximum_quantity":null,"tiered_pricing_quantity_step":null,"_links":{"self":[{"href":"https:\/\/www.hoogstra-autosport.nl\/de\/wp-json\/wp\/v2\/product\/59690","targetHints":{"allow":["GET"]}}],"collection":[{"href":"https:\/\/www.hoogstra-autosport.nl\/de\/wp-json\/wp\/v2\/product"}],"about":[{"href":"https:\/\/www.hoogstra-autosport.nl\/de\/wp-json\/wp\/v2\/types\/product"}],"wp:featuredmedia":[{"embeddable":true,"href":"https:\/\/www.hoogstra-autosport.nl\/de\/wp-json\/wp\/v2\/media\/59691"}],"wp:attachment":[{"href":"https:\/\/www.hoogstra-autosport.nl\/de\/wp-json\/wp\/v2\/media?parent=59690"}],"wp:term":[{"taxonomy":"product_brand","embeddable":true,"href":"https:\/\/www.hoogstra-autosport.nl\/de\/wp-json\/wp\/v2\/product_brand?post=59690"},{"taxonomy":"product_cat","embeddable":true,"href":"https:\/\/www.hoogstra-autosport.nl\/de\/wp-json\/wp\/v2\/product_cat?post=59690"},{"taxonomy":"product_tag","embeddable":true,"href":"https:\/\/www.hoogstra-autosport.nl\/de\/wp-json\/wp\/v2\/product_tag?post=59690"}],"curies":[{"name":"wp","href":"https:\/\/api.w.org\/{rel}","templated":true}]}}