{"id":5720,"date":"2011-02-20T10:59:29","date_gmt":"2011-02-20T09:59:29","guid":{"rendered":"http:\/\/hoogstra-autosport.nl\/?product=remblokjes-voor-grimeca-2-zuiger"},"modified":"2025-12-11T17:04:49","modified_gmt":"2025-12-11T16:04:49","slug":"remblokjes-voor-grimeca-2-zuiger","status":"publish","type":"product","link":"https:\/\/www.hoogstra-autosport.nl\/de\/produkt\/remblokjes-voor-grimeca-2-zuiger\/","title":{"rendered":"Bremsbel\u00e4ge f\u00fcr Grimeca 2 Piston"},"content":{"rendered":"<p>Bremsbel\u00e4ge 2 Kolben<\/p>\n<p>2 St\u00fcck f\u00fcr diesen Preis<\/p>\n<p>Sinterbronze, kann also Hitze gut widerstehen.<\/p>\n<p>Geeignet f\u00fcr<\/p>\n<p>- 2-Kolben Grimeca ( alter Typ original )<\/p>\n<p>- 2-Kolben identisch Grimeca ( Grau)<\/p>","protected":false},"excerpt":{"rendered":"<p>Remblokjes 2 zuiger 2 stuks voor deze prijs Sinterbrons dus kan goed tegen warmte. Passend voor &#8211; 2 zuiger Grimeca ( oude type origineel ) &#8211; 2 zuiger Identiek Grimeca ( Grijs)<\/p>","protected":false},"featured_media":95124,"template":"","meta":{"_acf_changed":false},"product_brand":[],"product_cat":[2850],"product_tag":[],"class_list":{"0":"post-5720","1":"product","2":"type-product","3":"status-publish","4":"has-post-thumbnail","6":"product_cat-remblokken","7":"product_shipping_class-4016","9":"first","10":"instock","11":"taxable","12":"shipping-taxable","13":"purchasable","14":"product-type-simple"},"acf":[],"yoast_head":"<!-- This site is optimized with the Yoast SEO plugin v27.1.1 - https:\/\/yoast.com\/product\/yoast-seo-wordpress\/ -->\n<title>Remblokjes voor Grimeca 2 Zuiger - Hoogstra Autosport<\/title>\n<meta name=\"description\" content=\"remmen\" \/>\n<meta name=\"robots\" content=\"index, follow, max-snippet:-1, max-image-preview:large, max-video-preview:-1\" \/>\n<link rel=\"canonical\" href=\"https:\/\/www.hoogstra-autosport.nl\/de\/produkt\/remblokjes-voor-grimeca-2-zuiger\/\" \/>\n<meta property=\"og:locale\" content=\"de_DE\" \/>\n<meta property=\"og:type\" content=\"article\" \/>\n<meta property=\"og:title\" content=\"Remblokjes voor Grimeca 2 Zuiger - Hoogstra Autosport\" \/>\n<meta property=\"og:description\" content=\"remmen\" \/>\n<meta property=\"og:url\" content=\"https:\/\/www.hoogstra-autosport.nl\/de\/produkt\/remblokjes-voor-grimeca-2-zuiger\/\" \/>\n<meta property=\"og:site_name\" content=\"Hoogstra Autosport\" \/>\n<meta property=\"article:modified_time\" content=\"2025-12-11T16:04:49+00:00\" \/>\n<meta property=\"og:image\" content=\"https:\/\/www.hoogstra-autosport.nl\/teamkoen\/wp-content\/uploads\/2011\/02\/Untitled-Project-47.jpg\" \/>\n\t<meta property=\"og:image:width\" content=\"1080\" \/>\n\t<meta property=\"og:image:height\" content=\"1080\" \/>\n\t<meta property=\"og:image:type\" content=\"image\/jpeg\" \/>\n<meta name=\"twitter:card\" content=\"summary_large_image\" \/>\n<meta name=\"twitter:label1\" content=\"Gesch\u00e4tzte Lesezeit\" \/>\n\t<meta name=\"twitter:data1\" content=\"1\u00a0Minute\" \/>\n<script type=\"application\/ld+json\" class=\"yoast-schema-graph\">{\"@context\":\"https:\/\/schema.org\",\"@graph\":[{\"@type\":\"WebPage\",\"@id\":\"https:\/\/www.hoogstra-autosport.nl\/product\/remblokjes-voor-grimeca-2-zuiger\/\",\"url\":\"https:\/\/www.hoogstra-autosport.nl\/product\/remblokjes-voor-grimeca-2-zuiger\/\",\"name\":\"Remblokjes voor Grimeca 2 Zuiger - Hoogstra Autosport\",\"isPartOf\":{\"@id\":\"https:\/\/www.hoogstra-autosport.nl\/#website\"},\"primaryImageOfPage\":{\"@id\":\"https:\/\/www.hoogstra-autosport.nl\/product\/remblokjes-voor-grimeca-2-zuiger\/#primaryimage\"},\"image\":{\"@id\":\"https:\/\/www.hoogstra-autosport.nl\/product\/remblokjes-voor-grimeca-2-zuiger\/#primaryimage\"},\"thumbnailUrl\":\"https:\/\/www.hoogstra-autosport.nl\/teamkoen\/wp-content\/uploads\/2011\/02\/Untitled-Project-47.jpg\",\"datePublished\":\"2011-02-20T09:59:29+00:00\",\"dateModified\":\"2025-12-11T16:04:49+00:00\",\"description\":\"remmen\",\"breadcrumb\":{\"@id\":\"https:\/\/www.hoogstra-autosport.nl\/product\/remblokjes-voor-grimeca-2-zuiger\/#breadcrumb\"},\"inLanguage\":\"de\",\"potentialAction\":[{\"@type\":\"ReadAction\",\"target\":[\"https:\/\/www.hoogstra-autosport.nl\/product\/remblokjes-voor-grimeca-2-zuiger\/\"]}]},{\"@type\":\"ImageObject\",\"inLanguage\":\"de\",\"@id\":\"https:\/\/www.hoogstra-autosport.nl\/product\/remblokjes-voor-grimeca-2-zuiger\/#primaryimage\",\"url\":\"https:\/\/www.hoogstra-autosport.nl\/teamkoen\/wp-content\/uploads\/2011\/02\/Untitled-Project-47.jpg\",\"contentUrl\":\"https:\/\/www.hoogstra-autosport.nl\/teamkoen\/wp-content\/uploads\/2011\/02\/Untitled-Project-47.jpg\",\"width\":1080,\"height\":1080},{\"@type\":\"BreadcrumbList\",\"@id\":\"https:\/\/www.hoogstra-autosport.nl\/product\/remblokjes-voor-grimeca-2-zuiger\/#breadcrumb\",\"itemListElement\":[{\"@type\":\"ListItem\",\"position\":1,\"name\":\"Home\",\"item\":\"https:\/\/www.hoogstra-autosport.nl\/\"},{\"@type\":\"ListItem\",\"position\":2,\"name\":\"Remmen\",\"item\":\"https:\/\/www.hoogstra-autosport.nl\/product-categorie\/remmen-2\/\"},{\"@type\":\"ListItem\",\"position\":3,\"name\":\"Remblokken\",\"item\":\"https:\/\/www.hoogstra-autosport.nl\/product-categorie\/remmen-2\/remblokken\/\"},{\"@type\":\"ListItem\",\"position\":4,\"name\":\"Remblokjes voor Grimeca 2 Zuiger\"}]},{\"@type\":\"WebSite\",\"@id\":\"https:\/\/www.hoogstra-autosport.nl\/#website\",\"url\":\"https:\/\/www.hoogstra-autosport.nl\/\",\"name\":\"Hoogstra Autosport\",\"description\":\"Performance Autosport Parts!\",\"potentialAction\":[{\"@type\":\"SearchAction\",\"target\":{\"@type\":\"EntryPoint\",\"urlTemplate\":\"https:\/\/www.hoogstra-autosport.nl\/?s={search_term_string}\"},\"query-input\":{\"@type\":\"PropertyValueSpecification\",\"valueRequired\":true,\"valueName\":\"search_term_string\"}}],\"inLanguage\":\"de\"}]}<\/script>\n<!-- \/ Yoast SEO plugin. -->","yoast_head_json":{"title":"Remblokjes voor Grimeca 2 Zuiger - Hoogstra Autosport","description":"remmen","robots":{"index":"index","follow":"follow","max-snippet":"max-snippet:-1","max-image-preview":"max-image-preview:large","max-video-preview":"max-video-preview:-1"},"canonical":"https:\/\/www.hoogstra-autosport.nl\/de\/produkt\/remblokjes-voor-grimeca-2-zuiger\/","og_locale":"de_DE","og_type":"article","og_title":"Remblokjes voor Grimeca 2 Zuiger - Hoogstra Autosport","og_description":"remmen","og_url":"https:\/\/www.hoogstra-autosport.nl\/de\/produkt\/remblokjes-voor-grimeca-2-zuiger\/","og_site_name":"Hoogstra Autosport","article_modified_time":"2025-12-11T16:04:49+00:00","og_image":[{"width":1080,"height":1080,"url":"https:\/\/www.hoogstra-autosport.nl\/teamkoen\/wp-content\/uploads\/2011\/02\/Untitled-Project-47.jpg","type":"image\/jpeg"}],"twitter_card":"summary_large_image","twitter_misc":{"Gesch\u00e4tzte Lesezeit":"1\u00a0Minute"},"schema":{"@context":"https:\/\/schema.org","@graph":[{"@type":"WebPage","@id":"https:\/\/www.hoogstra-autosport.nl\/product\/remblokjes-voor-grimeca-2-zuiger\/","url":"https:\/\/www.hoogstra-autosport.nl\/product\/remblokjes-voor-grimeca-2-zuiger\/","name":"Remblokjes voor Grimeca 2 Zuiger - Hoogstra Autosport","isPartOf":{"@id":"https:\/\/www.hoogstra-autosport.nl\/#website"},"primaryImageOfPage":{"@id":"https:\/\/www.hoogstra-autosport.nl\/product\/remblokjes-voor-grimeca-2-zuiger\/#primaryimage"},"image":{"@id":"https:\/\/www.hoogstra-autosport.nl\/product\/remblokjes-voor-grimeca-2-zuiger\/#primaryimage"},"thumbnailUrl":"https:\/\/www.hoogstra-autosport.nl\/teamkoen\/wp-content\/uploads\/2011\/02\/Untitled-Project-47.jpg","datePublished":"2011-02-20T09:59:29+00:00","dateModified":"2025-12-11T16:04:49+00:00","description":"remmen","breadcrumb":{"@id":"https:\/\/www.hoogstra-autosport.nl\/product\/remblokjes-voor-grimeca-2-zuiger\/#breadcrumb"},"inLanguage":"de","potentialAction":[{"@type":"ReadAction","target":["https:\/\/www.hoogstra-autosport.nl\/product\/remblokjes-voor-grimeca-2-zuiger\/"]}]},{"@type":"ImageObject","inLanguage":"de","@id":"https:\/\/www.hoogstra-autosport.nl\/product\/remblokjes-voor-grimeca-2-zuiger\/#primaryimage","url":"https:\/\/www.hoogstra-autosport.nl\/teamkoen\/wp-content\/uploads\/2011\/02\/Untitled-Project-47.jpg","contentUrl":"https:\/\/www.hoogstra-autosport.nl\/teamkoen\/wp-content\/uploads\/2011\/02\/Untitled-Project-47.jpg","width":1080,"height":1080},{"@type":"BreadcrumbList","@id":"https:\/\/www.hoogstra-autosport.nl\/product\/remblokjes-voor-grimeca-2-zuiger\/#breadcrumb","itemListElement":[{"@type":"ListItem","position":1,"name":"Home","item":"https:\/\/www.hoogstra-autosport.nl\/"},{"@type":"ListItem","position":2,"name":"Remmen","item":"https:\/\/www.hoogstra-autosport.nl\/product-categorie\/remmen-2\/"},{"@type":"ListItem","position":3,"name":"Remblokken","item":"https:\/\/www.hoogstra-autosport.nl\/product-categorie\/remmen-2\/remblokken\/"},{"@type":"ListItem","position":4,"name":"Remblokjes voor Grimeca 2 Zuiger"}]},{"@type":"WebSite","@id":"https:\/\/www.hoogstra-autosport.nl\/#website","url":"https:\/\/www.hoogstra-autosport.nl\/","name":"Hoogstra Autosport","description":"Performance Autosport Parts!","potentialAction":[{"@type":"SearchAction","target":{"@type":"EntryPoint","urlTemplate":"https:\/\/www.hoogstra-autosport.nl\/?s={search_term_string}"},"query-input":{"@type":"PropertyValueSpecification","valueRequired":true,"valueName":"search_term_string"}}],"inLanguage":"de"}]}},"tiered_pricing_type":"fixed","tiered_pricing_fixed_rules":[],"tiered_pricing_product_settings":{"layout":"default","base_unit_name":{"singular":null,"plural":null},"default_variation":null},"tiered_pricing_minimum_quantity":null,"tiered_pricing_roles_data":[],"tiered_pricing_percentage_rules":[],"tiered_pricing_maximum_quantity":null,"tiered_pricing_quantity_step":null,"_links":{"self":[{"href":"https:\/\/www.hoogstra-autosport.nl\/de\/wp-json\/wp\/v2\/product\/5720","targetHints":{"allow":["GET"]}}],"collection":[{"href":"https:\/\/www.hoogstra-autosport.nl\/de\/wp-json\/wp\/v2\/product"}],"about":[{"href":"https:\/\/www.hoogstra-autosport.nl\/de\/wp-json\/wp\/v2\/types\/product"}],"wp:featuredmedia":[{"embeddable":true,"href":"https:\/\/www.hoogstra-autosport.nl\/de\/wp-json\/wp\/v2\/media\/95124"}],"wp:attachment":[{"href":"https:\/\/www.hoogstra-autosport.nl\/de\/wp-json\/wp\/v2\/media?parent=5720"}],"wp:term":[{"taxonomy":"product_brand","embeddable":true,"href":"https:\/\/www.hoogstra-autosport.nl\/de\/wp-json\/wp\/v2\/product_brand?post=5720"},{"taxonomy":"product_cat","embeddable":true,"href":"https:\/\/www.hoogstra-autosport.nl\/de\/wp-json\/wp\/v2\/product_cat?post=5720"},{"taxonomy":"product_tag","embeddable":true,"href":"https:\/\/www.hoogstra-autosport.nl\/de\/wp-json\/wp\/v2\/product_tag?post=5720"}],"curies":[{"name":"wp","href":"https:\/\/api.w.org\/{rel}","templated":true}]}}