{"id":5627,"date":"2011-01-05T13:56:01","date_gmt":"2011-01-05T13:56:01","guid":{"rendered":"http:\/\/hoogstra-autosport.nl\/?product=mocal-oliekoeler-330-mm-12-bsp"},"modified":"2025-11-25T10:36:06","modified_gmt":"2025-11-25T09:36:06","slug":"mocal-oliekoeler-330-mm-12-bsp","status":"publish","type":"product","link":"https:\/\/www.hoogstra-autosport.nl\/de\/produkt\/mocal-oliekoeler-330-mm-12-bsp\/","title":{"rendered":"Mocal \u00d6lk\u00fchler 330 mm 1\/2 BSP"},"content":{"rendered":"<p>Mocal \u00d6lk\u00fchler<\/p>\n<p>Anschluss mit 1\/2 Zoll Au\u00dfengewinde<\/p>\n<p>Verf\u00fcgbar in<\/p>\n<p>K\u00fchlblock 230 MM breit<\/p>\n<p>Gesamtbreite 330 mm<\/p>\n<p>Mit unterschiedlichen Reihen und Preisen.<\/p>\n<p>Alle Zubeh\u00f6rteile auch Schl\u00e4uche und Kupplungen und Adapter erh\u00e4ltlich.<\/p>","protected":false},"excerpt":{"rendered":"<p>Mocal Oliekoeler 1\/2 duims buitendraad aansluiting Verkrijgbaar in Koelblok 230 MM breed Totaal 330 mm Breed Met verschillende rijen en prijzen. Alle toebehoren ook leverbaar slangen en koppelingen en adapters.<\/p>","protected":false},"featured_media":93714,"template":"","meta":{"_acf_changed":false},"product_brand":[],"product_cat":[2742],"product_tag":[],"class_list":{"0":"post-5627","1":"product","2":"type-product","3":"status-publish","4":"has-post-thumbnail","6":"product_cat-mocal-oliekoelers","7":"product_shipping_class-4017","9":"first","10":"instock","11":"taxable","12":"shipping-taxable","13":"purchasable","14":"product-type-variable"},"acf":[],"yoast_head":"<!-- This site is optimized with the Yoast SEO plugin v27.1.1 - https:\/\/yoast.com\/product\/yoast-seo-wordpress\/ -->\n<title>Mocal Oliekoeler 330 mm 1\/2 BSP - Hoogstra Autosport<\/title>\n<meta name=\"description\" content=\"Olie\" \/>\n<meta name=\"robots\" content=\"index, follow, max-snippet:-1, max-image-preview:large, max-video-preview:-1\" \/>\n<link rel=\"canonical\" href=\"https:\/\/www.hoogstra-autosport.nl\/de\/produkt\/mocal-oliekoeler-330-mm-12-bsp\/\" \/>\n<meta property=\"og:locale\" content=\"de_DE\" \/>\n<meta property=\"og:type\" content=\"article\" \/>\n<meta property=\"og:title\" content=\"Mocal Oliekoeler 330 mm 1\/2 BSP - Hoogstra Autosport\" \/>\n<meta property=\"og:description\" content=\"Olie\" \/>\n<meta property=\"og:url\" content=\"https:\/\/www.hoogstra-autosport.nl\/de\/produkt\/mocal-oliekoeler-330-mm-12-bsp\/\" \/>\n<meta property=\"og:site_name\" content=\"Hoogstra Autosport\" \/>\n<meta property=\"article:modified_time\" content=\"2025-11-25T09:36:06+00:00\" \/>\n<meta property=\"og:image\" content=\"https:\/\/www.hoogstra-autosport.nl\/teamkoen\/wp-content\/uploads\/2018\/12\/Mocal-oilcooler.jpg\" \/>\n\t<meta property=\"og:image:width\" content=\"1080\" \/>\n\t<meta property=\"og:image:height\" content=\"1080\" \/>\n\t<meta property=\"og:image:type\" content=\"image\/jpeg\" \/>\n<meta name=\"twitter:card\" content=\"summary_large_image\" \/>\n<meta name=\"twitter:label1\" content=\"Gesch\u00e4tzte Lesezeit\" \/>\n\t<meta name=\"twitter:data1\" content=\"1\u00a0Minute\" \/>\n<script type=\"application\/ld+json\" class=\"yoast-schema-graph\">{\"@context\":\"https:\/\/schema.org\",\"@graph\":[{\"@type\":\"WebPage\",\"@id\":\"https:\/\/www.hoogstra-autosport.nl\/product\/mocal-oliekoeler-330-mm-12-bsp\/\",\"url\":\"https:\/\/www.hoogstra-autosport.nl\/product\/mocal-oliekoeler-330-mm-12-bsp\/\",\"name\":\"Mocal Oliekoeler 330 mm 1\/2 BSP - Hoogstra Autosport\",\"isPartOf\":{\"@id\":\"https:\/\/www.hoogstra-autosport.nl\/#website\"},\"primaryImageOfPage\":{\"@id\":\"https:\/\/www.hoogstra-autosport.nl\/product\/mocal-oliekoeler-330-mm-12-bsp\/#primaryimage\"},\"image\":{\"@id\":\"https:\/\/www.hoogstra-autosport.nl\/product\/mocal-oliekoeler-330-mm-12-bsp\/#primaryimage\"},\"thumbnailUrl\":\"https:\/\/www.hoogstra-autosport.nl\/teamkoen\/wp-content\/uploads\/2018\/12\/Mocal-oilcooler.jpg\",\"datePublished\":\"2011-01-05T13:56:01+00:00\",\"dateModified\":\"2025-11-25T09:36:06+00:00\",\"description\":\"Olie\",\"breadcrumb\":{\"@id\":\"https:\/\/www.hoogstra-autosport.nl\/product\/mocal-oliekoeler-330-mm-12-bsp\/#breadcrumb\"},\"inLanguage\":\"de\",\"potentialAction\":[{\"@type\":\"ReadAction\",\"target\":[\"https:\/\/www.hoogstra-autosport.nl\/product\/mocal-oliekoeler-330-mm-12-bsp\/\"]}]},{\"@type\":\"ImageObject\",\"inLanguage\":\"de\",\"@id\":\"https:\/\/www.hoogstra-autosport.nl\/product\/mocal-oliekoeler-330-mm-12-bsp\/#primaryimage\",\"url\":\"https:\/\/www.hoogstra-autosport.nl\/teamkoen\/wp-content\/uploads\/2018\/12\/Mocal-oilcooler.jpg\",\"contentUrl\":\"https:\/\/www.hoogstra-autosport.nl\/teamkoen\/wp-content\/uploads\/2018\/12\/Mocal-oilcooler.jpg\",\"width\":1080,\"height\":1080},{\"@type\":\"BreadcrumbList\",\"@id\":\"https:\/\/www.hoogstra-autosport.nl\/product\/mocal-oliekoeler-330-mm-12-bsp\/#breadcrumb\",\"itemListElement\":[{\"@type\":\"ListItem\",\"position\":1,\"name\":\"Home\",\"item\":\"https:\/\/www.hoogstra-autosport.nl\/\"},{\"@type\":\"ListItem\",\"position\":2,\"name\":\"Motorisch\",\"item\":\"https:\/\/www.hoogstra-autosport.nl\/product-categorie\/auto-techniek\/\"},{\"@type\":\"ListItem\",\"position\":3,\"name\":\"Olie Koelers &amp; Adapters\",\"item\":\"https:\/\/www.hoogstra-autosport.nl\/product-categorie\/auto-techniek\/motor-compartiment\/\"},{\"@type\":\"ListItem\",\"position\":4,\"name\":\"Mocal Oliekoelers\",\"item\":\"https:\/\/www.hoogstra-autosport.nl\/product-categorie\/auto-techniek\/motor-compartiment\/mocal-oliekoelers\/\"},{\"@type\":\"ListItem\",\"position\":5,\"name\":\"Mocal Oliekoeler 330 mm 1\/2 BSP\"}]},{\"@type\":\"WebSite\",\"@id\":\"https:\/\/www.hoogstra-autosport.nl\/#website\",\"url\":\"https:\/\/www.hoogstra-autosport.nl\/\",\"name\":\"Hoogstra Autosport\",\"description\":\"Performance Autosport Parts!\",\"potentialAction\":[{\"@type\":\"SearchAction\",\"target\":{\"@type\":\"EntryPoint\",\"urlTemplate\":\"https:\/\/www.hoogstra-autosport.nl\/?s={search_term_string}\"},\"query-input\":{\"@type\":\"PropertyValueSpecification\",\"valueRequired\":true,\"valueName\":\"search_term_string\"}}],\"inLanguage\":\"de\"}]}<\/script>\n<!-- \/ Yoast SEO plugin. -->","yoast_head_json":{"title":"Mocal Oliekoeler 330 mm 1\/2 BSP - Hoogstra Autosport","description":"\u00d6l","robots":{"index":"index","follow":"follow","max-snippet":"max-snippet:-1","max-image-preview":"max-image-preview:large","max-video-preview":"max-video-preview:-1"},"canonical":"https:\/\/www.hoogstra-autosport.nl\/de\/produkt\/mocal-oliekoeler-330-mm-12-bsp\/","og_locale":"de_DE","og_type":"article","og_title":"Mocal Oliekoeler 330 mm 1\/2 BSP - Hoogstra Autosport","og_description":"Olie","og_url":"https:\/\/www.hoogstra-autosport.nl\/de\/produkt\/mocal-oliekoeler-330-mm-12-bsp\/","og_site_name":"Hoogstra Autosport","article_modified_time":"2025-11-25T09:36:06+00:00","og_image":[{"width":1080,"height":1080,"url":"https:\/\/www.hoogstra-autosport.nl\/teamkoen\/wp-content\/uploads\/2018\/12\/Mocal-oilcooler.jpg","type":"image\/jpeg"}],"twitter_card":"summary_large_image","twitter_misc":{"Gesch\u00e4tzte Lesezeit":"1\u00a0Minute"},"schema":{"@context":"https:\/\/schema.org","@graph":[{"@type":"WebPage","@id":"https:\/\/www.hoogstra-autosport.nl\/product\/mocal-oliekoeler-330-mm-12-bsp\/","url":"https:\/\/www.hoogstra-autosport.nl\/product\/mocal-oliekoeler-330-mm-12-bsp\/","name":"Mocal Oliekoeler 330 mm 1\/2 BSP - Hoogstra Autosport","isPartOf":{"@id":"https:\/\/www.hoogstra-autosport.nl\/#website"},"primaryImageOfPage":{"@id":"https:\/\/www.hoogstra-autosport.nl\/product\/mocal-oliekoeler-330-mm-12-bsp\/#primaryimage"},"image":{"@id":"https:\/\/www.hoogstra-autosport.nl\/product\/mocal-oliekoeler-330-mm-12-bsp\/#primaryimage"},"thumbnailUrl":"https:\/\/www.hoogstra-autosport.nl\/teamkoen\/wp-content\/uploads\/2018\/12\/Mocal-oilcooler.jpg","datePublished":"2011-01-05T13:56:01+00:00","dateModified":"2025-11-25T09:36:06+00:00","description":"\u00d6l","breadcrumb":{"@id":"https:\/\/www.hoogstra-autosport.nl\/product\/mocal-oliekoeler-330-mm-12-bsp\/#breadcrumb"},"inLanguage":"de","potentialAction":[{"@type":"ReadAction","target":["https:\/\/www.hoogstra-autosport.nl\/product\/mocal-oliekoeler-330-mm-12-bsp\/"]}]},{"@type":"ImageObject","inLanguage":"de","@id":"https:\/\/www.hoogstra-autosport.nl\/product\/mocal-oliekoeler-330-mm-12-bsp\/#primaryimage","url":"https:\/\/www.hoogstra-autosport.nl\/teamkoen\/wp-content\/uploads\/2018\/12\/Mocal-oilcooler.jpg","contentUrl":"https:\/\/www.hoogstra-autosport.nl\/teamkoen\/wp-content\/uploads\/2018\/12\/Mocal-oilcooler.jpg","width":1080,"height":1080},{"@type":"BreadcrumbList","@id":"https:\/\/www.hoogstra-autosport.nl\/product\/mocal-oliekoeler-330-mm-12-bsp\/#breadcrumb","itemListElement":[{"@type":"ListItem","position":1,"name":"Home","item":"https:\/\/www.hoogstra-autosport.nl\/"},{"@type":"ListItem","position":2,"name":"Motorisch","item":"https:\/\/www.hoogstra-autosport.nl\/product-categorie\/auto-techniek\/"},{"@type":"ListItem","position":3,"name":"Olie Koelers &amp; Adapters","item":"https:\/\/www.hoogstra-autosport.nl\/product-categorie\/auto-techniek\/motor-compartiment\/"},{"@type":"ListItem","position":4,"name":"Mocal Oliekoelers","item":"https:\/\/www.hoogstra-autosport.nl\/product-categorie\/auto-techniek\/motor-compartiment\/mocal-oliekoelers\/"},{"@type":"ListItem","position":5,"name":"Mocal Oliekoeler 330 mm 1\/2 BSP"}]},{"@type":"WebSite","@id":"https:\/\/www.hoogstra-autosport.nl\/#website","url":"https:\/\/www.hoogstra-autosport.nl\/","name":"Hoogstra Autosport","description":"Performance Autosport Parts!","potentialAction":[{"@type":"SearchAction","target":{"@type":"EntryPoint","urlTemplate":"https:\/\/www.hoogstra-autosport.nl\/?s={search_term_string}"},"query-input":{"@type":"PropertyValueSpecification","valueRequired":true,"valueName":"search_term_string"}}],"inLanguage":"de"}]}},"tiered_pricing_type":"fixed","tiered_pricing_fixed_rules":[],"tiered_pricing_product_settings":{"layout":"default","base_unit_name":{"singular":null,"plural":null},"default_variation":null},"tiered_pricing_minimum_quantity":null,"tiered_pricing_roles_data":[],"tiered_pricing_percentage_rules":[],"tiered_pricing_maximum_quantity":null,"tiered_pricing_quantity_step":null,"_links":{"self":[{"href":"https:\/\/www.hoogstra-autosport.nl\/de\/wp-json\/wp\/v2\/product\/5627","targetHints":{"allow":["GET"]}}],"collection":[{"href":"https:\/\/www.hoogstra-autosport.nl\/de\/wp-json\/wp\/v2\/product"}],"about":[{"href":"https:\/\/www.hoogstra-autosport.nl\/de\/wp-json\/wp\/v2\/types\/product"}],"wp:featuredmedia":[{"embeddable":true,"href":"https:\/\/www.hoogstra-autosport.nl\/de\/wp-json\/wp\/v2\/media\/93714"}],"wp:attachment":[{"href":"https:\/\/www.hoogstra-autosport.nl\/de\/wp-json\/wp\/v2\/media?parent=5627"}],"wp:term":[{"taxonomy":"product_brand","embeddable":true,"href":"https:\/\/www.hoogstra-autosport.nl\/de\/wp-json\/wp\/v2\/product_brand?post=5627"},{"taxonomy":"product_cat","embeddable":true,"href":"https:\/\/www.hoogstra-autosport.nl\/de\/wp-json\/wp\/v2\/product_cat?post=5627"},{"taxonomy":"product_tag","embeddable":true,"href":"https:\/\/www.hoogstra-autosport.nl\/de\/wp-json\/wp\/v2\/product_tag?post=5627"}],"curies":[{"name":"wp","href":"https:\/\/api.w.org\/{rel}","templated":true}]}}