{"id":55713,"date":"2023-03-27T16:46:41","date_gmt":"2023-03-27T14:46:41","guid":{"rendered":"https:\/\/www.hoogstra-autosport.nl\/?post_type=product&#038;p=55713"},"modified":"2025-02-18T11:40:39","modified_gmt":"2025-02-18T10:40:39","slug":"race-ceiver-element-2","status":"publish","type":"product","link":"https:\/\/www.hoogstra-autosport.nl\/de\/produkt\/race-ceiver-element-2\/","title":{"rendered":"Ethnie Ceiver Element"},"content":{"rendered":"<div>Der RACEceiver Element wurde entwickelt, um den Fahrern zu helfen, sicher zu bleiben und jederzeit genau zu wissen, was auf der Strecke passiert.<\/div>\n<div><\/div>\n<div>Lauter, klarer und deutlicher Ton hilft Ihnen, informiert zu bleiben, sich anzustellen und gr\u00fcn zu werden.<\/div>\n<div><\/div>\n<div>Vorprogrammierte Kan\u00e4le, w\u00e4hlen Sie einfach den gew\u00fcnschten Kanal aus und los geht's!<\/div>\n<div><\/div>\n<div>Unkompliziert - 1-Wege-Funk - f\u00fcr alle Rennen zugelassen<\/div>\n<div><\/div>\n<div>Reibungslosere Rennen, weniger Zwischenf\u00e4lle und mehr Zeit auf der Strecke.<\/div>\n<div><\/div>\n<div>- Eingebauter wiederaufladbarer Li-Ion-Akku, der bis zu 24 Stunden h\u00e4lt<\/div>\n<div>- Wasser- und staubbest\u00e4ndig Entwickelt f\u00fcr nasse und schmutzige Umgebungen<\/div>\n<div>- Tastensperre Kein versehentlicher Kanalwechsel mehr<\/div>\n<div>- Laut genug, um auch in den schwierigsten Umgebungen geh\u00f6rt zu werden<\/div>\n<div><\/div>\n<div><\/div>\n<div>Wird mit Ladekabel geliefert<\/div>\n<div>ohne Ohrst\u00f6psel<\/div>","protected":false},"excerpt":{"rendered":"<p>De RACEceiver Element is ontworpen om coureurs te helpen veilig te blijven en te allen tijde precies op de hoogte te zijn van wat er op het circuit gebeurt. Luide, heldere, heldere audio helpt je op de hoogte te blijven, in de rij te gaan staan en groen te krijgen. Voorgeprogrammeerde kanalen, kies gewoon het [&hellip;]<\/p>\n","protected":false},"featured_media":55714,"template":"","meta":{"_acf_changed":false},"product_brand":[],"product_cat":[3803,4255],"product_tag":[],"class_list":{"0":"post-55713","1":"product","2":"type-product","3":"status-publish","4":"has-post-thumbnail","6":"product_cat-intercoms-heaqsets","7":"product_cat-raceceivers","8":"product_shipping_class-4016","10":"first","11":"instock","12":"taxable","13":"shipping-taxable","14":"purchasable","15":"product-type-simple"},"acf":[],"yoast_head":"<!-- This site is optimized with the Yoast SEO plugin v27.1.1 - https:\/\/yoast.com\/product\/yoast-seo-wordpress\/ -->\n<title>Race Ceiver Element - Hoogstra Autosport<\/title>\n<meta name=\"robots\" content=\"index, follow, max-snippet:-1, max-image-preview:large, max-video-preview:-1\" \/>\n<link rel=\"canonical\" href=\"https:\/\/www.hoogstra-autosport.nl\/de\/produkt\/race-ceiver-element-2\/\" \/>\n<meta property=\"og:locale\" content=\"de_DE\" \/>\n<meta property=\"og:type\" content=\"article\" \/>\n<meta property=\"og:title\" content=\"Race Ceiver Element - Hoogstra Autosport\" \/>\n<meta property=\"og:description\" content=\"De RACEceiver Element is ontworpen om coureurs te helpen veilig te blijven en te allen tijde precies op de hoogte te zijn van wat er op het circuit gebeurt. Luide, heldere, heldere audio helpt je op de hoogte te blijven, in de rij te gaan staan en groen te krijgen. Voorgeprogrammeerde kanalen, kies gewoon het [&hellip;]\" \/>\n<meta property=\"og:url\" content=\"https:\/\/www.hoogstra-autosport.nl\/de\/produkt\/race-ceiver-element-2\/\" \/>\n<meta property=\"og:site_name\" content=\"Hoogstra Autosport\" \/>\n<meta property=\"article:modified_time\" content=\"2025-02-18T10:40:39+00:00\" \/>\n<meta property=\"og:image\" content=\"https:\/\/www.hoogstra-autosport.nl\/teamkoen\/content\/uploads\/2023\/03\/raceceiver-element-13.jpg\" \/>\n\t<meta property=\"og:image:width\" content=\"1425\" \/>\n\t<meta property=\"og:image:height\" content=\"950\" \/>\n\t<meta property=\"og:image:type\" content=\"image\/jpeg\" \/>\n<meta name=\"twitter:card\" content=\"summary_large_image\" \/>\n<meta name=\"twitter:label1\" content=\"Gesch\u00e4tzte Lesezeit\" \/>\n\t<meta name=\"twitter:data1\" content=\"1\u00a0Minute\" \/>\n<script type=\"application\/ld+json\" class=\"yoast-schema-graph\">{\"@context\":\"https:\/\/schema.org\",\"@graph\":[{\"@type\":\"WebPage\",\"@id\":\"https:\/\/www.hoogstra-autosport.nl\/product\/race-ceiver-element-2\/\",\"url\":\"https:\/\/www.hoogstra-autosport.nl\/product\/race-ceiver-element-2\/\",\"name\":\"Race Ceiver Element - Hoogstra Autosport\",\"isPartOf\":{\"@id\":\"https:\/\/www.hoogstra-autosport.nl\/#website\"},\"primaryImageOfPage\":{\"@id\":\"https:\/\/www.hoogstra-autosport.nl\/product\/race-ceiver-element-2\/#primaryimage\"},\"image\":{\"@id\":\"https:\/\/www.hoogstra-autosport.nl\/product\/race-ceiver-element-2\/#primaryimage\"},\"thumbnailUrl\":\"https:\/\/www.hoogstra-autosport.nl\/teamkoen\/wp-content\/uploads\/2023\/03\/raceceiver-element-13.jpg\",\"datePublished\":\"2023-03-27T14:46:41+00:00\",\"dateModified\":\"2025-02-18T10:40:39+00:00\",\"breadcrumb\":{\"@id\":\"https:\/\/www.hoogstra-autosport.nl\/product\/race-ceiver-element-2\/#breadcrumb\"},\"inLanguage\":\"de\",\"potentialAction\":[{\"@type\":\"ReadAction\",\"target\":[\"https:\/\/www.hoogstra-autosport.nl\/product\/race-ceiver-element-2\/\"]}]},{\"@type\":\"ImageObject\",\"inLanguage\":\"de\",\"@id\":\"https:\/\/www.hoogstra-autosport.nl\/product\/race-ceiver-element-2\/#primaryimage\",\"url\":\"https:\/\/www.hoogstra-autosport.nl\/teamkoen\/wp-content\/uploads\/2023\/03\/raceceiver-element-13.jpg\",\"contentUrl\":\"https:\/\/www.hoogstra-autosport.nl\/teamkoen\/wp-content\/uploads\/2023\/03\/raceceiver-element-13.jpg\",\"width\":1425,\"height\":950},{\"@type\":\"BreadcrumbList\",\"@id\":\"https:\/\/www.hoogstra-autosport.nl\/product\/race-ceiver-element-2\/#breadcrumb\",\"itemListElement\":[{\"@type\":\"ListItem\",\"position\":1,\"name\":\"Home\",\"item\":\"https:\/\/www.hoogstra-autosport.nl\/\"},{\"@type\":\"ListItem\",\"position\":2,\"name\":\"Uitrusting\",\"item\":\"https:\/\/www.hoogstra-autosport.nl\/product-categorie\/autosport-kleding-helmen\/\"},{\"@type\":\"ListItem\",\"position\":3,\"name\":\"Intercoms &amp; Headsets\",\"item\":\"https:\/\/www.hoogstra-autosport.nl\/product-categorie\/autosport-kleding-helmen\/intercoms-heaqsets\/\"},{\"@type\":\"ListItem\",\"position\":4,\"name\":\"Race Ceiver Element\"}]},{\"@type\":\"WebSite\",\"@id\":\"https:\/\/www.hoogstra-autosport.nl\/#website\",\"url\":\"https:\/\/www.hoogstra-autosport.nl\/\",\"name\":\"Hoogstra Autosport\",\"description\":\"Performance Autosport Parts!\",\"potentialAction\":[{\"@type\":\"SearchAction\",\"target\":{\"@type\":\"EntryPoint\",\"urlTemplate\":\"https:\/\/www.hoogstra-autosport.nl\/?s={search_term_string}\"},\"query-input\":{\"@type\":\"PropertyValueSpecification\",\"valueRequired\":true,\"valueName\":\"search_term_string\"}}],\"inLanguage\":\"de\"}]}<\/script>\n<!-- \/ Yoast SEO plugin. -->","yoast_head_json":{"title":"Race Ceiver Element - Hoogstra Autosport","robots":{"index":"index","follow":"follow","max-snippet":"max-snippet:-1","max-image-preview":"max-image-preview:large","max-video-preview":"max-video-preview:-1"},"canonical":"https:\/\/www.hoogstra-autosport.nl\/de\/produkt\/race-ceiver-element-2\/","og_locale":"de_DE","og_type":"article","og_title":"Race Ceiver Element - Hoogstra Autosport","og_description":"De RACEceiver Element is ontworpen om coureurs te helpen veilig te blijven en te allen tijde precies op de hoogte te zijn van wat er op het circuit gebeurt. Luide, heldere, heldere audio helpt je op de hoogte te blijven, in de rij te gaan staan en groen te krijgen. Voorgeprogrammeerde kanalen, kies gewoon het [&hellip;]","og_url":"https:\/\/www.hoogstra-autosport.nl\/de\/produkt\/race-ceiver-element-2\/","og_site_name":"Hoogstra Autosport","article_modified_time":"2025-02-18T10:40:39+00:00","og_image":[{"width":1425,"height":950,"url":"https:\/\/www.hoogstra-autosport.nl\/teamkoen\/content\/uploads\/2023\/03\/raceceiver-element-13.jpg","type":"image\/jpeg"}],"twitter_card":"summary_large_image","twitter_misc":{"Gesch\u00e4tzte Lesezeit":"1\u00a0Minute"},"schema":{"@context":"https:\/\/schema.org","@graph":[{"@type":"WebPage","@id":"https:\/\/www.hoogstra-autosport.nl\/product\/race-ceiver-element-2\/","url":"https:\/\/www.hoogstra-autosport.nl\/product\/race-ceiver-element-2\/","name":"Race Ceiver Element - Hoogstra Autosport","isPartOf":{"@id":"https:\/\/www.hoogstra-autosport.nl\/#website"},"primaryImageOfPage":{"@id":"https:\/\/www.hoogstra-autosport.nl\/product\/race-ceiver-element-2\/#primaryimage"},"image":{"@id":"https:\/\/www.hoogstra-autosport.nl\/product\/race-ceiver-element-2\/#primaryimage"},"thumbnailUrl":"https:\/\/www.hoogstra-autosport.nl\/teamkoen\/wp-content\/uploads\/2023\/03\/raceceiver-element-13.jpg","datePublished":"2023-03-27T14:46:41+00:00","dateModified":"2025-02-18T10:40:39+00:00","breadcrumb":{"@id":"https:\/\/www.hoogstra-autosport.nl\/product\/race-ceiver-element-2\/#breadcrumb"},"inLanguage":"de","potentialAction":[{"@type":"ReadAction","target":["https:\/\/www.hoogstra-autosport.nl\/product\/race-ceiver-element-2\/"]}]},{"@type":"ImageObject","inLanguage":"de","@id":"https:\/\/www.hoogstra-autosport.nl\/product\/race-ceiver-element-2\/#primaryimage","url":"https:\/\/www.hoogstra-autosport.nl\/teamkoen\/wp-content\/uploads\/2023\/03\/raceceiver-element-13.jpg","contentUrl":"https:\/\/www.hoogstra-autosport.nl\/teamkoen\/wp-content\/uploads\/2023\/03\/raceceiver-element-13.jpg","width":1425,"height":950},{"@type":"BreadcrumbList","@id":"https:\/\/www.hoogstra-autosport.nl\/product\/race-ceiver-element-2\/#breadcrumb","itemListElement":[{"@type":"ListItem","position":1,"name":"Home","item":"https:\/\/www.hoogstra-autosport.nl\/"},{"@type":"ListItem","position":2,"name":"Uitrusting","item":"https:\/\/www.hoogstra-autosport.nl\/product-categorie\/autosport-kleding-helmen\/"},{"@type":"ListItem","position":3,"name":"Intercoms &amp; Headsets","item":"https:\/\/www.hoogstra-autosport.nl\/product-categorie\/autosport-kleding-helmen\/intercoms-heaqsets\/"},{"@type":"ListItem","position":4,"name":"Race Ceiver Element"}]},{"@type":"WebSite","@id":"https:\/\/www.hoogstra-autosport.nl\/#website","url":"https:\/\/www.hoogstra-autosport.nl\/","name":"Hoogstra Autosport","description":"Performance Autosport Parts!","potentialAction":[{"@type":"SearchAction","target":{"@type":"EntryPoint","urlTemplate":"https:\/\/www.hoogstra-autosport.nl\/?s={search_term_string}"},"query-input":{"@type":"PropertyValueSpecification","valueRequired":true,"valueName":"search_term_string"}}],"inLanguage":"de"}]}},"tiered_pricing_type":"fixed","tiered_pricing_fixed_rules":[],"tiered_pricing_product_settings":{"layout":"default","base_unit_name":{"singular":null,"plural":null},"default_variation":null},"tiered_pricing_minimum_quantity":null,"tiered_pricing_roles_data":[],"tiered_pricing_percentage_rules":[],"tiered_pricing_maximum_quantity":null,"tiered_pricing_quantity_step":null,"_links":{"self":[{"href":"https:\/\/www.hoogstra-autosport.nl\/de\/wp-json\/wp\/v2\/product\/55713","targetHints":{"allow":["GET"]}}],"collection":[{"href":"https:\/\/www.hoogstra-autosport.nl\/de\/wp-json\/wp\/v2\/product"}],"about":[{"href":"https:\/\/www.hoogstra-autosport.nl\/de\/wp-json\/wp\/v2\/types\/product"}],"wp:featuredmedia":[{"embeddable":true,"href":"https:\/\/www.hoogstra-autosport.nl\/de\/wp-json\/wp\/v2\/media\/55714"}],"wp:attachment":[{"href":"https:\/\/www.hoogstra-autosport.nl\/de\/wp-json\/wp\/v2\/media?parent=55713"}],"wp:term":[{"taxonomy":"product_brand","embeddable":true,"href":"https:\/\/www.hoogstra-autosport.nl\/de\/wp-json\/wp\/v2\/product_brand?post=55713"},{"taxonomy":"product_cat","embeddable":true,"href":"https:\/\/www.hoogstra-autosport.nl\/de\/wp-json\/wp\/v2\/product_cat?post=55713"},{"taxonomy":"product_tag","embeddable":true,"href":"https:\/\/www.hoogstra-autosport.nl\/de\/wp-json\/wp\/v2\/product_tag?post=55713"}],"curies":[{"name":"wp","href":"https:\/\/api.w.org\/{rel}","templated":true}]}}