{"id":54125,"date":"2023-02-09T09:57:28","date_gmt":"2023-02-09T08:57:28","guid":{"rendered":"https:\/\/www.hoogstra-autosport.nl\/?post_type=product&#038;p=54125"},"modified":"2025-12-02T11:02:05","modified_gmt":"2025-12-02T10:02:05","slug":"powersprint-uitlaatreductiepijp-4-traps","status":"publish","type":"product","link":"https:\/\/www.hoogstra-autosport.nl\/de\/produkt\/powersprint-uitlaatreductiepijp-4-traps\/","title":{"rendered":"Powersprint Abgasreduzierrohr 4-stufig"},"content":{"rendered":"<p>Das Reduzierrohr kann entsprechend gek\u00fcrzt werden. W\u00e4hrend die Powersprint Construct Auspuffmuffe f\u00fcr die Verbindung von Auspuffrohren mit gleichem Durchmesser vorgesehen ist, sind die Powersprint Edelstahl-Reduzierrohre f\u00fcr die Verbindung von Rohren mit unterschiedlichen Rohrdurchmessern vorgesehen. Ob 2-stufig oder 4-stufig, die Powersprint Construct-Reduzierrohre sind perfekt f\u00fcr den Einbau in eine Abgasanlage mit unterschiedlichen Rohrdurchmessern geeignet.<\/p>\n<p>Wandst\u00e4rke: 1,5 mm<br \/>\nGesamtl\u00e4nge ca.: 160 mm bis 195 mm<\/p>\n<p>Die Gr\u00f6\u00dfen werden innen gemessen.<\/p>","protected":false},"excerpt":{"rendered":"<p>De reductiebuis kan dienovereenkomstig worden ingekort. Terwijl de Powersprint Construct uitlaathuls bedoeld is voor het aansluiten van uitlaatpijpen met dezelfde diameter, zijn de Powersprint roestvrijstalen reductiebuizen bedoeld voor het verbinden van buizen met verschillende pijpdoorsneden. Of het nu gaat om een 2-traps of 4-traps versie, de Powersprint Construct reductiepijpen zijn perfect voor installatie in een [&hellip;]<\/p>\n","protected":false},"featured_media":94351,"template":"","meta":{"_acf_changed":false},"product_brand":[],"product_cat":[3891],"product_tag":[],"class_list":{"0":"post-54125","1":"product","2":"type-product","3":"status-publish","4":"has-post-thumbnail","6":"product_cat-uitlaatbochten","7":"product_shipping_class-4016","9":"first","10":"instock","11":"taxable","12":"shipping-taxable","13":"purchasable","14":"product-type-variable"},"acf":[],"yoast_head":"<!-- This site is optimized with the Yoast SEO plugin v27.1.1 - https:\/\/yoast.com\/product\/yoast-seo-wordpress\/ -->\n<title>Powersprint uitlaatreductiepijp 4-traps - Hoogstra Autosport<\/title>\n<meta name=\"robots\" content=\"index, follow, max-snippet:-1, max-image-preview:large, max-video-preview:-1\" \/>\n<link rel=\"canonical\" href=\"https:\/\/www.hoogstra-autosport.nl\/de\/produkt\/powersprint-uitlaatreductiepijp-4-traps\/\" \/>\n<meta property=\"og:locale\" content=\"de_DE\" \/>\n<meta property=\"og:type\" content=\"article\" \/>\n<meta property=\"og:title\" content=\"Powersprint uitlaatreductiepijp 4-traps - Hoogstra Autosport\" \/>\n<meta property=\"og:description\" content=\"De reductiebuis kan dienovereenkomstig worden ingekort. Terwijl de Powersprint Construct uitlaathuls bedoeld is voor het aansluiten van uitlaatpijpen met dezelfde diameter, zijn de Powersprint roestvrijstalen reductiebuizen bedoeld voor het verbinden van buizen met verschillende pijpdoorsneden. Of het nu gaat om een 2-traps of 4-traps versie, de Powersprint Construct reductiepijpen zijn perfect voor installatie in een [&hellip;]\" \/>\n<meta property=\"og:url\" content=\"https:\/\/www.hoogstra-autosport.nl\/de\/produkt\/powersprint-uitlaatreductiepijp-4-traps\/\" \/>\n<meta property=\"og:site_name\" content=\"Hoogstra Autosport\" \/>\n<meta property=\"article:modified_time\" content=\"2025-12-02T10:02:05+00:00\" \/>\n<meta property=\"og:image\" content=\"https:\/\/www.hoogstra-autosport.nl\/teamkoen\/wp-content\/uploads\/2023\/02\/Untitled-Project-2025-12-02T110154.631.jpg\" \/>\n\t<meta property=\"og:image:width\" content=\"1080\" \/>\n\t<meta property=\"og:image:height\" content=\"1080\" \/>\n\t<meta property=\"og:image:type\" content=\"image\/jpeg\" \/>\n<meta name=\"twitter:card\" content=\"summary_large_image\" \/>\n<meta name=\"twitter:label1\" content=\"Gesch\u00e4tzte Lesezeit\" \/>\n\t<meta name=\"twitter:data1\" content=\"1\u00a0Minute\" \/>\n<script type=\"application\/ld+json\" class=\"yoast-schema-graph\">{\"@context\":\"https:\/\/schema.org\",\"@graph\":[{\"@type\":\"WebPage\",\"@id\":\"https:\/\/www.hoogstra-autosport.nl\/product\/powersprint-uitlaatreductiepijp-4-traps\/\",\"url\":\"https:\/\/www.hoogstra-autosport.nl\/product\/powersprint-uitlaatreductiepijp-4-traps\/\",\"name\":\"Powersprint uitlaatreductiepijp 4-traps - Hoogstra Autosport\",\"isPartOf\":{\"@id\":\"https:\/\/www.hoogstra-autosport.nl\/#website\"},\"primaryImageOfPage\":{\"@id\":\"https:\/\/www.hoogstra-autosport.nl\/product\/powersprint-uitlaatreductiepijp-4-traps\/#primaryimage\"},\"image\":{\"@id\":\"https:\/\/www.hoogstra-autosport.nl\/product\/powersprint-uitlaatreductiepijp-4-traps\/#primaryimage\"},\"thumbnailUrl\":\"https:\/\/www.hoogstra-autosport.nl\/teamkoen\/wp-content\/uploads\/2023\/02\/Untitled-Project-2025-12-02T110154.631.jpg\",\"datePublished\":\"2023-02-09T08:57:28+00:00\",\"dateModified\":\"2025-12-02T10:02:05+00:00\",\"breadcrumb\":{\"@id\":\"https:\/\/www.hoogstra-autosport.nl\/product\/powersprint-uitlaatreductiepijp-4-traps\/#breadcrumb\"},\"inLanguage\":\"de\",\"potentialAction\":[{\"@type\":\"ReadAction\",\"target\":[\"https:\/\/www.hoogstra-autosport.nl\/product\/powersprint-uitlaatreductiepijp-4-traps\/\"]}]},{\"@type\":\"ImageObject\",\"inLanguage\":\"de\",\"@id\":\"https:\/\/www.hoogstra-autosport.nl\/product\/powersprint-uitlaatreductiepijp-4-traps\/#primaryimage\",\"url\":\"https:\/\/www.hoogstra-autosport.nl\/teamkoen\/wp-content\/uploads\/2023\/02\/Untitled-Project-2025-12-02T110154.631.jpg\",\"contentUrl\":\"https:\/\/www.hoogstra-autosport.nl\/teamkoen\/wp-content\/uploads\/2023\/02\/Untitled-Project-2025-12-02T110154.631.jpg\",\"width\":1080,\"height\":1080},{\"@type\":\"BreadcrumbList\",\"@id\":\"https:\/\/www.hoogstra-autosport.nl\/product\/powersprint-uitlaatreductiepijp-4-traps\/#breadcrumb\",\"itemListElement\":[{\"@type\":\"ListItem\",\"position\":1,\"name\":\"Home\",\"item\":\"https:\/\/www.hoogstra-autosport.nl\/\"},{\"@type\":\"ListItem\",\"position\":2,\"name\":\"Motorisch\",\"item\":\"https:\/\/www.hoogstra-autosport.nl\/product-categorie\/auto-techniek\/\"},{\"@type\":\"ListItem\",\"position\":3,\"name\":\"Uitlaten &amp; Isolatie &amp; Motor\",\"item\":\"https:\/\/www.hoogstra-autosport.nl\/product-categorie\/auto-techniek\/motoren-techniek-inlaat-uitlaat\/\"},{\"@type\":\"ListItem\",\"position\":4,\"name\":\"Uitlaatbochten &amp; Stukken\",\"item\":\"https:\/\/www.hoogstra-autosport.nl\/product-categorie\/auto-techniek\/motoren-techniek-inlaat-uitlaat\/uitlaatbochten\/\"},{\"@type\":\"ListItem\",\"position\":5,\"name\":\"Powersprint uitlaatreductiepijp 4-traps\"}]},{\"@type\":\"WebSite\",\"@id\":\"https:\/\/www.hoogstra-autosport.nl\/#website\",\"url\":\"https:\/\/www.hoogstra-autosport.nl\/\",\"name\":\"Hoogstra Autosport\",\"description\":\"Performance Autosport Parts!\",\"potentialAction\":[{\"@type\":\"SearchAction\",\"target\":{\"@type\":\"EntryPoint\",\"urlTemplate\":\"https:\/\/www.hoogstra-autosport.nl\/?s={search_term_string}\"},\"query-input\":{\"@type\":\"PropertyValueSpecification\",\"valueRequired\":true,\"valueName\":\"search_term_string\"}}],\"inLanguage\":\"de\"}]}<\/script>\n<!-- \/ Yoast SEO plugin. -->","yoast_head_json":{"title":"Powersprint uitlaatreductiepijp 4-traps - Hoogstra Autosport","robots":{"index":"index","follow":"follow","max-snippet":"max-snippet:-1","max-image-preview":"max-image-preview:large","max-video-preview":"max-video-preview:-1"},"canonical":"https:\/\/www.hoogstra-autosport.nl\/de\/produkt\/powersprint-uitlaatreductiepijp-4-traps\/","og_locale":"de_DE","og_type":"article","og_title":"Powersprint uitlaatreductiepijp 4-traps - Hoogstra Autosport","og_description":"De reductiebuis kan dienovereenkomstig worden ingekort. Terwijl de Powersprint Construct uitlaathuls bedoeld is voor het aansluiten van uitlaatpijpen met dezelfde diameter, zijn de Powersprint roestvrijstalen reductiebuizen bedoeld voor het verbinden van buizen met verschillende pijpdoorsneden. Of het nu gaat om een 2-traps of 4-traps versie, de Powersprint Construct reductiepijpen zijn perfect voor installatie in een [&hellip;]","og_url":"https:\/\/www.hoogstra-autosport.nl\/de\/produkt\/powersprint-uitlaatreductiepijp-4-traps\/","og_site_name":"Hoogstra Autosport","article_modified_time":"2025-12-02T10:02:05+00:00","og_image":[{"width":1080,"height":1080,"url":"https:\/\/www.hoogstra-autosport.nl\/teamkoen\/wp-content\/uploads\/2023\/02\/Untitled-Project-2025-12-02T110154.631.jpg","type":"image\/jpeg"}],"twitter_card":"summary_large_image","twitter_misc":{"Gesch\u00e4tzte Lesezeit":"1\u00a0Minute"},"schema":{"@context":"https:\/\/schema.org","@graph":[{"@type":"WebPage","@id":"https:\/\/www.hoogstra-autosport.nl\/product\/powersprint-uitlaatreductiepijp-4-traps\/","url":"https:\/\/www.hoogstra-autosport.nl\/product\/powersprint-uitlaatreductiepijp-4-traps\/","name":"Powersprint uitlaatreductiepijp 4-traps - Hoogstra Autosport","isPartOf":{"@id":"https:\/\/www.hoogstra-autosport.nl\/#website"},"primaryImageOfPage":{"@id":"https:\/\/www.hoogstra-autosport.nl\/product\/powersprint-uitlaatreductiepijp-4-traps\/#primaryimage"},"image":{"@id":"https:\/\/www.hoogstra-autosport.nl\/product\/powersprint-uitlaatreductiepijp-4-traps\/#primaryimage"},"thumbnailUrl":"https:\/\/www.hoogstra-autosport.nl\/teamkoen\/wp-content\/uploads\/2023\/02\/Untitled-Project-2025-12-02T110154.631.jpg","datePublished":"2023-02-09T08:57:28+00:00","dateModified":"2025-12-02T10:02:05+00:00","breadcrumb":{"@id":"https:\/\/www.hoogstra-autosport.nl\/product\/powersprint-uitlaatreductiepijp-4-traps\/#breadcrumb"},"inLanguage":"de","potentialAction":[{"@type":"ReadAction","target":["https:\/\/www.hoogstra-autosport.nl\/product\/powersprint-uitlaatreductiepijp-4-traps\/"]}]},{"@type":"ImageObject","inLanguage":"de","@id":"https:\/\/www.hoogstra-autosport.nl\/product\/powersprint-uitlaatreductiepijp-4-traps\/#primaryimage","url":"https:\/\/www.hoogstra-autosport.nl\/teamkoen\/wp-content\/uploads\/2023\/02\/Untitled-Project-2025-12-02T110154.631.jpg","contentUrl":"https:\/\/www.hoogstra-autosport.nl\/teamkoen\/wp-content\/uploads\/2023\/02\/Untitled-Project-2025-12-02T110154.631.jpg","width":1080,"height":1080},{"@type":"BreadcrumbList","@id":"https:\/\/www.hoogstra-autosport.nl\/product\/powersprint-uitlaatreductiepijp-4-traps\/#breadcrumb","itemListElement":[{"@type":"ListItem","position":1,"name":"Home","item":"https:\/\/www.hoogstra-autosport.nl\/"},{"@type":"ListItem","position":2,"name":"Motorisch","item":"https:\/\/www.hoogstra-autosport.nl\/product-categorie\/auto-techniek\/"},{"@type":"ListItem","position":3,"name":"Uitlaten &amp; Isolatie &amp; Motor","item":"https:\/\/www.hoogstra-autosport.nl\/product-categorie\/auto-techniek\/motoren-techniek-inlaat-uitlaat\/"},{"@type":"ListItem","position":4,"name":"Uitlaatbochten &amp; Stukken","item":"https:\/\/www.hoogstra-autosport.nl\/product-categorie\/auto-techniek\/motoren-techniek-inlaat-uitlaat\/uitlaatbochten\/"},{"@type":"ListItem","position":5,"name":"Powersprint uitlaatreductiepijp 4-traps"}]},{"@type":"WebSite","@id":"https:\/\/www.hoogstra-autosport.nl\/#website","url":"https:\/\/www.hoogstra-autosport.nl\/","name":"Hoogstra Autosport","description":"Performance Autosport Parts!","potentialAction":[{"@type":"SearchAction","target":{"@type":"EntryPoint","urlTemplate":"https:\/\/www.hoogstra-autosport.nl\/?s={search_term_string}"},"query-input":{"@type":"PropertyValueSpecification","valueRequired":true,"valueName":"search_term_string"}}],"inLanguage":"de"}]}},"tiered_pricing_type":"fixed","tiered_pricing_fixed_rules":[],"tiered_pricing_product_settings":{"layout":"default","base_unit_name":{"singular":null,"plural":null},"default_variation":null},"tiered_pricing_minimum_quantity":null,"tiered_pricing_roles_data":[],"tiered_pricing_percentage_rules":[],"tiered_pricing_maximum_quantity":null,"tiered_pricing_quantity_step":null,"_links":{"self":[{"href":"https:\/\/www.hoogstra-autosport.nl\/de\/wp-json\/wp\/v2\/product\/54125","targetHints":{"allow":["GET"]}}],"collection":[{"href":"https:\/\/www.hoogstra-autosport.nl\/de\/wp-json\/wp\/v2\/product"}],"about":[{"href":"https:\/\/www.hoogstra-autosport.nl\/de\/wp-json\/wp\/v2\/types\/product"}],"wp:featuredmedia":[{"embeddable":true,"href":"https:\/\/www.hoogstra-autosport.nl\/de\/wp-json\/wp\/v2\/media\/94351"}],"wp:attachment":[{"href":"https:\/\/www.hoogstra-autosport.nl\/de\/wp-json\/wp\/v2\/media?parent=54125"}],"wp:term":[{"taxonomy":"product_brand","embeddable":true,"href":"https:\/\/www.hoogstra-autosport.nl\/de\/wp-json\/wp\/v2\/product_brand?post=54125"},{"taxonomy":"product_cat","embeddable":true,"href":"https:\/\/www.hoogstra-autosport.nl\/de\/wp-json\/wp\/v2\/product_cat?post=54125"},{"taxonomy":"product_tag","embeddable":true,"href":"https:\/\/www.hoogstra-autosport.nl\/de\/wp-json\/wp\/v2\/product_tag?post=54125"}],"curies":[{"name":"wp","href":"https:\/\/api.w.org\/{rel}","templated":true}]}}