{"id":53617,"date":"2023-01-26T20:12:32","date_gmt":"2023-01-26T19:12:32","guid":{"rendered":"https:\/\/www.hoogstra-autosport.nl\/?post_type=product&#038;p=53617"},"modified":"2025-06-17T14:49:19","modified_gmt":"2025-06-17T12:49:19","slug":"brandwerende-onderkleding-wit-fia-8856-2018-complete-set","status":"publish","type":"product","link":"https:\/\/www.hoogstra-autosport.nl\/de\/produkt\/brandwerende-onderkleding-wit-fia-8856-2018-complete-set\/","title":{"rendered":"Feuerfeste Unterw\u00e4sche Wei\u00df Beltenick FIA 8856-2018 Komplettset"},"content":{"rendered":"<p>Feuerfeste Unterw\u00e4sche FIA-Homologation und FIA-Aufkleber<\/p>\n<p>- Hosen<\/p>\n<p>- Hemd<\/p>\n<p>- Balaclava offen oder Augen<\/p>\n<p>- Socken<\/p>\n<p>&nbsp;<\/p>\n<p>Erf\u00fcllt die Anforderungen FIA8856-2018<\/p>","protected":false},"excerpt":{"rendered":"<p>Brandwerende Onderkleding FIA Homologatie en FIA Sticker &#8211; Broek &#8211; Shirt &#8211; Balaclava open of ogen &#8211; Sokken &nbsp; Voldoet aan eisen FIA8856-2018<\/p>","protected":false},"featured_media":53632,"template":"","meta":{"_acf_changed":false},"product_brand":[],"product_cat":[3903,3800],"product_tag":[],"class_list":{"0":"post-53617","1":"product","2":"type-product","3":"status-publish","4":"has-post-thumbnail","6":"product_cat-combi-aanbiedingen","7":"product_cat-onderkleding-fia-beltenick-rrs","8":"product_shipping_class-4016","10":"first","11":"instock","12":"taxable","13":"shipping-taxable","14":"purchasable","15":"product-type-variable"},"acf":[],"yoast_head":"<!-- This site is optimized with the Yoast SEO plugin v27.1.1 - https:\/\/yoast.com\/product\/yoast-seo-wordpress\/ -->\n<title>Brandwerende Onderkleding Wit Beltenick FIA 8856-2018 Complete Set - Hoogstra Autosport<\/title>\n<meta name=\"robots\" content=\"index, follow, max-snippet:-1, max-image-preview:large, max-video-preview:-1\" \/>\n<link rel=\"canonical\" href=\"https:\/\/www.hoogstra-autosport.nl\/de\/produkt\/brandwerende-onderkleding-wit-fia-8856-2018-complete-set\/\" \/>\n<meta property=\"og:locale\" content=\"de_DE\" \/>\n<meta property=\"og:type\" content=\"article\" \/>\n<meta property=\"og:title\" content=\"Brandwerende Onderkleding Wit Beltenick FIA 8856-2018 Complete Set - Hoogstra Autosport\" \/>\n<meta property=\"og:description\" content=\"Brandwerende Onderkleding FIA Homologatie en FIA Sticker &#8211; Broek &#8211; Shirt &#8211; Balaclava open of ogen &#8211; Sokken &nbsp; Voldoet aan eisen FIA8856-2018\" \/>\n<meta property=\"og:url\" content=\"https:\/\/www.hoogstra-autosport.nl\/de\/produkt\/brandwerende-onderkleding-wit-fia-8856-2018-complete-set\/\" \/>\n<meta property=\"og:site_name\" content=\"Hoogstra Autosport\" \/>\n<meta property=\"article:modified_time\" content=\"2025-06-17T12:49:19+00:00\" \/>\n<meta property=\"og:image\" content=\"https:\/\/hoogstra-autosport.nl\/teamkoen\/content\/uploads\/2023\/01\/onderkleding-wit-compleet.png\" \/>\n\t<meta property=\"og:image:width\" content=\"986\" \/>\n\t<meta property=\"og:image:height\" content=\"986\" \/>\n\t<meta property=\"og:image:type\" content=\"image\/png\" \/>\n<meta name=\"twitter:card\" content=\"summary_large_image\" \/>\n<meta name=\"twitter:label1\" content=\"Gesch\u00e4tzte Lesezeit\" \/>\n\t<meta name=\"twitter:data1\" content=\"1\u00a0Minute\" \/>\n<script type=\"application\/ld+json\" class=\"yoast-schema-graph\">{\"@context\":\"https:\/\/schema.org\",\"@graph\":[{\"@type\":\"WebPage\",\"@id\":\"https:\/\/www.hoogstra-autosport.nl\/product\/brandwerende-onderkleding-wit-fia-8856-2018-complete-set\/\",\"url\":\"https:\/\/www.hoogstra-autosport.nl\/product\/brandwerende-onderkleding-wit-fia-8856-2018-complete-set\/\",\"name\":\"Brandwerende Onderkleding Wit Beltenick FIA 8856-2018 Complete Set - Hoogstra Autosport\",\"isPartOf\":{\"@id\":\"https:\/\/www.hoogstra-autosport.nl\/#website\"},\"primaryImageOfPage\":{\"@id\":\"https:\/\/www.hoogstra-autosport.nl\/product\/brandwerende-onderkleding-wit-fia-8856-2018-complete-set\/#primaryimage\"},\"image\":{\"@id\":\"https:\/\/www.hoogstra-autosport.nl\/product\/brandwerende-onderkleding-wit-fia-8856-2018-complete-set\/#primaryimage\"},\"thumbnailUrl\":\"https:\/\/www.hoogstra-autosport.nl\/teamkoen\/wp-content\/uploads\/2023\/01\/onderkleding-wit-compleet.png\",\"datePublished\":\"2023-01-26T19:12:32+00:00\",\"dateModified\":\"2025-06-17T12:49:19+00:00\",\"breadcrumb\":{\"@id\":\"https:\/\/www.hoogstra-autosport.nl\/product\/brandwerende-onderkleding-wit-fia-8856-2018-complete-set\/#breadcrumb\"},\"inLanguage\":\"de\",\"potentialAction\":[{\"@type\":\"ReadAction\",\"target\":[\"https:\/\/www.hoogstra-autosport.nl\/product\/brandwerende-onderkleding-wit-fia-8856-2018-complete-set\/\"]}]},{\"@type\":\"ImageObject\",\"inLanguage\":\"de\",\"@id\":\"https:\/\/www.hoogstra-autosport.nl\/product\/brandwerende-onderkleding-wit-fia-8856-2018-complete-set\/#primaryimage\",\"url\":\"https:\/\/www.hoogstra-autosport.nl\/teamkoen\/wp-content\/uploads\/2023\/01\/onderkleding-wit-compleet.png\",\"contentUrl\":\"https:\/\/www.hoogstra-autosport.nl\/teamkoen\/wp-content\/uploads\/2023\/01\/onderkleding-wit-compleet.png\",\"width\":986,\"height\":986},{\"@type\":\"BreadcrumbList\",\"@id\":\"https:\/\/www.hoogstra-autosport.nl\/product\/brandwerende-onderkleding-wit-fia-8856-2018-complete-set\/#breadcrumb\",\"itemListElement\":[{\"@type\":\"ListItem\",\"position\":1,\"name\":\"Home\",\"item\":\"https:\/\/www.hoogstra-autosport.nl\/\"},{\"@type\":\"ListItem\",\"position\":2,\"name\":\"Acties &amp; Kado Bonnen\",\"item\":\"https:\/\/www.hoogstra-autosport.nl\/product-categorie\/acties-aanbiedingen-opruiming\/\"},{\"@type\":\"ListItem\",\"position\":3,\"name\":\"Combi Aanbiedingen !\",\"item\":\"https:\/\/www.hoogstra-autosport.nl\/product-categorie\/acties-aanbiedingen-opruiming\/combi-aanbiedingen\/\"},{\"@type\":\"ListItem\",\"position\":4,\"name\":\"Brandwerende Onderkleding Wit Beltenick FIA 8856-2018 Complete Set\"}]},{\"@type\":\"WebSite\",\"@id\":\"https:\/\/www.hoogstra-autosport.nl\/#website\",\"url\":\"https:\/\/www.hoogstra-autosport.nl\/\",\"name\":\"Hoogstra Autosport\",\"description\":\"Performance Autosport Parts!\",\"potentialAction\":[{\"@type\":\"SearchAction\",\"target\":{\"@type\":\"EntryPoint\",\"urlTemplate\":\"https:\/\/www.hoogstra-autosport.nl\/?s={search_term_string}\"},\"query-input\":{\"@type\":\"PropertyValueSpecification\",\"valueRequired\":true,\"valueName\":\"search_term_string\"}}],\"inLanguage\":\"de\"}]}<\/script>\n<!-- \/ Yoast SEO plugin. -->","yoast_head_json":{"title":"Brandwerende Onderkleding Wit Beltenick FIA 8856-2018 Complete Set - Hoogstra Autosport","robots":{"index":"index","follow":"follow","max-snippet":"max-snippet:-1","max-image-preview":"max-image-preview:large","max-video-preview":"max-video-preview:-1"},"canonical":"https:\/\/www.hoogstra-autosport.nl\/de\/produkt\/brandwerende-onderkleding-wit-fia-8856-2018-complete-set\/","og_locale":"de_DE","og_type":"article","og_title":"Brandwerende Onderkleding Wit Beltenick FIA 8856-2018 Complete Set - Hoogstra Autosport","og_description":"Brandwerende Onderkleding FIA Homologatie en FIA Sticker &#8211; Broek &#8211; Shirt &#8211; Balaclava open of ogen &#8211; Sokken &nbsp; Voldoet aan eisen FIA8856-2018","og_url":"https:\/\/www.hoogstra-autosport.nl\/de\/produkt\/brandwerende-onderkleding-wit-fia-8856-2018-complete-set\/","og_site_name":"Hoogstra Autosport","article_modified_time":"2025-06-17T12:49:19+00:00","og_image":[{"width":986,"height":986,"url":"https:\/\/hoogstra-autosport.nl\/teamkoen\/content\/uploads\/2023\/01\/onderkleding-wit-compleet.png","type":"image\/png"}],"twitter_card":"summary_large_image","twitter_misc":{"Gesch\u00e4tzte Lesezeit":"1\u00a0Minute"},"schema":{"@context":"https:\/\/schema.org","@graph":[{"@type":"WebPage","@id":"https:\/\/www.hoogstra-autosport.nl\/product\/brandwerende-onderkleding-wit-fia-8856-2018-complete-set\/","url":"https:\/\/www.hoogstra-autosport.nl\/product\/brandwerende-onderkleding-wit-fia-8856-2018-complete-set\/","name":"Brandwerende Onderkleding Wit Beltenick FIA 8856-2018 Complete Set - Hoogstra Autosport","isPartOf":{"@id":"https:\/\/www.hoogstra-autosport.nl\/#website"},"primaryImageOfPage":{"@id":"https:\/\/www.hoogstra-autosport.nl\/product\/brandwerende-onderkleding-wit-fia-8856-2018-complete-set\/#primaryimage"},"image":{"@id":"https:\/\/www.hoogstra-autosport.nl\/product\/brandwerende-onderkleding-wit-fia-8856-2018-complete-set\/#primaryimage"},"thumbnailUrl":"https:\/\/www.hoogstra-autosport.nl\/teamkoen\/wp-content\/uploads\/2023\/01\/onderkleding-wit-compleet.png","datePublished":"2023-01-26T19:12:32+00:00","dateModified":"2025-06-17T12:49:19+00:00","breadcrumb":{"@id":"https:\/\/www.hoogstra-autosport.nl\/product\/brandwerende-onderkleding-wit-fia-8856-2018-complete-set\/#breadcrumb"},"inLanguage":"de","potentialAction":[{"@type":"ReadAction","target":["https:\/\/www.hoogstra-autosport.nl\/product\/brandwerende-onderkleding-wit-fia-8856-2018-complete-set\/"]}]},{"@type":"ImageObject","inLanguage":"de","@id":"https:\/\/www.hoogstra-autosport.nl\/product\/brandwerende-onderkleding-wit-fia-8856-2018-complete-set\/#primaryimage","url":"https:\/\/www.hoogstra-autosport.nl\/teamkoen\/wp-content\/uploads\/2023\/01\/onderkleding-wit-compleet.png","contentUrl":"https:\/\/www.hoogstra-autosport.nl\/teamkoen\/wp-content\/uploads\/2023\/01\/onderkleding-wit-compleet.png","width":986,"height":986},{"@type":"BreadcrumbList","@id":"https:\/\/www.hoogstra-autosport.nl\/product\/brandwerende-onderkleding-wit-fia-8856-2018-complete-set\/#breadcrumb","itemListElement":[{"@type":"ListItem","position":1,"name":"Home","item":"https:\/\/www.hoogstra-autosport.nl\/"},{"@type":"ListItem","position":2,"name":"Acties &amp; Kado Bonnen","item":"https:\/\/www.hoogstra-autosport.nl\/product-categorie\/acties-aanbiedingen-opruiming\/"},{"@type":"ListItem","position":3,"name":"Combi Aanbiedingen !","item":"https:\/\/www.hoogstra-autosport.nl\/product-categorie\/acties-aanbiedingen-opruiming\/combi-aanbiedingen\/"},{"@type":"ListItem","position":4,"name":"Brandwerende Onderkleding Wit Beltenick FIA 8856-2018 Complete Set"}]},{"@type":"WebSite","@id":"https:\/\/www.hoogstra-autosport.nl\/#website","url":"https:\/\/www.hoogstra-autosport.nl\/","name":"Hoogstra Autosport","description":"Performance Autosport Parts!","potentialAction":[{"@type":"SearchAction","target":{"@type":"EntryPoint","urlTemplate":"https:\/\/www.hoogstra-autosport.nl\/?s={search_term_string}"},"query-input":{"@type":"PropertyValueSpecification","valueRequired":true,"valueName":"search_term_string"}}],"inLanguage":"de"}]}},"tiered_pricing_type":"fixed","tiered_pricing_fixed_rules":[],"tiered_pricing_product_settings":{"layout":"default","base_unit_name":{"singular":null,"plural":null},"default_variation":null},"tiered_pricing_minimum_quantity":null,"tiered_pricing_roles_data":[],"tiered_pricing_percentage_rules":[],"tiered_pricing_maximum_quantity":null,"tiered_pricing_quantity_step":null,"_links":{"self":[{"href":"https:\/\/www.hoogstra-autosport.nl\/de\/wp-json\/wp\/v2\/product\/53617","targetHints":{"allow":["GET"]}}],"collection":[{"href":"https:\/\/www.hoogstra-autosport.nl\/de\/wp-json\/wp\/v2\/product"}],"about":[{"href":"https:\/\/www.hoogstra-autosport.nl\/de\/wp-json\/wp\/v2\/types\/product"}],"wp:featuredmedia":[{"embeddable":true,"href":"https:\/\/www.hoogstra-autosport.nl\/de\/wp-json\/wp\/v2\/media\/53632"}],"wp:attachment":[{"href":"https:\/\/www.hoogstra-autosport.nl\/de\/wp-json\/wp\/v2\/media?parent=53617"}],"wp:term":[{"taxonomy":"product_brand","embeddable":true,"href":"https:\/\/www.hoogstra-autosport.nl\/de\/wp-json\/wp\/v2\/product_brand?post=53617"},{"taxonomy":"product_cat","embeddable":true,"href":"https:\/\/www.hoogstra-autosport.nl\/de\/wp-json\/wp\/v2\/product_cat?post=53617"},{"taxonomy":"product_tag","embeddable":true,"href":"https:\/\/www.hoogstra-autosport.nl\/de\/wp-json\/wp\/v2\/product_tag?post=53617"}],"curies":[{"name":"wp","href":"https:\/\/api.w.org\/{rel}","templated":true}]}}