{"id":52435,"date":"2023-01-16T09:49:40","date_gmt":"2023-01-16T08:49:40","guid":{"rendered":"https:\/\/www.hoogstra-autosport.nl\/?post_type=product&#038;p=52435"},"modified":"2024-01-20T13:15:38","modified_gmt":"2024-01-20T12:15:38","slug":"laminova-oil-water-house-43x330","status":"publish","type":"product","link":"https:\/\/www.hoogstra-autosport.nl\/de\/produkt\/laminova-oil-water-house-43x330\/","title":{"rendered":"Laminova \u00d6l-Wasser-Haus 43\u00d7330"},"content":{"rendered":"<p>loses Geh\u00e4use f\u00fcr die lange Laminova 330mmm<\/p>","protected":false},"excerpt":{"rendered":"<p>loses Geh\u00e4use f\u00fcr die lange Laminova 330mmm<\/p>","protected":false},"featured_media":52438,"template":"","meta":{"_acf_changed":false},"product_brand":[],"product_cat":[4131,2744],"product_tag":[],"class_list":{"0":"post-52435","1":"product","2":"type-product","3":"status-publish","4":"has-post-thumbnail","6":"product_cat-laminova","7":"product_cat-warmte-wisselaar","8":"product_shipping_class-4016","10":"first","11":"instock","12":"taxable","13":"shipping-taxable","14":"purchasable","15":"product-type-simple"},"acf":[],"yoast_head":"<!-- This site is optimized with the Yoast SEO plugin v27.1.1 - https:\/\/yoast.com\/product\/yoast-seo-wordpress\/ -->\n<title>Laminova Oil Water House 43x330 - Hoogstra Autosport<\/title>\n<meta name=\"robots\" content=\"index, follow, max-snippet:-1, max-image-preview:large, max-video-preview:-1\" \/>\n<link rel=\"canonical\" href=\"https:\/\/www.hoogstra-autosport.nl\/de\/produkt\/laminova-oil-water-house-43x330\/\" \/>\n<meta property=\"og:locale\" content=\"de_DE\" \/>\n<meta property=\"og:type\" content=\"article\" \/>\n<meta property=\"og:title\" content=\"Laminova Oil Water House 43x330 - Hoogstra Autosport\" \/>\n<meta property=\"og:description\" content=\"los huis voor de lange laminova 330mmm\" \/>\n<meta property=\"og:url\" content=\"https:\/\/www.hoogstra-autosport.nl\/de\/produkt\/laminova-oil-water-house-43x330\/\" \/>\n<meta property=\"og:site_name\" content=\"Hoogstra Autosport\" \/>\n<meta property=\"article:modified_time\" content=\"2024-01-20T12:15:38+00:00\" \/>\n<meta property=\"og:image\" content=\"https:\/\/www.hoogstra-autosport.nl\/teamkoen\/content\/uploads\/2023\/01\/laminova-housing-c43-332-3533-p-e1673858965393.jpg\" \/>\n\t<meta property=\"og:image:width\" content=\"600\" \/>\n\t<meta property=\"og:image:height\" content=\"547\" \/>\n\t<meta property=\"og:image:type\" content=\"image\/jpeg\" \/>\n<meta name=\"twitter:card\" content=\"summary_large_image\" \/>\n<meta name=\"twitter:label1\" content=\"Gesch\u00e4tzte Lesezeit\" \/>\n\t<meta name=\"twitter:data1\" content=\"1\u00a0Minute\" \/>\n<script type=\"application\/ld+json\" class=\"yoast-schema-graph\">{\"@context\":\"https:\/\/schema.org\",\"@graph\":[{\"@type\":\"WebPage\",\"@id\":\"https:\/\/www.hoogstra-autosport.nl\/product\/laminova-oil-water-house-43x330\/\",\"url\":\"https:\/\/www.hoogstra-autosport.nl\/product\/laminova-oil-water-house-43x330\/\",\"name\":\"Laminova Oil Water House 43x330 - Hoogstra Autosport\",\"isPartOf\":{\"@id\":\"https:\/\/www.hoogstra-autosport.nl\/#website\"},\"primaryImageOfPage\":{\"@id\":\"https:\/\/www.hoogstra-autosport.nl\/product\/laminova-oil-water-house-43x330\/#primaryimage\"},\"image\":{\"@id\":\"https:\/\/www.hoogstra-autosport.nl\/product\/laminova-oil-water-house-43x330\/#primaryimage\"},\"thumbnailUrl\":\"https:\/\/www.hoogstra-autosport.nl\/teamkoen\/wp-content\/uploads\/2023\/01\/laminova-housing-c43-332-3533-p-e1673858965393.jpg\",\"datePublished\":\"2023-01-16T08:49:40+00:00\",\"dateModified\":\"2024-01-20T12:15:38+00:00\",\"breadcrumb\":{\"@id\":\"https:\/\/www.hoogstra-autosport.nl\/product\/laminova-oil-water-house-43x330\/#breadcrumb\"},\"inLanguage\":\"de\",\"potentialAction\":[{\"@type\":\"ReadAction\",\"target\":[\"https:\/\/www.hoogstra-autosport.nl\/product\/laminova-oil-water-house-43x330\/\"]}]},{\"@type\":\"ImageObject\",\"inLanguage\":\"de\",\"@id\":\"https:\/\/www.hoogstra-autosport.nl\/product\/laminova-oil-water-house-43x330\/#primaryimage\",\"url\":\"https:\/\/www.hoogstra-autosport.nl\/teamkoen\/wp-content\/uploads\/2023\/01\/laminova-housing-c43-332-3533-p-e1673858965393.jpg\",\"contentUrl\":\"https:\/\/www.hoogstra-autosport.nl\/teamkoen\/wp-content\/uploads\/2023\/01\/laminova-housing-c43-332-3533-p-e1673858965393.jpg\",\"width\":600,\"height\":547},{\"@type\":\"BreadcrumbList\",\"@id\":\"https:\/\/www.hoogstra-autosport.nl\/product\/laminova-oil-water-house-43x330\/#breadcrumb\",\"itemListElement\":[{\"@type\":\"ListItem\",\"position\":1,\"name\":\"Home\",\"item\":\"https:\/\/www.hoogstra-autosport.nl\/\"},{\"@type\":\"ListItem\",\"position\":2,\"name\":\"Motorisch\",\"item\":\"https:\/\/www.hoogstra-autosport.nl\/product-categorie\/auto-techniek\/\"},{\"@type\":\"ListItem\",\"position\":3,\"name\":\"Olie Koelers &amp; Adapters\",\"item\":\"https:\/\/www.hoogstra-autosport.nl\/product-categorie\/auto-techniek\/motor-compartiment\/\"},{\"@type\":\"ListItem\",\"position\":4,\"name\":\"Warmte Wisselaar\",\"item\":\"https:\/\/www.hoogstra-autosport.nl\/product-categorie\/auto-techniek\/motor-compartiment\/warmte-wisselaar\/\"},{\"@type\":\"ListItem\",\"position\":5,\"name\":\"Laminova Oil Water House 43&#215;330\"}]},{\"@type\":\"WebSite\",\"@id\":\"https:\/\/www.hoogstra-autosport.nl\/#website\",\"url\":\"https:\/\/www.hoogstra-autosport.nl\/\",\"name\":\"Hoogstra Autosport\",\"description\":\"Performance Autosport Parts!\",\"potentialAction\":[{\"@type\":\"SearchAction\",\"target\":{\"@type\":\"EntryPoint\",\"urlTemplate\":\"https:\/\/www.hoogstra-autosport.nl\/?s={search_term_string}\"},\"query-input\":{\"@type\":\"PropertyValueSpecification\",\"valueRequired\":true,\"valueName\":\"search_term_string\"}}],\"inLanguage\":\"de\"}]}<\/script>\n<!-- \/ Yoast SEO plugin. -->","yoast_head_json":{"title":"Laminova Oil Water House 43x330 - Hoogstra Autosport","robots":{"index":"index","follow":"follow","max-snippet":"max-snippet:-1","max-image-preview":"max-image-preview:large","max-video-preview":"max-video-preview:-1"},"canonical":"https:\/\/www.hoogstra-autosport.nl\/de\/produkt\/laminova-oil-water-house-43x330\/","og_locale":"de_DE","og_type":"article","og_title":"Laminova Oil Water House 43x330 - Hoogstra Autosport","og_description":"los huis voor de lange laminova 330mmm","og_url":"https:\/\/www.hoogstra-autosport.nl\/de\/produkt\/laminova-oil-water-house-43x330\/","og_site_name":"Hoogstra Autosport","article_modified_time":"2024-01-20T12:15:38+00:00","og_image":[{"width":600,"height":547,"url":"https:\/\/www.hoogstra-autosport.nl\/teamkoen\/content\/uploads\/2023\/01\/laminova-housing-c43-332-3533-p-e1673858965393.jpg","type":"image\/jpeg"}],"twitter_card":"summary_large_image","twitter_misc":{"Gesch\u00e4tzte Lesezeit":"1\u00a0Minute"},"schema":{"@context":"https:\/\/schema.org","@graph":[{"@type":"WebPage","@id":"https:\/\/www.hoogstra-autosport.nl\/product\/laminova-oil-water-house-43x330\/","url":"https:\/\/www.hoogstra-autosport.nl\/product\/laminova-oil-water-house-43x330\/","name":"Laminova Oil Water House 43x330 - Hoogstra Autosport","isPartOf":{"@id":"https:\/\/www.hoogstra-autosport.nl\/#website"},"primaryImageOfPage":{"@id":"https:\/\/www.hoogstra-autosport.nl\/product\/laminova-oil-water-house-43x330\/#primaryimage"},"image":{"@id":"https:\/\/www.hoogstra-autosport.nl\/product\/laminova-oil-water-house-43x330\/#primaryimage"},"thumbnailUrl":"https:\/\/www.hoogstra-autosport.nl\/teamkoen\/wp-content\/uploads\/2023\/01\/laminova-housing-c43-332-3533-p-e1673858965393.jpg","datePublished":"2023-01-16T08:49:40+00:00","dateModified":"2024-01-20T12:15:38+00:00","breadcrumb":{"@id":"https:\/\/www.hoogstra-autosport.nl\/product\/laminova-oil-water-house-43x330\/#breadcrumb"},"inLanguage":"de","potentialAction":[{"@type":"ReadAction","target":["https:\/\/www.hoogstra-autosport.nl\/product\/laminova-oil-water-house-43x330\/"]}]},{"@type":"ImageObject","inLanguage":"de","@id":"https:\/\/www.hoogstra-autosport.nl\/product\/laminova-oil-water-house-43x330\/#primaryimage","url":"https:\/\/www.hoogstra-autosport.nl\/teamkoen\/wp-content\/uploads\/2023\/01\/laminova-housing-c43-332-3533-p-e1673858965393.jpg","contentUrl":"https:\/\/www.hoogstra-autosport.nl\/teamkoen\/wp-content\/uploads\/2023\/01\/laminova-housing-c43-332-3533-p-e1673858965393.jpg","width":600,"height":547},{"@type":"BreadcrumbList","@id":"https:\/\/www.hoogstra-autosport.nl\/product\/laminova-oil-water-house-43x330\/#breadcrumb","itemListElement":[{"@type":"ListItem","position":1,"name":"Home","item":"https:\/\/www.hoogstra-autosport.nl\/"},{"@type":"ListItem","position":2,"name":"Motorisch","item":"https:\/\/www.hoogstra-autosport.nl\/product-categorie\/auto-techniek\/"},{"@type":"ListItem","position":3,"name":"Olie Koelers &amp; Adapters","item":"https:\/\/www.hoogstra-autosport.nl\/product-categorie\/auto-techniek\/motor-compartiment\/"},{"@type":"ListItem","position":4,"name":"Warmte Wisselaar","item":"https:\/\/www.hoogstra-autosport.nl\/product-categorie\/auto-techniek\/motor-compartiment\/warmte-wisselaar\/"},{"@type":"ListItem","position":5,"name":"Laminova Oil Water House 43&#215;330"}]},{"@type":"WebSite","@id":"https:\/\/www.hoogstra-autosport.nl\/#website","url":"https:\/\/www.hoogstra-autosport.nl\/","name":"Hoogstra Autosport","description":"Performance Autosport Parts!","potentialAction":[{"@type":"SearchAction","target":{"@type":"EntryPoint","urlTemplate":"https:\/\/www.hoogstra-autosport.nl\/?s={search_term_string}"},"query-input":{"@type":"PropertyValueSpecification","valueRequired":true,"valueName":"search_term_string"}}],"inLanguage":"de"}]}},"tiered_pricing_type":"fixed","tiered_pricing_fixed_rules":[],"tiered_pricing_product_settings":{"layout":"default","base_unit_name":{"singular":null,"plural":null},"default_variation":null},"tiered_pricing_minimum_quantity":null,"tiered_pricing_roles_data":[],"tiered_pricing_percentage_rules":[],"tiered_pricing_maximum_quantity":null,"tiered_pricing_quantity_step":null,"_links":{"self":[{"href":"https:\/\/www.hoogstra-autosport.nl\/de\/wp-json\/wp\/v2\/product\/52435","targetHints":{"allow":["GET"]}}],"collection":[{"href":"https:\/\/www.hoogstra-autosport.nl\/de\/wp-json\/wp\/v2\/product"}],"about":[{"href":"https:\/\/www.hoogstra-autosport.nl\/de\/wp-json\/wp\/v2\/types\/product"}],"wp:featuredmedia":[{"embeddable":true,"href":"https:\/\/www.hoogstra-autosport.nl\/de\/wp-json\/wp\/v2\/media\/52438"}],"wp:attachment":[{"href":"https:\/\/www.hoogstra-autosport.nl\/de\/wp-json\/wp\/v2\/media?parent=52435"}],"wp:term":[{"taxonomy":"product_brand","embeddable":true,"href":"https:\/\/www.hoogstra-autosport.nl\/de\/wp-json\/wp\/v2\/product_brand?post=52435"},{"taxonomy":"product_cat","embeddable":true,"href":"https:\/\/www.hoogstra-autosport.nl\/de\/wp-json\/wp\/v2\/product_cat?post=52435"},{"taxonomy":"product_tag","embeddable":true,"href":"https:\/\/www.hoogstra-autosport.nl\/de\/wp-json\/wp\/v2\/product_tag?post=52435"}],"curies":[{"name":"wp","href":"https:\/\/api.w.org\/{rel}","templated":true}]}}