{"id":52250,"date":"2023-01-10T20:58:37","date_gmt":"2023-01-10T19:58:37","guid":{"rendered":"https:\/\/www.hoogstra-autosport.nl\/?post_type=product&#038;p=52250"},"modified":"2025-12-17T10:32:47","modified_gmt":"2025-12-17T09:32:47","slug":"stilo-venti-trophy-jet-composite","status":"publish","type":"product","link":"https:\/\/www.hoogstra-autosport.nl\/de\/produkt\/stilo-venti-trophy-jet-composite\/","title":{"rendered":"Stilo Venti Trophy Jet Verbundwerkstoff"},"content":{"rendered":"<p>Die Stilo Trophy DES Serie bietet bew\u00e4hrte Stilo Qualit\u00e4t zu einem hervorragenden Preis-Leistungs-Verh\u00e4ltnis. Ausgestattet mit einem weichen, ergonomisch angepassten Innenfutter f\u00fcr besonders hohen Tragekomfort. Optimierte Schalenform im neuen Design der VENTI-Serie. Ohne Gegensprechanlage (Nachr\u00fcstung problemlos m\u00f6glich). Die H.A.N.S.-Clips sind bereits im Lieferumfang enthalten.<\/p>\n<p>&nbsp;<\/p>\n<p>Material: Verbundwerkstoff aus Glasfaser und Kevlar<br \/>\nGewicht* (inkl. Gegensprechanlage): 1.310g (kleine Schale) | 1.360g (mittlere Schale) | 1.440 (gro\u00dfe Schale)<br \/>\nHomologation: FIA 8859-2015 | Snell SA2020<\/p>","protected":false},"excerpt":{"rendered":"<p>De Stilo Trophy DES-serie biedt bewezen Stilo-kwaliteit tegen een uitstekende prijs-prestatieverhouding. Voorzien van een zachte, ergonomisch aangepaste binnenvoering voor een bijzonder hoog draagcomfort. Geoptimaliseerde schaalvorm in het nieuwe ontwerp van de VENTI-serie. Zonder intercomsysteem (achteraf inbouwen zonder problemen mogelijk). De H.A.N.S. Clips zijn reeds opgenomen in de leveringsomvang. &nbsp; Materiaal: composiet mix glasvezel en Kevlar [&hellip;]<\/p>\n","protected":false},"featured_media":95442,"template":"","meta":{"_acf_changed":false},"product_brand":[],"product_cat":[3973],"product_tag":[],"class_list":{"0":"post-52250","1":"product","2":"type-product","3":"status-publish","4":"has-post-thumbnail","6":"product_cat-stilo-open-face-fia","7":"product_shipping_class-4016","9":"first","10":"instock","11":"taxable","12":"shipping-taxable","13":"purchasable","14":"product-type-variable"},"acf":[],"yoast_head":"<!-- This site is optimized with the Yoast SEO plugin v27.1.1 - https:\/\/yoast.com\/product\/yoast-seo-wordpress\/ -->\n<title>Stilo Venti Trophy Jet Composite - Hoogstra Autosport<\/title>\n<meta name=\"robots\" content=\"index, follow, max-snippet:-1, max-image-preview:large, max-video-preview:-1\" \/>\n<link rel=\"canonical\" href=\"https:\/\/www.hoogstra-autosport.nl\/de\/produkt\/stilo-venti-trophy-jet-composite\/\" \/>\n<meta property=\"og:locale\" content=\"de_DE\" \/>\n<meta property=\"og:type\" content=\"article\" \/>\n<meta property=\"og:title\" content=\"Stilo Venti Trophy Jet Composite - Hoogstra Autosport\" \/>\n<meta property=\"og:description\" content=\"De Stilo Trophy DES-serie biedt bewezen Stilo-kwaliteit tegen een uitstekende prijs-prestatieverhouding. Voorzien van een zachte, ergonomisch aangepaste binnenvoering voor een bijzonder hoog draagcomfort. Geoptimaliseerde schaalvorm in het nieuwe ontwerp van de VENTI-serie. Zonder intercomsysteem (achteraf inbouwen zonder problemen mogelijk). De H.A.N.S. Clips zijn reeds opgenomen in de leveringsomvang. &nbsp; Materiaal: composiet mix glasvezel en Kevlar [&hellip;]\" \/>\n<meta property=\"og:url\" content=\"https:\/\/www.hoogstra-autosport.nl\/de\/produkt\/stilo-venti-trophy-jet-composite\/\" \/>\n<meta property=\"og:site_name\" content=\"Hoogstra Autosport\" \/>\n<meta property=\"article:modified_time\" content=\"2025-12-17T09:32:47+00:00\" \/>\n<meta property=\"og:image\" content=\"https:\/\/www.hoogstra-autosport.nl\/teamkoen\/wp-content\/uploads\/2023\/01\/Untitled-Project-2025-12-17T102907.218.jpg\" \/>\n\t<meta property=\"og:image:width\" content=\"1080\" \/>\n\t<meta property=\"og:image:height\" content=\"1080\" \/>\n\t<meta property=\"og:image:type\" content=\"image\/jpeg\" \/>\n<meta name=\"twitter:card\" content=\"summary_large_image\" \/>\n<meta name=\"twitter:label1\" content=\"Gesch\u00e4tzte Lesezeit\" \/>\n\t<meta name=\"twitter:data1\" content=\"1\u00a0Minute\" \/>\n<script type=\"application\/ld+json\" class=\"yoast-schema-graph\">{\"@context\":\"https:\/\/schema.org\",\"@graph\":[{\"@type\":\"WebPage\",\"@id\":\"https:\/\/www.hoogstra-autosport.nl\/product\/stilo-venti-trophy-jet-composite\/\",\"url\":\"https:\/\/www.hoogstra-autosport.nl\/product\/stilo-venti-trophy-jet-composite\/\",\"name\":\"Stilo Venti Trophy Jet Composite - Hoogstra Autosport\",\"isPartOf\":{\"@id\":\"https:\/\/www.hoogstra-autosport.nl\/#website\"},\"primaryImageOfPage\":{\"@id\":\"https:\/\/www.hoogstra-autosport.nl\/product\/stilo-venti-trophy-jet-composite\/#primaryimage\"},\"image\":{\"@id\":\"https:\/\/www.hoogstra-autosport.nl\/product\/stilo-venti-trophy-jet-composite\/#primaryimage\"},\"thumbnailUrl\":\"https:\/\/www.hoogstra-autosport.nl\/teamkoen\/wp-content\/uploads\/2023\/01\/Untitled-Project-2025-12-17T102907.218.jpg\",\"datePublished\":\"2023-01-10T19:58:37+00:00\",\"dateModified\":\"2025-12-17T09:32:47+00:00\",\"breadcrumb\":{\"@id\":\"https:\/\/www.hoogstra-autosport.nl\/product\/stilo-venti-trophy-jet-composite\/#breadcrumb\"},\"inLanguage\":\"de\",\"potentialAction\":[{\"@type\":\"ReadAction\",\"target\":[\"https:\/\/www.hoogstra-autosport.nl\/product\/stilo-venti-trophy-jet-composite\/\"]}]},{\"@type\":\"ImageObject\",\"inLanguage\":\"de\",\"@id\":\"https:\/\/www.hoogstra-autosport.nl\/product\/stilo-venti-trophy-jet-composite\/#primaryimage\",\"url\":\"https:\/\/www.hoogstra-autosport.nl\/teamkoen\/wp-content\/uploads\/2023\/01\/Untitled-Project-2025-12-17T102907.218.jpg\",\"contentUrl\":\"https:\/\/www.hoogstra-autosport.nl\/teamkoen\/wp-content\/uploads\/2023\/01\/Untitled-Project-2025-12-17T102907.218.jpg\",\"width\":1080,\"height\":1080},{\"@type\":\"BreadcrumbList\",\"@id\":\"https:\/\/www.hoogstra-autosport.nl\/product\/stilo-venti-trophy-jet-composite\/#breadcrumb\",\"itemListElement\":[{\"@type\":\"ListItem\",\"position\":1,\"name\":\"Home\",\"item\":\"https:\/\/www.hoogstra-autosport.nl\/\"},{\"@type\":\"ListItem\",\"position\":2,\"name\":\"Uitrusting\",\"item\":\"https:\/\/www.hoogstra-autosport.nl\/product-categorie\/autosport-kleding-helmen\/\"},{\"@type\":\"ListItem\",\"position\":3,\"name\":\"Helmen\",\"item\":\"https:\/\/www.hoogstra-autosport.nl\/product-categorie\/autosport-kleding-helmen\/helmen\/\"},{\"@type\":\"ListItem\",\"position\":4,\"name\":\"FIA Open Face Helmen\",\"item\":\"https:\/\/www.hoogstra-autosport.nl\/product-categorie\/autosport-kleding-helmen\/helmen\/helmen-open-face-fia-integraal\/\"},{\"@type\":\"ListItem\",\"position\":5,\"name\":\"Stilo Open face FIA\",\"item\":\"https:\/\/www.hoogstra-autosport.nl\/product-categorie\/autosport-kleding-helmen\/helmen\/helmen-open-face-fia-integraal\/stilo-open-face-fia\/\"},{\"@type\":\"ListItem\",\"position\":6,\"name\":\"Stilo Venti Trophy Jet Composite\"}]},{\"@type\":\"WebSite\",\"@id\":\"https:\/\/www.hoogstra-autosport.nl\/#website\",\"url\":\"https:\/\/www.hoogstra-autosport.nl\/\",\"name\":\"Hoogstra Autosport\",\"description\":\"Performance Autosport Parts!\",\"potentialAction\":[{\"@type\":\"SearchAction\",\"target\":{\"@type\":\"EntryPoint\",\"urlTemplate\":\"https:\/\/www.hoogstra-autosport.nl\/?s={search_term_string}\"},\"query-input\":{\"@type\":\"PropertyValueSpecification\",\"valueRequired\":true,\"valueName\":\"search_term_string\"}}],\"inLanguage\":\"de\"}]}<\/script>\n<!-- \/ Yoast SEO plugin. -->","yoast_head_json":{"title":"Stilo Venti Trophy Jet Composite - Hoogstra Autosport","robots":{"index":"index","follow":"follow","max-snippet":"max-snippet:-1","max-image-preview":"max-image-preview:large","max-video-preview":"max-video-preview:-1"},"canonical":"https:\/\/www.hoogstra-autosport.nl\/de\/produkt\/stilo-venti-trophy-jet-composite\/","og_locale":"de_DE","og_type":"article","og_title":"Stilo Venti Trophy Jet Composite - Hoogstra Autosport","og_description":"De Stilo Trophy DES-serie biedt bewezen Stilo-kwaliteit tegen een uitstekende prijs-prestatieverhouding. Voorzien van een zachte, ergonomisch aangepaste binnenvoering voor een bijzonder hoog draagcomfort. Geoptimaliseerde schaalvorm in het nieuwe ontwerp van de VENTI-serie. Zonder intercomsysteem (achteraf inbouwen zonder problemen mogelijk). De H.A.N.S. Clips zijn reeds opgenomen in de leveringsomvang. &nbsp; Materiaal: composiet mix glasvezel en Kevlar [&hellip;]","og_url":"https:\/\/www.hoogstra-autosport.nl\/de\/produkt\/stilo-venti-trophy-jet-composite\/","og_site_name":"Hoogstra Autosport","article_modified_time":"2025-12-17T09:32:47+00:00","og_image":[{"width":1080,"height":1080,"url":"https:\/\/www.hoogstra-autosport.nl\/teamkoen\/wp-content\/uploads\/2023\/01\/Untitled-Project-2025-12-17T102907.218.jpg","type":"image\/jpeg"}],"twitter_card":"summary_large_image","twitter_misc":{"Gesch\u00e4tzte Lesezeit":"1\u00a0Minute"},"schema":{"@context":"https:\/\/schema.org","@graph":[{"@type":"WebPage","@id":"https:\/\/www.hoogstra-autosport.nl\/product\/stilo-venti-trophy-jet-composite\/","url":"https:\/\/www.hoogstra-autosport.nl\/product\/stilo-venti-trophy-jet-composite\/","name":"Stilo Venti Trophy Jet Composite - Hoogstra Autosport","isPartOf":{"@id":"https:\/\/www.hoogstra-autosport.nl\/#website"},"primaryImageOfPage":{"@id":"https:\/\/www.hoogstra-autosport.nl\/product\/stilo-venti-trophy-jet-composite\/#primaryimage"},"image":{"@id":"https:\/\/www.hoogstra-autosport.nl\/product\/stilo-venti-trophy-jet-composite\/#primaryimage"},"thumbnailUrl":"https:\/\/www.hoogstra-autosport.nl\/teamkoen\/wp-content\/uploads\/2023\/01\/Untitled-Project-2025-12-17T102907.218.jpg","datePublished":"2023-01-10T19:58:37+00:00","dateModified":"2025-12-17T09:32:47+00:00","breadcrumb":{"@id":"https:\/\/www.hoogstra-autosport.nl\/product\/stilo-venti-trophy-jet-composite\/#breadcrumb"},"inLanguage":"de","potentialAction":[{"@type":"ReadAction","target":["https:\/\/www.hoogstra-autosport.nl\/product\/stilo-venti-trophy-jet-composite\/"]}]},{"@type":"ImageObject","inLanguage":"de","@id":"https:\/\/www.hoogstra-autosport.nl\/product\/stilo-venti-trophy-jet-composite\/#primaryimage","url":"https:\/\/www.hoogstra-autosport.nl\/teamkoen\/wp-content\/uploads\/2023\/01\/Untitled-Project-2025-12-17T102907.218.jpg","contentUrl":"https:\/\/www.hoogstra-autosport.nl\/teamkoen\/wp-content\/uploads\/2023\/01\/Untitled-Project-2025-12-17T102907.218.jpg","width":1080,"height":1080},{"@type":"BreadcrumbList","@id":"https:\/\/www.hoogstra-autosport.nl\/product\/stilo-venti-trophy-jet-composite\/#breadcrumb","itemListElement":[{"@type":"ListItem","position":1,"name":"Home","item":"https:\/\/www.hoogstra-autosport.nl\/"},{"@type":"ListItem","position":2,"name":"Uitrusting","item":"https:\/\/www.hoogstra-autosport.nl\/product-categorie\/autosport-kleding-helmen\/"},{"@type":"ListItem","position":3,"name":"Helmen","item":"https:\/\/www.hoogstra-autosport.nl\/product-categorie\/autosport-kleding-helmen\/helmen\/"},{"@type":"ListItem","position":4,"name":"FIA Open Face Helmen","item":"https:\/\/www.hoogstra-autosport.nl\/product-categorie\/autosport-kleding-helmen\/helmen\/helmen-open-face-fia-integraal\/"},{"@type":"ListItem","position":5,"name":"Stilo Open face FIA","item":"https:\/\/www.hoogstra-autosport.nl\/product-categorie\/autosport-kleding-helmen\/helmen\/helmen-open-face-fia-integraal\/stilo-open-face-fia\/"},{"@type":"ListItem","position":6,"name":"Stilo Venti Trophy Jet Composite"}]},{"@type":"WebSite","@id":"https:\/\/www.hoogstra-autosport.nl\/#website","url":"https:\/\/www.hoogstra-autosport.nl\/","name":"Hoogstra Autosport","description":"Performance Autosport Parts!","potentialAction":[{"@type":"SearchAction","target":{"@type":"EntryPoint","urlTemplate":"https:\/\/www.hoogstra-autosport.nl\/?s={search_term_string}"},"query-input":{"@type":"PropertyValueSpecification","valueRequired":true,"valueName":"search_term_string"}}],"inLanguage":"de"}]}},"tiered_pricing_type":"fixed","tiered_pricing_fixed_rules":[],"tiered_pricing_product_settings":{"layout":"default","base_unit_name":{"singular":null,"plural":null},"default_variation":null},"tiered_pricing_minimum_quantity":null,"tiered_pricing_roles_data":[],"tiered_pricing_percentage_rules":[],"tiered_pricing_maximum_quantity":null,"tiered_pricing_quantity_step":null,"_links":{"self":[{"href":"https:\/\/www.hoogstra-autosport.nl\/de\/wp-json\/wp\/v2\/product\/52250","targetHints":{"allow":["GET"]}}],"collection":[{"href":"https:\/\/www.hoogstra-autosport.nl\/de\/wp-json\/wp\/v2\/product"}],"about":[{"href":"https:\/\/www.hoogstra-autosport.nl\/de\/wp-json\/wp\/v2\/types\/product"}],"wp:featuredmedia":[{"embeddable":true,"href":"https:\/\/www.hoogstra-autosport.nl\/de\/wp-json\/wp\/v2\/media\/95442"}],"wp:attachment":[{"href":"https:\/\/www.hoogstra-autosport.nl\/de\/wp-json\/wp\/v2\/media?parent=52250"}],"wp:term":[{"taxonomy":"product_brand","embeddable":true,"href":"https:\/\/www.hoogstra-autosport.nl\/de\/wp-json\/wp\/v2\/product_brand?post=52250"},{"taxonomy":"product_cat","embeddable":true,"href":"https:\/\/www.hoogstra-autosport.nl\/de\/wp-json\/wp\/v2\/product_cat?post=52250"},{"taxonomy":"product_tag","embeddable":true,"href":"https:\/\/www.hoogstra-autosport.nl\/de\/wp-json\/wp\/v2\/product_tag?post=52250"}],"curies":[{"name":"wp","href":"https:\/\/api.w.org\/{rel}","templated":true}]}}