{"id":52239,"date":"2023-01-10T20:27:29","date_gmt":"2023-01-10T19:27:29","guid":{"rendered":"https:\/\/www.hoogstra-autosport.nl\/?post_type=product&#038;p=52239"},"modified":"2025-03-07T17:30:09","modified_gmt":"2025-03-07T16:30:09","slug":"sparco-kartoverall-fia-level-2-kerb-lady","status":"publish","type":"product","link":"https:\/\/www.hoogstra-autosport.nl\/de\/produkt\/sparco-kartoverall-fia-level-2-kerb-lady\/","title":{"rendered":"Sparco Kartoverall FIA Level 2 Bordstein Lady Pink"},"content":{"rendered":"<p>Der neue Sparco Kartoverall KERB LADY besticht durch seinen hohen Tragekomfort und seine neue Passform, insbesondere durch sein frisches Design. Bew\u00e4hrte Bel\u00fcftungs\u00f6ffnungen im Oberschenkelbereich sorgen f\u00fcr eine gezielt gute Bel\u00fcftung f\u00fcr angenehmen Komfort - auch bei sommerlichen Temperaturen. Gro\u00dfe, elastische Eins\u00e4tze unter den Armen und im R\u00fcckenbereich sorgen f\u00fcr maximale Bewegungsfreiheit in jeder Sitzposition.<\/p>\n<p>Zur individuellen Weitenregulierung sind im seitlichen Bundbereich verstellbare Laschen integriert. Die kontrastierenden Applikationen, kombiniert mit den diagonalen Kontrastn\u00e4hten, verleihen dem Overall einen modernen und sportlichen Look. Das sportliche Design und die ergonomische Gesamtform machen die Sparco KERB LADY zu einem Spitzenmodell in ihrer Klasse in Bezug auf Optik und Komfort.<\/p>\n<p>CIK-FIA 2013-1 Stufe 2 homologiert.<\/p>","protected":false},"excerpt":{"rendered":"<p>De nieuwe Sparco kart jumpsuit KERB LADY maakt indruk met zijn grote draagcomfort en een nieuwe pasvorm, vooral met zijn frisse design. De beproefde ventilatieopeningen in het dijgebied zorgen voor gerichte goede ventilatie voor aangenaam comfort &#8211; zelfs bij zomerse temperaturen. Grote, elastische inzetstukken onder de armen en in het achterste gedeelte zorgen voor maximale [&hellip;]<\/p>\n","protected":false},"featured_media":81482,"template":"","meta":{"_acf_changed":false},"product_brand":[],"product_cat":[2647,2646],"product_tag":[],"class_list":{"0":"post-52239","1":"product","2":"type-product","3":"status-publish","4":"has-post-thumbnail","6":"product_cat-kartoverall-junior","7":"product_cat-kartoveralls","8":"product_shipping_class-4016","10":"first","11":"instock","12":"taxable","13":"shipping-taxable","14":"purchasable","15":"product-type-variable"},"acf":[],"yoast_head":"<!-- This site is optimized with the Yoast SEO plugin v27.5 - https:\/\/yoast.com\/product\/yoast-seo-wordpress\/ -->\n<title>Sparco Kartoverall FIA Level 2 Kerb Lady Roze - Hoogstra Autosport<\/title>\n<meta name=\"robots\" content=\"index, follow, max-snippet:-1, max-image-preview:large, max-video-preview:-1\" \/>\n<link rel=\"canonical\" href=\"https:\/\/www.hoogstra-autosport.nl\/de\/produkt\/sparco-kartoverall-fia-level-2-kerb-lady\/\" \/>\n<meta property=\"og:locale\" content=\"de_DE\" \/>\n<meta property=\"og:type\" content=\"article\" \/>\n<meta property=\"og:title\" content=\"Sparco Kartoverall FIA Level 2 Kerb Lady Roze - Hoogstra Autosport\" \/>\n<meta property=\"og:description\" content=\"De nieuwe Sparco kart jumpsuit KERB LADY maakt indruk met zijn grote draagcomfort en een nieuwe pasvorm, vooral met zijn frisse design. De beproefde ventilatieopeningen in het dijgebied zorgen voor gerichte goede ventilatie voor aangenaam comfort &#8211; zelfs bij zomerse temperaturen. Grote, elastische inzetstukken onder de armen en in het achterste gedeelte zorgen voor maximale [&hellip;]\" \/>\n<meta property=\"og:url\" content=\"https:\/\/www.hoogstra-autosport.nl\/de\/produkt\/sparco-kartoverall-fia-level-2-kerb-lady\/\" \/>\n<meta property=\"og:site_name\" content=\"Hoogstra Autosport\" \/>\n<meta property=\"article:modified_time\" content=\"2025-03-07T16:30:09+00:00\" \/>\n<meta property=\"og:image\" content=\"https:\/\/www.hoogstra-autosport.nl\/teamkoen\/content\/uploads\/2023\/01\/kerbroze.jpg\" \/>\n\t<meta property=\"og:image:width\" content=\"1179\" \/>\n\t<meta property=\"og:image:height\" content=\"1179\" \/>\n\t<meta property=\"og:image:type\" content=\"image\/jpeg\" \/>\n<meta name=\"twitter:card\" content=\"summary_large_image\" \/>\n<meta name=\"twitter:label1\" content=\"Gesch\u00e4tzte Lesezeit\" \/>\n\t<meta name=\"twitter:data1\" content=\"1\u00a0Minute\" \/>\n<script type=\"application\/ld+json\" class=\"yoast-schema-graph\">{\"@context\":\"https:\\\/\\\/schema.org\",\"@graph\":[{\"@type\":\"WebPage\",\"@id\":\"https:\\\/\\\/www.hoogstra-autosport.nl\\\/product\\\/sparco-kartoverall-fia-level-2-kerb-lady\\\/\",\"url\":\"https:\\\/\\\/www.hoogstra-autosport.nl\\\/product\\\/sparco-kartoverall-fia-level-2-kerb-lady\\\/\",\"name\":\"Sparco Kartoverall FIA Level 2 Kerb Lady Roze - Hoogstra Autosport\",\"isPartOf\":{\"@id\":\"https:\\\/\\\/www.hoogstra-autosport.nl\\\/#website\"},\"primaryImageOfPage\":{\"@id\":\"https:\\\/\\\/www.hoogstra-autosport.nl\\\/product\\\/sparco-kartoverall-fia-level-2-kerb-lady\\\/#primaryimage\"},\"image\":{\"@id\":\"https:\\\/\\\/www.hoogstra-autosport.nl\\\/product\\\/sparco-kartoverall-fia-level-2-kerb-lady\\\/#primaryimage\"},\"thumbnailUrl\":\"https:\\\/\\\/www.hoogstra-autosport.nl\\\/teamkoen\\\/wp-content\\\/uploads\\\/2023\\\/01\\\/kerbroze.jpg\",\"datePublished\":\"2023-01-10T19:27:29+00:00\",\"dateModified\":\"2025-03-07T16:30:09+00:00\",\"breadcrumb\":{\"@id\":\"https:\\\/\\\/www.hoogstra-autosport.nl\\\/product\\\/sparco-kartoverall-fia-level-2-kerb-lady\\\/#breadcrumb\"},\"inLanguage\":\"de\",\"potentialAction\":[{\"@type\":\"ReadAction\",\"target\":[\"https:\\\/\\\/www.hoogstra-autosport.nl\\\/product\\\/sparco-kartoverall-fia-level-2-kerb-lady\\\/\"]}]},{\"@type\":\"ImageObject\",\"inLanguage\":\"de\",\"@id\":\"https:\\\/\\\/www.hoogstra-autosport.nl\\\/product\\\/sparco-kartoverall-fia-level-2-kerb-lady\\\/#primaryimage\",\"url\":\"https:\\\/\\\/www.hoogstra-autosport.nl\\\/teamkoen\\\/wp-content\\\/uploads\\\/2023\\\/01\\\/kerbroze.jpg\",\"contentUrl\":\"https:\\\/\\\/www.hoogstra-autosport.nl\\\/teamkoen\\\/wp-content\\\/uploads\\\/2023\\\/01\\\/kerbroze.jpg\",\"width\":1179,\"height\":1179},{\"@type\":\"BreadcrumbList\",\"@id\":\"https:\\\/\\\/www.hoogstra-autosport.nl\\\/product\\\/sparco-kartoverall-fia-level-2-kerb-lady\\\/#breadcrumb\",\"itemListElement\":[{\"@type\":\"ListItem\",\"position\":1,\"name\":\"Home\",\"item\":\"https:\\\/\\\/www.hoogstra-autosport.nl\\\/\"},{\"@type\":\"ListItem\",\"position\":2,\"name\":\"Uitrusting\",\"item\":\"https:\\\/\\\/www.hoogstra-autosport.nl\\\/product-categorie\\\/autosport-kleding-helmen\\\/\"},{\"@type\":\"ListItem\",\"position\":3,\"name\":\"Kleding Karting\",\"item\":\"https:\\\/\\\/www.hoogstra-autosport.nl\\\/product-categorie\\\/autosport-kleding-helmen\\\/kleding-karting\\\/\"},{\"@type\":\"ListItem\",\"position\":4,\"name\":\"Kartoveralls\",\"item\":\"https:\\\/\\\/www.hoogstra-autosport.nl\\\/product-categorie\\\/autosport-kleding-helmen\\\/kleding-karting\\\/kartoveralls\\\/\"},{\"@type\":\"ListItem\",\"position\":5,\"name\":\"Sparco Kartoverall FIA Level 2 Kerb Lady Roze\"}]},{\"@type\":\"WebSite\",\"@id\":\"https:\\\/\\\/www.hoogstra-autosport.nl\\\/#website\",\"url\":\"https:\\\/\\\/www.hoogstra-autosport.nl\\\/\",\"name\":\"Hoogstra Autosport\",\"description\":\"Performance Autosport Parts!\",\"potentialAction\":[{\"@type\":\"SearchAction\",\"target\":{\"@type\":\"EntryPoint\",\"urlTemplate\":\"https:\\\/\\\/www.hoogstra-autosport.nl\\\/?s={search_term_string}\"},\"query-input\":{\"@type\":\"PropertyValueSpecification\",\"valueRequired\":true,\"valueName\":\"search_term_string\"}}],\"inLanguage\":\"de\"}]}<\/script>\n<!-- \/ Yoast SEO plugin. -->","yoast_head_json":{"title":"Sparco Kartoverall FIA Level 2 Kerb Lady Roze - Hoogstra Autosport","robots":{"index":"index","follow":"follow","max-snippet":"max-snippet:-1","max-image-preview":"max-image-preview:large","max-video-preview":"max-video-preview:-1"},"canonical":"https:\/\/www.hoogstra-autosport.nl\/de\/produkt\/sparco-kartoverall-fia-level-2-kerb-lady\/","og_locale":"de_DE","og_type":"article","og_title":"Sparco Kartoverall FIA Level 2 Kerb Lady Roze - Hoogstra Autosport","og_description":"De nieuwe Sparco kart jumpsuit KERB LADY maakt indruk met zijn grote draagcomfort en een nieuwe pasvorm, vooral met zijn frisse design. De beproefde ventilatieopeningen in het dijgebied zorgen voor gerichte goede ventilatie voor aangenaam comfort &#8211; zelfs bij zomerse temperaturen. Grote, elastische inzetstukken onder de armen en in het achterste gedeelte zorgen voor maximale [&hellip;]","og_url":"https:\/\/www.hoogstra-autosport.nl\/de\/produkt\/sparco-kartoverall-fia-level-2-kerb-lady\/","og_site_name":"Hoogstra Autosport","article_modified_time":"2025-03-07T16:30:09+00:00","og_image":[{"width":1179,"height":1179,"url":"https:\/\/www.hoogstra-autosport.nl\/teamkoen\/content\/uploads\/2023\/01\/kerbroze.jpg","type":"image\/jpeg"}],"twitter_card":"summary_large_image","twitter_misc":{"Gesch\u00e4tzte Lesezeit":"1\u00a0Minute"},"schema":{"@context":"https:\/\/schema.org","@graph":[{"@type":"WebPage","@id":"https:\/\/www.hoogstra-autosport.nl\/product\/sparco-kartoverall-fia-level-2-kerb-lady\/","url":"https:\/\/www.hoogstra-autosport.nl\/product\/sparco-kartoverall-fia-level-2-kerb-lady\/","name":"Sparco Kartoverall FIA Level 2 Kerb Lady Roze - Hoogstra Autosport","isPartOf":{"@id":"https:\/\/www.hoogstra-autosport.nl\/#website"},"primaryImageOfPage":{"@id":"https:\/\/www.hoogstra-autosport.nl\/product\/sparco-kartoverall-fia-level-2-kerb-lady\/#primaryimage"},"image":{"@id":"https:\/\/www.hoogstra-autosport.nl\/product\/sparco-kartoverall-fia-level-2-kerb-lady\/#primaryimage"},"thumbnailUrl":"https:\/\/www.hoogstra-autosport.nl\/teamkoen\/wp-content\/uploads\/2023\/01\/kerbroze.jpg","datePublished":"2023-01-10T19:27:29+00:00","dateModified":"2025-03-07T16:30:09+00:00","breadcrumb":{"@id":"https:\/\/www.hoogstra-autosport.nl\/product\/sparco-kartoverall-fia-level-2-kerb-lady\/#breadcrumb"},"inLanguage":"de","potentialAction":[{"@type":"ReadAction","target":["https:\/\/www.hoogstra-autosport.nl\/product\/sparco-kartoverall-fia-level-2-kerb-lady\/"]}]},{"@type":"ImageObject","inLanguage":"de","@id":"https:\/\/www.hoogstra-autosport.nl\/product\/sparco-kartoverall-fia-level-2-kerb-lady\/#primaryimage","url":"https:\/\/www.hoogstra-autosport.nl\/teamkoen\/wp-content\/uploads\/2023\/01\/kerbroze.jpg","contentUrl":"https:\/\/www.hoogstra-autosport.nl\/teamkoen\/wp-content\/uploads\/2023\/01\/kerbroze.jpg","width":1179,"height":1179},{"@type":"BreadcrumbList","@id":"https:\/\/www.hoogstra-autosport.nl\/product\/sparco-kartoverall-fia-level-2-kerb-lady\/#breadcrumb","itemListElement":[{"@type":"ListItem","position":1,"name":"Home","item":"https:\/\/www.hoogstra-autosport.nl\/"},{"@type":"ListItem","position":2,"name":"Uitrusting","item":"https:\/\/www.hoogstra-autosport.nl\/product-categorie\/autosport-kleding-helmen\/"},{"@type":"ListItem","position":3,"name":"Kleding Karting","item":"https:\/\/www.hoogstra-autosport.nl\/product-categorie\/autosport-kleding-helmen\/kleding-karting\/"},{"@type":"ListItem","position":4,"name":"Kartoveralls","item":"https:\/\/www.hoogstra-autosport.nl\/product-categorie\/autosport-kleding-helmen\/kleding-karting\/kartoveralls\/"},{"@type":"ListItem","position":5,"name":"Sparco Kartoverall FIA Level 2 Kerb Lady Roze"}]},{"@type":"WebSite","@id":"https:\/\/www.hoogstra-autosport.nl\/#website","url":"https:\/\/www.hoogstra-autosport.nl\/","name":"Hoogstra Autosport","description":"Performance Autosport Parts!","potentialAction":[{"@type":"SearchAction","target":{"@type":"EntryPoint","urlTemplate":"https:\/\/www.hoogstra-autosport.nl\/?s={search_term_string}"},"query-input":{"@type":"PropertyValueSpecification","valueRequired":true,"valueName":"search_term_string"}}],"inLanguage":"de"}]}},"tiered_pricing_type":"fixed","tiered_pricing_fixed_rules":[],"tiered_pricing_product_settings":{"layout":"default","base_unit_name":{"singular":null,"plural":null},"default_variation":null},"tiered_pricing_minimum_quantity":null,"tiered_pricing_roles_data":[],"tiered_pricing_percentage_rules":[],"tiered_pricing_maximum_quantity":null,"tiered_pricing_quantity_step":null,"_links":{"self":[{"href":"https:\/\/www.hoogstra-autosport.nl\/de\/wp-json\/wp\/v2\/product\/52239","targetHints":{"allow":["GET"]}}],"collection":[{"href":"https:\/\/www.hoogstra-autosport.nl\/de\/wp-json\/wp\/v2\/product"}],"about":[{"href":"https:\/\/www.hoogstra-autosport.nl\/de\/wp-json\/wp\/v2\/types\/product"}],"wp:featuredmedia":[{"embeddable":true,"href":"https:\/\/www.hoogstra-autosport.nl\/de\/wp-json\/wp\/v2\/media\/81482"}],"wp:attachment":[{"href":"https:\/\/www.hoogstra-autosport.nl\/de\/wp-json\/wp\/v2\/media?parent=52239"}],"wp:term":[{"taxonomy":"product_brand","embeddable":true,"href":"https:\/\/www.hoogstra-autosport.nl\/de\/wp-json\/wp\/v2\/product_brand?post=52239"},{"taxonomy":"product_cat","embeddable":true,"href":"https:\/\/www.hoogstra-autosport.nl\/de\/wp-json\/wp\/v2\/product_cat?post=52239"},{"taxonomy":"product_tag","embeddable":true,"href":"https:\/\/www.hoogstra-autosport.nl\/de\/wp-json\/wp\/v2\/product_tag?post=52239"}],"curies":[{"name":"wp","href":"https:\/\/api.w.org\/{rel}","templated":true}]}}