{"id":52115,"date":"2023-01-09T13:29:06","date_gmt":"2023-01-09T12:29:06","guid":{"rendered":"https:\/\/www.hoogstra-autosport.nl\/?post_type=product&#038;p=52115"},"modified":"2025-11-13T15:25:08","modified_gmt":"2025-11-13T14:25:08","slug":"bell-helm-mag-10-carbon","status":"publish","type":"product","link":"https:\/\/www.hoogstra-autosport.nl\/de\/produkt\/bell-helm-mag-10-carbon\/","title":{"rendered":"BELL Helm MAG-10 Rally Carbon"},"content":{"rendered":"<p>Leichter, offener Helm aus Kohlefaser mit \u00fcberzeugender Passform. Die ultraleichte Carbon-Au\u00dfenschale macht diesen Helm besonders widerstandsf\u00e4hig und komfortabel zugleich. Dank der verstellbaren Sonnenblende hat der Fahrer bei unterschiedlichsten Sichtverh\u00e4ltnissen immer einen maximalen \u00dcberblick. Wahlweise mit oder ohne integrierte ZeroNoise Gegensprechanlage erh\u00e4ltlich (Nexus-Buchse\/Stilo kompatibel). Die H.A.N.S. Clips sind bereits ab Werk montiert<\/p>","protected":false},"excerpt":{"rendered":"<p>Lichtgewicht koolstofvezel open gezichtshelm met een overtuigende pasvorm. Door de ultralichte carbon buitenschaal is deze helm bijzonder resistent en comfortabel tegelijk. Dankzij de verstelbare zonneklep heeft de bestuurder altijd een maximaal overzicht in een breed scala aan zichtomstandigheden. Optioneel verkrijgbaar met of zonder ingebouwde ZeroNoise intercom (Nexus socket\/Stilo compatibel). De H.A.N.S. Clips zijn al af [&hellip;]<\/p>\n","protected":false},"featured_media":52137,"template":"","meta":{"_acf_changed":false},"product_brand":[],"product_cat":[3974],"product_tag":[],"class_list":{"0":"post-52115","1":"product","2":"type-product","3":"status-publish","4":"has-post-thumbnail","6":"product_cat-bell-open-face-fia","7":"product_shipping_class-4016","9":"first","10":"instock","11":"taxable","12":"shipping-taxable","13":"purchasable","14":"product-type-variable"},"acf":[],"yoast_head":"<!-- This site is optimized with the Yoast SEO plugin v27.1.1 - https:\/\/yoast.com\/product\/yoast-seo-wordpress\/ -->\n<title>BELL Helm MAG-10 Rally Carbon - Hoogstra Autosport<\/title>\n<meta name=\"robots\" content=\"index, follow, max-snippet:-1, max-image-preview:large, max-video-preview:-1\" \/>\n<link rel=\"canonical\" href=\"https:\/\/www.hoogstra-autosport.nl\/de\/produkt\/bell-helm-mag-10-carbon\/\" \/>\n<meta property=\"og:locale\" content=\"de_DE\" \/>\n<meta property=\"og:type\" content=\"article\" \/>\n<meta property=\"og:title\" content=\"BELL Helm MAG-10 Rally Carbon - Hoogstra Autosport\" \/>\n<meta property=\"og:description\" content=\"Lichtgewicht koolstofvezel open gezichtshelm met een overtuigende pasvorm. Door de ultralichte carbon buitenschaal is deze helm bijzonder resistent en comfortabel tegelijk. Dankzij de verstelbare zonneklep heeft de bestuurder altijd een maximaal overzicht in een breed scala aan zichtomstandigheden. Optioneel verkrijgbaar met of zonder ingebouwde ZeroNoise intercom (Nexus socket\/Stilo compatibel). De H.A.N.S. Clips zijn al af [&hellip;]\" \/>\n<meta property=\"og:url\" content=\"https:\/\/www.hoogstra-autosport.nl\/de\/produkt\/bell-helm-mag-10-carbon\/\" \/>\n<meta property=\"og:site_name\" content=\"Hoogstra Autosport\" \/>\n<meta property=\"article:modified_time\" content=\"2025-11-13T14:25:08+00:00\" \/>\n<meta property=\"og:image\" content=\"https:\/\/www.hoogstra-autosport.nl\/teamkoen\/wp-content\/uploads\/2023\/01\/mag-10-carbon-1.png\" \/>\n\t<meta property=\"og:image:width\" content=\"986\" \/>\n\t<meta property=\"og:image:height\" content=\"986\" \/>\n\t<meta property=\"og:image:type\" content=\"image\/png\" \/>\n<meta name=\"twitter:card\" content=\"summary_large_image\" \/>\n<meta name=\"twitter:label1\" content=\"Gesch\u00e4tzte Lesezeit\" \/>\n\t<meta name=\"twitter:data1\" content=\"1\u00a0Minute\" \/>\n<script type=\"application\/ld+json\" class=\"yoast-schema-graph\">{\"@context\":\"https:\/\/schema.org\",\"@graph\":[{\"@type\":\"WebPage\",\"@id\":\"https:\/\/www.hoogstra-autosport.nl\/product\/bell-helm-mag-10-carbon\/\",\"url\":\"https:\/\/www.hoogstra-autosport.nl\/product\/bell-helm-mag-10-carbon\/\",\"name\":\"BELL Helm MAG-10 Rally Carbon - Hoogstra Autosport\",\"isPartOf\":{\"@id\":\"https:\/\/www.hoogstra-autosport.nl\/#website\"},\"primaryImageOfPage\":{\"@id\":\"https:\/\/www.hoogstra-autosport.nl\/product\/bell-helm-mag-10-carbon\/#primaryimage\"},\"image\":{\"@id\":\"https:\/\/www.hoogstra-autosport.nl\/product\/bell-helm-mag-10-carbon\/#primaryimage\"},\"thumbnailUrl\":\"https:\/\/www.hoogstra-autosport.nl\/teamkoen\/wp-content\/uploads\/2023\/01\/mag-10-carbon-1.png\",\"datePublished\":\"2023-01-09T12:29:06+00:00\",\"dateModified\":\"2025-11-13T14:25:08+00:00\",\"breadcrumb\":{\"@id\":\"https:\/\/www.hoogstra-autosport.nl\/product\/bell-helm-mag-10-carbon\/#breadcrumb\"},\"inLanguage\":\"de\",\"potentialAction\":[{\"@type\":\"ReadAction\",\"target\":[\"https:\/\/www.hoogstra-autosport.nl\/product\/bell-helm-mag-10-carbon\/\"]}]},{\"@type\":\"ImageObject\",\"inLanguage\":\"de\",\"@id\":\"https:\/\/www.hoogstra-autosport.nl\/product\/bell-helm-mag-10-carbon\/#primaryimage\",\"url\":\"https:\/\/www.hoogstra-autosport.nl\/teamkoen\/wp-content\/uploads\/2023\/01\/mag-10-carbon-1.png\",\"contentUrl\":\"https:\/\/www.hoogstra-autosport.nl\/teamkoen\/wp-content\/uploads\/2023\/01\/mag-10-carbon-1.png\",\"width\":986,\"height\":986},{\"@type\":\"BreadcrumbList\",\"@id\":\"https:\/\/www.hoogstra-autosport.nl\/product\/bell-helm-mag-10-carbon\/#breadcrumb\",\"itemListElement\":[{\"@type\":\"ListItem\",\"position\":1,\"name\":\"Home\",\"item\":\"https:\/\/www.hoogstra-autosport.nl\/\"},{\"@type\":\"ListItem\",\"position\":2,\"name\":\"Uitrusting\",\"item\":\"https:\/\/www.hoogstra-autosport.nl\/product-categorie\/autosport-kleding-helmen\/\"},{\"@type\":\"ListItem\",\"position\":3,\"name\":\"Helmen\",\"item\":\"https:\/\/www.hoogstra-autosport.nl\/product-categorie\/autosport-kleding-helmen\/helmen\/\"},{\"@type\":\"ListItem\",\"position\":4,\"name\":\"FIA Open Face Helmen\",\"item\":\"https:\/\/www.hoogstra-autosport.nl\/product-categorie\/autosport-kleding-helmen\/helmen\/helmen-open-face-fia-integraal\/\"},{\"@type\":\"ListItem\",\"position\":5,\"name\":\"Bell Open face FIA\",\"item\":\"https:\/\/www.hoogstra-autosport.nl\/product-categorie\/autosport-kleding-helmen\/helmen\/helmen-open-face-fia-integraal\/bell-open-face-fia\/\"},{\"@type\":\"ListItem\",\"position\":6,\"name\":\"BELL Helm MAG-10 Rally Carbon\"}]},{\"@type\":\"WebSite\",\"@id\":\"https:\/\/www.hoogstra-autosport.nl\/#website\",\"url\":\"https:\/\/www.hoogstra-autosport.nl\/\",\"name\":\"Hoogstra Autosport\",\"description\":\"Performance Autosport Parts!\",\"potentialAction\":[{\"@type\":\"SearchAction\",\"target\":{\"@type\":\"EntryPoint\",\"urlTemplate\":\"https:\/\/www.hoogstra-autosport.nl\/?s={search_term_string}\"},\"query-input\":{\"@type\":\"PropertyValueSpecification\",\"valueRequired\":true,\"valueName\":\"search_term_string\"}}],\"inLanguage\":\"de\"}]}<\/script>\n<!-- \/ Yoast SEO plugin. -->","yoast_head_json":{"title":"BELL Helm MAG-10 Rally Carbon - Hoogstra Autosport","robots":{"index":"index","follow":"follow","max-snippet":"max-snippet:-1","max-image-preview":"max-image-preview:large","max-video-preview":"max-video-preview:-1"},"canonical":"https:\/\/www.hoogstra-autosport.nl\/de\/produkt\/bell-helm-mag-10-carbon\/","og_locale":"de_DE","og_type":"article","og_title":"BELL Helm MAG-10 Rally Carbon - Hoogstra Autosport","og_description":"Lichtgewicht koolstofvezel open gezichtshelm met een overtuigende pasvorm. Door de ultralichte carbon buitenschaal is deze helm bijzonder resistent en comfortabel tegelijk. Dankzij de verstelbare zonneklep heeft de bestuurder altijd een maximaal overzicht in een breed scala aan zichtomstandigheden. Optioneel verkrijgbaar met of zonder ingebouwde ZeroNoise intercom (Nexus socket\/Stilo compatibel). De H.A.N.S. Clips zijn al af [&hellip;]","og_url":"https:\/\/www.hoogstra-autosport.nl\/de\/produkt\/bell-helm-mag-10-carbon\/","og_site_name":"Hoogstra Autosport","article_modified_time":"2025-11-13T14:25:08+00:00","og_image":[{"width":986,"height":986,"url":"https:\/\/www.hoogstra-autosport.nl\/teamkoen\/wp-content\/uploads\/2023\/01\/mag-10-carbon-1.png","type":"image\/png"}],"twitter_card":"summary_large_image","twitter_misc":{"Gesch\u00e4tzte Lesezeit":"1\u00a0Minute"},"schema":{"@context":"https:\/\/schema.org","@graph":[{"@type":"WebPage","@id":"https:\/\/www.hoogstra-autosport.nl\/product\/bell-helm-mag-10-carbon\/","url":"https:\/\/www.hoogstra-autosport.nl\/product\/bell-helm-mag-10-carbon\/","name":"BELL Helm MAG-10 Rally Carbon - Hoogstra Autosport","isPartOf":{"@id":"https:\/\/www.hoogstra-autosport.nl\/#website"},"primaryImageOfPage":{"@id":"https:\/\/www.hoogstra-autosport.nl\/product\/bell-helm-mag-10-carbon\/#primaryimage"},"image":{"@id":"https:\/\/www.hoogstra-autosport.nl\/product\/bell-helm-mag-10-carbon\/#primaryimage"},"thumbnailUrl":"https:\/\/www.hoogstra-autosport.nl\/teamkoen\/wp-content\/uploads\/2023\/01\/mag-10-carbon-1.png","datePublished":"2023-01-09T12:29:06+00:00","dateModified":"2025-11-13T14:25:08+00:00","breadcrumb":{"@id":"https:\/\/www.hoogstra-autosport.nl\/product\/bell-helm-mag-10-carbon\/#breadcrumb"},"inLanguage":"de","potentialAction":[{"@type":"ReadAction","target":["https:\/\/www.hoogstra-autosport.nl\/product\/bell-helm-mag-10-carbon\/"]}]},{"@type":"ImageObject","inLanguage":"de","@id":"https:\/\/www.hoogstra-autosport.nl\/product\/bell-helm-mag-10-carbon\/#primaryimage","url":"https:\/\/www.hoogstra-autosport.nl\/teamkoen\/wp-content\/uploads\/2023\/01\/mag-10-carbon-1.png","contentUrl":"https:\/\/www.hoogstra-autosport.nl\/teamkoen\/wp-content\/uploads\/2023\/01\/mag-10-carbon-1.png","width":986,"height":986},{"@type":"BreadcrumbList","@id":"https:\/\/www.hoogstra-autosport.nl\/product\/bell-helm-mag-10-carbon\/#breadcrumb","itemListElement":[{"@type":"ListItem","position":1,"name":"Home","item":"https:\/\/www.hoogstra-autosport.nl\/"},{"@type":"ListItem","position":2,"name":"Uitrusting","item":"https:\/\/www.hoogstra-autosport.nl\/product-categorie\/autosport-kleding-helmen\/"},{"@type":"ListItem","position":3,"name":"Helmen","item":"https:\/\/www.hoogstra-autosport.nl\/product-categorie\/autosport-kleding-helmen\/helmen\/"},{"@type":"ListItem","position":4,"name":"FIA Open Face Helmen","item":"https:\/\/www.hoogstra-autosport.nl\/product-categorie\/autosport-kleding-helmen\/helmen\/helmen-open-face-fia-integraal\/"},{"@type":"ListItem","position":5,"name":"Bell Open face FIA","item":"https:\/\/www.hoogstra-autosport.nl\/product-categorie\/autosport-kleding-helmen\/helmen\/helmen-open-face-fia-integraal\/bell-open-face-fia\/"},{"@type":"ListItem","position":6,"name":"BELL Helm MAG-10 Rally Carbon"}]},{"@type":"WebSite","@id":"https:\/\/www.hoogstra-autosport.nl\/#website","url":"https:\/\/www.hoogstra-autosport.nl\/","name":"Hoogstra Autosport","description":"Performance Autosport Parts!","potentialAction":[{"@type":"SearchAction","target":{"@type":"EntryPoint","urlTemplate":"https:\/\/www.hoogstra-autosport.nl\/?s={search_term_string}"},"query-input":{"@type":"PropertyValueSpecification","valueRequired":true,"valueName":"search_term_string"}}],"inLanguage":"de"}]}},"tiered_pricing_type":"fixed","tiered_pricing_fixed_rules":[],"tiered_pricing_product_settings":{"layout":"default","base_unit_name":{"singular":null,"plural":null},"default_variation":null},"tiered_pricing_minimum_quantity":null,"tiered_pricing_roles_data":[],"tiered_pricing_percentage_rules":[],"tiered_pricing_maximum_quantity":null,"tiered_pricing_quantity_step":null,"_links":{"self":[{"href":"https:\/\/www.hoogstra-autosport.nl\/de\/wp-json\/wp\/v2\/product\/52115","targetHints":{"allow":["GET"]}}],"collection":[{"href":"https:\/\/www.hoogstra-autosport.nl\/de\/wp-json\/wp\/v2\/product"}],"about":[{"href":"https:\/\/www.hoogstra-autosport.nl\/de\/wp-json\/wp\/v2\/types\/product"}],"wp:featuredmedia":[{"embeddable":true,"href":"https:\/\/www.hoogstra-autosport.nl\/de\/wp-json\/wp\/v2\/media\/52137"}],"wp:attachment":[{"href":"https:\/\/www.hoogstra-autosport.nl\/de\/wp-json\/wp\/v2\/media?parent=52115"}],"wp:term":[{"taxonomy":"product_brand","embeddable":true,"href":"https:\/\/www.hoogstra-autosport.nl\/de\/wp-json\/wp\/v2\/product_brand?post=52115"},{"taxonomy":"product_cat","embeddable":true,"href":"https:\/\/www.hoogstra-autosport.nl\/de\/wp-json\/wp\/v2\/product_cat?post=52115"},{"taxonomy":"product_tag","embeddable":true,"href":"https:\/\/www.hoogstra-autosport.nl\/de\/wp-json\/wp\/v2\/product_tag?post=52115"}],"curies":[{"name":"wp","href":"https:\/\/api.w.org\/{rel}","templated":true}]}}