{"id":51837,"date":"2023-01-05T15:14:12","date_gmt":"2023-01-05T14:14:12","guid":{"rendered":"https:\/\/www.hoogstra-autosport.nl\/?post_type=product&#038;p=51837"},"modified":"2024-11-26T10:41:44","modified_gmt":"2024-11-26T09:41:44","slug":"stilo-intercom-dg-10-digitaal","status":"publish","type":"product","link":"https:\/\/www.hoogstra-autosport.nl\/de\/produkt\/stilo-intercom-dg-10-digitaal\/","title":{"rendered":"Stilo Gegensprechanlage DG-10 (digital)"},"content":{"rendered":"<p>Digitale Gegensprechanlage f\u00fcr den professionellen Einsatz. Das Basismodell der DG-Serie ist au\u00dferdem mit einem aktiven digitalen Rauschfilter (SDA) f\u00fcr eine klare und zuverl\u00e4ssige Kommunikation sowie mit 3 Rauschfiltereinstellungen (2 digital und eine analog) ausgestattet.<\/p>\n<p>Im Stage\/Road-Modus k\u00f6nnen Kameraaufzeichnung, Radio und Telefonverbindung aktiviert bzw. deaktiviert werden. Separate Lautst\u00e4rkeregelung f\u00fcr Fahrer und Beifahrer. Hintergrundbeleuchtung. Audioanschl\u00fcsse f\u00fcr Kamera und Radio. Kabellose Verbindung zu Bluetooth-f\u00e4higen Handys und Smartphones* dank integriertem Bluetooth-Modul. Betrieb \u00fcber 12V-Bordnetzsteckdose.<\/p>\n<p>Stilo Digital Active Filter (SDA) - Aktive digitale Ger\u00e4uschfilterung: fortschrittliche Technologie f\u00fcr eine enorme Ger\u00e4uschreduzierung und Unterdr\u00fcckung von Umgebungsger\u00e4uschen. Ger\u00e4uschfreie Kommunikation bedeutet aktive Sicherheit und optimale Leistung - f\u00fcr konzentriertes Fahren und ununterbrochene Kommunikation zwischen Fahrer und Beifahrer.<\/p>\n<p>Hinweis: Die Bluetooth-Funktion zur Verbindung mit einem Mobiltelefon oder Smartphone ist kein Ersatz f\u00fcr ein Funksystem. Sie dient nur zum Telefonieren, z. B. im Falle einer Panne.<\/p>","protected":false},"excerpt":{"rendered":"<p>Digitale intercom voor professioneel gebruik. Het basismodel van de DG-serie is ook uitgerust met een actief digitaal ruisfilter (SDA) voor heldere en betrouwbare communicatie, evenals 3 ruisfilterinstellingen (2 digitaal en een analoog). Met de Stage\/Road-modus kunnen camera-opname, radio- en telefoonverbinding worden geactiveerd of gedeactiveerd. Afzonderlijke volumeregeling voor bestuurder en voorpassagier. tegenlicht. Audio aansluitingen voor camera [&hellip;]<\/p>\n","protected":false},"featured_media":51844,"template":"","meta":{"_acf_changed":false},"product_brand":[],"product_cat":[4253],"product_tag":[],"class_list":{"0":"post-51837","1":"product","2":"type-product","3":"status-publish","4":"has-post-thumbnail","6":"product_cat-intercom-systemen","7":"product_shipping_class-4016","9":"first","10":"instock","11":"taxable","12":"shipping-taxable","13":"purchasable","14":"product-type-simple"},"acf":[],"yoast_head":"<!-- This site is optimized with the Yoast SEO plugin v27.1.1 - https:\/\/yoast.com\/product\/yoast-seo-wordpress\/ -->\n<title>Stilo intercom DG-10 (digitaal) - Hoogstra Autosport<\/title>\n<meta name=\"robots\" content=\"index, follow, max-snippet:-1, max-image-preview:large, max-video-preview:-1\" \/>\n<link rel=\"canonical\" href=\"https:\/\/www.hoogstra-autosport.nl\/de\/produkt\/stilo-intercom-dg-10-digitaal\/\" \/>\n<meta property=\"og:locale\" content=\"de_DE\" \/>\n<meta property=\"og:type\" content=\"article\" \/>\n<meta property=\"og:title\" content=\"Stilo intercom DG-10 (digitaal) - Hoogstra Autosport\" \/>\n<meta property=\"og:description\" content=\"Digitale intercom voor professioneel gebruik. Het basismodel van de DG-serie is ook uitgerust met een actief digitaal ruisfilter (SDA) voor heldere en betrouwbare communicatie, evenals 3 ruisfilterinstellingen (2 digitaal en een analoog). Met de Stage\/Road-modus kunnen camera-opname, radio- en telefoonverbinding worden geactiveerd of gedeactiveerd. Afzonderlijke volumeregeling voor bestuurder en voorpassagier. tegenlicht. Audio aansluitingen voor camera [&hellip;]\" \/>\n<meta property=\"og:url\" content=\"https:\/\/www.hoogstra-autosport.nl\/de\/produkt\/stilo-intercom-dg-10-digitaal\/\" \/>\n<meta property=\"og:site_name\" content=\"Hoogstra Autosport\" \/>\n<meta property=\"article:modified_time\" content=\"2024-11-26T09:41:44+00:00\" \/>\n<meta property=\"og:image\" content=\"https:\/\/hoogstra-autosport.nl\/teamkoen\/content\/uploads\/2023\/01\/Stilo-intercom-DG-10-digitaal.png\" \/>\n\t<meta property=\"og:image:width\" content=\"986\" \/>\n\t<meta property=\"og:image:height\" content=\"986\" \/>\n\t<meta property=\"og:image:type\" content=\"image\/png\" \/>\n<meta name=\"twitter:card\" content=\"summary_large_image\" \/>\n<meta name=\"twitter:label1\" content=\"Gesch\u00e4tzte Lesezeit\" \/>\n\t<meta name=\"twitter:data1\" content=\"2\u00a0Minuten\" \/>\n<script type=\"application\/ld+json\" class=\"yoast-schema-graph\">{\"@context\":\"https:\/\/schema.org\",\"@graph\":[{\"@type\":\"WebPage\",\"@id\":\"https:\/\/www.hoogstra-autosport.nl\/product\/stilo-intercom-dg-10-digitaal\/\",\"url\":\"https:\/\/www.hoogstra-autosport.nl\/product\/stilo-intercom-dg-10-digitaal\/\",\"name\":\"Stilo intercom DG-10 (digitaal) - Hoogstra Autosport\",\"isPartOf\":{\"@id\":\"https:\/\/www.hoogstra-autosport.nl\/#website\"},\"primaryImageOfPage\":{\"@id\":\"https:\/\/www.hoogstra-autosport.nl\/product\/stilo-intercom-dg-10-digitaal\/#primaryimage\"},\"image\":{\"@id\":\"https:\/\/www.hoogstra-autosport.nl\/product\/stilo-intercom-dg-10-digitaal\/#primaryimage\"},\"thumbnailUrl\":\"https:\/\/www.hoogstra-autosport.nl\/teamkoen\/wp-content\/uploads\/2023\/01\/Stilo-intercom-DG-10-digitaal.png\",\"datePublished\":\"2023-01-05T14:14:12+00:00\",\"dateModified\":\"2024-11-26T09:41:44+00:00\",\"breadcrumb\":{\"@id\":\"https:\/\/www.hoogstra-autosport.nl\/product\/stilo-intercom-dg-10-digitaal\/#breadcrumb\"},\"inLanguage\":\"de\",\"potentialAction\":[{\"@type\":\"ReadAction\",\"target\":[\"https:\/\/www.hoogstra-autosport.nl\/product\/stilo-intercom-dg-10-digitaal\/\"]}]},{\"@type\":\"ImageObject\",\"inLanguage\":\"de\",\"@id\":\"https:\/\/www.hoogstra-autosport.nl\/product\/stilo-intercom-dg-10-digitaal\/#primaryimage\",\"url\":\"https:\/\/www.hoogstra-autosport.nl\/teamkoen\/wp-content\/uploads\/2023\/01\/Stilo-intercom-DG-10-digitaal.png\",\"contentUrl\":\"https:\/\/www.hoogstra-autosport.nl\/teamkoen\/wp-content\/uploads\/2023\/01\/Stilo-intercom-DG-10-digitaal.png\",\"width\":986,\"height\":986},{\"@type\":\"BreadcrumbList\",\"@id\":\"https:\/\/www.hoogstra-autosport.nl\/product\/stilo-intercom-dg-10-digitaal\/#breadcrumb\",\"itemListElement\":[{\"@type\":\"ListItem\",\"position\":1,\"name\":\"Home\",\"item\":\"https:\/\/www.hoogstra-autosport.nl\/\"},{\"@type\":\"ListItem\",\"position\":2,\"name\":\"Uitrusting\",\"item\":\"https:\/\/www.hoogstra-autosport.nl\/product-categorie\/autosport-kleding-helmen\/\"},{\"@type\":\"ListItem\",\"position\":3,\"name\":\"Intercoms &amp; Headsets\",\"item\":\"https:\/\/www.hoogstra-autosport.nl\/product-categorie\/autosport-kleding-helmen\/intercoms-heaqsets\/\"},{\"@type\":\"ListItem\",\"position\":4,\"name\":\"Stilo intercom DG-10 (digitaal)\"}]},{\"@type\":\"WebSite\",\"@id\":\"https:\/\/www.hoogstra-autosport.nl\/#website\",\"url\":\"https:\/\/www.hoogstra-autosport.nl\/\",\"name\":\"Hoogstra Autosport\",\"description\":\"Performance Autosport Parts!\",\"potentialAction\":[{\"@type\":\"SearchAction\",\"target\":{\"@type\":\"EntryPoint\",\"urlTemplate\":\"https:\/\/www.hoogstra-autosport.nl\/?s={search_term_string}\"},\"query-input\":{\"@type\":\"PropertyValueSpecification\",\"valueRequired\":true,\"valueName\":\"search_term_string\"}}],\"inLanguage\":\"de\"}]}<\/script>\n<!-- \/ Yoast SEO plugin. -->","yoast_head_json":{"title":"Stilo intercom DG-10 (digitaal) - Hoogstra Autosport","robots":{"index":"index","follow":"follow","max-snippet":"max-snippet:-1","max-image-preview":"max-image-preview:large","max-video-preview":"max-video-preview:-1"},"canonical":"https:\/\/www.hoogstra-autosport.nl\/de\/produkt\/stilo-intercom-dg-10-digitaal\/","og_locale":"de_DE","og_type":"article","og_title":"Stilo intercom DG-10 (digitaal) - Hoogstra Autosport","og_description":"Digitale intercom voor professioneel gebruik. Het basismodel van de DG-serie is ook uitgerust met een actief digitaal ruisfilter (SDA) voor heldere en betrouwbare communicatie, evenals 3 ruisfilterinstellingen (2 digitaal en een analoog). Met de Stage\/Road-modus kunnen camera-opname, radio- en telefoonverbinding worden geactiveerd of gedeactiveerd. Afzonderlijke volumeregeling voor bestuurder en voorpassagier. tegenlicht. Audio aansluitingen voor camera [&hellip;]","og_url":"https:\/\/www.hoogstra-autosport.nl\/de\/produkt\/stilo-intercom-dg-10-digitaal\/","og_site_name":"Hoogstra Autosport","article_modified_time":"2024-11-26T09:41:44+00:00","og_image":[{"width":986,"height":986,"url":"https:\/\/hoogstra-autosport.nl\/teamkoen\/content\/uploads\/2023\/01\/Stilo-intercom-DG-10-digitaal.png","type":"image\/png"}],"twitter_card":"summary_large_image","twitter_misc":{"Gesch\u00e4tzte Lesezeit":"2\u00a0Minuten"},"schema":{"@context":"https:\/\/schema.org","@graph":[{"@type":"WebPage","@id":"https:\/\/www.hoogstra-autosport.nl\/product\/stilo-intercom-dg-10-digitaal\/","url":"https:\/\/www.hoogstra-autosport.nl\/product\/stilo-intercom-dg-10-digitaal\/","name":"Stilo intercom DG-10 (digitaal) - Hoogstra Autosport","isPartOf":{"@id":"https:\/\/www.hoogstra-autosport.nl\/#website"},"primaryImageOfPage":{"@id":"https:\/\/www.hoogstra-autosport.nl\/product\/stilo-intercom-dg-10-digitaal\/#primaryimage"},"image":{"@id":"https:\/\/www.hoogstra-autosport.nl\/product\/stilo-intercom-dg-10-digitaal\/#primaryimage"},"thumbnailUrl":"https:\/\/www.hoogstra-autosport.nl\/teamkoen\/wp-content\/uploads\/2023\/01\/Stilo-intercom-DG-10-digitaal.png","datePublished":"2023-01-05T14:14:12+00:00","dateModified":"2024-11-26T09:41:44+00:00","breadcrumb":{"@id":"https:\/\/www.hoogstra-autosport.nl\/product\/stilo-intercom-dg-10-digitaal\/#breadcrumb"},"inLanguage":"de","potentialAction":[{"@type":"ReadAction","target":["https:\/\/www.hoogstra-autosport.nl\/product\/stilo-intercom-dg-10-digitaal\/"]}]},{"@type":"ImageObject","inLanguage":"de","@id":"https:\/\/www.hoogstra-autosport.nl\/product\/stilo-intercom-dg-10-digitaal\/#primaryimage","url":"https:\/\/www.hoogstra-autosport.nl\/teamkoen\/wp-content\/uploads\/2023\/01\/Stilo-intercom-DG-10-digitaal.png","contentUrl":"https:\/\/www.hoogstra-autosport.nl\/teamkoen\/wp-content\/uploads\/2023\/01\/Stilo-intercom-DG-10-digitaal.png","width":986,"height":986},{"@type":"BreadcrumbList","@id":"https:\/\/www.hoogstra-autosport.nl\/product\/stilo-intercom-dg-10-digitaal\/#breadcrumb","itemListElement":[{"@type":"ListItem","position":1,"name":"Home","item":"https:\/\/www.hoogstra-autosport.nl\/"},{"@type":"ListItem","position":2,"name":"Uitrusting","item":"https:\/\/www.hoogstra-autosport.nl\/product-categorie\/autosport-kleding-helmen\/"},{"@type":"ListItem","position":3,"name":"Intercoms &amp; Headsets","item":"https:\/\/www.hoogstra-autosport.nl\/product-categorie\/autosport-kleding-helmen\/intercoms-heaqsets\/"},{"@type":"ListItem","position":4,"name":"Stilo intercom DG-10 (digitaal)"}]},{"@type":"WebSite","@id":"https:\/\/www.hoogstra-autosport.nl\/#website","url":"https:\/\/www.hoogstra-autosport.nl\/","name":"Hoogstra Autosport","description":"Performance Autosport Parts!","potentialAction":[{"@type":"SearchAction","target":{"@type":"EntryPoint","urlTemplate":"https:\/\/www.hoogstra-autosport.nl\/?s={search_term_string}"},"query-input":{"@type":"PropertyValueSpecification","valueRequired":true,"valueName":"search_term_string"}}],"inLanguage":"de"}]}},"tiered_pricing_type":"fixed","tiered_pricing_fixed_rules":[],"tiered_pricing_product_settings":{"layout":"default","base_unit_name":{"singular":null,"plural":null},"default_variation":null},"tiered_pricing_minimum_quantity":null,"tiered_pricing_roles_data":[],"tiered_pricing_percentage_rules":[],"tiered_pricing_maximum_quantity":null,"tiered_pricing_quantity_step":null,"_links":{"self":[{"href":"https:\/\/www.hoogstra-autosport.nl\/de\/wp-json\/wp\/v2\/product\/51837","targetHints":{"allow":["GET"]}}],"collection":[{"href":"https:\/\/www.hoogstra-autosport.nl\/de\/wp-json\/wp\/v2\/product"}],"about":[{"href":"https:\/\/www.hoogstra-autosport.nl\/de\/wp-json\/wp\/v2\/types\/product"}],"wp:featuredmedia":[{"embeddable":true,"href":"https:\/\/www.hoogstra-autosport.nl\/de\/wp-json\/wp\/v2\/media\/51844"}],"wp:attachment":[{"href":"https:\/\/www.hoogstra-autosport.nl\/de\/wp-json\/wp\/v2\/media?parent=51837"}],"wp:term":[{"taxonomy":"product_brand","embeddable":true,"href":"https:\/\/www.hoogstra-autosport.nl\/de\/wp-json\/wp\/v2\/product_brand?post=51837"},{"taxonomy":"product_cat","embeddable":true,"href":"https:\/\/www.hoogstra-autosport.nl\/de\/wp-json\/wp\/v2\/product_cat?post=51837"},{"taxonomy":"product_tag","embeddable":true,"href":"https:\/\/www.hoogstra-autosport.nl\/de\/wp-json\/wp\/v2\/product_tag?post=51837"}],"curies":[{"name":"wp","href":"https:\/\/api.w.org\/{rel}","templated":true}]}}