{"id":50864,"date":"2022-11-21T15:17:09","date_gmt":"2022-11-21T14:17:09","guid":{"rendered":"https:\/\/www.hoogstra-autosport.nl\/?post_type=product&#038;p=50864"},"modified":"2025-01-15T10:47:06","modified_gmt":"2025-01-15T09:47:06","slug":"zeronoise-fearless-intercom","status":"publish","type":"product","link":"https:\/\/www.hoogstra-autosport.nl\/de\/produkt\/zeronoise-fearless-intercom\/","title":{"rendered":"ZeroNoise Fearless Gegensprechanlage"},"content":{"rendered":"<p>ZeroNoise Fearless Digital Intercom Amplifier ist ein professioneller Verst\u00e4rker, der in WRC entwickelt wurde. Diese neueste Version verf\u00fcgt \u00fcber eine verbesserte Elektronik f\u00fcr eine noch bessere Leistung. Er verf\u00fcgt \u00fcber einen hochmodernen Digitalprozessor, der es Ihnen erm\u00f6glicht, den Grad der Ger\u00e4uschunterdr\u00fcckung zu w\u00e4hlen und die Stimme separat, aber gleichzeitig zu entzerren. Der Multifunktions-Touchscreen erm\u00f6glicht eine intuitive Bedienung auch in den anspruchsvollsten Situationen.<\/p>\n<p>Gesch\u00fctzt durch eine sto\u00df- und schwingungsd\u00e4mpfende Silikonh\u00fclle<br \/>\nKein \"Knacken\" beim Anschlie\u00dfen oder Trennen der Headsets vom Verst\u00e4rker<br \/>\nZwei Lautst\u00e4rkeregler f\u00fcr die perfekte Balance zwischen Fahrer und Beifahrer<br \/>\nKomplett mit Halterung zur Befestigung des Verst\u00e4rkers am Armaturenbrett oder \u00dcberrollb\u00fcgel<\/p>\n<p>Audioausgang f\u00fcr den Anschluss eines externen Kamerasystems<br \/>\nStromversorgung \u00fcber 12-Volt-Bordnetz. Gefiltertes Stromkabel verhindert elektrisches Rauschen<br \/>\n\"Wir haben den Verst\u00e4rker getestet und er ist wirklich gut!!! Das Beste ist, dass die Ger\u00e4usche von au\u00dfen viel weniger h\u00f6rbar sind als bei der anderen Anlage, und das ist f\u00fcr Rallye Raid wirklich wichtig!!! Wir verbringen viele Stunden im Rennwagen!!!\" Nani Roma (Dakar-Champion)<\/p>\n<p>Der ZeroNoise Fearless-Verst\u00e4rker ist wahlweise mit m\u00e4nnlichen oder weiblichen Nexus-Anschl\u00fcssen erh\u00e4ltlich, so dass er mit einer Vielzahl von Helmen oder Headset-Kits verwendet werden kann.<\/p>\n<div id=\"tab-description\" class=\"woocommerce-Tabs-panel woocommerce-Tabs-panel--description panel entry-content wc-tab\" role=\"tabpanel\" aria-labelledby=\"tab-title-description\">\n<p>Stecker Version :<\/p>\n<p>Kompatibel mit allen Bell Intercom-Helmen sowie mit Stilo Intercom-Helmen (WRC) und Headsets mit Nexus-Buchsen.<\/p>\n<p>Steckbare Buchsenversion :<\/p>\n<p>Kompatibel mit Sparco Intercom-Helmen und Headsets sowie Peltor-Helmen und Headsets mit Nexus-Stecker<\/p>\n<p>&nbsp;<\/p>\n<\/div>\n<div id=\"tab-additional_information\" class=\"woocommerce-Tabs-panel woocommerce-Tabs-panel--additional_information panel entry-content wc-tab\" role=\"tabpanel\" aria-labelledby=\"tab-title-additional_information\">\n<h2><\/h2>\n<\/div>\n<p>&nbsp;<\/p>\n<p>&nbsp;<\/p>","protected":false},"excerpt":{"rendered":"<p>ZeroNoise Fearless Digital Intercom Amplifier is een professionele versterker die is ontwikkeld in WRC. Deze nieuwste versie is voorzien van verbeterde elektronica voor nog betere prestaties. Het heeft een state-of-the-art digitale processor waarmee u het niveau van ruiscompressie kunt selecteren en afzonderlijk maar tegelijkertijd de stem kunt egaliseren. Het multifunctionele aanraakscherm maakt intu\u00eftief gebruik mogelijk, [&hellip;]<\/p>\n","protected":false},"featured_media":62600,"template":"","meta":{"_acf_changed":false},"product_brand":[],"product_cat":[4253],"product_tag":[],"class_list":{"0":"post-50864","1":"product","2":"type-product","3":"status-publish","4":"has-post-thumbnail","6":"product_cat-intercom-systemen","7":"product_shipping_class-4016","9":"first","10":"instock","11":"taxable","12":"shipping-taxable","13":"purchasable","14":"product-type-variable"},"acf":[],"yoast_head":"<!-- This site is optimized with the Yoast SEO plugin v27.1.1 - https:\/\/yoast.com\/product\/yoast-seo-wordpress\/ -->\n<title>ZeroNoise Fearless Intercom - Hoogstra Autosport<\/title>\n<meta name=\"robots\" content=\"index, follow, max-snippet:-1, max-image-preview:large, max-video-preview:-1\" \/>\n<link rel=\"canonical\" href=\"https:\/\/www.hoogstra-autosport.nl\/de\/produkt\/zeronoise-fearless-intercom\/\" \/>\n<meta property=\"og:locale\" content=\"de_DE\" \/>\n<meta property=\"og:type\" content=\"article\" \/>\n<meta property=\"og:title\" content=\"ZeroNoise Fearless Intercom - Hoogstra Autosport\" \/>\n<meta property=\"og:description\" content=\"ZeroNoise Fearless Digital Intercom Amplifier is een professionele versterker die is ontwikkeld in WRC. Deze nieuwste versie is voorzien van verbeterde elektronica voor nog betere prestaties. Het heeft een state-of-the-art digitale processor waarmee u het niveau van ruiscompressie kunt selecteren en afzonderlijk maar tegelijkertijd de stem kunt egaliseren. Het multifunctionele aanraakscherm maakt intu\u00eftief gebruik mogelijk, [&hellip;]\" \/>\n<meta property=\"og:url\" content=\"https:\/\/www.hoogstra-autosport.nl\/de\/produkt\/zeronoise-fearless-intercom\/\" \/>\n<meta property=\"og:site_name\" content=\"Hoogstra Autosport\" \/>\n<meta property=\"article:modified_time\" content=\"2025-01-15T09:47:06+00:00\" \/>\n<meta property=\"og:image\" content=\"https:\/\/www.hoogstra-autosport.nl\/teamkoen\/content\/uploads\/2022\/11\/fearless.jpg\" \/>\n\t<meta property=\"og:image:width\" content=\"986\" \/>\n\t<meta property=\"og:image:height\" content=\"986\" \/>\n\t<meta property=\"og:image:type\" content=\"image\/jpeg\" \/>\n<meta name=\"twitter:card\" content=\"summary_large_image\" \/>\n<meta name=\"twitter:label1\" content=\"Gesch\u00e4tzte Lesezeit\" \/>\n\t<meta name=\"twitter:data1\" content=\"2\u00a0Minuten\" \/>\n<script type=\"application\/ld+json\" class=\"yoast-schema-graph\">{\"@context\":\"https:\/\/schema.org\",\"@graph\":[{\"@type\":\"WebPage\",\"@id\":\"https:\/\/www.hoogstra-autosport.nl\/product\/zeronoise-fearless-intercom\/\",\"url\":\"https:\/\/www.hoogstra-autosport.nl\/product\/zeronoise-fearless-intercom\/\",\"name\":\"ZeroNoise Fearless Intercom - Hoogstra Autosport\",\"isPartOf\":{\"@id\":\"https:\/\/www.hoogstra-autosport.nl\/#website\"},\"primaryImageOfPage\":{\"@id\":\"https:\/\/www.hoogstra-autosport.nl\/product\/zeronoise-fearless-intercom\/#primaryimage\"},\"image\":{\"@id\":\"https:\/\/www.hoogstra-autosport.nl\/product\/zeronoise-fearless-intercom\/#primaryimage\"},\"thumbnailUrl\":\"https:\/\/www.hoogstra-autosport.nl\/teamkoen\/wp-content\/uploads\/2022\/11\/fearless.jpg\",\"datePublished\":\"2022-11-21T14:17:09+00:00\",\"dateModified\":\"2025-01-15T09:47:06+00:00\",\"breadcrumb\":{\"@id\":\"https:\/\/www.hoogstra-autosport.nl\/product\/zeronoise-fearless-intercom\/#breadcrumb\"},\"inLanguage\":\"de\",\"potentialAction\":[{\"@type\":\"ReadAction\",\"target\":[\"https:\/\/www.hoogstra-autosport.nl\/product\/zeronoise-fearless-intercom\/\"]}]},{\"@type\":\"ImageObject\",\"inLanguage\":\"de\",\"@id\":\"https:\/\/www.hoogstra-autosport.nl\/product\/zeronoise-fearless-intercom\/#primaryimage\",\"url\":\"https:\/\/www.hoogstra-autosport.nl\/teamkoen\/wp-content\/uploads\/2022\/11\/fearless.jpg\",\"contentUrl\":\"https:\/\/www.hoogstra-autosport.nl\/teamkoen\/wp-content\/uploads\/2022\/11\/fearless.jpg\",\"width\":986,\"height\":986},{\"@type\":\"BreadcrumbList\",\"@id\":\"https:\/\/www.hoogstra-autosport.nl\/product\/zeronoise-fearless-intercom\/#breadcrumb\",\"itemListElement\":[{\"@type\":\"ListItem\",\"position\":1,\"name\":\"Home\",\"item\":\"https:\/\/www.hoogstra-autosport.nl\/\"},{\"@type\":\"ListItem\",\"position\":2,\"name\":\"Uitrusting\",\"item\":\"https:\/\/www.hoogstra-autosport.nl\/product-categorie\/autosport-kleding-helmen\/\"},{\"@type\":\"ListItem\",\"position\":3,\"name\":\"Intercoms &amp; Headsets\",\"item\":\"https:\/\/www.hoogstra-autosport.nl\/product-categorie\/autosport-kleding-helmen\/intercoms-heaqsets\/\"},{\"@type\":\"ListItem\",\"position\":4,\"name\":\"Intercom Systemen\",\"item\":\"https:\/\/www.hoogstra-autosport.nl\/product-categorie\/autosport-kleding-helmen\/intercoms-heaqsets\/intercom-systemen\/\"},{\"@type\":\"ListItem\",\"position\":5,\"name\":\"ZeroNoise Fearless Intercom\"}]},{\"@type\":\"WebSite\",\"@id\":\"https:\/\/www.hoogstra-autosport.nl\/#website\",\"url\":\"https:\/\/www.hoogstra-autosport.nl\/\",\"name\":\"Hoogstra Autosport\",\"description\":\"Performance Autosport Parts!\",\"potentialAction\":[{\"@type\":\"SearchAction\",\"target\":{\"@type\":\"EntryPoint\",\"urlTemplate\":\"https:\/\/www.hoogstra-autosport.nl\/?s={search_term_string}\"},\"query-input\":{\"@type\":\"PropertyValueSpecification\",\"valueRequired\":true,\"valueName\":\"search_term_string\"}}],\"inLanguage\":\"de\"}]}<\/script>\n<!-- \/ Yoast SEO plugin. -->","yoast_head_json":{"title":"ZeroNoise Fearless Intercom - Hoogstra Autosport","robots":{"index":"index","follow":"follow","max-snippet":"max-snippet:-1","max-image-preview":"max-image-preview:large","max-video-preview":"max-video-preview:-1"},"canonical":"https:\/\/www.hoogstra-autosport.nl\/de\/produkt\/zeronoise-fearless-intercom\/","og_locale":"de_DE","og_type":"article","og_title":"ZeroNoise Fearless Intercom - Hoogstra Autosport","og_description":"ZeroNoise Fearless Digital Intercom Amplifier is een professionele versterker die is ontwikkeld in WRC. Deze nieuwste versie is voorzien van verbeterde elektronica voor nog betere prestaties. Het heeft een state-of-the-art digitale processor waarmee u het niveau van ruiscompressie kunt selecteren en afzonderlijk maar tegelijkertijd de stem kunt egaliseren. Het multifunctionele aanraakscherm maakt intu\u00eftief gebruik mogelijk, [&hellip;]","og_url":"https:\/\/www.hoogstra-autosport.nl\/de\/produkt\/zeronoise-fearless-intercom\/","og_site_name":"Hoogstra Autosport","article_modified_time":"2025-01-15T09:47:06+00:00","og_image":[{"width":986,"height":986,"url":"https:\/\/www.hoogstra-autosport.nl\/teamkoen\/content\/uploads\/2022\/11\/fearless.jpg","type":"image\/jpeg"}],"twitter_card":"summary_large_image","twitter_misc":{"Gesch\u00e4tzte Lesezeit":"2\u00a0Minuten"},"schema":{"@context":"https:\/\/schema.org","@graph":[{"@type":"WebPage","@id":"https:\/\/www.hoogstra-autosport.nl\/product\/zeronoise-fearless-intercom\/","url":"https:\/\/www.hoogstra-autosport.nl\/product\/zeronoise-fearless-intercom\/","name":"ZeroNoise Fearless Intercom - Hoogstra Autosport","isPartOf":{"@id":"https:\/\/www.hoogstra-autosport.nl\/#website"},"primaryImageOfPage":{"@id":"https:\/\/www.hoogstra-autosport.nl\/product\/zeronoise-fearless-intercom\/#primaryimage"},"image":{"@id":"https:\/\/www.hoogstra-autosport.nl\/product\/zeronoise-fearless-intercom\/#primaryimage"},"thumbnailUrl":"https:\/\/www.hoogstra-autosport.nl\/teamkoen\/wp-content\/uploads\/2022\/11\/fearless.jpg","datePublished":"2022-11-21T14:17:09+00:00","dateModified":"2025-01-15T09:47:06+00:00","breadcrumb":{"@id":"https:\/\/www.hoogstra-autosport.nl\/product\/zeronoise-fearless-intercom\/#breadcrumb"},"inLanguage":"de","potentialAction":[{"@type":"ReadAction","target":["https:\/\/www.hoogstra-autosport.nl\/product\/zeronoise-fearless-intercom\/"]}]},{"@type":"ImageObject","inLanguage":"de","@id":"https:\/\/www.hoogstra-autosport.nl\/product\/zeronoise-fearless-intercom\/#primaryimage","url":"https:\/\/www.hoogstra-autosport.nl\/teamkoen\/wp-content\/uploads\/2022\/11\/fearless.jpg","contentUrl":"https:\/\/www.hoogstra-autosport.nl\/teamkoen\/wp-content\/uploads\/2022\/11\/fearless.jpg","width":986,"height":986},{"@type":"BreadcrumbList","@id":"https:\/\/www.hoogstra-autosport.nl\/product\/zeronoise-fearless-intercom\/#breadcrumb","itemListElement":[{"@type":"ListItem","position":1,"name":"Home","item":"https:\/\/www.hoogstra-autosport.nl\/"},{"@type":"ListItem","position":2,"name":"Uitrusting","item":"https:\/\/www.hoogstra-autosport.nl\/product-categorie\/autosport-kleding-helmen\/"},{"@type":"ListItem","position":3,"name":"Intercoms &amp; Headsets","item":"https:\/\/www.hoogstra-autosport.nl\/product-categorie\/autosport-kleding-helmen\/intercoms-heaqsets\/"},{"@type":"ListItem","position":4,"name":"Intercom Systemen","item":"https:\/\/www.hoogstra-autosport.nl\/product-categorie\/autosport-kleding-helmen\/intercoms-heaqsets\/intercom-systemen\/"},{"@type":"ListItem","position":5,"name":"ZeroNoise Fearless Intercom"}]},{"@type":"WebSite","@id":"https:\/\/www.hoogstra-autosport.nl\/#website","url":"https:\/\/www.hoogstra-autosport.nl\/","name":"Hoogstra Autosport","description":"Performance Autosport Parts!","potentialAction":[{"@type":"SearchAction","target":{"@type":"EntryPoint","urlTemplate":"https:\/\/www.hoogstra-autosport.nl\/?s={search_term_string}"},"query-input":{"@type":"PropertyValueSpecification","valueRequired":true,"valueName":"search_term_string"}}],"inLanguage":"de"}]}},"tiered_pricing_type":"fixed","tiered_pricing_fixed_rules":[],"tiered_pricing_product_settings":{"layout":"default","base_unit_name":{"singular":null,"plural":null},"default_variation":null},"tiered_pricing_minimum_quantity":null,"tiered_pricing_roles_data":[],"tiered_pricing_percentage_rules":[],"tiered_pricing_maximum_quantity":null,"tiered_pricing_quantity_step":null,"_links":{"self":[{"href":"https:\/\/www.hoogstra-autosport.nl\/de\/wp-json\/wp\/v2\/product\/50864","targetHints":{"allow":["GET"]}}],"collection":[{"href":"https:\/\/www.hoogstra-autosport.nl\/de\/wp-json\/wp\/v2\/product"}],"about":[{"href":"https:\/\/www.hoogstra-autosport.nl\/de\/wp-json\/wp\/v2\/types\/product"}],"wp:featuredmedia":[{"embeddable":true,"href":"https:\/\/www.hoogstra-autosport.nl\/de\/wp-json\/wp\/v2\/media\/62600"}],"wp:attachment":[{"href":"https:\/\/www.hoogstra-autosport.nl\/de\/wp-json\/wp\/v2\/media?parent=50864"}],"wp:term":[{"taxonomy":"product_brand","embeddable":true,"href":"https:\/\/www.hoogstra-autosport.nl\/de\/wp-json\/wp\/v2\/product_brand?post=50864"},{"taxonomy":"product_cat","embeddable":true,"href":"https:\/\/www.hoogstra-autosport.nl\/de\/wp-json\/wp\/v2\/product_cat?post=50864"},{"taxonomy":"product_tag","embeddable":true,"href":"https:\/\/www.hoogstra-autosport.nl\/de\/wp-json\/wp\/v2\/product_tag?post=50864"}],"curies":[{"name":"wp","href":"https:\/\/api.w.org\/{rel}","templated":true}]}}