{"id":50855,"date":"2022-11-21T15:06:35","date_gmt":"2022-11-21T14:06:35","guid":{"rendered":"https:\/\/www.hoogstra-autosport.nl\/?post_type=product&#038;p=50855"},"modified":"2025-01-15T10:44:05","modified_gmt":"2025-01-15T09:44:05","slug":"zeronoise-brave-intercom","status":"publish","type":"product","link":"https:\/\/www.hoogstra-autosport.nl\/de\/produkt\/zeronoise-brave-intercom\/","title":{"rendered":"ZeroNoise Brave Gegensprechanlage"},"content":{"rendered":"<p>Der ZeroNoise Brave Intercom Amplifier ist ein analoger Verst\u00e4rker mit einem hervorragenden Preis-Leistungs-Verh\u00e4ltnis. Diese neueste Version verf\u00fcgt \u00fcber eine verbesserte Elektronik und zwei Lautst\u00e4rkeregler f\u00fcr eine noch bessere Leistung. Der Verst\u00e4rker verf\u00fcgt \u00fcber eine fortschrittliche Rauschfilterung und erzeugt einen sauberen und kraftvollen Klang. Er ist durch eine sto\u00df- und vibrationsfeste Silikonabdeckung gesch\u00fctzt und wird komplett mit einer Halterung geliefert, so dass er am Armaturenbrett oder \u00dcberrollb\u00fcgel montiert werden kann.<\/p>\n<p>Effiziente Verst\u00e4rkung f\u00fcr lange Batterielebensdauer<br \/>\nKein \"Knacken\" beim Anschlie\u00dfen oder Trennen der Headsets vom Verst\u00e4rker<br \/>\nZwei Lautst\u00e4rkeregler f\u00fcr die perfekte Balance zwischen Fahrer und Beifahrer<br \/>\nInterne 9-Volt-Batterie und 12-Volt-Stromkabel zum Anschluss an das Fahrzeug<\/p>\n<p>LED-Licht ein\/aus<br \/>\n\u00dcber den Audioausgang k\u00f6nnen Sie eine externe Kamera anschlie\u00dfen<br \/>\nDer ZeroNoise Brave-Verst\u00e4rker wurde in Zusammenarbeit mit Bell-Rennhelmen entwickelt und ist wahlweise mit m\u00e4nnlichen oder weiblichen Nexus-Anschl\u00fcssen erh\u00e4ltlich, so dass er mit einer Vielzahl von Helmen oder Headset-Kits verwendet werden kann.<\/p>\n<p>Stecker Version :<\/p>\n<p>Kompatibel mit allen Bell Intercom-Helmen sowie mit Stilo Intercom-Helmen (WRC) und Headsets mit Nexus-Buchsen.<\/p>\n<p>Steckbare Buchsenversion :<\/p>\n<p>Kompatibel mit Sparco Intercom-Helmen und Headsets sowie Peltor-Helmen und Headsets mit Nexus-Stecker<\/p>\n<p>&nbsp;<\/p>\n<p>&nbsp;<\/p>","protected":false},"excerpt":{"rendered":"<p>De ZeroNoise Brave Intercom Amplifier is een analoge versterker die een uitzonderlijke prijs-kwaliteitverhouding biedt. Deze nieuwste versie is voorzien van verbeterde elektronica en dubbele volumeregeling voor nog betere prestaties. De versterker beschikt over geavanceerde ruisfiltering en produceert een schoon en krachtig geluid. Het wordt beschermd door de anti-shock, anti-vibratie siliconen cover en wordt compleet geleverd [&hellip;]<\/p>\n","protected":false},"featured_media":50863,"template":"","meta":{"_acf_changed":false},"product_brand":[],"product_cat":[4253],"product_tag":[],"class_list":{"0":"post-50855","1":"product","2":"type-product","3":"status-publish","4":"has-post-thumbnail","6":"product_cat-intercom-systemen","7":"product_shipping_class-4016","9":"first","10":"instock","11":"taxable","12":"shipping-taxable","13":"purchasable","14":"product-type-variable"},"acf":[],"yoast_head":"<!-- This site is optimized with the Yoast SEO plugin v27.1.1 - https:\/\/yoast.com\/product\/yoast-seo-wordpress\/ -->\n<title>ZeroNoise Brave Intercom - Hoogstra Autosport<\/title>\n<meta name=\"robots\" content=\"index, follow, max-snippet:-1, max-image-preview:large, max-video-preview:-1\" \/>\n<link rel=\"canonical\" href=\"https:\/\/www.hoogstra-autosport.nl\/de\/produkt\/zeronoise-brave-intercom\/\" \/>\n<meta property=\"og:locale\" content=\"de_DE\" \/>\n<meta property=\"og:type\" content=\"article\" \/>\n<meta property=\"og:title\" content=\"ZeroNoise Brave Intercom - Hoogstra Autosport\" \/>\n<meta property=\"og:description\" content=\"De ZeroNoise Brave Intercom Amplifier is een analoge versterker die een uitzonderlijke prijs-kwaliteitverhouding biedt. Deze nieuwste versie is voorzien van verbeterde elektronica en dubbele volumeregeling voor nog betere prestaties. De versterker beschikt over geavanceerde ruisfiltering en produceert een schoon en krachtig geluid. Het wordt beschermd door de anti-shock, anti-vibratie siliconen cover en wordt compleet geleverd [&hellip;]\" \/>\n<meta property=\"og:url\" content=\"https:\/\/www.hoogstra-autosport.nl\/de\/produkt\/zeronoise-brave-intercom\/\" \/>\n<meta property=\"og:site_name\" content=\"Hoogstra Autosport\" \/>\n<meta property=\"article:modified_time\" content=\"2025-01-15T09:44:05+00:00\" \/>\n<meta property=\"og:image\" content=\"https:\/\/www.hoogstra-autosport.nl\/teamkoen\/content\/uploads\/2022\/11\/znbravergb-409e_1_1.jpg\" \/>\n\t<meta property=\"og:image:width\" content=\"300\" \/>\n\t<meta property=\"og:image:height\" content=\"300\" \/>\n\t<meta property=\"og:image:type\" content=\"image\/jpeg\" \/>\n<meta name=\"twitter:card\" content=\"summary_large_image\" \/>\n<meta name=\"twitter:label1\" content=\"Gesch\u00e4tzte Lesezeit\" \/>\n\t<meta name=\"twitter:data1\" content=\"1\u00a0Minute\" \/>\n<script type=\"application\/ld+json\" class=\"yoast-schema-graph\">{\"@context\":\"https:\/\/schema.org\",\"@graph\":[{\"@type\":\"WebPage\",\"@id\":\"https:\/\/www.hoogstra-autosport.nl\/product\/zeronoise-brave-intercom\/\",\"url\":\"https:\/\/www.hoogstra-autosport.nl\/product\/zeronoise-brave-intercom\/\",\"name\":\"ZeroNoise Brave Intercom - Hoogstra Autosport\",\"isPartOf\":{\"@id\":\"https:\/\/www.hoogstra-autosport.nl\/#website\"},\"primaryImageOfPage\":{\"@id\":\"https:\/\/www.hoogstra-autosport.nl\/product\/zeronoise-brave-intercom\/#primaryimage\"},\"image\":{\"@id\":\"https:\/\/www.hoogstra-autosport.nl\/product\/zeronoise-brave-intercom\/#primaryimage\"},\"thumbnailUrl\":\"https:\/\/www.hoogstra-autosport.nl\/teamkoen\/wp-content\/uploads\/2022\/11\/znbravergb-409e_1_1.jpg\",\"datePublished\":\"2022-11-21T14:06:35+00:00\",\"dateModified\":\"2025-01-15T09:44:05+00:00\",\"breadcrumb\":{\"@id\":\"https:\/\/www.hoogstra-autosport.nl\/product\/zeronoise-brave-intercom\/#breadcrumb\"},\"inLanguage\":\"de\",\"potentialAction\":[{\"@type\":\"ReadAction\",\"target\":[\"https:\/\/www.hoogstra-autosport.nl\/product\/zeronoise-brave-intercom\/\"]}]},{\"@type\":\"ImageObject\",\"inLanguage\":\"de\",\"@id\":\"https:\/\/www.hoogstra-autosport.nl\/product\/zeronoise-brave-intercom\/#primaryimage\",\"url\":\"https:\/\/www.hoogstra-autosport.nl\/teamkoen\/wp-content\/uploads\/2022\/11\/znbravergb-409e_1_1.jpg\",\"contentUrl\":\"https:\/\/www.hoogstra-autosport.nl\/teamkoen\/wp-content\/uploads\/2022\/11\/znbravergb-409e_1_1.jpg\",\"width\":300,\"height\":300},{\"@type\":\"BreadcrumbList\",\"@id\":\"https:\/\/www.hoogstra-autosport.nl\/product\/zeronoise-brave-intercom\/#breadcrumb\",\"itemListElement\":[{\"@type\":\"ListItem\",\"position\":1,\"name\":\"Home\",\"item\":\"https:\/\/www.hoogstra-autosport.nl\/\"},{\"@type\":\"ListItem\",\"position\":2,\"name\":\"Uitrusting\",\"item\":\"https:\/\/www.hoogstra-autosport.nl\/product-categorie\/autosport-kleding-helmen\/\"},{\"@type\":\"ListItem\",\"position\":3,\"name\":\"Intercoms &amp; Headsets\",\"item\":\"https:\/\/www.hoogstra-autosport.nl\/product-categorie\/autosport-kleding-helmen\/intercoms-heaqsets\/\"},{\"@type\":\"ListItem\",\"position\":4,\"name\":\"Intercom Systemen\",\"item\":\"https:\/\/www.hoogstra-autosport.nl\/product-categorie\/autosport-kleding-helmen\/intercoms-heaqsets\/intercom-systemen\/\"},{\"@type\":\"ListItem\",\"position\":5,\"name\":\"ZeroNoise Brave Intercom\"}]},{\"@type\":\"WebSite\",\"@id\":\"https:\/\/www.hoogstra-autosport.nl\/#website\",\"url\":\"https:\/\/www.hoogstra-autosport.nl\/\",\"name\":\"Hoogstra Autosport\",\"description\":\"Performance Autosport Parts!\",\"potentialAction\":[{\"@type\":\"SearchAction\",\"target\":{\"@type\":\"EntryPoint\",\"urlTemplate\":\"https:\/\/www.hoogstra-autosport.nl\/?s={search_term_string}\"},\"query-input\":{\"@type\":\"PropertyValueSpecification\",\"valueRequired\":true,\"valueName\":\"search_term_string\"}}],\"inLanguage\":\"de\"}]}<\/script>\n<!-- \/ Yoast SEO plugin. -->","yoast_head_json":{"title":"ZeroNoise Brave Intercom - Hoogstra Autosport","robots":{"index":"index","follow":"follow","max-snippet":"max-snippet:-1","max-image-preview":"max-image-preview:large","max-video-preview":"max-video-preview:-1"},"canonical":"https:\/\/www.hoogstra-autosport.nl\/de\/produkt\/zeronoise-brave-intercom\/","og_locale":"de_DE","og_type":"article","og_title":"ZeroNoise Brave Intercom - Hoogstra Autosport","og_description":"De ZeroNoise Brave Intercom Amplifier is een analoge versterker die een uitzonderlijke prijs-kwaliteitverhouding biedt. Deze nieuwste versie is voorzien van verbeterde elektronica en dubbele volumeregeling voor nog betere prestaties. De versterker beschikt over geavanceerde ruisfiltering en produceert een schoon en krachtig geluid. Het wordt beschermd door de anti-shock, anti-vibratie siliconen cover en wordt compleet geleverd [&hellip;]","og_url":"https:\/\/www.hoogstra-autosport.nl\/de\/produkt\/zeronoise-brave-intercom\/","og_site_name":"Hoogstra Autosport","article_modified_time":"2025-01-15T09:44:05+00:00","og_image":[{"width":300,"height":300,"url":"https:\/\/www.hoogstra-autosport.nl\/teamkoen\/content\/uploads\/2022\/11\/znbravergb-409e_1_1.jpg","type":"image\/jpeg"}],"twitter_card":"summary_large_image","twitter_misc":{"Gesch\u00e4tzte Lesezeit":"1\u00a0Minute"},"schema":{"@context":"https:\/\/schema.org","@graph":[{"@type":"WebPage","@id":"https:\/\/www.hoogstra-autosport.nl\/product\/zeronoise-brave-intercom\/","url":"https:\/\/www.hoogstra-autosport.nl\/product\/zeronoise-brave-intercom\/","name":"ZeroNoise Brave Intercom - Hoogstra Autosport","isPartOf":{"@id":"https:\/\/www.hoogstra-autosport.nl\/#website"},"primaryImageOfPage":{"@id":"https:\/\/www.hoogstra-autosport.nl\/product\/zeronoise-brave-intercom\/#primaryimage"},"image":{"@id":"https:\/\/www.hoogstra-autosport.nl\/product\/zeronoise-brave-intercom\/#primaryimage"},"thumbnailUrl":"https:\/\/www.hoogstra-autosport.nl\/teamkoen\/wp-content\/uploads\/2022\/11\/znbravergb-409e_1_1.jpg","datePublished":"2022-11-21T14:06:35+00:00","dateModified":"2025-01-15T09:44:05+00:00","breadcrumb":{"@id":"https:\/\/www.hoogstra-autosport.nl\/product\/zeronoise-brave-intercom\/#breadcrumb"},"inLanguage":"de","potentialAction":[{"@type":"ReadAction","target":["https:\/\/www.hoogstra-autosport.nl\/product\/zeronoise-brave-intercom\/"]}]},{"@type":"ImageObject","inLanguage":"de","@id":"https:\/\/www.hoogstra-autosport.nl\/product\/zeronoise-brave-intercom\/#primaryimage","url":"https:\/\/www.hoogstra-autosport.nl\/teamkoen\/wp-content\/uploads\/2022\/11\/znbravergb-409e_1_1.jpg","contentUrl":"https:\/\/www.hoogstra-autosport.nl\/teamkoen\/wp-content\/uploads\/2022\/11\/znbravergb-409e_1_1.jpg","width":300,"height":300},{"@type":"BreadcrumbList","@id":"https:\/\/www.hoogstra-autosport.nl\/product\/zeronoise-brave-intercom\/#breadcrumb","itemListElement":[{"@type":"ListItem","position":1,"name":"Home","item":"https:\/\/www.hoogstra-autosport.nl\/"},{"@type":"ListItem","position":2,"name":"Uitrusting","item":"https:\/\/www.hoogstra-autosport.nl\/product-categorie\/autosport-kleding-helmen\/"},{"@type":"ListItem","position":3,"name":"Intercoms &amp; Headsets","item":"https:\/\/www.hoogstra-autosport.nl\/product-categorie\/autosport-kleding-helmen\/intercoms-heaqsets\/"},{"@type":"ListItem","position":4,"name":"Intercom Systemen","item":"https:\/\/www.hoogstra-autosport.nl\/product-categorie\/autosport-kleding-helmen\/intercoms-heaqsets\/intercom-systemen\/"},{"@type":"ListItem","position":5,"name":"ZeroNoise Brave Intercom"}]},{"@type":"WebSite","@id":"https:\/\/www.hoogstra-autosport.nl\/#website","url":"https:\/\/www.hoogstra-autosport.nl\/","name":"Hoogstra Autosport","description":"Performance Autosport Parts!","potentialAction":[{"@type":"SearchAction","target":{"@type":"EntryPoint","urlTemplate":"https:\/\/www.hoogstra-autosport.nl\/?s={search_term_string}"},"query-input":{"@type":"PropertyValueSpecification","valueRequired":true,"valueName":"search_term_string"}}],"inLanguage":"de"}]}},"tiered_pricing_type":"fixed","tiered_pricing_fixed_rules":[],"tiered_pricing_product_settings":{"layout":"default","base_unit_name":{"singular":null,"plural":null},"default_variation":null},"tiered_pricing_minimum_quantity":null,"tiered_pricing_roles_data":[],"tiered_pricing_percentage_rules":[],"tiered_pricing_maximum_quantity":null,"tiered_pricing_quantity_step":null,"_links":{"self":[{"href":"https:\/\/www.hoogstra-autosport.nl\/de\/wp-json\/wp\/v2\/product\/50855","targetHints":{"allow":["GET"]}}],"collection":[{"href":"https:\/\/www.hoogstra-autosport.nl\/de\/wp-json\/wp\/v2\/product"}],"about":[{"href":"https:\/\/www.hoogstra-autosport.nl\/de\/wp-json\/wp\/v2\/types\/product"}],"wp:featuredmedia":[{"embeddable":true,"href":"https:\/\/www.hoogstra-autosport.nl\/de\/wp-json\/wp\/v2\/media\/50863"}],"wp:attachment":[{"href":"https:\/\/www.hoogstra-autosport.nl\/de\/wp-json\/wp\/v2\/media?parent=50855"}],"wp:term":[{"taxonomy":"product_brand","embeddable":true,"href":"https:\/\/www.hoogstra-autosport.nl\/de\/wp-json\/wp\/v2\/product_brand?post=50855"},{"taxonomy":"product_cat","embeddable":true,"href":"https:\/\/www.hoogstra-autosport.nl\/de\/wp-json\/wp\/v2\/product_cat?post=50855"},{"taxonomy":"product_tag","embeddable":true,"href":"https:\/\/www.hoogstra-autosport.nl\/de\/wp-json\/wp\/v2\/product_tag?post=50855"}],"curies":[{"name":"wp","href":"https:\/\/api.w.org\/{rel}","templated":true}]}}