{"id":50015,"date":"2022-10-04T16:59:20","date_gmt":"2022-10-04T14:59:20","guid":{"rendered":"https:\/\/www.hoogstra-autosport.nl\/?post_type=product&#038;p=50015"},"modified":"2024-01-20T13:12:39","modified_gmt":"2024-01-20T12:12:39","slug":"eurol-copper-grease","status":"publish","type":"product","link":"https:\/\/www.hoogstra-autosport.nl\/de\/produkt\/eurol-copper-grease\/","title":{"rendered":"Eurol-Kupferfett"},"content":{"rendered":"<p>Eurol Copper Grease ist ein bleifreies Fett, das speziell aus nicht schmelzendem Bentonit und hochleistungsf\u00e4higen Feststoffen wie Kupfer, Graphit und Aluminium formuliert wurde. Copper Grease ist eine \"Anti-Seize\"-Montagepaste, die langfristigen Schutz gegen hohe Temperaturen, korrosive Bedingungen oder hohe Belastungen bietet. Empfohlen f\u00fcr die Schmierung von Armaturen, Kabelverbindungen, Verteilern, Batteriepolen, Radmuttern, \u00d6fen und der R\u00fcckseite von Bremsbel\u00e4gen zum Schutz vor Verdrehung und Reibung.<\/p>","protected":false},"excerpt":{"rendered":"<p>Eurol Copper Grease is een loodvrij vet dat speciaal is samengesteld uit niet smeltend bentoniet en high performance vaste stoffen zoals koper, grafiet en aluminium. Copper Grease is een &#8216;anti-seize&#8217; assemblagepasta die een langdurige bescherming biedt tegen hoge temperaturen, corrosieve omstandigheden of hoge belasting. Aanbevolen voor het smeren van kranen, draadverbindingen,\u00a0verdeelstukken, accuklemmen, wielmoeren, ovens en [&hellip;]<\/p>\n","protected":false},"featured_media":50016,"template":"","meta":{"_acf_changed":false},"product_brand":[],"product_cat":[4121,4008],"product_tag":[],"class_list":{"0":"post-50015","1":"product","2":"type-product","3":"status-publish","4":"has-post-thumbnail","6":"product_cat-eurol","7":"product_cat-werkplaats-vloeistoffen","8":"product_shipping_class-4016","10":"first","11":"instock","12":"taxable","13":"shipping-taxable","14":"purchasable","15":"product-type-simple"},"acf":[],"yoast_head":"<!-- This site is optimized with the Yoast SEO plugin v27.1.1 - https:\/\/yoast.com\/product\/yoast-seo-wordpress\/ -->\n<title>Eurol Copper Grease - Hoogstra Autosport<\/title>\n<meta name=\"robots\" content=\"index, follow, max-snippet:-1, max-image-preview:large, max-video-preview:-1\" \/>\n<link rel=\"canonical\" href=\"https:\/\/www.hoogstra-autosport.nl\/de\/produkt\/eurol-copper-grease\/\" \/>\n<meta property=\"og:locale\" content=\"de_DE\" \/>\n<meta property=\"og:type\" content=\"article\" \/>\n<meta property=\"og:title\" content=\"Eurol Copper Grease - Hoogstra Autosport\" \/>\n<meta property=\"og:description\" content=\"Eurol Copper Grease is een loodvrij vet dat speciaal is samengesteld uit niet smeltend bentoniet en high performance vaste stoffen zoals koper, grafiet en aluminium. Copper Grease is een &#8216;anti-seize&#8217; assemblagepasta die een langdurige bescherming biedt tegen hoge temperaturen, corrosieve omstandigheden of hoge belasting. Aanbevolen voor het smeren van kranen, draadverbindingen,\u00a0verdeelstukken, accuklemmen, wielmoeren, ovens en [&hellip;]\" \/>\n<meta property=\"og:url\" content=\"https:\/\/www.hoogstra-autosport.nl\/de\/produkt\/eurol-copper-grease\/\" \/>\n<meta property=\"og:site_name\" content=\"Hoogstra Autosport\" \/>\n<meta property=\"article:modified_time\" content=\"2024-01-20T12:12:39+00:00\" \/>\n<meta property=\"og:image\" content=\"https:\/\/www.hoogstra-autosport.nl\/teamkoen\/content\/uploads\/2022\/10\/E901220-100G.png\" \/>\n\t<meta property=\"og:image:width\" content=\"896\" \/>\n\t<meta property=\"og:image:height\" content=\"752\" \/>\n\t<meta property=\"og:image:type\" content=\"image\/png\" \/>\n<meta name=\"twitter:card\" content=\"summary_large_image\" \/>\n<meta name=\"twitter:label1\" content=\"Gesch\u00e4tzte Lesezeit\" \/>\n\t<meta name=\"twitter:data1\" content=\"1\u00a0Minute\" \/>\n<script type=\"application\/ld+json\" class=\"yoast-schema-graph\">{\"@context\":\"https:\/\/schema.org\",\"@graph\":[{\"@type\":\"WebPage\",\"@id\":\"https:\/\/www.hoogstra-autosport.nl\/product\/eurol-copper-grease\/\",\"url\":\"https:\/\/www.hoogstra-autosport.nl\/product\/eurol-copper-grease\/\",\"name\":\"Eurol Copper Grease - Hoogstra Autosport\",\"isPartOf\":{\"@id\":\"https:\/\/www.hoogstra-autosport.nl\/#website\"},\"primaryImageOfPage\":{\"@id\":\"https:\/\/www.hoogstra-autosport.nl\/product\/eurol-copper-grease\/#primaryimage\"},\"image\":{\"@id\":\"https:\/\/www.hoogstra-autosport.nl\/product\/eurol-copper-grease\/#primaryimage\"},\"thumbnailUrl\":\"https:\/\/www.hoogstra-autosport.nl\/teamkoen\/wp-content\/uploads\/2022\/10\/E901220-100G.png\",\"datePublished\":\"2022-10-04T14:59:20+00:00\",\"dateModified\":\"2024-01-20T12:12:39+00:00\",\"breadcrumb\":{\"@id\":\"https:\/\/www.hoogstra-autosport.nl\/product\/eurol-copper-grease\/#breadcrumb\"},\"inLanguage\":\"de\",\"potentialAction\":[{\"@type\":\"ReadAction\",\"target\":[\"https:\/\/www.hoogstra-autosport.nl\/product\/eurol-copper-grease\/\"]}]},{\"@type\":\"ImageObject\",\"inLanguage\":\"de\",\"@id\":\"https:\/\/www.hoogstra-autosport.nl\/product\/eurol-copper-grease\/#primaryimage\",\"url\":\"https:\/\/www.hoogstra-autosport.nl\/teamkoen\/wp-content\/uploads\/2022\/10\/E901220-100G.png\",\"contentUrl\":\"https:\/\/www.hoogstra-autosport.nl\/teamkoen\/wp-content\/uploads\/2022\/10\/E901220-100G.png\",\"width\":896,\"height\":752},{\"@type\":\"BreadcrumbList\",\"@id\":\"https:\/\/www.hoogstra-autosport.nl\/product\/eurol-copper-grease\/#breadcrumb\",\"itemListElement\":[{\"@type\":\"ListItem\",\"position\":1,\"name\":\"Home\",\"item\":\"https:\/\/www.hoogstra-autosport.nl\/\"},{\"@type\":\"ListItem\",\"position\":2,\"name\":\"Werkplaats\",\"item\":\"https:\/\/www.hoogstra-autosport.nl\/product-categorie\/garage-werkplaats-onderhoud\/\"},{\"@type\":\"ListItem\",\"position\":3,\"name\":\"Werkplaats Vloeistoffen\",\"item\":\"https:\/\/www.hoogstra-autosport.nl\/product-categorie\/garage-werkplaats-onderhoud\/werkplaats-vloeistoffen\/\"},{\"@type\":\"ListItem\",\"position\":4,\"name\":\"Eurol Copper Grease\"}]},{\"@type\":\"WebSite\",\"@id\":\"https:\/\/www.hoogstra-autosport.nl\/#website\",\"url\":\"https:\/\/www.hoogstra-autosport.nl\/\",\"name\":\"Hoogstra Autosport\",\"description\":\"Performance Autosport Parts!\",\"potentialAction\":[{\"@type\":\"SearchAction\",\"target\":{\"@type\":\"EntryPoint\",\"urlTemplate\":\"https:\/\/www.hoogstra-autosport.nl\/?s={search_term_string}\"},\"query-input\":{\"@type\":\"PropertyValueSpecification\",\"valueRequired\":true,\"valueName\":\"search_term_string\"}}],\"inLanguage\":\"de\"}]}<\/script>\n<!-- \/ Yoast SEO plugin. -->","yoast_head_json":{"title":"Eurol Copper Grease - Hoogstra Autosport","robots":{"index":"index","follow":"follow","max-snippet":"max-snippet:-1","max-image-preview":"max-image-preview:large","max-video-preview":"max-video-preview:-1"},"canonical":"https:\/\/www.hoogstra-autosport.nl\/de\/produkt\/eurol-copper-grease\/","og_locale":"de_DE","og_type":"article","og_title":"Eurol Copper Grease - Hoogstra Autosport","og_description":"Eurol Copper Grease is een loodvrij vet dat speciaal is samengesteld uit niet smeltend bentoniet en high performance vaste stoffen zoals koper, grafiet en aluminium. Copper Grease is een &#8216;anti-seize&#8217; assemblagepasta die een langdurige bescherming biedt tegen hoge temperaturen, corrosieve omstandigheden of hoge belasting. Aanbevolen voor het smeren van kranen, draadverbindingen,\u00a0verdeelstukken, accuklemmen, wielmoeren, ovens en [&hellip;]","og_url":"https:\/\/www.hoogstra-autosport.nl\/de\/produkt\/eurol-copper-grease\/","og_site_name":"Hoogstra Autosport","article_modified_time":"2024-01-20T12:12:39+00:00","og_image":[{"width":896,"height":752,"url":"https:\/\/www.hoogstra-autosport.nl\/teamkoen\/content\/uploads\/2022\/10\/E901220-100G.png","type":"image\/png"}],"twitter_card":"summary_large_image","twitter_misc":{"Gesch\u00e4tzte Lesezeit":"1\u00a0Minute"},"schema":{"@context":"https:\/\/schema.org","@graph":[{"@type":"WebPage","@id":"https:\/\/www.hoogstra-autosport.nl\/product\/eurol-copper-grease\/","url":"https:\/\/www.hoogstra-autosport.nl\/product\/eurol-copper-grease\/","name":"Eurol Copper Grease - Hoogstra Autosport","isPartOf":{"@id":"https:\/\/www.hoogstra-autosport.nl\/#website"},"primaryImageOfPage":{"@id":"https:\/\/www.hoogstra-autosport.nl\/product\/eurol-copper-grease\/#primaryimage"},"image":{"@id":"https:\/\/www.hoogstra-autosport.nl\/product\/eurol-copper-grease\/#primaryimage"},"thumbnailUrl":"https:\/\/www.hoogstra-autosport.nl\/teamkoen\/wp-content\/uploads\/2022\/10\/E901220-100G.png","datePublished":"2022-10-04T14:59:20+00:00","dateModified":"2024-01-20T12:12:39+00:00","breadcrumb":{"@id":"https:\/\/www.hoogstra-autosport.nl\/product\/eurol-copper-grease\/#breadcrumb"},"inLanguage":"de","potentialAction":[{"@type":"ReadAction","target":["https:\/\/www.hoogstra-autosport.nl\/product\/eurol-copper-grease\/"]}]},{"@type":"ImageObject","inLanguage":"de","@id":"https:\/\/www.hoogstra-autosport.nl\/product\/eurol-copper-grease\/#primaryimage","url":"https:\/\/www.hoogstra-autosport.nl\/teamkoen\/wp-content\/uploads\/2022\/10\/E901220-100G.png","contentUrl":"https:\/\/www.hoogstra-autosport.nl\/teamkoen\/wp-content\/uploads\/2022\/10\/E901220-100G.png","width":896,"height":752},{"@type":"BreadcrumbList","@id":"https:\/\/www.hoogstra-autosport.nl\/product\/eurol-copper-grease\/#breadcrumb","itemListElement":[{"@type":"ListItem","position":1,"name":"Home","item":"https:\/\/www.hoogstra-autosport.nl\/"},{"@type":"ListItem","position":2,"name":"Werkplaats","item":"https:\/\/www.hoogstra-autosport.nl\/product-categorie\/garage-werkplaats-onderhoud\/"},{"@type":"ListItem","position":3,"name":"Werkplaats Vloeistoffen","item":"https:\/\/www.hoogstra-autosport.nl\/product-categorie\/garage-werkplaats-onderhoud\/werkplaats-vloeistoffen\/"},{"@type":"ListItem","position":4,"name":"Eurol Copper Grease"}]},{"@type":"WebSite","@id":"https:\/\/www.hoogstra-autosport.nl\/#website","url":"https:\/\/www.hoogstra-autosport.nl\/","name":"Hoogstra Autosport","description":"Performance Autosport Parts!","potentialAction":[{"@type":"SearchAction","target":{"@type":"EntryPoint","urlTemplate":"https:\/\/www.hoogstra-autosport.nl\/?s={search_term_string}"},"query-input":{"@type":"PropertyValueSpecification","valueRequired":true,"valueName":"search_term_string"}}],"inLanguage":"de"}]}},"tiered_pricing_type":"fixed","tiered_pricing_fixed_rules":[],"tiered_pricing_product_settings":{"layout":"default","base_unit_name":{"singular":null,"plural":null},"default_variation":null},"tiered_pricing_minimum_quantity":null,"tiered_pricing_roles_data":[],"tiered_pricing_percentage_rules":[],"tiered_pricing_maximum_quantity":null,"tiered_pricing_quantity_step":null,"_links":{"self":[{"href":"https:\/\/www.hoogstra-autosport.nl\/de\/wp-json\/wp\/v2\/product\/50015","targetHints":{"allow":["GET"]}}],"collection":[{"href":"https:\/\/www.hoogstra-autosport.nl\/de\/wp-json\/wp\/v2\/product"}],"about":[{"href":"https:\/\/www.hoogstra-autosport.nl\/de\/wp-json\/wp\/v2\/types\/product"}],"wp:featuredmedia":[{"embeddable":true,"href":"https:\/\/www.hoogstra-autosport.nl\/de\/wp-json\/wp\/v2\/media\/50016"}],"wp:attachment":[{"href":"https:\/\/www.hoogstra-autosport.nl\/de\/wp-json\/wp\/v2\/media?parent=50015"}],"wp:term":[{"taxonomy":"product_brand","embeddable":true,"href":"https:\/\/www.hoogstra-autosport.nl\/de\/wp-json\/wp\/v2\/product_brand?post=50015"},{"taxonomy":"product_cat","embeddable":true,"href":"https:\/\/www.hoogstra-autosport.nl\/de\/wp-json\/wp\/v2\/product_cat?post=50015"},{"taxonomy":"product_tag","embeddable":true,"href":"https:\/\/www.hoogstra-autosport.nl\/de\/wp-json\/wp\/v2\/product_tag?post=50015"}],"curies":[{"name":"wp","href":"https:\/\/api.w.org\/{rel}","templated":true}]}}