{"id":50012,"date":"2022-10-04T16:47:58","date_gmt":"2022-10-04T14:47:58","guid":{"rendered":"https:\/\/www.hoogstra-autosport.nl\/?post_type=product&#038;p=50012"},"modified":"2025-12-15T16:55:41","modified_gmt":"2025-12-15T15:55:41","slug":"eurol-marine-grease","status":"publish","type":"product","link":"https:\/\/www.hoogstra-autosport.nl\/de\/produkt\/eurol-marine-grease\/","title":{"rendered":"Eurol-Schiffsfett"},"content":{"rendered":"<p>Stevenrohrfett f\u00fcr Propeller und andere Schmierstellen in der Schifffahrt. Eurol Marine Grease ist mit hochwertigen raffinierten hochviskosen Grund\u00f6len f\u00fcr Anwendungen formuliert, bei denen Schmierstellen dem Wasser ausgesetzt sind. Das Fett \u00fcbertrifft die Wasserverdr\u00e4ngungseigenschaften und den Temperaturbereich eines Kalziumfetts und hat die ausgezeichnete mechanische Stabilit\u00e4t eines Lithiumfetts. Es bietet einen guten Korrosionsschutz, ausgezeichnete EP-Eigenschaften und eine gute Oxidationsbest\u00e4ndigkeit. Es hat eine gute Pumpf\u00e4higkeit in Fettpumpen und greift Gummiteile nicht an. Leistungsstufe DIN 51502: KP2.5K-20 ISO-L-XBCHB2.5<\/p>\n<p>Ideal auch zur Abdichtung zwischen Schaumstoffdeckel und Luftfilterplatte !<\/p>","protected":false},"excerpt":{"rendered":"<p>Schroefaskokervet en andere smeerpunten voor de scheepvaart. Eurol Marine Grease is geformuleerd met hoogwaardige geraffineerde basisoli\u00ebn met hoge viscositeit voor applicaties waar smeerpunten worden blootgesteld aan water. Het vet overtreft de waterverdringende eigenschappen en temperatuursbereik van een calciumvet en heeft de uitstekende mechanische stabiliteit van een lithiumvet. Het biedt een goede corrosiebescherming, uitstekende EP eigenschappen [&hellip;]<\/p>\n","protected":false},"featured_media":95356,"template":"","meta":{"_acf_changed":false},"product_brand":[],"product_cat":[2673,4008],"product_tag":[],"class_list":{"0":"post-50012","1":"product","2":"type-product","3":"status-publish","4":"has-post-thumbnail","6":"product_cat-filter-olie-en-cleaner","7":"product_cat-werkplaats-vloeistoffen","8":"product_shipping_class-4016","10":"first","11":"instock","12":"taxable","13":"shipping-taxable","14":"purchasable","15":"product-type-simple"},"acf":[],"yoast_head":"<!-- This site is optimized with the Yoast SEO plugin v27.1.1 - https:\/\/yoast.com\/product\/yoast-seo-wordpress\/ -->\n<title>Eurol Marine Grease - Hoogstra Autosport<\/title>\n<meta name=\"robots\" content=\"index, follow, max-snippet:-1, max-image-preview:large, max-video-preview:-1\" \/>\n<link rel=\"canonical\" href=\"https:\/\/www.hoogstra-autosport.nl\/de\/produkt\/eurol-marine-grease\/\" \/>\n<meta property=\"og:locale\" content=\"de_DE\" \/>\n<meta property=\"og:type\" content=\"article\" \/>\n<meta property=\"og:title\" content=\"Eurol Marine Grease - Hoogstra Autosport\" \/>\n<meta property=\"og:description\" content=\"Schroefaskokervet en andere smeerpunten voor de scheepvaart. Eurol Marine Grease is geformuleerd met hoogwaardige geraffineerde basisoli\u00ebn met hoge viscositeit voor applicaties waar smeerpunten worden blootgesteld aan water. Het vet overtreft de waterverdringende eigenschappen en temperatuursbereik van een calciumvet en heeft de uitstekende mechanische stabiliteit van een lithiumvet. Het biedt een goede corrosiebescherming, uitstekende EP eigenschappen [&hellip;]\" \/>\n<meta property=\"og:url\" content=\"https:\/\/www.hoogstra-autosport.nl\/de\/produkt\/eurol-marine-grease\/\" \/>\n<meta property=\"og:site_name\" content=\"Hoogstra Autosport\" \/>\n<meta property=\"article:modified_time\" content=\"2025-12-15T15:55:41+00:00\" \/>\n<meta property=\"og:image\" content=\"https:\/\/www.hoogstra-autosport.nl\/teamkoen\/wp-content\/uploads\/2022\/10\/Untitled-Project-2025-12-15T165437.724.jpg\" \/>\n\t<meta property=\"og:image:width\" content=\"1000\" \/>\n\t<meta property=\"og:image:height\" content=\"1000\" \/>\n\t<meta property=\"og:image:type\" content=\"image\/jpeg\" \/>\n<meta name=\"twitter:card\" content=\"summary_large_image\" \/>\n<meta name=\"twitter:label1\" content=\"Gesch\u00e4tzte Lesezeit\" \/>\n\t<meta name=\"twitter:data1\" content=\"1\u00a0Minute\" \/>\n<script type=\"application\/ld+json\" class=\"yoast-schema-graph\">{\"@context\":\"https:\/\/schema.org\",\"@graph\":[{\"@type\":\"WebPage\",\"@id\":\"https:\/\/www.hoogstra-autosport.nl\/product\/eurol-marine-grease\/\",\"url\":\"https:\/\/www.hoogstra-autosport.nl\/product\/eurol-marine-grease\/\",\"name\":\"Eurol Marine Grease - Hoogstra Autosport\",\"isPartOf\":{\"@id\":\"https:\/\/www.hoogstra-autosport.nl\/#website\"},\"primaryImageOfPage\":{\"@id\":\"https:\/\/www.hoogstra-autosport.nl\/product\/eurol-marine-grease\/#primaryimage\"},\"image\":{\"@id\":\"https:\/\/www.hoogstra-autosport.nl\/product\/eurol-marine-grease\/#primaryimage\"},\"thumbnailUrl\":\"https:\/\/www.hoogstra-autosport.nl\/teamkoen\/wp-content\/uploads\/2022\/10\/Untitled-Project-2025-12-15T165437.724.jpg\",\"datePublished\":\"2022-10-04T14:47:58+00:00\",\"dateModified\":\"2025-12-15T15:55:41+00:00\",\"breadcrumb\":{\"@id\":\"https:\/\/www.hoogstra-autosport.nl\/product\/eurol-marine-grease\/#breadcrumb\"},\"inLanguage\":\"de\",\"potentialAction\":[{\"@type\":\"ReadAction\",\"target\":[\"https:\/\/www.hoogstra-autosport.nl\/product\/eurol-marine-grease\/\"]}]},{\"@type\":\"ImageObject\",\"inLanguage\":\"de\",\"@id\":\"https:\/\/www.hoogstra-autosport.nl\/product\/eurol-marine-grease\/#primaryimage\",\"url\":\"https:\/\/www.hoogstra-autosport.nl\/teamkoen\/wp-content\/uploads\/2022\/10\/Untitled-Project-2025-12-15T165437.724.jpg\",\"contentUrl\":\"https:\/\/www.hoogstra-autosport.nl\/teamkoen\/wp-content\/uploads\/2022\/10\/Untitled-Project-2025-12-15T165437.724.jpg\",\"width\":1000,\"height\":1000},{\"@type\":\"BreadcrumbList\",\"@id\":\"https:\/\/www.hoogstra-autosport.nl\/product\/eurol-marine-grease\/#breadcrumb\",\"itemListElement\":[{\"@type\":\"ListItem\",\"position\":1,\"name\":\"Home\",\"item\":\"https:\/\/www.hoogstra-autosport.nl\/\"},{\"@type\":\"ListItem\",\"position\":2,\"name\":\"Koeling &amp; Luchtfilters\",\"item\":\"https:\/\/www.hoogstra-autosport.nl\/product-categorie\/koeling-2\/\"},{\"@type\":\"ListItem\",\"position\":3,\"name\":\"Luchtfilters &amp; Toebehoren\",\"item\":\"https:\/\/www.hoogstra-autosport.nl\/product-categorie\/koeling-2\/luchtfilters-toebehoren\/\"},{\"@type\":\"ListItem\",\"position\":4,\"name\":\"Filter olie en Cleaner\",\"item\":\"https:\/\/www.hoogstra-autosport.nl\/product-categorie\/koeling-2\/luchtfilters-toebehoren\/filter-olie-en-cleaner\/\"},{\"@type\":\"ListItem\",\"position\":5,\"name\":\"Eurol Marine Grease\"}]},{\"@type\":\"WebSite\",\"@id\":\"https:\/\/www.hoogstra-autosport.nl\/#website\",\"url\":\"https:\/\/www.hoogstra-autosport.nl\/\",\"name\":\"Hoogstra Autosport\",\"description\":\"Performance Autosport Parts!\",\"potentialAction\":[{\"@type\":\"SearchAction\",\"target\":{\"@type\":\"EntryPoint\",\"urlTemplate\":\"https:\/\/www.hoogstra-autosport.nl\/?s={search_term_string}\"},\"query-input\":{\"@type\":\"PropertyValueSpecification\",\"valueRequired\":true,\"valueName\":\"search_term_string\"}}],\"inLanguage\":\"de\"}]}<\/script>\n<!-- \/ Yoast SEO plugin. -->","yoast_head_json":{"title":"Eurol Marine Grease - Hoogstra Autosport","robots":{"index":"index","follow":"follow","max-snippet":"max-snippet:-1","max-image-preview":"max-image-preview:large","max-video-preview":"max-video-preview:-1"},"canonical":"https:\/\/www.hoogstra-autosport.nl\/de\/produkt\/eurol-marine-grease\/","og_locale":"de_DE","og_type":"article","og_title":"Eurol Marine Grease - Hoogstra Autosport","og_description":"Schroefaskokervet en andere smeerpunten voor de scheepvaart. Eurol Marine Grease is geformuleerd met hoogwaardige geraffineerde basisoli\u00ebn met hoge viscositeit voor applicaties waar smeerpunten worden blootgesteld aan water. Het vet overtreft de waterverdringende eigenschappen en temperatuursbereik van een calciumvet en heeft de uitstekende mechanische stabiliteit van een lithiumvet. Het biedt een goede corrosiebescherming, uitstekende EP eigenschappen [&hellip;]","og_url":"https:\/\/www.hoogstra-autosport.nl\/de\/produkt\/eurol-marine-grease\/","og_site_name":"Hoogstra Autosport","article_modified_time":"2025-12-15T15:55:41+00:00","og_image":[{"width":1000,"height":1000,"url":"https:\/\/www.hoogstra-autosport.nl\/teamkoen\/wp-content\/uploads\/2022\/10\/Untitled-Project-2025-12-15T165437.724.jpg","type":"image\/jpeg"}],"twitter_card":"summary_large_image","twitter_misc":{"Gesch\u00e4tzte Lesezeit":"1\u00a0Minute"},"schema":{"@context":"https:\/\/schema.org","@graph":[{"@type":"WebPage","@id":"https:\/\/www.hoogstra-autosport.nl\/product\/eurol-marine-grease\/","url":"https:\/\/www.hoogstra-autosport.nl\/product\/eurol-marine-grease\/","name":"Eurol Marine Grease - Hoogstra Autosport","isPartOf":{"@id":"https:\/\/www.hoogstra-autosport.nl\/#website"},"primaryImageOfPage":{"@id":"https:\/\/www.hoogstra-autosport.nl\/product\/eurol-marine-grease\/#primaryimage"},"image":{"@id":"https:\/\/www.hoogstra-autosport.nl\/product\/eurol-marine-grease\/#primaryimage"},"thumbnailUrl":"https:\/\/www.hoogstra-autosport.nl\/teamkoen\/wp-content\/uploads\/2022\/10\/Untitled-Project-2025-12-15T165437.724.jpg","datePublished":"2022-10-04T14:47:58+00:00","dateModified":"2025-12-15T15:55:41+00:00","breadcrumb":{"@id":"https:\/\/www.hoogstra-autosport.nl\/product\/eurol-marine-grease\/#breadcrumb"},"inLanguage":"de","potentialAction":[{"@type":"ReadAction","target":["https:\/\/www.hoogstra-autosport.nl\/product\/eurol-marine-grease\/"]}]},{"@type":"ImageObject","inLanguage":"de","@id":"https:\/\/www.hoogstra-autosport.nl\/product\/eurol-marine-grease\/#primaryimage","url":"https:\/\/www.hoogstra-autosport.nl\/teamkoen\/wp-content\/uploads\/2022\/10\/Untitled-Project-2025-12-15T165437.724.jpg","contentUrl":"https:\/\/www.hoogstra-autosport.nl\/teamkoen\/wp-content\/uploads\/2022\/10\/Untitled-Project-2025-12-15T165437.724.jpg","width":1000,"height":1000},{"@type":"BreadcrumbList","@id":"https:\/\/www.hoogstra-autosport.nl\/product\/eurol-marine-grease\/#breadcrumb","itemListElement":[{"@type":"ListItem","position":1,"name":"Home","item":"https:\/\/www.hoogstra-autosport.nl\/"},{"@type":"ListItem","position":2,"name":"Koeling &amp; Luchtfilters","item":"https:\/\/www.hoogstra-autosport.nl\/product-categorie\/koeling-2\/"},{"@type":"ListItem","position":3,"name":"Luchtfilters &amp; Toebehoren","item":"https:\/\/www.hoogstra-autosport.nl\/product-categorie\/koeling-2\/luchtfilters-toebehoren\/"},{"@type":"ListItem","position":4,"name":"Filter olie en Cleaner","item":"https:\/\/www.hoogstra-autosport.nl\/product-categorie\/koeling-2\/luchtfilters-toebehoren\/filter-olie-en-cleaner\/"},{"@type":"ListItem","position":5,"name":"Eurol Marine Grease"}]},{"@type":"WebSite","@id":"https:\/\/www.hoogstra-autosport.nl\/#website","url":"https:\/\/www.hoogstra-autosport.nl\/","name":"Hoogstra Autosport","description":"Performance Autosport Parts!","potentialAction":[{"@type":"SearchAction","target":{"@type":"EntryPoint","urlTemplate":"https:\/\/www.hoogstra-autosport.nl\/?s={search_term_string}"},"query-input":{"@type":"PropertyValueSpecification","valueRequired":true,"valueName":"search_term_string"}}],"inLanguage":"de"}]}},"tiered_pricing_type":"fixed","tiered_pricing_fixed_rules":[],"tiered_pricing_product_settings":{"layout":"default","base_unit_name":{"singular":null,"plural":null},"default_variation":null},"tiered_pricing_minimum_quantity":null,"tiered_pricing_roles_data":[],"tiered_pricing_percentage_rules":[],"tiered_pricing_maximum_quantity":null,"tiered_pricing_quantity_step":null,"_links":{"self":[{"href":"https:\/\/www.hoogstra-autosport.nl\/de\/wp-json\/wp\/v2\/product\/50012","targetHints":{"allow":["GET"]}}],"collection":[{"href":"https:\/\/www.hoogstra-autosport.nl\/de\/wp-json\/wp\/v2\/product"}],"about":[{"href":"https:\/\/www.hoogstra-autosport.nl\/de\/wp-json\/wp\/v2\/types\/product"}],"wp:featuredmedia":[{"embeddable":true,"href":"https:\/\/www.hoogstra-autosport.nl\/de\/wp-json\/wp\/v2\/media\/95356"}],"wp:attachment":[{"href":"https:\/\/www.hoogstra-autosport.nl\/de\/wp-json\/wp\/v2\/media?parent=50012"}],"wp:term":[{"taxonomy":"product_brand","embeddable":true,"href":"https:\/\/www.hoogstra-autosport.nl\/de\/wp-json\/wp\/v2\/product_brand?post=50012"},{"taxonomy":"product_cat","embeddable":true,"href":"https:\/\/www.hoogstra-autosport.nl\/de\/wp-json\/wp\/v2\/product_cat?post=50012"},{"taxonomy":"product_tag","embeddable":true,"href":"https:\/\/www.hoogstra-autosport.nl\/de\/wp-json\/wp\/v2\/product_tag?post=50012"}],"curies":[{"name":"wp","href":"https:\/\/api.w.org\/{rel}","templated":true}]}}