{"id":49948,"date":"2022-10-04T09:12:52","date_gmt":"2022-10-04T07:12:52","guid":{"rendered":"https:\/\/www.hoogstra-autosport.nl\/?post_type=product&#038;p=49948"},"modified":"2025-12-09T13:58:23","modified_gmt":"2025-12-09T12:58:23","slug":"perslager-m20-2","status":"publish","type":"product","link":"https:\/\/www.hoogstra-autosport.nl\/de\/produkt\/perslager-m20-2\/","title":{"rendered":"Perslager M20"},"content":{"rendered":"<p>Perslager M20<\/p>\n<p>Gelenklager mit PTFE-Einsatz, wartungsfrei. Der Innenring ist aus geh\u00e4rtetem, geschliffenem und poliertem Chromstahl gefertigt. F\u00fcr h\u00f6here dynamische Belastungen<\/p>\n<p>Gr\u00f6\u00dfe<\/p>\n<p>M20<\/p>\n<table id=\"product-attribute-specs-table\" class=\"data table additional-attributes\">\n<tbody>\n<tr>\n<th class=\"col label\" scope=\"row\">Gewicht<\/th>\n<td class=\"col data\" data-th=\"Gewicht\">0.20<\/td>\n<\/tr>\n<tr>\n<th class=\"col label\" scope=\"row\">Afdichting<\/th>\n<td class=\"col data\" data-th=\"Afdichting\">PTFE<\/td>\n<\/tr>\n<tr>\n<th class=\"col label\" scope=\"row\">Schachtloch<\/th>\n<td class=\"col data\" data-th=\"Asgat\">Zylindrisch<\/td>\n<\/tr>\n<tr>\n<th class=\"col label\" scope=\"row\">Materiaal Lager<\/th>\n<td class=\"col data\" data-th=\"Materiaal Lager\">Geh\u00e4rteter Stahl<\/td>\n<\/tr>\n<tr>\n<th class=\"col label\" scope=\"row\">Serie<\/th>\n<td class=\"col data\" data-th=\"Serie\">Gewrichtslager<\/td>\n<\/tr>\n<tr>\n<th class=\"col label\" scope=\"row\">Toleranz<\/th>\n<td class=\"col data\" data-th=\"Tolerantie\">Standard<\/td>\n<\/tr>\n<tr>\n<th class=\"col label\" scope=\"row\">Typ<\/th>\n<td class=\"col data\" data-th=\"Type\">GLXSW 20<\/td>\n<\/tr>\n<tr>\n<th class=\"col label\" scope=\"row\">Breite<\/th>\n<td class=\"col data\" data-th=\"Breedte\">18,00 mm<\/td>\n<\/tr>\n<tr>\n<th class=\"col label\" scope=\"row\">Breedte totaal<\/th>\n<td class=\"col data\" data-th=\"Breedte totaal\">25,00 mm<\/td>\n<\/tr>\n<tr>\n<th class=\"col label\" scope=\"row\">Diameter Inwendig<\/th>\n<td class=\"col data\" data-th=\"Diameter Inwendig\">20,00 mm<\/td>\n<\/tr>\n<tr>\n<th class=\"col label\" scope=\"row\">Diameter Uitwendig<\/th>\n<td class=\"col data\" data-th=\"Diameter Uitwendig\">46,00 mm<\/td>\n<\/tr>\n<\/tbody>\n<\/table>\n<p>&nbsp;<\/p>","protected":false},"excerpt":{"rendered":"<p>Perslager M20 Gewrichtslagers met PTFE inlage, onderhoudsvrij. Binnenring is van gehard, geslepen en gepolijst chroomstaal. Voor hogere dynamische belasting maatvoering M20 Gewicht 0.20 Afdichting PTFE Asgat Cilindrisch Materiaal Lager Gehard staal Serie Gewrichtslager Tolerantie Standaard Type GLXSW 20 Breedte 18,00 mm Breedte totaal 25,00 mm Diameter Inwendig 20,00 mm Diameter Uitwendig 46,00 mm &nbsp;<\/p>","protected":false},"featured_media":94804,"template":"","meta":{"_acf_changed":false},"product_brand":[],"product_cat":[2828],"product_tag":[],"class_list":{"0":"post-49948","1":"product","2":"type-product","3":"status-publish","4":"has-post-thumbnail","6":"product_cat-stangkoppen-lagers","7":"product_shipping_class-4016","9":"first","10":"instock","11":"taxable","12":"shipping-taxable","13":"purchasable","14":"product-type-simple"},"acf":[],"yoast_head":"<!-- This site is optimized with the Yoast SEO plugin v27.5 - https:\/\/yoast.com\/product\/yoast-seo-wordpress\/ -->\n<title>Perslager M20 - Hoogstra Autosport<\/title>\n<meta name=\"robots\" content=\"index, follow, max-snippet:-1, max-image-preview:large, max-video-preview:-1\" \/>\n<link rel=\"canonical\" href=\"https:\/\/www.hoogstra-autosport.nl\/de\/produkt\/perslager-m20-2\/\" \/>\n<meta property=\"og:locale\" content=\"de_DE\" \/>\n<meta property=\"og:type\" content=\"article\" \/>\n<meta property=\"og:title\" content=\"Perslager M20 - Hoogstra Autosport\" \/>\n<meta property=\"og:description\" content=\"Perslager M20 Gewrichtslagers met PTFE inlage, onderhoudsvrij. Binnenring is van gehard, geslepen en gepolijst chroomstaal. Voor hogere dynamische belasting maatvoering M20 Gewicht 0.20 Afdichting PTFE Asgat Cilindrisch Materiaal Lager Gehard staal Serie Gewrichtslager Tolerantie Standaard Type GLXSW 20 Breedte 18,00 mm Breedte totaal 25,00 mm Diameter Inwendig 20,00 mm Diameter Uitwendig 46,00 mm &nbsp;\" \/>\n<meta property=\"og:url\" content=\"https:\/\/www.hoogstra-autosport.nl\/de\/produkt\/perslager-m20-2\/\" \/>\n<meta property=\"og:site_name\" content=\"Hoogstra Autosport\" \/>\n<meta property=\"article:modified_time\" content=\"2025-12-09T12:58:23+00:00\" \/>\n<meta property=\"og:image\" content=\"https:\/\/www.hoogstra-autosport.nl\/teamkoen\/wp-content\/uploads\/2021\/01\/Untitled-Project-94.jpg\" \/>\n\t<meta property=\"og:image:width\" content=\"1080\" \/>\n\t<meta property=\"og:image:height\" content=\"1080\" \/>\n\t<meta property=\"og:image:type\" content=\"image\/jpeg\" \/>\n<meta name=\"twitter:card\" content=\"summary_large_image\" \/>\n<meta name=\"twitter:label1\" content=\"Gesch\u00e4tzte Lesezeit\" \/>\n\t<meta name=\"twitter:data1\" content=\"1\u00a0Minute\" \/>\n<script type=\"application\/ld+json\" class=\"yoast-schema-graph\">{\"@context\":\"https:\\\/\\\/schema.org\",\"@graph\":[{\"@type\":\"WebPage\",\"@id\":\"https:\\\/\\\/www.hoogstra-autosport.nl\\\/product\\\/perslager-m20-2\\\/\",\"url\":\"https:\\\/\\\/www.hoogstra-autosport.nl\\\/product\\\/perslager-m20-2\\\/\",\"name\":\"Perslager M20 - Hoogstra Autosport\",\"isPartOf\":{\"@id\":\"https:\\\/\\\/www.hoogstra-autosport.nl\\\/#website\"},\"primaryImageOfPage\":{\"@id\":\"https:\\\/\\\/www.hoogstra-autosport.nl\\\/product\\\/perslager-m20-2\\\/#primaryimage\"},\"image\":{\"@id\":\"https:\\\/\\\/www.hoogstra-autosport.nl\\\/product\\\/perslager-m20-2\\\/#primaryimage\"},\"thumbnailUrl\":\"https:\\\/\\\/www.hoogstra-autosport.nl\\\/teamkoen\\\/wp-content\\\/uploads\\\/2021\\\/01\\\/Untitled-Project-94.jpg\",\"datePublished\":\"2022-10-04T07:12:52+00:00\",\"dateModified\":\"2025-12-09T12:58:23+00:00\",\"breadcrumb\":{\"@id\":\"https:\\\/\\\/www.hoogstra-autosport.nl\\\/product\\\/perslager-m20-2\\\/#breadcrumb\"},\"inLanguage\":\"de\",\"potentialAction\":[{\"@type\":\"ReadAction\",\"target\":[\"https:\\\/\\\/www.hoogstra-autosport.nl\\\/product\\\/perslager-m20-2\\\/\"]}]},{\"@type\":\"ImageObject\",\"inLanguage\":\"de\",\"@id\":\"https:\\\/\\\/www.hoogstra-autosport.nl\\\/product\\\/perslager-m20-2\\\/#primaryimage\",\"url\":\"https:\\\/\\\/www.hoogstra-autosport.nl\\\/teamkoen\\\/wp-content\\\/uploads\\\/2021\\\/01\\\/Untitled-Project-94.jpg\",\"contentUrl\":\"https:\\\/\\\/www.hoogstra-autosport.nl\\\/teamkoen\\\/wp-content\\\/uploads\\\/2021\\\/01\\\/Untitled-Project-94.jpg\",\"width\":1080,\"height\":1080},{\"@type\":\"BreadcrumbList\",\"@id\":\"https:\\\/\\\/www.hoogstra-autosport.nl\\\/product\\\/perslager-m20-2\\\/#breadcrumb\",\"itemListElement\":[{\"@type\":\"ListItem\",\"position\":1,\"name\":\"Home\",\"item\":\"https:\\\/\\\/www.hoogstra-autosport.nl\\\/\"},{\"@type\":\"ListItem\",\"position\":2,\"name\":\"Carrosserie\",\"item\":\"https:\\\/\\\/www.hoogstra-autosport.nl\\\/product-categorie\\\/carroserie-bevestiging\\\/\"},{\"@type\":\"ListItem\",\"position\":3,\"name\":\"Stangkoppen &amp; Lagers\",\"item\":\"https:\\\/\\\/www.hoogstra-autosport.nl\\\/product-categorie\\\/carroserie-bevestiging\\\/stangkoppen-lagers\\\/\"},{\"@type\":\"ListItem\",\"position\":4,\"name\":\"Perslager M20\"}]},{\"@type\":\"WebSite\",\"@id\":\"https:\\\/\\\/www.hoogstra-autosport.nl\\\/#website\",\"url\":\"https:\\\/\\\/www.hoogstra-autosport.nl\\\/\",\"name\":\"Hoogstra Autosport\",\"description\":\"Performance Autosport Parts!\",\"potentialAction\":[{\"@type\":\"SearchAction\",\"target\":{\"@type\":\"EntryPoint\",\"urlTemplate\":\"https:\\\/\\\/www.hoogstra-autosport.nl\\\/?s={search_term_string}\"},\"query-input\":{\"@type\":\"PropertyValueSpecification\",\"valueRequired\":true,\"valueName\":\"search_term_string\"}}],\"inLanguage\":\"de\"}]}<\/script>\n<!-- \/ Yoast SEO plugin. -->","yoast_head_json":{"title":"Perslager M20 - Hoogstra Autosport","robots":{"index":"index","follow":"follow","max-snippet":"max-snippet:-1","max-image-preview":"max-image-preview:large","max-video-preview":"max-video-preview:-1"},"canonical":"https:\/\/www.hoogstra-autosport.nl\/de\/produkt\/perslager-m20-2\/","og_locale":"de_DE","og_type":"article","og_title":"Perslager M20 - Hoogstra Autosport","og_description":"Perslager M20 Gewrichtslagers met PTFE inlage, onderhoudsvrij. Binnenring is van gehard, geslepen en gepolijst chroomstaal. Voor hogere dynamische belasting maatvoering M20 Gewicht 0.20 Afdichting PTFE Asgat Cilindrisch Materiaal Lager Gehard staal Serie Gewrichtslager Tolerantie Standaard Type GLXSW 20 Breedte 18,00 mm Breedte totaal 25,00 mm Diameter Inwendig 20,00 mm Diameter Uitwendig 46,00 mm &nbsp;","og_url":"https:\/\/www.hoogstra-autosport.nl\/de\/produkt\/perslager-m20-2\/","og_site_name":"Hoogstra Autosport","article_modified_time":"2025-12-09T12:58:23+00:00","og_image":[{"width":1080,"height":1080,"url":"https:\/\/www.hoogstra-autosport.nl\/teamkoen\/wp-content\/uploads\/2021\/01\/Untitled-Project-94.jpg","type":"image\/jpeg"}],"twitter_card":"summary_large_image","twitter_misc":{"Gesch\u00e4tzte Lesezeit":"1\u00a0Minute"},"schema":{"@context":"https:\/\/schema.org","@graph":[{"@type":"WebPage","@id":"https:\/\/www.hoogstra-autosport.nl\/product\/perslager-m20-2\/","url":"https:\/\/www.hoogstra-autosport.nl\/product\/perslager-m20-2\/","name":"Perslager M20 - Hoogstra Autosport","isPartOf":{"@id":"https:\/\/www.hoogstra-autosport.nl\/#website"},"primaryImageOfPage":{"@id":"https:\/\/www.hoogstra-autosport.nl\/product\/perslager-m20-2\/#primaryimage"},"image":{"@id":"https:\/\/www.hoogstra-autosport.nl\/product\/perslager-m20-2\/#primaryimage"},"thumbnailUrl":"https:\/\/www.hoogstra-autosport.nl\/teamkoen\/wp-content\/uploads\/2021\/01\/Untitled-Project-94.jpg","datePublished":"2022-10-04T07:12:52+00:00","dateModified":"2025-12-09T12:58:23+00:00","breadcrumb":{"@id":"https:\/\/www.hoogstra-autosport.nl\/product\/perslager-m20-2\/#breadcrumb"},"inLanguage":"de","potentialAction":[{"@type":"ReadAction","target":["https:\/\/www.hoogstra-autosport.nl\/product\/perslager-m20-2\/"]}]},{"@type":"ImageObject","inLanguage":"de","@id":"https:\/\/www.hoogstra-autosport.nl\/product\/perslager-m20-2\/#primaryimage","url":"https:\/\/www.hoogstra-autosport.nl\/teamkoen\/wp-content\/uploads\/2021\/01\/Untitled-Project-94.jpg","contentUrl":"https:\/\/www.hoogstra-autosport.nl\/teamkoen\/wp-content\/uploads\/2021\/01\/Untitled-Project-94.jpg","width":1080,"height":1080},{"@type":"BreadcrumbList","@id":"https:\/\/www.hoogstra-autosport.nl\/product\/perslager-m20-2\/#breadcrumb","itemListElement":[{"@type":"ListItem","position":1,"name":"Home","item":"https:\/\/www.hoogstra-autosport.nl\/"},{"@type":"ListItem","position":2,"name":"Carrosserie","item":"https:\/\/www.hoogstra-autosport.nl\/product-categorie\/carroserie-bevestiging\/"},{"@type":"ListItem","position":3,"name":"Stangkoppen &amp; Lagers","item":"https:\/\/www.hoogstra-autosport.nl\/product-categorie\/carroserie-bevestiging\/stangkoppen-lagers\/"},{"@type":"ListItem","position":4,"name":"Perslager M20"}]},{"@type":"WebSite","@id":"https:\/\/www.hoogstra-autosport.nl\/#website","url":"https:\/\/www.hoogstra-autosport.nl\/","name":"Hoogstra Autosport","description":"Performance Autosport Parts!","potentialAction":[{"@type":"SearchAction","target":{"@type":"EntryPoint","urlTemplate":"https:\/\/www.hoogstra-autosport.nl\/?s={search_term_string}"},"query-input":{"@type":"PropertyValueSpecification","valueRequired":true,"valueName":"search_term_string"}}],"inLanguage":"de"}]}},"tiered_pricing_type":"fixed","tiered_pricing_fixed_rules":[],"tiered_pricing_product_settings":{"layout":"default","base_unit_name":{"singular":null,"plural":null},"default_variation":null},"tiered_pricing_minimum_quantity":null,"tiered_pricing_roles_data":[],"tiered_pricing_percentage_rules":[],"tiered_pricing_maximum_quantity":null,"tiered_pricing_quantity_step":null,"_links":{"self":[{"href":"https:\/\/www.hoogstra-autosport.nl\/de\/wp-json\/wp\/v2\/product\/49948","targetHints":{"allow":["GET"]}}],"collection":[{"href":"https:\/\/www.hoogstra-autosport.nl\/de\/wp-json\/wp\/v2\/product"}],"about":[{"href":"https:\/\/www.hoogstra-autosport.nl\/de\/wp-json\/wp\/v2\/types\/product"}],"wp:featuredmedia":[{"embeddable":true,"href":"https:\/\/www.hoogstra-autosport.nl\/de\/wp-json\/wp\/v2\/media\/94804"}],"wp:attachment":[{"href":"https:\/\/www.hoogstra-autosport.nl\/de\/wp-json\/wp\/v2\/media?parent=49948"}],"wp:term":[{"taxonomy":"product_brand","embeddable":true,"href":"https:\/\/www.hoogstra-autosport.nl\/de\/wp-json\/wp\/v2\/product_brand?post=49948"},{"taxonomy":"product_cat","embeddable":true,"href":"https:\/\/www.hoogstra-autosport.nl\/de\/wp-json\/wp\/v2\/product_cat?post=49948"},{"taxonomy":"product_tag","embeddable":true,"href":"https:\/\/www.hoogstra-autosport.nl\/de\/wp-json\/wp\/v2\/product_tag?post=49948"}],"curies":[{"name":"wp","href":"https:\/\/api.w.org\/{rel}","templated":true}]}}