{"id":49768,"date":"2022-09-21T16:21:32","date_gmt":"2022-09-21T14:21:32","guid":{"rendered":"https:\/\/www.hoogstra-autosport.nl\/?post_type=product&#038;p=49768"},"modified":"2025-11-13T16:16:17","modified_gmt":"2025-11-13T15:16:17","slug":"omp-tecnica-hybrid-fia-overall-rood","status":"publish","type":"product","link":"https:\/\/www.hoogstra-autosport.nl\/de\/produkt\/omp-tecnica-hybrid-fia-overall-rood\/","title":{"rendered":"OMP Tecnica Hybrid Overall Rood"},"content":{"rendered":"<p>Bei den professionellen Schutzanz\u00fcgen werden traditionelle Nomex-Gewebe mit bedruckten Hightech-Eins\u00e4tzen und hochwertigen Stickereien kombiniert.<br \/>\nSchwimmende \u00c4rmel mit elastischem Einsatz, gestrickter elastischer Einsatz im R\u00fccken f\u00fcr maximale Bewegungsfreiheit.<br \/>\nGeformter Kragen mit weichem Strickstoff auf der Innenseite.<br \/>\nVerstellbarer G\u00fcrtel mit Klettverschluss.<br \/>\nUltraflache Anti-Reibungsn\u00e4hte und ein weicher Einsatz in der Leiste sorgen f\u00fcr maximalen Komfort.<br \/>\nAtmungsaktive Eins\u00e4tze an den H\u00fcften und unter den \u00c4rmeln.<br \/>\nTaschen mit schr\u00e4gem Schnitt auf der Vorderseite.<br \/>\nHerringbone-N\u00e4hte.<\/p>","protected":false},"excerpt":{"rendered":"<p>Professionele overall maakt gebruik van traditionele Nomex-stoffen vermengd met high-tech bedrukte inzetstukken en geborduurde details van hoge kwaliteit. Zwevende mouwen met elastische inzetstuk, gebreide elastische inzet op de rug voor maximale bewegingsvrijheid. Gevormde kraag met zachte gebreide stof aan de binnenkant. Verstelbare riem met klittenband. Ultraplatte anti-wrijfnaden en zachte inzet op de lies garanderen maximaal [&hellip;]<\/p>\n","protected":false},"featured_media":92916,"template":"","meta":{"_acf_changed":false},"product_brand":[],"product_cat":[2879],"product_tag":[],"class_list":{"0":"post-49768","1":"product","2":"type-product","3":"status-publish","4":"has-post-thumbnail","6":"product_cat-omp-overalls-fia","7":"product_shipping_class-4016","9":"first","10":"instock","11":"taxable","12":"shipping-taxable","13":"purchasable","14":"product-type-variable"},"acf":[],"yoast_head":"<!-- This site is optimized with the Yoast SEO plugin v27.1.1 - https:\/\/yoast.com\/product\/yoast-seo-wordpress\/ -->\n<title>OMP Tecnica Hybrid Overall Rood - Hoogstra Autosport<\/title>\n<meta name=\"robots\" content=\"index, follow, max-snippet:-1, max-image-preview:large, max-video-preview:-1\" \/>\n<link rel=\"canonical\" href=\"https:\/\/www.hoogstra-autosport.nl\/de\/produkt\/omp-tecnica-hybrid-fia-overall-rood\/\" \/>\n<meta property=\"og:locale\" content=\"de_DE\" \/>\n<meta property=\"og:type\" content=\"article\" \/>\n<meta property=\"og:title\" content=\"OMP Tecnica Hybrid Overall Rood - Hoogstra Autosport\" \/>\n<meta property=\"og:description\" content=\"Professionele overall maakt gebruik van traditionele Nomex-stoffen vermengd met high-tech bedrukte inzetstukken en geborduurde details van hoge kwaliteit. Zwevende mouwen met elastische inzetstuk, gebreide elastische inzet op de rug voor maximale bewegingsvrijheid. Gevormde kraag met zachte gebreide stof aan de binnenkant. Verstelbare riem met klittenband. Ultraplatte anti-wrijfnaden en zachte inzet op de lies garanderen maximaal [&hellip;]\" \/>\n<meta property=\"og:url\" content=\"https:\/\/www.hoogstra-autosport.nl\/de\/produkt\/omp-tecnica-hybrid-fia-overall-rood\/\" \/>\n<meta property=\"og:site_name\" content=\"Hoogstra Autosport\" \/>\n<meta property=\"article:modified_time\" content=\"2025-11-13T15:16:17+00:00\" \/>\n<meta property=\"og:image\" content=\"https:\/\/www.hoogstra-autosport.nl\/teamkoen\/wp-content\/uploads\/2022\/09\/OMP-tecnica-hybrid-rood.jpg\" \/>\n\t<meta property=\"og:image:width\" content=\"1080\" \/>\n\t<meta property=\"og:image:height\" content=\"1080\" \/>\n\t<meta property=\"og:image:type\" content=\"image\/jpeg\" \/>\n<meta name=\"twitter:card\" content=\"summary_large_image\" \/>\n<meta name=\"twitter:label1\" content=\"Gesch\u00e4tzte Lesezeit\" \/>\n\t<meta name=\"twitter:data1\" content=\"1\u00a0Minute\" \/>\n<script type=\"application\/ld+json\" class=\"yoast-schema-graph\">{\"@context\":\"https:\/\/schema.org\",\"@graph\":[{\"@type\":\"WebPage\",\"@id\":\"https:\/\/www.hoogstra-autosport.nl\/product\/omp-tecnica-hybrid-fia-overall-rood\/\",\"url\":\"https:\/\/www.hoogstra-autosport.nl\/product\/omp-tecnica-hybrid-fia-overall-rood\/\",\"name\":\"OMP Tecnica Hybrid Overall Rood - Hoogstra Autosport\",\"isPartOf\":{\"@id\":\"https:\/\/www.hoogstra-autosport.nl\/#website\"},\"primaryImageOfPage\":{\"@id\":\"https:\/\/www.hoogstra-autosport.nl\/product\/omp-tecnica-hybrid-fia-overall-rood\/#primaryimage\"},\"image\":{\"@id\":\"https:\/\/www.hoogstra-autosport.nl\/product\/omp-tecnica-hybrid-fia-overall-rood\/#primaryimage\"},\"thumbnailUrl\":\"https:\/\/www.hoogstra-autosport.nl\/teamkoen\/wp-content\/uploads\/2022\/09\/OMP-tecnica-hybrid-rood.jpg\",\"datePublished\":\"2022-09-21T14:21:32+00:00\",\"dateModified\":\"2025-11-13T15:16:17+00:00\",\"breadcrumb\":{\"@id\":\"https:\/\/www.hoogstra-autosport.nl\/product\/omp-tecnica-hybrid-fia-overall-rood\/#breadcrumb\"},\"inLanguage\":\"de\",\"potentialAction\":[{\"@type\":\"ReadAction\",\"target\":[\"https:\/\/www.hoogstra-autosport.nl\/product\/omp-tecnica-hybrid-fia-overall-rood\/\"]}]},{\"@type\":\"ImageObject\",\"inLanguage\":\"de\",\"@id\":\"https:\/\/www.hoogstra-autosport.nl\/product\/omp-tecnica-hybrid-fia-overall-rood\/#primaryimage\",\"url\":\"https:\/\/www.hoogstra-autosport.nl\/teamkoen\/wp-content\/uploads\/2022\/09\/OMP-tecnica-hybrid-rood.jpg\",\"contentUrl\":\"https:\/\/www.hoogstra-autosport.nl\/teamkoen\/wp-content\/uploads\/2022\/09\/OMP-tecnica-hybrid-rood.jpg\",\"width\":1080,\"height\":1080},{\"@type\":\"BreadcrumbList\",\"@id\":\"https:\/\/www.hoogstra-autosport.nl\/product\/omp-tecnica-hybrid-fia-overall-rood\/#breadcrumb\",\"itemListElement\":[{\"@type\":\"ListItem\",\"position\":1,\"name\":\"Home\",\"item\":\"https:\/\/www.hoogstra-autosport.nl\/\"},{\"@type\":\"ListItem\",\"position\":2,\"name\":\"Uitrusting\",\"item\":\"https:\/\/www.hoogstra-autosport.nl\/product-categorie\/autosport-kleding-helmen\/\"},{\"@type\":\"ListItem\",\"position\":3,\"name\":\"Autosport Kleding\",\"item\":\"https:\/\/www.hoogstra-autosport.nl\/product-categorie\/autosport-kleding-helmen\/autosport-kleding\/\"},{\"@type\":\"ListItem\",\"position\":4,\"name\":\"Overalls\",\"item\":\"https:\/\/www.hoogstra-autosport.nl\/product-categorie\/autosport-kleding-helmen\/autosport-kleding\/overalls\/\"},{\"@type\":\"ListItem\",\"position\":5,\"name\":\"FIA Autosportoveralls\",\"item\":\"https:\/\/www.hoogstra-autosport.nl\/product-categorie\/autosport-kleding-helmen\/autosport-kleding\/overalls\/fia-autosportoveralls\/\"},{\"@type\":\"ListItem\",\"position\":6,\"name\":\"OMP Overalls FIA\",\"item\":\"https:\/\/www.hoogstra-autosport.nl\/product-categorie\/autosport-kleding-helmen\/autosport-kleding\/overalls\/fia-autosportoveralls\/omp-overalls-fia\/\"},{\"@type\":\"ListItem\",\"position\":7,\"name\":\"OMP Tecnica Hybrid Overall Rood\"}]},{\"@type\":\"WebSite\",\"@id\":\"https:\/\/www.hoogstra-autosport.nl\/#website\",\"url\":\"https:\/\/www.hoogstra-autosport.nl\/\",\"name\":\"Hoogstra Autosport\",\"description\":\"Performance Autosport Parts!\",\"potentialAction\":[{\"@type\":\"SearchAction\",\"target\":{\"@type\":\"EntryPoint\",\"urlTemplate\":\"https:\/\/www.hoogstra-autosport.nl\/?s={search_term_string}\"},\"query-input\":{\"@type\":\"PropertyValueSpecification\",\"valueRequired\":true,\"valueName\":\"search_term_string\"}}],\"inLanguage\":\"de\"}]}<\/script>\n<!-- \/ Yoast SEO plugin. -->","yoast_head_json":{"title":"OMP Tecnica Hybrid Overall Rood - Hoogstra Autosport","robots":{"index":"index","follow":"follow","max-snippet":"max-snippet:-1","max-image-preview":"max-image-preview:large","max-video-preview":"max-video-preview:-1"},"canonical":"https:\/\/www.hoogstra-autosport.nl\/de\/produkt\/omp-tecnica-hybrid-fia-overall-rood\/","og_locale":"de_DE","og_type":"article","og_title":"OMP Tecnica Hybrid Overall Rood - Hoogstra Autosport","og_description":"Professionele overall maakt gebruik van traditionele Nomex-stoffen vermengd met high-tech bedrukte inzetstukken en geborduurde details van hoge kwaliteit. Zwevende mouwen met elastische inzetstuk, gebreide elastische inzet op de rug voor maximale bewegingsvrijheid. Gevormde kraag met zachte gebreide stof aan de binnenkant. Verstelbare riem met klittenband. Ultraplatte anti-wrijfnaden en zachte inzet op de lies garanderen maximaal [&hellip;]","og_url":"https:\/\/www.hoogstra-autosport.nl\/de\/produkt\/omp-tecnica-hybrid-fia-overall-rood\/","og_site_name":"Hoogstra Autosport","article_modified_time":"2025-11-13T15:16:17+00:00","og_image":[{"width":1080,"height":1080,"url":"https:\/\/www.hoogstra-autosport.nl\/teamkoen\/wp-content\/uploads\/2022\/09\/OMP-tecnica-hybrid-rood.jpg","type":"image\/jpeg"}],"twitter_card":"summary_large_image","twitter_misc":{"Gesch\u00e4tzte Lesezeit":"1\u00a0Minute"},"schema":{"@context":"https:\/\/schema.org","@graph":[{"@type":"WebPage","@id":"https:\/\/www.hoogstra-autosport.nl\/product\/omp-tecnica-hybrid-fia-overall-rood\/","url":"https:\/\/www.hoogstra-autosport.nl\/product\/omp-tecnica-hybrid-fia-overall-rood\/","name":"OMP Tecnica Hybrid Overall Rood - Hoogstra Autosport","isPartOf":{"@id":"https:\/\/www.hoogstra-autosport.nl\/#website"},"primaryImageOfPage":{"@id":"https:\/\/www.hoogstra-autosport.nl\/product\/omp-tecnica-hybrid-fia-overall-rood\/#primaryimage"},"image":{"@id":"https:\/\/www.hoogstra-autosport.nl\/product\/omp-tecnica-hybrid-fia-overall-rood\/#primaryimage"},"thumbnailUrl":"https:\/\/www.hoogstra-autosport.nl\/teamkoen\/wp-content\/uploads\/2022\/09\/OMP-tecnica-hybrid-rood.jpg","datePublished":"2022-09-21T14:21:32+00:00","dateModified":"2025-11-13T15:16:17+00:00","breadcrumb":{"@id":"https:\/\/www.hoogstra-autosport.nl\/product\/omp-tecnica-hybrid-fia-overall-rood\/#breadcrumb"},"inLanguage":"de","potentialAction":[{"@type":"ReadAction","target":["https:\/\/www.hoogstra-autosport.nl\/product\/omp-tecnica-hybrid-fia-overall-rood\/"]}]},{"@type":"ImageObject","inLanguage":"de","@id":"https:\/\/www.hoogstra-autosport.nl\/product\/omp-tecnica-hybrid-fia-overall-rood\/#primaryimage","url":"https:\/\/www.hoogstra-autosport.nl\/teamkoen\/wp-content\/uploads\/2022\/09\/OMP-tecnica-hybrid-rood.jpg","contentUrl":"https:\/\/www.hoogstra-autosport.nl\/teamkoen\/wp-content\/uploads\/2022\/09\/OMP-tecnica-hybrid-rood.jpg","width":1080,"height":1080},{"@type":"BreadcrumbList","@id":"https:\/\/www.hoogstra-autosport.nl\/product\/omp-tecnica-hybrid-fia-overall-rood\/#breadcrumb","itemListElement":[{"@type":"ListItem","position":1,"name":"Home","item":"https:\/\/www.hoogstra-autosport.nl\/"},{"@type":"ListItem","position":2,"name":"Uitrusting","item":"https:\/\/www.hoogstra-autosport.nl\/product-categorie\/autosport-kleding-helmen\/"},{"@type":"ListItem","position":3,"name":"Autosport Kleding","item":"https:\/\/www.hoogstra-autosport.nl\/product-categorie\/autosport-kleding-helmen\/autosport-kleding\/"},{"@type":"ListItem","position":4,"name":"Overalls","item":"https:\/\/www.hoogstra-autosport.nl\/product-categorie\/autosport-kleding-helmen\/autosport-kleding\/overalls\/"},{"@type":"ListItem","position":5,"name":"FIA Autosportoveralls","item":"https:\/\/www.hoogstra-autosport.nl\/product-categorie\/autosport-kleding-helmen\/autosport-kleding\/overalls\/fia-autosportoveralls\/"},{"@type":"ListItem","position":6,"name":"OMP Overalls FIA","item":"https:\/\/www.hoogstra-autosport.nl\/product-categorie\/autosport-kleding-helmen\/autosport-kleding\/overalls\/fia-autosportoveralls\/omp-overalls-fia\/"},{"@type":"ListItem","position":7,"name":"OMP Tecnica Hybrid Overall Rood"}]},{"@type":"WebSite","@id":"https:\/\/www.hoogstra-autosport.nl\/#website","url":"https:\/\/www.hoogstra-autosport.nl\/","name":"Hoogstra Autosport","description":"Performance Autosport Parts!","potentialAction":[{"@type":"SearchAction","target":{"@type":"EntryPoint","urlTemplate":"https:\/\/www.hoogstra-autosport.nl\/?s={search_term_string}"},"query-input":{"@type":"PropertyValueSpecification","valueRequired":true,"valueName":"search_term_string"}}],"inLanguage":"de"}]}},"tiered_pricing_type":"fixed","tiered_pricing_fixed_rules":[],"tiered_pricing_product_settings":{"layout":"default","base_unit_name":{"singular":null,"plural":null},"default_variation":null},"tiered_pricing_minimum_quantity":null,"tiered_pricing_roles_data":[],"tiered_pricing_percentage_rules":[],"tiered_pricing_maximum_quantity":null,"tiered_pricing_quantity_step":null,"_links":{"self":[{"href":"https:\/\/www.hoogstra-autosport.nl\/de\/wp-json\/wp\/v2\/product\/49768","targetHints":{"allow":["GET"]}}],"collection":[{"href":"https:\/\/www.hoogstra-autosport.nl\/de\/wp-json\/wp\/v2\/product"}],"about":[{"href":"https:\/\/www.hoogstra-autosport.nl\/de\/wp-json\/wp\/v2\/types\/product"}],"wp:featuredmedia":[{"embeddable":true,"href":"https:\/\/www.hoogstra-autosport.nl\/de\/wp-json\/wp\/v2\/media\/92916"}],"wp:attachment":[{"href":"https:\/\/www.hoogstra-autosport.nl\/de\/wp-json\/wp\/v2\/media?parent=49768"}],"wp:term":[{"taxonomy":"product_brand","embeddable":true,"href":"https:\/\/www.hoogstra-autosport.nl\/de\/wp-json\/wp\/v2\/product_brand?post=49768"},{"taxonomy":"product_cat","embeddable":true,"href":"https:\/\/www.hoogstra-autosport.nl\/de\/wp-json\/wp\/v2\/product_cat?post=49768"},{"taxonomy":"product_tag","embeddable":true,"href":"https:\/\/www.hoogstra-autosport.nl\/de\/wp-json\/wp\/v2\/product_tag?post=49768"}],"curies":[{"name":"wp","href":"https:\/\/api.w.org\/{rel}","templated":true}]}}