{"id":49400,"date":"2022-08-30T17:11:42","date_gmt":"2022-08-30T15:11:42","guid":{"rendered":"https:\/\/www.hoogstra-autosport.nl\/?post_type=product&#038;p=49400"},"modified":"2025-11-26T09:46:46","modified_gmt":"2025-11-26T08:46:46","slug":"motul-homokineet-vet-moly-grease","status":"publish","type":"product","link":"https:\/\/www.hoogstra-autosport.nl\/de\/produkt\/motul-homokineet-vet-moly-grease\/","title":{"rendered":"Motul Faltenbalgfett Moly-Fett"},"content":{"rendered":"<p>Fett f\u00fcr die Wellenkupplung<\/p>\n<p>&nbsp;<\/p>\n<p>Mehrzweckfett auf Lithiumbasis, verarbeitet mit einem dispergierten hochwirksamen Festschmierstoff mit extrem guten Verschlei\u00dfschutzeigenschaften. Es bietet Schutz f\u00fcr bewegliche Teile unter sehr schweren Sto\u00dfbelastungen, widersteht der Wasserauswaschung und hat eine lange Lebensdauer.<\/p>\n<p>&nbsp;<\/p>","protected":false},"excerpt":{"rendered":"<p>Homokineet vet &nbsp; Multifunctioneel lithiumbasisvet, verwerkt met gedispergeerd zeer effectief vast smeermiddel met extreem goede anti-slijtage eigenschappen. Het biedt bescherming aan bewegende delen onder zeer ernstige schokbelastings omstandigheden, bestand tegen het uitspoelen van water en geeft een lange levensduur. &nbsp;<\/p>","protected":false},"featured_media":93859,"template":"","meta":{"_acf_changed":false},"product_brand":[],"product_cat":[2707],"product_tag":[],"class_list":{"0":"post-49400","1":"product","2":"type-product","3":"status-publish","4":"has-post-thumbnail","6":"product_cat-aandrijfassen-homokineten-en-ashoezen","7":"product_shipping_class-4016","9":"first","10":"instock","11":"taxable","12":"shipping-taxable","13":"purchasable","14":"product-type-simple"},"acf":[],"yoast_head":"<!-- This site is optimized with the Yoast SEO plugin v27.1.1 - https:\/\/yoast.com\/product\/yoast-seo-wordpress\/ -->\n<title>Motul Homokineet Vet Moly Grease - Hoogstra Autosport<\/title>\n<meta name=\"robots\" content=\"index, follow, max-snippet:-1, max-image-preview:large, max-video-preview:-1\" \/>\n<link rel=\"canonical\" href=\"https:\/\/www.hoogstra-autosport.nl\/de\/produkt\/motul-homokineet-vet-moly-grease\/\" \/>\n<meta property=\"og:locale\" content=\"de_DE\" \/>\n<meta property=\"og:type\" content=\"article\" \/>\n<meta property=\"og:title\" content=\"Motul Homokineet Vet Moly Grease - Hoogstra Autosport\" \/>\n<meta property=\"og:description\" content=\"Homokineet vet &nbsp; Multifunctioneel lithiumbasisvet, verwerkt met gedispergeerd zeer effectief vast smeermiddel met extreem goede anti-slijtage eigenschappen. Het biedt bescherming aan bewegende delen onder zeer ernstige schokbelastings omstandigheden, bestand tegen het uitspoelen van water en geeft een lange levensduur. &nbsp;\" \/>\n<meta property=\"og:url\" content=\"https:\/\/www.hoogstra-autosport.nl\/de\/produkt\/motul-homokineet-vet-moly-grease\/\" \/>\n<meta property=\"og:site_name\" content=\"Hoogstra Autosport\" \/>\n<meta property=\"article:modified_time\" content=\"2025-11-26T08:46:46+00:00\" \/>\n<meta property=\"og:image\" content=\"https:\/\/www.hoogstra-autosport.nl\/teamkoen\/wp-content\/uploads\/2022\/08\/motul.jpg\" \/>\n\t<meta property=\"og:image:width\" content=\"1080\" \/>\n\t<meta property=\"og:image:height\" content=\"1080\" \/>\n\t<meta property=\"og:image:type\" content=\"image\/jpeg\" \/>\n<meta name=\"twitter:card\" content=\"summary_large_image\" \/>\n<meta name=\"twitter:label1\" content=\"Gesch\u00e4tzte Lesezeit\" \/>\n\t<meta name=\"twitter:data1\" content=\"1\u00a0Minute\" \/>\n<script type=\"application\/ld+json\" class=\"yoast-schema-graph\">{\"@context\":\"https:\/\/schema.org\",\"@graph\":[{\"@type\":\"WebPage\",\"@id\":\"https:\/\/www.hoogstra-autosport.nl\/product\/motul-homokineet-vet-moly-grease\/\",\"url\":\"https:\/\/www.hoogstra-autosport.nl\/product\/motul-homokineet-vet-moly-grease\/\",\"name\":\"Motul Homokineet Vet Moly Grease - Hoogstra Autosport\",\"isPartOf\":{\"@id\":\"https:\/\/www.hoogstra-autosport.nl\/#website\"},\"primaryImageOfPage\":{\"@id\":\"https:\/\/www.hoogstra-autosport.nl\/product\/motul-homokineet-vet-moly-grease\/#primaryimage\"},\"image\":{\"@id\":\"https:\/\/www.hoogstra-autosport.nl\/product\/motul-homokineet-vet-moly-grease\/#primaryimage\"},\"thumbnailUrl\":\"https:\/\/www.hoogstra-autosport.nl\/teamkoen\/wp-content\/uploads\/2022\/08\/motul.jpg\",\"datePublished\":\"2022-08-30T15:11:42+00:00\",\"dateModified\":\"2025-11-26T08:46:46+00:00\",\"breadcrumb\":{\"@id\":\"https:\/\/www.hoogstra-autosport.nl\/product\/motul-homokineet-vet-moly-grease\/#breadcrumb\"},\"inLanguage\":\"de\",\"potentialAction\":[{\"@type\":\"ReadAction\",\"target\":[\"https:\/\/www.hoogstra-autosport.nl\/product\/motul-homokineet-vet-moly-grease\/\"]}]},{\"@type\":\"ImageObject\",\"inLanguage\":\"de\",\"@id\":\"https:\/\/www.hoogstra-autosport.nl\/product\/motul-homokineet-vet-moly-grease\/#primaryimage\",\"url\":\"https:\/\/www.hoogstra-autosport.nl\/teamkoen\/wp-content\/uploads\/2022\/08\/motul.jpg\",\"contentUrl\":\"https:\/\/www.hoogstra-autosport.nl\/teamkoen\/wp-content\/uploads\/2022\/08\/motul.jpg\",\"width\":1080,\"height\":1080},{\"@type\":\"BreadcrumbList\",\"@id\":\"https:\/\/www.hoogstra-autosport.nl\/product\/motul-homokineet-vet-moly-grease\/#breadcrumb\",\"itemListElement\":[{\"@type\":\"ListItem\",\"position\":1,\"name\":\"Home\",\"item\":\"https:\/\/www.hoogstra-autosport.nl\/\"},{\"@type\":\"ListItem\",\"position\":2,\"name\":\"Motorisch\",\"item\":\"https:\/\/www.hoogstra-autosport.nl\/product-categorie\/auto-techniek\/\"},{\"@type\":\"ListItem\",\"position\":3,\"name\":\"Koppeling , Versnellingsbak en Assen\",\"item\":\"https:\/\/www.hoogstra-autosport.nl\/product-categorie\/auto-techniek\/koppeling-versnellingsbak-en-assen\/\"},{\"@type\":\"ListItem\",\"position\":4,\"name\":\"Aandrijfassen , Homokineten en ashoezen\",\"item\":\"https:\/\/www.hoogstra-autosport.nl\/product-categorie\/auto-techniek\/koppeling-versnellingsbak-en-assen\/aandrijfassen-homokineten-en-ashoezen\/\"},{\"@type\":\"ListItem\",\"position\":5,\"name\":\"Motul Homokineet Vet Moly Grease\"}]},{\"@type\":\"WebSite\",\"@id\":\"https:\/\/www.hoogstra-autosport.nl\/#website\",\"url\":\"https:\/\/www.hoogstra-autosport.nl\/\",\"name\":\"Hoogstra Autosport\",\"description\":\"Performance Autosport Parts!\",\"potentialAction\":[{\"@type\":\"SearchAction\",\"target\":{\"@type\":\"EntryPoint\",\"urlTemplate\":\"https:\/\/www.hoogstra-autosport.nl\/?s={search_term_string}\"},\"query-input\":{\"@type\":\"PropertyValueSpecification\",\"valueRequired\":true,\"valueName\":\"search_term_string\"}}],\"inLanguage\":\"de\"}]}<\/script>\n<!-- \/ Yoast SEO plugin. -->","yoast_head_json":{"title":"Motul Homokineet Vet Moly Grease - Hoogstra Autosport","robots":{"index":"index","follow":"follow","max-snippet":"max-snippet:-1","max-image-preview":"max-image-preview:large","max-video-preview":"max-video-preview:-1"},"canonical":"https:\/\/www.hoogstra-autosport.nl\/de\/produkt\/motul-homokineet-vet-moly-grease\/","og_locale":"de_DE","og_type":"article","og_title":"Motul Homokineet Vet Moly Grease - Hoogstra Autosport","og_description":"Homokineet vet &nbsp; Multifunctioneel lithiumbasisvet, verwerkt met gedispergeerd zeer effectief vast smeermiddel met extreem goede anti-slijtage eigenschappen. Het biedt bescherming aan bewegende delen onder zeer ernstige schokbelastings omstandigheden, bestand tegen het uitspoelen van water en geeft een lange levensduur. &nbsp;","og_url":"https:\/\/www.hoogstra-autosport.nl\/de\/produkt\/motul-homokineet-vet-moly-grease\/","og_site_name":"Hoogstra Autosport","article_modified_time":"2025-11-26T08:46:46+00:00","og_image":[{"width":1080,"height":1080,"url":"https:\/\/www.hoogstra-autosport.nl\/teamkoen\/wp-content\/uploads\/2022\/08\/motul.jpg","type":"image\/jpeg"}],"twitter_card":"summary_large_image","twitter_misc":{"Gesch\u00e4tzte Lesezeit":"1\u00a0Minute"},"schema":{"@context":"https:\/\/schema.org","@graph":[{"@type":"WebPage","@id":"https:\/\/www.hoogstra-autosport.nl\/product\/motul-homokineet-vet-moly-grease\/","url":"https:\/\/www.hoogstra-autosport.nl\/product\/motul-homokineet-vet-moly-grease\/","name":"Motul Homokineet Vet Moly Grease - Hoogstra Autosport","isPartOf":{"@id":"https:\/\/www.hoogstra-autosport.nl\/#website"},"primaryImageOfPage":{"@id":"https:\/\/www.hoogstra-autosport.nl\/product\/motul-homokineet-vet-moly-grease\/#primaryimage"},"image":{"@id":"https:\/\/www.hoogstra-autosport.nl\/product\/motul-homokineet-vet-moly-grease\/#primaryimage"},"thumbnailUrl":"https:\/\/www.hoogstra-autosport.nl\/teamkoen\/wp-content\/uploads\/2022\/08\/motul.jpg","datePublished":"2022-08-30T15:11:42+00:00","dateModified":"2025-11-26T08:46:46+00:00","breadcrumb":{"@id":"https:\/\/www.hoogstra-autosport.nl\/product\/motul-homokineet-vet-moly-grease\/#breadcrumb"},"inLanguage":"de","potentialAction":[{"@type":"ReadAction","target":["https:\/\/www.hoogstra-autosport.nl\/product\/motul-homokineet-vet-moly-grease\/"]}]},{"@type":"ImageObject","inLanguage":"de","@id":"https:\/\/www.hoogstra-autosport.nl\/product\/motul-homokineet-vet-moly-grease\/#primaryimage","url":"https:\/\/www.hoogstra-autosport.nl\/teamkoen\/wp-content\/uploads\/2022\/08\/motul.jpg","contentUrl":"https:\/\/www.hoogstra-autosport.nl\/teamkoen\/wp-content\/uploads\/2022\/08\/motul.jpg","width":1080,"height":1080},{"@type":"BreadcrumbList","@id":"https:\/\/www.hoogstra-autosport.nl\/product\/motul-homokineet-vet-moly-grease\/#breadcrumb","itemListElement":[{"@type":"ListItem","position":1,"name":"Home","item":"https:\/\/www.hoogstra-autosport.nl\/"},{"@type":"ListItem","position":2,"name":"Motorisch","item":"https:\/\/www.hoogstra-autosport.nl\/product-categorie\/auto-techniek\/"},{"@type":"ListItem","position":3,"name":"Koppeling , Versnellingsbak en Assen","item":"https:\/\/www.hoogstra-autosport.nl\/product-categorie\/auto-techniek\/koppeling-versnellingsbak-en-assen\/"},{"@type":"ListItem","position":4,"name":"Aandrijfassen , Homokineten en ashoezen","item":"https:\/\/www.hoogstra-autosport.nl\/product-categorie\/auto-techniek\/koppeling-versnellingsbak-en-assen\/aandrijfassen-homokineten-en-ashoezen\/"},{"@type":"ListItem","position":5,"name":"Motul Homokineet Vet Moly Grease"}]},{"@type":"WebSite","@id":"https:\/\/www.hoogstra-autosport.nl\/#website","url":"https:\/\/www.hoogstra-autosport.nl\/","name":"Hoogstra Autosport","description":"Performance Autosport Parts!","potentialAction":[{"@type":"SearchAction","target":{"@type":"EntryPoint","urlTemplate":"https:\/\/www.hoogstra-autosport.nl\/?s={search_term_string}"},"query-input":{"@type":"PropertyValueSpecification","valueRequired":true,"valueName":"search_term_string"}}],"inLanguage":"de"}]}},"tiered_pricing_type":"fixed","tiered_pricing_fixed_rules":[],"tiered_pricing_product_settings":{"layout":"default","base_unit_name":{"singular":null,"plural":null},"default_variation":null},"tiered_pricing_minimum_quantity":null,"tiered_pricing_roles_data":[],"tiered_pricing_percentage_rules":[],"tiered_pricing_maximum_quantity":null,"tiered_pricing_quantity_step":null,"_links":{"self":[{"href":"https:\/\/www.hoogstra-autosport.nl\/de\/wp-json\/wp\/v2\/product\/49400","targetHints":{"allow":["GET"]}}],"collection":[{"href":"https:\/\/www.hoogstra-autosport.nl\/de\/wp-json\/wp\/v2\/product"}],"about":[{"href":"https:\/\/www.hoogstra-autosport.nl\/de\/wp-json\/wp\/v2\/types\/product"}],"wp:featuredmedia":[{"embeddable":true,"href":"https:\/\/www.hoogstra-autosport.nl\/de\/wp-json\/wp\/v2\/media\/93859"}],"wp:attachment":[{"href":"https:\/\/www.hoogstra-autosport.nl\/de\/wp-json\/wp\/v2\/media?parent=49400"}],"wp:term":[{"taxonomy":"product_brand","embeddable":true,"href":"https:\/\/www.hoogstra-autosport.nl\/de\/wp-json\/wp\/v2\/product_brand?post=49400"},{"taxonomy":"product_cat","embeddable":true,"href":"https:\/\/www.hoogstra-autosport.nl\/de\/wp-json\/wp\/v2\/product_cat?post=49400"},{"taxonomy":"product_tag","embeddable":true,"href":"https:\/\/www.hoogstra-autosport.nl\/de\/wp-json\/wp\/v2\/product_tag?post=49400"}],"curies":[{"name":"wp","href":"https:\/\/api.w.org\/{rel}","templated":true}]}}