{"id":48537,"date":"2022-07-12T15:39:29","date_gmt":"2022-07-12T13:39:29","guid":{"rendered":"https:\/\/www.hoogstra-autosport.nl\/?post_type=product&#038;p=48537"},"modified":"2024-01-20T13:11:49","modified_gmt":"2024-01-20T12:11:49","slug":"siliconen-slang-45-benzine-en-olie-bestendig","status":"publish","type":"product","link":"https:\/\/www.hoogstra-autosport.nl\/de\/produkt\/siliconen-slang-45-benzine-en-olie-bestendig\/","title":{"rendered":"Silikonschlauch 45\u00b0 (benzin- und \u00f6lbest\u00e4ndig)"},"content":{"rendered":"<p>Silikon-Kr\u00fcmmerschl\u00e4uche 45\u00b0 f\u00fcr Benzin und \u00d6l.<\/p>\n<p>Der kraftstoffbest\u00e4ndige Knickschlauch ist innen mit einer Fluorbeschichtung versehen. Dadurch wird sichergestellt, dass diese Schl\u00e4uche gegen das durch sie flie\u00dfende Benzin und \u00d6l best\u00e4ndig sind.<\/p>\n<p>Diese Schl\u00e4uche sind ideal f\u00fcr den Durchfluss von \u00d6l und\/oder Benzin geeignet. Wir empfehlen jedoch nicht, st\u00e4ndig Fl\u00fcssigkeit im Schlauch zu lassen.<\/p>\n<p>&nbsp;<\/p>\n<p>Die angegebene Gr\u00f6\u00dfe ist der Innendurchmesser (Innendurchmesser) des Silikonbogenschlauchs.<\/p>\n<p>Die Schenkell\u00e4nge des Schlauches betr\u00e4gt ca. 150 mm (gemessen von der Innenseite des Bogens)<\/p>\n<p>Ab Lager lieferbar in den Durchmessern 51 mm + 57 mm und in blau oder schwarz.<\/p>\n<p>&nbsp;<\/p>\n<p>Anwendbar f\u00fcr:<\/p>\n<p>Industrie - Autosport - Autoracing - Autotuning - Automatisch - LKW - Motorrad - Offroad - Landwirtschaft - Gartenbau - Dieselmotor - Benzinmotor - Turbomotoren<\/p>","protected":false},"excerpt":{"rendered":"<p>Silicone bocht slangen van 45\u00b0 voor benzine en olie. De brandstofbestendige bocht slang heeft een inwendige fluor coating. Dit zorgt ervoor dat deze slangen bestendig zijn tegen de benzine en olie wat er doorheen loopt. Deze slangen zijn uitermate geschikt voor de doorstroom van olie- en\/of benzine toevoer. Wij raden echter niet aan om constant [&hellip;]<\/p>\n","protected":false},"featured_media":48540,"template":"","meta":{"_acf_changed":false},"product_brand":[],"product_cat":[3799],"product_tag":[],"class_list":{"0":"post-48537","1":"product","2":"type-product","3":"status-publish","4":"has-post-thumbnail","6":"product_cat-olie-brandstof-bestendige-slang","7":"product_shipping_class-4016","9":"first","10":"instock","11":"taxable","12":"shipping-taxable","13":"purchasable","14":"product-type-variable"},"acf":[],"yoast_head":"<!-- This site is optimized with the Yoast SEO plugin v27.1.1 - https:\/\/yoast.com\/product\/yoast-seo-wordpress\/ -->\n<title>Siliconen slang 45\u00b0 (benzine en olie bestendig) - Hoogstra Autosport<\/title>\n<meta name=\"robots\" content=\"index, follow, max-snippet:-1, max-image-preview:large, max-video-preview:-1\" \/>\n<link rel=\"canonical\" href=\"https:\/\/www.hoogstra-autosport.nl\/de\/produkt\/siliconen-slang-45-benzine-en-olie-bestendig\/\" \/>\n<meta property=\"og:locale\" content=\"de_DE\" \/>\n<meta property=\"og:type\" content=\"article\" \/>\n<meta property=\"og:title\" content=\"Siliconen slang 45\u00b0 (benzine en olie bestendig) - Hoogstra Autosport\" \/>\n<meta property=\"og:description\" content=\"Silicone bocht slangen van 45\u00b0 voor benzine en olie. De brandstofbestendige bocht slang heeft een inwendige fluor coating. Dit zorgt ervoor dat deze slangen bestendig zijn tegen de benzine en olie wat er doorheen loopt. Deze slangen zijn uitermate geschikt voor de doorstroom van olie- en\/of benzine toevoer. Wij raden echter niet aan om constant [&hellip;]\" \/>\n<meta property=\"og:url\" content=\"https:\/\/www.hoogstra-autosport.nl\/de\/produkt\/siliconen-slang-45-benzine-en-olie-bestendig\/\" \/>\n<meta property=\"og:site_name\" content=\"Hoogstra Autosport\" \/>\n<meta property=\"article:modified_time\" content=\"2024-01-20T12:11:49+00:00\" \/>\n<meta property=\"og:image\" content=\"https:\/\/www.hoogstra-autosport.nl\/teamkoen\/content\/uploads\/2022\/07\/Snapchat-12477587341563-e1657633151480.jpg\" \/>\n\t<meta property=\"og:image:width\" content=\"986\" \/>\n\t<meta property=\"og:image:height\" content=\"907\" \/>\n\t<meta property=\"og:image:type\" content=\"image\/jpeg\" \/>\n<meta name=\"twitter:card\" content=\"summary_large_image\" \/>\n<meta name=\"twitter:label1\" content=\"Gesch\u00e4tzte Lesezeit\" \/>\n\t<meta name=\"twitter:data1\" content=\"1\u00a0Minute\" \/>\n<script type=\"application\/ld+json\" class=\"yoast-schema-graph\">{\"@context\":\"https:\/\/schema.org\",\"@graph\":[{\"@type\":\"WebPage\",\"@id\":\"https:\/\/www.hoogstra-autosport.nl\/product\/siliconen-slang-45-benzine-en-olie-bestendig\/\",\"url\":\"https:\/\/www.hoogstra-autosport.nl\/product\/siliconen-slang-45-benzine-en-olie-bestendig\/\",\"name\":\"Siliconen slang 45\u00b0 (benzine en olie bestendig) - Hoogstra Autosport\",\"isPartOf\":{\"@id\":\"https:\/\/www.hoogstra-autosport.nl\/#website\"},\"primaryImageOfPage\":{\"@id\":\"https:\/\/www.hoogstra-autosport.nl\/product\/siliconen-slang-45-benzine-en-olie-bestendig\/#primaryimage\"},\"image\":{\"@id\":\"https:\/\/www.hoogstra-autosport.nl\/product\/siliconen-slang-45-benzine-en-olie-bestendig\/#primaryimage\"},\"thumbnailUrl\":\"https:\/\/www.hoogstra-autosport.nl\/teamkoen\/wp-content\/uploads\/2022\/07\/Snapchat-12477587341563-e1657633151480.jpg\",\"datePublished\":\"2022-07-12T13:39:29+00:00\",\"dateModified\":\"2024-01-20T12:11:49+00:00\",\"breadcrumb\":{\"@id\":\"https:\/\/www.hoogstra-autosport.nl\/product\/siliconen-slang-45-benzine-en-olie-bestendig\/#breadcrumb\"},\"inLanguage\":\"de\",\"potentialAction\":[{\"@type\":\"ReadAction\",\"target\":[\"https:\/\/www.hoogstra-autosport.nl\/product\/siliconen-slang-45-benzine-en-olie-bestendig\/\"]}]},{\"@type\":\"ImageObject\",\"inLanguage\":\"de\",\"@id\":\"https:\/\/www.hoogstra-autosport.nl\/product\/siliconen-slang-45-benzine-en-olie-bestendig\/#primaryimage\",\"url\":\"https:\/\/www.hoogstra-autosport.nl\/teamkoen\/wp-content\/uploads\/2022\/07\/Snapchat-12477587341563-e1657633151480.jpg\",\"contentUrl\":\"https:\/\/www.hoogstra-autosport.nl\/teamkoen\/wp-content\/uploads\/2022\/07\/Snapchat-12477587341563-e1657633151480.jpg\",\"width\":986,\"height\":907},{\"@type\":\"BreadcrumbList\",\"@id\":\"https:\/\/www.hoogstra-autosport.nl\/product\/siliconen-slang-45-benzine-en-olie-bestendig\/#breadcrumb\",\"itemListElement\":[{\"@type\":\"ListItem\",\"position\":1,\"name\":\"Home\",\"item\":\"https:\/\/www.hoogstra-autosport.nl\/\"},{\"@type\":\"ListItem\",\"position\":2,\"name\":\"Koeling &amp; Luchtfilters\",\"item\":\"https:\/\/www.hoogstra-autosport.nl\/product-categorie\/koeling-2\/\"},{\"@type\":\"ListItem\",\"position\":3,\"name\":\"Koeling\",\"item\":\"https:\/\/www.hoogstra-autosport.nl\/product-categorie\/koeling-2\/koeling\/\"},{\"@type\":\"ListItem\",\"position\":4,\"name\":\"Koel Slangen \/ Silicone Slangen\",\"item\":\"https:\/\/www.hoogstra-autosport.nl\/product-categorie\/koeling-2\/koeling\/koel-slangen\/\"},{\"@type\":\"ListItem\",\"position\":5,\"name\":\"Olie Brandstof Bestendige Slang\",\"item\":\"https:\/\/www.hoogstra-autosport.nl\/product-categorie\/koeling-2\/koeling\/koel-slangen\/olie-brandstof-bestendige-slang\/\"},{\"@type\":\"ListItem\",\"position\":6,\"name\":\"Siliconen slang 45\u00b0 (benzine en olie bestendig)\"}]},{\"@type\":\"WebSite\",\"@id\":\"https:\/\/www.hoogstra-autosport.nl\/#website\",\"url\":\"https:\/\/www.hoogstra-autosport.nl\/\",\"name\":\"Hoogstra Autosport\",\"description\":\"Performance Autosport Parts!\",\"potentialAction\":[{\"@type\":\"SearchAction\",\"target\":{\"@type\":\"EntryPoint\",\"urlTemplate\":\"https:\/\/www.hoogstra-autosport.nl\/?s={search_term_string}\"},\"query-input\":{\"@type\":\"PropertyValueSpecification\",\"valueRequired\":true,\"valueName\":\"search_term_string\"}}],\"inLanguage\":\"de\"}]}<\/script>\n<!-- \/ Yoast SEO plugin. -->","yoast_head_json":{"title":"Siliconen slang 45\u00b0 (benzine en olie bestendig) - Hoogstra Autosport","robots":{"index":"index","follow":"follow","max-snippet":"max-snippet:-1","max-image-preview":"max-image-preview:large","max-video-preview":"max-video-preview:-1"},"canonical":"https:\/\/www.hoogstra-autosport.nl\/de\/produkt\/siliconen-slang-45-benzine-en-olie-bestendig\/","og_locale":"de_DE","og_type":"article","og_title":"Siliconen slang 45\u00b0 (benzine en olie bestendig) - Hoogstra Autosport","og_description":"Silicone bocht slangen van 45\u00b0 voor benzine en olie. De brandstofbestendige bocht slang heeft een inwendige fluor coating. Dit zorgt ervoor dat deze slangen bestendig zijn tegen de benzine en olie wat er doorheen loopt. Deze slangen zijn uitermate geschikt voor de doorstroom van olie- en\/of benzine toevoer. Wij raden echter niet aan om constant [&hellip;]","og_url":"https:\/\/www.hoogstra-autosport.nl\/de\/produkt\/siliconen-slang-45-benzine-en-olie-bestendig\/","og_site_name":"Hoogstra Autosport","article_modified_time":"2024-01-20T12:11:49+00:00","og_image":[{"width":986,"height":907,"url":"https:\/\/www.hoogstra-autosport.nl\/teamkoen\/content\/uploads\/2022\/07\/Snapchat-12477587341563-e1657633151480.jpg","type":"image\/jpeg"}],"twitter_card":"summary_large_image","twitter_misc":{"Gesch\u00e4tzte Lesezeit":"1\u00a0Minute"},"schema":{"@context":"https:\/\/schema.org","@graph":[{"@type":"WebPage","@id":"https:\/\/www.hoogstra-autosport.nl\/product\/siliconen-slang-45-benzine-en-olie-bestendig\/","url":"https:\/\/www.hoogstra-autosport.nl\/product\/siliconen-slang-45-benzine-en-olie-bestendig\/","name":"Siliconen slang 45\u00b0 (benzine en olie bestendig) - Hoogstra Autosport","isPartOf":{"@id":"https:\/\/www.hoogstra-autosport.nl\/#website"},"primaryImageOfPage":{"@id":"https:\/\/www.hoogstra-autosport.nl\/product\/siliconen-slang-45-benzine-en-olie-bestendig\/#primaryimage"},"image":{"@id":"https:\/\/www.hoogstra-autosport.nl\/product\/siliconen-slang-45-benzine-en-olie-bestendig\/#primaryimage"},"thumbnailUrl":"https:\/\/www.hoogstra-autosport.nl\/teamkoen\/wp-content\/uploads\/2022\/07\/Snapchat-12477587341563-e1657633151480.jpg","datePublished":"2022-07-12T13:39:29+00:00","dateModified":"2024-01-20T12:11:49+00:00","breadcrumb":{"@id":"https:\/\/www.hoogstra-autosport.nl\/product\/siliconen-slang-45-benzine-en-olie-bestendig\/#breadcrumb"},"inLanguage":"de","potentialAction":[{"@type":"ReadAction","target":["https:\/\/www.hoogstra-autosport.nl\/product\/siliconen-slang-45-benzine-en-olie-bestendig\/"]}]},{"@type":"ImageObject","inLanguage":"de","@id":"https:\/\/www.hoogstra-autosport.nl\/product\/siliconen-slang-45-benzine-en-olie-bestendig\/#primaryimage","url":"https:\/\/www.hoogstra-autosport.nl\/teamkoen\/wp-content\/uploads\/2022\/07\/Snapchat-12477587341563-e1657633151480.jpg","contentUrl":"https:\/\/www.hoogstra-autosport.nl\/teamkoen\/wp-content\/uploads\/2022\/07\/Snapchat-12477587341563-e1657633151480.jpg","width":986,"height":907},{"@type":"BreadcrumbList","@id":"https:\/\/www.hoogstra-autosport.nl\/product\/siliconen-slang-45-benzine-en-olie-bestendig\/#breadcrumb","itemListElement":[{"@type":"ListItem","position":1,"name":"Home","item":"https:\/\/www.hoogstra-autosport.nl\/"},{"@type":"ListItem","position":2,"name":"Koeling &amp; Luchtfilters","item":"https:\/\/www.hoogstra-autosport.nl\/product-categorie\/koeling-2\/"},{"@type":"ListItem","position":3,"name":"Koeling","item":"https:\/\/www.hoogstra-autosport.nl\/product-categorie\/koeling-2\/koeling\/"},{"@type":"ListItem","position":4,"name":"Koel Slangen \/ Silicone Slangen","item":"https:\/\/www.hoogstra-autosport.nl\/product-categorie\/koeling-2\/koeling\/koel-slangen\/"},{"@type":"ListItem","position":5,"name":"Olie Brandstof Bestendige Slang","item":"https:\/\/www.hoogstra-autosport.nl\/product-categorie\/koeling-2\/koeling\/koel-slangen\/olie-brandstof-bestendige-slang\/"},{"@type":"ListItem","position":6,"name":"Siliconen slang 45\u00b0 (benzine en olie bestendig)"}]},{"@type":"WebSite","@id":"https:\/\/www.hoogstra-autosport.nl\/#website","url":"https:\/\/www.hoogstra-autosport.nl\/","name":"Hoogstra Autosport","description":"Performance Autosport Parts!","potentialAction":[{"@type":"SearchAction","target":{"@type":"EntryPoint","urlTemplate":"https:\/\/www.hoogstra-autosport.nl\/?s={search_term_string}"},"query-input":{"@type":"PropertyValueSpecification","valueRequired":true,"valueName":"search_term_string"}}],"inLanguage":"de"}]}},"tiered_pricing_type":"fixed","tiered_pricing_fixed_rules":[],"tiered_pricing_product_settings":{"layout":"default","base_unit_name":{"singular":null,"plural":null},"default_variation":null},"tiered_pricing_minimum_quantity":null,"tiered_pricing_roles_data":[],"tiered_pricing_percentage_rules":[],"tiered_pricing_maximum_quantity":null,"tiered_pricing_quantity_step":null,"_links":{"self":[{"href":"https:\/\/www.hoogstra-autosport.nl\/de\/wp-json\/wp\/v2\/product\/48537","targetHints":{"allow":["GET"]}}],"collection":[{"href":"https:\/\/www.hoogstra-autosport.nl\/de\/wp-json\/wp\/v2\/product"}],"about":[{"href":"https:\/\/www.hoogstra-autosport.nl\/de\/wp-json\/wp\/v2\/types\/product"}],"wp:featuredmedia":[{"embeddable":true,"href":"https:\/\/www.hoogstra-autosport.nl\/de\/wp-json\/wp\/v2\/media\/48540"}],"wp:attachment":[{"href":"https:\/\/www.hoogstra-autosport.nl\/de\/wp-json\/wp\/v2\/media?parent=48537"}],"wp:term":[{"taxonomy":"product_brand","embeddable":true,"href":"https:\/\/www.hoogstra-autosport.nl\/de\/wp-json\/wp\/v2\/product_brand?post=48537"},{"taxonomy":"product_cat","embeddable":true,"href":"https:\/\/www.hoogstra-autosport.nl\/de\/wp-json\/wp\/v2\/product_cat?post=48537"},{"taxonomy":"product_tag","embeddable":true,"href":"https:\/\/www.hoogstra-autosport.nl\/de\/wp-json\/wp\/v2\/product_tag?post=48537"}],"curies":[{"name":"wp","href":"https:\/\/api.w.org\/{rel}","templated":true}]}}