{"id":47435,"date":"2022-05-23T15:58:53","date_gmt":"2022-05-23T13:58:53","guid":{"rendered":"https:\/\/www.hoogstra-autosport.nl\/?post_type=product&#038;p=47435"},"modified":"2025-12-12T10:43:51","modified_gmt":"2025-12-12T09:43:51","slug":"obp-racing-pedal-box-racing-series-black","status":"publish","type":"product","link":"https:\/\/www.hoogstra-autosport.nl\/de\/produkt\/obp-racing-pedal-box-racing-series-black\/","title":{"rendered":"OBP Racing Pedal Box Racing Serie (schwarz)"},"content":{"rendered":"<p>Aufgrund der R\u00fcckmeldungen der Kunden hat OBP diese neu entwickelten Padel-Boxen der Racing Series entwickelt.<br \/>\nDie Racing Series sind 15% leichter, 60% weniger biegsam, deutlich st\u00e4rker und die Reibung im Bremspedal ist stark reduziert.<\/p>\n<p>Wird mit Balancierstange geliefert.<\/p>\n<p><strong>Racing Series - Unser Flaggschiff-Sortiment an Motorsportkomponenten.<\/strong><\/p>\n<p>&nbsp;<\/p>\n<p>Dieses Pedalsystem ist das erste dieser Serie und richtet sich an Motorsport-Enthusiasten, die ein optimales Pedalsystem in Bezug auf maximale Bremsleistung und Gewichtsreduzierung suchen.<\/p>\n<p>&nbsp;<\/p>\n<p>Durch die Optimierung der Topologie und die Finite-Elemente-Analyse haben wir ein m\u00f6glichst effizientes Design entwickelt und ein Produkt geschaffen, das ohne zus\u00e4tzliche Masse deutlich steifer ist.<\/p>\n<p>&nbsp;<\/p>\n<p>Wir haben dieses Pedalsystem auf der Grundlage des Kundenfeedbacks des beliebten PRO-RACE V2 entwickelt. Nachfolgend finden Sie eine Zusammenfassung, um Ihnen einen Einblick in diese Verbesserungen zu geben:<\/p>\n<p>&nbsp;<\/p>\n<ul>\n<li>15% Feuerzeug<\/li>\n<li>60% Steifer<\/li>\n<li>Erheblich gesteigerte maximale Belastbarkeit<\/li>\n<li>Geringere Reibungsverluste im Bremspedal<\/li>\n<li>Erheblich erh\u00f6hte Haltbarkeit und Widerstandsf\u00e4higkeit gegen seitliche Belastung des Gaspedals<\/li>\n<li>Erh\u00e4ltlich in Silber und Schwarz (Dark Matter Textured Finish)<\/li>\n<\/ul>\n<p>&nbsp;<\/p>\n<p>Au\u00dferdem verf\u00fcgt es \u00fcber alle Funktionen und Einstellm\u00f6glichkeiten der V2 PRO-RACE-Systeme:<\/p>\n<p>&nbsp;<\/p>\n<ul>\n<li>Universelle Passform<\/li>\n<li>Pedale aus Flugzeugaluminium T6061 f\u00fcr maximale Gewichtseinsparung<\/li>\n<li>Mehrere Pedal-Pad-Einstellungen<\/li>\n<li>Funktioniert mit Hauptbremszylindern mit vertikalem oder versetztem Flansch<\/li>\n<li>Einstellbare Pedal\u00fcbersetzungen<\/li>\n<li>Einstellbare Gaspedalr\u00fcckstellung<\/li>\n<li>Gaspedal funktioniert mit linearem Potentiometer oder Kabelantrieb (separat erh\u00e4ltlich)<\/li>\n<li>2 Jahre Garantie<\/li>\n<li>UK Hergestellt von unseren erfahrenen Ingenieuren<\/li>\n<\/ul>\n<p>&nbsp;<\/p>\n<ul>\n<li>Passform: Schottmontage<\/li>\n<li>Pedal\u00fcbersetzung: 4,9:1 \/ 5,24:1<\/li>\n<li>Gewicht: 2,7 kg<\/li>\n<li>Inklusive Bias Bar<\/li>\n<\/ul>","protected":false},"excerpt":{"rendered":"<p>Uit geleverde feedback van klanten heeft OBP deze doorontwikkelde Racing Series padelboxen geproduceerd. De Racing Series zijn 15% lichter, zijn 60% minder buigzaam, significant sterker en is de frictie in het rempedaal sterk verminderd. Wordt geleverd met balansbar. Racing Series\u00a0&#8211; Our flagship\u00a0range of motorsport components. &nbsp; With the highest level of engineering comes the brand [&hellip;]<\/p>\n","protected":false},"featured_media":95197,"template":"","meta":{"_acf_changed":false},"product_brand":[],"product_cat":[2761],"product_tag":[],"class_list":{"0":"post-47435","1":"product","2":"type-product","3":"status-publish","4":"has-post-thumbnail","6":"product_cat-pedaal-boxen","7":"product_shipping_class-4016","9":"first","10":"instock","11":"taxable","12":"shipping-taxable","13":"purchasable","14":"product-type-simple"},"acf":[],"yoast_head":"<!-- This site is optimized with the Yoast SEO plugin v27.1.1 - https:\/\/yoast.com\/product\/yoast-seo-wordpress\/ -->\n<title>OBP Racing Pedal Box Racing Series (black) - Hoogstra Autosport<\/title>\n<meta name=\"robots\" content=\"index, follow, max-snippet:-1, max-image-preview:large, max-video-preview:-1\" \/>\n<link rel=\"canonical\" href=\"https:\/\/www.hoogstra-autosport.nl\/de\/produkt\/obp-racing-pedal-box-racing-series-black\/\" \/>\n<meta property=\"og:locale\" content=\"de_DE\" \/>\n<meta property=\"og:type\" content=\"article\" \/>\n<meta property=\"og:title\" content=\"OBP Racing Pedal Box Racing Series (black) - Hoogstra Autosport\" \/>\n<meta property=\"og:description\" content=\"Uit geleverde feedback van klanten heeft OBP deze doorontwikkelde Racing Series padelboxen geproduceerd. De Racing Series zijn 15% lichter, zijn 60% minder buigzaam, significant sterker en is de frictie in het rempedaal sterk verminderd. Wordt geleverd met balansbar. Racing Series\u00a0&#8211; Our flagship\u00a0range of motorsport components. &nbsp; With the highest level of engineering comes the brand [&hellip;]\" \/>\n<meta property=\"og:url\" content=\"https:\/\/www.hoogstra-autosport.nl\/de\/produkt\/obp-racing-pedal-box-racing-series-black\/\" \/>\n<meta property=\"og:site_name\" content=\"Hoogstra Autosport\" \/>\n<meta property=\"article:modified_time\" content=\"2025-12-12T09:43:51+00:00\" \/>\n<meta property=\"og:image\" content=\"https:\/\/www.hoogstra-autosport.nl\/teamkoen\/wp-content\/uploads\/2022\/05\/Untitled-Project-75.jpg\" \/>\n\t<meta property=\"og:image:width\" content=\"1080\" \/>\n\t<meta property=\"og:image:height\" content=\"1080\" \/>\n\t<meta property=\"og:image:type\" content=\"image\/jpeg\" \/>\n<meta name=\"twitter:card\" content=\"summary_large_image\" \/>\n<meta name=\"twitter:label1\" content=\"Gesch\u00e4tzte Lesezeit\" \/>\n\t<meta name=\"twitter:data1\" content=\"2\u00a0Minuten\" \/>\n<script type=\"application\/ld+json\" class=\"yoast-schema-graph\">{\"@context\":\"https:\/\/schema.org\",\"@graph\":[{\"@type\":\"WebPage\",\"@id\":\"https:\/\/www.hoogstra-autosport.nl\/product\/obp-racing-pedal-box-racing-series-black\/\",\"url\":\"https:\/\/www.hoogstra-autosport.nl\/product\/obp-racing-pedal-box-racing-series-black\/\",\"name\":\"OBP Racing Pedal Box Racing Series (black) - Hoogstra Autosport\",\"isPartOf\":{\"@id\":\"https:\/\/www.hoogstra-autosport.nl\/#website\"},\"primaryImageOfPage\":{\"@id\":\"https:\/\/www.hoogstra-autosport.nl\/product\/obp-racing-pedal-box-racing-series-black\/#primaryimage\"},\"image\":{\"@id\":\"https:\/\/www.hoogstra-autosport.nl\/product\/obp-racing-pedal-box-racing-series-black\/#primaryimage\"},\"thumbnailUrl\":\"https:\/\/www.hoogstra-autosport.nl\/teamkoen\/wp-content\/uploads\/2022\/05\/Untitled-Project-75.jpg\",\"datePublished\":\"2022-05-23T13:58:53+00:00\",\"dateModified\":\"2025-12-12T09:43:51+00:00\",\"breadcrumb\":{\"@id\":\"https:\/\/www.hoogstra-autosport.nl\/product\/obp-racing-pedal-box-racing-series-black\/#breadcrumb\"},\"inLanguage\":\"de\",\"potentialAction\":[{\"@type\":\"ReadAction\",\"target\":[\"https:\/\/www.hoogstra-autosport.nl\/product\/obp-racing-pedal-box-racing-series-black\/\"]}]},{\"@type\":\"ImageObject\",\"inLanguage\":\"de\",\"@id\":\"https:\/\/www.hoogstra-autosport.nl\/product\/obp-racing-pedal-box-racing-series-black\/#primaryimage\",\"url\":\"https:\/\/www.hoogstra-autosport.nl\/teamkoen\/wp-content\/uploads\/2022\/05\/Untitled-Project-75.jpg\",\"contentUrl\":\"https:\/\/www.hoogstra-autosport.nl\/teamkoen\/wp-content\/uploads\/2022\/05\/Untitled-Project-75.jpg\",\"width\":1080,\"height\":1080},{\"@type\":\"BreadcrumbList\",\"@id\":\"https:\/\/www.hoogstra-autosport.nl\/product\/obp-racing-pedal-box-racing-series-black\/#breadcrumb\",\"itemListElement\":[{\"@type\":\"ListItem\",\"position\":1,\"name\":\"Home\",\"item\":\"https:\/\/www.hoogstra-autosport.nl\/\"},{\"@type\":\"ListItem\",\"position\":2,\"name\":\"Remmen\",\"item\":\"https:\/\/www.hoogstra-autosport.nl\/product-categorie\/remmen-2\/\"},{\"@type\":\"ListItem\",\"position\":3,\"name\":\"Pedaal Boxen\",\"item\":\"https:\/\/www.hoogstra-autosport.nl\/product-categorie\/remmen-2\/pedaal-boxen\/\"},{\"@type\":\"ListItem\",\"position\":4,\"name\":\"OBP Racing Pedal Box Racing Series (black)\"}]},{\"@type\":\"WebSite\",\"@id\":\"https:\/\/www.hoogstra-autosport.nl\/#website\",\"url\":\"https:\/\/www.hoogstra-autosport.nl\/\",\"name\":\"Hoogstra Autosport\",\"description\":\"Performance Autosport Parts!\",\"potentialAction\":[{\"@type\":\"SearchAction\",\"target\":{\"@type\":\"EntryPoint\",\"urlTemplate\":\"https:\/\/www.hoogstra-autosport.nl\/?s={search_term_string}\"},\"query-input\":{\"@type\":\"PropertyValueSpecification\",\"valueRequired\":true,\"valueName\":\"search_term_string\"}}],\"inLanguage\":\"de\"}]}<\/script>\n<!-- \/ Yoast SEO plugin. -->","yoast_head_json":{"title":"OBP Racing Pedal Box Racing Series (black) - Hoogstra Autosport","robots":{"index":"index","follow":"follow","max-snippet":"max-snippet:-1","max-image-preview":"max-image-preview:large","max-video-preview":"max-video-preview:-1"},"canonical":"https:\/\/www.hoogstra-autosport.nl\/de\/produkt\/obp-racing-pedal-box-racing-series-black\/","og_locale":"de_DE","og_type":"article","og_title":"OBP Racing Pedal Box Racing Series (black) - Hoogstra Autosport","og_description":"Uit geleverde feedback van klanten heeft OBP deze doorontwikkelde Racing Series padelboxen geproduceerd. De Racing Series zijn 15% lichter, zijn 60% minder buigzaam, significant sterker en is de frictie in het rempedaal sterk verminderd. Wordt geleverd met balansbar. Racing Series\u00a0&#8211; Our flagship\u00a0range of motorsport components. &nbsp; With the highest level of engineering comes the brand [&hellip;]","og_url":"https:\/\/www.hoogstra-autosport.nl\/de\/produkt\/obp-racing-pedal-box-racing-series-black\/","og_site_name":"Hoogstra Autosport","article_modified_time":"2025-12-12T09:43:51+00:00","og_image":[{"width":1080,"height":1080,"url":"https:\/\/www.hoogstra-autosport.nl\/teamkoen\/wp-content\/uploads\/2022\/05\/Untitled-Project-75.jpg","type":"image\/jpeg"}],"twitter_card":"summary_large_image","twitter_misc":{"Gesch\u00e4tzte Lesezeit":"2\u00a0Minuten"},"schema":{"@context":"https:\/\/schema.org","@graph":[{"@type":"WebPage","@id":"https:\/\/www.hoogstra-autosport.nl\/product\/obp-racing-pedal-box-racing-series-black\/","url":"https:\/\/www.hoogstra-autosport.nl\/product\/obp-racing-pedal-box-racing-series-black\/","name":"OBP Racing Pedal Box Racing Series (black) - Hoogstra Autosport","isPartOf":{"@id":"https:\/\/www.hoogstra-autosport.nl\/#website"},"primaryImageOfPage":{"@id":"https:\/\/www.hoogstra-autosport.nl\/product\/obp-racing-pedal-box-racing-series-black\/#primaryimage"},"image":{"@id":"https:\/\/www.hoogstra-autosport.nl\/product\/obp-racing-pedal-box-racing-series-black\/#primaryimage"},"thumbnailUrl":"https:\/\/www.hoogstra-autosport.nl\/teamkoen\/wp-content\/uploads\/2022\/05\/Untitled-Project-75.jpg","datePublished":"2022-05-23T13:58:53+00:00","dateModified":"2025-12-12T09:43:51+00:00","breadcrumb":{"@id":"https:\/\/www.hoogstra-autosport.nl\/product\/obp-racing-pedal-box-racing-series-black\/#breadcrumb"},"inLanguage":"de","potentialAction":[{"@type":"ReadAction","target":["https:\/\/www.hoogstra-autosport.nl\/product\/obp-racing-pedal-box-racing-series-black\/"]}]},{"@type":"ImageObject","inLanguage":"de","@id":"https:\/\/www.hoogstra-autosport.nl\/product\/obp-racing-pedal-box-racing-series-black\/#primaryimage","url":"https:\/\/www.hoogstra-autosport.nl\/teamkoen\/wp-content\/uploads\/2022\/05\/Untitled-Project-75.jpg","contentUrl":"https:\/\/www.hoogstra-autosport.nl\/teamkoen\/wp-content\/uploads\/2022\/05\/Untitled-Project-75.jpg","width":1080,"height":1080},{"@type":"BreadcrumbList","@id":"https:\/\/www.hoogstra-autosport.nl\/product\/obp-racing-pedal-box-racing-series-black\/#breadcrumb","itemListElement":[{"@type":"ListItem","position":1,"name":"Home","item":"https:\/\/www.hoogstra-autosport.nl\/"},{"@type":"ListItem","position":2,"name":"Remmen","item":"https:\/\/www.hoogstra-autosport.nl\/product-categorie\/remmen-2\/"},{"@type":"ListItem","position":3,"name":"Pedaal Boxen","item":"https:\/\/www.hoogstra-autosport.nl\/product-categorie\/remmen-2\/pedaal-boxen\/"},{"@type":"ListItem","position":4,"name":"OBP Racing Pedal Box Racing Series (black)"}]},{"@type":"WebSite","@id":"https:\/\/www.hoogstra-autosport.nl\/#website","url":"https:\/\/www.hoogstra-autosport.nl\/","name":"Hoogstra Autosport","description":"Performance Autosport Parts!","potentialAction":[{"@type":"SearchAction","target":{"@type":"EntryPoint","urlTemplate":"https:\/\/www.hoogstra-autosport.nl\/?s={search_term_string}"},"query-input":{"@type":"PropertyValueSpecification","valueRequired":true,"valueName":"search_term_string"}}],"inLanguage":"de"}]}},"tiered_pricing_type":"fixed","tiered_pricing_fixed_rules":[],"tiered_pricing_product_settings":{"layout":"default","base_unit_name":{"singular":null,"plural":null},"default_variation":null},"tiered_pricing_minimum_quantity":null,"tiered_pricing_roles_data":[],"tiered_pricing_percentage_rules":[],"tiered_pricing_maximum_quantity":null,"tiered_pricing_quantity_step":null,"_links":{"self":[{"href":"https:\/\/www.hoogstra-autosport.nl\/de\/wp-json\/wp\/v2\/product\/47435","targetHints":{"allow":["GET"]}}],"collection":[{"href":"https:\/\/www.hoogstra-autosport.nl\/de\/wp-json\/wp\/v2\/product"}],"about":[{"href":"https:\/\/www.hoogstra-autosport.nl\/de\/wp-json\/wp\/v2\/types\/product"}],"wp:featuredmedia":[{"embeddable":true,"href":"https:\/\/www.hoogstra-autosport.nl\/de\/wp-json\/wp\/v2\/media\/95197"}],"wp:attachment":[{"href":"https:\/\/www.hoogstra-autosport.nl\/de\/wp-json\/wp\/v2\/media?parent=47435"}],"wp:term":[{"taxonomy":"product_brand","embeddable":true,"href":"https:\/\/www.hoogstra-autosport.nl\/de\/wp-json\/wp\/v2\/product_brand?post=47435"},{"taxonomy":"product_cat","embeddable":true,"href":"https:\/\/www.hoogstra-autosport.nl\/de\/wp-json\/wp\/v2\/product_cat?post=47435"},{"taxonomy":"product_tag","embeddable":true,"href":"https:\/\/www.hoogstra-autosport.nl\/de\/wp-json\/wp\/v2\/product_tag?post=47435"}],"curies":[{"name":"wp","href":"https:\/\/api.w.org\/{rel}","templated":true}]}}