{"id":45235,"date":"2022-03-02T13:35:26","date_gmt":"2022-03-02T12:35:26","guid":{"rendered":"https:\/\/www.hoogstra-autosport.nl\/?post_type=product&#038;p=45235"},"modified":"2024-01-20T13:12:27","modified_gmt":"2024-01-20T12:12:27","slug":"veiligheids-armband-sfi-3-3","status":"publish","type":"product","link":"https:\/\/www.hoogstra-autosport.nl\/de\/produkt\/veiligheids-armband-sfi-3-3\/","title":{"rendered":"Sicherheitsarmband SFI 3.3"},"content":{"rendered":"<p>Die Armst\u00fctze ist ein Produkt, das wir empfehlen, wenn Sie Wettk\u00e4mpfe auf Rennstrecken fahren. Die Armst\u00fctze von QSP Products sorgt daf\u00fcr, dass Ihr Arm bei einem Sturz mit all seinen Folgen nicht au\u00dferhalb des Fahrzeugs gelangen kann. Diese Armst\u00fctze ist mit ihrem Hakenmechanismus und den einfachen Einstellm\u00f6glichkeiten leicht zu bedienen. Au\u00dferdem ist dieses Modell mit einer weichen Polsterung im Armbereich ausgestattet. Die Armst\u00fctze hat die SFI 3.3-Zulassung.Wie funktioniert eine Armst\u00fctze?Diese Armst\u00fctze besteht aus zwei Teilen. Der eine Teil wird durch einen praktischen Verschlussmechanismus um den Arm gelegt. Der andere Teil wird am G\u00fcrtel des Rennfahrers befestigt. Dazu legen Sie den Ring, der an der d\u00fcnnen Schnur befestigt ist, um den G\u00fcrtelclip und f\u00fchren dann den G\u00fcrtel in das Zifferblatt ein. Mit dem praktischen Clip\/Haken befestigen Sie die beiden Teile aneinander. Auf diese Weise hat Ihr Arm nur eine begrenzte Bewegungsfreiheit und kann bei einem Unfall niemals das Auto verlassen. Stellen Sie sicher, dass Sie gen\u00fcgend Bewegungsfreiheit haben, um das Auto zu fahren. Die L\u00e4nge des Gurtes kann leicht angepasst werden, um dieses Problem zu l\u00f6sen.<\/p>","protected":false},"excerpt":{"rendered":"<p>De arm restraint is een product wat wij aanraden als u competitie evenementen op circuits rijdt. De QSP Products arm restraint zorgt ervoor dat uw arm niet buiten het voertuig kan komen bij een crash met alle gevolgen van dien.\u00a0Deze arm restraint is eenvoudig in gebruik door middel van de haakmechanisme en de eenvoudige verstellingen. [&hellip;]<\/p>\n","protected":false},"featured_media":45237,"template":"","meta":{"_acf_changed":false},"product_brand":[],"product_cat":[2669],"product_tag":[],"class_list":{"0":"post-45235","1":"product","2":"type-product","3":"status-publish","4":"has-post-thumbnail","6":"product_cat-gordel-onderdelen","7":"product_shipping_class-4016","9":"first","10":"instock","11":"taxable","12":"shipping-taxable","13":"purchasable","14":"product-type-variable"},"acf":[],"yoast_head":"<!-- This site is optimized with the Yoast SEO plugin v27.1.1 - https:\/\/yoast.com\/product\/yoast-seo-wordpress\/ -->\n<title>Veiligheids armband SFI 3.3 - Hoogstra Autosport<\/title>\n<meta name=\"robots\" content=\"index, follow, max-snippet:-1, max-image-preview:large, max-video-preview:-1\" \/>\n<link rel=\"canonical\" href=\"https:\/\/www.hoogstra-autosport.nl\/de\/produkt\/veiligheids-armband-sfi-3-3\/\" \/>\n<meta property=\"og:locale\" content=\"de_DE\" \/>\n<meta property=\"og:type\" content=\"article\" \/>\n<meta property=\"og:title\" content=\"Veiligheids armband SFI 3.3 - Hoogstra Autosport\" \/>\n<meta property=\"og:description\" content=\"De arm restraint is een product wat wij aanraden als u competitie evenementen op circuits rijdt. De QSP Products arm restraint zorgt ervoor dat uw arm niet buiten het voertuig kan komen bij een crash met alle gevolgen van dien.\u00a0Deze arm restraint is eenvoudig in gebruik door middel van de haakmechanisme en de eenvoudige verstellingen. [&hellip;]\" \/>\n<meta property=\"og:url\" content=\"https:\/\/www.hoogstra-autosport.nl\/de\/produkt\/veiligheids-armband-sfi-3-3\/\" \/>\n<meta property=\"og:site_name\" content=\"Hoogstra Autosport\" \/>\n<meta property=\"article:modified_time\" content=\"2024-01-20T12:12:27+00:00\" \/>\n<meta property=\"og:image\" content=\"https:\/\/www.hoogstra-autosport.nl\/teamkoen\/content\/uploads\/2022\/03\/Snapchat-520824286465.jpg\" \/>\n\t<meta property=\"og:image:width\" content=\"600\" \/>\n\t<meta property=\"og:image:height\" content=\"617\" \/>\n\t<meta property=\"og:image:type\" content=\"image\/jpeg\" \/>\n<meta name=\"twitter:card\" content=\"summary_large_image\" \/>\n<meta name=\"twitter:label1\" content=\"Gesch\u00e4tzte Lesezeit\" \/>\n\t<meta name=\"twitter:data1\" content=\"1\u00a0Minute\" \/>\n<script type=\"application\/ld+json\" class=\"yoast-schema-graph\">{\"@context\":\"https:\/\/schema.org\",\"@graph\":[{\"@type\":\"WebPage\",\"@id\":\"https:\/\/www.hoogstra-autosport.nl\/product\/veiligheids-armband-sfi-3-3\/\",\"url\":\"https:\/\/www.hoogstra-autosport.nl\/product\/veiligheids-armband-sfi-3-3\/\",\"name\":\"Veiligheids armband SFI 3.3 - Hoogstra Autosport\",\"isPartOf\":{\"@id\":\"https:\/\/www.hoogstra-autosport.nl\/#website\"},\"primaryImageOfPage\":{\"@id\":\"https:\/\/www.hoogstra-autosport.nl\/product\/veiligheids-armband-sfi-3-3\/#primaryimage\"},\"image\":{\"@id\":\"https:\/\/www.hoogstra-autosport.nl\/product\/veiligheids-armband-sfi-3-3\/#primaryimage\"},\"thumbnailUrl\":\"https:\/\/www.hoogstra-autosport.nl\/teamkoen\/wp-content\/uploads\/2022\/03\/Snapchat-520824286465.jpg\",\"datePublished\":\"2022-03-02T12:35:26+00:00\",\"dateModified\":\"2024-01-20T12:12:27+00:00\",\"breadcrumb\":{\"@id\":\"https:\/\/www.hoogstra-autosport.nl\/product\/veiligheids-armband-sfi-3-3\/#breadcrumb\"},\"inLanguage\":\"de\",\"potentialAction\":[{\"@type\":\"ReadAction\",\"target\":[\"https:\/\/www.hoogstra-autosport.nl\/product\/veiligheids-armband-sfi-3-3\/\"]}]},{\"@type\":\"ImageObject\",\"inLanguage\":\"de\",\"@id\":\"https:\/\/www.hoogstra-autosport.nl\/product\/veiligheids-armband-sfi-3-3\/#primaryimage\",\"url\":\"https:\/\/www.hoogstra-autosport.nl\/teamkoen\/wp-content\/uploads\/2022\/03\/Snapchat-520824286465.jpg\",\"contentUrl\":\"https:\/\/www.hoogstra-autosport.nl\/teamkoen\/wp-content\/uploads\/2022\/03\/Snapchat-520824286465.jpg\",\"width\":600,\"height\":617},{\"@type\":\"BreadcrumbList\",\"@id\":\"https:\/\/www.hoogstra-autosport.nl\/product\/veiligheids-armband-sfi-3-3\/#breadcrumb\",\"itemListElement\":[{\"@type\":\"ListItem\",\"position\":1,\"name\":\"Home\",\"item\":\"https:\/\/www.hoogstra-autosport.nl\/\"},{\"@type\":\"ListItem\",\"position\":2,\"name\":\"Interieur\",\"item\":\"https:\/\/www.hoogstra-autosport.nl\/product-categorie\/remmen-brandstof-tanken\/\"},{\"@type\":\"ListItem\",\"position\":3,\"name\":\"Gordels\",\"item\":\"https:\/\/www.hoogstra-autosport.nl\/product-categorie\/remmen-brandstof-tanken\/gordel-autosport\/\"},{\"@type\":\"ListItem\",\"position\":4,\"name\":\"Gordel Onderdelen\",\"item\":\"https:\/\/www.hoogstra-autosport.nl\/product-categorie\/remmen-brandstof-tanken\/gordel-autosport\/gordel-onderdelen\/\"},{\"@type\":\"ListItem\",\"position\":5,\"name\":\"Veiligheids armband SFI 3.3\"}]},{\"@type\":\"WebSite\",\"@id\":\"https:\/\/www.hoogstra-autosport.nl\/#website\",\"url\":\"https:\/\/www.hoogstra-autosport.nl\/\",\"name\":\"Hoogstra Autosport\",\"description\":\"Performance Autosport Parts!\",\"potentialAction\":[{\"@type\":\"SearchAction\",\"target\":{\"@type\":\"EntryPoint\",\"urlTemplate\":\"https:\/\/www.hoogstra-autosport.nl\/?s={search_term_string}\"},\"query-input\":{\"@type\":\"PropertyValueSpecification\",\"valueRequired\":true,\"valueName\":\"search_term_string\"}}],\"inLanguage\":\"de\"}]}<\/script>\n<!-- \/ Yoast SEO plugin. -->","yoast_head_json":{"title":"Veiligheids armband SFI 3.3 - Hoogstra Autosport","robots":{"index":"index","follow":"follow","max-snippet":"max-snippet:-1","max-image-preview":"max-image-preview:large","max-video-preview":"max-video-preview:-1"},"canonical":"https:\/\/www.hoogstra-autosport.nl\/de\/produkt\/veiligheids-armband-sfi-3-3\/","og_locale":"de_DE","og_type":"article","og_title":"Veiligheids armband SFI 3.3 - Hoogstra Autosport","og_description":"De arm restraint is een product wat wij aanraden als u competitie evenementen op circuits rijdt. De QSP Products arm restraint zorgt ervoor dat uw arm niet buiten het voertuig kan komen bij een crash met alle gevolgen van dien.\u00a0Deze arm restraint is eenvoudig in gebruik door middel van de haakmechanisme en de eenvoudige verstellingen. [&hellip;]","og_url":"https:\/\/www.hoogstra-autosport.nl\/de\/produkt\/veiligheids-armband-sfi-3-3\/","og_site_name":"Hoogstra Autosport","article_modified_time":"2024-01-20T12:12:27+00:00","og_image":[{"width":600,"height":617,"url":"https:\/\/www.hoogstra-autosport.nl\/teamkoen\/content\/uploads\/2022\/03\/Snapchat-520824286465.jpg","type":"image\/jpeg"}],"twitter_card":"summary_large_image","twitter_misc":{"Gesch\u00e4tzte Lesezeit":"1\u00a0Minute"},"schema":{"@context":"https:\/\/schema.org","@graph":[{"@type":"WebPage","@id":"https:\/\/www.hoogstra-autosport.nl\/product\/veiligheids-armband-sfi-3-3\/","url":"https:\/\/www.hoogstra-autosport.nl\/product\/veiligheids-armband-sfi-3-3\/","name":"Veiligheids armband SFI 3.3 - Hoogstra Autosport","isPartOf":{"@id":"https:\/\/www.hoogstra-autosport.nl\/#website"},"primaryImageOfPage":{"@id":"https:\/\/www.hoogstra-autosport.nl\/product\/veiligheids-armband-sfi-3-3\/#primaryimage"},"image":{"@id":"https:\/\/www.hoogstra-autosport.nl\/product\/veiligheids-armband-sfi-3-3\/#primaryimage"},"thumbnailUrl":"https:\/\/www.hoogstra-autosport.nl\/teamkoen\/wp-content\/uploads\/2022\/03\/Snapchat-520824286465.jpg","datePublished":"2022-03-02T12:35:26+00:00","dateModified":"2024-01-20T12:12:27+00:00","breadcrumb":{"@id":"https:\/\/www.hoogstra-autosport.nl\/product\/veiligheids-armband-sfi-3-3\/#breadcrumb"},"inLanguage":"de","potentialAction":[{"@type":"ReadAction","target":["https:\/\/www.hoogstra-autosport.nl\/product\/veiligheids-armband-sfi-3-3\/"]}]},{"@type":"ImageObject","inLanguage":"de","@id":"https:\/\/www.hoogstra-autosport.nl\/product\/veiligheids-armband-sfi-3-3\/#primaryimage","url":"https:\/\/www.hoogstra-autosport.nl\/teamkoen\/wp-content\/uploads\/2022\/03\/Snapchat-520824286465.jpg","contentUrl":"https:\/\/www.hoogstra-autosport.nl\/teamkoen\/wp-content\/uploads\/2022\/03\/Snapchat-520824286465.jpg","width":600,"height":617},{"@type":"BreadcrumbList","@id":"https:\/\/www.hoogstra-autosport.nl\/product\/veiligheids-armband-sfi-3-3\/#breadcrumb","itemListElement":[{"@type":"ListItem","position":1,"name":"Home","item":"https:\/\/www.hoogstra-autosport.nl\/"},{"@type":"ListItem","position":2,"name":"Interieur","item":"https:\/\/www.hoogstra-autosport.nl\/product-categorie\/remmen-brandstof-tanken\/"},{"@type":"ListItem","position":3,"name":"Gordels","item":"https:\/\/www.hoogstra-autosport.nl\/product-categorie\/remmen-brandstof-tanken\/gordel-autosport\/"},{"@type":"ListItem","position":4,"name":"Gordel Onderdelen","item":"https:\/\/www.hoogstra-autosport.nl\/product-categorie\/remmen-brandstof-tanken\/gordel-autosport\/gordel-onderdelen\/"},{"@type":"ListItem","position":5,"name":"Veiligheids armband SFI 3.3"}]},{"@type":"WebSite","@id":"https:\/\/www.hoogstra-autosport.nl\/#website","url":"https:\/\/www.hoogstra-autosport.nl\/","name":"Hoogstra Autosport","description":"Performance Autosport Parts!","potentialAction":[{"@type":"SearchAction","target":{"@type":"EntryPoint","urlTemplate":"https:\/\/www.hoogstra-autosport.nl\/?s={search_term_string}"},"query-input":{"@type":"PropertyValueSpecification","valueRequired":true,"valueName":"search_term_string"}}],"inLanguage":"de"}]}},"tiered_pricing_type":"fixed","tiered_pricing_fixed_rules":[],"tiered_pricing_product_settings":{"layout":"default","base_unit_name":{"singular":null,"plural":null},"default_variation":null},"tiered_pricing_minimum_quantity":null,"tiered_pricing_roles_data":[],"tiered_pricing_percentage_rules":[],"tiered_pricing_maximum_quantity":null,"tiered_pricing_quantity_step":null,"_links":{"self":[{"href":"https:\/\/www.hoogstra-autosport.nl\/de\/wp-json\/wp\/v2\/product\/45235","targetHints":{"allow":["GET"]}}],"collection":[{"href":"https:\/\/www.hoogstra-autosport.nl\/de\/wp-json\/wp\/v2\/product"}],"about":[{"href":"https:\/\/www.hoogstra-autosport.nl\/de\/wp-json\/wp\/v2\/types\/product"}],"wp:featuredmedia":[{"embeddable":true,"href":"https:\/\/www.hoogstra-autosport.nl\/de\/wp-json\/wp\/v2\/media\/45237"}],"wp:attachment":[{"href":"https:\/\/www.hoogstra-autosport.nl\/de\/wp-json\/wp\/v2\/media?parent=45235"}],"wp:term":[{"taxonomy":"product_brand","embeddable":true,"href":"https:\/\/www.hoogstra-autosport.nl\/de\/wp-json\/wp\/v2\/product_brand?post=45235"},{"taxonomy":"product_cat","embeddable":true,"href":"https:\/\/www.hoogstra-autosport.nl\/de\/wp-json\/wp\/v2\/product_cat?post=45235"},{"taxonomy":"product_tag","embeddable":true,"href":"https:\/\/www.hoogstra-autosport.nl\/de\/wp-json\/wp\/v2\/product_tag?post=45235"}],"curies":[{"name":"wp","href":"https:\/\/api.w.org\/{rel}","templated":true}]}}