{"id":44592,"date":"2022-02-09T08:48:43","date_gmt":"2022-02-09T07:48:43","guid":{"rendered":"https:\/\/www.hoogstra-autosport.nl\/?post_type=product&#038;p=44592"},"modified":"2025-11-14T08:59:36","modified_gmt":"2025-11-14T07:59:36","slug":"sparco-competition-fia-lady","status":"publish","type":"product","link":"https:\/\/www.hoogstra-autosport.nl\/de\/produkt\/sparco-competition-fia-lady\/","title":{"rendered":"Sparco Competition Lady Zwart\/Rood"},"content":{"rendered":"<p>Sportlicher Rennoverall im modernen zweifarbigen Design. Dank einer weichen Textilkonstruktion f\u00fchlt sich der Competition angenehm an und hat eine gute Passform. Im Lendenbereich und unter den \u00c4rmeln sorgen flexible Stretcheins\u00e4tze aus atmungsaktivem Material f\u00fcr mehr Bewegungsfreiheit und einen perfekten Sitz.<\/p>\n<p>Die COMPETITION LADY - mit einer speziellen Passform f\u00fcr Motorsportlerinnen.<\/p>\n<p>Die flach integrierten Schulterklappen im neuen Sparco-Racing-Look erm\u00f6glichen ein problemloses Anlegen des HANS-Systems oder der Gurte und unterstreichen - in Kombination mit der optimierten Perfect Fit\"-Passform - das sportliche Design des Overalls.<\/p>","protected":false},"excerpt":{"rendered":"<p>Sportieve raceoverall in een modern tweekleurig design. Dankzij een zachte textielconstructie voelt de Competition comfortabel aan en heeft hij een goede pasvorm. In de lendenstreek en onder de mouwen zorgen flexibele stretch-inzetstukken van ademend materiaal voor meer bewegingsvrijheid en een perfecte pasvorm. De COMPETITION LADY \u2013 met een speciale pasvorm voor vrouwelijke motorsportatleten. De plat [&hellip;]<\/p>\n","protected":false},"featured_media":93013,"template":"","meta":{"_acf_changed":false},"product_brand":[],"product_cat":[3941],"product_tag":[],"class_list":{"0":"post-44592","1":"product","2":"type-product","3":"status-publish","4":"has-post-thumbnail","6":"product_cat-sparco-overalls-fia","7":"product_shipping_class-4016","9":"first","10":"instock","11":"taxable","12":"shipping-taxable","13":"purchasable","14":"product-type-variable"},"acf":[],"yoast_head":"<!-- This site is optimized with the Yoast SEO plugin v27.1.1 - https:\/\/yoast.com\/product\/yoast-seo-wordpress\/ -->\n<title>Sparco Competition Lady Zwart\/Rood - Hoogstra Autosport<\/title>\n<meta name=\"robots\" content=\"index, follow, max-snippet:-1, max-image-preview:large, max-video-preview:-1\" \/>\n<link rel=\"canonical\" href=\"https:\/\/www.hoogstra-autosport.nl\/de\/produkt\/sparco-competition-fia-lady\/\" \/>\n<meta property=\"og:locale\" content=\"de_DE\" \/>\n<meta property=\"og:type\" content=\"article\" \/>\n<meta property=\"og:title\" content=\"Sparco Competition Lady Zwart\/Rood - Hoogstra Autosport\" \/>\n<meta property=\"og:description\" content=\"Sportieve raceoverall in een modern tweekleurig design. Dankzij een zachte textielconstructie voelt de Competition comfortabel aan en heeft hij een goede pasvorm. In de lendenstreek en onder de mouwen zorgen flexibele stretch-inzetstukken van ademend materiaal voor meer bewegingsvrijheid en een perfecte pasvorm. De COMPETITION LADY \u2013 met een speciale pasvorm voor vrouwelijke motorsportatleten. De plat [&hellip;]\" \/>\n<meta property=\"og:url\" content=\"https:\/\/www.hoogstra-autosport.nl\/de\/produkt\/sparco-competition-fia-lady\/\" \/>\n<meta property=\"og:site_name\" content=\"Hoogstra Autosport\" \/>\n<meta property=\"article:modified_time\" content=\"2025-11-14T07:59:36+00:00\" \/>\n<meta property=\"og:image\" content=\"https:\/\/www.hoogstra-autosport.nl\/teamkoen\/wp-content\/uploads\/2022\/02\/Sparco-competition-lady-zwart-rood.jpg\" \/>\n\t<meta property=\"og:image:width\" content=\"1080\" \/>\n\t<meta property=\"og:image:height\" content=\"1080\" \/>\n\t<meta property=\"og:image:type\" content=\"image\/jpeg\" \/>\n<meta name=\"twitter:card\" content=\"summary_large_image\" \/>\n<meta name=\"twitter:label1\" content=\"Gesch\u00e4tzte Lesezeit\" \/>\n\t<meta name=\"twitter:data1\" content=\"1\u00a0Minute\" \/>\n<script type=\"application\/ld+json\" class=\"yoast-schema-graph\">{\"@context\":\"https:\/\/schema.org\",\"@graph\":[{\"@type\":\"WebPage\",\"@id\":\"https:\/\/www.hoogstra-autosport.nl\/product\/sparco-competition-fia-lady\/\",\"url\":\"https:\/\/www.hoogstra-autosport.nl\/product\/sparco-competition-fia-lady\/\",\"name\":\"Sparco Competition Lady Zwart\/Rood - Hoogstra Autosport\",\"isPartOf\":{\"@id\":\"https:\/\/www.hoogstra-autosport.nl\/#website\"},\"primaryImageOfPage\":{\"@id\":\"https:\/\/www.hoogstra-autosport.nl\/product\/sparco-competition-fia-lady\/#primaryimage\"},\"image\":{\"@id\":\"https:\/\/www.hoogstra-autosport.nl\/product\/sparco-competition-fia-lady\/#primaryimage\"},\"thumbnailUrl\":\"https:\/\/www.hoogstra-autosport.nl\/teamkoen\/wp-content\/uploads\/2022\/02\/Sparco-competition-lady-zwart-rood.jpg\",\"datePublished\":\"2022-02-09T07:48:43+00:00\",\"dateModified\":\"2025-11-14T07:59:36+00:00\",\"breadcrumb\":{\"@id\":\"https:\/\/www.hoogstra-autosport.nl\/product\/sparco-competition-fia-lady\/#breadcrumb\"},\"inLanguage\":\"de\",\"potentialAction\":[{\"@type\":\"ReadAction\",\"target\":[\"https:\/\/www.hoogstra-autosport.nl\/product\/sparco-competition-fia-lady\/\"]}]},{\"@type\":\"ImageObject\",\"inLanguage\":\"de\",\"@id\":\"https:\/\/www.hoogstra-autosport.nl\/product\/sparco-competition-fia-lady\/#primaryimage\",\"url\":\"https:\/\/www.hoogstra-autosport.nl\/teamkoen\/wp-content\/uploads\/2022\/02\/Sparco-competition-lady-zwart-rood.jpg\",\"contentUrl\":\"https:\/\/www.hoogstra-autosport.nl\/teamkoen\/wp-content\/uploads\/2022\/02\/Sparco-competition-lady-zwart-rood.jpg\",\"width\":1080,\"height\":1080},{\"@type\":\"BreadcrumbList\",\"@id\":\"https:\/\/www.hoogstra-autosport.nl\/product\/sparco-competition-fia-lady\/#breadcrumb\",\"itemListElement\":[{\"@type\":\"ListItem\",\"position\":1,\"name\":\"Home\",\"item\":\"https:\/\/www.hoogstra-autosport.nl\/\"},{\"@type\":\"ListItem\",\"position\":2,\"name\":\"Uitrusting\",\"item\":\"https:\/\/www.hoogstra-autosport.nl\/product-categorie\/autosport-kleding-helmen\/\"},{\"@type\":\"ListItem\",\"position\":3,\"name\":\"Autosport Kleding\",\"item\":\"https:\/\/www.hoogstra-autosport.nl\/product-categorie\/autosport-kleding-helmen\/autosport-kleding\/\"},{\"@type\":\"ListItem\",\"position\":4,\"name\":\"Overalls\",\"item\":\"https:\/\/www.hoogstra-autosport.nl\/product-categorie\/autosport-kleding-helmen\/autosport-kleding\/overalls\/\"},{\"@type\":\"ListItem\",\"position\":5,\"name\":\"FIA Autosportoveralls\",\"item\":\"https:\/\/www.hoogstra-autosport.nl\/product-categorie\/autosport-kleding-helmen\/autosport-kleding\/overalls\/fia-autosportoveralls\/\"},{\"@type\":\"ListItem\",\"position\":6,\"name\":\"Sparco Overalls FIA\",\"item\":\"https:\/\/www.hoogstra-autosport.nl\/product-categorie\/autosport-kleding-helmen\/autosport-kleding\/overalls\/fia-autosportoveralls\/sparco-overalls-fia\/\"},{\"@type\":\"ListItem\",\"position\":7,\"name\":\"Sparco Competition Lady Zwart\/Rood\"}]},{\"@type\":\"WebSite\",\"@id\":\"https:\/\/www.hoogstra-autosport.nl\/#website\",\"url\":\"https:\/\/www.hoogstra-autosport.nl\/\",\"name\":\"Hoogstra Autosport\",\"description\":\"Performance Autosport Parts!\",\"potentialAction\":[{\"@type\":\"SearchAction\",\"target\":{\"@type\":\"EntryPoint\",\"urlTemplate\":\"https:\/\/www.hoogstra-autosport.nl\/?s={search_term_string}\"},\"query-input\":{\"@type\":\"PropertyValueSpecification\",\"valueRequired\":true,\"valueName\":\"search_term_string\"}}],\"inLanguage\":\"de\"}]}<\/script>\n<!-- \/ Yoast SEO plugin. -->","yoast_head_json":{"title":"Sparco Competition Lady Zwart\/Rood - Hoogstra Autosport","robots":{"index":"index","follow":"follow","max-snippet":"max-snippet:-1","max-image-preview":"max-image-preview:large","max-video-preview":"max-video-preview:-1"},"canonical":"https:\/\/www.hoogstra-autosport.nl\/de\/produkt\/sparco-competition-fia-lady\/","og_locale":"de_DE","og_type":"article","og_title":"Sparco Competition Lady Zwart\/Rood - Hoogstra Autosport","og_description":"Sportieve raceoverall in een modern tweekleurig design. Dankzij een zachte textielconstructie voelt de Competition comfortabel aan en heeft hij een goede pasvorm. In de lendenstreek en onder de mouwen zorgen flexibele stretch-inzetstukken van ademend materiaal voor meer bewegingsvrijheid en een perfecte pasvorm. De COMPETITION LADY \u2013 met een speciale pasvorm voor vrouwelijke motorsportatleten. De plat [&hellip;]","og_url":"https:\/\/www.hoogstra-autosport.nl\/de\/produkt\/sparco-competition-fia-lady\/","og_site_name":"Hoogstra Autosport","article_modified_time":"2025-11-14T07:59:36+00:00","og_image":[{"width":1080,"height":1080,"url":"https:\/\/www.hoogstra-autosport.nl\/teamkoen\/wp-content\/uploads\/2022\/02\/Sparco-competition-lady-zwart-rood.jpg","type":"image\/jpeg"}],"twitter_card":"summary_large_image","twitter_misc":{"Gesch\u00e4tzte Lesezeit":"1\u00a0Minute"},"schema":{"@context":"https:\/\/schema.org","@graph":[{"@type":"WebPage","@id":"https:\/\/www.hoogstra-autosport.nl\/product\/sparco-competition-fia-lady\/","url":"https:\/\/www.hoogstra-autosport.nl\/product\/sparco-competition-fia-lady\/","name":"Sparco Competition Lady Zwart\/Rood - Hoogstra Autosport","isPartOf":{"@id":"https:\/\/www.hoogstra-autosport.nl\/#website"},"primaryImageOfPage":{"@id":"https:\/\/www.hoogstra-autosport.nl\/product\/sparco-competition-fia-lady\/#primaryimage"},"image":{"@id":"https:\/\/www.hoogstra-autosport.nl\/product\/sparco-competition-fia-lady\/#primaryimage"},"thumbnailUrl":"https:\/\/www.hoogstra-autosport.nl\/teamkoen\/wp-content\/uploads\/2022\/02\/Sparco-competition-lady-zwart-rood.jpg","datePublished":"2022-02-09T07:48:43+00:00","dateModified":"2025-11-14T07:59:36+00:00","breadcrumb":{"@id":"https:\/\/www.hoogstra-autosport.nl\/product\/sparco-competition-fia-lady\/#breadcrumb"},"inLanguage":"de","potentialAction":[{"@type":"ReadAction","target":["https:\/\/www.hoogstra-autosport.nl\/product\/sparco-competition-fia-lady\/"]}]},{"@type":"ImageObject","inLanguage":"de","@id":"https:\/\/www.hoogstra-autosport.nl\/product\/sparco-competition-fia-lady\/#primaryimage","url":"https:\/\/www.hoogstra-autosport.nl\/teamkoen\/wp-content\/uploads\/2022\/02\/Sparco-competition-lady-zwart-rood.jpg","contentUrl":"https:\/\/www.hoogstra-autosport.nl\/teamkoen\/wp-content\/uploads\/2022\/02\/Sparco-competition-lady-zwart-rood.jpg","width":1080,"height":1080},{"@type":"BreadcrumbList","@id":"https:\/\/www.hoogstra-autosport.nl\/product\/sparco-competition-fia-lady\/#breadcrumb","itemListElement":[{"@type":"ListItem","position":1,"name":"Home","item":"https:\/\/www.hoogstra-autosport.nl\/"},{"@type":"ListItem","position":2,"name":"Uitrusting","item":"https:\/\/www.hoogstra-autosport.nl\/product-categorie\/autosport-kleding-helmen\/"},{"@type":"ListItem","position":3,"name":"Autosport Kleding","item":"https:\/\/www.hoogstra-autosport.nl\/product-categorie\/autosport-kleding-helmen\/autosport-kleding\/"},{"@type":"ListItem","position":4,"name":"Overalls","item":"https:\/\/www.hoogstra-autosport.nl\/product-categorie\/autosport-kleding-helmen\/autosport-kleding\/overalls\/"},{"@type":"ListItem","position":5,"name":"FIA Autosportoveralls","item":"https:\/\/www.hoogstra-autosport.nl\/product-categorie\/autosport-kleding-helmen\/autosport-kleding\/overalls\/fia-autosportoveralls\/"},{"@type":"ListItem","position":6,"name":"Sparco Overalls FIA","item":"https:\/\/www.hoogstra-autosport.nl\/product-categorie\/autosport-kleding-helmen\/autosport-kleding\/overalls\/fia-autosportoveralls\/sparco-overalls-fia\/"},{"@type":"ListItem","position":7,"name":"Sparco Competition Lady Zwart\/Rood"}]},{"@type":"WebSite","@id":"https:\/\/www.hoogstra-autosport.nl\/#website","url":"https:\/\/www.hoogstra-autosport.nl\/","name":"Hoogstra Autosport","description":"Performance Autosport Parts!","potentialAction":[{"@type":"SearchAction","target":{"@type":"EntryPoint","urlTemplate":"https:\/\/www.hoogstra-autosport.nl\/?s={search_term_string}"},"query-input":{"@type":"PropertyValueSpecification","valueRequired":true,"valueName":"search_term_string"}}],"inLanguage":"de"}]}},"tiered_pricing_type":"fixed","tiered_pricing_fixed_rules":[],"tiered_pricing_product_settings":{"layout":"default","base_unit_name":{"singular":null,"plural":null},"default_variation":null},"tiered_pricing_minimum_quantity":null,"tiered_pricing_roles_data":[],"tiered_pricing_percentage_rules":[],"tiered_pricing_maximum_quantity":null,"tiered_pricing_quantity_step":null,"_links":{"self":[{"href":"https:\/\/www.hoogstra-autosport.nl\/de\/wp-json\/wp\/v2\/product\/44592","targetHints":{"allow":["GET"]}}],"collection":[{"href":"https:\/\/www.hoogstra-autosport.nl\/de\/wp-json\/wp\/v2\/product"}],"about":[{"href":"https:\/\/www.hoogstra-autosport.nl\/de\/wp-json\/wp\/v2\/types\/product"}],"wp:featuredmedia":[{"embeddable":true,"href":"https:\/\/www.hoogstra-autosport.nl\/de\/wp-json\/wp\/v2\/media\/93013"}],"wp:attachment":[{"href":"https:\/\/www.hoogstra-autosport.nl\/de\/wp-json\/wp\/v2\/media?parent=44592"}],"wp:term":[{"taxonomy":"product_brand","embeddable":true,"href":"https:\/\/www.hoogstra-autosport.nl\/de\/wp-json\/wp\/v2\/product_brand?post=44592"},{"taxonomy":"product_cat","embeddable":true,"href":"https:\/\/www.hoogstra-autosport.nl\/de\/wp-json\/wp\/v2\/product_cat?post=44592"},{"taxonomy":"product_tag","embeddable":true,"href":"https:\/\/www.hoogstra-autosport.nl\/de\/wp-json\/wp\/v2\/product_tag?post=44592"}],"curies":[{"name":"wp","href":"https:\/\/api.w.org\/{rel}","templated":true}]}}