{"id":42281,"date":"2021-11-01T16:46:09","date_gmt":"2021-11-01T15:46:09","guid":{"rendered":"https:\/\/www.hoogstra-autosport.nl\/?post_type=product&#038;p=42281"},"modified":"2024-01-20T13:10:00","modified_gmt":"2024-01-20T12:10:00","slug":"kinder-oorkleppen-peltor-3m-roze","status":"publish","type":"product","link":"https:\/\/www.hoogstra-autosport.nl\/de\/produkt\/kinder-oorkleppen-peltor-3m-roze\/","title":{"rendered":"Kinder-Ohrsch\u00fctzer Peltor 3M Rosa"},"content":{"rendered":"<p>Diese Kapselgeh\u00f6rsch\u00fctzer wurden speziell f\u00fcr Kinder bis zu 7 Jahren entwickelt, d\u00e4mpfen hohe L\u00e4rmpegel und sch\u00fctzen so vor m\u00e4\u00dfigem L\u00e4rm in allt\u00e4glichen Situationen wie sozialen und Freizeitaktivit\u00e4ten, ohne den Tr\u00e4ger von der Umwelt zu isolieren! Die Ohrensch\u00fctzer sind auffallend neonpink (Spa\u00df f\u00fcr die M\u00e4dchen), was die Aufmerksamkeit auf sich zieht und die Sicherheit erh\u00f6ht. Das einzigartige, flache Kopfband sorgt f\u00fcr konstanten Druck und gibt mehr Vertrauen in den Schutz. Der gro\u00dfe Raum in der Haube verhindert Feuchtigkeits- und W\u00e4rmestau, die weichen, breiten Polster verringern den Druck um die Ohren und sorgen f\u00fcr mehr Komfort und Tragekomfort. Polster und Schutzbez\u00fcge lassen sich leicht auswechseln und halten den Kapselgeh\u00f6rschutz hygienisch sauber. Gewicht nur 140 g. CE-Zeichen. Geeignet f\u00fcr Kinder bis zu 7 Jahren. Ideal f\u00fcr Sommerfeste, laute Musik im Haus, Feuerwerk, Tischler- und Bauarbeiten im und am Haus, Flugshows und alle anderen Umgebungen mit lauten Ger\u00e4uschen, in denen sich Ihr Kind aufh\u00e4lt. D\u00e4mpfungswerte: - H510A-442: H=32, M=25, L=15, SNR=27 Frequenz (HZ) 63 125 250 500 1000 2000 4000 8000 Mittelwert (dB) 14,1 11,6 18,7 27,5 32,9 33,6 36,1 35,8 Standardabweichung (dB) 4,0 4,3 3,6 2,5 2,7 3,4 3,0 3,8 Erwarteter Schutz (dB) 10,1 7,3 15,1 25,0 30,1 30,2 33,2 32,0 Europ\u00e4ische Norm EN 352-2:2002 Wartung Peltor Kid Dieser 3M Peltor Kid Kapselgeh\u00f6rsch\u00fctzer f\u00fcr Kinder kann mit einem milden Reinigungsmittel und Wasser gereinigt werden. Polster und Eins\u00e4tze k\u00f6nnen mit dem Hygieneset 3M Peltor HY51 ausgetauscht werden.<\/p>","protected":false},"excerpt":{"rendered":"<p>Deze gehoorkappen en oorbeschermers zijn speciaal gemaakt voor kinderen tot en met 7 jaar, dempen hoge geluidsnivo&#8217;s en beschermen daarmee tegen middelmatig lawaai bij alledaagse situaties zoals sociale en ontspannende activiteiten, zonder daarmee de drager van de omgeving af te sluiten ! De oorbeschermers zijn opvallend neonroze (leuk voor de meisjes), trekken de aandacht en [&hellip;]<\/p>\n","protected":false},"featured_media":42282,"template":"","meta":{"_acf_changed":false},"product_brand":[],"product_cat":[3968,4123],"product_tag":[],"class_list":{"0":"post-42281","1":"product","2":"type-product","3":"status-publish","4":"has-post-thumbnail","6":"product_cat-bescherming-veiligheid","7":"product_cat-peltor","8":"product_shipping_class-4016","10":"first","11":"instock","12":"taxable","13":"shipping-taxable","14":"purchasable","15":"product-type-simple"},"acf":[],"yoast_head":"<!-- This site is optimized with the Yoast SEO plugin v27.1.1 - https:\/\/yoast.com\/product\/yoast-seo-wordpress\/ -->\n<title>Kinder Oorkleppen Peltor 3M Roze - Hoogstra Autosport<\/title>\n<meta name=\"robots\" content=\"index, follow, max-snippet:-1, max-image-preview:large, max-video-preview:-1\" \/>\n<link rel=\"canonical\" href=\"https:\/\/www.hoogstra-autosport.nl\/de\/produkt\/kinder-oorkleppen-peltor-3m-roze\/\" \/>\n<meta property=\"og:locale\" content=\"de_DE\" \/>\n<meta property=\"og:type\" content=\"article\" \/>\n<meta property=\"og:title\" content=\"Kinder Oorkleppen Peltor 3M Roze - Hoogstra Autosport\" \/>\n<meta property=\"og:description\" content=\"Deze gehoorkappen en oorbeschermers zijn speciaal gemaakt voor kinderen tot en met 7 jaar, dempen hoge geluidsnivo&#8217;s en beschermen daarmee tegen middelmatig lawaai bij alledaagse situaties zoals sociale en ontspannende activiteiten, zonder daarmee de drager van de omgeving af te sluiten ! De oorbeschermers zijn opvallend neonroze (leuk voor de meisjes), trekken de aandacht en [&hellip;]\" \/>\n<meta property=\"og:url\" content=\"https:\/\/www.hoogstra-autosport.nl\/de\/produkt\/kinder-oorkleppen-peltor-3m-roze\/\" \/>\n<meta property=\"og:site_name\" content=\"Hoogstra Autosport\" \/>\n<meta property=\"article:modified_time\" content=\"2024-01-20T12:10:00+00:00\" \/>\n<meta property=\"og:image\" content=\"https:\/\/www.hoogstra-autosport.nl\/teamkoen\/content\/uploads\/2021\/11\/OIP-1.jpg\" \/>\n\t<meta property=\"og:image:width\" content=\"452\" \/>\n\t<meta property=\"og:image:height\" content=\"584\" \/>\n\t<meta property=\"og:image:type\" content=\"image\/jpeg\" \/>\n<meta name=\"twitter:card\" content=\"summary_large_image\" \/>\n<meta name=\"twitter:label1\" content=\"Gesch\u00e4tzte Lesezeit\" \/>\n\t<meta name=\"twitter:data1\" content=\"2\u00a0Minuten\" \/>\n<script type=\"application\/ld+json\" class=\"yoast-schema-graph\">{\"@context\":\"https:\/\/schema.org\",\"@graph\":[{\"@type\":\"WebPage\",\"@id\":\"https:\/\/www.hoogstra-autosport.nl\/product\/kinder-oorkleppen-peltor-3m-roze\/\",\"url\":\"https:\/\/www.hoogstra-autosport.nl\/product\/kinder-oorkleppen-peltor-3m-roze\/\",\"name\":\"Kinder Oorkleppen Peltor 3M Roze - Hoogstra Autosport\",\"isPartOf\":{\"@id\":\"https:\/\/www.hoogstra-autosport.nl\/#website\"},\"primaryImageOfPage\":{\"@id\":\"https:\/\/www.hoogstra-autosport.nl\/product\/kinder-oorkleppen-peltor-3m-roze\/#primaryimage\"},\"image\":{\"@id\":\"https:\/\/www.hoogstra-autosport.nl\/product\/kinder-oorkleppen-peltor-3m-roze\/#primaryimage\"},\"thumbnailUrl\":\"https:\/\/www.hoogstra-autosport.nl\/teamkoen\/wp-content\/uploads\/2021\/11\/OIP-1.jpg\",\"datePublished\":\"2021-11-01T15:46:09+00:00\",\"dateModified\":\"2024-01-20T12:10:00+00:00\",\"breadcrumb\":{\"@id\":\"https:\/\/www.hoogstra-autosport.nl\/product\/kinder-oorkleppen-peltor-3m-roze\/#breadcrumb\"},\"inLanguage\":\"de\",\"potentialAction\":[{\"@type\":\"ReadAction\",\"target\":[\"https:\/\/www.hoogstra-autosport.nl\/product\/kinder-oorkleppen-peltor-3m-roze\/\"]}]},{\"@type\":\"ImageObject\",\"inLanguage\":\"de\",\"@id\":\"https:\/\/www.hoogstra-autosport.nl\/product\/kinder-oorkleppen-peltor-3m-roze\/#primaryimage\",\"url\":\"https:\/\/www.hoogstra-autosport.nl\/teamkoen\/wp-content\/uploads\/2021\/11\/OIP-1.jpg\",\"contentUrl\":\"https:\/\/www.hoogstra-autosport.nl\/teamkoen\/wp-content\/uploads\/2021\/11\/OIP-1.jpg\",\"width\":452,\"height\":584},{\"@type\":\"BreadcrumbList\",\"@id\":\"https:\/\/www.hoogstra-autosport.nl\/product\/kinder-oorkleppen-peltor-3m-roze\/#breadcrumb\",\"itemListElement\":[{\"@type\":\"ListItem\",\"position\":1,\"name\":\"Home\",\"item\":\"https:\/\/www.hoogstra-autosport.nl\/\"},{\"@type\":\"ListItem\",\"position\":2,\"name\":\"Werkplaats\",\"item\":\"https:\/\/www.hoogstra-autosport.nl\/product-categorie\/garage-werkplaats-onderhoud\/\"},{\"@type\":\"ListItem\",\"position\":3,\"name\":\"Bescherming &amp; Veiligheid\",\"item\":\"https:\/\/www.hoogstra-autosport.nl\/product-categorie\/garage-werkplaats-onderhoud\/bescherming-veiligheid\/\"},{\"@type\":\"ListItem\",\"position\":4,\"name\":\"Kinder Oorkleppen Peltor 3M Roze\"}]},{\"@type\":\"WebSite\",\"@id\":\"https:\/\/www.hoogstra-autosport.nl\/#website\",\"url\":\"https:\/\/www.hoogstra-autosport.nl\/\",\"name\":\"Hoogstra Autosport\",\"description\":\"Performance Autosport Parts!\",\"potentialAction\":[{\"@type\":\"SearchAction\",\"target\":{\"@type\":\"EntryPoint\",\"urlTemplate\":\"https:\/\/www.hoogstra-autosport.nl\/?s={search_term_string}\"},\"query-input\":{\"@type\":\"PropertyValueSpecification\",\"valueRequired\":true,\"valueName\":\"search_term_string\"}}],\"inLanguage\":\"de\"}]}<\/script>\n<!-- \/ Yoast SEO plugin. -->","yoast_head_json":{"title":"Kinder Oorkleppen Peltor 3M Roze - Hoogstra Autosport","robots":{"index":"index","follow":"follow","max-snippet":"max-snippet:-1","max-image-preview":"max-image-preview:large","max-video-preview":"max-video-preview:-1"},"canonical":"https:\/\/www.hoogstra-autosport.nl\/de\/produkt\/kinder-oorkleppen-peltor-3m-roze\/","og_locale":"de_DE","og_type":"article","og_title":"Kinder Oorkleppen Peltor 3M Roze - Hoogstra Autosport","og_description":"Deze gehoorkappen en oorbeschermers zijn speciaal gemaakt voor kinderen tot en met 7 jaar, dempen hoge geluidsnivo&#8217;s en beschermen daarmee tegen middelmatig lawaai bij alledaagse situaties zoals sociale en ontspannende activiteiten, zonder daarmee de drager van de omgeving af te sluiten ! De oorbeschermers zijn opvallend neonroze (leuk voor de meisjes), trekken de aandacht en [&hellip;]","og_url":"https:\/\/www.hoogstra-autosport.nl\/de\/produkt\/kinder-oorkleppen-peltor-3m-roze\/","og_site_name":"Hoogstra Autosport","article_modified_time":"2024-01-20T12:10:00+00:00","og_image":[{"width":452,"height":584,"url":"https:\/\/www.hoogstra-autosport.nl\/teamkoen\/content\/uploads\/2021\/11\/OIP-1.jpg","type":"image\/jpeg"}],"twitter_card":"summary_large_image","twitter_misc":{"Gesch\u00e4tzte Lesezeit":"2\u00a0Minuten"},"schema":{"@context":"https:\/\/schema.org","@graph":[{"@type":"WebPage","@id":"https:\/\/www.hoogstra-autosport.nl\/product\/kinder-oorkleppen-peltor-3m-roze\/","url":"https:\/\/www.hoogstra-autosport.nl\/product\/kinder-oorkleppen-peltor-3m-roze\/","name":"Kinder Oorkleppen Peltor 3M Roze - Hoogstra Autosport","isPartOf":{"@id":"https:\/\/www.hoogstra-autosport.nl\/#website"},"primaryImageOfPage":{"@id":"https:\/\/www.hoogstra-autosport.nl\/product\/kinder-oorkleppen-peltor-3m-roze\/#primaryimage"},"image":{"@id":"https:\/\/www.hoogstra-autosport.nl\/product\/kinder-oorkleppen-peltor-3m-roze\/#primaryimage"},"thumbnailUrl":"https:\/\/www.hoogstra-autosport.nl\/teamkoen\/wp-content\/uploads\/2021\/11\/OIP-1.jpg","datePublished":"2021-11-01T15:46:09+00:00","dateModified":"2024-01-20T12:10:00+00:00","breadcrumb":{"@id":"https:\/\/www.hoogstra-autosport.nl\/product\/kinder-oorkleppen-peltor-3m-roze\/#breadcrumb"},"inLanguage":"de","potentialAction":[{"@type":"ReadAction","target":["https:\/\/www.hoogstra-autosport.nl\/product\/kinder-oorkleppen-peltor-3m-roze\/"]}]},{"@type":"ImageObject","inLanguage":"de","@id":"https:\/\/www.hoogstra-autosport.nl\/product\/kinder-oorkleppen-peltor-3m-roze\/#primaryimage","url":"https:\/\/www.hoogstra-autosport.nl\/teamkoen\/wp-content\/uploads\/2021\/11\/OIP-1.jpg","contentUrl":"https:\/\/www.hoogstra-autosport.nl\/teamkoen\/wp-content\/uploads\/2021\/11\/OIP-1.jpg","width":452,"height":584},{"@type":"BreadcrumbList","@id":"https:\/\/www.hoogstra-autosport.nl\/product\/kinder-oorkleppen-peltor-3m-roze\/#breadcrumb","itemListElement":[{"@type":"ListItem","position":1,"name":"Home","item":"https:\/\/www.hoogstra-autosport.nl\/"},{"@type":"ListItem","position":2,"name":"Werkplaats","item":"https:\/\/www.hoogstra-autosport.nl\/product-categorie\/garage-werkplaats-onderhoud\/"},{"@type":"ListItem","position":3,"name":"Bescherming &amp; Veiligheid","item":"https:\/\/www.hoogstra-autosport.nl\/product-categorie\/garage-werkplaats-onderhoud\/bescherming-veiligheid\/"},{"@type":"ListItem","position":4,"name":"Kinder Oorkleppen Peltor 3M Roze"}]},{"@type":"WebSite","@id":"https:\/\/www.hoogstra-autosport.nl\/#website","url":"https:\/\/www.hoogstra-autosport.nl\/","name":"Hoogstra Autosport","description":"Performance Autosport Parts!","potentialAction":[{"@type":"SearchAction","target":{"@type":"EntryPoint","urlTemplate":"https:\/\/www.hoogstra-autosport.nl\/?s={search_term_string}"},"query-input":{"@type":"PropertyValueSpecification","valueRequired":true,"valueName":"search_term_string"}}],"inLanguage":"de"}]}},"tiered_pricing_type":"fixed","tiered_pricing_fixed_rules":[],"tiered_pricing_product_settings":{"layout":"default","base_unit_name":{"singular":null,"plural":null},"default_variation":null},"tiered_pricing_minimum_quantity":null,"tiered_pricing_roles_data":[],"tiered_pricing_percentage_rules":[],"tiered_pricing_maximum_quantity":null,"tiered_pricing_quantity_step":null,"_links":{"self":[{"href":"https:\/\/www.hoogstra-autosport.nl\/de\/wp-json\/wp\/v2\/product\/42281","targetHints":{"allow":["GET"]}}],"collection":[{"href":"https:\/\/www.hoogstra-autosport.nl\/de\/wp-json\/wp\/v2\/product"}],"about":[{"href":"https:\/\/www.hoogstra-autosport.nl\/de\/wp-json\/wp\/v2\/types\/product"}],"wp:featuredmedia":[{"embeddable":true,"href":"https:\/\/www.hoogstra-autosport.nl\/de\/wp-json\/wp\/v2\/media\/42282"}],"wp:attachment":[{"href":"https:\/\/www.hoogstra-autosport.nl\/de\/wp-json\/wp\/v2\/media?parent=42281"}],"wp:term":[{"taxonomy":"product_brand","embeddable":true,"href":"https:\/\/www.hoogstra-autosport.nl\/de\/wp-json\/wp\/v2\/product_brand?post=42281"},{"taxonomy":"product_cat","embeddable":true,"href":"https:\/\/www.hoogstra-autosport.nl\/de\/wp-json\/wp\/v2\/product_cat?post=42281"},{"taxonomy":"product_tag","embeddable":true,"href":"https:\/\/www.hoogstra-autosport.nl\/de\/wp-json\/wp\/v2\/product_tag?post=42281"}],"curies":[{"name":"wp","href":"https:\/\/api.w.org\/{rel}","templated":true}]}}