{"id":42212,"date":"2021-10-28T16:22:12","date_gmt":"2021-10-28T14:22:12","guid":{"rendered":"https:\/\/www.hoogstra-autosport.nl\/?post_type=product&#038;p=42212"},"modified":"2025-12-11T17:04:34","modified_gmt":"2025-12-11T16:04:34","slug":"kirkey-intermediate-full-containment-185inch","status":"publish","type":"product","link":"https:\/\/www.hoogstra-autosport.nl\/de\/produkt\/kirkey-intermediate-full-containment-185inch\/","title":{"rendered":"Kirkey Intermediate Full Containment 18,5 inch"},"content":{"rendered":"<p>In f\u00fcnf Gr\u00f6\u00dfen erh\u00e4ltlich (14\u2033, 15\u2033, 16\u2033, 17\u2033, 18-1\/2\u2033).<\/p>\n<p>Der Bausatz wird mit schwarzem Stoffbezug geliefert. 18-Grad-R\u00fccklage. Leicht abnehmbarer Bezug mit zus\u00e4tzlicher 1\/2\u2033 energieabsorbierender Polsterung f\u00fcr zus\u00e4tzliche Lendenwirbelst\u00fctze. Entwickelt, um alle Kopf- und Nackenst\u00fctzen passen. Hergestellt aus TIG-geschwei\u00dftem .100 \" 5052 Aluminium.<\/p>\n<p>Die Rippen- und verst\u00e4rkten Schulterst\u00fctzen haben eine zus\u00e4tzliche 1\/2\u2033 energieabsorbierende Polsterung direkt auf dem Sitz. Die Kopfst\u00fctze ist sowohl vertikal als auch seitlich verstellbar und verf\u00fcgt \u00fcber geformte, energieabsorbierende Aufprallpolster hoher Dichte, die eine Polsterung \u00fcberfl\u00fcssig machen. Die Kopfst\u00fctze kann auch nach unten geschwenkt werden, um eine zus\u00e4tzliche periphere Sicht zu erm\u00f6glichen. Gefertigte Aluminium-Verbindungsb\u00fcgel f\u00fcr eine einfache Kopfverstellung. Die linke Seite der Kopfst\u00fctze ist abgewinkelt und verk\u00fcrzt, um einen leichten Ein- und Ausstieg zu erm\u00f6glichen.<\/p>\n<p>&nbsp;<\/p>","protected":false},"excerpt":{"rendered":"<p>Vijf maten beschikbaar, (14&#8243;, 15&#8243;, 16&#8243;, 17&#8243;, 18-1\/2&#8243;). Kit wordt geleverd met zwarte stoffen hoes. 18 graden layback. Gemakkelijk verwijderbare hoes heeft extra 1\/2&#8243;-energieabsorberende vulling voor extra lendensteun. Ontworpen voor alle hoofd- en neksteunen. Gemaakt van TIG gelast .100 &#8221; 5052 grade aluminium. Rib- en versterkte schoudersteunen hebben extra 1\/2&#8243; energieabsorberende vulling direct op de [&hellip;]<\/p>\n","protected":false},"featured_media":42204,"template":"","meta":{"_acf_changed":false},"product_brand":[],"product_cat":[2817],"product_tag":[],"class_list":{"0":"post-42212","1":"product","2":"type-product","3":"status-publish","4":"has-post-thumbnail","6":"product_cat-kirkey-full-containment-stoelen","7":"product_shipping_class-4016","9":"first","10":"instock","11":"taxable","12":"shipping-taxable","13":"purchasable","14":"product-type-simple"},"acf":[],"yoast_head":"<!-- This site is optimized with the Yoast SEO plugin v27.1.1 - https:\/\/yoast.com\/product\/yoast-seo-wordpress\/ -->\n<title>Kirkey Intermediate Full Containment 18,5 inch - Hoogstra Autosport<\/title>\n<meta name=\"robots\" content=\"index, follow, max-snippet:-1, max-image-preview:large, max-video-preview:-1\" \/>\n<link rel=\"canonical\" href=\"https:\/\/www.hoogstra-autosport.nl\/de\/produkt\/kirkey-intermediate-full-containment-185inch\/\" \/>\n<meta property=\"og:locale\" content=\"de_DE\" \/>\n<meta property=\"og:type\" content=\"article\" \/>\n<meta property=\"og:title\" content=\"Kirkey Intermediate Full Containment 18,5 inch - Hoogstra Autosport\" \/>\n<meta property=\"og:description\" content=\"Vijf maten beschikbaar, (14&#8243;, 15&#8243;, 16&#8243;, 17&#8243;, 18-1\/2&#8243;). Kit wordt geleverd met zwarte stoffen hoes. 18 graden layback. Gemakkelijk verwijderbare hoes heeft extra 1\/2&#8243;-energieabsorberende vulling voor extra lendensteun. Ontworpen voor alle hoofd- en neksteunen. Gemaakt van TIG gelast .100 &#8221; 5052 grade aluminium. Rib- en versterkte schoudersteunen hebben extra 1\/2&#8243; energieabsorberende vulling direct op de [&hellip;]\" \/>\n<meta property=\"og:url\" content=\"https:\/\/www.hoogstra-autosport.nl\/de\/produkt\/kirkey-intermediate-full-containment-185inch\/\" \/>\n<meta property=\"og:site_name\" content=\"Hoogstra Autosport\" \/>\n<meta property=\"article:modified_time\" content=\"2025-12-11T16:04:34+00:00\" \/>\n<meta property=\"og:image\" content=\"https:\/\/www.hoogstra-autosport.nl\/teamkoen\/wp-content\/uploads\/2021\/10\/kirkey-intermediat.jpg\" \/>\n\t<meta property=\"og:image:width\" content=\"1206\" \/>\n\t<meta property=\"og:image:height\" content=\"1206\" \/>\n\t<meta property=\"og:image:type\" content=\"image\/jpeg\" \/>\n<meta name=\"twitter:card\" content=\"summary_large_image\" \/>\n<meta name=\"twitter:label1\" content=\"Gesch\u00e4tzte Lesezeit\" \/>\n\t<meta name=\"twitter:data1\" content=\"1\u00a0Minute\" \/>\n<script type=\"application\/ld+json\" class=\"yoast-schema-graph\">{\"@context\":\"https:\/\/schema.org\",\"@graph\":[{\"@type\":\"WebPage\",\"@id\":\"https:\/\/www.hoogstra-autosport.nl\/product\/kirkey-intermediate-full-containment-185inch\/\",\"url\":\"https:\/\/www.hoogstra-autosport.nl\/product\/kirkey-intermediate-full-containment-185inch\/\",\"name\":\"Kirkey Intermediate Full Containment 18,5 inch - Hoogstra Autosport\",\"isPartOf\":{\"@id\":\"https:\/\/www.hoogstra-autosport.nl\/#website\"},\"primaryImageOfPage\":{\"@id\":\"https:\/\/www.hoogstra-autosport.nl\/product\/kirkey-intermediate-full-containment-185inch\/#primaryimage\"},\"image\":{\"@id\":\"https:\/\/www.hoogstra-autosport.nl\/product\/kirkey-intermediate-full-containment-185inch\/#primaryimage\"},\"thumbnailUrl\":\"https:\/\/www.hoogstra-autosport.nl\/teamkoen\/wp-content\/uploads\/2021\/10\/kirkey-intermediat.jpg\",\"datePublished\":\"2021-10-28T14:22:12+00:00\",\"dateModified\":\"2025-12-11T16:04:34+00:00\",\"breadcrumb\":{\"@id\":\"https:\/\/www.hoogstra-autosport.nl\/product\/kirkey-intermediate-full-containment-185inch\/#breadcrumb\"},\"inLanguage\":\"de\",\"potentialAction\":[{\"@type\":\"ReadAction\",\"target\":[\"https:\/\/www.hoogstra-autosport.nl\/product\/kirkey-intermediate-full-containment-185inch\/\"]}]},{\"@type\":\"ImageObject\",\"inLanguage\":\"de\",\"@id\":\"https:\/\/www.hoogstra-autosport.nl\/product\/kirkey-intermediate-full-containment-185inch\/#primaryimage\",\"url\":\"https:\/\/www.hoogstra-autosport.nl\/teamkoen\/wp-content\/uploads\/2021\/10\/kirkey-intermediat.jpg\",\"contentUrl\":\"https:\/\/www.hoogstra-autosport.nl\/teamkoen\/wp-content\/uploads\/2021\/10\/kirkey-intermediat.jpg\",\"width\":1206,\"height\":1206},{\"@type\":\"BreadcrumbList\",\"@id\":\"https:\/\/www.hoogstra-autosport.nl\/product\/kirkey-intermediate-full-containment-185inch\/#breadcrumb\",\"itemListElement\":[{\"@type\":\"ListItem\",\"position\":1,\"name\":\"Home\",\"item\":\"https:\/\/www.hoogstra-autosport.nl\/\"},{\"@type\":\"ListItem\",\"position\":2,\"name\":\"Interieur\",\"item\":\"https:\/\/www.hoogstra-autosport.nl\/product-categorie\/remmen-brandstof-tanken\/\"},{\"@type\":\"ListItem\",\"position\":3,\"name\":\"Stoelen\",\"item\":\"https:\/\/www.hoogstra-autosport.nl\/product-categorie\/remmen-brandstof-tanken\/stoelen\/\"},{\"@type\":\"ListItem\",\"position\":4,\"name\":\"Kirkey Stoelen\",\"item\":\"https:\/\/www.hoogstra-autosport.nl\/product-categorie\/remmen-brandstof-tanken\/stoelen\/kirkey-stoelen\/\"},{\"@type\":\"ListItem\",\"position\":5,\"name\":\"Kirkey Full Containment Stoelen\",\"item\":\"https:\/\/www.hoogstra-autosport.nl\/product-categorie\/remmen-brandstof-tanken\/stoelen\/kirkey-stoelen\/kirkey-full-containment-stoelen\/\"},{\"@type\":\"ListItem\",\"position\":6,\"name\":\"Kirkey Intermediate Full Containment 18,5 inch\"}]},{\"@type\":\"WebSite\",\"@id\":\"https:\/\/www.hoogstra-autosport.nl\/#website\",\"url\":\"https:\/\/www.hoogstra-autosport.nl\/\",\"name\":\"Hoogstra Autosport\",\"description\":\"Performance Autosport Parts!\",\"potentialAction\":[{\"@type\":\"SearchAction\",\"target\":{\"@type\":\"EntryPoint\",\"urlTemplate\":\"https:\/\/www.hoogstra-autosport.nl\/?s={search_term_string}\"},\"query-input\":{\"@type\":\"PropertyValueSpecification\",\"valueRequired\":true,\"valueName\":\"search_term_string\"}}],\"inLanguage\":\"de\"}]}<\/script>\n<!-- \/ Yoast SEO plugin. -->","yoast_head_json":{"title":"Kirkey Intermediate Full Containment 18,5 inch - Hoogstra Autosport","robots":{"index":"index","follow":"follow","max-snippet":"max-snippet:-1","max-image-preview":"max-image-preview:large","max-video-preview":"max-video-preview:-1"},"canonical":"https:\/\/www.hoogstra-autosport.nl\/de\/produkt\/kirkey-intermediate-full-containment-185inch\/","og_locale":"de_DE","og_type":"article","og_title":"Kirkey Intermediate Full Containment 18,5 inch - Hoogstra Autosport","og_description":"Vijf maten beschikbaar, (14&#8243;, 15&#8243;, 16&#8243;, 17&#8243;, 18-1\/2&#8243;). Kit wordt geleverd met zwarte stoffen hoes. 18 graden layback. Gemakkelijk verwijderbare hoes heeft extra 1\/2&#8243;-energieabsorberende vulling voor extra lendensteun. Ontworpen voor alle hoofd- en neksteunen. Gemaakt van TIG gelast .100 &#8221; 5052 grade aluminium. Rib- en versterkte schoudersteunen hebben extra 1\/2&#8243; energieabsorberende vulling direct op de [&hellip;]","og_url":"https:\/\/www.hoogstra-autosport.nl\/de\/produkt\/kirkey-intermediate-full-containment-185inch\/","og_site_name":"Hoogstra Autosport","article_modified_time":"2025-12-11T16:04:34+00:00","og_image":[{"width":1206,"height":1206,"url":"https:\/\/www.hoogstra-autosport.nl\/teamkoen\/wp-content\/uploads\/2021\/10\/kirkey-intermediat.jpg","type":"image\/jpeg"}],"twitter_card":"summary_large_image","twitter_misc":{"Gesch\u00e4tzte Lesezeit":"1\u00a0Minute"},"schema":{"@context":"https:\/\/schema.org","@graph":[{"@type":"WebPage","@id":"https:\/\/www.hoogstra-autosport.nl\/product\/kirkey-intermediate-full-containment-185inch\/","url":"https:\/\/www.hoogstra-autosport.nl\/product\/kirkey-intermediate-full-containment-185inch\/","name":"Kirkey Intermediate Full Containment 18,5 inch - Hoogstra Autosport","isPartOf":{"@id":"https:\/\/www.hoogstra-autosport.nl\/#website"},"primaryImageOfPage":{"@id":"https:\/\/www.hoogstra-autosport.nl\/product\/kirkey-intermediate-full-containment-185inch\/#primaryimage"},"image":{"@id":"https:\/\/www.hoogstra-autosport.nl\/product\/kirkey-intermediate-full-containment-185inch\/#primaryimage"},"thumbnailUrl":"https:\/\/www.hoogstra-autosport.nl\/teamkoen\/wp-content\/uploads\/2021\/10\/kirkey-intermediat.jpg","datePublished":"2021-10-28T14:22:12+00:00","dateModified":"2025-12-11T16:04:34+00:00","breadcrumb":{"@id":"https:\/\/www.hoogstra-autosport.nl\/product\/kirkey-intermediate-full-containment-185inch\/#breadcrumb"},"inLanguage":"de","potentialAction":[{"@type":"ReadAction","target":["https:\/\/www.hoogstra-autosport.nl\/product\/kirkey-intermediate-full-containment-185inch\/"]}]},{"@type":"ImageObject","inLanguage":"de","@id":"https:\/\/www.hoogstra-autosport.nl\/product\/kirkey-intermediate-full-containment-185inch\/#primaryimage","url":"https:\/\/www.hoogstra-autosport.nl\/teamkoen\/wp-content\/uploads\/2021\/10\/kirkey-intermediat.jpg","contentUrl":"https:\/\/www.hoogstra-autosport.nl\/teamkoen\/wp-content\/uploads\/2021\/10\/kirkey-intermediat.jpg","width":1206,"height":1206},{"@type":"BreadcrumbList","@id":"https:\/\/www.hoogstra-autosport.nl\/product\/kirkey-intermediate-full-containment-185inch\/#breadcrumb","itemListElement":[{"@type":"ListItem","position":1,"name":"Home","item":"https:\/\/www.hoogstra-autosport.nl\/"},{"@type":"ListItem","position":2,"name":"Interieur","item":"https:\/\/www.hoogstra-autosport.nl\/product-categorie\/remmen-brandstof-tanken\/"},{"@type":"ListItem","position":3,"name":"Stoelen","item":"https:\/\/www.hoogstra-autosport.nl\/product-categorie\/remmen-brandstof-tanken\/stoelen\/"},{"@type":"ListItem","position":4,"name":"Kirkey Stoelen","item":"https:\/\/www.hoogstra-autosport.nl\/product-categorie\/remmen-brandstof-tanken\/stoelen\/kirkey-stoelen\/"},{"@type":"ListItem","position":5,"name":"Kirkey Full Containment Stoelen","item":"https:\/\/www.hoogstra-autosport.nl\/product-categorie\/remmen-brandstof-tanken\/stoelen\/kirkey-stoelen\/kirkey-full-containment-stoelen\/"},{"@type":"ListItem","position":6,"name":"Kirkey Intermediate Full Containment 18,5 inch"}]},{"@type":"WebSite","@id":"https:\/\/www.hoogstra-autosport.nl\/#website","url":"https:\/\/www.hoogstra-autosport.nl\/","name":"Hoogstra Autosport","description":"Performance Autosport Parts!","potentialAction":[{"@type":"SearchAction","target":{"@type":"EntryPoint","urlTemplate":"https:\/\/www.hoogstra-autosport.nl\/?s={search_term_string}"},"query-input":{"@type":"PropertyValueSpecification","valueRequired":true,"valueName":"search_term_string"}}],"inLanguage":"de"}]}},"tiered_pricing_type":"fixed","tiered_pricing_fixed_rules":[],"tiered_pricing_product_settings":{"layout":"default","base_unit_name":{"singular":null,"plural":null},"default_variation":null},"tiered_pricing_minimum_quantity":null,"tiered_pricing_roles_data":[],"tiered_pricing_percentage_rules":[],"tiered_pricing_maximum_quantity":null,"tiered_pricing_quantity_step":null,"_links":{"self":[{"href":"https:\/\/www.hoogstra-autosport.nl\/de\/wp-json\/wp\/v2\/product\/42212","targetHints":{"allow":["GET"]}}],"collection":[{"href":"https:\/\/www.hoogstra-autosport.nl\/de\/wp-json\/wp\/v2\/product"}],"about":[{"href":"https:\/\/www.hoogstra-autosport.nl\/de\/wp-json\/wp\/v2\/types\/product"}],"wp:featuredmedia":[{"embeddable":true,"href":"https:\/\/www.hoogstra-autosport.nl\/de\/wp-json\/wp\/v2\/media\/42204"}],"wp:attachment":[{"href":"https:\/\/www.hoogstra-autosport.nl\/de\/wp-json\/wp\/v2\/media?parent=42212"}],"wp:term":[{"taxonomy":"product_brand","embeddable":true,"href":"https:\/\/www.hoogstra-autosport.nl\/de\/wp-json\/wp\/v2\/product_brand?post=42212"},{"taxonomy":"product_cat","embeddable":true,"href":"https:\/\/www.hoogstra-autosport.nl\/de\/wp-json\/wp\/v2\/product_cat?post=42212"},{"taxonomy":"product_tag","embeddable":true,"href":"https:\/\/www.hoogstra-autosport.nl\/de\/wp-json\/wp\/v2\/product_tag?post=42212"}],"curies":[{"name":"wp","href":"https:\/\/api.w.org\/{rel}","templated":true}]}}